{"id":13370,"date":"2021-08-26T07:01:51","date_gmt":"2021-08-26T05:01:51","guid":{"rendered":"https:\/\/www.suresms.com\/dk\/?page_id=13370"},"modified":"2025-01-03T13:51:44","modified_gmt":"2025-01-03T13:51:44","slug":"guide","status":"publish","type":"page","link":"https:\/\/suresms.com\/dk\/integrationer\/marketing-automation\/activecampaign\/guide\/","title":{"rendered":"SMS integration til ActiveCampaign &#8211; guide"},"content":{"rendered":"\n\n\t\t\t\t<!-- Flexy Breadcrumb -->\r\n\t\t\t<div class=\"fbc fbc-page\">\r\n\r\n\t\t\t\t<!-- Breadcrumb wrapper -->\r\n\t\t\t\t<div class=\"fbc-wrap\">\r\n\r\n\t\t\t\t\t<!-- Ordered list-->\r\n\t\t\t\t\t<ol class=\"fbc-items\" itemscope itemtype=\"https:\/\/schema.org\/BreadcrumbList\">\r\n\t\t\t\t\t\t            <li itemprop=\"itemListElement\" itemscope itemtype=\"https:\/\/schema.org\/ListItem\">\r\n                <span itemprop=\"name\">\r\n                    <!-- Home Link -->\r\n                    <a itemprop=\"item\" href=\"https:\/\/suresms.com\">\r\n                    \r\n                                                    <i class=\"fa fa-home\" aria-hidden=\"true\"><\/i>Home                    <\/a>\r\n                <\/span>\r\n                <meta itemprop=\"position\" content=\"1\" \/><!-- Meta Position-->\r\n             <\/li><li><span class=\"fbc-separator\">\/<\/span><\/li><li class=\"active\" itemprop=\"itemListElement\" itemscope itemtype=\"https:\/\/schema.org\/ListItem\"><span itemprop=\"name\" title=\"SMS integration til ActiveCampaign &#8211; guide\">SMS integration til ActiveCampaign...<\/span><meta itemprop=\"position\" content=\"2\" \/><\/li>\t\t\t\t\t<\/ol>\r\n\t\t\t\t\t<div class=\"clearfix\"><\/div>\r\n\t\t\t\t<\/div>\r\n\t\t\t<\/div>\r\n\t\t\t\n\t\t\t\t<img loading=\"lazy\" decoding=\"async\" src=\"https:\/\/suresms.com\/wp-content\/uploads\/2021\/08\/Product-Image-01-1.png\" alt=\"Product Image 01\" itemprop=\"image\" height=\"286\" width=\"980\" title=\"Product Image 01\" onerror=\"this.style.display='none'\"  \/>\n\t<h1>Guide til ops\u00e6tning<\/h1>\n<h2>\n\t\tOps\u00e6tning i SureSMS\n\t<\/h2>\n\t<p>1. Opret en SureSMS konto, hvis du ikke allerede har gjort det.\u00a0<a href=\"https:\/\/www.suresms.com\/dk\">Klik her for at oprette en SMS Gateway konto.<\/a><\/p>\n<p>2. Til integrationen skal du bruge en SecretID og en Secretkey. Dem kan du hente i SureSMS.<\/p>\n<p>3. Login p\u00e5 https:\/\/app.suresms.com med dine oplysninger fra 1).<\/p>\n<p>4. I menuen v\u00e6lger du API N\u00f8gler under menuen Indstillinger (p\u00e5 engelsk API Keys under Settings)<\/p>\n<p><img loading=\"lazy\" decoding=\"async\" src=\"https:\/\/manual.suresms.com\/wp-content\/uploads\/2022\/03\/SureSMS-menu-API-Key.png\" sizes=\"auto, (max-width: 238px) 100vw, 238px\" srcset=\"https:\/\/manual.suresms.com\/wp-content\/uploads\/2022\/03\/SureSMS-menu-API-Key.png 478w, https:\/\/manual.suresms.com\/wp-content\/uploads\/2022\/03\/SureSMS-menu-API-Key-168x300.png 168w\" alt=\"SureSMS menu - API key\" width=\"238\" height=\"425\" \/><\/p>\n<p>5. V\u00e6lg nu menuen &#8220;Valg&#8221; i \u00f8verste h\u00f8jre hj\u00f8rne og herefter OAuth2 n\u00f8gle:<\/p>\n<p><img loading=\"lazy\" decoding=\"async\" src=\"https:\/\/manual.suresms.com\/wp-content\/uploads\/2022\/03\/SureSMS-menu-OAuth2-key.png\" sizes=\"auto, (max-width: 399px) 100vw, 399px\" srcset=\"https:\/\/manual.suresms.com\/wp-content\/uploads\/2022\/03\/SureSMS-menu-OAuth2-key.png 610w, https:\/\/manual.suresms.com\/wp-content\/uploads\/2022\/03\/SureSMS-menu-OAuth2-key-300x115.png 300w\" alt=\"\" width=\"399\" height=\"153\" \/><\/p>\n<p>6. Systemet foresl\u00e5r selv et ClientID og et SecretId, men du skal angive et navn. Skriv f.eks. ActiveCampaign:<\/p>\n<p><img loading=\"lazy\" decoding=\"async\" src=\"https:\/\/manual.suresms.com\/wp-content\/uploads\/2022\/03\/SureSMS-menu-OAuth2-key1-1024x682.png\" sizes=\"auto, (max-width: 437px) 100vw, 437px\" srcset=\"https:\/\/manual.suresms.com\/wp-content\/uploads\/2022\/03\/SureSMS-menu-OAuth2-key1-1024x682.png 1024w, https:\/\/manual.suresms.com\/wp-content\/uploads\/2022\/03\/SureSMS-menu-OAuth2-key1-300x200.png 300w, https:\/\/manual.suresms.com\/wp-content\/uploads\/2022\/03\/SureSMS-menu-OAuth2-key1-768x511.png 768w, https:\/\/manual.suresms.com\/wp-content\/uploads\/2022\/03\/SureSMS-menu-OAuth2-key1.png 1395w\" alt=\"\" width=\"437\" height=\"291\" \/><\/p>\n<p>7. Kopier Klient-ID og Hemmelig-id fra denne side og tryk p\u00e5 &#8220;Gem&#8221;.<\/p>\n<h2>\n\t\tOps\u00e6tning i ActiveCampaign\n\t<\/h2>\n\t<p>8. \u00c5bn ActiveCampaign, g\u00e5 til &#8220;Automation&#8221; og klik p\u00e5<\/p>\n<p><img loading=\"lazy\" decoding=\"async\" src=\"https:\/\/manual.suresms.com\/wp-content\/uploads\/2022\/03\/ActiveCampaign-automation.png\" sizes=\"auto, (max-width: 238px) 100vw, 238px\" srcset=\"https:\/\/manual.suresms.com\/wp-content\/uploads\/2022\/03\/ActiveCampaign-automation.png 332w, https:\/\/manual.suresms.com\/wp-content\/uploads\/2022\/03\/ActiveCampaign-automation-120x300.png 120w\" alt=\"\" width=\"238\" height=\"594\" \/><\/p>\n<p>og derefter p\u00e5 &#8220;Create Automation&#8221; i \u00f8verste h\u00f8jre hj\u00f8rne:<\/p>\n<p><img loading=\"lazy\" decoding=\"async\" src=\"https:\/\/manual.suresms.com\/wp-content\/uploads\/2022\/03\/ActivceCampaign-Create-Automation.png\" sizes=\"auto, (max-width: 643px) 100vw, 643px\" srcset=\"https:\/\/manual.suresms.com\/wp-content\/uploads\/2022\/03\/ActivceCampaign-Create-Automation.png 643w, https:\/\/manual.suresms.com\/wp-content\/uploads\/2022\/03\/ActivceCampaign-Create-Automation-300x94.png 300w\" alt=\"\" width=\"643\" height=\"202\" \/><\/p>\n<p>10. Klik nu p\u00e5 &#8220;Start from scratch&#8221;<\/p>\n<p><img loading=\"lazy\" decoding=\"async\" src=\"https:\/\/manual.suresms.com\/wp-content\/uploads\/2022\/03\/ActiveCampaign-start-from-scratch-1-1024x679.png\" sizes=\"auto, (max-width: 1024px) 100vw, 1024px\" srcset=\"https:\/\/manual.suresms.com\/wp-content\/uploads\/2022\/03\/ActiveCampaign-start-from-scratch-1-1024x679.png 1024w, https:\/\/manual.suresms.com\/wp-content\/uploads\/2022\/03\/ActiveCampaign-start-from-scratch-1-300x199.png 300w, https:\/\/manual.suresms.com\/wp-content\/uploads\/2022\/03\/ActiveCampaign-start-from-scratch-1-768x509.png 768w, https:\/\/manual.suresms.com\/wp-content\/uploads\/2022\/03\/ActiveCampaign-start-from-scratch-1.png 1336w\" alt=\"\" width=\"1024\" height=\"679\" \/><\/p>\n<p>11. Herefter skal du v\u00e6lge en &#8220;Trigger&#8221;<\/p>\n<p><img loading=\"lazy\" decoding=\"async\" src=\"https:\/\/manual.suresms.com\/wp-content\/uploads\/2022\/03\/ActivceCampaign-Select-trigger-1024x610.png\" sizes=\"auto, (max-width: 1024px) 100vw, 1024px\" srcset=\"https:\/\/manual.suresms.com\/wp-content\/uploads\/2022\/03\/ActivceCampaign-Select-trigger-1024x610.png 1024w, https:\/\/manual.suresms.com\/wp-content\/uploads\/2022\/03\/ActivceCampaign-Select-trigger-300x179.png 300w, https:\/\/manual.suresms.com\/wp-content\/uploads\/2022\/03\/ActivceCampaign-Select-trigger-768x457.png 768w, https:\/\/manual.suresms.com\/wp-content\/uploads\/2022\/03\/ActivceCampaign-Select-trigger.png 1172w\" alt=\"\" width=\"1024\" height=\"610\" \/><\/p>\n<p>Du kan f.eks. sende en SMS n\u00e5r en kontakt skriver sig op p\u00e5 en liste. &#8220;Subscribes to list&#8221;.<\/p>\n<p>12. I selve automationen kan du nu, i h\u00f8jre hj\u00f8rne s\u00f8ge efter SureSMS s\u00e5ledes:<\/p>\n<p><img loading=\"lazy\" decoding=\"async\" src=\"https:\/\/manual.suresms.com\/wp-content\/uploads\/2022\/03\/ActiveCampaign-select-SureSMS.png\" sizes=\"auto, (max-width: 737px) 100vw, 737px\" srcset=\"https:\/\/manual.suresms.com\/wp-content\/uploads\/2022\/03\/ActiveCampaign-select-SureSMS.png 737w, https:\/\/manual.suresms.com\/wp-content\/uploads\/2022\/03\/ActiveCampaign-select-SureSMS-268x300.png 268w\" alt=\"\" width=\"737\" height=\"825\" \/><\/p>\n<p>V\u00e6lg f.eks. &#8220;Send SMS using SureSMS&#8221;.<\/p>\n<p>13. Nu bliver du bedt om Secret ID og Secret key fra punkt 7.\u00a0<img loading=\"lazy\" decoding=\"async\" src=\"https:\/\/manual.suresms.com\/wp-content\/uploads\/2022\/03\/SureSMS-ClientIDAndClientSecret.png\" sizes=\"auto, (max-width: 855px) 100vw, 855px\" srcset=\"https:\/\/manual.suresms.com\/wp-content\/uploads\/2022\/03\/SureSMS-ClientIDAndClientSecret.png 855w, https:\/\/manual.suresms.com\/wp-content\/uploads\/2022\/03\/SureSMS-ClientIDAndClientSecret-300x290.png 300w, https:\/\/manual.suresms.com\/wp-content\/uploads\/2022\/03\/SureSMS-ClientIDAndClientSecret-768x743.png 768w\" alt=\"\" width=\"855\" height=\"827\" \/><\/p>\n<p>Inds\u00e6t v\u00e6rdierne for ClientID og Client Secret i disse to felter og klik &#8220;Connect&#8221;.<\/p>\n<p>14. Nu skal du skrive selve SMS beskeden der skal sendes.<\/p>\n<p><img loading=\"lazy\" decoding=\"async\" src=\"https:\/\/manual.suresms.com\/wp-content\/uploads\/2022\/03\/SureSMS-SendSMS-1.png\" sizes=\"auto, (max-width: 858px) 100vw, 858px\" srcset=\"https:\/\/manual.suresms.com\/wp-content\/uploads\/2022\/03\/SureSMS-SendSMS-1.png 858w, https:\/\/manual.suresms.com\/wp-content\/uploads\/2022\/03\/SureSMS-SendSMS-1-300x254.png 300w, https:\/\/manual.suresms.com\/wp-content\/uploads\/2022\/03\/SureSMS-SendSMS-1-768x651.png 768w\" alt=\"\" width=\"858\" height=\"727\" \/><\/p>\n<p>V\u00e6lg et af dine godkendte &#8220;Sender ID&#8221;&#8216;s fra listen. Det er den v\u00e6rdi vi bruger som afsender, n\u00e5r vi sender. Har du behov for en anden afsender, f.eks. firmanavn eller kampagnenavn, s\u00e5 kan du anmode om at f\u00e5 godkendt denne afsender her:\u00a0<a href=\"https:\/\/app.suresms.com\/Message\/SenderData\">https:\/\/app.suresms.com\/ (kr\u00e6ver login)<\/a><\/p>\n<p>Herefter skriver du selve SMS beskeden hvor du kan personalisere den via ActiveCampaign&#8217;s felter.<\/p>\n<p>Tryk p\u00e5 &#8220;Finish&#8221; &#8211; og du er nu f\u00e6rdig! Tillykke<\/p>\n<p>Har du sp\u00f8rgsm\u00e5l? Skriv til support@suresms.com og f\u00e5 alle svar \ud83d\ude42<\/p>\n<p>&nbsp;<\/p>\n\t<p>Se videoen der trin-for-trin guider dig igennem ops\u00e6tningen.<\/p>\n\t\t\t\t\t<video src=\"https:\/\/suresms.com\/wp-content\/uploads\/2024\/09\/Dokumentation-SMS-fra-Klaviyo-flows-1.mp4\" alt=\"hosted-video-thumbnail\"><\/video>\n\t\t\n","protected":false},"excerpt":{"rendered":"<p>Guide til ops\u00e6tning Ops\u00e6tning i SureSMS 1. Opret en SureSMS konto, hvis du ikke allerede har gjort det.\u00a0Klik her for at oprette en SMS Gateway konto. 2. Til integrationen skal du bruge en SecretID og en Secretkey. Dem kan du hente i SureSMS. 3. Login p\u00e5 https:\/\/app.suresms.com med dine oplysninger fra 1). 4. I menuen &#8230; <a title=\"SMS integration til ActiveCampaign &#8211; guide\" class=\"read-more\" href=\"https:\/\/suresms.com\/dk\/integrationer\/marketing-automation\/activecampaign\/guide\/\" aria-label=\"Read more about SMS integration til ActiveCampaign &#8211; guide\">L\u00e6s mere <\/a><\/p>\n","protected":false},"author":1,"featured_media":0,"parent":18361,"menu_order":1,"comment_status":"closed","ping_status":"closed","template":"","meta":{"_fl_builder_enabled":"1","_fl_builder_data":null,"_fl_builder_draft":null,"_fl_builder_data_settings":null,"_fl_builder_css":"","_fl_builder_css_version":"","_fl_builder_js":"","footnotes":""},"categories":[],"tags":[],"class_list":["post-13370","page","type-page","status-publish"],"yoast_head":"<!-- This site is optimized with the Yoast SEO Premium plugin v27.3 (Yoast SEO v27.3) - https:\/\/yoast.com\/product\/yoast-seo-premium-wordpress\/ -->\r\n<title>SMS integration til ActiveCampaign - guide -<\/title>\r\n<meta name=\"description\" content=\"Integrer i dag, og kom i gang med at skabe v\u00e6rdifulde automations og kampagner! En \u00e5bningsrate p\u00e5 98 % lyver ikke \u2713\" \/>\r\n<meta name=\"robots\" content=\"noindex, follow\" \/>\r\n<meta property=\"og:locale\" content=\"da_DK\" \/>\r\n<meta property=\"og:type\" content=\"article\" \/>\r\n<meta property=\"og:title\" content=\"SMS integration til ActiveCampaign - guide\" \/>\r\n<meta property=\"og:description\" content=\"Integrer i dag, og kom i gang med at skabe v\u00e6rdifulde automations og kampagner! En \u00e5bningsrate p\u00e5 98 % lyver ikke \u2713\" \/>\r\n<meta property=\"og:url\" content=\"https:\/\/suresms.com\/dk\/integrationer\/marketing-automation\/activecampaign\/guide\/\" \/>\r\n<meta property=\"article:publisher\" content=\"https:\/\/www.facebook.com\/p\/SureSMS-100044607956149\/\" \/>\r\n<meta property=\"article:modified_time\" content=\"2025-01-03T13:51:44+00:00\" \/>\r\n<meta property=\"og:image\" content=\"https:\/\/suresms.com\/wp-content\/uploads\/2021\/08\/Product-Image-01-1.png\" \/>\r\n<meta name=\"twitter:card\" content=\"summary_large_image\" \/>\r\n<meta name=\"twitter:label1\" content=\"Estimeret l\u00e6setid\" \/>\n\t<meta name=\"twitter:data1\" content=\"4 minutter\" \/>\r\n<script type=\"application\/ld+json\" class=\"yoast-schema-graph\">{\"@context\":\"https:\\\/\\\/schema.org\",\"@graph\":[{\"@type\":\"WebPage\",\"@id\":\"https:\\\/\\\/suresms.com\\\/dk\\\/integrationer\\\/marketing-automation\\\/activecampaign\\\/guide\\\/\",\"url\":\"https:\\\/\\\/suresms.com\\\/dk\\\/integrationer\\\/marketing-automation\\\/activecampaign\\\/guide\\\/\",\"name\":\"SMS integration til ActiveCampaign - guide -\",\"isPartOf\":{\"@id\":\"https:\\\/\\\/suresms.com\\\/en\\\/#website\"},\"primaryImageOfPage\":{\"@id\":\"https:\\\/\\\/suresms.com\\\/dk\\\/integrationer\\\/marketing-automation\\\/activecampaign\\\/guide\\\/#primaryimage\"},\"image\":{\"@id\":\"https:\\\/\\\/suresms.com\\\/dk\\\/integrationer\\\/marketing-automation\\\/activecampaign\\\/guide\\\/#primaryimage\"},\"thumbnailUrl\":\"https:\\\/\\\/suresms.com\\\/wp-content\\\/uploads\\\/2021\\\/08\\\/Product-Image-01-1.png\",\"datePublished\":\"2021-08-26T05:01:51+00:00\",\"dateModified\":\"2025-01-03T13:51:44+00:00\",\"description\":\"Integrer i dag, og kom i gang med at skabe v\u00e6rdifulde automations og kampagner! En \u00e5bningsrate p\u00e5 98 % lyver ikke \u2713\",\"breadcrumb\":{\"@id\":\"https:\\\/\\\/suresms.com\\\/dk\\\/integrationer\\\/marketing-automation\\\/activecampaign\\\/guide\\\/#breadcrumb\"},\"inLanguage\":\"da-DK\",\"potentialAction\":[{\"@type\":\"ReadAction\",\"target\":[\"https:\\\/\\\/suresms.com\\\/dk\\\/integrationer\\\/marketing-automation\\\/activecampaign\\\/guide\\\/\"]}]},{\"@type\":\"ImageObject\",\"inLanguage\":\"da-DK\",\"@id\":\"https:\\\/\\\/suresms.com\\\/dk\\\/integrationer\\\/marketing-automation\\\/activecampaign\\\/guide\\\/#primaryimage\",\"url\":\"https:\\\/\\\/suresms.com\\\/wp-content\\\/uploads\\\/2021\\\/08\\\/Product-Image-01-1.png\",\"contentUrl\":\"https:\\\/\\\/suresms.com\\\/wp-content\\\/uploads\\\/2021\\\/08\\\/Product-Image-01-1.png\"},{\"@type\":\"BreadcrumbList\",\"@id\":\"https:\\\/\\\/suresms.com\\\/dk\\\/integrationer\\\/marketing-automation\\\/activecampaign\\\/guide\\\/#breadcrumb\",\"itemListElement\":[{\"@type\":\"ListItem\",\"position\":1,\"name\":\"Home\",\"item\":\"https:\\\/\\\/suresms.com\\\/dk\\\/\"},{\"@type\":\"ListItem\",\"position\":2,\"name\":\"Integrationer\",\"item\":\"https:\\\/\\\/suresms.com\\\/dk\\\/integrationer\\\/\"},{\"@type\":\"ListItem\",\"position\":3,\"name\":\"SMS integration til Marketing Automation\",\"item\":\"https:\\\/\\\/suresms.com\\\/dk\\\/integrationer\\\/marketing-automation\\\/\"},{\"@type\":\"ListItem\",\"position\":4,\"name\":\"SMS integration til ActiveCampaign\",\"item\":\"https:\\\/\\\/suresms.com\\\/dk\\\/integrationer\\\/marketing-automation\\\/activecampaign\\\/\"},{\"@type\":\"ListItem\",\"position\":5,\"name\":\"SMS integration til ActiveCampaign &#8211; guide\"}]},{\"@type\":\"WebSite\",\"@id\":\"https:\\\/\\\/suresms.com\\\/en\\\/#website\",\"url\":\"https:\\\/\\\/suresms.com\\\/en\\\/\",\"name\":\"SureSMS\",\"description\":\"Professionel SMS Gateway\",\"publisher\":{\"@id\":\"https:\\\/\\\/suresms.com\\\/en\\\/#organization\"},\"potentialAction\":[{\"@type\":\"SearchAction\",\"target\":{\"@type\":\"EntryPoint\",\"urlTemplate\":\"https:\\\/\\\/suresms.com\\\/en\\\/?s={search_term_string}\"},\"query-input\":{\"@type\":\"PropertyValueSpecification\",\"valueRequired\":true,\"valueName\":\"search_term_string\"}}],\"inLanguage\":\"da-DK\"},{\"@type\":\"Organization\",\"@id\":\"https:\\\/\\\/suresms.com\\\/en\\\/#organization\",\"name\":\"SureSMS\",\"url\":\"https:\\\/\\\/suresms.com\\\/en\\\/\",\"logo\":{\"@type\":\"ImageObject\",\"inLanguage\":\"da-DK\",\"@id\":\"https:\\\/\\\/suresms.com\\\/en\\\/#\\\/schema\\\/logo\\\/image\\\/\",\"url\":\"https:\\\/\\\/suresms.com\\\/wp-content\\\/uploads\\\/2024\\\/11\\\/suresms-300x65-1.png\",\"contentUrl\":\"https:\\\/\\\/suresms.com\\\/wp-content\\\/uploads\\\/2024\\\/11\\\/suresms-300x65-1.png\",\"width\":300,\"height\":65,\"caption\":\"SureSMS\"},\"image\":{\"@id\":\"https:\\\/\\\/suresms.com\\\/en\\\/#\\\/schema\\\/logo\\\/image\\\/\"},\"sameAs\":[\"https:\\\/\\\/www.facebook.com\\\/p\\\/SureSMS-100044607956149\\\/\"]}]}<\/script>\r\n<!-- \/ Yoast SEO Premium plugin. -->","yoast_head_json":{"title":"SMS integration til ActiveCampaign - guide -","description":"Integrer i dag, og kom i gang med at skabe v\u00e6rdifulde automations og kampagner! En \u00e5bningsrate p\u00e5 98 % lyver ikke \u2713","robots":{"index":"noindex","follow":"follow"},"og_locale":"da_DK","og_type":"article","og_title":"SMS integration til ActiveCampaign - guide","og_description":"Integrer i dag, og kom i gang med at skabe v\u00e6rdifulde automations og kampagner! En \u00e5bningsrate p\u00e5 98 % lyver ikke \u2713","og_url":"https:\/\/suresms.com\/dk\/integrationer\/marketing-automation\/activecampaign\/guide\/","article_publisher":"https:\/\/www.facebook.com\/p\/SureSMS-100044607956149\/","article_modified_time":"2025-01-03T13:51:44+00:00","og_image":[{"url":"https:\/\/suresms.com\/wp-content\/uploads\/2021\/08\/Product-Image-01-1.png","type":"","width":"","height":""}],"twitter_card":"summary_large_image","twitter_misc":{"Estimeret l\u00e6setid":"4 minutter"},"schema":{"@context":"https:\/\/schema.org","@graph":[{"@type":"WebPage","@id":"https:\/\/suresms.com\/dk\/integrationer\/marketing-automation\/activecampaign\/guide\/","url":"https:\/\/suresms.com\/dk\/integrationer\/marketing-automation\/activecampaign\/guide\/","name":"SMS integration til ActiveCampaign - guide -","isPartOf":{"@id":"https:\/\/suresms.com\/en\/#website"},"primaryImageOfPage":{"@id":"https:\/\/suresms.com\/dk\/integrationer\/marketing-automation\/activecampaign\/guide\/#primaryimage"},"image":{"@id":"https:\/\/suresms.com\/dk\/integrationer\/marketing-automation\/activecampaign\/guide\/#primaryimage"},"thumbnailUrl":"https:\/\/suresms.com\/wp-content\/uploads\/2021\/08\/Product-Image-01-1.png","datePublished":"2021-08-26T05:01:51+00:00","dateModified":"2025-01-03T13:51:44+00:00","description":"Integrer i dag, og kom i gang med at skabe v\u00e6rdifulde automations og kampagner! En \u00e5bningsrate p\u00e5 98 % lyver ikke \u2713","breadcrumb":{"@id":"https:\/\/suresms.com\/dk\/integrationer\/marketing-automation\/activecampaign\/guide\/#breadcrumb"},"inLanguage":"da-DK","potentialAction":[{"@type":"ReadAction","target":["https:\/\/suresms.com\/dk\/integrationer\/marketing-automation\/activecampaign\/guide\/"]}]},{"@type":"ImageObject","inLanguage":"da-DK","@id":"https:\/\/suresms.com\/dk\/integrationer\/marketing-automation\/activecampaign\/guide\/#primaryimage","url":"https:\/\/suresms.com\/wp-content\/uploads\/2021\/08\/Product-Image-01-1.png","contentUrl":"https:\/\/suresms.com\/wp-content\/uploads\/2021\/08\/Product-Image-01-1.png"},{"@type":"BreadcrumbList","@id":"https:\/\/suresms.com\/dk\/integrationer\/marketing-automation\/activecampaign\/guide\/#breadcrumb","itemListElement":[{"@type":"ListItem","position":1,"name":"Home","item":"https:\/\/suresms.com\/dk\/"},{"@type":"ListItem","position":2,"name":"Integrationer","item":"https:\/\/suresms.com\/dk\/integrationer\/"},{"@type":"ListItem","position":3,"name":"SMS integration til Marketing Automation","item":"https:\/\/suresms.com\/dk\/integrationer\/marketing-automation\/"},{"@type":"ListItem","position":4,"name":"SMS integration til ActiveCampaign","item":"https:\/\/suresms.com\/dk\/integrationer\/marketing-automation\/activecampaign\/"},{"@type":"ListItem","position":5,"name":"SMS integration til ActiveCampaign &#8211; guide"}]},{"@type":"WebSite","@id":"https:\/\/suresms.com\/en\/#website","url":"https:\/\/suresms.com\/en\/","name":"SureSMS","description":"Professionel SMS Gateway","publisher":{"@id":"https:\/\/suresms.com\/en\/#organization"},"potentialAction":[{"@type":"SearchAction","target":{"@type":"EntryPoint","urlTemplate":"https:\/\/suresms.com\/en\/?s={search_term_string}"},"query-input":{"@type":"PropertyValueSpecification","valueRequired":true,"valueName":"search_term_string"}}],"inLanguage":"da-DK"},{"@type":"Organization","@id":"https:\/\/suresms.com\/en\/#organization","name":"SureSMS","url":"https:\/\/suresms.com\/en\/","logo":{"@type":"ImageObject","inLanguage":"da-DK","@id":"https:\/\/suresms.com\/en\/#\/schema\/logo\/image\/","url":"https:\/\/suresms.com\/wp-content\/uploads\/2024\/11\/suresms-300x65-1.png","contentUrl":"https:\/\/suresms.com\/wp-content\/uploads\/2024\/11\/suresms-300x65-1.png","width":300,"height":65,"caption":"SureSMS"},"image":{"@id":"https:\/\/suresms.com\/en\/#\/schema\/logo\/image\/"},"sameAs":["https:\/\/www.facebook.com\/p\/SureSMS-100044607956149\/"]}]}},"_links":{"self":[{"href":"https:\/\/suresms.com\/dk\/wp-json\/wp\/v2\/pages\/13370","targetHints":{"allow":["GET"]}}],"collection":[{"href":"https:\/\/suresms.com\/dk\/wp-json\/wp\/v2\/pages"}],"about":[{"href":"https:\/\/suresms.com\/dk\/wp-json\/wp\/v2\/types\/page"}],"author":[{"embeddable":true,"href":"https:\/\/suresms.com\/dk\/wp-json\/wp\/v2\/users\/1"}],"replies":[{"embeddable":true,"href":"https:\/\/suresms.com\/dk\/wp-json\/wp\/v2\/comments?post=13370"}],"version-history":[{"count":2,"href":"https:\/\/suresms.com\/dk\/wp-json\/wp\/v2\/pages\/13370\/revisions"}],"predecessor-version":[{"id":19402,"href":"https:\/\/suresms.com\/dk\/wp-json\/wp\/v2\/pages\/13370\/revisions\/19402"}],"up":[{"embeddable":true,"href":"https:\/\/suresms.com\/dk\/wp-json\/wp\/v2\/pages\/18361"}],"wp:attachment":[{"href":"https:\/\/suresms.com\/dk\/wp-json\/wp\/v2\/media?parent=13370"}],"wp:term":[{"taxonomy":"category","embeddable":true,"href":"https:\/\/suresms.com\/dk\/wp-json\/wp\/v2\/categories?post=13370"},{"taxonomy":"post_tag","embeddable":true,"href":"https:\/\/suresms.com\/dk\/wp-json\/wp\/v2\/tags?post=13370"}],"curies":[{"name":"wp","href":"https:\/\/api.w.org\/{rel}","templated":true}]}}