{"id":1070,"date":"2015-02-26T13:10:48","date_gmt":"2015-02-26T11:10:48","guid":{"rendered":"https:\/\/www.suresms.com\/dk\/?page_id=1070"},"modified":"2025-12-03T11:07:56","modified_gmt":"2025-12-03T11:07:56","slug":"selvvalgt-afsender-pa-din-besked","status":"publish","type":"page","link":"https:\/\/suresms.com\/dk\/funktioner\/selvvalgt-afsender-pa-din-besked\/","title":{"rendered":"Selvvalgt afsender p\u00e5 din besked"},"content":{"rendered":"\n\n\t\t\t\t<!-- Flexy Breadcrumb -->\r\n\t\t\t<div class=\"fbc fbc-page\">\r\n\r\n\t\t\t\t<!-- Breadcrumb wrapper -->\r\n\t\t\t\t<div class=\"fbc-wrap\">\r\n\r\n\t\t\t\t\t<!-- Ordered list-->\r\n\t\t\t\t\t<ol class=\"fbc-items\" itemscope itemtype=\"https:\/\/schema.org\/BreadcrumbList\">\r\n\t\t\t\t\t\t            <li itemprop=\"itemListElement\" itemscope itemtype=\"https:\/\/schema.org\/ListItem\">\r\n                <span itemprop=\"name\">\r\n                    <!-- Home Link -->\r\n                    <a itemprop=\"item\" href=\"https:\/\/suresms.com\">\r\n                    \r\n                                                    <i class=\"fa fa-home\" aria-hidden=\"true\"><\/i>Home                    <\/a>\r\n                <\/span>\r\n                <meta itemprop=\"position\" content=\"1\" \/><!-- Meta Position-->\r\n             <\/li><li><span class=\"fbc-separator\">\/<\/span><\/li><li class=\"active\" itemprop=\"itemListElement\" itemscope itemtype=\"https:\/\/schema.org\/ListItem\"><span itemprop=\"name\" title=\"Selvvalgt afsender p\u00e5 din besked\">Selvvalgt afsender p\u00e5 din...<\/span><meta itemprop=\"position\" content=\"2\" \/><\/li>\t\t\t\t\t<\/ol>\r\n\t\t\t\t\t<div class=\"clearfix\"><\/div>\r\n\t\t\t\t<\/div>\r\n\t\t\t<\/div>\r\n\t\t\t\n\t<h1>Selvvalgt afsender p\u00e5 din besked<\/h1>\n\t\t\t\t<img decoding=\"async\" src=\"https:\/\/suresms.com\/wp-content\/uploads\/2022\/06\/Not-allowed-senderid-1.png\" alt=\"Valgfri sender-id p\u00e5 dine beskeder\" itemprop=\"image\" height=\"388\" width=\"1400\" title=\"Not allowed senderid\" onerror=\"this.style.display='none'\" loading=\"lazy\" \/>\n\t<p>N\u00e5r du sender en besked SMS fra vores SMS gateway, kan du selv bestemme afsenderen. Det vil sige, at du har mulighed for selv at bestemme, hvem der skal st\u00e5 som afsender, n\u00e5r beskeden lander p\u00e5 modtagerens telefon. Du kan selvf\u00f8lgelig ikke v\u00e6lge SKAT, Nets eller Politi som billedet herover viser. Vi skal godkende afsenderen og hvis den ikke har relation til din virksomhed eller forening godkender vi ikke afsenderen.<\/p>\n\t\t\t\t<img decoding=\"async\" src=\"https:\/\/suresms.com\/wp-content\/uploads\/2022\/06\/All-senderids-are-manually-approved-1.png\" alt=\"All senderids are approved manually\" itemprop=\"image\" height=\"137\" width=\"1271\" title=\"All senderids are manually approved\" onerror=\"this.style.display='none'\" loading=\"lazy\" \/>\n\t<h4><strong>Alfanumerisk eller numerisk afsender<\/strong><\/h4>\n<p>Det f\u00f8rste du skal tage stilling til er, om du vil have benytte enten en alfanumerisk eller en numerisk afsender.<\/p>\n<p><strong>En alfanumerisk afsender er en kombination af bogstaver.<\/strong> Du kan f.eks. v\u00e6lge afsenderen &#8220;Klubben&#8221; eller &#8220;FashionShop&#8221;. V\u00e6lger du en alfanumerisk afsender, har modtageren ikke mulighed for at svare p\u00e5 beskeden. Derfor skal du i beskeden skrive et nummer, hvis modtageren skal kunne komme i forbindelse med dig.<\/p>\n<p>En anden mulighed er, at du v\u00e6lger en numerisk afsender.<\/p>\n<p><strong>En numerisk afsender er simpelthen et telefonnummer.<\/strong> Du kan v\u00e6lge dit eget telefonnummer eller f.eks. firmaets telefonnummer som afsender.\u00a0N\u00e5r modtageren af beskeden besvarer beskeden, vil svaret automatisk ende p\u00e5 den telefon, hvori SIM-kortet med det valgte nummer sidder.<\/p>\n<p>&nbsp;<\/p>\n\t<h4><strong>Kun lovlige afsendere<\/strong><\/h4>\n<p>Vi godkender manuelt alle afsendere inden de frigives. Det betyder at du ikke kan f\u00e5 afsender som PostNord, Nets eller POLITI. Dette g\u00f8r vi for at \u00f8ge sikkerheden generelt og tilliden til SMS specifikt.<\/p>\n<h4><strong>Fordele og ulemper<\/strong><\/h4>\n<p>Der er fordele og ulemper ved begge l\u00f8sninger. Med en alfanumerisk afsender bliver dit brand st\u00e6rkere markeret og beskeden f\u00e5r en mere personlig karakter. Hvilket nummer beskeden er sendt fra, st\u00e5r IKKE i en alfanumerisk afsender. Dette betyder, at du i SMS-beskeden skal skrive, hvordan modtageren f\u00e5r fat p\u00e5 dig, hvis du \u00f8nsker svar.<\/p>\n<p>Med en numerisk afsender, er det nemt og hurtigt at svare tilbage. At arbejdsgangen er let, g\u00f8r det mere tilg\u00e6ngeligt for modtageren at sende svaret, og dermed undg\u00e5s at en bruger har sendt dig et svar, som du IKKE modtager.<\/p>\n\t\t\t<a href=\"https:\/\/app.suresms.com\/account\/signup\" target=\"_blank\" rel=\"noopener\">\n\t\t\t\t\t\t\tOpret gratis konto\n\t\t\t\t\t<\/a>\n\t<h4><strong>Et par begr\u00e6nsninger<\/strong><\/h4>\n<p>V\u00e6lger du den alfanumeriske afsender, skal du vide, at du h\u00f8jest kan v\u00e6lge en afsender p\u00e5 11 tegn. Det er en begr\u00e6nsning i SMS protokollen, hvilket vil sige, at det g\u00e6lder for alle, der sender SMS beskeder. Det er alts\u00e5 ikke noget, som vi i SureSMS kan \u00e6ndre p\u00e5.<\/p>\n<p>V\u00e6lger du en alfanumerisk afsender, s\u00e5 er det os i Sure SMS, der \u00e6ndrer afsenderen. Det g\u00f8r vi af sikkerhedsm\u00e6ssige \u00e5rsager, for at sikre, at du ikke giver dig ud for at v\u00e6re en anden, end den du er. Dette er en sikkerhedsforanstaltning, som vi har indf\u00f8rt, efter at SMS-gateways hos kolleger i branchen er blevet misbrugt til afsendelse af beskeder med falsk afsender.<\/p>\n<p>Du kan bestille lige s\u00e5 mange forskellige alfanumeriske afsendere, som du \u00f8nsker. Det koster ikke ekstra.Det er bare os, som taster dem ind i systemet for dig.<\/p>\n<p>Vil du l\u00e6se mere om de mange andre gratis funktioner i vores gateway. <a title=\"Funktioner\" href=\"https:\/\/suresms.com\/dk\/funktioner\/\">G\u00e5 tilbage til menuen Features og Funktioner.<\/a><\/p>\n\t\t<h4>\u00d8nsker du at oprette en konto straks? <\/h4>\n\t\t<p>Vi sidder klar og gl\u00e6der os til at byde dig velkommen som kunde i SureSMS!<\/p>\n\t\t\t<a href=\"https:\/\/www.suresms.com\/dk\/opret-sms-gateway-konto\/\" target=\"_self\">\n\t\t\t\t\t\t\tOpret SureSMS konto!\n\t\t\t\t\t<\/a>\n\t\t<h4>Bestil en 2-vejs l\u00f8sning!<\/h4>\n\t\t<p>Har du allerede en konto? Bestil en 2-vejs l\u00f8sning, og f\u00e5 de ekstra muligheder, \u00a0som din egen l\u00f8sning giver.\u00a0<\/p>\n\t\t\t<a href=\"https:\/\/www.suresms.com\/dk\/bestil-2-vejs-losning\/\" target=\"_self\">\n\t\t\t\t\t\t\tBestil 2-vejs l\u00f8sning\n\t\t\t\t\t<\/a>\n\t<h4><strong>Her kan du l\u00e6se nogle eksempler p\u00e5, hvordan vores kunder i dag benytter funktionen: &#8220;Selvvalgt afsender p\u00e5 SMS&#8221;<\/strong><\/h4>\n\n<ul> \t\n<li>Flere af vores virksomheder, som repr\u00e6senterer flere brands, har \u00e9n administration, som styrer kommunikationen. N\u00e5r de senderSMS&#8217;er ud til brugere har de oprettet flere afsendere og v\u00e6lger s\u00e5 ganske enkelt det Brand, som de skriver fra i afsenderfeltet. Flere Brands men en virksomhed og ledelse.<\/li>\n\n<li>Flere af vore foreninger har forskellige medlemmer af bestyrelsen, som sender SMS&#8217;er fra vores website. I afsenderfeltet kan de nemt v\u00e6lge &#8220;kassereren, &#8220;Formanden&#8221; eller &#8220;Bestyrelsen&#8221;, afh\u00e6ngigt af, hvem beskeden er fra. Men hele flokken har det samlede overblik over foreningens beskeder.<\/li>\n\n<li>En af vore saloner v\u00e6lger sit mobilnummer eller navnet p\u00e5 salonen, som afsender, afh\u00e6ngigt af, om der sendes\u00a0beskeder eller kampagner ud til kunderne. Ved kampagner er navnet vigtigt; ved ledige tider eller andre henvendelser, skal kunderne kunne svare tilbage.<\/li>\n<\/ul>\n\t\t<h3><a href=\"http:\/\/suresms.com\/docs\" target=\"_self\">Bes\u00f8g vores Manual website<\/a><\/h3>\n\t\t\t\t<a href=\"http:\/\/suresms.com\/docs\"  target=\"_self\" itemprop=\"url\">\n\t\t\t\t<img decoding=\"async\" src=\"https:\/\/suresms.com\/wp-content\/uploads\/bb-plugin\/cache\/Manual-400x250-px1-panorama-e9e3d5dc2346ff0881cf6ebd5537712d-.jpg\" alt=\"manual hjemmeside suresms\" itemprop=\"image\" height=\"250\" width=\"400\" title=\"Manual 400x250 px\" onerror=\"this.style.display='none'\" loading=\"lazy\" \/>\n\t\t\t\t<\/a>\n<p>Som en hj\u00e6lp til vores kunder har vi samlet alle instruktioner og beskrivelser p\u00e5 suresms.com\/docs. Her kan du se, hvordan vores gateway virker og f\u00e5 enkle brugervenlige instruktioner til de mange funktioner.<\/p>\n\t\t<h3><a href=\"http:\/\/developer.suresms.com\/\" target=\"_self\">developer.suresms.com<\/a><\/h3>\n\t\t\t\t<a href=\"http:\/\/developer.suresms.com\/\"  target=\"_self\" itemprop=\"url\">\n\t\t\t\t<img decoding=\"async\" src=\"https:\/\/suresms.com\/wp-content\/uploads\/bb-plugin\/cache\/developer-400x250-px-panorama-dcae33984faa2af9c04c6a2b37f15958-.jpg\" alt=\"developer suresms hjemmeside for udviklere\" itemprop=\"image\" height=\"250\" width=\"400\" title=\"developer 400x250 px\" onerror=\"this.style.display='none'\" loading=\"lazy\" \/>\n\t\t\t\t<\/a>\nSureSMS er lavet af udviklere til udviklere!<br \/>\nP\u00e5 developer.suresms.com har vi samlet dokumentation og kodeeksempler, s\u00e5 det er nemt at\u00a0integrere vores gateway i dit system.\n\t\t<h3><a href=\"https:\/\/www.youtube.com\/channel\/UC1XGC5rl9mI9ndtBVn8yq7g\" target=\"_self\">Se vores instruktionsvideoer!<\/a><\/h3>\n\t\t\t\t<a href=\"https:\/\/www.youtube.com\/channel\/UC1XGC5rl9mI9ndtBVn8yq7g\"  target=\"_self\" itemprop=\"url\">\n\t\t\t\t<img decoding=\"async\" src=\"https:\/\/suresms.com\/wp-content\/uploads\/bb-plugin\/cache\/you-tube400x250px-panorama-60bfdf50fa411bc1f1119324993b555c-.jpg\" alt=\"suresms sms gateway you tube videoer\" itemprop=\"image\" height=\"250\" width=\"400\" title=\"you tube 400x250px\" onerror=\"this.style.display='none'\" loading=\"lazy\" \/>\n\t\t\t\t<\/a>\n<p>Skal du igang med en ny funktion? Eller har du bare brug for at vide lidt mere om, hvordan vores gateway virker? P\u00e5 Youtube har vi samlet vores instruktionsvideoer. Lige til at g\u00e5 til!<\/p>\n\n","protected":false},"excerpt":{"rendered":"<p>Selvvalgt afsender p\u00e5 din besked N\u00e5r du sender en besked SMS fra vores SMS gateway, kan du selv bestemme afsenderen. Det vil sige, at du har mulighed for selv at bestemme, hvem der skal st\u00e5 som afsender, n\u00e5r beskeden lander p\u00e5 modtagerens telefon. Du kan selvf\u00f8lgelig ikke v\u00e6lge SKAT, Nets eller Politi som billedet herover &#8230; <a title=\"Selvvalgt afsender p\u00e5 din besked\" class=\"read-more\" href=\"https:\/\/suresms.com\/dk\/funktioner\/selvvalgt-afsender-pa-din-besked\/\" aria-label=\"Read more about Selvvalgt afsender p\u00e5 din besked\">L\u00e6s mere <\/a><\/p>\n","protected":false},"author":1,"featured_media":0,"parent":958,"menu_order":7,"comment_status":"closed","ping_status":"closed","template":"","meta":{"_fl_builder_enabled":"1","_fl_builder_data":null,"_fl_builder_draft":null,"_fl_builder_data_settings":null,"_fl_builder_css":"","_fl_builder_css_version":"","_fl_builder_js":"","footnotes":""},"categories":[17],"tags":[],"class_list":{"0":"post-1070","1":"page","2":"type-page","3":"status-publish","5":"category-linkfracornorstone"},"yoast_head":"<!-- This site is optimized with the Yoast SEO Premium plugin v27.3 (Yoast SEO v27.3) - https:\/\/yoast.com\/product\/yoast-seo-premium-wordpress\/ -->\r\n<title>Send anonym SMS | Send dine beskeder fra selvvalgt afsender<\/title>\r\n<meta name=\"description\" content=\"Find fleksible sms l\u00f8sninger her. Send anonym sms, send sms til hele verden eller send sms til brugere og kunder.\" \/>\r\n<meta name=\"robots\" content=\"index, follow, max-snippet:-1, max-image-preview:large, max-video-preview:-1\" \/>\r\n<link rel=\"canonical\" href=\"https:\/\/suresms.com\/dk\/funktioner\/selvvalgt-afsender-pa-din-besked\/\" \/>\r\n<meta property=\"og:locale\" content=\"da_DK\" \/>\r\n<meta property=\"og:type\" content=\"article\" \/>\r\n<meta property=\"og:title\" content=\"Selvvalgt afsender p\u00e5 din besked\" \/>\r\n<meta property=\"og:description\" content=\"Find fleksible sms l\u00f8sninger her. Send anonym sms, send sms til hele verden eller send sms til brugere og kunder.\" \/>\r\n<meta property=\"og:url\" content=\"https:\/\/suresms.com\/dk\/funktioner\/selvvalgt-afsender-pa-din-besked\/\" \/>\r\n<meta property=\"article:publisher\" content=\"https:\/\/www.facebook.com\/p\/SureSMS-100044607956149\/\" \/>\r\n<meta property=\"article:modified_time\" content=\"2025-12-03T11:07:56+00:00\" \/>\r\n<meta property=\"og:image\" content=\"https:\/\/suresms.com\/wp-content\/uploads\/2022\/06\/Not-allowed-senderid-1.png\" \/>\r\n<meta name=\"twitter:card\" content=\"summary_large_image\" \/>\r\n<meta name=\"twitter:label1\" content=\"Estimeret l\u00e6setid\" \/>\n\t<meta name=\"twitter:data1\" content=\"6 minutter\" \/>\r\n<script type=\"application\/ld+json\" class=\"yoast-schema-graph\">{\"@context\":\"https:\\\/\\\/schema.org\",\"@graph\":[{\"@type\":\"WebPage\",\"@id\":\"https:\\\/\\\/suresms.com\\\/dk\\\/funktioner\\\/selvvalgt-afsender-pa-din-besked\\\/\",\"url\":\"https:\\\/\\\/suresms.com\\\/dk\\\/funktioner\\\/selvvalgt-afsender-pa-din-besked\\\/\",\"name\":\"Send anonym SMS | Send dine beskeder fra selvvalgt afsender\",\"isPartOf\":{\"@id\":\"https:\\\/\\\/suresms.com\\\/en\\\/#website\"},\"primaryImageOfPage\":{\"@id\":\"https:\\\/\\\/suresms.com\\\/dk\\\/funktioner\\\/selvvalgt-afsender-pa-din-besked\\\/#primaryimage\"},\"image\":{\"@id\":\"https:\\\/\\\/suresms.com\\\/dk\\\/funktioner\\\/selvvalgt-afsender-pa-din-besked\\\/#primaryimage\"},\"thumbnailUrl\":\"https:\\\/\\\/suresms.com\\\/wp-content\\\/uploads\\\/2022\\\/06\\\/Not-allowed-senderid-1.png\",\"datePublished\":\"2015-02-26T11:10:48+00:00\",\"dateModified\":\"2025-12-03T11:07:56+00:00\",\"description\":\"Find fleksible sms l\u00f8sninger her. Send anonym sms, send sms til hele verden eller send sms til brugere og kunder.\",\"breadcrumb\":{\"@id\":\"https:\\\/\\\/suresms.com\\\/dk\\\/funktioner\\\/selvvalgt-afsender-pa-din-besked\\\/#breadcrumb\"},\"inLanguage\":\"da-DK\",\"potentialAction\":[{\"@type\":\"ReadAction\",\"target\":[\"https:\\\/\\\/suresms.com\\\/dk\\\/funktioner\\\/selvvalgt-afsender-pa-din-besked\\\/\"]}]},{\"@type\":\"ImageObject\",\"inLanguage\":\"da-DK\",\"@id\":\"https:\\\/\\\/suresms.com\\\/dk\\\/funktioner\\\/selvvalgt-afsender-pa-din-besked\\\/#primaryimage\",\"url\":\"https:\\\/\\\/suresms.com\\\/wp-content\\\/uploads\\\/2022\\\/06\\\/Not-allowed-senderid-1.png\",\"contentUrl\":\"https:\\\/\\\/suresms.com\\\/wp-content\\\/uploads\\\/2022\\\/06\\\/Not-allowed-senderid-1.png\"},{\"@type\":\"BreadcrumbList\",\"@id\":\"https:\\\/\\\/suresms.com\\\/dk\\\/funktioner\\\/selvvalgt-afsender-pa-din-besked\\\/#breadcrumb\",\"itemListElement\":[{\"@type\":\"ListItem\",\"position\":1,\"name\":\"Home\",\"item\":\"https:\\\/\\\/suresms.com\\\/dk\\\/\"},{\"@type\":\"ListItem\",\"position\":2,\"name\":\"Funktioner\",\"item\":\"https:\\\/\\\/suresms.com\\\/dk\\\/funktioner\\\/\"},{\"@type\":\"ListItem\",\"position\":3,\"name\":\"Selvvalgt afsender p\u00e5 din besked\"}]},{\"@type\":\"WebSite\",\"@id\":\"https:\\\/\\\/suresms.com\\\/en\\\/#website\",\"url\":\"https:\\\/\\\/suresms.com\\\/en\\\/\",\"name\":\"SureSMS\",\"description\":\"Professionel SMS Gateway\",\"publisher\":{\"@id\":\"https:\\\/\\\/suresms.com\\\/en\\\/#organization\"},\"potentialAction\":[{\"@type\":\"SearchAction\",\"target\":{\"@type\":\"EntryPoint\",\"urlTemplate\":\"https:\\\/\\\/suresms.com\\\/en\\\/?s={search_term_string}\"},\"query-input\":{\"@type\":\"PropertyValueSpecification\",\"valueRequired\":true,\"valueName\":\"search_term_string\"}}],\"inLanguage\":\"da-DK\"},{\"@type\":\"Organization\",\"@id\":\"https:\\\/\\\/suresms.com\\\/en\\\/#organization\",\"name\":\"SureSMS\",\"url\":\"https:\\\/\\\/suresms.com\\\/en\\\/\",\"logo\":{\"@type\":\"ImageObject\",\"inLanguage\":\"da-DK\",\"@id\":\"https:\\\/\\\/suresms.com\\\/en\\\/#\\\/schema\\\/logo\\\/image\\\/\",\"url\":\"https:\\\/\\\/suresms.com\\\/wp-content\\\/uploads\\\/2024\\\/11\\\/suresms-300x65-1.png\",\"contentUrl\":\"https:\\\/\\\/suresms.com\\\/wp-content\\\/uploads\\\/2024\\\/11\\\/suresms-300x65-1.png\",\"width\":300,\"height\":65,\"caption\":\"SureSMS\"},\"image\":{\"@id\":\"https:\\\/\\\/suresms.com\\\/en\\\/#\\\/schema\\\/logo\\\/image\\\/\"},\"sameAs\":[\"https:\\\/\\\/www.facebook.com\\\/p\\\/SureSMS-100044607956149\\\/\"]}]}<\/script>\r\n<!-- \/ Yoast SEO Premium plugin. -->","yoast_head_json":{"title":"Send anonym SMS | Send dine beskeder fra selvvalgt afsender","description":"Find fleksible sms l\u00f8sninger her. Send anonym sms, send sms til hele verden eller send sms til brugere og kunder.","robots":{"index":"index","follow":"follow","max-snippet":"max-snippet:-1","max-image-preview":"max-image-preview:large","max-video-preview":"max-video-preview:-1"},"canonical":"https:\/\/suresms.com\/dk\/funktioner\/selvvalgt-afsender-pa-din-besked\/","og_locale":"da_DK","og_type":"article","og_title":"Selvvalgt afsender p\u00e5 din besked","og_description":"Find fleksible sms l\u00f8sninger her. Send anonym sms, send sms til hele verden eller send sms til brugere og kunder.","og_url":"https:\/\/suresms.com\/dk\/funktioner\/selvvalgt-afsender-pa-din-besked\/","article_publisher":"https:\/\/www.facebook.com\/p\/SureSMS-100044607956149\/","article_modified_time":"2025-12-03T11:07:56+00:00","og_image":[{"url":"https:\/\/suresms.com\/wp-content\/uploads\/2022\/06\/Not-allowed-senderid-1.png","type":"","width":"","height":""}],"twitter_card":"summary_large_image","twitter_misc":{"Estimeret l\u00e6setid":"6 minutter"},"schema":{"@context":"https:\/\/schema.org","@graph":[{"@type":"WebPage","@id":"https:\/\/suresms.com\/dk\/funktioner\/selvvalgt-afsender-pa-din-besked\/","url":"https:\/\/suresms.com\/dk\/funktioner\/selvvalgt-afsender-pa-din-besked\/","name":"Send anonym SMS | Send dine beskeder fra selvvalgt afsender","isPartOf":{"@id":"https:\/\/suresms.com\/en\/#website"},"primaryImageOfPage":{"@id":"https:\/\/suresms.com\/dk\/funktioner\/selvvalgt-afsender-pa-din-besked\/#primaryimage"},"image":{"@id":"https:\/\/suresms.com\/dk\/funktioner\/selvvalgt-afsender-pa-din-besked\/#primaryimage"},"thumbnailUrl":"https:\/\/suresms.com\/wp-content\/uploads\/2022\/06\/Not-allowed-senderid-1.png","datePublished":"2015-02-26T11:10:48+00:00","dateModified":"2025-12-03T11:07:56+00:00","description":"Find fleksible sms l\u00f8sninger her. Send anonym sms, send sms til hele verden eller send sms til brugere og kunder.","breadcrumb":{"@id":"https:\/\/suresms.com\/dk\/funktioner\/selvvalgt-afsender-pa-din-besked\/#breadcrumb"},"inLanguage":"da-DK","potentialAction":[{"@type":"ReadAction","target":["https:\/\/suresms.com\/dk\/funktioner\/selvvalgt-afsender-pa-din-besked\/"]}]},{"@type":"ImageObject","inLanguage":"da-DK","@id":"https:\/\/suresms.com\/dk\/funktioner\/selvvalgt-afsender-pa-din-besked\/#primaryimage","url":"https:\/\/suresms.com\/wp-content\/uploads\/2022\/06\/Not-allowed-senderid-1.png","contentUrl":"https:\/\/suresms.com\/wp-content\/uploads\/2022\/06\/Not-allowed-senderid-1.png"},{"@type":"BreadcrumbList","@id":"https:\/\/suresms.com\/dk\/funktioner\/selvvalgt-afsender-pa-din-besked\/#breadcrumb","itemListElement":[{"@type":"ListItem","position":1,"name":"Home","item":"https:\/\/suresms.com\/dk\/"},{"@type":"ListItem","position":2,"name":"Funktioner","item":"https:\/\/suresms.com\/dk\/funktioner\/"},{"@type":"ListItem","position":3,"name":"Selvvalgt afsender p\u00e5 din besked"}]},{"@type":"WebSite","@id":"https:\/\/suresms.com\/en\/#website","url":"https:\/\/suresms.com\/en\/","name":"SureSMS","description":"Professionel SMS Gateway","publisher":{"@id":"https:\/\/suresms.com\/en\/#organization"},"potentialAction":[{"@type":"SearchAction","target":{"@type":"EntryPoint","urlTemplate":"https:\/\/suresms.com\/en\/?s={search_term_string}"},"query-input":{"@type":"PropertyValueSpecification","valueRequired":true,"valueName":"search_term_string"}}],"inLanguage":"da-DK"},{"@type":"Organization","@id":"https:\/\/suresms.com\/en\/#organization","name":"SureSMS","url":"https:\/\/suresms.com\/en\/","logo":{"@type":"ImageObject","inLanguage":"da-DK","@id":"https:\/\/suresms.com\/en\/#\/schema\/logo\/image\/","url":"https:\/\/suresms.com\/wp-content\/uploads\/2024\/11\/suresms-300x65-1.png","contentUrl":"https:\/\/suresms.com\/wp-content\/uploads\/2024\/11\/suresms-300x65-1.png","width":300,"height":65,"caption":"SureSMS"},"image":{"@id":"https:\/\/suresms.com\/en\/#\/schema\/logo\/image\/"},"sameAs":["https:\/\/www.facebook.com\/p\/SureSMS-100044607956149\/"]}]}},"_links":{"self":[{"href":"https:\/\/suresms.com\/dk\/wp-json\/wp\/v2\/pages\/1070","targetHints":{"allow":["GET"]}}],"collection":[{"href":"https:\/\/suresms.com\/dk\/wp-json\/wp\/v2\/pages"}],"about":[{"href":"https:\/\/suresms.com\/dk\/wp-json\/wp\/v2\/types\/page"}],"author":[{"embeddable":true,"href":"https:\/\/suresms.com\/dk\/wp-json\/wp\/v2\/users\/1"}],"replies":[{"embeddable":true,"href":"https:\/\/suresms.com\/dk\/wp-json\/wp\/v2\/comments?post=1070"}],"version-history":[{"count":9,"href":"https:\/\/suresms.com\/dk\/wp-json\/wp\/v2\/pages\/1070\/revisions"}],"predecessor-version":[{"id":23569,"href":"https:\/\/suresms.com\/dk\/wp-json\/wp\/v2\/pages\/1070\/revisions\/23569"}],"up":[{"embeddable":true,"href":"https:\/\/suresms.com\/dk\/wp-json\/wp\/v2\/pages\/958"}],"wp:attachment":[{"href":"https:\/\/suresms.com\/dk\/wp-json\/wp\/v2\/media?parent=1070"}],"wp:term":[{"taxonomy":"category","embeddable":true,"href":"https:\/\/suresms.com\/dk\/wp-json\/wp\/v2\/categories?post=1070"},{"taxonomy":"post_tag","embeddable":true,"href":"https:\/\/suresms.com\/dk\/wp-json\/wp\/v2\/tags?post=1070"}],"curies":[{"name":"wp","href":"https:\/\/api.w.org\/{rel}","templated":true}]}}