{"id":958,"date":"2015-02-25T14:07:24","date_gmt":"2015-02-25T12:07:24","guid":{"rendered":"https:\/\/www.suresms.com\/dk\/?page_id=958"},"modified":"2025-11-05T08:57:43","modified_gmt":"2025-11-05T08:57:43","slug":"eigenschaften","status":"publish","type":"page","link":"https:\/\/suresms.com\/de\/funktioner\/","title":{"rendered":"Eigenschaften und Funktionen"},"content":{"rendered":"<!-- Flexy Breadcrumb -->\r\n\t\t\t<div class=\"fbc fbc-page\">\r\n\r\n\t\t\t\t<!-- Breadcrumb wrapper -->\r\n\t\t\t\t<div class=\"fbc-wrap\">\r\n\r\n\t\t\t\t\t<!-- Ordered list-->\r\n\t\t\t\t\t<ol class=\"fbc-items\" itemscope itemtype=\"https:\/\/schema.org\/BreadcrumbList\">\r\n\t\t\t\t\t\t            <li itemprop=\"itemListElement\" itemscope itemtype=\"https:\/\/schema.org\/ListItem\">\r\n                <span itemprop=\"name\">\r\n                    <!-- Home Link -->\r\n                    <a itemprop=\"item\" href=\"https:\/\/suresms.com\/de\/\">\r\n                    \r\n                                                    <i class=\"fa fa-home\" aria-hidden=\"true\"><\/i>Zuhause                    <\/a>\r\n                <\/span>\r\n                <meta itemprop=\"position\" content=\"1\" \/><!-- Meta Position-->\r\n             <\/li><li><span class=\"fbc-separator\">\/<\/span><\/li><li class=\"active\" itemprop=\"itemListElement\" itemscope itemtype=\"https:\/\/schema.org\/ListItem\"><span itemprop=\"name\" title=\"Eigenschaften und Funktionen\">Eigenschaften und Funktionen<\/span><meta itemprop=\"position\" content=\"2\" \/><\/li>\t\t\t\t\t<\/ol>\r\n\t\t\t\t\t<div class=\"clearfix\"><\/div>\r\n\t\t\t\t<\/div>\r\n\t\t\t<\/div>\r\n\t\t\t\n\t<h1>Eigenschaften und Funktionen<\/h1>\n<p>Unser SMS-System hat viele n\u00fctzliche Funktionen. Unterschiedliche Funktionen werden von unterschiedlichen Kundentypen genutzt. Vielleicht suchst du nach einer der Funktionen, die wir unten aufgelistet haben. Klicke auf die Funktion, um mehr zu erfahren. Du kannst auch unsere <a href=\"https:\/\/suresms.com\/de\/filialentladungen\/\">Branchenf\u00fchrer<\/a>, um zu sehen, wie verschiedene Branchen unsere L\u00f6sung nutzen.<\/p>\n\t\t<h3><a href=\"https:\/\/suresms.com\/de\/eigenschaften\/sms-vom-pc-aus-senden\/\"  target=\"_self\">\t\n\tSMS vom PC aus senden<\/a><\/h3><p>Die Grundfunktion unseres SMS-Gateways ist, dass du von deinem PC aus eine SMS schreiben und sie genauso wie eine E-Mail versenden kannst. Die ganz grundlegende Funktion.<\/p>\n\t\t<h3><a href=\"https:\/\/suresms.com\/de\/eigenschaften\/sms-vorlagen\/\"  target=\"_self\">\t\n\tSMS-Vorlagen<\/a><\/h3><p>Wenn du viele identische oder fast identische Nachrichten verschickst, dann sind Vorlagen genau das Richtige f\u00fcr dich. Du kannst so viele Vorlagen erstellen, wie du willst. Mit Seriendruckfeldern kannst du deine Vorlagen personalisieren.<\/p>\n\t\t<h3><a href=\"https:\/\/suresms.com\/de\/eigenschaften\/selbstgewahlter-absender-deiner-nachricht\/\"  target=\"_self\">\t\n\tSelbst gew\u00e4hlte Absender-ID<\/a><\/h3><p>W\u00e4hle aus, was der Absender deiner Nachricht sein soll. Es k\u00f6nnte zum Beispiel Coca-Cola sein. Kann verwendet werden, um dein Unternehmen oder deine Organisation bekannt zu machen. Auf die Nachrichten kann nicht geantwortet werden.<\/p>\n\t\t<h3><a href=\"https:\/\/suresms.com\/de\/eigenschaften\/sms-merge-nachrichten-fur-gruppen\/\"  target=\"_self\">\t\n\tOption Zopf<\/a><\/h3><p>F\u00fcgt Informationen aus dem Adressbuch in die Nachrichten ein. Normalerweise wird der Name zusammengef\u00fchrt, aber alle Informationen k\u00f6nnen zusammengef\u00fchrt werden. Zum Beispiel f\u00fcgen Mechaniker das Automodell in die Nachrichten ein.<\/p>\n\t\t<h3><a href=\"https:\/\/suresms.com\/de\/eigenschaften\/sms-gruppe\/\"  target=\"_self\">\t\n\tGruppen-SMS<\/a><\/h3><p>Du kannst in SureSMS alle Gruppen erstellen, die du m\u00f6chtest. Du kannst alle Kontakte hinzuf\u00fcgen, die du willst. Das Versenden einer Gruppen-SMS k\u00f6nnte nicht einfacher sein. Es ist mit nur wenigen Klicks erledigt.<\/p>\n\t\t<h3><a href=\"https:\/\/suresms.com\/de\/eigenschaften\/sms-zu-sms-funktion\/\"  target=\"_self\">\t\n\tSMS-2-SMS<\/a><\/h3><p>Mit unserer 2-Wege-SMS-L\u00f6sung kannst du eine SMS versenden, die dann an eine andere Nummer oder an eine ganze Gruppe gesendet wird.<\/p>\n\t\t<h3><a href=\"https:\/\/suresms.com\/de\/eigenschaften\/empfange-textnachrichten-auf-deinem-computer\/\"  target=\"_self\">\t\n\tSMS empfangen<\/a><\/h3><p>Mit 2-Wege-SMS kannst du SMS online empfangen. Schaffe einen Dialog mit deinen Kunden oder Mitarbeitern. Erhalte Auftr\u00e4ge per SMS. Weit verbreitet bei Zeitarbeitsfirmen. Erhalte SMS in deinem E-Mail-Posteingang.<\/p>\n\t\t<h3><a href=\"https:\/\/suresms.com\/de\/eigenschaften\/zeitgesteuerte-textnachrichten-senden\/\"  target=\"_self\">\t\n\tVersand einplanen<\/a><\/h3><p>Stelle sicher, dass du deine Zielgruppe zum richtigen Zeitpunkt erreichst. Du kannst im Voraus planen und trotzdem zu deinem Wunschtermin versenden.<\/p>\n\t\t<h3><a href=\"https:\/\/suresms.com\/de\/eigenschaften\/email2sms-der-einfache-weg\/\"  target=\"_self\">\t\n\tE-Mail-2-SMS<\/a><\/h3><p>Ganz gleich, welches E-Mail-System du benutzt, du kannst unsere E-Mail-2-SMS-Funktion nutzen. Du schickst eine E-Mail an SureSMS und wir leiten sie als SMS weiter.<\/p>\n\t\t<h3><a href=\"https:\/\/suresms.com\/de\/eigenschaften\/vollstandige-protokollierung-und-uberwachung\/\"  target=\"_self\">\t\n\tSMS-Postausgang<\/a><\/h3><p>Vollst\u00e4ndige \u00dcbersicht \u00fcber alle gesendeten und empfangenen SMS-Nachrichten. Sieh dir die Threads mit jedem Empf\u00e4nger an. Welche Nachrichten wurden zugestellt und wann? Alle Listen k\u00f6nnen nach Excel\/CSV exportiert werden.<\/p>\n\t\t<h3>\t\n\tDateien anh\u00e4ngen<\/h3><p>Das Besondere an unserer Plattform ist, dass du Dateien anh\u00e4ngen kannst. Das k\u00f6nnen Videos, PDF-Dateien oder Bilder sein.<\/p>\n\t\t<h3><a href=\"https:\/\/suresms.com\/de\/eigenschaften\/sms-link-3\/\"  target=\"_self\">\t\n\tMarken-URL<\/a><\/h3><p>Verwende deinen eigenen Domainnamen in den Links, die du in deine Nachrichten einf\u00fcgst. 39% h\u00f6here Klickraten und vertrauensw\u00fcrdigere Nachrichten sind nur einige der Vorteile.<\/p>\n\t\t<h3><a href=\"https:\/\/suresms.com\/de\/eigenschaften\/sms-link\/\"  target=\"_self\">\t\n\tSMS Link<\/a><\/h3><p>F\u00fcge Links, Bilder oder Videos in deine Nachrichten ein. Sieh dir Statistiken dar\u00fcber an, wie viele Leute das Video angeschaut haben. Wer auf den Link geklickt hat. Z.B. f\u00fcr den Versand von aktuellen Preislisten oder Sonderangeboten.<\/p>\n\t\t<h3>\t\n\tBerichte<\/h3><p>Verschaffe dir einen vollst\u00e4ndigen \u00dcberblick dar\u00fcber, wie viel du wann verschickt hast. In den Berichten siehst du auch die Verkaufszahlen von Shopify.<\/p>\n\t\t<h3><a href=\"https:\/\/suresms.com\/de\/eigenschaften\/internationale-sms\/\"  target=\"_self\">\t\n\tSMS an die ganze Welt<\/a><\/h3><p>Verbindungen zu mehr als 1900 Betreibern auf der ganzen Welt stellen sicher, dass wir deine Nachricht zustellen. In den nordischen L\u00e4ndern und Nordeuropa sind wir besonders gut vertreten.<\/p>\n\t\t<h3><a href=\"https:\/\/suresms.com\/de\/eigenschaften\/web-anmeldeformular\/\"  target=\"_self\">\t\n\tEinfache Anmeldelisten<\/a><\/h3><p>Binde das Anmeldeformular auf deiner Website, \u00fcber QR-Codes oder durch das Versenden einer SMS ein. Mach es deinen Empf\u00e4ngern leicht, sich in deine Listen einzutragen und wertvolle Informationen zu erhalten.<\/p>\n\t\t<h3><a href=\"https:\/\/suresms.com\/de\/eigenschaften\/protokollierung-von-textnachrichten\/\"  target=\"_self\">\t\n\tProtokollierung von SMS<\/a><\/h3><p>Mit unserer 2-Wege-SMS-L\u00f6sung kannst du eine SMS versenden, die dann an eine andere Nummer oder an eine ganze Gruppe gesendet wird.<\/p>\n\t\t<h3>SMS senden<\/h3>\n\t\t\t\t<img decoding=\"async\" src=\"https:\/\/suresms.com\/wp-content\/uploads\/2015\/02\/sky-250x100pix.jpg\" alt=\"SMS Gateway sms online versenden\" itemprop=\"image\" height=\"100\" width=\"250\" title=\"Himmel-250x100pix\" onerror=\"this.style.display='none'\" loading=\"lazy\" \/>\n<ul>\n<li>\n<ul>\n<li><a title=\"SMS online versenden\" href=\"https:\/\/suresms.com\/de\/eigenschaften\/sms-vom-pc-aus-senden\/\">SMS \u00fcber unser Webportal senden<\/a><\/li>\n<\/ul>\n<\/li>\n<\/ul>\n<ul>\n<li>\n<ul>\n<li><a title=\"Internationale SMS-L\u00f6sung\" href=\"https:\/\/suresms.com\/de\/eigenschaften\/internationale-sms\/\">SMS an die ganze Welt<\/a><\/li>\n<\/ul>\n<\/li>\n<\/ul>\n<ul>\n<li>\n<ul>\n<li><a title=\"Selbstgew\u00e4hlter Absender deiner Nachricht\" href=\"https:\/\/suresms.com\/de\/eigenschaften\/selbstgewahlter-absender-deiner-nachricht\/\">Selbst gew\u00e4hlter Absender f\u00fcr deine SMS-Nachrichten<\/a><\/li>\n<\/ul>\n<\/li>\n<\/ul>\n<ul>\n<li>\n<ul>\n<li><a title=\"SMS-Vorlagen\" href=\"https:\/\/suresms.com\/de\/eigenschaften\/sms-vorlagen\/\">SMS-Vorlagen<\/a><\/li>\n<\/ul>\n<\/li>\n<\/ul>\n<ul>\n<li>\n<ul>\n<li><a title=\"Zeitgesteuerte SMS-Nachrichten senden\" href=\"https:\/\/suresms.com\/de\/eigenschaften\/zeitgesteuerte-textnachrichten-senden\/\">Zeitgesteuerte SMS-Nachrichten<\/a><\/li>\n<\/ul>\n<\/li>\n<\/ul>\n<ul>\n<li>\n<ul>\n<li><a title=\"email2sms - die einfache L\u00f6sung\" href=\"https:\/\/suresms.com\/de\/eigenschaften\/email2sms-der-einfache-weg\/\">E-Mail 2 SMS<\/a><\/li>\n<\/ul>\n<\/li>\n<\/ul>\n<ul>\n<li>\n<ul>\n<li><a href=\"https:\/\/suresms.com\/de\/integrationen\/mail_und_kalender\/sms-outlook-addin\/\">SMS aus Outlook senden<\/a><\/li>\n<\/ul>\n<\/li>\n<\/ul>\n<ul>\n\n<\/ul>\n<p>&nbsp;<\/p>\n\t\t<h3>GRUPPEN-SMS<\/h3>\n\t\t\t\t<img decoding=\"async\" src=\"https:\/\/suresms.com\/wp-content\/uploads\/2015\/02\/GruppeSMS-250x100-pix.jpg\" alt=\"SMS Gateway Funktionen Gruppen-SMS\" itemprop=\"image\" height=\"100\" width=\"250\" title=\"GroupSMS 250x100 pix\" onerror=\"this.style.display='none'\" loading=\"lazy\" \/>\n<ul>\n<li>\n<ul>\n<li><a title=\"GroupSMS: Erstellen und Versenden an Gruppen\" href=\"https:\/\/suresms.com\/de\/eigenschaften\/sms-gruppe\/\">Gruppen-SMS erstellen und versenden<\/a><\/li>\n<\/ul>\n<\/li>\n<\/ul>\n<ul>\n<li>\n<ul>\n<li><a title=\"Kontakte importieren\" href=\"https:\/\/suresms.com\/de\/docs\/docs-10\/docs-18\/\">Kontakte importieren<\/a><\/li>\n<\/ul>\n<\/li>\n<\/ul>\n<ul>\n<li>\n<ul>\n<li><a title=\"Unbegrenzte Kontakte und Gruppen\" href=\"https:\/\/suresms.com\/de\/docs\/docs-10\/docs-17\/\">Unbegrenzte Anzahl von Empf\u00e4ngern \/ Gruppen<\/a><\/li>\n<\/ul>\n<\/li>\n<\/ul>\n<ul>\n<li>\n<ul>\n<li><a title=\"SMS-Zusammenf\u00fchrung von Nachrichten an Gruppen\" href=\"https:\/\/suresms.com\/de\/sms-merge-nachrichten-fur-gruppen\/\">Empf\u00e4ngernamen in Gruppen-SMS einf\u00fcgen<\/a><\/li>\n<\/ul>\n<\/li>\n<\/ul>\n<ul>\n<li>\n<ul>\n<li><a title=\"WEB-Anmeldeformulare\" href=\"https:\/\/suresms.com\/de\/web-anmeldeformular\/\">Listen \u00fcber WEB abonnieren \/ abbestellen<\/a><\/li>\n<\/ul>\n<\/li>\n<\/ul>\n<ul>\n<li>\n<ul>\n<li><a title=\"Listen per SMS abonnieren\/abbestellen\" href=\"https:\/\/suresms.com\/de\/web-anmeldeformular\/\">Listen per SMS abonnieren\/abbestellen<\/a><\/li>\n<\/ul>\n<\/li>\n<\/ul>\n\t\t<h3>F\u00dcR ENTWICKLER<\/h3>\n\t\t\t\t<img decoding=\"async\" src=\"https:\/\/suresms.com\/wp-content\/uploads\/2015\/02\/Udviklere-250x100-pix.jpg\" alt=\"SMS-Funktionen Entwickler-API\" itemprop=\"image\" height=\"100\" width=\"250\" title=\"Entwickler 250x100 pix\" onerror=\"this.style.display='none'\" loading=\"lazy\" \/>\n<ul>\n<li>\n<ul>\n<li><a title=\"SMS API f\u00fcr Entwickler\" href=\"https:\/\/developer.suresms.com\">API\u00a0<\/a><\/li>\n<\/ul>\n<\/li>\n<\/ul>\n<ul>\n<li>\n<ul>\n<li><a title=\"Funktionen 2-Wege-SMS\" href=\"https:\/\/suresms.com\/de\/eigenschaften\/empfange-textnachrichten-auf-deinem-computer\/\">2-Wege-Inbound-SMS<\/a><\/li>\n<\/ul>\n<\/li>\n<\/ul>\n<ul>\n<li>\n<ul>\n<li><a title=\"2-Wege-SMS mit Hosted SIM\" href=\"https:\/\/suresms.com\/de\/2-wege-sms-entladung-mit-hosted-sim\/\">\u00dcber Hosted SIM<\/a><\/li>\n<\/ul>\n<\/li>\n<\/ul>\n<ul>\n<li>\n<ul>\n<li><a title=\"SMS zu SMS Funktion\" href=\"https:\/\/suresms.com\/de\/sms-zu-sms-funktion\/\">SMS zu SMS<\/a><\/li>\n<\/ul>\n<\/li>\n<\/ul>\n<ul>\n<li>\n<ul>\n<li><a title=\"SMS-Integrationen\" href=\"https:\/\/suresms.com\/de\/integrationen\/\">Integrationen<\/a><\/li>\n<\/ul>\n<\/li>\n<\/ul>\n<ul>\n<li>\n<ul>\n<li><a href=\"http:\/\/developer.suresms.com\/\">Dokumentation<\/a><\/li>\n<\/ul>\n<\/li>\n<\/ul>\n<p>&nbsp;<\/p>\n\t\t<h3>SICHERHEIT<\/h3>\n\t\t\t\t<img decoding=\"async\" src=\"https:\/\/suresms.com\/wp-content\/uploads\/2015\/02\/Sikkerhed-250x100-pix.jpg\" alt=\"SMS Gateway zur Sicherheit\" itemprop=\"image\" height=\"100\" width=\"250\" title=\"Sicherheit 250x100 pix\" onerror=\"this.style.display='none'\" loading=\"lazy\" \/>\n<ul>\n<li>\n<ul>\n<li><a title=\"Sicherheit und Schutz\" href=\"https:\/\/suresms.com\/de\/sicherheit\/\">Sicherheit und Schutz<\/a><\/li>\n<\/ul>\n<\/li>\n<\/ul>\n<ul>\n<li>\n<ul>\n<li><a title=\"Vollst\u00e4ndiges Protokoll und \u00dcberwachung\" href=\"https:\/\/suresms.com\/de\/vollstandige-protokollierung-und-uberwachung\/\">Vollst\u00e4ndiges Protokoll und \u00dcberwachung<\/a><\/li>\n<\/ul>\n<\/li>\n<\/ul>\n<ul>\n<li>\n<ul>\n<li><a title=\"\u00dcberwachung\" href=\"https:\/\/suresms.com\/de\/uberwachung\/\">\u00dcberwachung<\/a><\/li>\n<\/ul>\n<\/li>\n<\/ul>\n<ul>\n<li>\n<ul>\n<li><a href=\"https:\/\/suresms.com\/de\/eigenschaften\/protokollierung-von-textnachrichten\/\">Journalisieren<\/a><\/li>\n<\/ul>\n<\/li>\n<\/ul>\n<ul>\n<li>\n<ul>\n<li><a href=\"https:\/\/suresms.com\/de\/eigenschaften\/internationale-sms-2\/\">CPR-\u00d6ffnung<\/a><\/li>\n<\/ul>\n<\/li>\n<\/ul>\n<ul>\n<li>\n<ul>\n<li><a title=\"24\/7 E-Mail- und Telefon-Support\" href=\"https:\/\/suresms.com\/de\/suresms-unterstutzung\/\">Unterst\u00fctzung per E-Mail und Telefon<\/a><\/li>\n<\/ul>\n<\/li>\n<\/ul>\n<p>&nbsp;<\/p>\n\t\t<h3>Hast du Zweifel an etwas?<\/h3>\n\t\t<p>Du kannst jederzeit unsere Online-Hilfe nutzen oder unsere Chat\/Hotline auf unserer Website anschreiben. Wir beantworten gerne deine Fragen und helfen dir, loszulegen.<\/p>\n\t\t\t<a href=\"https:\/\/suresms.com\/de\/kontakt\/\" target=\"_self\">\n\t\t\t\t\t\t\tSiehe Kontaktinformationen\n\t\t\t\t\t<\/a>\n<h3><b>Heute nutzen unsere Kunden uns f\u00fcr:<\/b><\/h3>\n<ul>\n<li>SMS-Erinnerungen<\/li>\n<li>Einmaliges Passwort<\/li>\n<li>Verkehrs\u00fcberwachung<\/li>\n<li>Kundenclubs und Nachrichten-SMS<\/li>\n<li>Mobile Marketing<\/li>\n<li>Abstimmen<\/li>\n<li>Wettbewerbe\u00a0<\/li>\n<\/ul>\n\t\t\t\t<img decoding=\"async\" src=\"https:\/\/suresms.com\/wp-content\/uploads\/2024\/09\/Glen100x118.png\" alt=\"Glen100x118\" itemprop=\"image\" title=\"Glen100x118\" onerror=\"this.style.display='none'\" loading=\"lazy\" \/>\n\t\t\t<a href=\"https:\/\/calendly.com\/gm--nzwp\/30min\" target=\"_self\">\n\t\t\t\t\t\t\tDemo buchen\n\t\t\t\t\t<\/a>\n\t<p>mit Glen<\/p>","protected":false},"excerpt":{"rendered":"<p>Merkmale und Funktionen Unser SMS-System hat viele n\u00fctzliche Funktionen. Verschiedene Funktionen werden von unterschiedlichen Kundentypen genutzt. Vielleicht bist du auf der Suche nach einer der Funktionen, die wir unten aufgef\u00fchrt haben. Klicke auf die Funktion, um mehr zu erfahren. Du kannst auch unseren Branchenf\u00fchrer besuchen, um zu sehen, wie verschiedene Branchen unsere L\u00f6sung nutzen. Senden ... <a title=\"Eigenschaften und Funktionen\" class=\"read-more\" href=\"https:\/\/suresms.com\/de\/funktioner\/\" aria-label=\"Mehr Informationen \u00fcber Funktioner\">Mehr lesen<\/a><\/p>","protected":false},"author":1,"featured_media":0,"parent":0,"menu_order":3,"comment_status":"closed","ping_status":"closed","template":"","meta":{"_fl_builder_enabled":"1","_fl_builder_data":null,"_fl_builder_draft":null,"_fl_builder_data_settings":null,"_fl_builder_css":"","_fl_builder_css_version":"","_fl_builder_js":"","footnotes":""},"categories":[],"tags":[],"class_list":["post-958","page","type-page","status-publish"],"yoast_head":"<!-- This site is optimized with the Yoast SEO Premium plugin v27.3 (Yoast SEO v27.3) - https:\/\/yoast.com\/product\/yoast-seo-premium-wordpress\/ -->\r\n<title>Funktioner i vores online SMS platform<\/title>\r\n<meta name=\"description\" content=\"Her kan du se mange af de funktioner vi tilbyder i vores SMS platform. Lister, grupper, adressebog, keywords, tovejs sms og meget mere...\" \/>\r\n<meta name=\"robots\" content=\"index, follow, max-snippet:-1, max-image-preview:large, max-video-preview:-1\" \/>\r\n<link rel=\"canonical\" href=\"https:\/\/suresms.com\/de\/eigenschaften\/\" \/>\r\n<meta property=\"og:locale\" content=\"de_DE\" \/>\r\n<meta property=\"og:type\" content=\"article\" \/>\r\n<meta property=\"og:title\" content=\"Fleksibele SMS l\u00f8sninger til udviklere og virksomheder\" \/>\r\n<meta property=\"og:description\" content=\"Se de mange funktioner og features, som f\u00f8lger med vores SureSMS L\u00f8sning. Find inspiration til , hvordan du let kan bruge SMS&#039;er til kkommunikation med alle typer brugere og systemer.\" \/>\r\n<meta property=\"og:url\" content=\"https:\/\/suresms.com\/de\/eigenschaften\/\" \/>\r\n<meta property=\"article:publisher\" content=\"https:\/\/www.facebook.com\/p\/SureSMS-100044607956149\/\" \/>\r\n<meta property=\"article:modified_time\" content=\"2025-11-05T08:57:43+00:00\" \/>\r\n<meta property=\"og:image\" content=\"https:\/\/suresms.com\/wp-content\/uploads\/2016\/06\/SMS-til-butikker.jpg\" \/>\r\n\t<meta property=\"og:image:width\" content=\"400\" \/>\r\n\t<meta property=\"og:image:height\" content=\"266\" \/>\r\n\t<meta property=\"og:image:type\" content=\"image\/jpeg\" \/>\r\n<meta name=\"twitter:card\" content=\"summary_large_image\" \/>\r\n<meta name=\"twitter:title\" content=\"Funktioner\" \/>\r\n<meta name=\"twitter:label1\" content=\"Gesch\u00e4tzte Lesezeit\" \/>\n\t<meta name=\"twitter:data1\" content=\"10\u00a0Minuten\" \/>\r\n<script type=\"application\/ld+json\" class=\"yoast-schema-graph\">{\"@context\":\"https:\\\/\\\/schema.org\",\"@graph\":[{\"@type\":\"WebPage\",\"@id\":\"https:\\\/\\\/suresms.com\\\/dk\\\/funktioner\\\/\",\"url\":\"https:\\\/\\\/suresms.com\\\/dk\\\/funktioner\\\/\",\"name\":\"Funktioner i vores online SMS platform\",\"isPartOf\":{\"@id\":\"https:\\\/\\\/suresms.com\\\/en\\\/#website\"},\"primaryImageOfPage\":{\"@id\":\"https:\\\/\\\/suresms.com\\\/dk\\\/funktioner\\\/#primaryimage\"},\"image\":{\"@id\":\"https:\\\/\\\/suresms.com\\\/dk\\\/funktioner\\\/#primaryimage\"},\"thumbnailUrl\":\"https:\\\/\\\/suresms.com\\\/wp-content\\\/uploads\\\/2015\\\/02\\\/sky-250x100pix.jpg\",\"datePublished\":\"2015-02-25T12:07:24+00:00\",\"dateModified\":\"2025-11-05T08:57:43+00:00\",\"description\":\"Her kan du se mange af de funktioner vi tilbyder i vores SMS platform. Lister, grupper, adressebog, keywords, tovejs sms og meget mere...\",\"breadcrumb\":{\"@id\":\"https:\\\/\\\/suresms.com\\\/dk\\\/funktioner\\\/#breadcrumb\"},\"inLanguage\":\"de\",\"potentialAction\":[{\"@type\":\"ReadAction\",\"target\":[\"https:\\\/\\\/suresms.com\\\/dk\\\/funktioner\\\/\"]}]},{\"@type\":\"ImageObject\",\"inLanguage\":\"de\",\"@id\":\"https:\\\/\\\/suresms.com\\\/dk\\\/funktioner\\\/#primaryimage\",\"url\":\"https:\\\/\\\/suresms.com\\\/wp-content\\\/uploads\\\/2015\\\/02\\\/sky-250x100pix.jpg\",\"contentUrl\":\"https:\\\/\\\/suresms.com\\\/wp-content\\\/uploads\\\/2015\\\/02\\\/sky-250x100pix.jpg\"},{\"@type\":\"BreadcrumbList\",\"@id\":\"https:\\\/\\\/suresms.com\\\/dk\\\/funktioner\\\/#breadcrumb\",\"itemListElement\":[{\"@type\":\"ListItem\",\"position\":1,\"name\":\"Home\",\"item\":\"https:\\\/\\\/suresms.com\\\/dk\\\/\"},{\"@type\":\"ListItem\",\"position\":2,\"name\":\"Funktioner\"}]},{\"@type\":\"WebSite\",\"@id\":\"https:\\\/\\\/suresms.com\\\/en\\\/#website\",\"url\":\"https:\\\/\\\/suresms.com\\\/en\\\/\",\"name\":\"SureSMS\",\"description\":\"Professionel SMS Gateway\",\"publisher\":{\"@id\":\"https:\\\/\\\/suresms.com\\\/en\\\/#organization\"},\"potentialAction\":[{\"@type\":\"SearchAction\",\"target\":{\"@type\":\"EntryPoint\",\"urlTemplate\":\"https:\\\/\\\/suresms.com\\\/en\\\/?s={search_term_string}\"},\"query-input\":{\"@type\":\"PropertyValueSpecification\",\"valueRequired\":true,\"valueName\":\"search_term_string\"}}],\"inLanguage\":\"de\"},{\"@type\":\"Organization\",\"@id\":\"https:\\\/\\\/suresms.com\\\/en\\\/#organization\",\"name\":\"SureSMS\",\"url\":\"https:\\\/\\\/suresms.com\\\/en\\\/\",\"logo\":{\"@type\":\"ImageObject\",\"inLanguage\":\"de\",\"@id\":\"https:\\\/\\\/suresms.com\\\/en\\\/#\\\/schema\\\/logo\\\/image\\\/\",\"url\":\"https:\\\/\\\/suresms.com\\\/wp-content\\\/uploads\\\/2024\\\/11\\\/suresms-300x65-1.png\",\"contentUrl\":\"https:\\\/\\\/suresms.com\\\/wp-content\\\/uploads\\\/2024\\\/11\\\/suresms-300x65-1.png\",\"width\":300,\"height\":65,\"caption\":\"SureSMS\"},\"image\":{\"@id\":\"https:\\\/\\\/suresms.com\\\/en\\\/#\\\/schema\\\/logo\\\/image\\\/\"},\"sameAs\":[\"https:\\\/\\\/www.facebook.com\\\/p\\\/SureSMS-100044607956149\\\/\"]}]}<\/script>\r\n<!-- \/ Yoast SEO Premium plugin. -->","yoast_head_json":{"title":"Merkmale unserer Online-SMS-Plattform","description":"Hier kannst du viele der Funktionen sehen, die wir in unserer SMS-Plattform anbieten. Listen, Gruppen, Adressbuch, Schl\u00fcsselw\u00f6rter, Zwei-Wege-SMS und vieles mehr...","robots":{"index":"index","follow":"follow","max-snippet":"max-snippet:-1","max-image-preview":"max-image-preview:large","max-video-preview":"max-video-preview:-1"},"canonical":"https:\/\/suresms.com\/de\/eigenschaften\/","og_locale":"de_DE","og_type":"article","og_title":"Fleksibele SMS l\u00f8sninger til udviklere og virksomheder","og_description":"Se de mange funktioner og features, som f\u00f8lger med vores SureSMS L\u00f8sning. Find inspiration til , hvordan du let kan bruge SMS'er til kkommunikation med alle typer brugere og systemer.","og_url":"https:\/\/suresms.com\/de\/eigenschaften\/","article_publisher":"https:\/\/www.facebook.com\/p\/SureSMS-100044607956149\/","article_modified_time":"2025-11-05T08:57:43+00:00","og_image":[{"width":400,"height":266,"url":"https:\/\/suresms.com\/wp-content\/uploads\/2016\/06\/SMS-til-butikker.jpg","type":"image\/jpeg"}],"twitter_card":"summary_large_image","twitter_title":"Funktioner","twitter_misc":{"Gesch\u00e4tzte Lesezeit":"10\u00a0Minuten"},"schema":{"@context":"https:\/\/schema.org","@graph":[{"@type":"WebPage","@id":"https:\/\/suresms.com\/dk\/funktioner\/","url":"https:\/\/suresms.com\/dk\/funktioner\/","name":"Merkmale unserer Online-SMS-Plattform","isPartOf":{"@id":"https:\/\/suresms.com\/en\/#website"},"primaryImageOfPage":{"@id":"https:\/\/suresms.com\/dk\/funktioner\/#primaryimage"},"image":{"@id":"https:\/\/suresms.com\/dk\/funktioner\/#primaryimage"},"thumbnailUrl":"https:\/\/suresms.com\/wp-content\/uploads\/2015\/02\/sky-250x100pix.jpg","datePublished":"2015-02-25T12:07:24+00:00","dateModified":"2025-11-05T08:57:43+00:00","description":"Hier kannst du viele der Funktionen sehen, die wir in unserer SMS-Plattform anbieten. Listen, Gruppen, Adressbuch, Schl\u00fcsselw\u00f6rter, Zwei-Wege-SMS und vieles mehr...","breadcrumb":{"@id":"https:\/\/suresms.com\/dk\/funktioner\/#breadcrumb"},"inLanguage":"de","potentialAction":[{"@type":"ReadAction","target":["https:\/\/suresms.com\/dk\/funktioner\/"]}]},{"@type":"ImageObject","inLanguage":"de","@id":"https:\/\/suresms.com\/dk\/funktioner\/#primaryimage","url":"https:\/\/suresms.com\/wp-content\/uploads\/2015\/02\/sky-250x100pix.jpg","contentUrl":"https:\/\/suresms.com\/wp-content\/uploads\/2015\/02\/sky-250x100pix.jpg"},{"@type":"BreadcrumbList","@id":"https:\/\/suresms.com\/dk\/funktioner\/#breadcrumb","itemListElement":[{"@type":"ListItem","position":1,"name":"Home","item":"https:\/\/suresms.com\/dk\/"},{"@type":"ListItem","position":2,"name":"Funktioner"}]},{"@type":"WebSite","@id":"https:\/\/suresms.com\/en\/#website","url":"https:\/\/suresms.com\/en\/","name":"SureSMS","description":"Professioneller SMS-Gateway","publisher":{"@id":"https:\/\/suresms.com\/en\/#organization"},"potentialAction":[{"@type":"SearchAction","target":{"@type":"EntryPoint","urlTemplate":"https:\/\/suresms.com\/en\/?s={search_term_string}"},"query-input":{"@type":"PropertyValueSpecification","valueRequired":true,"valueName":"search_term_string"}}],"inLanguage":"de"},{"@type":"Organization","@id":"https:\/\/suresms.com\/en\/#organization","name":"SureSMS","url":"https:\/\/suresms.com\/en\/","logo":{"@type":"ImageObject","inLanguage":"de","@id":"https:\/\/suresms.com\/en\/#\/schema\/logo\/image\/","url":"https:\/\/suresms.com\/wp-content\/uploads\/2024\/11\/suresms-300x65-1.png","contentUrl":"https:\/\/suresms.com\/wp-content\/uploads\/2024\/11\/suresms-300x65-1.png","width":300,"height":65,"caption":"SureSMS"},"image":{"@id":"https:\/\/suresms.com\/en\/#\/schema\/logo\/image\/"},"sameAs":["https:\/\/www.facebook.com\/p\/SureSMS-100044607956149\/"]}]}},"_links":{"self":[{"href":"https:\/\/suresms.com\/de\/wp-json\/wp\/v2\/pages\/958","targetHints":{"allow":["GET"]}}],"collection":[{"href":"https:\/\/suresms.com\/de\/wp-json\/wp\/v2\/pages"}],"about":[{"href":"https:\/\/suresms.com\/de\/wp-json\/wp\/v2\/types\/page"}],"author":[{"embeddable":true,"href":"https:\/\/suresms.com\/de\/wp-json\/wp\/v2\/users\/1"}],"replies":[{"embeddable":true,"href":"https:\/\/suresms.com\/de\/wp-json\/wp\/v2\/comments?post=958"}],"version-history":[{"count":35,"href":"https:\/\/suresms.com\/de\/wp-json\/wp\/v2\/pages\/958\/revisions"}],"predecessor-version":[{"id":23524,"href":"https:\/\/suresms.com\/de\/wp-json\/wp\/v2\/pages\/958\/revisions\/23524"}],"wp:attachment":[{"href":"https:\/\/suresms.com\/de\/wp-json\/wp\/v2\/media?parent=958"}],"wp:term":[{"taxonomy":"category","embeddable":true,"href":"https:\/\/suresms.com\/de\/wp-json\/wp\/v2\/categories?post=958"},{"taxonomy":"post_tag","embeddable":true,"href":"https:\/\/suresms.com\/de\/wp-json\/wp\/v2\/tags?post=958"}],"curies":[{"name":"wp","href":"https:\/\/api.w.org\/{rel}","templated":true}]}}