{"id":903,"date":"2015-02-10T15:43:06","date_gmt":"2015-02-10T13:43:06","guid":{"rendered":"https:\/\/www.suresms.com\/dk\/?page_id=903"},"modified":"2025-01-05T00:15:18","modified_gmt":"2025-01-05T00:15:18","slug":"sms-fur-unternehmen","status":"publish","type":"page","link":"https:\/\/suresms.com\/de\/branchelosninger\/sms-til-forretninger\/","title":{"rendered":"SMS an Gesch\u00e4fte und L\u00e4den"},"content":{"rendered":"<!-- Flexy Breadcrumb -->\r\n\t\t\t<div class=\"fbc fbc-page\">\r\n\r\n\t\t\t\t<!-- Breadcrumb wrapper -->\r\n\t\t\t\t<div class=\"fbc-wrap\">\r\n\r\n\t\t\t\t\t<!-- Ordered list-->\r\n\t\t\t\t\t<ol class=\"fbc-items\" itemscope itemtype=\"https:\/\/schema.org\/BreadcrumbList\">\r\n\t\t\t\t\t\t            <li itemprop=\"itemListElement\" itemscope itemtype=\"https:\/\/schema.org\/ListItem\">\r\n                <span itemprop=\"name\">\r\n                    <!-- Home Link -->\r\n                    <a itemprop=\"item\" href=\"https:\/\/suresms.com\/de\/\">\r\n                    \r\n                                                    <i class=\"fa fa-home\" aria-hidden=\"true\"><\/i>Zuhause                    <\/a>\r\n                <\/span>\r\n                <meta itemprop=\"position\" content=\"1\" \/><!-- Meta Position-->\r\n             <\/li><li><span class=\"fbc-separator\">\/<\/span><\/li><li class=\"active\" itemprop=\"itemListElement\" itemscope itemtype=\"https:\/\/schema.org\/ListItem\"><span itemprop=\"name\" title=\"SMS an Gesch\u00e4fte und L\u00e4den\">SMS an Unternehmen und...<\/span><meta itemprop=\"position\" content=\"2\" \/><\/li>\t\t\t\t\t<\/ol>\r\n\t\t\t\t\t<div class=\"clearfix\"><\/div>\r\n\t\t\t\t<\/div>\r\n\t\t\t<\/div>\r\n\t\t\t\n<h1>\n\t\tSMS an Unternehmen\n\t<\/h1>\n<p>&nbsp;<\/p>\n<p>&nbsp;<\/p>\n<p><strong>Bist du eine B\u00e4ckerei, ein Juwelier, ein Fahrradladen oder etwas ganz anderes? Wir haben die SMS for Business L\u00f6sung. Viele unserer Kunden sind Gesch\u00e4fte oder Einzelhandelsketten, die Nachrichten an ihre Kunden senden. Unsere L\u00e4den nutzen uns, um verschiedene Aufgaben zu l\u00f6sen: Sie verschicken Angebote und Neuigkeiten, melden sich f\u00fcr Kundenclubs an oder informieren \u00fcber zur\u00fcckgegebene Waren oder Reparaturen.<\/strong><\/p>\n<p>&nbsp;<\/p>\n<p><strong>Vorteile:<\/strong><\/p>\n<ul>\n<li>\n<ul>\n<li><strong>Sende Terminerinnerungen an Kunden und vermeide unn\u00f6tige Stornierungen.<\/strong><\/li>\n<\/ul>\n<\/li>\n<\/ul>\n<p>&nbsp;<\/p>\n<ul>\n<li>\n<ul>\n<li><strong>Versende viele Nachrichten schnell von unserem Online-Webportal mit Group SMS.<\/strong><\/li>\n<\/ul>\n<\/li>\n<\/ul>\n<p>&nbsp;<\/p>\n<ul>\n<li>\n<ul>\n<li><strong>Versende Gruppen-SMS mit der Funktion \"Name zusammenf\u00fchren\" und personalisiere deine Nachrichten.<\/strong><\/li>\n<\/ul>\n<\/li>\n<\/ul>\n<p>&nbsp;<\/p>\n<ul>\n<li>\n<ul>\n<li><strong>Versende Newsletter und Angebote per SMS und generiere mehr Umsatz<\/strong><\/li>\n<\/ul>\n<\/li>\n<\/ul>\n<p>&nbsp;<\/p>\n<ul>\n<li>\n<ul>\n<li><strong>Schaffe eine 2-Wege-L\u00f6sung und interagiere mit deinen Kunden per SMS - vom PC, Tablet oder Handy. Einfacher Zugang zum System f\u00fcr mehrere Nutzer.<\/strong><\/li>\n<\/ul>\n<\/li>\n<\/ul>\n<p>&nbsp;<\/p>\n<p>&nbsp;<\/p>\n<h3>Integriere SureSMS in dein eigenes System<\/h3>\n<p>Viele Kunden haben unsere L\u00f6sung in ihr POS-System (Point-of-Sale) integriert. Das bedeutet, dass das System selbst SMS-Nachrichten an den Kunden sendet, zum Beispiel an Geburtstagen, wenn ein Termin bevorsteht oder um eine Dienstleistung zu bewerten. Andere nutzen unser System ohne Integration und f\u00fcgen selbst geplante SMS-Nachrichten hinzu. Unsere SMS-L\u00f6sung bietet dir viele M\u00f6glichkeiten f\u00fcr Marketing, Kommunikation oder einfach guten Kundenkontakt<\/p>\n<h3>Gruppenfunktionen<\/h3>\nVon unserem Webportal aus kannst du <a title=\"GroupSMS: Erstellen und Versenden an Gruppen\" href=\"https:\/\/suresms.com\/de\/sms-gruppe\/\">Gruppen von Beg\u00fcnstigten<\/a>. Das k\u00f6nnen alle deine Kunden sein, Kunden in einer bestimmten Postleitzahl oder Kunden, die etwas Bestimmtes bei dir gekauft haben.<br \/>\nWenn du die Kunden deiner Kunden in einer Tabellenkalkulation hast, kannst du sie in unser System einlesen und deine Benutzer schnell und ohne unn\u00f6tige Tipparbeit anlegen.\n<h3>Name des Absenders<\/h3>\n<p>Du kannst entscheiden, wer der Absender der Nachricht sein soll. M\u00f6gliche Absender sind deine gesch\u00e4ftliche Telefonnummer oder dein Firmenname. Die einzige Einschr\u00e4nkung - die von den Telekommunikationsunternehmen festgelegt wird - ist, dass die Absenderkennung maximal 11 Zeichen lang sein darf.<\/p>\n<h3>Dialog mit Kunden \u00fcber 2-Wege-L\u00f6sung<\/h3>\n<p>Mit einer 2-Wege-L\u00f6sung k\u00f6nnen deine Kunden auf deine Nachrichten antworten und du hast die M\u00f6glichkeit, einen Dialog mit deinen Kunden zu f\u00fchren. Zum Beispiel \u00fcber ein fehlendes Ersatzteil, ein Reparaturangebot, einen zur\u00fcckgegebenen Artikel usw. Von hier aus kannst du auch Benutzerumfragen an Kunden verschicken und Kunden k\u00f6nnen sich \u00fcber sogenannte KEYWORDS f\u00fcr Veranstaltungen oder Abonnements anmelden.<\/p>\n<h3>Wie man sich anmeldet<\/h3>\n<p>Mit unserem <a title=\"2-Wege-SMS, empfange SMS auf deinem Computer\" href=\"https:\/\/suresms.com\/de\/eigenschaften\/empfange-textnachrichten-auf-deinem-computer\/\">2-Wege-SMS-L\u00f6sung <\/a>Kunden k\u00f6nnen sich selbst f\u00fcr deine Gruppen\/Listen anmelden. Wir bieten auch eine Version an, bei der du ein iPad in deinem Laden aufstellst, damit sich die Kunden selbst anmelden k\u00f6nnen. Eine dritte M\u00f6glichkeit ist, einen kleinen Code auf deiner Website einzubauen, damit sich die Kunden von dort aus anmelden k\u00f6nnen.<\/p>\n<h3>Sofort loslegen<\/h3>\n<p>Ob ein System das Richtige f\u00fcr dich ist und ob es sein Geld wert ist, will gut \u00fcberlegt sein. Aber du kannst jetzt loslegen und sehen, wie es funktioniert, ohne Kosten oder Verpflichtungen.<\/p>\n<p>F\u00fclle unseren Link f\u00fcr ein kostenloses Testkonto auf dieser Seite aus und erhalte 50 kostenlose SMS. Dann kannst du unser SMS-Gateway ausgiebig testen, bevor du eine Entscheidung triffst.<\/p>\n<p>Wenn du dich daf\u00fcr entscheidest, Kunde bei uns zu werden, fallen immer nur die Kosten pro versendeter SMS an. Wir haben kein Abonnement f\u00fcr unser SMS-Gateway. Eine 2-Wege-L\u00f6sung kostet jedoch ein monatliches Abonnement.\u00a0<a title=\"Preise f\u00fcr SMS-Gateways\" href=\"https:\/\/suresms.com\/de\/sms-gateway-preise\/\">Mehr \u00fcber Preise und Produkte erf\u00e4hrst du hier.<\/a><\/p>\n<p>&nbsp;<\/p>\n\t\t\t<p><a href=\"https:\/\/suresms.com\/wp-content\/uploads\/2015\/02\/norriq-logo-20x120-px.jpg\"><img loading=\"lazy\" decoding=\"async\" src=\"https:\/\/suresms.com\/wp-content\/uploads\/2015\/02\/norriq-logo-20x120-px.jpg\" alt=\"norriq Logo 20x120 px\" width=\"200\" height=\"96\" \/><\/a><\/p>\n<p><em>\"Wir haben SureSMS f\u00fcr mehrere unserer Kunden genutzt. SureSMS ist in unser Kassen- und Finanzsystem integriert, sodass die Nachrichten automatisch an die Kunden unserer Kunden gesendet werden, wenn die Bestellung abgeschlossen ist.<\/em><\/p>\n<p><em>SureSMS hat neuen Kunden immer schnell geholfen, den Dienst zum Laufen zu bringen. Wenn sie erst einmal am Laufen sind, sprechen wir nicht mehr mit ihnen, weil es nie Probleme gibt.<\/em><\/p>\n<p><em>Einige unserer Kunden senden an ausl\u00e4ndische Nummern und auch das ist kein Problem.\"<\/em><\/p>\n<p><strong>S\u00f8ren Christensen,\u00a0<\/strong><strong>Norriq<\/strong><\/p>\n\t\t<h4>Ein kostenloses Testkonto erstellen<\/h4>\n\t\t<p>Es dauert nur 5 Minuten. Legen Sie sofort los und erhalten Sie <strong>100 kostenlose SMS-Nachrichten<\/strong> ohne Bedingungen zu stellen.<\/p>\n\t\t\t<a href=\"https:\/\/suresms.com\/de\/kostenloses-sms-testkonto\/\" target=\"_self\">\n\t\t\t\t\t\t\tProbekonto erstellen\n\t\t\t\t\t<\/a>\n\t\t<h4>Bestelle eine 2-Wege-L\u00f6sung!<\/h4>\n\t\t<p>Du hast bereits ein Konto? Bestelle eine 2-Wege-L\u00f6sung und erhalte die zus\u00e4tzlichen Optionen, die deine eigene L\u00f6sung bietet.<\/p>\n\t\t\t<a href=\"https:\/\/suresms.com\/de\/2-wege-entladung-bestellen\/\" target=\"_self\">\n\t\t\t\t\t\t\t2-Wege-L\u00f6sung bestellen\n\t\t\t\t\t<\/a>\n\t<p>&gt; Zur\u00fcck zu <a href=\"https:\/\/suresms.com\/de\/filialentladungen\/\">L\u00f6sungen f\u00fcr die Industrie<\/a><\/p>\n\t\t\t\t<a href=\"https:\/\/suresms.com\/de\/sms-outlook-add\/\" target=\"_self\" itemprop=\"url\">\n\t\t\t\t<img loading=\"lazy\" decoding=\"async\" src=\"https:\/\/suresms.com\/wp-content\/uploads\/2016\/02\/facebook-Outlook-plugin-version-1.4-snippet-1.jpg\" alt=\"facebook Outlook Plugin Version 1.4 Snippet\" itemprop=\"image\" height=\"630\" width=\"1200\" title=\"facebook Outlook Plugin Version 1.4 Snippet\" onerror=\"this.style.display='none'\"  \/>\n\t\t\t\t<\/a>\n\t\t<h3><a href=\"https:\/\/suresms.com\/de\/sms-outlook-add\/\" target=\"_self\">Outlook SMS Plugin Version 2.10<\/a><\/h3>Unser SMS Add-in wurde speziell f\u00fcr Outlook entwickelt. Mit einer schnellen Installation unseres Plug-ins erh\u00e4ltst du einen in dein Outlook-Men\u00fc integrierten SMS- und Gruppen-SMS-Versender mit Zugriff auf deine Outlook-Kontakte. Du hast die VOLLST\u00c4NDIGE DOKUMENTATION, da alle Nachrichten automatisch gespeichert werden. Einfache Integration in andere Systeme.<br \/>\nMehrere neue Optionen f\u00fcr die Auswahl der Absender-ID. Verwende deinen Firmennamen oder w\u00e4hle deine Handynummer und erhalte Antworten direkt auf dein Handy. Solltest du Antworten in Outlook erhalten? Kontaktiere uns f\u00fcr eine <a href=\"https:\/\/suresms.com\/de\/eigenschaften\/empfange-textnachrichten-auf-deinem-computer\/\">2-Wege-L\u00f6sung<\/a>.\n<p>&nbsp;<\/p>\n\n\t\t\t<a href=\"https:\/\/suresms.com\/de\/sms-outlook-add\/\" target=\"_self\">\n\t\t\t\t\t\t\tMehr \u00fcber unser SMS Outlook Add-in\n\t\t\t\t\t<\/a>","protected":false},"excerpt":{"rendered":"<p>SMS f\u00fcr Unternehmen Hast du eine B\u00e4ckerei, einen Juwelier, ein Fahrradgesch\u00e4ft oder etwas ganz anderes? Wir haben die L\u00f6sung f\u00fcr SMS f\u00fcr Unternehmen. Viele unserer Kunden sind Gesch\u00e4fte oder Einzelhandelsketten, die Nachrichten an ihre Kunden senden. Die L\u00e4den nutzen uns, um verschiedene Aufgaben zu l\u00f6sen: Angebote und Neuigkeiten verschicken, sich f\u00fcr neue Kunden anmelden, ... <a title=\"SMS an Gesch\u00e4fte und L\u00e4den\" class=\"read-more\" href=\"https:\/\/suresms.com\/de\/branchelosninger\/sms-til-forretninger\/\" aria-label=\"Mehr Informationen \u00fcber SMS an Gesch\u00e4fte und L\u00e4den\">Mehr lesen<\/a><\/p>","protected":false},"author":1,"featured_media":0,"parent":1654,"menu_order":3,"comment_status":"closed","ping_status":"closed","template":"","meta":{"_fl_builder_enabled":"1","_fl_builder_data":null,"_fl_builder_draft":null,"_fl_builder_data_settings":null,"_fl_builder_css":"","_fl_builder_css_version":"","_fl_builder_js":"","footnotes":""},"categories":[],"tags":[],"class_list":["post-903","page","type-page","status-publish"],"yoast_head":"<!-- This site is optimized with the Yoast SEO Premium plugin v27.3 (Yoast SEO v27.3) - https:\/\/yoast.com\/product\/yoast-seo-premium-wordpress\/ -->\r\n<title>SMS til forretninger. F\u00e5 en SMS l\u00f8sning til lige netop din forretning<\/title>\r\n<meta name=\"description\" content=\"S\u00e5dan f\u00e5r du online SMS til din forretning. L\u00e6s hvad du kan med en SMS gateway. Send p\u00e5mindelser &amp; personlige beskeder til kunder. Opret gratis Konto.\" \/>\r\n<meta name=\"robots\" content=\"index, follow, max-snippet:-1, max-image-preview:large, max-video-preview:-1\" \/>\r\n<link rel=\"canonical\" href=\"https:\/\/suresms.com\/de\/filialentladungen\/sms-fur-unternehmen\/\" \/>\r\n<meta property=\"og:locale\" content=\"de_DE\" \/>\r\n<meta property=\"og:type\" content=\"article\" \/>\r\n<meta property=\"og:title\" content=\"SMS til forretninger og butikker\" \/>\r\n<meta property=\"og:description\" content=\"S\u00e5dan f\u00e5r du online SMS til din forretning. L\u00e6s hvad du kan med en SMS gateway. Send p\u00e5mindelser &amp; personlige beskeder til kunder. Opret gratis Konto.\" \/>\r\n<meta property=\"og:url\" content=\"https:\/\/suresms.com\/de\/filialentladungen\/sms-fur-unternehmen\/\" \/>\r\n<meta property=\"article:publisher\" content=\"https:\/\/www.facebook.com\/p\/SureSMS-100044607956149\/\" \/>\r\n<meta property=\"article:modified_time\" content=\"2025-01-05T00:15:18+00:00\" \/>\r\n<meta property=\"og:image\" content=\"https:\/\/suresms.com\/wp-content\/uploads\/2015\/02\/sms-til-butikker-snippet.jpg\" \/>\r\n\t<meta property=\"og:image:width\" content=\"400\" \/>\r\n\t<meta property=\"og:image:height\" content=\"267\" \/>\r\n\t<meta property=\"og:image:type\" content=\"image\/jpeg\" \/>\r\n<meta name=\"twitter:card\" content=\"summary_large_image\" \/>\r\n<meta name=\"twitter:label1\" content=\"Gesch\u00e4tzte Lesezeit\" \/>\n\t<meta name=\"twitter:data1\" content=\"4\u00a0Minuten\" \/>\r\n<script type=\"application\/ld+json\" class=\"yoast-schema-graph\">{\"@context\":\"https:\\\/\\\/schema.org\",\"@graph\":[{\"@type\":\"WebPage\",\"@id\":\"https:\\\/\\\/suresms.com\\\/dk\\\/branchelosninger\\\/sms-til-forretninger\\\/\",\"url\":\"https:\\\/\\\/suresms.com\\\/dk\\\/branchelosninger\\\/sms-til-forretninger\\\/\",\"name\":\"SMS til forretninger. F\u00e5 en SMS l\u00f8sning til lige netop din forretning\",\"isPartOf\":{\"@id\":\"https:\\\/\\\/suresms.com\\\/en\\\/#website\"},\"primaryImageOfPage\":{\"@id\":\"https:\\\/\\\/suresms.com\\\/dk\\\/branchelosninger\\\/sms-til-forretninger\\\/#primaryimage\"},\"image\":{\"@id\":\"https:\\\/\\\/suresms.com\\\/dk\\\/branchelosninger\\\/sms-til-forretninger\\\/#primaryimage\"},\"thumbnailUrl\":\"https:\\\/\\\/suresms.com\\\/wp-content\\\/uploads\\\/2015\\\/02\\\/norriq-logo-20x120-px.jpg\",\"datePublished\":\"2015-02-10T13:43:06+00:00\",\"dateModified\":\"2025-01-05T00:15:18+00:00\",\"description\":\"S\u00e5dan f\u00e5r du online SMS til din forretning. L\u00e6s hvad du kan med en SMS gateway. Send p\u00e5mindelser & personlige beskeder til kunder. Opret gratis Konto.\",\"breadcrumb\":{\"@id\":\"https:\\\/\\\/suresms.com\\\/dk\\\/branchelosninger\\\/sms-til-forretninger\\\/#breadcrumb\"},\"inLanguage\":\"de\",\"potentialAction\":[{\"@type\":\"ReadAction\",\"target\":[\"https:\\\/\\\/suresms.com\\\/dk\\\/branchelosninger\\\/sms-til-forretninger\\\/\"]}]},{\"@type\":\"ImageObject\",\"inLanguage\":\"de\",\"@id\":\"https:\\\/\\\/suresms.com\\\/dk\\\/branchelosninger\\\/sms-til-forretninger\\\/#primaryimage\",\"url\":\"https:\\\/\\\/suresms.com\\\/wp-content\\\/uploads\\\/2015\\\/02\\\/norriq-logo-20x120-px.jpg\",\"contentUrl\":\"https:\\\/\\\/suresms.com\\\/wp-content\\\/uploads\\\/2015\\\/02\\\/norriq-logo-20x120-px.jpg\"},{\"@type\":\"BreadcrumbList\",\"@id\":\"https:\\\/\\\/suresms.com\\\/dk\\\/branchelosninger\\\/sms-til-forretninger\\\/#breadcrumb\",\"itemListElement\":[{\"@type\":\"ListItem\",\"position\":1,\"name\":\"Home\",\"item\":\"https:\\\/\\\/suresms.com\\\/dk\\\/\"},{\"@type\":\"ListItem\",\"position\":2,\"name\":\"Branchel\u00f8sninger\",\"item\":\"https:\\\/\\\/suresms.com\\\/dk\\\/branchelosninger\\\/\"},{\"@type\":\"ListItem\",\"position\":3,\"name\":\"SMS til forretninger og butikker\"}]},{\"@type\":\"WebSite\",\"@id\":\"https:\\\/\\\/suresms.com\\\/en\\\/#website\",\"url\":\"https:\\\/\\\/suresms.com\\\/en\\\/\",\"name\":\"SureSMS\",\"description\":\"Professionel SMS Gateway\",\"publisher\":{\"@id\":\"https:\\\/\\\/suresms.com\\\/en\\\/#organization\"},\"potentialAction\":[{\"@type\":\"SearchAction\",\"target\":{\"@type\":\"EntryPoint\",\"urlTemplate\":\"https:\\\/\\\/suresms.com\\\/en\\\/?s={search_term_string}\"},\"query-input\":{\"@type\":\"PropertyValueSpecification\",\"valueRequired\":true,\"valueName\":\"search_term_string\"}}],\"inLanguage\":\"de\"},{\"@type\":\"Organization\",\"@id\":\"https:\\\/\\\/suresms.com\\\/en\\\/#organization\",\"name\":\"SureSMS\",\"url\":\"https:\\\/\\\/suresms.com\\\/en\\\/\",\"logo\":{\"@type\":\"ImageObject\",\"inLanguage\":\"de\",\"@id\":\"https:\\\/\\\/suresms.com\\\/en\\\/#\\\/schema\\\/logo\\\/image\\\/\",\"url\":\"https:\\\/\\\/suresms.com\\\/wp-content\\\/uploads\\\/2024\\\/11\\\/suresms-300x65-1.png\",\"contentUrl\":\"https:\\\/\\\/suresms.com\\\/wp-content\\\/uploads\\\/2024\\\/11\\\/suresms-300x65-1.png\",\"width\":300,\"height\":65,\"caption\":\"SureSMS\"},\"image\":{\"@id\":\"https:\\\/\\\/suresms.com\\\/en\\\/#\\\/schema\\\/logo\\\/image\\\/\"},\"sameAs\":[\"https:\\\/\\\/www.facebook.com\\\/p\\\/SureSMS-100044607956149\\\/\"]}]}<\/script>\r\n<!-- \/ Yoast SEO Premium plugin. -->","yoast_head_json":{"title":"SMS f\u00fcr Unternehmen. Hol dir eine SMS-L\u00f6sung f\u00fcr dein Unternehmen","description":"Wie du Online-SMS f\u00fcr dein Unternehmen nutzen kannst. Lies, was du mit einem SMS-Gateway machen kannst. Sende Erinnerungen und personalisierte Nachrichten an Kunden. Erstelle ein kostenloses Konto.","robots":{"index":"index","follow":"follow","max-snippet":"max-snippet:-1","max-image-preview":"max-image-preview:large","max-video-preview":"max-video-preview:-1"},"canonical":"https:\/\/suresms.com\/de\/filialentladungen\/sms-fur-unternehmen\/","og_locale":"de_DE","og_type":"article","og_title":"SMS til forretninger og butikker","og_description":"S\u00e5dan f\u00e5r du online SMS til din forretning. L\u00e6s hvad du kan med en SMS gateway. Send p\u00e5mindelser & personlige beskeder til kunder. Opret gratis Konto.","og_url":"https:\/\/suresms.com\/de\/filialentladungen\/sms-fur-unternehmen\/","article_publisher":"https:\/\/www.facebook.com\/p\/SureSMS-100044607956149\/","article_modified_time":"2025-01-05T00:15:18+00:00","og_image":[{"width":400,"height":267,"url":"https:\/\/suresms.com\/wp-content\/uploads\/2015\/02\/sms-til-butikker-snippet.jpg","type":"image\/jpeg"}],"twitter_card":"summary_large_image","twitter_misc":{"Gesch\u00e4tzte Lesezeit":"4\u00a0Minuten"},"schema":{"@context":"https:\/\/schema.org","@graph":[{"@type":"WebPage","@id":"https:\/\/suresms.com\/dk\/branchelosninger\/sms-til-forretninger\/","url":"https:\/\/suresms.com\/dk\/branchelosninger\/sms-til-forretninger\/","name":"SMS f\u00fcr Unternehmen. Hol dir eine SMS-L\u00f6sung f\u00fcr dein Unternehmen","isPartOf":{"@id":"https:\/\/suresms.com\/en\/#website"},"primaryImageOfPage":{"@id":"https:\/\/suresms.com\/dk\/branchelosninger\/sms-til-forretninger\/#primaryimage"},"image":{"@id":"https:\/\/suresms.com\/dk\/branchelosninger\/sms-til-forretninger\/#primaryimage"},"thumbnailUrl":"https:\/\/suresms.com\/wp-content\/uploads\/2015\/02\/norriq-logo-20x120-px.jpg","datePublished":"2015-02-10T13:43:06+00:00","dateModified":"2025-01-05T00:15:18+00:00","description":"Wie du Online-SMS f\u00fcr dein Unternehmen nutzen kannst. Lies, was du mit einem SMS-Gateway machen kannst. Sende Erinnerungen und personalisierte Nachrichten an Kunden. Erstelle ein kostenloses Konto.","breadcrumb":{"@id":"https:\/\/suresms.com\/dk\/branchelosninger\/sms-til-forretninger\/#breadcrumb"},"inLanguage":"de","potentialAction":[{"@type":"ReadAction","target":["https:\/\/suresms.com\/dk\/branchelosninger\/sms-til-forretninger\/"]}]},{"@type":"ImageObject","inLanguage":"de","@id":"https:\/\/suresms.com\/dk\/branchelosninger\/sms-til-forretninger\/#primaryimage","url":"https:\/\/suresms.com\/wp-content\/uploads\/2015\/02\/norriq-logo-20x120-px.jpg","contentUrl":"https:\/\/suresms.com\/wp-content\/uploads\/2015\/02\/norriq-logo-20x120-px.jpg"},{"@type":"BreadcrumbList","@id":"https:\/\/suresms.com\/dk\/branchelosninger\/sms-til-forretninger\/#breadcrumb","itemListElement":[{"@type":"ListItem","position":1,"name":"Home","item":"https:\/\/suresms.com\/dk\/"},{"@type":"ListItem","position":2,"name":"Branchel\u00f8sninger","item":"https:\/\/suresms.com\/dk\/branchelosninger\/"},{"@type":"ListItem","position":3,"name":"SMS til forretninger og butikker"}]},{"@type":"WebSite","@id":"https:\/\/suresms.com\/en\/#website","url":"https:\/\/suresms.com\/en\/","name":"SureSMS","description":"Professioneller SMS-Gateway","publisher":{"@id":"https:\/\/suresms.com\/en\/#organization"},"potentialAction":[{"@type":"SearchAction","target":{"@type":"EntryPoint","urlTemplate":"https:\/\/suresms.com\/en\/?s={search_term_string}"},"query-input":{"@type":"PropertyValueSpecification","valueRequired":true,"valueName":"search_term_string"}}],"inLanguage":"de"},{"@type":"Organization","@id":"https:\/\/suresms.com\/en\/#organization","name":"SureSMS","url":"https:\/\/suresms.com\/en\/","logo":{"@type":"ImageObject","inLanguage":"de","@id":"https:\/\/suresms.com\/en\/#\/schema\/logo\/image\/","url":"https:\/\/suresms.com\/wp-content\/uploads\/2024\/11\/suresms-300x65-1.png","contentUrl":"https:\/\/suresms.com\/wp-content\/uploads\/2024\/11\/suresms-300x65-1.png","width":300,"height":65,"caption":"SureSMS"},"image":{"@id":"https:\/\/suresms.com\/en\/#\/schema\/logo\/image\/"},"sameAs":["https:\/\/www.facebook.com\/p\/SureSMS-100044607956149\/"]}]}},"_links":{"self":[{"href":"https:\/\/suresms.com\/de\/wp-json\/wp\/v2\/pages\/903","targetHints":{"allow":["GET"]}}],"collection":[{"href":"https:\/\/suresms.com\/de\/wp-json\/wp\/v2\/pages"}],"about":[{"href":"https:\/\/suresms.com\/de\/wp-json\/wp\/v2\/types\/page"}],"author":[{"embeddable":true,"href":"https:\/\/suresms.com\/de\/wp-json\/wp\/v2\/users\/1"}],"replies":[{"embeddable":true,"href":"https:\/\/suresms.com\/de\/wp-json\/wp\/v2\/comments?post=903"}],"version-history":[{"count":5,"href":"https:\/\/suresms.com\/de\/wp-json\/wp\/v2\/pages\/903\/revisions"}],"predecessor-version":[{"id":21048,"href":"https:\/\/suresms.com\/de\/wp-json\/wp\/v2\/pages\/903\/revisions\/21048"}],"up":[{"embeddable":true,"href":"https:\/\/suresms.com\/de\/wp-json\/wp\/v2\/pages\/1654"}],"wp:attachment":[{"href":"https:\/\/suresms.com\/de\/wp-json\/wp\/v2\/media?parent=903"}],"wp:term":[{"taxonomy":"category","embeddable":true,"href":"https:\/\/suresms.com\/de\/wp-json\/wp\/v2\/categories?post=903"},{"taxonomy":"post_tag","embeddable":true,"href":"https:\/\/suresms.com\/de\/wp-json\/wp\/v2\/tags?post=903"}],"curies":[{"name":"wp","href":"https:\/\/api.w.org\/{rel}","templated":true}]}}