{"id":868,"date":"2015-02-09T19:26:23","date_gmt":"2015-02-09T17:26:23","guid":{"rendered":"https:\/\/www.suresms.com\/dk\/?page_id=868"},"modified":"2025-01-05T00:19:58","modified_gmt":"2025-01-05T00:19:58","slug":"sms-clubs","status":"publish","type":"page","link":"https:\/\/suresms.com\/de\/branchelosninger\/sms-klubber\/","title":{"rendered":"SMS f\u00fcr Vereine und Verb\u00e4nde"},"content":{"rendered":"<!-- Flexy Breadcrumb -->\r\n\t\t\t<div class=\"fbc fbc-page\">\r\n\r\n\t\t\t\t<!-- Breadcrumb wrapper -->\r\n\t\t\t\t<div class=\"fbc-wrap\">\r\n\r\n\t\t\t\t\t<!-- Ordered list-->\r\n\t\t\t\t\t<ol class=\"fbc-items\" itemscope itemtype=\"https:\/\/schema.org\/BreadcrumbList\">\r\n\t\t\t\t\t\t            <li itemprop=\"itemListElement\" itemscope itemtype=\"https:\/\/schema.org\/ListItem\">\r\n                <span itemprop=\"name\">\r\n                    <!-- Home Link -->\r\n                    <a itemprop=\"item\" href=\"https:\/\/suresms.com\/de\/\">\r\n                    \r\n                                                    <i class=\"fa fa-home\" aria-hidden=\"true\"><\/i>Zuhause                    <\/a>\r\n                <\/span>\r\n                <meta itemprop=\"position\" content=\"1\" \/><!-- Meta Position-->\r\n             <\/li><li><span class=\"fbc-separator\">\/<\/span><\/li><li class=\"active\" itemprop=\"itemListElement\" itemscope itemtype=\"https:\/\/schema.org\/ListItem\"><span itemprop=\"name\" title=\"SMS f\u00fcr Vereine und Verb\u00e4nde\">SMS an Vereine und...<\/span><meta itemprop=\"position\" content=\"2\" \/><\/li>\t\t\t\t\t<\/ol>\r\n\t\t\t\t\t<div class=\"clearfix\"><\/div>\r\n\t\t\t\t<\/div>\r\n\t\t\t<\/div>\r\n\t\t\t\n<h1>\n\t\tSMS an Vereine und Verb\u00e4nde\n\t<\/h1>\n<p><strong>Kunden-, Fu\u00dfball- und Motorradclubs, Pfadfinder, Rollerskater, Sch\u00fctzenvereine und viele, viele mehr nutzen heute unsere SMS-L\u00f6sung. Wenn du auch in einem Verein bist oder einen Verein hast, der ebenfalls SMS nutzen m\u00f6chte, dann bist du bei uns genau richtig.<\/strong><\/p>\n<p>Unsere einfache und \u00fcbersichtliche Schnittstelle auf unserem WEB-Portal macht es leicht, SMS-Nachrichten an die Personen in der Gruppe zu senden, mit denen du kommunizieren m\u00f6chtest. Alles, was du brauchst, ist Internet. Du brauchst keine Software oder Programme zu installieren, um loszulegen.<\/p>\n<p>Und unser Webportal kann von PC, iPad oder Smartphones aus genutzt werden.<\/p>\n<h3>Gruppenfunktionen<\/h3>\n<p>Von unserem Webportal aus kannst du<a title=\"GroupSMS: Erstellen und Versenden an Gruppen\" href=\"https:\/\/suresms.com\/de\/sms-gruppe\/\"> Gruppen von Beg\u00fcnstigten<\/a>. Das kann der Vorstand des Fu\u00dfballvereins sein, die Montagshandballmannschaft oder die Eltern deiner Pfadfindergruppe. Mit einer SMS-L\u00f6sung kannst du viele SMS-Nachrichten auf einmal verschicken, ohne dass du viel tippen musst. Und jeder liest SMS-Nachrichten!<\/p>\n<h3>Sofort loslegen<\/h3>\n<p>Du bist vielleicht nicht der Einzige, der in deinem Club Nachrichten verschicken muss, aber du kannst schon mal loslegen und sehen, wie es funktioniert. Du kannst ein Login teilen oder dein eigenes bekommen.<\/p>\n<p>Wenn du unseren Link f\u00fcr ein kostenloses Testkonto ausf\u00fcllst, kannst du unser Produkt innerhalb von 5 Minuten testen.<\/p>\n<h3>Wie man sich anmeldet<\/h3>\n<p>Mit unserem <a title=\"2-Wege-SMS, empfange SMS auf deinem Computer\" href=\"https:\/\/suresms.com\/de\/eigenschaften\/empfange-textnachrichten-auf-deinem-computer\/\">2-Wege-SMS-L\u00f6sung <\/a>k\u00f6nnen sich die Mitglieder selbst in die Liste eintragen und Feedback geben. Du kannst auch einen kleinen Code auf deiner eigenen Website einf\u00fcgen, damit sich die Mitglieder dort eintragen k\u00f6nnen.<\/p>\n<p>Vielleicht hast du bereits alle deine Mitglieder in einer Tabelle gespeichert. Diese kannst du in unser System laden, um schnell mit deinen SMS-Clubs loszulegen.<\/p>\n<h3>Name des Absenders<\/h3>\n<p>Du kannst entscheiden, wer der Absender der Nachricht sein soll. Vielleicht der Clubname oder die Telefonnummer des Schatzmeisters. Wenn dein Club ein Kundenclub ist, kann es auch der Firmenname sein. Die einzige Einschr\u00e4nkung ist, dass er maximal 11 Zeichen lang sein darf.<\/p>\n<h3>Jeder im Club kann senden<\/h3>\n<p>Einer der gro\u00dfen Vorteile unseres SMS-Gateways ist, dass du ein Login innerhalb der Organisation teilen kannst. Das bedeutet, dass der Schatzmeister, der Vorsitzende und jeder Veranstaltungsorganisator das System nutzen k\u00f6nnen, sobald du die Liste der Empf\u00e4nger hast.<\/p>\n\t\t\t<p><a href=\"http:\/\/www.rodskovforsamlingshus.dk\"><img loading=\"lazy\" decoding=\"async\" src=\"https:\/\/suresms.com\/wp-content\/uploads\/2015\/02\/REB-Rodskov1.jpg\" alt=\"REB Rodskov\" width=\"172\" height=\"87\" \/><\/a><\/p>\n<p>&nbsp;<\/p>\n<p><em>\"Sie wurden mir von einem Kollegen empfohlen, der Ihre L\u00f6sung ebenfalls nutzt.\u00a0<\/em><\/p>\n<p>&nbsp;<\/p>\n<p><em>Ich habe eine Reihe anderer SMS-L\u00f6sungen untersucht und getestet, und deine ist bei weitem die flexibelste und schnellste - und das zu einem vern\u00fcnftigen Preis. <\/em><\/p>\n<p>&nbsp;<\/p>\n<p><em>DANKE f\u00fcr ein hervorragendes Produkt! Es macht genau das, was ich brauche - super gut!\"<\/em><\/p>\n<p>&nbsp;<\/p>\n<p><strong>Michel Gorm, Sekret\u00e4r<\/strong><\/p>\n<p>&nbsp;<\/p>\n<p><strong>Gemeindezentrum Rodskov<\/strong><\/p>\n<p>&nbsp;<\/p>\n\t\t<h4>Ein kostenloses Testkonto erstellen<\/h4>\n\t\t<p>Es dauert nur 5 Minuten. Legen Sie sofort los und erhalten Sie <strong>50 kostenlose SMS-Nachrichten<\/strong> ohne Bedingungen zu stellen.<\/p>\n\t\t\t<a href=\"https:\/\/suresms.com\/de\/kostenloses-sms-testkonto\/\" target=\"_self\">\n\t\t\t\t\t\t\tProbekonto erstellen\n\t\t\t\t\t<\/a>\n\t\t<h4>Bestelle eine 2-Wege-L\u00f6sung!<\/h4>\n\t\t<p>Du hast bereits ein Konto? Bestelle eine 2-Wege-L\u00f6sung und erhalte die zus\u00e4tzlichen Optionen, die deine eigene L\u00f6sung bietet.\u00a0<\/p>\n\t\t\t<a href=\"https:\/\/suresms.com\/de\/2-wege-entladung-bestellen\/\" target=\"_self\">\n\t\t\t\t\t\t\t2-Wege-L\u00f6sung bestellen\n\t\t\t\t\t<\/a>","protected":false},"excerpt":{"rendered":"<p>SMS f\u00fcr Vereine und Verb\u00e4nde Kunden-, Fu\u00dfball- und Motorradclubs, Pfadfinder, Rollerskater, Sch\u00fctzenvereine und viele, viele mehr nutzen heute unsere SMS-L\u00f6sung. Wenn du auch in einem Verein bist oder einen Verein hast, der ebenfalls SMS nutzen m\u00f6chte, dann bist du bei uns genau richtig. Unsere einfache und \u00fcbersichtliche Benutzeroberfl\u00e4che auf ... <a title=\"SMS f\u00fcr Vereine und Verb\u00e4nde\" class=\"read-more\" href=\"https:\/\/suresms.com\/de\/branchelosninger\/sms-klubber\/\" aria-label=\"Mehr Informationen \u00fcber SMS f\u00fcr Vereine und Organisationen\">Mehr lesen<\/a><\/p>","protected":false},"author":1,"featured_media":0,"parent":1654,"menu_order":7,"comment_status":"closed","ping_status":"closed","template":"","meta":{"_fl_builder_enabled":"1","_fl_builder_data":null,"_fl_builder_draft":null,"_fl_builder_data_settings":null,"_fl_builder_css":"","_fl_builder_css_version":"","_fl_builder_js":"","footnotes":""},"categories":[],"tags":[],"class_list":["post-868","page","type-page","status-publish"],"yoast_head":"<!-- This site is optimized with the Yoast SEO Premium plugin v27.3 (Yoast SEO v27.3) - https:\/\/yoast.com\/product\/yoast-seo-premium-wordpress\/ -->\r\n<title>SMS klub | SMS til klubber og foreninger \u2713 Kom i gang her<\/title>\r\n<meta name=\"description\" content=\"L\u00e6s om SMS til klubber og foreninger. Send enkelt og sikkert mange SMS&#039;er til grupper af personer. Enkelt login og mulighed for flere brugere. Kun 18 \u00f8re\" \/>\r\n<meta name=\"robots\" content=\"index, follow, max-snippet:-1, max-image-preview:large, max-video-preview:-1\" \/>\r\n<link rel=\"canonical\" href=\"https:\/\/suresms.com\/de\/filialentladungen\/sms-clubs\/\" \/>\r\n<meta property=\"og:locale\" content=\"de_DE\" \/>\r\n<meta property=\"og:type\" content=\"article\" \/>\r\n<meta property=\"og:title\" content=\"SMS til Klubber og foreninger\" \/>\r\n<meta property=\"og:description\" content=\"L\u00e6s om SMS til klubber og foreninger. Send enkelt og sikkert mange SMS&#039;er til grupper af personer. Enkelt login og mulighed for flere brugere. Kun 18 \u00f8re\" \/>\r\n<meta property=\"og:url\" content=\"https:\/\/suresms.com\/de\/filialentladungen\/sms-clubs\/\" \/>\r\n<meta property=\"article:publisher\" content=\"https:\/\/www.facebook.com\/p\/SureSMS-100044607956149\/\" \/>\r\n<meta property=\"article:modified_time\" content=\"2025-01-05T00:19:58+00:00\" \/>\r\n<meta property=\"og:image\" content=\"https:\/\/suresms.com\/wp-content\/uploads\/2015\/02\/sms-til-klubber-snippet.jpg\" \/>\r\n\t<meta property=\"og:image:width\" content=\"400\" \/>\r\n\t<meta property=\"og:image:height\" content=\"266\" \/>\r\n\t<meta property=\"og:image:type\" content=\"image\/jpeg\" \/>\r\n<meta name=\"twitter:card\" content=\"summary_large_image\" \/>\r\n<meta name=\"twitter:label1\" content=\"Gesch\u00e4tzte Lesezeit\" \/>\n\t<meta name=\"twitter:data1\" content=\"3\u00a0Minuten\" \/>\r\n<script type=\"application\/ld+json\" class=\"yoast-schema-graph\">{\"@context\":\"https:\\\/\\\/schema.org\",\"@graph\":[{\"@type\":\"WebPage\",\"@id\":\"https:\\\/\\\/suresms.com\\\/dk\\\/branchelosninger\\\/sms-klubber\\\/\",\"url\":\"https:\\\/\\\/suresms.com\\\/dk\\\/branchelosninger\\\/sms-klubber\\\/\",\"name\":\"SMS klub | SMS til klubber og foreninger \u2713 Kom i gang her\",\"isPartOf\":{\"@id\":\"https:\\\/\\\/suresms.com\\\/en\\\/#website\"},\"primaryImageOfPage\":{\"@id\":\"https:\\\/\\\/suresms.com\\\/dk\\\/branchelosninger\\\/sms-klubber\\\/#primaryimage\"},\"image\":{\"@id\":\"https:\\\/\\\/suresms.com\\\/dk\\\/branchelosninger\\\/sms-klubber\\\/#primaryimage\"},\"thumbnailUrl\":\"https:\\\/\\\/suresms.com\\\/wp-content\\\/uploads\\\/2015\\\/02\\\/REB-Rodskov1.jpg\",\"datePublished\":\"2015-02-09T17:26:23+00:00\",\"dateModified\":\"2025-01-05T00:19:58+00:00\",\"description\":\"L\u00e6s om SMS til klubber og foreninger. Send enkelt og sikkert mange SMS'er til grupper af personer. Enkelt login og mulighed for flere brugere. Kun 18 \u00f8re\",\"breadcrumb\":{\"@id\":\"https:\\\/\\\/suresms.com\\\/dk\\\/branchelosninger\\\/sms-klubber\\\/#breadcrumb\"},\"inLanguage\":\"de\",\"potentialAction\":[{\"@type\":\"ReadAction\",\"target\":[\"https:\\\/\\\/suresms.com\\\/dk\\\/branchelosninger\\\/sms-klubber\\\/\"]}]},{\"@type\":\"ImageObject\",\"inLanguage\":\"de\",\"@id\":\"https:\\\/\\\/suresms.com\\\/dk\\\/branchelosninger\\\/sms-klubber\\\/#primaryimage\",\"url\":\"https:\\\/\\\/suresms.com\\\/wp-content\\\/uploads\\\/2015\\\/02\\\/REB-Rodskov1.jpg\",\"contentUrl\":\"https:\\\/\\\/suresms.com\\\/wp-content\\\/uploads\\\/2015\\\/02\\\/REB-Rodskov1.jpg\"},{\"@type\":\"BreadcrumbList\",\"@id\":\"https:\\\/\\\/suresms.com\\\/dk\\\/branchelosninger\\\/sms-klubber\\\/#breadcrumb\",\"itemListElement\":[{\"@type\":\"ListItem\",\"position\":1,\"name\":\"Home\",\"item\":\"https:\\\/\\\/suresms.com\\\/dk\\\/\"},{\"@type\":\"ListItem\",\"position\":2,\"name\":\"Branchel\u00f8sninger\",\"item\":\"https:\\\/\\\/suresms.com\\\/dk\\\/branchelosninger\\\/\"},{\"@type\":\"ListItem\",\"position\":3,\"name\":\"SMS til Klubber og foreninger\"}]},{\"@type\":\"WebSite\",\"@id\":\"https:\\\/\\\/suresms.com\\\/en\\\/#website\",\"url\":\"https:\\\/\\\/suresms.com\\\/en\\\/\",\"name\":\"SureSMS\",\"description\":\"Professionel SMS Gateway\",\"publisher\":{\"@id\":\"https:\\\/\\\/suresms.com\\\/en\\\/#organization\"},\"potentialAction\":[{\"@type\":\"SearchAction\",\"target\":{\"@type\":\"EntryPoint\",\"urlTemplate\":\"https:\\\/\\\/suresms.com\\\/en\\\/?s={search_term_string}\"},\"query-input\":{\"@type\":\"PropertyValueSpecification\",\"valueRequired\":true,\"valueName\":\"search_term_string\"}}],\"inLanguage\":\"de\"},{\"@type\":\"Organization\",\"@id\":\"https:\\\/\\\/suresms.com\\\/en\\\/#organization\",\"name\":\"SureSMS\",\"url\":\"https:\\\/\\\/suresms.com\\\/en\\\/\",\"logo\":{\"@type\":\"ImageObject\",\"inLanguage\":\"de\",\"@id\":\"https:\\\/\\\/suresms.com\\\/en\\\/#\\\/schema\\\/logo\\\/image\\\/\",\"url\":\"https:\\\/\\\/suresms.com\\\/wp-content\\\/uploads\\\/2024\\\/11\\\/suresms-300x65-1.png\",\"contentUrl\":\"https:\\\/\\\/suresms.com\\\/wp-content\\\/uploads\\\/2024\\\/11\\\/suresms-300x65-1.png\",\"width\":300,\"height\":65,\"caption\":\"SureSMS\"},\"image\":{\"@id\":\"https:\\\/\\\/suresms.com\\\/en\\\/#\\\/schema\\\/logo\\\/image\\\/\"},\"sameAs\":[\"https:\\\/\\\/www.facebook.com\\\/p\\\/SureSMS-100044607956149\\\/\"]}]}<\/script>\r\n<!-- \/ Yoast SEO Premium plugin. -->","yoast_head_json":{"title":"SMS club | SMS f\u00fcr Vereine und Verb\u00e4nde \u2713 Hier geht's los","description":"Lies mehr \u00fcber SMS f\u00fcr Vereine und Organisationen. Versende viele SMS-Nachrichten an Gruppen von Personen einfach und sicher. Einmalige Anmeldung und mehrere Benutzer. Nur 18 \u00f8re","robots":{"index":"index","follow":"follow","max-snippet":"max-snippet:-1","max-image-preview":"max-image-preview:large","max-video-preview":"max-video-preview:-1"},"canonical":"https:\/\/suresms.com\/de\/filialentladungen\/sms-clubs\/","og_locale":"de_DE","og_type":"article","og_title":"SMS til Klubber og foreninger","og_description":"L\u00e6s om SMS til klubber og foreninger. Send enkelt og sikkert mange SMS'er til grupper af personer. Enkelt login og mulighed for flere brugere. Kun 18 \u00f8re","og_url":"https:\/\/suresms.com\/de\/filialentladungen\/sms-clubs\/","article_publisher":"https:\/\/www.facebook.com\/p\/SureSMS-100044607956149\/","article_modified_time":"2025-01-05T00:19:58+00:00","og_image":[{"width":400,"height":266,"url":"https:\/\/suresms.com\/wp-content\/uploads\/2015\/02\/sms-til-klubber-snippet.jpg","type":"image\/jpeg"}],"twitter_card":"summary_large_image","twitter_misc":{"Gesch\u00e4tzte Lesezeit":"3\u00a0Minuten"},"schema":{"@context":"https:\/\/schema.org","@graph":[{"@type":"WebPage","@id":"https:\/\/suresms.com\/dk\/branchelosninger\/sms-klubber\/","url":"https:\/\/suresms.com\/dk\/branchelosninger\/sms-klubber\/","name":"SMS club | SMS f\u00fcr Vereine und Verb\u00e4nde \u2713 Hier geht's los","isPartOf":{"@id":"https:\/\/suresms.com\/en\/#website"},"primaryImageOfPage":{"@id":"https:\/\/suresms.com\/dk\/branchelosninger\/sms-klubber\/#primaryimage"},"image":{"@id":"https:\/\/suresms.com\/dk\/branchelosninger\/sms-klubber\/#primaryimage"},"thumbnailUrl":"https:\/\/suresms.com\/wp-content\/uploads\/2015\/02\/REB-Rodskov1.jpg","datePublished":"2015-02-09T17:26:23+00:00","dateModified":"2025-01-05T00:19:58+00:00","description":"Lies mehr \u00fcber SMS f\u00fcr Vereine und Organisationen. Versende viele SMS-Nachrichten an Gruppen von Personen einfach und sicher. Einmalige Anmeldung und mehrere Benutzer. Nur 18 \u00f8re","breadcrumb":{"@id":"https:\/\/suresms.com\/dk\/branchelosninger\/sms-klubber\/#breadcrumb"},"inLanguage":"de","potentialAction":[{"@type":"ReadAction","target":["https:\/\/suresms.com\/dk\/branchelosninger\/sms-klubber\/"]}]},{"@type":"ImageObject","inLanguage":"de","@id":"https:\/\/suresms.com\/dk\/branchelosninger\/sms-klubber\/#primaryimage","url":"https:\/\/suresms.com\/wp-content\/uploads\/2015\/02\/REB-Rodskov1.jpg","contentUrl":"https:\/\/suresms.com\/wp-content\/uploads\/2015\/02\/REB-Rodskov1.jpg"},{"@type":"BreadcrumbList","@id":"https:\/\/suresms.com\/dk\/branchelosninger\/sms-klubber\/#breadcrumb","itemListElement":[{"@type":"ListItem","position":1,"name":"Home","item":"https:\/\/suresms.com\/dk\/"},{"@type":"ListItem","position":2,"name":"Branchel\u00f8sninger","item":"https:\/\/suresms.com\/dk\/branchelosninger\/"},{"@type":"ListItem","position":3,"name":"SMS til Klubber og foreninger"}]},{"@type":"WebSite","@id":"https:\/\/suresms.com\/en\/#website","url":"https:\/\/suresms.com\/en\/","name":"SureSMS","description":"Professioneller SMS-Gateway","publisher":{"@id":"https:\/\/suresms.com\/en\/#organization"},"potentialAction":[{"@type":"SearchAction","target":{"@type":"EntryPoint","urlTemplate":"https:\/\/suresms.com\/en\/?s={search_term_string}"},"query-input":{"@type":"PropertyValueSpecification","valueRequired":true,"valueName":"search_term_string"}}],"inLanguage":"de"},{"@type":"Organization","@id":"https:\/\/suresms.com\/en\/#organization","name":"SureSMS","url":"https:\/\/suresms.com\/en\/","logo":{"@type":"ImageObject","inLanguage":"de","@id":"https:\/\/suresms.com\/en\/#\/schema\/logo\/image\/","url":"https:\/\/suresms.com\/wp-content\/uploads\/2024\/11\/suresms-300x65-1.png","contentUrl":"https:\/\/suresms.com\/wp-content\/uploads\/2024\/11\/suresms-300x65-1.png","width":300,"height":65,"caption":"SureSMS"},"image":{"@id":"https:\/\/suresms.com\/en\/#\/schema\/logo\/image\/"},"sameAs":["https:\/\/www.facebook.com\/p\/SureSMS-100044607956149\/"]}]}},"_links":{"self":[{"href":"https:\/\/suresms.com\/de\/wp-json\/wp\/v2\/pages\/868","targetHints":{"allow":["GET"]}}],"collection":[{"href":"https:\/\/suresms.com\/de\/wp-json\/wp\/v2\/pages"}],"about":[{"href":"https:\/\/suresms.com\/de\/wp-json\/wp\/v2\/types\/page"}],"author":[{"embeddable":true,"href":"https:\/\/suresms.com\/de\/wp-json\/wp\/v2\/users\/1"}],"replies":[{"embeddable":true,"href":"https:\/\/suresms.com\/de\/wp-json\/wp\/v2\/comments?post=868"}],"version-history":[{"count":5,"href":"https:\/\/suresms.com\/de\/wp-json\/wp\/v2\/pages\/868\/revisions"}],"predecessor-version":[{"id":21219,"href":"https:\/\/suresms.com\/de\/wp-json\/wp\/v2\/pages\/868\/revisions\/21219"}],"up":[{"embeddable":true,"href":"https:\/\/suresms.com\/de\/wp-json\/wp\/v2\/pages\/1654"}],"wp:attachment":[{"href":"https:\/\/suresms.com\/de\/wp-json\/wp\/v2\/media?parent=868"}],"wp:term":[{"taxonomy":"category","embeddable":true,"href":"https:\/\/suresms.com\/de\/wp-json\/wp\/v2\/categories?post=868"},{"taxonomy":"post_tag","embeddable":true,"href":"https:\/\/suresms.com\/de\/wp-json\/wp\/v2\/tags?post=868"}],"curies":[{"name":"wp","href":"https:\/\/api.w.org\/{rel}","templated":true}]}}