{"id":755,"date":"2014-12-17T20:12:52","date_gmt":"2014-12-17T18:12:52","guid":{"rendered":"https:\/\/www.suresms.com\/dk\/?page_id=755"},"modified":"2025-01-10T10:55:05","modified_gmt":"2025-01-10T10:55:05","slug":"sms-merge-nachrichten-fur-gruppen","status":"publish","type":"page","link":"https:\/\/suresms.com\/de\/funktioner\/sms-fletning-af-beskeder-til-grupper\/","title":{"rendered":"SMS-Zusammenf\u00fchrung von Nachrichten an Gruppen"},"content":{"rendered":"<!-- Flexy Breadcrumb -->\r\n\t\t\t<div class=\"fbc fbc-page\">\r\n\r\n\t\t\t\t<!-- Breadcrumb wrapper -->\r\n\t\t\t\t<div class=\"fbc-wrap\">\r\n\r\n\t\t\t\t\t<!-- Ordered list-->\r\n\t\t\t\t\t<ol class=\"fbc-items\" itemscope itemtype=\"https:\/\/schema.org\/BreadcrumbList\">\r\n\t\t\t\t\t\t            <li itemprop=\"itemListElement\" itemscope itemtype=\"https:\/\/schema.org\/ListItem\">\r\n                <span itemprop=\"name\">\r\n                    <!-- Home Link -->\r\n                    <a itemprop=\"item\" href=\"https:\/\/suresms.com\/de\/\">\r\n                    \r\n                                                    <i class=\"fa fa-home\" aria-hidden=\"true\"><\/i>Zuhause                    <\/a>\r\n                <\/span>\r\n                <meta itemprop=\"position\" content=\"1\" \/><!-- Meta Position-->\r\n             <\/li><li><span class=\"fbc-separator\">\/<\/span><\/li><li class=\"active\" itemprop=\"itemListElement\" itemscope itemtype=\"https:\/\/schema.org\/ListItem\"><span itemprop=\"name\" title=\"SMS-Zusammenf\u00fchrung von Nachrichten an Gruppen\">SMS-Zusammenf\u00fchrung von Nachrichten...<\/span><meta itemprop=\"position\" content=\"2\" \/><\/li>\t\t\t\t\t<\/ol>\r\n\t\t\t\t\t<div class=\"clearfix\"><\/div>\r\n\t\t\t\t<\/div>\r\n\t\t\t<\/div>\r\n\t\t\t\n<h1>\n\t\tNachrichten einflechten\n\t<\/h1>\n\t<p>Das Versenden von Nachrichten an viele Nutzer gleichzeitig ist einfach und bequem, aber wie stellen Sie sicher, dass Ihre SMS-Nachrichten dennoch personalisiert sind?<\/p>\n<p>Als Sure SMS-Nutzer kannst du deine Nachrichten personalisieren, indem du den Namen des Empf\u00e4ngers in die Nachricht selbst einf\u00fcgst. Das schafft einen besseren Kontakt und damit eine bessere Beziehung zum Empf\u00e4nger, egal ob er ein Mitarbeiter, ein Kunde oder ein potenzieller Nutzer eines deiner Produkte ist.<\/p>\n\t<ul>\n\t\t<li>\t\t\t\t\n\t\t<h3>Optionen f\u00fcr Vor- und Nachname<\/h3><p>Wenn Sie zum Beispiel eine Gruppe von Kunden haben, an die Sie Nachrichten senden, k\u00f6nnen Sie diese in SureSMS nach Vor- und Nachnamen erstellen. Wenn Sie Nachrichten senden, k\u00f6nnen Sie einen kleinen Code in die Nachricht schreiben, wo der Vorname stehen soll, zum Beispiel \"Hallo , alles Gute zum Geburtstag\". Das System f\u00fcgt den Vornamen der Person automatisch an der Stelle ein, an der der Code geschrieben wurde.<\/p><\/li><li>\t\t\t\t\n\t\t<h3>Andere Felder zusammenf\u00fchren<\/h3><p>Du hast auch die M\u00f6glichkeit, deine eigenen Werte hinzuzuf\u00fcgen. Zum Beispiel k\u00f6nnte es sein <br \/>Automarke, wenn du ein Mechaniker bist<br \/>Klassennummer, wenn du unterrichtest<br \/>Treppenhaus, wenn es sich um eine Wohnungsbaugesellschaft handelt<\/p><\/li>\t<\/ul>\n<p><em>Sie k\u00f6nnen zum Beispiel schreiben: \"Hallo , alles Gute zum Geburtstag\". Das System f\u00fcgt automatisch den Vornamen der Person an der Stelle ein, an der der Code geschrieben wird.<\/em><\/p>\n<p>Abh\u00e4ngig vom Empf\u00e4nger der Nachricht und der Funktion der Nachricht, kannst du <strong>w\u00e4hle den Vornamen, Nachnamen oder den vollst\u00e4ndigen Namen aus<\/strong>.<\/p>\n<p>Wir haben ein kurzes Video \u00fcber die Funktion gedreht, das du dir ansehen kannst, indem du dem Link auf dieser Seite folgst.<\/p>\n\t\t<h3>Versuche es JETZT!<\/h3>\n\t\t<p>Erstellen Sie jetzt ein kostenloses Testkonto und erhalten Sie 50 kostenlose SMS. Keine Bedingungen gestellt<\/p>\n\t\t\t<a href=\"https:\/\/suresms.com\/de\/kostenloses-sms-testkonto\/\" target=\"_self\">\n\t\t\t\t\t\t\tProbekonto erstellen\n\t\t\t\t\t<\/a>\n\t\t\t\t\t<video src=\"https:\/\/suresms.com\/wp-content\/uploads\/2024\/10\/Dokumentation-Import-af-kontakter-til-adressebogen.mp4\" alt=\"hosted-video-thumbnail\"><\/video>\n\t<p><strong>Wie du ganz einfach Namen in Nachrichten einf\u00fcgst<\/strong><\/p>\n<ol>\n<li>Gruppe ausw\u00e4hlen<\/li>\n<li>Schreibe deine Nachricht wie gewohnt in das Textfeld, aber anstelle eines Namens schreibst du einen Code.<\/li>\n<li>Dr\u00fccke auf Senden! Siehe detaillierte Anweisungen und Codes <a title=\"Handbuch\" href=\"https:\/\/suresms.com\/de\/docs\/docs-9\/docs-12\/#___Flet_informationer_i_besked__\" target=\"_blank\" rel=\"noopener\">Hier!<\/a><\/li>\n<\/ol>\n<p><strong>Es ist wichtig, dass du \u00fcberpr\u00fcfst, ob alle Kontakte mit den richtigen Vor- und Nachnamen aktualisiert wurden, bevor du die Zusammenf\u00fchrungsfunktion verwendest.\u00a0<\/strong><\/p>\n\t<h4><strong>Hier k\u00f6nnen Sie einige Beispiele lesen, wie unsere Kunden die Funktion derzeit nutzen: \"Empf\u00e4ngernamen in GroupSMS zusammenf\u00fchren\"<\/strong><\/h4>\n\n<ul> \t\n<li>Ein Krankenhaus setzt SMS-Flechten in einem Forschungsprojekt ein. Sie senden t\u00e4glich Nachrichten mit Informationen, Anweisungen f\u00fcr Medikamente und Dosierung an die Studienteilnehmer.<\/li>\n\n<li>Ein Autoh\u00e4ndler schickt seinen Kunden am Tag nach der Reparatur ihres Fahrzeugs eine automatische SMS. In der SMS wird nach den Erfahrungen des Kunden mit dem Prozess gefragt. Auf diese Weise erh\u00e4lt das Autohaus eine schnelle und effektive Bewertung seiner Dienstleistung.<\/li>\n\n<li>Ein Gewichtsberater nutzt die Merge-Funktion, wenn er SMS-Nachrichten an Mitglieder verschickt. Personalisierte Nachrichten mit aussagekr\u00e4ftigen Botschaften sind viel motivierender und haben im Allgemeinen eine gr\u00f6\u00dfere Wirkung.<\/li>\n\n<li>Unter unseren Kunden, die die Zusammenf\u00fchrungsfunktion nutzen, sind auch viele, die eigentlich keine gro\u00dfen Mengen an Nachrichten versenden, sondern bei denen die Namen in pers\u00f6nlichere Nachrichten integriert werden. Wir haben zum Beispiel Unternehmen, die damit Meetings einberufen, genauso wie ein Uhrmacher, der sie f\u00fcr Nachrichten \u00fcber abzuholende Waren nutzt.<\/li>\n<\/ul>","protected":false},"excerpt":{"rendered":"<p>Nachrichten einbinden Es ist einfach und bequem, Nachrichten an viele Benutzer gleichzeitig zu senden, aber wie k\u00f6nnen Sie sicherstellen, dass Ihre SMS-Nachrichten trotzdem personalisiert sind? Als Sure SMS-Benutzer k\u00f6nnen Sie Ihre Nachrichten personalisieren, indem Sie den Namen des Empf\u00e4ngers in die Nachricht selbst einf\u00fcgen. So entsteht ein ... <a title=\"SMS-Zusammenf\u00fchrung von Nachrichten an Gruppen\" class=\"read-more\" href=\"https:\/\/suresms.com\/de\/funktioner\/sms-fletning-af-beskeder-til-grupper\/\" aria-label=\"Weitere Informationen \u00fcber das Zusammenf\u00fchren von SMS-Nachrichten zu Gruppen\">Mehr lesen<\/a><\/p>","protected":false},"author":1,"featured_media":0,"parent":958,"menu_order":11,"comment_status":"closed","ping_status":"closed","template":"","meta":{"_fl_builder_enabled":"1","_fl_builder_data":null,"_fl_builder_draft":null,"_fl_builder_data_settings":null,"_fl_builder_css":"","_fl_builder_css_version":"","_fl_builder_js":"","footnotes":""},"categories":[17],"tags":[],"class_list":{"0":"post-755","1":"page","2":"type-page","3":"status-publish","5":"category-linkfracornorstone"},"yoast_head":"<!-- This site is optimized with the Yoast SEO Premium plugin v27.3 (Yoast SEO v27.3) - https:\/\/yoast.com\/product\/yoast-seo-premium-wordpress\/ -->\r\n<title>SMS fletning af beskeder til grupper<\/title>\r\n<meta name=\"description\" content=\"Du kan nemt g\u00f8re dine SMS beskeder personlige med SureSMS. Ved at bruge nogle simple koder, kan du g\u00f8re beskeden helt personlig. Se her hvordan.\" \/>\r\n<meta name=\"robots\" content=\"index, follow, max-snippet:-1, max-image-preview:large, max-video-preview:-1\" \/>\r\n<link rel=\"canonical\" href=\"https:\/\/suresms.com\/de\/eigenschaften\/sms-merge-nachrichten-fur-gruppen\/\" \/>\r\n<meta property=\"og:locale\" content=\"de_DE\" \/>\r\n<meta property=\"og:type\" content=\"article\" \/>\r\n<meta property=\"og:title\" content=\"SMS fletning af beskeder til grupper\" \/>\r\n<meta property=\"og:description\" content=\"Du kan nemt g\u00f8re dine SMS beskeder personlige med SureSMS. Ved at bruge nogle simple koder, kan du g\u00f8re beskeden helt personlig. Se her hvordan.\" \/>\r\n<meta property=\"og:url\" content=\"https:\/\/suresms.com\/de\/eigenschaften\/sms-merge-nachrichten-fur-gruppen\/\" \/>\r\n<meta property=\"article:publisher\" content=\"https:\/\/www.facebook.com\/p\/SureSMS-100044607956149\/\" \/>\r\n<meta property=\"article:modified_time\" content=\"2025-01-10T10:55:05+00:00\" \/>\r\n<meta name=\"twitter:card\" content=\"summary_large_image\" \/>\r\n<meta name=\"twitter:label1\" content=\"Gesch\u00e4tzte Lesezeit\" \/>\n\t<meta name=\"twitter:data1\" content=\"3\u00a0Minuten\" \/>\r\n<script type=\"application\/ld+json\" class=\"yoast-schema-graph\">{\"@context\":\"https:\\\/\\\/schema.org\",\"@graph\":[{\"@type\":\"WebPage\",\"@id\":\"https:\\\/\\\/suresms.com\\\/dk\\\/funktioner\\\/sms-fletning-af-beskeder-til-grupper\\\/\",\"url\":\"https:\\\/\\\/suresms.com\\\/dk\\\/funktioner\\\/sms-fletning-af-beskeder-til-grupper\\\/\",\"name\":\"SMS fletning af beskeder til grupper\",\"isPartOf\":{\"@id\":\"https:\\\/\\\/suresms.com\\\/en\\\/#website\"},\"datePublished\":\"2014-12-17T18:12:52+00:00\",\"dateModified\":\"2025-01-10T10:55:05+00:00\",\"description\":\"Du kan nemt g\u00f8re dine SMS beskeder personlige med SureSMS. Ved at bruge nogle simple koder, kan du g\u00f8re beskeden helt personlig. Se her hvordan.\",\"breadcrumb\":{\"@id\":\"https:\\\/\\\/suresms.com\\\/dk\\\/funktioner\\\/sms-fletning-af-beskeder-til-grupper\\\/#breadcrumb\"},\"inLanguage\":\"de\",\"potentialAction\":[{\"@type\":\"ReadAction\",\"target\":[\"https:\\\/\\\/suresms.com\\\/dk\\\/funktioner\\\/sms-fletning-af-beskeder-til-grupper\\\/\"]}]},{\"@type\":\"BreadcrumbList\",\"@id\":\"https:\\\/\\\/suresms.com\\\/dk\\\/funktioner\\\/sms-fletning-af-beskeder-til-grupper\\\/#breadcrumb\",\"itemListElement\":[{\"@type\":\"ListItem\",\"position\":1,\"name\":\"Home\",\"item\":\"https:\\\/\\\/suresms.com\\\/dk\\\/\"},{\"@type\":\"ListItem\",\"position\":2,\"name\":\"Funktioner\",\"item\":\"https:\\\/\\\/suresms.com\\\/dk\\\/funktioner\\\/\"},{\"@type\":\"ListItem\",\"position\":3,\"name\":\"SMS fletning af beskeder til grupper\"}]},{\"@type\":\"WebSite\",\"@id\":\"https:\\\/\\\/suresms.com\\\/en\\\/#website\",\"url\":\"https:\\\/\\\/suresms.com\\\/en\\\/\",\"name\":\"SureSMS\",\"description\":\"Professionel SMS Gateway\",\"publisher\":{\"@id\":\"https:\\\/\\\/suresms.com\\\/en\\\/#organization\"},\"potentialAction\":[{\"@type\":\"SearchAction\",\"target\":{\"@type\":\"EntryPoint\",\"urlTemplate\":\"https:\\\/\\\/suresms.com\\\/en\\\/?s={search_term_string}\"},\"query-input\":{\"@type\":\"PropertyValueSpecification\",\"valueRequired\":true,\"valueName\":\"search_term_string\"}}],\"inLanguage\":\"de\"},{\"@type\":\"Organization\",\"@id\":\"https:\\\/\\\/suresms.com\\\/en\\\/#organization\",\"name\":\"SureSMS\",\"url\":\"https:\\\/\\\/suresms.com\\\/en\\\/\",\"logo\":{\"@type\":\"ImageObject\",\"inLanguage\":\"de\",\"@id\":\"https:\\\/\\\/suresms.com\\\/en\\\/#\\\/schema\\\/logo\\\/image\\\/\",\"url\":\"https:\\\/\\\/suresms.com\\\/wp-content\\\/uploads\\\/2024\\\/11\\\/suresms-300x65-1.png\",\"contentUrl\":\"https:\\\/\\\/suresms.com\\\/wp-content\\\/uploads\\\/2024\\\/11\\\/suresms-300x65-1.png\",\"width\":300,\"height\":65,\"caption\":\"SureSMS\"},\"image\":{\"@id\":\"https:\\\/\\\/suresms.com\\\/en\\\/#\\\/schema\\\/logo\\\/image\\\/\"},\"sameAs\":[\"https:\\\/\\\/www.facebook.com\\\/p\\\/SureSMS-100044607956149\\\/\"]}]}<\/script>\r\n<!-- \/ Yoast SEO Premium plugin. -->","yoast_head_json":{"title":"SMS-Zusammenf\u00fchrung von Nachrichten an Gruppen","description":"Mit SureSMS kannst du deine SMS-Nachrichten ganz einfach personalisieren. Mit ein paar einfachen Codes kannst du deine Nachricht personalisieren. Hier erf\u00e4hrst du, wie.","robots":{"index":"index","follow":"follow","max-snippet":"max-snippet:-1","max-image-preview":"max-image-preview:large","max-video-preview":"max-video-preview:-1"},"canonical":"https:\/\/suresms.com\/de\/eigenschaften\/sms-merge-nachrichten-fur-gruppen\/","og_locale":"de_DE","og_type":"article","og_title":"SMS fletning af beskeder til grupper","og_description":"Du kan nemt g\u00f8re dine SMS beskeder personlige med SureSMS. Ved at bruge nogle simple koder, kan du g\u00f8re beskeden helt personlig. Se her hvordan.","og_url":"https:\/\/suresms.com\/de\/eigenschaften\/sms-merge-nachrichten-fur-gruppen\/","article_publisher":"https:\/\/www.facebook.com\/p\/SureSMS-100044607956149\/","article_modified_time":"2025-01-10T10:55:05+00:00","twitter_card":"summary_large_image","twitter_misc":{"Gesch\u00e4tzte Lesezeit":"3\u00a0Minuten"},"schema":{"@context":"https:\/\/schema.org","@graph":[{"@type":"WebPage","@id":"https:\/\/suresms.com\/dk\/funktioner\/sms-fletning-af-beskeder-til-grupper\/","url":"https:\/\/suresms.com\/dk\/funktioner\/sms-fletning-af-beskeder-til-grupper\/","name":"SMS-Zusammenf\u00fchrung von Nachrichten an Gruppen","isPartOf":{"@id":"https:\/\/suresms.com\/en\/#website"},"datePublished":"2014-12-17T18:12:52+00:00","dateModified":"2025-01-10T10:55:05+00:00","description":"Mit SureSMS kannst du deine SMS-Nachrichten ganz einfach personalisieren. Mit ein paar einfachen Codes kannst du deine Nachricht personalisieren. Hier erf\u00e4hrst du, wie.","breadcrumb":{"@id":"https:\/\/suresms.com\/dk\/funktioner\/sms-fletning-af-beskeder-til-grupper\/#breadcrumb"},"inLanguage":"de","potentialAction":[{"@type":"ReadAction","target":["https:\/\/suresms.com\/dk\/funktioner\/sms-fletning-af-beskeder-til-grupper\/"]}]},{"@type":"BreadcrumbList","@id":"https:\/\/suresms.com\/dk\/funktioner\/sms-fletning-af-beskeder-til-grupper\/#breadcrumb","itemListElement":[{"@type":"ListItem","position":1,"name":"Home","item":"https:\/\/suresms.com\/dk\/"},{"@type":"ListItem","position":2,"name":"Funktioner","item":"https:\/\/suresms.com\/dk\/funktioner\/"},{"@type":"ListItem","position":3,"name":"SMS fletning af beskeder til grupper"}]},{"@type":"WebSite","@id":"https:\/\/suresms.com\/en\/#website","url":"https:\/\/suresms.com\/en\/","name":"SureSMS","description":"Professioneller SMS-Gateway","publisher":{"@id":"https:\/\/suresms.com\/en\/#organization"},"potentialAction":[{"@type":"SearchAction","target":{"@type":"EntryPoint","urlTemplate":"https:\/\/suresms.com\/en\/?s={search_term_string}"},"query-input":{"@type":"PropertyValueSpecification","valueRequired":true,"valueName":"search_term_string"}}],"inLanguage":"de"},{"@type":"Organization","@id":"https:\/\/suresms.com\/en\/#organization","name":"SureSMS","url":"https:\/\/suresms.com\/en\/","logo":{"@type":"ImageObject","inLanguage":"de","@id":"https:\/\/suresms.com\/en\/#\/schema\/logo\/image\/","url":"https:\/\/suresms.com\/wp-content\/uploads\/2024\/11\/suresms-300x65-1.png","contentUrl":"https:\/\/suresms.com\/wp-content\/uploads\/2024\/11\/suresms-300x65-1.png","width":300,"height":65,"caption":"SureSMS"},"image":{"@id":"https:\/\/suresms.com\/en\/#\/schema\/logo\/image\/"},"sameAs":["https:\/\/www.facebook.com\/p\/SureSMS-100044607956149\/"]}]}},"_links":{"self":[{"href":"https:\/\/suresms.com\/de\/wp-json\/wp\/v2\/pages\/755","targetHints":{"allow":["GET"]}}],"collection":[{"href":"https:\/\/suresms.com\/de\/wp-json\/wp\/v2\/pages"}],"about":[{"href":"https:\/\/suresms.com\/de\/wp-json\/wp\/v2\/types\/page"}],"author":[{"embeddable":true,"href":"https:\/\/suresms.com\/de\/wp-json\/wp\/v2\/users\/1"}],"replies":[{"embeddable":true,"href":"https:\/\/suresms.com\/de\/wp-json\/wp\/v2\/comments?post=755"}],"version-history":[{"count":5,"href":"https:\/\/suresms.com\/de\/wp-json\/wp\/v2\/pages\/755\/revisions"}],"predecessor-version":[{"id":21398,"href":"https:\/\/suresms.com\/de\/wp-json\/wp\/v2\/pages\/755\/revisions\/21398"}],"up":[{"embeddable":true,"href":"https:\/\/suresms.com\/de\/wp-json\/wp\/v2\/pages\/958"}],"wp:attachment":[{"href":"https:\/\/suresms.com\/de\/wp-json\/wp\/v2\/media?parent=755"}],"wp:term":[{"taxonomy":"category","embeddable":true,"href":"https:\/\/suresms.com\/de\/wp-json\/wp\/v2\/categories?post=755"},{"taxonomy":"post_tag","embeddable":true,"href":"https:\/\/suresms.com\/de\/wp-json\/wp\/v2\/tags?post=755"}],"curies":[{"name":"wp","href":"https:\/\/api.w.org\/{rel}","templated":true}]}}