{"id":748,"date":"2014-12-16T20:14:42","date_gmt":"2014-12-16T18:14:42","guid":{"rendered":"https:\/\/www.suresms.com\/dk\/?page_id=748"},"modified":"2024-11-24T17:03:16","modified_gmt":"2024-11-24T17:03:16","slug":"wilkaar-2","status":"publish","type":"page","link":"https:\/\/suresms.com\/de\/politikker\/vilkaar\/","title":{"rendered":"Bedingungen und Konditionen"},"content":{"rendered":"<p><strong>Im Allgemeinen<\/strong><\/p>\n<ol>\n<li>Der Zugang und die Nutzung der SureSMS-Website und -Software unterliegen den folgenden Bestimmungen und Bedingungen\u00a0<a href=\"https:\/\/suresms.com\/de\/datenschutzbestimmungen\/\">Datenschutzbestimmungen<\/a>. Durch die Nutzung dieser Website erkl\u00e4rst du dich mit unseren Allgemeinen Gesch\u00e4ftsbedingungen und\u00a0<a href=\"https:\/\/suresms.com\/de\/datenschutzbestimmungen\/\">Datenschutzbestimmungen<\/a>. Wenn du mit den folgenden Bedingungen oder unserer Datenschutzrichtlinie nicht einverstanden bist, musst du die Nutzung des Dienstes und der Software von SureSMS sofort einstellen.<\/li>\n<li>Wenn du diese Bedingungen akzeptierst, stimmst du zu,\n<ul>\n<li>dass eine Person, die SureSMS vertritt, dich per Telefon, E-Mail oder SMS bez\u00fcglich der von dir genutzten Dienstleistung(en) kontaktieren kann.<\/li>\n<li>dass eine Person, die SureSMS vertritt, dich per Telefon, E-Mail oder SMS bez\u00fcglich verwandter Dienstleistungen kontaktieren kann.<\/li>\n<li>dass SureSMS den Namen des Unternehmens, das du vertrittst, f\u00fcr Marketingzwecke verwenden darf.<\/li>\n<li>wenn du nicht kontaktiert werden m\u00f6chtest, kannst du\u00a0<a href=\"https:\/\/suresms.com\/de\/kontakt\/\">hier <\/a>keinen weiteren Kontakt zulassen<\/li>\n<\/ul>\n<\/li>\n<li>Wenn du nicht alle der folgenden Bedingungen einh\u00e4ltst, erlischt dein Recht auf Zugang sofort.<\/li>\n<li>Wir behalten uns das Recht vor, diese Bedingungen zu \u00e4ndern, ohne dies direkt anzuk\u00fcndigen. Die ge\u00e4nderten Bedingungen treten zu dem in ihnen angegebenen Zeitpunkt in Kraft. Sie werden hier auf der Website verf\u00fcgbar sein. Wir bitten dich daher, sie regelm\u00e4\u00dfig zu lesen, wenn du die Website besuchst. Deine fortgesetzte Nutzung der Website und der von SureSMS entwickelten Software bedeutet, dass du die neuen Nutzungsbedingungen akzeptiert hast.<\/li>\n<li>SureSMS speichert deine pers\u00f6nlichen Daten so lange, wie du ein Nutzer in unseren Systemen bist. SureSMS speichert deine pers\u00f6nlichen Daten bis zu f\u00fcnf Jahre lang. Als registrierter SureSMS-Nutzer hast du das Recht, der Registrierung zu widersprechen, indem du an info@suresms.com schreibst. Glen Mandsberg ist in SureSMS und den damit verbundenen Unternehmen als Datenverantwortlicher eingesetzt. Du kannst uns jederzeit bitten, deine Daten zu l\u00f6schen, nach den Informationen zu fragen, die wir \u00fcber dich haben, und uns bitten, Fehler und Auslassungen in deinen pers\u00f6nlichen Daten zu korrigieren.<\/li>\n<\/ol>\n<p><strong>Unser Service<\/strong><\/p>\n<ol>\n<li>Wir bieten einen Dienst an, der es erm\u00f6glicht, die Netze der Telefongesellschaften zu nutzen, um SMS-Nachrichten von Mobiltelefonen zu senden und zu empfangen.<\/li>\n<li>Der Preis f\u00fcr unsere Dienstleistungen h\u00e4ngt von den gew\u00fcnschten Funktionen, dem Land, in das du senden m\u00f6chtest, und der Software ab, die du zum Senden verwendest. Du kannst unsere aktuelle Preisliste jederzeit erhalten, indem du eine E-Mail schickst an <a href=\"mailto:info@suresms.com\">info@suresms.com<\/a>.<\/li>\n<li>SureSMS bietet Online-Hilfe in Form einer Website. Wenn der Support besetzt ist, tun wir unser Bestes, um auf den Chat-Support zu antworten. Du kannst unsere Support-Mitarbeiter jederzeit um Hilfe bitten, indem du eine E-Mail schreibst an <a href=\"mailto:support@suresms.com\">support@suresms.com<\/a>.<\/li>\n<li>Wir bem\u00fchen uns, dir einen uneingeschr\u00e4nkten Zugang zur Website und anderen Systemen zu erm\u00f6glichen. Wir k\u00f6nnen jedoch keine ununterbrochene Verf\u00fcgbarkeit unseres Dienstes garantieren, genauso wie Telekommunikationsunternehmen keine Zustellung von SMS-Nachrichten garantieren k\u00f6nnen.<\/li>\n<li>Wir behalten uns das Recht vor, alle auf der Website angezeigten Daten, Informationen und Inhalte jederzeit zu bearbeiten, zu l\u00f6schen, zu entfernen, zu \u00e4ndern und zu verbessern.<\/li>\n<\/ol>\n<p><strong>Zul\u00e4ssige Verwendung<\/strong><\/p>\n<ol start=\"1\">\n<li>Du darfst diese Website nicht f\u00fcr illegales, betr\u00fcgerisches oder unehrliches Verhalten nutzen.<\/li>\n<li>Du kannst dich in unseren Systemen nicht als jemand anderes ausgeben, als du bist.<\/li>\n<li>Du darfst unsere Kommunikations- oder technischen Systeme nicht st\u00f6ren, unterbrechen oder unverh\u00e4ltnism\u00e4\u00dfig belasten, wie wir es beurteilen.<\/li>\n<li>Du bist verpflichtet, die Gesetze der L\u00e4nder einzuhalten, in die SMS-Nachrichten gesendet werden. Du bist verpflichtet, dich \u00fcber diese Vorschriften zu informieren.<\/li>\n<li>SureSMS kann dein Konto ohne Vorank\u00fcndigung sperren, wenn der Verdacht besteht, dass das Konto f\u00fcr den Versand illegaler SMS-Nachrichten missbraucht wird. Du wirst sofort benachrichtigt, wenn dein Konto gesperrt wird.<\/li>\n<li>Wenn SureSMS nach dem Missbrauch deines Kontos mit Schadensersatzanspr\u00fcchen konfrontiert wird, kann SureSMS dich f\u00fcr diese Anspr\u00fcche haftbar machen<\/li>\n<\/ol>\n<p><strong>Rechte an geistigem Eigentum<\/strong><\/p>\n<ol>\n<li>Das Urheberrecht an den Daten, Inhalten und Informationen, die auf unserer Website und den zugeh\u00f6rigen Softwaresystemen angezeigt werden, liegt bei SureSMS. Du darfst die auf der Website angezeigten Materialien und Informationen f\u00fcr deinen eigenen Gebrauch ausdrucken, kopieren, \u00fcbertragen oder auszugsweise speichern.<\/li>\n<li>Sofern in diesen Gesch\u00e4ftsbedingungen nicht anders angegeben, darf keines unserer Eigentumsrechte an dieser Website (Daten, Inhalte, Materialien und Informationen, die hier angezeigt werden) ohne vorherige Genehmigung von SureSMS verwendet, kopiert, ver\u00e4ndert, ver\u00f6ffentlicht, \u00fcbertragen, verkauft, abgeleitet, umgestaltet, reproduziert, neu formatiert und verteilt werden.<\/li>\n<\/ol>\n<p><strong>Vernachl\u00e4ssigung unserer Verantwortung<\/strong><\/p>\n<ol>\n<li>SureSMS kann nicht f\u00fcr Verluste haftbar gemacht werden, die im Zusammenhang mit der Nutzung dieser Website oder damit verbundener Softwareprodukte entstehen. Dazu geh\u00f6ren weder direkte noch indirekte Verluste.<\/li>\n<li>SureSMS kann nicht f\u00fcr die Folgen der Nicht-Zustellung von SMS-Nachrichten verantwortlich gemacht werden, da die Verantwortung daf\u00fcr bei den Telekommunikationsunternehmen liegt.<\/li>\n<\/ol>\n<p><strong>Deine Verantwortung<\/strong><\/p>\n<ol>\n<li>Du solltest alle notwendigen Vorkehrungen treffen, um sicherzustellen, dass die von dir beigetragenen Daten, Inhalte, Materialien und Informationen (einschlie\u00dflich\u00a0<em>Benutzerinhalt<\/em>) enth\u00e4lt keine Viren, Spyware, b\u00f6sartige Software oder irgendetwas anderes, das sch\u00e4dliche Auswirkungen auf diese Website, die Websites Dritter oder andere haben k\u00f6nnte.<\/li>\n<li>Um diese Website nutzen zu k\u00f6nnen, musst du eine Registrierung vornehmen. Dein Benutzername und dein Passwort sollten vertraulich behandelt werden, um Missbrauch zu vermeiden. Du bist f\u00fcr die Aktivit\u00e4ten verantwortlich, die \u00fcber deinen Benutzernamen durchgef\u00fchrt werden.<\/li>\n<li>Du bist f\u00fcr deine Beitr\u00e4ge auf dieser Website und die dazugeh\u00f6rigen Softwareprodukte verantwortlich. Dies gilt auch f\u00fcr den Inhalt von SMS-Nachrichten und Empf\u00e4ngern und Informationen \u00fcber Empf\u00e4nger. Du musst garantieren, dass deine Nutzerinhalte keine privaten Rechte, Unternehmensrechte oder andere Rechte Dritter (einschlie\u00dflich vertraulicher Informationen) verletzen.<\/li>\n<li>Du erkl\u00e4rst dich damit einverstanden, dass du f\u00fcr alle Sch\u00e4den, Verluste, Anspr\u00fcche, Unannehmlichkeiten und Kosten, die SureSMS durch deine Nutzung der Website und der damit verbundenen Produkte entstehen, verantwortlich gemacht wirst.<\/li>\n<li>Wenn du Einspruch gegen die Berechnungen einer Rechnung erheben willst, muss dies vor dem Zahlungsdatum der Rechnung geschehen.<\/li>\n<\/ol>\n<p><strong>Stornierung<\/strong><\/p>\n<ol>\n<li>Du kannst dein Abonnement bei SureSMS jederzeit k\u00fcndigen. Die K\u00fcndigungsfrist betr\u00e4gt 0 (null) Tage.<\/li>\n<li>Wir wenden eine R\u00fcckerstattungspolitik an. Das bedeutet, dass wir bereits in Rechnung gestellte oder bezahlte Betr\u00e4ge nicht zur\u00fcckerstatten. Du kannst jederzeit dein gesamtes Guthaben auf deinem SureSMS-Konto verwenden.<\/li>\n<li>Dein SureSMS-Kontoguthaben verf\u00e4llt nicht.<\/li>\n<li>Wenn du dein Konto komplett l\u00f6schen willst, verlierst du den eingezahlten Betrag einschlie\u00dflich aller Gratis-SMS.<\/li>\n<\/ol>\n<p><strong>\u00c4nderungen und Aktualisierungen<\/strong><\/p>\n<ol>\n<li>Wir k\u00f6nnen die Allgemeinen Gesch\u00e4ftsbedingungen \u00e4ndern und aktualisieren. Die Nutzung der Website nach der Aktualisierung bedeutet die Annahme der aktualisierten Version.<\/li>\n<li>Die Allgemeinen Gesch\u00e4ftsbedingungen wurden zuletzt am 19. Dezember 2017 aktualisiert.<\/li>\n<\/ol>\n<p>&nbsp;<\/p>","protected":false},"excerpt":{"rendered":"<p>Allgemeines Der Zugang und die Nutzung der SureSMS-Website und -Software unterliegen den folgenden Bedingungen und Datenschutzrichtlinien. Durch die Nutzung dieser Website erkl\u00e4rst du dich mit unseren Gesch\u00e4ftsbedingungen und unserer Datenschutzerkl\u00e4rung einverstanden. Wenn du den folgenden Bedingungen oder unserer Datenschutzrichtlinie nicht zustimmst, musst du die Nutzung des Dienstes sofort einstellen und ... <a title=\"Bedingungen und Konditionen\" class=\"read-more\" href=\"https:\/\/suresms.com\/de\/politikker\/vilkaar\/\" aria-label=\"Weitere Informationen zu den Allgemeinen Gesch\u00e4ftsbedingungen\">Mehr lesen<\/a><\/p>","protected":false},"author":1,"featured_media":0,"parent":19124,"menu_order":22,"comment_status":"closed","ping_status":"closed","template":"","meta":{"_fl_builder_enabled":"1","_fl_builder_data":null,"_fl_builder_draft":null,"_fl_builder_data_settings":null,"_fl_builder_css":"","_fl_builder_css_version":"","_fl_builder_js":"","footnotes":""},"categories":[],"tags":[],"class_list":["post-748","page","type-page","status-publish"],"yoast_head":"<!-- This site is optimized with the Yoast SEO Premium plugin v27.3 (Yoast SEO v27.3) - https:\/\/yoast.com\/product\/yoast-seo-premium-wordpress\/ -->\r\n<title>Vilk\u00e5r og betingelser -<\/title>\r\n<meta name=\"robots\" content=\"index, follow, max-snippet:-1, max-image-preview:large, max-video-preview:-1\" \/>\r\n<link rel=\"canonical\" href=\"https:\/\/suresms.com\/de\/merkmale\/wilkaar-2\/\" \/>\r\n<meta property=\"og:locale\" content=\"de_DE\" \/>\r\n<meta property=\"og:type\" content=\"article\" \/>\r\n<meta property=\"og:title\" content=\"Vilk\u00e5r og betingelser\" \/>\r\n<meta property=\"og:description\" content=\"Generelt Adgangen og brugen af SureSMS hjemmeside og software sker med udgangspunkt i f\u00f8lgende vilk\u00e5r, betingelser og\u00a0persondatapolitik. Ved brug af denne hjemmeside erkl\u00e6rer du dig enig i vores vilk\u00e5r og betingelser og\u00a0persondatapolitik. Hvis du ikke er enig i de f\u00f8lgende vilk\u00e5r og betingelser eller vores persondatapolitik, skal du straks stoppe med at anvende service og ... Weiterlesen\" \/>\r\n<meta property=\"og:url\" content=\"https:\/\/suresms.com\/de\/merkmale\/wilkaar-2\/\" \/>\r\n<meta property=\"article:publisher\" content=\"https:\/\/www.facebook.com\/p\/SureSMS-100044607956149\/\" \/>\r\n<meta property=\"article:modified_time\" content=\"2024-11-24T17:03:16+00:00\" \/>\r\n<meta name=\"twitter:card\" content=\"summary_large_image\" \/>\r\n<meta name=\"twitter:label1\" content=\"Gesch\u00e4tzte Lesezeit\" \/>\n\t<meta name=\"twitter:data1\" content=\"5\u00a0Minuten\" \/>\r\n<script type=\"application\/ld+json\" class=\"yoast-schema-graph\">{\"@context\":\"https:\\\/\\\/schema.org\",\"@graph\":[{\"@type\":\"WebPage\",\"@id\":\"https:\\\/\\\/suresms.com\\\/politikker\\\/vilkaar\\\/\",\"url\":\"https:\\\/\\\/suresms.com\\\/politikker\\\/vilkaar\\\/\",\"name\":\"Vilk\u00e5r og betingelser -\",\"isPartOf\":{\"@id\":\"https:\\\/\\\/suresms.com\\\/en\\\/#website\"},\"datePublished\":\"2014-12-16T18:14:42+00:00\",\"dateModified\":\"2024-11-24T17:03:16+00:00\",\"breadcrumb\":{\"@id\":\"https:\\\/\\\/suresms.com\\\/politikker\\\/vilkaar\\\/#breadcrumb\"},\"inLanguage\":\"de\",\"potentialAction\":[{\"@type\":\"ReadAction\",\"target\":[\"https:\\\/\\\/suresms.com\\\/politikker\\\/vilkaar\\\/\"]}]},{\"@type\":\"BreadcrumbList\",\"@id\":\"https:\\\/\\\/suresms.com\\\/politikker\\\/vilkaar\\\/#breadcrumb\",\"itemListElement\":[{\"@type\":\"ListItem\",\"position\":1,\"name\":\"Home\",\"item\":\"https:\\\/\\\/suresms.com\\\/dk\\\/\"},{\"@type\":\"ListItem\",\"position\":2,\"name\":\"Politikker\",\"item\":\"https:\\\/\\\/suresms.com\\\/politikker\\\/\"},{\"@type\":\"ListItem\",\"position\":3,\"name\":\"Vilk\u00e5r og betingelser\"}]},{\"@type\":\"WebSite\",\"@id\":\"https:\\\/\\\/suresms.com\\\/en\\\/#website\",\"url\":\"https:\\\/\\\/suresms.com\\\/en\\\/\",\"name\":\"SureSMS\",\"description\":\"Professionel SMS Gateway\",\"publisher\":{\"@id\":\"https:\\\/\\\/suresms.com\\\/en\\\/#organization\"},\"potentialAction\":[{\"@type\":\"SearchAction\",\"target\":{\"@type\":\"EntryPoint\",\"urlTemplate\":\"https:\\\/\\\/suresms.com\\\/en\\\/?s={search_term_string}\"},\"query-input\":{\"@type\":\"PropertyValueSpecification\",\"valueRequired\":true,\"valueName\":\"search_term_string\"}}],\"inLanguage\":\"de\"},{\"@type\":\"Organization\",\"@id\":\"https:\\\/\\\/suresms.com\\\/en\\\/#organization\",\"name\":\"SureSMS\",\"url\":\"https:\\\/\\\/suresms.com\\\/en\\\/\",\"logo\":{\"@type\":\"ImageObject\",\"inLanguage\":\"de\",\"@id\":\"https:\\\/\\\/suresms.com\\\/en\\\/#\\\/schema\\\/logo\\\/image\\\/\",\"url\":\"https:\\\/\\\/suresms.com\\\/wp-content\\\/uploads\\\/2024\\\/11\\\/suresms-300x65-1.png\",\"contentUrl\":\"https:\\\/\\\/suresms.com\\\/wp-content\\\/uploads\\\/2024\\\/11\\\/suresms-300x65-1.png\",\"width\":300,\"height\":65,\"caption\":\"SureSMS\"},\"image\":{\"@id\":\"https:\\\/\\\/suresms.com\\\/en\\\/#\\\/schema\\\/logo\\\/image\\\/\"},\"sameAs\":[\"https:\\\/\\\/www.facebook.com\\\/p\\\/SureSMS-100044607956149\\\/\"]}]}<\/script>\r\n<!-- \/ Yoast SEO Premium plugin. -->","yoast_head_json":{"title":"Bedingungen und Konditionen","robots":{"index":"index","follow":"follow","max-snippet":"max-snippet:-1","max-image-preview":"max-image-preview:large","max-video-preview":"max-video-preview:-1"},"canonical":"https:\/\/suresms.com\/de\/merkmale\/wilkaar-2\/","og_locale":"de_DE","og_type":"article","og_title":"Vilk\u00e5r og betingelser","og_description":"Generelt Adgangen og brugen af SureSMS hjemmeside og software sker med udgangspunkt i f\u00f8lgende vilk\u00e5r, betingelser og\u00a0persondatapolitik. Ved brug af denne hjemmeside erkl\u00e6rer du dig enig i vores vilk\u00e5r og betingelser og\u00a0persondatapolitik. Hvis du ikke er enig i de f\u00f8lgende vilk\u00e5r og betingelser eller vores persondatapolitik, skal du straks stoppe med at anvende service og ... Weiterlesen","og_url":"https:\/\/suresms.com\/de\/merkmale\/wilkaar-2\/","article_publisher":"https:\/\/www.facebook.com\/p\/SureSMS-100044607956149\/","article_modified_time":"2024-11-24T17:03:16+00:00","twitter_card":"summary_large_image","twitter_misc":{"Gesch\u00e4tzte Lesezeit":"5\u00a0Minuten"},"schema":{"@context":"https:\/\/schema.org","@graph":[{"@type":"WebPage","@id":"https:\/\/suresms.com\/politikker\/vilkaar\/","url":"https:\/\/suresms.com\/politikker\/vilkaar\/","name":"Bedingungen und Konditionen","isPartOf":{"@id":"https:\/\/suresms.com\/en\/#website"},"datePublished":"2014-12-16T18:14:42+00:00","dateModified":"2024-11-24T17:03:16+00:00","breadcrumb":{"@id":"https:\/\/suresms.com\/politikker\/vilkaar\/#breadcrumb"},"inLanguage":"de","potentialAction":[{"@type":"ReadAction","target":["https:\/\/suresms.com\/politikker\/vilkaar\/"]}]},{"@type":"BreadcrumbList","@id":"https:\/\/suresms.com\/politikker\/vilkaar\/#breadcrumb","itemListElement":[{"@type":"ListItem","position":1,"name":"Home","item":"https:\/\/suresms.com\/dk\/"},{"@type":"ListItem","position":2,"name":"Politikker","item":"https:\/\/suresms.com\/politikker\/"},{"@type":"ListItem","position":3,"name":"Vilk\u00e5r og betingelser"}]},{"@type":"WebSite","@id":"https:\/\/suresms.com\/en\/#website","url":"https:\/\/suresms.com\/en\/","name":"SureSMS","description":"Professioneller SMS-Gateway","publisher":{"@id":"https:\/\/suresms.com\/en\/#organization"},"potentialAction":[{"@type":"SearchAction","target":{"@type":"EntryPoint","urlTemplate":"https:\/\/suresms.com\/en\/?s={search_term_string}"},"query-input":{"@type":"PropertyValueSpecification","valueRequired":true,"valueName":"search_term_string"}}],"inLanguage":"de"},{"@type":"Organization","@id":"https:\/\/suresms.com\/en\/#organization","name":"SureSMS","url":"https:\/\/suresms.com\/en\/","logo":{"@type":"ImageObject","inLanguage":"de","@id":"https:\/\/suresms.com\/en\/#\/schema\/logo\/image\/","url":"https:\/\/suresms.com\/wp-content\/uploads\/2024\/11\/suresms-300x65-1.png","contentUrl":"https:\/\/suresms.com\/wp-content\/uploads\/2024\/11\/suresms-300x65-1.png","width":300,"height":65,"caption":"SureSMS"},"image":{"@id":"https:\/\/suresms.com\/en\/#\/schema\/logo\/image\/"},"sameAs":["https:\/\/www.facebook.com\/p\/SureSMS-100044607956149\/"]}]}},"_links":{"self":[{"href":"https:\/\/suresms.com\/de\/wp-json\/wp\/v2\/pages\/748","targetHints":{"allow":["GET"]}}],"collection":[{"href":"https:\/\/suresms.com\/de\/wp-json\/wp\/v2\/pages"}],"about":[{"href":"https:\/\/suresms.com\/de\/wp-json\/wp\/v2\/types\/page"}],"author":[{"embeddable":true,"href":"https:\/\/suresms.com\/de\/wp-json\/wp\/v2\/users\/1"}],"replies":[{"embeddable":true,"href":"https:\/\/suresms.com\/de\/wp-json\/wp\/v2\/comments?post=748"}],"version-history":[{"count":1,"href":"https:\/\/suresms.com\/de\/wp-json\/wp\/v2\/pages\/748\/revisions"}],"predecessor-version":[{"id":19133,"href":"https:\/\/suresms.com\/de\/wp-json\/wp\/v2\/pages\/748\/revisions\/19133"}],"up":[{"embeddable":true,"href":"https:\/\/suresms.com\/de\/wp-json\/wp\/v2\/pages\/19124"}],"wp:attachment":[{"href":"https:\/\/suresms.com\/de\/wp-json\/wp\/v2\/media?parent=748"}],"wp:term":[{"taxonomy":"category","embeddable":true,"href":"https:\/\/suresms.com\/de\/wp-json\/wp\/v2\/categories?post=748"},{"taxonomy":"post_tag","embeddable":true,"href":"https:\/\/suresms.com\/de\/wp-json\/wp\/v2\/tags?post=748"}],"curies":[{"name":"wp","href":"https:\/\/api.w.org\/{rel}","templated":true}]}}