{"id":602,"date":"2014-11-12T16:16:06","date_gmt":"2014-11-12T14:16:06","guid":{"rendered":"https:\/\/www.suresms.com\/dk\/?page_id=602"},"modified":"2024-12-06T12:48:59","modified_gmt":"2024-12-06T12:48:59","slug":"sms-plugins","status":"publish","type":"page","link":"https:\/\/suresms.com\/de\/sms-gateway-professionelle-sms-losninger\/ikke-navigerbare-sider-suresms-com-parent\/sms-plugins\/","title":{"rendered":"SMS-Plugins"},"content":{"rendered":"<img loading=\"lazy\" decoding=\"async\" src=\"https:\/\/www.suresms.com\/dk\/wp-content\/uploads\/2014\/10\/Funktioner-Udviklere-Menu-200x50-pix.jpg\" alt=\"Merkmale und Funktionen Entwickler-API SureSMS\" itemprop=\"image\" height=\"50\" width=\"200\" title=\"Funktionen Entwickler Men\u00fc\" onerror=\"this.style.display='none'\">\n\t<p>&lt; Zur\u00fcck zu <a title=\"Eigenschaften und Funktionen\" href=\"https:\/\/suresms.com\/de\/eigenschaften\/\">Eigenschaften &amp; Funktionen<\/a><\/p>\n\t\t<h3>Versuche es JETZT!<\/h3>\n\t\t<p>Erstellen Sie jetzt ein kostenloses Testkonto und erhalten Sie 50 kostenlose SMS. Keine Bedingungen gestellt<\/p>\n\t\t\t<a href=\"https:\/\/suresms.com\/de\/kostenloses-sms-testkonto\/\" target=\"_self\" role=\"button\" rel=\"noopener\">\n\t\t\t\t\t\t\tProbekonto erstellen\n\t\t\t\t\t<\/a>\n\t<h1>SMS-Plugin<\/h1>\n<p>Diese Seite enth\u00e4lt SMS-Plugins, die von oder f\u00fcr SureSMS erstellt wurden. Es gibt SMS-Plugins, die von SureSMS entwickelt wurden, sowie andere, die von SureSMS verwendet werden k\u00f6nnen.<\/p>\n<p>Wir f\u00fcgen regelm\u00e4\u00dfig neue Plugins hinzu. Behalten Sie also diese Seite im Auge, um die neuesten Erweiterungen zu sehen.<\/p>\n<h3>Was ist ein Plugin?<\/h3>\n<p>Ein Plugin ist eine Art Erweiterung oder Zusatz zu deiner Standardeinrichtung oder deinem System. Wenn wir bei SureSMS Plug-ins oder Add-ins, wie sie zum Beispiel f\u00fcr Outlook genannt werden, erstellen, handelt es sich in der Regel um eine Erg\u00e4nzung zu einem System, damit du unseren SMS-Dienst in das System integrieren kannst. Ein Plugin oder Add-in ist also eine Erg\u00e4nzung.<\/p>\n<h3>Alle Plugins sind kostenlos<\/h3>\n<p>Wir haben uns von Anfang an daf\u00fcr entschieden, dass alle Plugins, die wir entwickeln, kostenlos sind. Das bedeutet, dass du weder f\u00fcr die Installation noch f\u00fcr die Nutzung der Plugins bezahlen musst. Es ist ein kostenloser Service von SureSMS f\u00fcr unsere Kunden.<\/p>\n<h3>Plugins direkt aus Outlook oder WordPress herunterladen<\/h3>\n<p>Wenn wir Plugins erstellen, achten wir darauf, dass sie nach den Richtlinien der Standardanwendungen entwickelt werden. Deshalb k\u00f6nnen unsere Plugins auch direkt von den Anwendungen heruntergeladen werden, f\u00fcr die sie entwickelt wurden. In der Praxis bedeutet das, dass unser Plugin f\u00fcr WordPress direkt von der Plugin-\u00dcbersicht heruntergeladen werden kann, genauso wie unser Add-in direkt von Outlook heruntergeladen werden kann.<\/p>\n<h3>Erhalte zuerst ein Konto<\/h3>\n<p>F\u00fcr alle Plugins brauchst du ein Konto, mit dem du dich bei der Installation des neuen Plugins registrierst. SureSMS stellt ein solches Konto schnell, einfach und kostenlos zur Verf\u00fcgung.<\/p>\n<p>Sie erstellen ein kostenloses Konto, indem Sie das Formular auf dieser Seite ausf\u00fcllen. Nachdem Sie Ihre Angaben \u00fcbermittelt haben, senden wir Ihnen eine E-Mail mit den Informationen, die Sie zur Aktivierung Ihres Plugins ben\u00f6tigen. Mit der Einrichtung eines Kontos sind keine Kosten verbunden und unser SMS-Gateway-Konto ist an keine Bedingungen gekn\u00fcpft.<\/p>\n\t\t\t\t<a href=\"https:\/\/suresms.com\/de\/sms-outlook-add\/\" target=\"_self\" itemprop=\"url\" rel=\"noopener\">\n\t\t\t\t<img loading=\"lazy\" decoding=\"async\" src=\"https:\/\/www.suresms.com\/dk\/wp-content\/uploads\/2016\/06\/SureSMS-sms-Outlook-Add-in.png\" alt=\"SureSMS sms Outlook Add-in\" itemprop=\"image\" height=\"250\" width=\"400\" title=\"SureSMS sms Outlook Add-in\" onerror=\"this.style.display='none'\">\n\t\t\t\t<\/a>\n\t\t<h3><a href=\"https:\/\/suresms.com\/de\/sms-outlook-add\/\" target=\"_self\" rel=\"noopener\">Outlook SMS Add-in<\/a><\/h3>\t\t\n\t\t\t<p>Unser Outlook Add-in enth\u00e4lt eine Schaltfl\u00e4che in Ihrer Men\u00fcleiste, mit der Sie SMS-Nachrichten direkt aus Ihrem Outlook-Postfach versenden k\u00f6nnen. Sie entscheiden, von welcher Mobilfunknummer und in welchem Ordner die Nachrichten gespeichert werden. Perfekt f\u00fcr die Dokumentation und Protokollierung mit Ihrem System.<\/p>\n<p>Lies <a href=\"https:\/\/suresms.com\/de\/sms-outlook-add\/\">Mehr \u00fcber das SMS Outlook Add-in von SureSMS<\/a> Hier.<\/p>\n<p>Sie k\u00f6nnen schnell ein Konto erstellen, w\u00e4hrend Sie unser Add-in herunterladen. Testen Sie unser Add-in und erhalten Sie 50 kostenlose SMS mit Ihrem Testkonto.<\/p>\n\t\t\t<a href=\"https:\/\/suresms.com\/de\/sms-outlook-add\/\" target=\"_self\" role=\"button\" rel=\"noopener\">\n\t\t\t\t\t\t\tOM SureSMS Outlook Add in\n\t\t\t\t\t<\/a>\n\t\t\t\t<a href=\"https:\/\/suresms.com\/de\/sms-plugins\/wordpress-sms-plugin\/\" target=\"_self\" itemprop=\"url\" rel=\"noopener\">\n\t\t\t\t<img loading=\"lazy\" decoding=\"async\" src=\"https:\/\/www.suresms.com\/dk\/wp-content\/uploads\/2014\/11\/SMS-plugin-Suresms-til-WordPress-2.jpg\" alt=\"SMS-Plugin Suresms f\u00fcr WordPress\" itemprop=\"image\" height=\"250\" width=\"400\" title=\"SMS-Plugin Suresms f\u00fcr WordPress\" onerror=\"this.style.display='none'\">\n\t\t\t\t<\/a>\n\t\t<h3><a href=\"https:\/\/suresms.com\/de\/sms-plugins\/wordpress-sms-plugin\/\" target=\"_self\" rel=\"noopener\">WordPress SMS-Plugin<\/a><\/h3>\t\t\n\t\t\t<p>Unser WP-Plugin enth\u00e4lt ein Widget, das du auf deiner Website platzieren kannst, damit deine Besucher von dort aus SMS versenden k\u00f6nnen. Du kannst eine Fu\u00dfzeile in der SMS-Nachricht definieren, so dass du eine Anzeige erh\u00e4ltst, wenn Leute von deiner Website aus Nachrichten versenden. Ein toller Service f\u00fcr deine Kunden und Marketing in einer einzigen L\u00f6sung.<\/p>\n<p>Lies <a href=\"https:\/\/suresms.com\/de\/sms-plugins\/wordpress-sms-plugin\/\">mehr \u00fcber SMS WordPress Plugin<\/a>&nbsp;Hier.<\/p>\n<p>Damit es funktioniert, m\u00fcssen Sie Ihren Benutzernamen und Ihr Passwort eingeben. Erstellen Sie ein kostenloses Konto \u00fcber den Link hier. Wir werden Ihnen Ihre Anmeldedaten innerhalb von 5 Minuten zusenden.<\/p>\n\t\t\t<a href=\"https:\/\/suresms.com\/de\/sms-plugins\/wordpress-sms-plugin\/\" target=\"_self\" role=\"button\" rel=\"noopener\">\n\t\t\t\t\t\t\t\u00dcber das SMS WordPress Plugin\n\t\t\t\t\t<\/a>\n\t\t\t\t<a href=\"https:\/\/suresms.com\/de\/woocommerce-sms-losung\/\" target=\"_self\" itemprop=\"url\" rel=\"noopener\">\n\t\t\t\t<img loading=\"lazy\" decoding=\"async\" src=\"https:\/\/www.suresms.com\/dk\/wp-content\/uploads\/2014\/11\/SMS-til-WooCommerce-call-out.jpg\" alt=\"SMS an WooCommerce Aufruf\" itemprop=\"image\" height=\"250\" width=\"400\" title=\"SMS an WooCommerce Aufruf\" onerror=\"this.style.display='none'\">\n\t\t\t\t<\/a>\n\t\t<h3><a href=\"https:\/\/suresms.com\/de\/woocommerce-sms-losung\/\" target=\"_self\" rel=\"noopener\">WooCommerce SMS Plugin<\/a><\/h3>\t\t\n\t\t\t<p>In Zusammenarbeit mit SureSMS hat Rommel.dk ein Plugin f\u00fcr WooCommerce entwickelt. WooCommerce ist die meistgenutzte Webshop-Plattform der Welt.<\/p>\n<p>Mit diesem Plugin kannst du automatisch SMS an deine Kunden senden, wenn etwas mit ihrer Bestellung passiert. Zum Beispiel, wenn die Bestellung versandt wurde oder wenn du eine Frage zur Bestellung stellen musst.<\/p>\n<p><a href=\"https:\/\/suresms.com\/de\/woocommerce-sms-losung\/\">Mehr \u00fcber das WooCommerce Plugin erf\u00e4hrst du hier.<\/a><\/p>\n<p>Damit es funktioniert, m\u00fcssen Sie Ihren Benutzernamen und Ihr Passwort eingeben. Erstellen Sie ein kostenloses Konto \u00fcber den Link hier. Wir werden Ihnen Ihre Anmeldedaten innerhalb von 5 Minuten zusenden.<\/p>\n\t\t\t<a href=\"https:\/\/suresms.com\/de\/woocommerce-sms-losung\/\" target=\"_self\" role=\"button\" rel=\"noopener\">\n\t\t\t\t\t\t\t\u00dcber das WooCommerce Plugin\n\t\t\t\t\t<\/a>\n\t\t\t\t<a href=\"https:\/\/suresms.com\/de\/joomla-sms-losung\/\" target=\"_self\" itemprop=\"url\" rel=\"noopener\">\n\t\t\t\t<img loading=\"lazy\" decoding=\"async\" src=\"https:\/\/www.suresms.com\/dk\/wp-content\/uploads\/2014\/11\/joomla.jpg\" alt=\"joomla\" itemprop=\"image\" height=\"124\" width=\"124\" title=\"joomla\" onerror=\"this.style.display='none'\">\n\t\t\t\t<\/a>\n\t\t<h3><a href=\"https:\/\/suresms.com\/de\/joomla-sms-losung\/\" target=\"_self\" rel=\"noopener\">Joomla SMS Plugin<\/a><\/h3>\t\t\n\t\t\t<p>SureSMS ist eines der beliebtesten SMS-Gateways in AcySMS. Acyba hat ein Joomla-Plugin entwickelt, das es erm\u00f6glicht, Newsletter, Angebote, Bestellstatus und vieles mehr per SMS von Joomla aus zu versenden.<\/p>\n<p><a href=\"https:\/\/suresms.com\/de\/joomla-sms-losung\/\">Mehr \u00fcber das Joomla-Plugin erf\u00e4hrst du hier.<\/a><\/p>\n<p>Als einziges d\u00e4nisches SMS-Gateway bietet SureSMS auch SMS-Empfang in AcySMS und Joomla.<\/p>\n\t\t\t<a href=\"https:\/\/suresms.com\/de\/joomla-sms-losung\/\" target=\"_self\" role=\"button\" rel=\"noopener\">\n\t\t\t\t\t\t\t\u00dcber Joomla Plugin\n\t\t\t\t\t<\/a>\n\t\t<h4>Willst du sofort ein Konto erstellen? <\/h4>\n\t\t<p>Wir sind bereit und warten darauf, dich als SureSMS-Kunde zu begr\u00fc\u00dfen!<\/p>\n\t\t\t<a href=\"https:\/\/suresms.com\/de\/sms-gateway-konto-erstellen\/\" target=\"_self\" role=\"button\" rel=\"noopener\">\n\t\t\t\t\t\t\tErstelle ein SureSMS-Konto!\n\t\t\t\t\t<\/a>\n\t\t<h4>Bestelle eine 2-Wege-L\u00f6sung!<\/h4>\n\t\t<p>Sie haben bereits ein Konto? Bestellen Sie eine 2-Wege-L\u00f6sung und erhalten Sie die zus\u00e4tzlichen Optionen, die Ihre eigene L\u00f6sung bietet.&nbsp;<\/p>\n\t\t\t<a href=\"https:\/\/suresms.com\/de\/2-wege-entladung-bestellen\/\" target=\"_self\" role=\"button\" rel=\"noopener\">\n\t\t\t\t\t\t\t2-Wege-L\u00f6sung bestellen\n\t\t\t\t\t<\/a>\n\t<h4><strong>Hier k\u00f6nnen Sie ein Beispiel daf\u00fcr lesen, wie unsere Kunden SMS2SMS heute nutzen<\/strong><\/h4>\n<ul>\n<li>Wir haben unsere SMS2SMS-L\u00f6sung f\u00fcr ein d\u00e4nisches Architekturb\u00fcro entwickelt, das eine SMS-L\u00f6sung f\u00fcr seine Bauprojekte ben\u00f6tigte. Die L\u00f6sung sollte die Kommunikation erleichtern und es Bauunternehmern und Subunternehmern erm\u00f6glichen, mit den Anwohnern \u00fcber den Fortschritt von Bauprojekten, Angebote und mehr zu kommunizieren. Gleichzeitig wollte das Architekturb\u00fcro eine L\u00f6sung, bei der sich die Bewohner selbst f\u00fcr den Informationsfluss anmelden k\u00f6nnen.&nbsp; <strong>SureSMS hat das SMS2SMS-Produkt f\u00fcr Architekten entwickelt<\/strong>. Jeder kann Informationen \u00fcber eine einzige SMS an die L\u00f6sung senden und die Bewohner k\u00f6nnen sich \u00fcber Schl\u00fcsselw\u00f6rter daf\u00fcr anmelden.<\/li>\n<\/ul>\n<p>&nbsp;<\/p>\n\t\t\t\t<a href=\"https:\/\/manual.suresms.com\/\" target=\"_self\" itemprop=\"url\" rel=\"noopener\">\n\t\t\t\t<img loading=\"lazy\" decoding=\"async\" src=\"https:\/\/www.suresms.com\/dk\/wp-content\/uploads\/bb-plugin\/cache\/Manual-400x250-px1-panorama.jpg\" alt=\"Handbuch Website suresms\" itemprop=\"image\" height=\"250\" width=\"400\" title=\"Handbuch 400x250 px\" onerror=\"this.style.display='none'\">\n\t\t\t\t<\/a>\n<h3><a href=\"https:\/\/manual.suresms.com\/\" target=\"_self\" rel=\"noopener\">Besuche unsere Handbuch-Website<\/a><\/h3>\t\t\n\t\t\t<p>Um unseren Kunden zu helfen, haben wir alle Anleitungen und Beschreibungen auf manual.suresms.com gesammelt. Hier erf\u00e4hrst du, wie unser Gateway funktioniert und erh\u00e4ltst einfache, benutzerfreundliche Anleitungen f\u00fcr seine vielen Funktionen.&nbsp;<\/p>\n\t\t\t\t<a href=\"https:\/\/developer.suresms.com\/\" target=\"_self\" itemprop=\"url\" rel=\"noopener\">\n\t\t\t\t<img loading=\"lazy\" decoding=\"async\" src=\"https:\/\/www.suresms.com\/dk\/wp-content\/uploads\/bb-plugin\/cache\/developer-400x250-px-panorama.jpg\" alt=\"Entwickler suresms Website f\u00fcr Entwickler\" itemprop=\"image\" height=\"250\" width=\"400\" title=\"Entwickler 400x250 px\" onerror=\"this.style.display='none'\">\n\t\t\t\t<\/a>\n<h3><a href=\"https:\/\/developer.suresms.com\/\" target=\"_self\" rel=\"noopener\">developer.suresms.com <\/a><\/h3>\t\t\n\t\t\t<p>SureSMS ist von Entwicklern f\u00fcr Entwickler gemacht!<br \/>Auf developer.suresms.com haben wir Dokumentation und Codebeispiele zusammengestellt, um die Integration unseres Gateways in Ihr System zu erleichtern.<\/p>\n\t\t\t\t<a href=\"https:\/\/www.youtube.com\/channel\/UC1XGC5rl9mI9ndtBVn8yq7g\" target=\"_self\" itemprop=\"url\" rel=\"noopener\">\n\t\t\t\t<img loading=\"lazy\" decoding=\"async\" src=\"https:\/\/www.suresms.com\/dk\/wp-content\/uploads\/bb-plugin\/cache\/you-tube400x250px-panorama.jpg\" alt=\"suresms sms gateway you tube videos\" itemprop=\"image\" height=\"250\" width=\"400\" title=\"you tube 400x250px\" onerror=\"this.style.display='none'\">\n\t\t\t\t<\/a>\n<h3><a href=\"https:\/\/www.youtube.com\/channel\/UC1XGC5rl9mI9ndtBVn8yq7g\" target=\"_self\" rel=\"noopener\">Schau dir unsere Lehrvideos an!<\/a><\/h3>\t\t\n\t\t\t<p>Willst du eine neue Funktion einf\u00fchren? Oder m\u00f6chtest du einfach nur ein bisschen mehr dar\u00fcber wissen, wie unser Gateway funktioniert? Auf Youtube haben wir unsere Anleitungsvideos gesammelt. Es kann losgehen!<\/p>","protected":false},"excerpt":{"rendered":"<p>&lt; Zur\u00fcck zu Features &amp; Funktionen Jetzt ausprobieren! Erstellen Sie jetzt ein kostenloses Testkonto und erhalten Sie 50 kostenlose SMS. Kostenloses Testkonto erstellen SMS-Plugin Diese Seite enth\u00e4lt SMS-Plugins, die von oder f\u00fcr SureSMS erstellt wurden. Es gibt sowohl SMS-Plugins von SureSMS als auch andere, die von SureSMS verwendet werden k\u00f6nnen. Wir f\u00fcgen regelm\u00e4\u00dfig neue hinzu... <a title=\"SMS-Plugins\" class=\"read-more\" href=\"https:\/\/suresms.com\/de\/sms-gateway-professionelle-sms-losninger\/ikke-navigerbare-sider-suresms-com-parent\/sms-plugins\/\" aria-label=\"Erfahren Sie mehr \u00fcber SMS-Plugins\">Mehr lesen<\/a><\/p>","protected":false},"author":1,"featured_media":0,"parent":2923,"menu_order":5,"comment_status":"closed","ping_status":"closed","template":"","meta":{"_fl_builder_enabled":"1","_fl_builder_data":null,"_fl_builder_draft":null,"_fl_builder_data_settings":null,"_fl_builder_css":"","_fl_builder_css_version":"","_fl_builder_js":"","footnotes":""},"categories":[],"tags":[],"class_list":["post-602","page","type-page","status-publish"],"yoast_head":"<!-- This site is optimized with the Yoast SEO Premium plugin v27.3 (Yoast SEO v27.3) - https:\/\/yoast.com\/product\/yoast-seo-premium-wordpress\/ -->\r\n<title>SMS plugins | Samlet liste over alle SMS plugins - SureSMS \u2713<\/title>\r\n<meta name=\"description\" content=\"En komplet liste over SMS plugins til SureSMS. Find dit SMS plugin p\u00e5 denne side. indeholder undersider for hvert plugin til SMS.\" \/>\r\n<meta name=\"robots\" content=\"index, follow, max-snippet:-1, max-image-preview:large, max-video-preview:-1\" \/>\r\n<link rel=\"canonical\" href=\"https:\/\/suresms.com\/de\/sms-gateway-professionelle-sms-losungen\/nicht-navigierbare-seiten-auf-parent-suresms-com\/sms-plugins\/\" \/>\r\n<meta property=\"og:locale\" content=\"de_DE\" \/>\r\n<meta property=\"og:type\" content=\"article\" \/>\r\n<meta property=\"og:title\" content=\"Download vores gratis Plugins - SureSMS\" \/>\r\n<meta property=\"og:description\" content=\"Vi udvikler Plugins, s\u00e5 vores SMS Gateway kan integreres let og hurtigt med dit system. Alle Plugins er gratis. Send SMS direkte fra Outlook eller din WordPress hjemmeside. Betal kun pr. SMS\" \/>\r\n<meta property=\"og:url\" content=\"https:\/\/suresms.com\/de\/sms-gateway-professionelle-sms-losungen\/nicht-navigierbare-seiten-auf-parent-suresms-com\/sms-plugins\/\" \/>\r\n<meta property=\"article:publisher\" content=\"https:\/\/www.facebook.com\/p\/SureSMS-100044607956149\/\" \/>\r\n<meta property=\"article:modified_time\" content=\"2024-12-06T12:48:59+00:00\" \/>\r\n<meta property=\"og:image\" content=\"https:\/\/suresms.com\/wp-content\/uploads\/2014\/11\/SureSMS-Plugins-snippet.jpg\" \/>\r\n\t<meta property=\"og:image:width\" content=\"400\" \/>\r\n\t<meta property=\"og:image:height\" content=\"250\" \/>\r\n\t<meta property=\"og:image:type\" content=\"image\/jpeg\" \/>\r\n<meta name=\"twitter:card\" content=\"summary_large_image\" \/>\r\n<meta name=\"twitter:title\" content=\"SMS plugins\" \/>\r\n<meta name=\"twitter:label1\" content=\"Gesch\u00e4tzte Lesezeit\" \/>\n\t<meta name=\"twitter:data1\" content=\"7\u00a0Minuten\" \/>\r\n<script type=\"application\/ld+json\" class=\"yoast-schema-graph\">{\"@context\":\"https:\\\/\\\/schema.org\",\"@graph\":[{\"@type\":\"WebPage\",\"@id\":\"https:\\\/\\\/suresms.com\\\/dk\\\/sms-gateway-professionelle-sms-losninger\\\/ikke-navigerbare-sider-suresms-com-parent\\\/sms-plugins\\\/\",\"url\":\"https:\\\/\\\/suresms.com\\\/dk\\\/sms-gateway-professionelle-sms-losninger\\\/ikke-navigerbare-sider-suresms-com-parent\\\/sms-plugins\\\/\",\"name\":\"SMS plugins | Samlet liste over alle SMS plugins - SureSMS \u2713\",\"isPartOf\":{\"@id\":\"https:\\\/\\\/suresms.com\\\/en\\\/#website\"},\"primaryImageOfPage\":{\"@id\":\"https:\\\/\\\/suresms.com\\\/dk\\\/sms-gateway-professionelle-sms-losninger\\\/ikke-navigerbare-sider-suresms-com-parent\\\/sms-plugins\\\/#primaryimage\"},\"image\":{\"@id\":\"https:\\\/\\\/suresms.com\\\/dk\\\/sms-gateway-professionelle-sms-losninger\\\/ikke-navigerbare-sider-suresms-com-parent\\\/sms-plugins\\\/#primaryimage\"},\"thumbnailUrl\":\"https:\\\/\\\/www.suresms.com\\\/dk\\\/wp-content\\\/uploads\\\/2014\\\/10\\\/Funktioner-Udviklere-Menu-200x50-pix.jpg\",\"datePublished\":\"2014-11-12T14:16:06+00:00\",\"dateModified\":\"2024-12-06T12:48:59+00:00\",\"description\":\"En komplet liste over SMS plugins til SureSMS. Find dit SMS plugin p\u00e5 denne side. indeholder undersider for hvert plugin til SMS.\",\"breadcrumb\":{\"@id\":\"https:\\\/\\\/suresms.com\\\/dk\\\/sms-gateway-professionelle-sms-losninger\\\/ikke-navigerbare-sider-suresms-com-parent\\\/sms-plugins\\\/#breadcrumb\"},\"inLanguage\":\"de\",\"potentialAction\":[{\"@type\":\"ReadAction\",\"target\":[\"https:\\\/\\\/suresms.com\\\/dk\\\/sms-gateway-professionelle-sms-losninger\\\/ikke-navigerbare-sider-suresms-com-parent\\\/sms-plugins\\\/\"]}]},{\"@type\":\"ImageObject\",\"inLanguage\":\"de\",\"@id\":\"https:\\\/\\\/suresms.com\\\/dk\\\/sms-gateway-professionelle-sms-losninger\\\/ikke-navigerbare-sider-suresms-com-parent\\\/sms-plugins\\\/#primaryimage\",\"url\":\"https:\\\/\\\/www.suresms.com\\\/dk\\\/wp-content\\\/uploads\\\/2014\\\/10\\\/Funktioner-Udviklere-Menu-200x50-pix.jpg\",\"contentUrl\":\"https:\\\/\\\/www.suresms.com\\\/dk\\\/wp-content\\\/uploads\\\/2014\\\/10\\\/Funktioner-Udviklere-Menu-200x50-pix.jpg\"},{\"@type\":\"BreadcrumbList\",\"@id\":\"https:\\\/\\\/suresms.com\\\/dk\\\/sms-gateway-professionelle-sms-losninger\\\/ikke-navigerbare-sider-suresms-com-parent\\\/sms-plugins\\\/#breadcrumb\",\"itemListElement\":[{\"@type\":\"ListItem\",\"position\":1,\"name\":\"Home\",\"item\":\"https:\\\/\\\/suresms.com\\\/dk\\\/\"},{\"@type\":\"ListItem\",\"position\":2,\"name\":\"SMS gateway &#8211; professionelle SMS-l\u00f8sninger\",\"item\":\"https:\\\/\\\/suresms.com\\\/dk\\\/\"},{\"@type\":\"ListItem\",\"position\":3,\"name\":\"Ikke navigerbare sider suresms.com &#8211; parent\",\"item\":\"https:\\\/\\\/suresms.com\\\/dk\\\/sms-gateway-professionelle-sms-losninger\\\/ikke-navigerbare-sider-suresms-com-parent\\\/\"},{\"@type\":\"ListItem\",\"position\":4,\"name\":\"SMS plugins\"}]},{\"@type\":\"WebSite\",\"@id\":\"https:\\\/\\\/suresms.com\\\/en\\\/#website\",\"url\":\"https:\\\/\\\/suresms.com\\\/en\\\/\",\"name\":\"SureSMS\",\"description\":\"Professionel SMS Gateway\",\"publisher\":{\"@id\":\"https:\\\/\\\/suresms.com\\\/en\\\/#organization\"},\"potentialAction\":[{\"@type\":\"SearchAction\",\"target\":{\"@type\":\"EntryPoint\",\"urlTemplate\":\"https:\\\/\\\/suresms.com\\\/en\\\/?s={search_term_string}\"},\"query-input\":{\"@type\":\"PropertyValueSpecification\",\"valueRequired\":true,\"valueName\":\"search_term_string\"}}],\"inLanguage\":\"de\"},{\"@type\":\"Organization\",\"@id\":\"https:\\\/\\\/suresms.com\\\/en\\\/#organization\",\"name\":\"SureSMS\",\"url\":\"https:\\\/\\\/suresms.com\\\/en\\\/\",\"logo\":{\"@type\":\"ImageObject\",\"inLanguage\":\"de\",\"@id\":\"https:\\\/\\\/suresms.com\\\/en\\\/#\\\/schema\\\/logo\\\/image\\\/\",\"url\":\"https:\\\/\\\/suresms.com\\\/wp-content\\\/uploads\\\/2024\\\/11\\\/suresms-300x65-1.png\",\"contentUrl\":\"https:\\\/\\\/suresms.com\\\/wp-content\\\/uploads\\\/2024\\\/11\\\/suresms-300x65-1.png\",\"width\":300,\"height\":65,\"caption\":\"SureSMS\"},\"image\":{\"@id\":\"https:\\\/\\\/suresms.com\\\/en\\\/#\\\/schema\\\/logo\\\/image\\\/\"},\"sameAs\":[\"https:\\\/\\\/www.facebook.com\\\/p\\\/SureSMS-100044607956149\\\/\"]}]}<\/script>\r\n<!-- \/ Yoast SEO Premium plugin. -->","yoast_head_json":{"title":"SMS-Plugins | Vollst\u00e4ndige Liste aller SMS-Plugins - SureSMS \u2713 \u2713 \u2713 SureSMS","description":"Eine vollst\u00e4ndige Liste der SMS-Plugins f\u00fcr SureSMS. Finde dein SMS-Plugin auf dieser Seite. enth\u00e4lt Unterseiten f\u00fcr jedes SMS-Plugin.","robots":{"index":"index","follow":"follow","max-snippet":"max-snippet:-1","max-image-preview":"max-image-preview:large","max-video-preview":"max-video-preview:-1"},"canonical":"https:\/\/suresms.com\/de\/sms-gateway-professionelle-sms-losungen\/nicht-navigierbare-seiten-auf-parent-suresms-com\/sms-plugins\/","og_locale":"de_DE","og_type":"article","og_title":"Download vores gratis Plugins - SureSMS","og_description":"Vi udvikler Plugins, s\u00e5 vores SMS Gateway kan integreres let og hurtigt med dit system. Alle Plugins er gratis. Send SMS direkte fra Outlook eller din WordPress hjemmeside. Betal kun pr. SMS","og_url":"https:\/\/suresms.com\/de\/sms-gateway-professionelle-sms-losungen\/nicht-navigierbare-seiten-auf-parent-suresms-com\/sms-plugins\/","article_publisher":"https:\/\/www.facebook.com\/p\/SureSMS-100044607956149\/","article_modified_time":"2024-12-06T12:48:59+00:00","og_image":[{"width":400,"height":250,"url":"https:\/\/suresms.com\/wp-content\/uploads\/2014\/11\/SureSMS-Plugins-snippet.jpg","type":"image\/jpeg"}],"twitter_card":"summary_large_image","twitter_title":"SMS plugins","twitter_misc":{"Gesch\u00e4tzte Lesezeit":"7\u00a0Minuten"},"schema":{"@context":"https:\/\/schema.org","@graph":[{"@type":"WebPage","@id":"https:\/\/suresms.com\/dk\/sms-gateway-professionelle-sms-losninger\/ikke-navigerbare-sider-suresms-com-parent\/sms-plugins\/","url":"https:\/\/suresms.com\/dk\/sms-gateway-professionelle-sms-losninger\/ikke-navigerbare-sider-suresms-com-parent\/sms-plugins\/","name":"SMS-Plugins | Vollst\u00e4ndige Liste aller SMS-Plugins - SureSMS \u2713 \u2713 \u2713 SureSMS","isPartOf":{"@id":"https:\/\/suresms.com\/en\/#website"},"primaryImageOfPage":{"@id":"https:\/\/suresms.com\/dk\/sms-gateway-professionelle-sms-losninger\/ikke-navigerbare-sider-suresms-com-parent\/sms-plugins\/#primaryimage"},"image":{"@id":"https:\/\/suresms.com\/dk\/sms-gateway-professionelle-sms-losninger\/ikke-navigerbare-sider-suresms-com-parent\/sms-plugins\/#primaryimage"},"thumbnailUrl":"https:\/\/www.suresms.com\/dk\/wp-content\/uploads\/2014\/10\/Funktioner-Udviklere-Menu-200x50-pix.jpg","datePublished":"2014-11-12T14:16:06+00:00","dateModified":"2024-12-06T12:48:59+00:00","description":"Eine vollst\u00e4ndige Liste der SMS-Plugins f\u00fcr SureSMS. Finde dein SMS-Plugin auf dieser Seite. enth\u00e4lt Unterseiten f\u00fcr jedes SMS-Plugin.","breadcrumb":{"@id":"https:\/\/suresms.com\/dk\/sms-gateway-professionelle-sms-losninger\/ikke-navigerbare-sider-suresms-com-parent\/sms-plugins\/#breadcrumb"},"inLanguage":"de","potentialAction":[{"@type":"ReadAction","target":["https:\/\/suresms.com\/dk\/sms-gateway-professionelle-sms-losninger\/ikke-navigerbare-sider-suresms-com-parent\/sms-plugins\/"]}]},{"@type":"ImageObject","inLanguage":"de","@id":"https:\/\/suresms.com\/dk\/sms-gateway-professionelle-sms-losninger\/ikke-navigerbare-sider-suresms-com-parent\/sms-plugins\/#primaryimage","url":"https:\/\/www.suresms.com\/dk\/wp-content\/uploads\/2014\/10\/Funktioner-Udviklere-Menu-200x50-pix.jpg","contentUrl":"https:\/\/www.suresms.com\/dk\/wp-content\/uploads\/2014\/10\/Funktioner-Udviklere-Menu-200x50-pix.jpg"},{"@type":"BreadcrumbList","@id":"https:\/\/suresms.com\/dk\/sms-gateway-professionelle-sms-losninger\/ikke-navigerbare-sider-suresms-com-parent\/sms-plugins\/#breadcrumb","itemListElement":[{"@type":"ListItem","position":1,"name":"Home","item":"https:\/\/suresms.com\/dk\/"},{"@type":"ListItem","position":2,"name":"SMS gateway &#8211; professionelle SMS-l\u00f8sninger","item":"https:\/\/suresms.com\/dk\/"},{"@type":"ListItem","position":3,"name":"Ikke navigerbare sider suresms.com &#8211; parent","item":"https:\/\/suresms.com\/dk\/sms-gateway-professionelle-sms-losninger\/ikke-navigerbare-sider-suresms-com-parent\/"},{"@type":"ListItem","position":4,"name":"SMS plugins"}]},{"@type":"WebSite","@id":"https:\/\/suresms.com\/en\/#website","url":"https:\/\/suresms.com\/en\/","name":"SureSMS","description":"Professioneller SMS-Gateway","publisher":{"@id":"https:\/\/suresms.com\/en\/#organization"},"potentialAction":[{"@type":"SearchAction","target":{"@type":"EntryPoint","urlTemplate":"https:\/\/suresms.com\/en\/?s={search_term_string}"},"query-input":{"@type":"PropertyValueSpecification","valueRequired":true,"valueName":"search_term_string"}}],"inLanguage":"de"},{"@type":"Organization","@id":"https:\/\/suresms.com\/en\/#organization","name":"SureSMS","url":"https:\/\/suresms.com\/en\/","logo":{"@type":"ImageObject","inLanguage":"de","@id":"https:\/\/suresms.com\/en\/#\/schema\/logo\/image\/","url":"https:\/\/suresms.com\/wp-content\/uploads\/2024\/11\/suresms-300x65-1.png","contentUrl":"https:\/\/suresms.com\/wp-content\/uploads\/2024\/11\/suresms-300x65-1.png","width":300,"height":65,"caption":"SureSMS"},"image":{"@id":"https:\/\/suresms.com\/en\/#\/schema\/logo\/image\/"},"sameAs":["https:\/\/www.facebook.com\/p\/SureSMS-100044607956149\/"]}]}},"_links":{"self":[{"href":"https:\/\/suresms.com\/de\/wp-json\/wp\/v2\/pages\/602","targetHints":{"allow":["GET"]}}],"collection":[{"href":"https:\/\/suresms.com\/de\/wp-json\/wp\/v2\/pages"}],"about":[{"href":"https:\/\/suresms.com\/de\/wp-json\/wp\/v2\/types\/page"}],"author":[{"embeddable":true,"href":"https:\/\/suresms.com\/de\/wp-json\/wp\/v2\/users\/1"}],"replies":[{"embeddable":true,"href":"https:\/\/suresms.com\/de\/wp-json\/wp\/v2\/comments?post=602"}],"version-history":[{"count":1,"href":"https:\/\/suresms.com\/de\/wp-json\/wp\/v2\/pages\/602\/revisions"}],"predecessor-version":[{"id":19487,"href":"https:\/\/suresms.com\/de\/wp-json\/wp\/v2\/pages\/602\/revisions\/19487"}],"up":[{"embeddable":true,"href":"https:\/\/suresms.com\/de\/wp-json\/wp\/v2\/pages\/2923"}],"wp:attachment":[{"href":"https:\/\/suresms.com\/de\/wp-json\/wp\/v2\/media?parent=602"}],"wp:term":[{"taxonomy":"category","embeddable":true,"href":"https:\/\/suresms.com\/de\/wp-json\/wp\/v2\/categories?post=602"},{"taxonomy":"post_tag","embeddable":true,"href":"https:\/\/suresms.com\/de\/wp-json\/wp\/v2\/tags?post=602"}],"curies":[{"name":"wp","href":"https:\/\/api.w.org\/{rel}","templated":true}]}}