{"id":5320,"date":"2017-12-22T15:17:39","date_gmt":"2017-12-22T13:17:39","guid":{"rendered":"https:\/\/www.suresms.com\/dk\/?page_id=5320"},"modified":"2025-03-24T14:57:40","modified_gmt":"2025-03-24T14:57:40","slug":"datenschutzbestimmungen","status":"publish","type":"page","link":"https:\/\/suresms.com\/de\/politikker\/persondata-politik\/","title":{"rendered":"Datenschutzrichtlinie"},"content":{"rendered":"<p>SureSMS ist ein in D\u00e4nemark eingetragenes Unternehmen mit der CVR-Nummer 33263104. Das Unternehmen ist in Industriholmen 82, 2650 Hvidovre, D\u00e4nemark, eingetragen.<\/p>\n<p>Die folgende Datenschutzerkl\u00e4rung sch\u00fctzt Ihre pers\u00f6nlichen Daten in \u00dcbereinstimmung mit dem Gesetz \u00fcber pers\u00f6nliche Daten und der EU-Verordnung \u00fcber pers\u00f6nliche Daten. In dieser Datenschutzerkl\u00e4rung wird erl\u00e4utert, wie wir Ihre personenbezogenen Daten erfassen und verwenden und welche Ma\u00dfnahmen wir ergreifen, um die Vertraulichkeit Ihrer Daten zu gew\u00e4hrleisten.<\/p>\n<h2>Welche Informationen sammeln wir?<\/h2>\n<p>Im Zusammenhang mit der Beantragung eines Kontos und der Registrierung f\u00fcr unsere Dienste erfassen wir Ihre personenbezogenen Daten. Wir k\u00f6nnen auch Daten sammeln, die zeigen, wie Sie unsere Website nutzen, von welcher Website Sie kommen, welche Seiten Sie besuchen und wie Sie sich auf der Website bewegen. Wir erfassen auch Informationen \u00fcber die von Ihnen gesendeten SMS-Nachrichten und die anderen von Ihnen genutzten Dienste, einschlie\u00dflich der Tatsache, dass Sie die Kontaktdaten Ihrer SMS-Empf\u00e4nger speichern.<\/p>\n<p>Wir erfassen auch Informationen dar\u00fcber, wann Sie auf den Dienst zugreifen und von welchen Ger\u00e4ten aus Sie auf den Dienst zugreifen. Wir erfassen auch Informationen \u00fcber unerwartete Ereignisse in unseren Systemen und Diensten, unabh\u00e4ngig davon, ob sie auf Ihrem oder unserem Ger\u00e4t auftreten.<\/p>\n<h2>Zweck<\/h2>\n<p>Wir nutzen deine pers\u00f6nlichen Daten, um dir in den Bereichen, in denen wir Dienstleistungen anbieten, den besten Service bieten zu k\u00f6nnen. Dazu geh\u00f6ren unter anderem:<\/p>\n<ol>\n<li>\n<ol>\n<li>Erm\u00f6glicht dir das Senden und Empfangen von SMS-Nachrichten.<\/li>\n<li>\u00a0F\u00fchren Sie die Berichterstattung in Verbindung mit 1)<\/li>\n<li>F\u00fchre ein Verzeichnis von Empf\u00e4ngern und Absendern von SMS-Nachrichten.<\/li>\n<li>Verarbeite Zahlungen auf unserer Plattform.<\/li>\n<li>Dich f\u00fcr die Behebung von M\u00e4ngeln und neue Dienstleistungen kontaktieren.<\/li>\n<\/ol>\n<\/li>\n<\/ol>\n<ol>\n\n<\/ol>\n<p>&nbsp;<\/p>\n<h2>Offenlegung von Informationen<\/h2>\n<p>Wir behandeln deine pers\u00f6nlichen Daten vertraulich und geben sie nicht weiter. Auch anderen Unternehmen wird kein Zugang zu pers\u00f6nlichen Informationen gew\u00e4hrt. Wir geben deine Daten an Beh\u00f6rden zur Bek\u00e4mpfung von Betrug und Geldw\u00e4sche weiter, wenn wir den Verdacht haben, dass irref\u00fchrende Informationen zum Zwecke des Betrugs gemacht wurden.<\/p>\n<p>In Ausnahmef\u00e4llen ist SureSMS ApS verpflichtet, personenbezogene Daten offenzulegen. SureSMS ApS ist verpflichtet, in \u00dcbereinstimmung mit der gesetzlichen oder gerichtlichen Anordnung auf eine rechtm\u00e4\u00dfige Anfrage des Staates oder der Beh\u00f6rden hin zu arbeiten.<\/p>\n<h2>Verbessere unseren Service<\/h2>\n<p>Um sicherzustellen, dass die von uns angebotenen Dienstleistungen deinen Anforderungen entsprechen, k\u00f6nnen wir dich um dein Feedback bitten. Jedes Feedback, das du uns gibst, wird ausschlie\u00dflich zur Verbesserung unserer Dienstleistungen verwendet und nicht auf der Website ver\u00f6ffentlicht.<\/p>\n<h2>Cookies<\/h2>\n<p>Siehe unsere Cookie-Richtlinie <a href=\"https:\/\/suresms.com\/de\/merkmale\/cookie-and-privacy-policy-suresms\/\">hier<\/a>.<\/p>\n<h2>Sicherheit und Schutz<\/h2>\n<p>Der Schutz Ihrer Daten ist f\u00fcr uns wichtig. Die gesamte Kommunikation zwischen SureSMS-Ger\u00e4ten und Kunden wird durch Verschl\u00fcsselung gesch\u00fctzt. Die Verschl\u00fcsselung wird von Google Trust Services bereitgestellt. Wir speichern keine Kreditkarteninformationen.<\/p>\n<p>Obwohl wir uns bem\u00fchen, deine Daten zu sch\u00fctzen, k\u00f6nnen wir dies nicht garantieren. Es geschieht daher auf dein eigenes Risiko, wenn du uns deine Daten zur Verf\u00fcgung stellst.<\/p>\n<h2>Deine Rechte<\/h2>\n<p>Du hast das Recht, jederzeit dar\u00fcber informiert zu werden, welche Daten wir \u00fcber dich gespeichert haben. Du hast das Recht, unrichtige Daten berichtigen zu lassen, und du hast das Recht zu verlangen, dass wir alle deine Daten l\u00f6schen. Allerdings sind wir im Zusammenhang mit der Terrorismusgesetzgebung und dem d\u00e4nischen Rechnungslegungsgesetz daf\u00fcr verantwortlich, dass nicht alle Daten gel\u00f6scht werden k\u00f6nnen. Bitte benutze den Kontaktbereich auf dieser Website, um die entsprechenden Kontaktdaten zu finden. <a href=\"https:\/\/suresms.com\/de\/uber-suresms\/kontakt\/\">Kontaktinformationen<\/a>.<\/p>\n<h2>\u00c4nderungen<\/h2>\n<p>Wir k\u00f6nnen diese Datenschutzrichtlinie \u00e4ndern. Die Nutzung der Website nach der Aktualisierung der Datenschutzrichtlinie bedeutet die Annahme der aktualisierten Datenschutzrichtlinie. Diese Datenschutzrichtlinie wurde zuletzt am 24. M\u00e4rz 2024 aktualisiert.<\/p>\n<h2>Kontaktiere uns zu dieser Richtlinie<\/h2>\n<p>Du kannst uns jederzeit bez\u00fcglich dieser Richtlinie oder anderer Fragen kontaktieren. Schreibe an <a href=\"mailto:support@suresms.com\">support@suresms.com<\/a> und gib Politik in das Betreff-Feld ein.<\/p>","protected":false},"excerpt":{"rendered":"<p>SureSMS ist ein in D\u00e4nemark eingetragenes Unternehmen mit der CVR-Nummer 33263104. Das Unternehmen hat seinen Sitz in Industriholmen 82, 2650 Hvidovre, D\u00e4nemark. Die folgende Datenschutzerkl\u00e4rung sch\u00fctzt Ihre pers\u00f6nlichen Daten in \u00dcbereinstimmung mit dem Datenschutzgesetz und der EU-Datenschutzverordnung. In dieser Datenschutzerkl\u00e4rung wird erl\u00e4utert, wie wir Ihre personenbezogenen Daten erfassen und verwenden und welche Ma\u00dfnahmen wir ergreifen, um den Schutz Ihrer personenbezogenen Daten zu gew\u00e4hrleisten. <a title=\"Datenschutzrichtlinie\" class=\"read-more\" href=\"https:\/\/suresms.com\/de\/politikker\/persondata-politik\/\" aria-label=\"Mehr Informationen \u00fcber Persondata politik\">Mehr lesen<\/a><\/p>","protected":false},"author":1,"featured_media":0,"parent":19124,"menu_order":0,"comment_status":"closed","ping_status":"closed","template":"","meta":{"_fl_builder_enabled":"1","_fl_builder_data":null,"_fl_builder_draft":null,"_fl_builder_data_settings":null,"_fl_builder_css":"","_fl_builder_css_version":"","_fl_builder_js":"","footnotes":""},"categories":[],"tags":[],"class_list":["post-5320","page","type-page","status-publish"],"yoast_head":"<!-- This site is optimized with the Yoast SEO Premium plugin v27.3 (Yoast SEO v27.3) - https:\/\/yoast.com\/product\/yoast-seo-premium-wordpress\/ -->\r\n<title>Persondata politik -<\/title>\r\n<meta name=\"robots\" content=\"index, follow, max-snippet:-1, max-image-preview:large, max-video-preview:-1\" \/>\r\n<link rel=\"canonical\" href=\"https:\/\/suresms.com\/de\/merkmale\/datenschutzbestimmungen\/\" \/>\r\n<meta property=\"og:locale\" content=\"de_DE\" \/>\r\n<meta property=\"og:type\" content=\"article\" \/>\r\n<meta property=\"og:title\" content=\"Persondata politik\" \/>\r\n<meta property=\"og:description\" content=\"SureSMS er et dansk registreret selskab med CVR nummer 33263104. Selskabet er registreret p\u00e5 adressen Industriholmen 82, 2650 Hvidovre, Danmark. Den f\u00f8lgende persondatapolitik beskytter dine personlige data i overensstemmelse med Persondataloven og EU persondata forordning. Denne fortrolighedspolitik forklarer m\u00e5den, hvorp\u00e5 vi indsamler og bruger dine personlige data, og hvilke foranstaltninger vi tager, for at sikre ... Weiterlesen\" \/>\r\n<meta property=\"og:url\" content=\"https:\/\/suresms.com\/de\/merkmale\/datenschutzbestimmungen\/\" \/>\r\n<meta property=\"article:publisher\" content=\"https:\/\/www.facebook.com\/p\/SureSMS-100044607956149\/\" \/>\r\n<meta property=\"article:modified_time\" content=\"2025-03-24T14:57:40+00:00\" \/>\r\n<meta name=\"twitter:card\" content=\"summary_large_image\" \/>\r\n<meta name=\"twitter:label1\" content=\"Gesch\u00e4tzte Lesezeit\" \/>\n\t<meta name=\"twitter:data1\" content=\"3\u00a0Minuten\" \/>\r\n<script type=\"application\/ld+json\" class=\"yoast-schema-graph\">{\"@context\":\"https:\\\/\\\/schema.org\",\"@graph\":[{\"@type\":\"WebPage\",\"@id\":\"https:\\\/\\\/suresms.com\\\/dk\\\/politikker\\\/persondata-politik\\\/\",\"url\":\"https:\\\/\\\/suresms.com\\\/dk\\\/politikker\\\/persondata-politik\\\/\",\"name\":\"Persondata politik -\",\"isPartOf\":{\"@id\":\"https:\\\/\\\/suresms.com\\\/en\\\/#website\"},\"datePublished\":\"2017-12-22T13:17:39+00:00\",\"dateModified\":\"2025-03-24T14:57:40+00:00\",\"breadcrumb\":{\"@id\":\"https:\\\/\\\/suresms.com\\\/dk\\\/politikker\\\/persondata-politik\\\/#breadcrumb\"},\"inLanguage\":\"de\",\"potentialAction\":[{\"@type\":\"ReadAction\",\"target\":[\"https:\\\/\\\/suresms.com\\\/dk\\\/politikker\\\/persondata-politik\\\/\"]}]},{\"@type\":\"BreadcrumbList\",\"@id\":\"https:\\\/\\\/suresms.com\\\/dk\\\/politikker\\\/persondata-politik\\\/#breadcrumb\",\"itemListElement\":[{\"@type\":\"ListItem\",\"position\":1,\"name\":\"Home\",\"item\":\"https:\\\/\\\/suresms.com\\\/dk\\\/\"},{\"@type\":\"ListItem\",\"position\":2,\"name\":\"Politikker\",\"item\":\"https:\\\/\\\/suresms.com\\\/politikker\\\/\"},{\"@type\":\"ListItem\",\"position\":3,\"name\":\"Persondata politik\"}]},{\"@type\":\"WebSite\",\"@id\":\"https:\\\/\\\/suresms.com\\\/en\\\/#website\",\"url\":\"https:\\\/\\\/suresms.com\\\/en\\\/\",\"name\":\"SureSMS\",\"description\":\"Professionel SMS Gateway\",\"publisher\":{\"@id\":\"https:\\\/\\\/suresms.com\\\/en\\\/#organization\"},\"potentialAction\":[{\"@type\":\"SearchAction\",\"target\":{\"@type\":\"EntryPoint\",\"urlTemplate\":\"https:\\\/\\\/suresms.com\\\/en\\\/?s={search_term_string}\"},\"query-input\":{\"@type\":\"PropertyValueSpecification\",\"valueRequired\":true,\"valueName\":\"search_term_string\"}}],\"inLanguage\":\"de\"},{\"@type\":\"Organization\",\"@id\":\"https:\\\/\\\/suresms.com\\\/en\\\/#organization\",\"name\":\"SureSMS\",\"url\":\"https:\\\/\\\/suresms.com\\\/en\\\/\",\"logo\":{\"@type\":\"ImageObject\",\"inLanguage\":\"de\",\"@id\":\"https:\\\/\\\/suresms.com\\\/en\\\/#\\\/schema\\\/logo\\\/image\\\/\",\"url\":\"https:\\\/\\\/suresms.com\\\/wp-content\\\/uploads\\\/2024\\\/11\\\/suresms-300x65-1.png\",\"contentUrl\":\"https:\\\/\\\/suresms.com\\\/wp-content\\\/uploads\\\/2024\\\/11\\\/suresms-300x65-1.png\",\"width\":300,\"height\":65,\"caption\":\"SureSMS\"},\"image\":{\"@id\":\"https:\\\/\\\/suresms.com\\\/en\\\/#\\\/schema\\\/logo\\\/image\\\/\"},\"sameAs\":[\"https:\\\/\\\/www.facebook.com\\\/p\\\/SureSMS-100044607956149\\\/\"]}]}<\/script>\r\n<!-- \/ Yoast SEO Premium plugin. -->","yoast_head_json":{"title":"Politik zu pers\u00f6nlichen Daten","robots":{"index":"index","follow":"follow","max-snippet":"max-snippet:-1","max-image-preview":"max-image-preview:large","max-video-preview":"max-video-preview:-1"},"canonical":"https:\/\/suresms.com\/de\/merkmale\/datenschutzbestimmungen\/","og_locale":"de_DE","og_type":"article","og_title":"Persondata politik","og_description":"SureSMS er et dansk registreret selskab med CVR nummer 33263104. Selskabet er registreret p\u00e5 adressen Industriholmen 82, 2650 Hvidovre, Danmark. Den f\u00f8lgende persondatapolitik beskytter dine personlige data i overensstemmelse med Persondataloven og EU persondata forordning. Denne fortrolighedspolitik forklarer m\u00e5den, hvorp\u00e5 vi indsamler og bruger dine personlige data, og hvilke foranstaltninger vi tager, for at sikre ... Weiterlesen","og_url":"https:\/\/suresms.com\/de\/merkmale\/datenschutzbestimmungen\/","article_publisher":"https:\/\/www.facebook.com\/p\/SureSMS-100044607956149\/","article_modified_time":"2025-03-24T14:57:40+00:00","twitter_card":"summary_large_image","twitter_misc":{"Gesch\u00e4tzte Lesezeit":"3\u00a0Minuten"},"schema":{"@context":"https:\/\/schema.org","@graph":[{"@type":"WebPage","@id":"https:\/\/suresms.com\/dk\/politikker\/persondata-politik\/","url":"https:\/\/suresms.com\/dk\/politikker\/persondata-politik\/","name":"Politik zu pers\u00f6nlichen Daten","isPartOf":{"@id":"https:\/\/suresms.com\/en\/#website"},"datePublished":"2017-12-22T13:17:39+00:00","dateModified":"2025-03-24T14:57:40+00:00","breadcrumb":{"@id":"https:\/\/suresms.com\/dk\/politikker\/persondata-politik\/#breadcrumb"},"inLanguage":"de","potentialAction":[{"@type":"ReadAction","target":["https:\/\/suresms.com\/dk\/politikker\/persondata-politik\/"]}]},{"@type":"BreadcrumbList","@id":"https:\/\/suresms.com\/dk\/politikker\/persondata-politik\/#breadcrumb","itemListElement":[{"@type":"ListItem","position":1,"name":"Home","item":"https:\/\/suresms.com\/dk\/"},{"@type":"ListItem","position":2,"name":"Politikker","item":"https:\/\/suresms.com\/politikker\/"},{"@type":"ListItem","position":3,"name":"Persondata politik"}]},{"@type":"WebSite","@id":"https:\/\/suresms.com\/en\/#website","url":"https:\/\/suresms.com\/en\/","name":"SureSMS","description":"Professioneller SMS-Gateway","publisher":{"@id":"https:\/\/suresms.com\/en\/#organization"},"potentialAction":[{"@type":"SearchAction","target":{"@type":"EntryPoint","urlTemplate":"https:\/\/suresms.com\/en\/?s={search_term_string}"},"query-input":{"@type":"PropertyValueSpecification","valueRequired":true,"valueName":"search_term_string"}}],"inLanguage":"de"},{"@type":"Organization","@id":"https:\/\/suresms.com\/en\/#organization","name":"SureSMS","url":"https:\/\/suresms.com\/en\/","logo":{"@type":"ImageObject","inLanguage":"de","@id":"https:\/\/suresms.com\/en\/#\/schema\/logo\/image\/","url":"https:\/\/suresms.com\/wp-content\/uploads\/2024\/11\/suresms-300x65-1.png","contentUrl":"https:\/\/suresms.com\/wp-content\/uploads\/2024\/11\/suresms-300x65-1.png","width":300,"height":65,"caption":"SureSMS"},"image":{"@id":"https:\/\/suresms.com\/en\/#\/schema\/logo\/image\/"},"sameAs":["https:\/\/www.facebook.com\/p\/SureSMS-100044607956149\/"]}]}},"_links":{"self":[{"href":"https:\/\/suresms.com\/de\/wp-json\/wp\/v2\/pages\/5320","targetHints":{"allow":["GET"]}}],"collection":[{"href":"https:\/\/suresms.com\/de\/wp-json\/wp\/v2\/pages"}],"about":[{"href":"https:\/\/suresms.com\/de\/wp-json\/wp\/v2\/types\/page"}],"author":[{"embeddable":true,"href":"https:\/\/suresms.com\/de\/wp-json\/wp\/v2\/users\/1"}],"replies":[{"embeddable":true,"href":"https:\/\/suresms.com\/de\/wp-json\/wp\/v2\/comments?post=5320"}],"version-history":[{"count":5,"href":"https:\/\/suresms.com\/de\/wp-json\/wp\/v2\/pages\/5320\/revisions"}],"predecessor-version":[{"id":22984,"href":"https:\/\/suresms.com\/de\/wp-json\/wp\/v2\/pages\/5320\/revisions\/22984"}],"up":[{"embeddable":true,"href":"https:\/\/suresms.com\/de\/wp-json\/wp\/v2\/pages\/19124"}],"wp:attachment":[{"href":"https:\/\/suresms.com\/de\/wp-json\/wp\/v2\/media?parent=5320"}],"wp:term":[{"taxonomy":"category","embeddable":true,"href":"https:\/\/suresms.com\/de\/wp-json\/wp\/v2\/categories?post=5320"},{"taxonomy":"post_tag","embeddable":true,"href":"https:\/\/suresms.com\/de\/wp-json\/wp\/v2\/tags?post=5320"}],"curies":[{"name":"wp","href":"https:\/\/api.w.org\/{rel}","templated":true}]}}