{"id":5221,"date":"2017-11-22T09:11:25","date_gmt":"2017-11-22T07:11:25","guid":{"rendered":"https:\/\/www.suresms.com\/dk\/?page_id=5221"},"modified":"2026-03-05T12:29:29","modified_gmt":"2026-03-05T12:29:29","slug":"gdpr","status":"publish","type":"page","link":"https:\/\/suresms.com\/de\/ressourcer\/gdpr\/","title":{"rendered":"GDPR"},"content":{"rendered":"<!-- Flexy Breadcrumb -->\r\n\t\t\t<div class=\"fbc fbc-page\">\r\n\r\n\t\t\t\t<!-- Breadcrumb wrapper -->\r\n\t\t\t\t<div class=\"fbc-wrap\">\r\n\r\n\t\t\t\t\t<!-- Ordered list-->\r\n\t\t\t\t\t<ol class=\"fbc-items\" itemscope itemtype=\"https:\/\/schema.org\/BreadcrumbList\">\r\n\t\t\t\t\t\t            <li itemprop=\"itemListElement\" itemscope itemtype=\"https:\/\/schema.org\/ListItem\">\r\n                <span itemprop=\"name\">\r\n                    <!-- Home Link -->\r\n                    <a itemprop=\"item\" href=\"https:\/\/suresms.com\/de\/\">\r\n                    \r\n                                                    <i class=\"fa fa-home\" aria-hidden=\"true\"><\/i>Zuhause                    <\/a>\r\n                <\/span>\r\n                <meta itemprop=\"position\" content=\"1\" \/><!-- Meta Position-->\r\n             <\/li><li><span class=\"fbc-separator\">\/<\/span><\/li><li class=\"active\" itemprop=\"itemListElement\" itemscope itemtype=\"https:\/\/schema.org\/ListItem\"><span itemprop=\"name\" title=\"GDPR\">GDPR<\/span><meta itemprop=\"position\" content=\"2\" \/><\/li>\t\t\t\t\t<\/ol>\r\n\t\t\t\t\t<div class=\"clearfix\"><\/div>\r\n\t\t\t\t<\/div>\r\n\t\t\t<\/div>\r\n\t\t\t\n\t<h1>SureSMS und GDPR<\/h1>\n<p>Die GDPR (General Data Protection Regulation) ist ein wichtiger Rechtsakt, der die Datenschutzgesetze f\u00fcr alle Personen in der EU st\u00e4rken und vereinheitlichen soll. Die Verordnung ist am 25. Mai 2018 in Kraft getreten.<\/p>\n<p>Unsere Verpflichtung: SureSMS hat sich verpflichtet, alle Elemente der DSGVO vor dem Inkrafttreten der Verordnung einzuhalten.<\/p>\n\t\t\t\t\t\t\t\t<a href=\"https:\/\/suresms.com\/de\/uber-suresms\/unterverarbeiter\/\" target=\"_self\">\n\t\t\t\t\t\t<\/a>\n\t<h2><a href=\"https:\/\/suresms.com\/de\/uber-suresms\/unterverarbeiter\/\"  target=\"_self\">Unterverarbeiter<\/a><\/h2><p>Hier findest du die vollst\u00e4ndige Liste der Unterauftragsverarbeiter, die wir in SureSMS verwenden:<\/p>\n\t\t\t\t\t\t\t\t<a href=\"https:\/\/suresms.com\/de\/ressourcen\/gdpr\/unterverarbeiter-2\/\" target=\"_self\">\n\t\t\t\t\t\t<\/a>\n\t<h2><a href=\"https:\/\/suresms.com\/de\/ressourcen\/gdpr\/unterverarbeiter-2\/\"  target=\"_self\">Vereinbarung zur Datenverarbeitung<\/a><\/h2><p>Hier kannst du unsere Standardvereinbarung zur Datenverarbeitung nachlesen.<\/p>\n\t<h2>ISAE 3000-Erkl\u00e4rung<\/h2><p>Bestelle die ISAE 3000-Erkl\u00e4rung, mit der wir jedes Jahr best\u00e4tigen, dass wir die Europ\u00e4ische Datenschutzgrundverordnung einhalten.<\/p>","protected":false},"excerpt":{"rendered":"<p>SureSMS und GDPR Die GDPR (General Data Protection Regulation) ist ein wichtiger Rechtsakt, der die Datenschutzgesetze f\u00fcr alle Personen in der EU st\u00e4rken und vereinheitlichen soll. Die Verordnung ist am 25. Mai 2018 in Kraft getreten. Unsere Verpflichtung: SureSMS verpflichtet sich, alle Elemente der GDPR vor ihrem Inkrafttreten einzuhalten. Unterauftragsverarbeiter Siehe die vollst\u00e4ndige Liste... <a title=\"GDPR\" class=\"read-more\" href=\"https:\/\/suresms.com\/de\/ressourcer\/gdpr\/\" aria-label=\"Erfahre mehr \u00fcber GDPR\">Mehr lesen<\/a><\/p>","protected":false},"author":1,"featured_media":0,"parent":19240,"menu_order":0,"comment_status":"closed","ping_status":"closed","template":"","meta":{"_fl_builder_enabled":"1","_fl_builder_data":null,"_fl_builder_draft":null,"_fl_builder_data_settings":null,"_fl_builder_css":"","_fl_builder_css_version":"","_fl_builder_js":"","footnotes":""},"categories":[],"tags":[],"class_list":["post-5221","page","type-page","status-publish"],"yoast_head":"<!-- This site is optimized with the Yoast SEO Premium plugin v27.3 (Yoast SEO v27.3) - https:\/\/yoast.com\/product\/yoast-seo-premium-wordpress\/ -->\r\n<title>GDPR -<\/title>\r\n<meta name=\"robots\" content=\"index, follow, max-snippet:-1, max-image-preview:large, max-video-preview:-1\" \/>\r\n<link rel=\"canonical\" href=\"https:\/\/suresms.com\/de\/ressourcen\/gdpr\/\" \/>\r\n<meta property=\"og:locale\" content=\"de_DE\" \/>\r\n<meta property=\"og:type\" content=\"article\" \/>\r\n<meta property=\"og:title\" content=\"GDPR\" \/>\r\n<meta property=\"og:description\" content=\"SureSMS og GDPR GDPR (Generelle Databeskyttelsesforordning) er et vigtigt stykke lovgivning, der har til form\u00e5l at styrke og forene databeskyttelseslovgivningen for alle enkeltpersoner i EU. Forordningen tr\u00e5dte i kraft den 25. maj 2018. Vores engagement: SureSMS er fuldt forpligtet til at overholde alle elementer af GDPR forud for forordningens ikrafttr\u00e6delse. Underdatabehandlere Se den komplette liste ... Weiterlesen\" \/>\r\n<meta property=\"og:url\" content=\"https:\/\/suresms.com\/de\/ressourcen\/gdpr\/\" \/>\r\n<meta property=\"article:publisher\" content=\"https:\/\/www.facebook.com\/p\/SureSMS-100044607956149\/\" \/>\r\n<meta property=\"article:modified_time\" content=\"2026-03-05T12:29:29+00:00\" \/>\r\n<meta name=\"twitter:card\" content=\"summary_large_image\" \/>\r\n<script type=\"application\/ld+json\" class=\"yoast-schema-graph\">{\"@context\":\"https:\\\/\\\/schema.org\",\"@graph\":[{\"@type\":\"WebPage\",\"@id\":\"https:\\\/\\\/suresms.com\\\/dk\\\/ressourcer\\\/gdpr\\\/\",\"url\":\"https:\\\/\\\/suresms.com\\\/dk\\\/ressourcer\\\/gdpr\\\/\",\"name\":\"GDPR -\",\"isPartOf\":{\"@id\":\"https:\\\/\\\/suresms.com\\\/en\\\/#website\"},\"datePublished\":\"2017-11-22T07:11:25+00:00\",\"dateModified\":\"2026-03-05T12:29:29+00:00\",\"breadcrumb\":{\"@id\":\"https:\\\/\\\/suresms.com\\\/dk\\\/ressourcer\\\/gdpr\\\/#breadcrumb\"},\"inLanguage\":\"de\",\"potentialAction\":[{\"@type\":\"ReadAction\",\"target\":[\"https:\\\/\\\/suresms.com\\\/dk\\\/ressourcer\\\/gdpr\\\/\"]}]},{\"@type\":\"BreadcrumbList\",\"@id\":\"https:\\\/\\\/suresms.com\\\/dk\\\/ressourcer\\\/gdpr\\\/#breadcrumb\",\"itemListElement\":[{\"@type\":\"ListItem\",\"position\":1,\"name\":\"Home\",\"item\":\"https:\\\/\\\/suresms.com\\\/dk\\\/\"},{\"@type\":\"ListItem\",\"position\":2,\"name\":\"Ressourcer\",\"item\":\"https:\\\/\\\/suresms.com\\\/ressourcer\\\/\"},{\"@type\":\"ListItem\",\"position\":3,\"name\":\"GDPR\"}]},{\"@type\":\"WebSite\",\"@id\":\"https:\\\/\\\/suresms.com\\\/en\\\/#website\",\"url\":\"https:\\\/\\\/suresms.com\\\/en\\\/\",\"name\":\"SureSMS\",\"description\":\"Professionel SMS Gateway\",\"publisher\":{\"@id\":\"https:\\\/\\\/suresms.com\\\/en\\\/#organization\"},\"potentialAction\":[{\"@type\":\"SearchAction\",\"target\":{\"@type\":\"EntryPoint\",\"urlTemplate\":\"https:\\\/\\\/suresms.com\\\/en\\\/?s={search_term_string}\"},\"query-input\":{\"@type\":\"PropertyValueSpecification\",\"valueRequired\":true,\"valueName\":\"search_term_string\"}}],\"inLanguage\":\"de\"},{\"@type\":\"Organization\",\"@id\":\"https:\\\/\\\/suresms.com\\\/en\\\/#organization\",\"name\":\"SureSMS\",\"url\":\"https:\\\/\\\/suresms.com\\\/en\\\/\",\"logo\":{\"@type\":\"ImageObject\",\"inLanguage\":\"de\",\"@id\":\"https:\\\/\\\/suresms.com\\\/en\\\/#\\\/schema\\\/logo\\\/image\\\/\",\"url\":\"https:\\\/\\\/suresms.com\\\/wp-content\\\/uploads\\\/2024\\\/11\\\/suresms-300x65-1.png\",\"contentUrl\":\"https:\\\/\\\/suresms.com\\\/wp-content\\\/uploads\\\/2024\\\/11\\\/suresms-300x65-1.png\",\"width\":300,\"height\":65,\"caption\":\"SureSMS\"},\"image\":{\"@id\":\"https:\\\/\\\/suresms.com\\\/en\\\/#\\\/schema\\\/logo\\\/image\\\/\"},\"sameAs\":[\"https:\\\/\\\/www.facebook.com\\\/p\\\/SureSMS-100044607956149\\\/\"]}]}<\/script>\r\n<!-- \/ Yoast SEO Premium plugin. -->","yoast_head_json":{"title":"GDPR -","robots":{"index":"index","follow":"follow","max-snippet":"max-snippet:-1","max-image-preview":"max-image-preview:large","max-video-preview":"max-video-preview:-1"},"canonical":"https:\/\/suresms.com\/de\/ressourcen\/gdpr\/","og_locale":"de_DE","og_type":"article","og_title":"GDPR","og_description":"SureSMS og GDPR GDPR (Generelle Databeskyttelsesforordning) er et vigtigt stykke lovgivning, der har til form\u00e5l at styrke og forene databeskyttelseslovgivningen for alle enkeltpersoner i EU. Forordningen tr\u00e5dte i kraft den 25. maj 2018. Vores engagement: SureSMS er fuldt forpligtet til at overholde alle elementer af GDPR forud for forordningens ikrafttr\u00e6delse. Underdatabehandlere Se den komplette liste ... Weiterlesen","og_url":"https:\/\/suresms.com\/de\/ressourcen\/gdpr\/","article_publisher":"https:\/\/www.facebook.com\/p\/SureSMS-100044607956149\/","article_modified_time":"2026-03-05T12:29:29+00:00","twitter_card":"summary_large_image","schema":{"@context":"https:\/\/schema.org","@graph":[{"@type":"WebPage","@id":"https:\/\/suresms.com\/dk\/ressourcer\/gdpr\/","url":"https:\/\/suresms.com\/dk\/ressourcer\/gdpr\/","name":"GDPR -","isPartOf":{"@id":"https:\/\/suresms.com\/en\/#website"},"datePublished":"2017-11-22T07:11:25+00:00","dateModified":"2026-03-05T12:29:29+00:00","breadcrumb":{"@id":"https:\/\/suresms.com\/dk\/ressourcer\/gdpr\/#breadcrumb"},"inLanguage":"de","potentialAction":[{"@type":"ReadAction","target":["https:\/\/suresms.com\/dk\/ressourcer\/gdpr\/"]}]},{"@type":"BreadcrumbList","@id":"https:\/\/suresms.com\/dk\/ressourcer\/gdpr\/#breadcrumb","itemListElement":[{"@type":"ListItem","position":1,"name":"Home","item":"https:\/\/suresms.com\/dk\/"},{"@type":"ListItem","position":2,"name":"Ressourcer","item":"https:\/\/suresms.com\/ressourcer\/"},{"@type":"ListItem","position":3,"name":"GDPR"}]},{"@type":"WebSite","@id":"https:\/\/suresms.com\/en\/#website","url":"https:\/\/suresms.com\/en\/","name":"SureSMS","description":"Professioneller SMS-Gateway","publisher":{"@id":"https:\/\/suresms.com\/en\/#organization"},"potentialAction":[{"@type":"SearchAction","target":{"@type":"EntryPoint","urlTemplate":"https:\/\/suresms.com\/en\/?s={search_term_string}"},"query-input":{"@type":"PropertyValueSpecification","valueRequired":true,"valueName":"search_term_string"}}],"inLanguage":"de"},{"@type":"Organization","@id":"https:\/\/suresms.com\/en\/#organization","name":"SureSMS","url":"https:\/\/suresms.com\/en\/","logo":{"@type":"ImageObject","inLanguage":"de","@id":"https:\/\/suresms.com\/en\/#\/schema\/logo\/image\/","url":"https:\/\/suresms.com\/wp-content\/uploads\/2024\/11\/suresms-300x65-1.png","contentUrl":"https:\/\/suresms.com\/wp-content\/uploads\/2024\/11\/suresms-300x65-1.png","width":300,"height":65,"caption":"SureSMS"},"image":{"@id":"https:\/\/suresms.com\/en\/#\/schema\/logo\/image\/"},"sameAs":["https:\/\/www.facebook.com\/p\/SureSMS-100044607956149\/"]}]}},"_links":{"self":[{"href":"https:\/\/suresms.com\/de\/wp-json\/wp\/v2\/pages\/5221","targetHints":{"allow":["GET"]}}],"collection":[{"href":"https:\/\/suresms.com\/de\/wp-json\/wp\/v2\/pages"}],"about":[{"href":"https:\/\/suresms.com\/de\/wp-json\/wp\/v2\/types\/page"}],"author":[{"embeddable":true,"href":"https:\/\/suresms.com\/de\/wp-json\/wp\/v2\/users\/1"}],"replies":[{"embeddable":true,"href":"https:\/\/suresms.com\/de\/wp-json\/wp\/v2\/comments?post=5221"}],"version-history":[{"count":7,"href":"https:\/\/suresms.com\/de\/wp-json\/wp\/v2\/pages\/5221\/revisions"}],"predecessor-version":[{"id":23847,"href":"https:\/\/suresms.com\/de\/wp-json\/wp\/v2\/pages\/5221\/revisions\/23847"}],"up":[{"embeddable":true,"href":"https:\/\/suresms.com\/de\/wp-json\/wp\/v2\/pages\/19240"}],"wp:attachment":[{"href":"https:\/\/suresms.com\/de\/wp-json\/wp\/v2\/media?parent=5221"}],"wp:term":[{"taxonomy":"category","embeddable":true,"href":"https:\/\/suresms.com\/de\/wp-json\/wp\/v2\/categories?post=5221"},{"taxonomy":"post_tag","embeddable":true,"href":"https:\/\/suresms.com\/de\/wp-json\/wp\/v2\/tags?post=5221"}],"curies":[{"name":"wp","href":"https:\/\/api.w.org\/{rel}","templated":true}]}}