{"id":511,"date":"2014-10-29T11:25:11","date_gmt":"2014-10-29T09:25:11","guid":{"rendered":"https:\/\/www.suresms.com\/dk\/?page_id=511"},"modified":"2025-01-21T10:14:51","modified_gmt":"2025-01-21T10:14:51","slug":"2-wege-sms-entladung-mit-hosted-sim","status":"publish","type":"page","link":"https:\/\/suresms.com\/de\/funktioner\/2-vejs-sms-losning-med-hosted-sim\/","title":{"rendered":"2-Wege-SMS mit Hosted SIM"},"content":{"rendered":"<!-- Flexy Breadcrumb -->\r\n\t\t\t<div class=\"fbc fbc-page\">\r\n\r\n\t\t\t\t<!-- Breadcrumb wrapper -->\r\n\t\t\t\t<div class=\"fbc-wrap\">\r\n\r\n\t\t\t\t\t<!-- Ordered list-->\r\n\t\t\t\t\t<ol class=\"fbc-items\" itemscope itemtype=\"https:\/\/schema.org\/BreadcrumbList\">\r\n\t\t\t\t\t\t            <li itemprop=\"itemListElement\" itemscope itemtype=\"https:\/\/schema.org\/ListItem\">\r\n                <span itemprop=\"name\">\r\n                    <!-- Home Link -->\r\n                    <a itemprop=\"item\" href=\"https:\/\/suresms.com\/de\/\">\r\n                    \r\n                                                    <i class=\"fa fa-home\" aria-hidden=\"true\"><\/i>Zuhause                    <\/a>\r\n                <\/span>\r\n                <meta itemprop=\"position\" content=\"1\" \/><!-- Meta Position-->\r\n             <\/li><li><span class=\"fbc-separator\">\/<\/span><\/li><li class=\"active\" itemprop=\"itemListElement\" itemscope itemtype=\"https:\/\/schema.org\/ListItem\"><span itemprop=\"name\" title=\"2-Wege-SMS mit Hosted SIM\">2-Wege-SMS mit Hosted...<\/span><meta itemprop=\"position\" content=\"2\" \/><\/li>\t\t\t\t\t<\/ol>\r\n\t\t\t\t\t<div class=\"clearfix\"><\/div>\r\n\t\t\t\t<\/div>\r\n\t\t\t<\/div>\r\n\t\t\t\n\t<h1>Gehostete SIM-L\u00f6sung<\/h1>\n<p><strong>Wenn du deine eigene SIM-Karte f\u00fcr deine 2-Wege-L\u00f6sung verwenden m\u00f6chtest, bieten wir dir eine stabile und sichere gehostete SIM-L\u00f6sung. Vorteile: Die Nummer geh\u00f6rt dir und du kannst Anrufe von der Nummer auf dein Telefon weiterleiten, damit deine Kunden dich anrufen k\u00f6nnen.<\/strong><\/p>\n<h4><strong>\u00dcber Hosted SIM<\/strong><br \/>\nKurz gesagt: Wir installieren deine SIM-Karte in einem Ger\u00e4t in unseren R\u00e4umlichkeiten. Wenn jemand eine Nachricht an die SIM-Karte sendet, wird die SMS-Nachricht von einer Software gelesen und deinem Konto auf unserem WEB-Interface hinzugef\u00fcgt.  Hier kannst du dich einloggen und alle Informationen \u00fcber deine Nachrichten einsehen.<\/h4>\n<p>&nbsp;<\/p>\n<h4><strong>Du kannst die Zahl selbst w\u00e4hlen<\/strong><\/h4>\n<p>Einer der Vorteile der gehosteten SIM ist, dass du selbst bestimmen kannst, welche Nummer du bekommst. So kannst du daf\u00fcr sorgen, dass die Nummer in eine Nummernreihe mit den anderen Nummern deines Unternehmens passt.<\/p>\n<p>Mit Hosted SIM gibt es auch die M\u00f6glichkeit der Anrufweiterleitung. Wenn ein Kunde versucht, dich anzurufen, kann der Anruf an dein normales Servicetelefon weitergeleitet werden. Wenn deine Kunden dich anrufen k\u00f6nnen, kann das einen gro\u00dfen Mehrwert f\u00fcr Kampagnen und Dienstleistungen bedeuten.<\/p>\n<p>Unsere 2-Wege-L\u00f6sung unterst\u00fctzt den Empfang von Flash-Nachrichten.<\/p>\n<h4><strong>Option f\u00fcr ausl\u00e4ndische Nummern<\/strong><\/h4>\n<p>Mit Hosted SIM kannst du eine ausl\u00e4ndische SIM-Karte in unsere Hardware einsetzen. Wenn du uns die SIM-Karte schickst, werden wir die L\u00f6sung schnell f\u00fcr dich einrichten.<\/p>\n<p><strong>Wenn du eine gehostete SIM-L\u00f6sung m\u00f6chtest, musst du dir selbst eine SIM-Karte besorgen und sie an uns schicken. Alternativ k\u00f6nnen wir dir auch gerne eine <a href=\"https:\/\/suresms.com\/de\/eigenschaften\/empfange-textnachrichten-auf-deinem-computer\/\">VLN-Nummer.<\/a><\/strong><\/p>\n<h4><strong>Ausgehende SMS von der Hosted SIM<\/strong><\/h4>\n<p>Mit Hosted SIM bezahlst du NICHT f\u00fcr ausgehende Textnachrichten an deinen Anbieter, auch wenn wir deine SIM-Karte in deinem Telefon haben. Du musst nur an deinen SMS-Gateway zahlen, in unserem Fall an SureSMS. Alle vier d\u00e4nischen Telekommunikationsunternehmen schreiben in ihren Gesch\u00e4ftsbedingungen vor, dass du mit deiner SIM-Karte KEINE sogenannten \"maschinell erzeugten\" SMS-Nachrichten erstellen darfst. Daher w\u00e4re es ein Versto\u00df gegen die Gesch\u00e4ftsbedingungen der Telekommunikationsunternehmen, wenn SMS-Gateways SMS-Nachrichten \u00fcber die SIM-Karte versenden. Wir \u00fcbermitteln die SMS daher \u00fcber unsere direkte Verbindung zum Telekommunikationsunternehmen, erhalten die Antwort aber auf der SIM-Karte. Den aktuellen Preis f\u00fcr ausgehende SMS findest du in unseren SMS-Gateway-Preisen. In D\u00e4nemark zahlst du nie f\u00fcr eingehende SMS.<\/p>\n<h4><strong>Nachrichten an E-Mail weiterleiten<\/strong><\/h4>\n<p>Von hier aus haben wir zwei M\u00f6glichkeiten, die Nachricht an dich und dein System weiterzuleiten. Eine Option ist, dass wir eine E-Mail an eine vorher festgelegte E-Mail-Adresse senden. Wir w\u00e4hlen automatisch die E-Mail-Adresse aus, die du bei der Einrichtung deines Kontos auf SureSMS.com angegeben hast. Die Nachricht wird verschickt, sobald wir sie erhalten haben, und je nach deinem Mailsystem erh\u00e4ltst du die Nachricht fast gleichzeitig in deinem Posteingang.<\/p>\n<h4>\u00a0<strong>Weiterleitung von Nachrichten \u00fcber http(S)<\/strong><\/h4>\n<p>Die zweite Option, die etwas technischer ist, besteht darin, dass wir einen HTTP-Aufruf zu einer von dir erstellten Website machen. Wir richten unser System so ein, dass wir deine Adresse (Endpunkt) kennen. Wenn wir eine SMS-Nachricht auf deiner gehosteten Nummer erhalten, legen wir sie in deinem Posteingang ab und t\u00e4tigen einen HTTP-Anruf auf deiner Website.<\/p>\n<p><a href=\"http:\/\/manual.suresms.com\/avanceret-opsaetning-af-2-vejs-sms\/\">Hier erf\u00e4hrst du, wie du eine http-Seite einrichten kannst\u00a0<\/a><\/p>\n<p><strong>Es kann bis zu 24 Stunden dauern, bis du deinen Benutzernamen und Code erh\u00e4ltst, sobald wir deine SIM-Karte bei uns erhalten haben!<\/strong><\/p>\n\t\t<h3><a href=\"https:\/\/suresms.com\/de\/suresms-unterstutzung\/\" target=\"_self\">Wenn du eine 2-Wege-L\u00f6sung erstellst<\/a><\/h3><h4>Wenn du eine Zwei-Wege-L\u00f6sung bestellen m\u00f6chtest, gehe bitte wie folgt vor:<\/h4>\n<p>1. Erstelle ein Konto, indem du das Formular auf dieser Seite ausf\u00fcllst.<\/p>\n<p>2. Entscheide, ob du eine gehostete SIM oder eine VLN-L\u00f6sung m\u00f6chtest. Pr\u00fcfe die\u00a0<a title=\"SMS-Gateway-Preise, keine Einrichtung, kein Abonnement\" href=\"https:\/\/suresms.com\/de\/sms-gateway-preise\/\">Der Preis hier<\/a>.<\/p>\n<p>3. Entscheide, ob du Nachrichten per E-Mail oder per http erhalten m\u00f6chtest.<\/p>\n<p>4. Wenn du HTTP w\u00e4hlst, musst du eine Seite erstellen, die die oben genannten Parameter empfangen kann.<\/p>\n<p>M\u00f6chtest du mehr \u00fcber unsere 2-Wege-L\u00f6sungen erfahren? Wir sind bereit und warten darauf, mit dir zu sprechen!<\/p>\n\t\t\t<a href=\"https:\/\/suresms.com\/de\/suresms-unterstutzung\/\" target=\"_self\">\n\t\t\t\t\t\t\tKontaktiere uns hier\n\t\t\t\t\t<\/a>\n\t\t\t\t<a href=\"https:\/\/suresms.com\/de\/suresms-unterstutzung\/\" target=\"_self\" itemprop=\"url\">\n\t\t\t\t<img loading=\"lazy\" decoding=\"async\" src=\"https:\/\/suresms.com\/wp-content\/uploads\/2014\/10\/kommunikation-500x380-px.jpg\" alt=\"2-Wege-SMS-L\u00f6sung Hosted Sim\" itemprop=\"image\" height=\"380\" width=\"500\" title=\"2-Wege-Kommunikationsl\u00f6sung\" onerror=\"this.style.display='none'\"  \/>\n\t\t\t\t<\/a>\n\t\t<h4>Willst du sofort ein Konto erstellen? <\/h4>\n\t\t<p>Wir sind bereit und warten darauf, dich als SureSMS-Kunde zu begr\u00fc\u00dfen!<\/p>\n\t\t\t<a href=\"https:\/\/suresms.com\/de\/sms-gateway-konto-erstellen\/\" target=\"_self\">\n\t\t\t\t\t\t\tErstelle ein SureSMS-Konto!\n\t\t\t\t\t<\/a>\n\t\t<h4>Bestelle eine 2-Wege-L\u00f6sung!<\/h4>\n\t\t<p>Du hast bereits ein Konto? Bestelle eine 2-Wege-L\u00f6sung und erhalte die zus\u00e4tzlichen Optionen, die deine eigene L\u00f6sung bietet.\u00a0<\/p>\n\t\t\t<a href=\"https:\/\/suresms.com\/de\/2-wege-entladung-bestellen\/\" target=\"_self\">\n\t\t\t\t\t\t\t2-Wege-L\u00f6sung bestellen\n\t\t\t\t\t<\/a>\n\t<h4><strong>Hier kannst du einige Beispiele daf\u00fcr lesen, wie unsere Kunden unsere gehostete SIM-L\u00f6sung derzeit nutzen:<\/strong><\/h4>\n<ul>\n<li><strong>Ein d\u00e4nisches W\u00e4rmeversorgungsunternehmen<\/strong> unsere gehostete SIM-L\u00f6sung nutzen, um <strong>ihr Gesch\u00e4ft in Norwegen und Schweden<\/strong>. Genau wie in D\u00e4nemark m\u00fcssen die Mitarbeiter\/innen Terminerinnerungen an die Einwohner\/innen schicken, aber da es sich um norwegische und schwedische Nummern handelt, sollte die 2-Wege-L\u00f6sung nat\u00fcrlich die gleiche sein.<\/li>\n<li><strong>Eine d\u00e4nische Werbeagentur<\/strong> verschickt physische Briefe mit Angeboten an Kunden. Diese Briefe enthalten eine Telefonnummer, unter der sich die Kunden mit einem SCHL\u00dcSSELWORT f\u00fcr die Angebote anmelden k\u00f6nnen. Die Nummer wird an das Kundentelefon der Werbeagentur weitergeleitet, damit auch zuk\u00fcnftige Kunden anrufen k\u00f6nnen.<\/li>\n<li><strong>Ein Hotel nahe der d\u00e4nisch-deutschen Grenze<\/strong> nutzt unsere 2-Wege-L\u00f6sung f\u00fcr die Kommunikation mit zuk\u00fcnftigen und bisherigen Kunden. Da es sowohl D\u00e4nen als auch Deutsche unter den G\u00e4sten gibt, sollte die 2-Wege-L\u00f6sung nat\u00fcrlich sowohl eine d\u00e4nische als auch eine deutsche Handynummer haben.<\/li>\n<\/ul>\n\t\t<h3><a href=\"http:\/\/manual.suresms.com\/\" target=\"_self\">Besuche unsere Handbuch-Website<\/a><\/h3>\n\t\t\t\t<a href=\"http:\/\/manual.suresms.com\/\" target=\"_self\" itemprop=\"url\">\n\t\t\t\t<img loading=\"lazy\" decoding=\"async\" src=\"https:\/\/suresms.com\/wp-content\/uploads\/2016\/03\/Manual-400x250-px1.jpg\" alt=\"Handbuch Website suresms\" itemprop=\"image\" height=\"250\" width=\"400\" title=\"Handbuch 400x250 px\" onerror=\"this.style.display='none'\"  \/>\n\t\t\t\t<\/a>\n<p>Um unseren Kunden zu helfen, haben wir alle Anleitungen und Beschreibungen auf manual.suresms.com gesammelt. Hier erf\u00e4hrst du, wie unser Gateway funktioniert und erh\u00e4ltst einfache, benutzerfreundliche Anleitungen f\u00fcr seine vielen Funktionen.<\/p>\n\t\t<h3><a href=\"http:\/\/developer.suresms.com\/\" target=\"_self\">developer.suresms.com<\/a><\/h3>\n\t\t\t\t<a href=\"http:\/\/developer.suresms.com\/\" target=\"_self\" itemprop=\"url\">\n\t\t\t\t<img loading=\"lazy\" decoding=\"async\" src=\"https:\/\/suresms.com\/wp-content\/uploads\/2016\/03\/developer-400x250-px.jpg\" alt=\"Entwickler suresms Website f\u00fcr Entwickler\" itemprop=\"image\" height=\"250\" width=\"400\" title=\"Entwickler 400x250 px\" onerror=\"this.style.display='none'\"  \/>\n\t\t\t\t<\/a>\nSureSMS ist von Entwicklern f\u00fcr Entwickler gemacht!<br \/>\nAuf developer.suresms.com haben wir Dokumentationen und Codebeispiele zusammengestellt, die es dir leicht machen, unser Gateway in dein System zu integrieren.\n\t\t<h3><a href=\"https:\/\/www.youtube.com\/channel\/UC1XGC5rl9mI9ndtBVn8yq7g\" target=\"_self\">Schau dir unsere Lehrvideos an!<\/a><\/h3>\n\t\t\t\t<a href=\"https:\/\/www.youtube.com\/channel\/UC1XGC5rl9mI9ndtBVn8yq7g\" target=\"_self\" itemprop=\"url\">\n\t\t\t\t<img loading=\"lazy\" decoding=\"async\" src=\"https:\/\/suresms.com\/wp-content\/uploads\/2016\/03\/you-tube400x250px.jpg\" alt=\"suresms sms gateway you tube videos\" itemprop=\"image\" height=\"250\" width=\"400\" title=\"you tube 400x250px\" onerror=\"this.style.display='none'\"  \/>\n\t\t\t\t<\/a>\n<p>Willst du eine neue Funktion einf\u00fchren? Oder m\u00f6chtest du einfach nur ein bisschen mehr dar\u00fcber wissen, wie unser Gateway funktioniert? Auf Youtube haben wir unsere Anleitungsvideos gesammelt. Es kann losgehen!<\/p>","protected":false},"excerpt":{"rendered":"<p>Gehostete SIM-L\u00f6sung Wenn Sie Ihre eigene SIM-Karte f\u00fcr Ihre 2-Wege-L\u00f6sung verwenden m\u00f6chten, bieten wir eine stabile und sichere gehostete SIM-L\u00f6sung an. Vorteile: Sie besitzen die Nummer und k\u00f6nnen Anrufe von der Nummer auf Ihr Telefon weiterleiten, damit Ihre Kunden Sie anrufen k\u00f6nnen. Kurz zu den gehosteten SIM-Karten: Wir installieren Ihre SIM-Karte... <a title=\"2-Wege-SMS mit Hosted SIM\" class=\"read-more\" href=\"https:\/\/suresms.com\/de\/funktioner\/2-vejs-sms-losning-med-hosted-sim\/\" aria-label=\"Weitere Informationen \u00fcber 2-Wege-SMS mit Hosted SIM\">Mehr lesen<\/a><\/p>","protected":false},"author":1,"featured_media":0,"parent":958,"menu_order":1,"comment_status":"closed","ping_status":"closed","template":"","meta":{"_fl_builder_enabled":"1","_fl_builder_data":null,"_fl_builder_draft":null,"_fl_builder_data_settings":null,"_fl_builder_css":"","_fl_builder_css_version":"","_fl_builder_js":"","footnotes":""},"categories":[17],"tags":[],"class_list":{"0":"post-511","1":"page","2":"type-page","3":"status-publish","5":"category-linkfracornorstone"},"yoast_head":"<!-- This site is optimized with the Yoast SEO Premium plugin v27.3 (Yoast SEO v27.3) - https:\/\/yoast.com\/product\/yoast-seo-premium-wordpress\/ -->\r\n<title>2-vejs SMS med Hosted SIM I SureSMS I international 2vejs L\u00f8sning<\/title>\r\n<meta name=\"description\" content=\"Hosted SIM - Med en Hosted SIM 2-vejs SMS l\u00f8sning v\u00e6lger du selv nummeret. Brug firmanummer eller udenlandske numre. gratis oprettelse I 18 \u00f8re pr. SMS\" \/>\r\n<meta name=\"robots\" content=\"index, follow, max-snippet:-1, max-image-preview:large, max-video-preview:-1\" \/>\r\n<link rel=\"canonical\" href=\"https:\/\/suresms.com\/de\/eigenschaften\/2-wege-sms-entladung-mit-hosted-sim\/\" \/>\r\n<meta property=\"og:locale\" content=\"de_DE\" \/>\r\n<meta property=\"og:type\" content=\"article\" \/>\r\n<meta property=\"og:title\" content=\"2-vejs SMS med Hosted SIM\" \/>\r\n<meta property=\"og:description\" content=\"Hosted SIM - Med en Hosted SIM 2-vejs SMS l\u00f8sning v\u00e6lger du selv nummeret. Brug firmanummer eller udenlandske numre. gratis oprettelse I 18 \u00f8re pr. SMS\" \/>\r\n<meta property=\"og:url\" content=\"https:\/\/suresms.com\/de\/eigenschaften\/2-wege-sms-entladung-mit-hosted-sim\/\" \/>\r\n<meta property=\"article:publisher\" content=\"https:\/\/www.facebook.com\/p\/SureSMS-100044607956149\/\" \/>\r\n<meta property=\"article:modified_time\" content=\"2025-01-21T10:14:51+00:00\" \/>\r\n<meta property=\"og:image\" content=\"https:\/\/suresms.com\/wp-content\/uploads\/2014\/10\/kommunikation-500x380-px.jpg\" \/>\r\n<meta name=\"twitter:card\" content=\"summary_large_image\" \/>\r\n<meta name=\"twitter:label1\" content=\"Gesch\u00e4tzte Lesezeit\" \/>\n\t<meta name=\"twitter:data1\" content=\"6\u00a0Minuten\" \/>\r\n<script type=\"application\/ld+json\" class=\"yoast-schema-graph\">{\"@context\":\"https:\\\/\\\/schema.org\",\"@graph\":[{\"@type\":\"WebPage\",\"@id\":\"https:\\\/\\\/suresms.com\\\/dk\\\/funktioner\\\/2-vejs-sms-losning-med-hosted-sim\\\/\",\"url\":\"https:\\\/\\\/suresms.com\\\/dk\\\/funktioner\\\/2-vejs-sms-losning-med-hosted-sim\\\/\",\"name\":\"2-vejs SMS med Hosted SIM I SureSMS I international 2vejs L\u00f8sning\",\"isPartOf\":{\"@id\":\"https:\\\/\\\/suresms.com\\\/en\\\/#website\"},\"primaryImageOfPage\":{\"@id\":\"https:\\\/\\\/suresms.com\\\/dk\\\/funktioner\\\/2-vejs-sms-losning-med-hosted-sim\\\/#primaryimage\"},\"image\":{\"@id\":\"https:\\\/\\\/suresms.com\\\/dk\\\/funktioner\\\/2-vejs-sms-losning-med-hosted-sim\\\/#primaryimage\"},\"thumbnailUrl\":\"https:\\\/\\\/suresms.com\\\/wp-content\\\/uploads\\\/2014\\\/10\\\/kommunikation-500x380-px.jpg\",\"datePublished\":\"2014-10-29T09:25:11+00:00\",\"dateModified\":\"2025-01-21T10:14:51+00:00\",\"description\":\"Hosted SIM - Med en Hosted SIM 2-vejs SMS l\u00f8sning v\u00e6lger du selv nummeret. Brug firmanummer eller udenlandske numre. gratis oprettelse I 18 \u00f8re pr. SMS\",\"breadcrumb\":{\"@id\":\"https:\\\/\\\/suresms.com\\\/dk\\\/funktioner\\\/2-vejs-sms-losning-med-hosted-sim\\\/#breadcrumb\"},\"inLanguage\":\"de\",\"potentialAction\":[{\"@type\":\"ReadAction\",\"target\":[\"https:\\\/\\\/suresms.com\\\/dk\\\/funktioner\\\/2-vejs-sms-losning-med-hosted-sim\\\/\"]}]},{\"@type\":\"ImageObject\",\"inLanguage\":\"de\",\"@id\":\"https:\\\/\\\/suresms.com\\\/dk\\\/funktioner\\\/2-vejs-sms-losning-med-hosted-sim\\\/#primaryimage\",\"url\":\"https:\\\/\\\/suresms.com\\\/wp-content\\\/uploads\\\/2014\\\/10\\\/kommunikation-500x380-px.jpg\",\"contentUrl\":\"https:\\\/\\\/suresms.com\\\/wp-content\\\/uploads\\\/2014\\\/10\\\/kommunikation-500x380-px.jpg\"},{\"@type\":\"BreadcrumbList\",\"@id\":\"https:\\\/\\\/suresms.com\\\/dk\\\/funktioner\\\/2-vejs-sms-losning-med-hosted-sim\\\/#breadcrumb\",\"itemListElement\":[{\"@type\":\"ListItem\",\"position\":1,\"name\":\"Home\",\"item\":\"https:\\\/\\\/suresms.com\\\/dk\\\/\"},{\"@type\":\"ListItem\",\"position\":2,\"name\":\"Funktioner\",\"item\":\"https:\\\/\\\/suresms.com\\\/dk\\\/funktioner\\\/\"},{\"@type\":\"ListItem\",\"position\":3,\"name\":\"2-vejs SMS med Hosted SIM\"}]},{\"@type\":\"WebSite\",\"@id\":\"https:\\\/\\\/suresms.com\\\/en\\\/#website\",\"url\":\"https:\\\/\\\/suresms.com\\\/en\\\/\",\"name\":\"SureSMS\",\"description\":\"Professionel SMS Gateway\",\"publisher\":{\"@id\":\"https:\\\/\\\/suresms.com\\\/en\\\/#organization\"},\"potentialAction\":[{\"@type\":\"SearchAction\",\"target\":{\"@type\":\"EntryPoint\",\"urlTemplate\":\"https:\\\/\\\/suresms.com\\\/en\\\/?s={search_term_string}\"},\"query-input\":{\"@type\":\"PropertyValueSpecification\",\"valueRequired\":true,\"valueName\":\"search_term_string\"}}],\"inLanguage\":\"de\"},{\"@type\":\"Organization\",\"@id\":\"https:\\\/\\\/suresms.com\\\/en\\\/#organization\",\"name\":\"SureSMS\",\"url\":\"https:\\\/\\\/suresms.com\\\/en\\\/\",\"logo\":{\"@type\":\"ImageObject\",\"inLanguage\":\"de\",\"@id\":\"https:\\\/\\\/suresms.com\\\/en\\\/#\\\/schema\\\/logo\\\/image\\\/\",\"url\":\"https:\\\/\\\/suresms.com\\\/wp-content\\\/uploads\\\/2024\\\/11\\\/suresms-300x65-1.png\",\"contentUrl\":\"https:\\\/\\\/suresms.com\\\/wp-content\\\/uploads\\\/2024\\\/11\\\/suresms-300x65-1.png\",\"width\":300,\"height\":65,\"caption\":\"SureSMS\"},\"image\":{\"@id\":\"https:\\\/\\\/suresms.com\\\/en\\\/#\\\/schema\\\/logo\\\/image\\\/\"},\"sameAs\":[\"https:\\\/\\\/www.facebook.com\\\/p\\\/SureSMS-100044607956149\\\/\"]}]}<\/script>\r\n<!-- \/ Yoast SEO Premium plugin. -->","yoast_head_json":{"title":"2-Wege-SMS mit Hosted SIM in SureSMS I internationale 2-Wege-L\u00f6sung","description":"Hosted SIM - Bei einer Hosted SIM 2-Wege-SMS-L\u00f6sung w\u00e4hlst du die Nummer selbst. Verwende Firmennummern oder ausl\u00e4ndische Nummern. Kostenlose Einrichtung f\u00fcr 18 \u00f8re pro SMS","robots":{"index":"index","follow":"follow","max-snippet":"max-snippet:-1","max-image-preview":"max-image-preview:large","max-video-preview":"max-video-preview:-1"},"canonical":"https:\/\/suresms.com\/de\/eigenschaften\/2-wege-sms-entladung-mit-hosted-sim\/","og_locale":"de_DE","og_type":"article","og_title":"2-vejs SMS med Hosted SIM","og_description":"Hosted SIM - Med en Hosted SIM 2-vejs SMS l\u00f8sning v\u00e6lger du selv nummeret. Brug firmanummer eller udenlandske numre. gratis oprettelse I 18 \u00f8re pr. SMS","og_url":"https:\/\/suresms.com\/de\/eigenschaften\/2-wege-sms-entladung-mit-hosted-sim\/","article_publisher":"https:\/\/www.facebook.com\/p\/SureSMS-100044607956149\/","article_modified_time":"2025-01-21T10:14:51+00:00","og_image":[{"url":"https:\/\/suresms.com\/wp-content\/uploads\/2014\/10\/kommunikation-500x380-px.jpg","type":"","width":"","height":""}],"twitter_card":"summary_large_image","twitter_misc":{"Gesch\u00e4tzte Lesezeit":"6\u00a0Minuten"},"schema":{"@context":"https:\/\/schema.org","@graph":[{"@type":"WebPage","@id":"https:\/\/suresms.com\/dk\/funktioner\/2-vejs-sms-losning-med-hosted-sim\/","url":"https:\/\/suresms.com\/dk\/funktioner\/2-vejs-sms-losning-med-hosted-sim\/","name":"2-Wege-SMS mit Hosted SIM in SureSMS I internationale 2-Wege-L\u00f6sung","isPartOf":{"@id":"https:\/\/suresms.com\/en\/#website"},"primaryImageOfPage":{"@id":"https:\/\/suresms.com\/dk\/funktioner\/2-vejs-sms-losning-med-hosted-sim\/#primaryimage"},"image":{"@id":"https:\/\/suresms.com\/dk\/funktioner\/2-vejs-sms-losning-med-hosted-sim\/#primaryimage"},"thumbnailUrl":"https:\/\/suresms.com\/wp-content\/uploads\/2014\/10\/kommunikation-500x380-px.jpg","datePublished":"2014-10-29T09:25:11+00:00","dateModified":"2025-01-21T10:14:51+00:00","description":"Hosted SIM - Bei einer Hosted SIM 2-Wege-SMS-L\u00f6sung w\u00e4hlst du die Nummer selbst. Verwende Firmennummern oder ausl\u00e4ndische Nummern. Kostenlose Einrichtung f\u00fcr 18 \u00f8re pro SMS","breadcrumb":{"@id":"https:\/\/suresms.com\/dk\/funktioner\/2-vejs-sms-losning-med-hosted-sim\/#breadcrumb"},"inLanguage":"de","potentialAction":[{"@type":"ReadAction","target":["https:\/\/suresms.com\/dk\/funktioner\/2-vejs-sms-losning-med-hosted-sim\/"]}]},{"@type":"ImageObject","inLanguage":"de","@id":"https:\/\/suresms.com\/dk\/funktioner\/2-vejs-sms-losning-med-hosted-sim\/#primaryimage","url":"https:\/\/suresms.com\/wp-content\/uploads\/2014\/10\/kommunikation-500x380-px.jpg","contentUrl":"https:\/\/suresms.com\/wp-content\/uploads\/2014\/10\/kommunikation-500x380-px.jpg"},{"@type":"BreadcrumbList","@id":"https:\/\/suresms.com\/dk\/funktioner\/2-vejs-sms-losning-med-hosted-sim\/#breadcrumb","itemListElement":[{"@type":"ListItem","position":1,"name":"Home","item":"https:\/\/suresms.com\/dk\/"},{"@type":"ListItem","position":2,"name":"Funktioner","item":"https:\/\/suresms.com\/dk\/funktioner\/"},{"@type":"ListItem","position":3,"name":"2-vejs SMS med Hosted SIM"}]},{"@type":"WebSite","@id":"https:\/\/suresms.com\/en\/#website","url":"https:\/\/suresms.com\/en\/","name":"SureSMS","description":"Professioneller SMS-Gateway","publisher":{"@id":"https:\/\/suresms.com\/en\/#organization"},"potentialAction":[{"@type":"SearchAction","target":{"@type":"EntryPoint","urlTemplate":"https:\/\/suresms.com\/en\/?s={search_term_string}"},"query-input":{"@type":"PropertyValueSpecification","valueRequired":true,"valueName":"search_term_string"}}],"inLanguage":"de"},{"@type":"Organization","@id":"https:\/\/suresms.com\/en\/#organization","name":"SureSMS","url":"https:\/\/suresms.com\/en\/","logo":{"@type":"ImageObject","inLanguage":"de","@id":"https:\/\/suresms.com\/en\/#\/schema\/logo\/image\/","url":"https:\/\/suresms.com\/wp-content\/uploads\/2024\/11\/suresms-300x65-1.png","contentUrl":"https:\/\/suresms.com\/wp-content\/uploads\/2024\/11\/suresms-300x65-1.png","width":300,"height":65,"caption":"SureSMS"},"image":{"@id":"https:\/\/suresms.com\/en\/#\/schema\/logo\/image\/"},"sameAs":["https:\/\/www.facebook.com\/p\/SureSMS-100044607956149\/"]}]}},"_links":{"self":[{"href":"https:\/\/suresms.com\/de\/wp-json\/wp\/v2\/pages\/511","targetHints":{"allow":["GET"]}}],"collection":[{"href":"https:\/\/suresms.com\/de\/wp-json\/wp\/v2\/pages"}],"about":[{"href":"https:\/\/suresms.com\/de\/wp-json\/wp\/v2\/types\/page"}],"author":[{"embeddable":true,"href":"https:\/\/suresms.com\/de\/wp-json\/wp\/v2\/users\/1"}],"replies":[{"embeddable":true,"href":"https:\/\/suresms.com\/de\/wp-json\/wp\/v2\/comments?post=511"}],"version-history":[{"count":5,"href":"https:\/\/suresms.com\/de\/wp-json\/wp\/v2\/pages\/511\/revisions"}],"predecessor-version":[{"id":21888,"href":"https:\/\/suresms.com\/de\/wp-json\/wp\/v2\/pages\/511\/revisions\/21888"}],"up":[{"embeddable":true,"href":"https:\/\/suresms.com\/de\/wp-json\/wp\/v2\/pages\/958"}],"wp:attachment":[{"href":"https:\/\/suresms.com\/de\/wp-json\/wp\/v2\/media?parent=511"}],"wp:term":[{"taxonomy":"category","embeddable":true,"href":"https:\/\/suresms.com\/de\/wp-json\/wp\/v2\/categories?post=511"},{"taxonomy":"post_tag","embeddable":true,"href":"https:\/\/suresms.com\/de\/wp-json\/wp\/v2\/tags?post=511"}],"curies":[{"name":"wp","href":"https:\/\/api.w.org\/{rel}","templated":true}]}}