{"id":449,"date":"2014-10-12T10:47:57","date_gmt":"2014-10-12T08:47:57","guid":{"rendered":"https:\/\/www.suresms.com\/dk\/?page_id=449"},"modified":"2026-03-17T11:40:09","modified_gmt":"2026-03-17T11:40:09","slug":"empfange-textnachrichten-auf-deinem-computer","status":"publish","type":"page","link":"https:\/\/suresms.com\/de\/funktioner\/modtag-sms-pa-din-computer\/","title":{"rendered":"Empfange SMS auf deinem Computer"},"content":{"rendered":"<!-- Flexy Breadcrumb -->\r\n\t\t\t<div class=\"fbc fbc-page\">\r\n\r\n\t\t\t\t<!-- Breadcrumb wrapper -->\r\n\t\t\t\t<div class=\"fbc-wrap\">\r\n\r\n\t\t\t\t\t<!-- Ordered list-->\r\n\t\t\t\t\t<ol class=\"fbc-items\" itemscope itemtype=\"https:\/\/schema.org\/BreadcrumbList\">\r\n\t\t\t\t\t\t            <li itemprop=\"itemListElement\" itemscope itemtype=\"https:\/\/schema.org\/ListItem\">\r\n                <span itemprop=\"name\">\r\n                    <!-- Home Link -->\r\n                    <a itemprop=\"item\" href=\"https:\/\/suresms.com\/de\/\">\r\n                    \r\n                                                    <i class=\"fa fa-home\" aria-hidden=\"true\"><\/i>Zuhause                    <\/a>\r\n                <\/span>\r\n                <meta itemprop=\"position\" content=\"1\" \/><!-- Meta Position-->\r\n             <\/li><li><span class=\"fbc-separator\">\/<\/span><\/li><li class=\"active\" itemprop=\"itemListElement\" itemscope itemtype=\"https:\/\/schema.org\/ListItem\"><span itemprop=\"name\" title=\"Empfange SMS auf deinem Computer\">Empfange SMS auf deinem...<\/span><meta itemprop=\"position\" content=\"2\" \/><\/li>\t\t\t\t\t<\/ol>\r\n\t\t\t\t\t<div class=\"clearfix\"><\/div>\r\n\t\t\t\t<\/div>\r\n\t\t\t<\/div>\r\n\t\t\t\n<h1>\n\t\t\tEmpfange SMS auf deinem Computer\t<\/h1>\n\tMusst du SMS-Nachrichten von deinen Kunden empfangen? Oder m\u00f6chtest du SMS-Nachrichten an Gruppen direkt aus der SMS versenden? Dann k\u00f6nnte die 2-Wege-SMS die L\u00f6sung f\u00fcr dich sein.<br \/>\nWenn du bereits ein SMS-Konto hast, \u00fcber das du Nachrichten an deine Nutzerinnen und Nutzer verschickst, kann es sowohl eine Notwendigkeit als auch ein guter Service sein, dass der Empf\u00e4nger zur\u00fcck antworten kann.\n\t<ul>\n\t\t<li>\t\t\t\t\n\t\t<h3>Empfange SMS in deinem Posteingang<\/h3><p>Alle SMS-Nachrichten, die du auf deiner Nummer erh\u00e4ltst, werden in deinem Posteingang unter http:\/\/app.suresms.com\/ gespeichert. Von hier aus kannst du ganz einfach direkt in deinem Browser auf die Nachricht antworten.\u00a0<\/p><\/li><li>\t\t\t\t\n\t\t<h3>Empfange SMS in deinem Posteingang<\/h3><p>Es ist auch m\u00f6glich, SMS-2-Email zu aktivieren, damit wir eingehende SMS an deine E-Mail-Adresse weiterleiten. Wenn du die E-Mail erh\u00e4ltst, kannst du einfach auf \"Antworten\" klicken und wir senden die Antwort als SMS.\u00a0<\/p><\/li><li>\t\t\t\t\n\t\t<h3>SMS als Webhook empfangen<\/h3><p>Es ist auch m\u00f6glich, einen sogenannten Webhook auf deinem eigenen Server zu empfangen. Wir machen einen HTTP-Aufruf zu einer Website, die du erstellt hast. Wir richten unser System so ein, dass es deine Adresse (Endpunkt) kennt. Wenn wir eine SMS-Nachricht auf deiner gehosteten Nummer erhalten, legen wir sie in deinem Posteingang ab und t\u00e4tigen einen HTTP-Aufruf auf deiner Website.<\/p>\n<p><a href=\"http:\/\/manual.suresms.com\/avanceret-opsaetning-af-2-vejs-sms\/\">Hier erf\u00e4hrst du, wie du eine http-Seite einrichten kannst\u00a0<\/a><\/p>\n<\/li><li>\t\t\t\t\n\t\t<h3>Auto-Antwort auf eingehende Nachrichten<\/h3><p>Du hast die M\u00f6glichkeit, \u00fcber unseren Flow eine automatische Antwort einzurichten, wenn du eine SMS auf deiner eingehenden Nummer erh\u00e4ltst.\u00a0<\/p><\/li>\t<\/ul>\n<h3>\n\t\t\tAllgemein f\u00fcr unsere 2-Wege-L\u00f6sungen:\t<\/h3>\n\t<ul>\n<li>F\u00fcr den Empfang von SMS-Nachrichten \u00fcber die Nummer fallen keine Kosten an. Unabh\u00e4ngig von der Anzahl der SMS, die wir an dich weiterleiten, ist dies im Abonnement enthalten.<\/li>\n<\/ul>\n<ul>\n<li>Die SMS-Nachrichten, die du von deiner 2-Wege-L\u00f6sung versendest, werden zum geltenden Tarif berechnet. <a title=\"Preise f\u00fcr SMS-Gateways\" href=\"https:\/\/suresms.com\/de\/sms-gateway-professionelle-sms-losungen\/sms-gateway-preise\/\">Hier findest du unsere SMS-Gateway-Preise.&nbsp;<\/a><\/li>\n<\/ul>\n<ul>\n<li><strong>Wenn du mehr als 10.000 SMS-Nachrichten pro Monat versendest <a title=\"Kontakt\" href=\"https:\/\/suresms.com\/de\/kontakt\/\">Kontakt<\/a> Gegen einen Preis!!!<\/strong><\/li>\n<\/ul>\n<ul>\n<li>Bei beiden L\u00f6sungen kann die SMS sowohl von unserer Website als auch von deiner eigenen Mailbox aus beantwortet werden.<\/li>\n<\/ul>\n<ul>\n<li>Unsere 2-Wege-L\u00f6sung unterst\u00fctzt den Empfang von Flash-Nachrichten.<\/li>\n<\/ul>\n<ul>\n<li>Leider kannst du nicht gleichzeitig einen Zwei-Wege-Sender und einen alphanumerischen Sender haben.<\/li>\n<\/ul>\n\t\t<figure itemscope itemtype=\"https:\/\/schema.org\/ImageObject\">\n\t\t\t\t<a href=\"https:\/\/suresms.com\/de\/bestellung\/2-wege-entladung-bestellen\/\"  target=\"_self\" itemprop=\"url\">\n\t\t\t\t<img decoding=\"async\" src=\"https:\/\/suresms.com\/wp-content\/uploads\/2014\/10\/2-vejs-virtuelle-400x150-pix.jpg\" alt=\"Virtuelle 2-Wege-SMS-Nummern VLR\" height=\"150\" width=\"400\" title=\"2 Wege virtuell 400x150 pix\" onerror=\"this.style.display='none'\" loading=\"lazy\" \/>\n\t\t\t\t<\/a>\n\t<\/figure>\n<h3><a href=\"https:\/\/suresms.com\/de\/bestellung\/2-wege-entladung-bestellen\/\" target=\"_self\">2-Wege \"Virtuelle Nummer\"<\/a><\/h3><p>Cloud-basierte, schnelle und kosteng\u00fcnstige 2-Wege-L\u00f6sung. Gut f\u00fcr den Empfang vieler SMS-Nachrichten in kurzer Zeit und f\u00fcr M2M. Wenn du nur wenige Nummern brauchst.<\/p>\n<ul>\n<li>99,-\/Monat Abonnement<\/li>\n<li>Kostenlose und schnelle Erstellung<\/li>\n<li>1 Monat K\u00fcndigungsfrist<\/li>\n<li>Keine physische SIM-Karte<\/li>\n<li>SureSMS liefert die Nummer<\/li>\n<li>Unbegrenzter Empfang<\/li>\n<li>M2M<\/li>\n<li>SCHL\u00dcSSELW\u00d6RTER unbegrenzt<\/li>\n<li>Unbegrenzte Schl\u00fcsselw\u00f6rter<\/li>\n<\/ul>\n\t\t\t<a href=\"https:\/\/suresms.com\/de\/bestellung\/2-wege-entladung-bestellen\/\"  target=\"_self\">\n\t\t\t\t\t\t\tVirtuelle 2-Wege-Nummer bestellen\n\t\t\t\t\t<\/a>\n\t\t<figure itemscope itemtype=\"https:\/\/schema.org\/ImageObject\">\n\t\t\t\t<a href=\"https:\/\/suresms.com\/de\/bestellung\/2-wege-entladung-bestellen\/\"  target=\"_self\" itemprop=\"url\">\n\t\t\t\t<img decoding=\"async\" src=\"https:\/\/suresms.com\/wp-content\/uploads\/2014\/10\/2-vejs-hostetSIM-400x150-pix.jpg\" alt=\"2-Wege-L\u00f6sung gehostet sim SureSMS\" height=\"150\" width=\"400\" title=\"2-Wege hostedSIM\" onerror=\"this.style.display='none'\" loading=\"lazy\" \/>\n\t\t\t\t<\/a>\n\t<\/figure>\n<h3><a href=\"https:\/\/suresms.com\/de\/bestellung\/2-wege-entladung-bestellen\/\" target=\"_self\">2-Wege \"Hosted SIM\"<\/a><\/h3><p>Die beste L\u00f6sung, wenn dein Unternehmen seine eigene Nummer w\u00e4hlen m\u00f6chte, wenn Kunden zur\u00fcckrufen m\u00fcssen oder wenn du eine ausl\u00e4ndische SIM-Karte m\u00f6chtest.<\/p>\n<ul>\n\n<li>199,-\/Monat im Abonnement<\/li>\n<li>299,- in der Sch\u00f6pfung<\/li>\n<li>Option f\u00fcr internationale Nummern<\/li>\n<li>Du bekommst eine SIM-Karte<\/li>\n<li>6 Monate Verpflichtung\/1 Monat K\u00fcndigung<\/li>\n<li>Empf\u00e4ngt 10 SMS\/Min. Der Rest in der Warteschlange.<\/li>\n<li>Freie Nummernwahl<\/li>\n<li>Du besitzt die Nummer<\/li>\n<li>Anrufweiterleitung<\/li>\n<li>Unbegrenzte Schl\u00fcsselw\u00f6rter<\/li>\n<\/ul>\n\t\t\t<a href=\"https:\/\/suresms.com\/de\/bestellung\/2-wege-entladung-bestellen\/\"  target=\"_self\">\n\t\t\t\t\t\t\t2-Wege Hosted SIM bestellen\n\t\t\t\t\t<\/a>\n\t\t<figure itemscope itemtype=\"https:\/\/schema.org\/ImageObject\">\n\t\t\t\t<a href=\"https:\/\/suresms.com\/de\/uber-suresms\/kontakt\/\"  target=\"_self\" itemprop=\"url\">\n\t\t\t\t<img decoding=\"async\" src=\"https:\/\/suresms.com\/wp-content\/uploads\/2014\/10\/2vejs-serier-400x150-pix.jpg\" alt=\"2-Wege-SMS-L\u00f6sung Nummernbereiche VLR\" height=\"150\" width=\"400\" title=\"2-Wege-Comics 400x150 pix\" onerror=\"this.style.display='none'\" loading=\"lazy\" \/>\n\t\t\t\t<\/a>\n\t<\/figure>\n<h3><a href=\"https:\/\/suresms.com\/de\/uber-suresms\/kontakt\/\" target=\"_self\">2-Wege \"Zahlenreihe\"<\/a><\/h3><p>Virtuelle Rufnummernbereiche f\u00fcr Unternehmen, die viele Nummern ben\u00f6tigen. Der Preis variiert je nach Volumen. Kontaktiere uns f\u00fcr weitere Informationen.<\/p>\n<ul>\n<li>SMS \u00fcber API empfangen<\/li>\n<li>F\u00fcr viele Zahlen<\/li>\n<li>Maximal 49,-\/Monat im Abonnement<\/li>\n<li>Preis nach Vereinbarung<\/li>\n<li>F\u00fcr min. 10 Handynummern<\/li>\n<li>Freie Erstellung<\/li>\n<li>D\u00e4nische Zahlen<\/li>\n<li>Keine physische SIM<\/li>\n<li>6 Monate Verpflichtung<\/li>\n<li>1 Monat K\u00fcndigungsfrist<\/li>\n<li>SCHL\u00dcSSELW\u00d6RTER unbegrenzt<\/li>\n<li>Unbegrenzter Empfang<\/li>\n<\/ul>\n\t\t\t<a href=\"https:\/\/suresms.com\/de\/uber-suresms\/kontakt\/\"  target=\"_self\">\n\t\t\t\t\t\t\tKontaktiere uns hier!\n\t\t\t\t\t<\/a>\n<h3>\n\t\t\tVon der Bestellung deiner 2-Wege-L\u00f6sung bis zum Erhalt deines Benutzernamens und Codes kann es bis zu 24 Stunden dauern!\t<\/h3>\n\t\t<h3>M\u00f6chtest du mehr \u00fcber Hosted SIM erfahren?<\/h3>\n\t\t<p>Weitere Details, technische Beschreibungen und Dokumentationen zu unseren gehosteten SIM-L\u00f6sungen findest du hier.<\/p>\n\t\t\t<a href=\"http:\/\/manual.suresms.com\/2-vejs-sms\/opsaetning-af-2-vejs-sms\/\"  target=\"_blank\" rel=\"noopener\">\n\t\t\t\t\t\tSpezifikationen\n\t\t\t\t\t<\/a>\n\t<h2>Warum wir gehostete SIM- und VLN-Nummern w\u00e4hlen<\/h2>\nTechnisch gesehen gibt es verschiedene M\u00f6glichkeiten, eine L\u00f6sung zu schaffen, bei der der Empf\u00e4nger auf deine Nachrichten antworten kann.<br \/>\nEine M\u00f6glichkeit auf dem Markt ist die Verwendung von sogenannten Media Codes und Shortcodes. Mit einem 4-stelligen Mediencode und einem Passwort kann der Kunde auf deine Nachrichten antworten. Wenn du z.B. einen K\u00e4seladen hast, bekommst du den Mediencode \"Cheese\". Wenn jemand eine Nachricht an einen Shortcode - z.B. 9944 - schickt, muss er zuerst \"OST\" schreiben und danach die Nachricht.Das Problem bei dieser L\u00f6sung ist, dass sie f\u00fcr den Kunden sehr kompliziert ist. Ganz ehrlich! Wer wei\u00df schon, dass er OST schreiben muss? Deine Nachricht wird sich so anh\u00f6ren: \"Lieber Signe. Die von dir bestellten Artikel sind eingetroffen. Um auf diese Nachricht zu antworten, sende eine SMS an 9944 mit dem Wort OST gefolgt von der Nachricht.\"\n<p>Es ist nicht nur kompliziert und birgt ein hohes Risiko von Kommunikationsfehlern, sondern ist auch eine teure L\u00f6sung, die es zu implementieren gilt. Wir von Sure SMS glauben, dass es f\u00fcr unsere Kunden einfach und profitabel sein sollte.<\/p>\n<p><strong>Deshalb haben wir uns entschieden, eine - unserer Meinung nach - bessere L\u00f6sung anzubieten!<\/strong><\/p>\n<h2>Unsere 2-Wege-SMS-L\u00f6sung<\/h2>\nMit Sure SMS erh\u00e4ltst du deine Antwort auf einer Handynummer, die nur dir geh\u00f6rt. Das bedeutet, dass du ALLE Nachrichten erh\u00e4ltst, die an diese Nummer geschrieben werden. Wenn du deine Nachricht versendest, wird sie von derselben Nummer aus verschickt. Das ist eine einfache Kommunikation f\u00fcr den Kunden mit einer viel geringeren Fehlerquote.<br \/>\nDu schreibst: \"Liebe Signe. Die von dir bestellten Artikel sind angekommen.\"  Wenn Signe auf die Nachricht antworten m\u00f6chte, dr\u00fcckt sie einfach auf \"Antworten\" und tippt die Antwort ein.\n<p>Du entscheidest, ob du m\u00f6chtest, dass wir deine SIM-Karte aus deinem Nummernbereich verwenden oder ob wir SIM-Karten zur Verf\u00fcgung stellen sollen. Wir sind gerne Gastgeber. Kontaktiere uns f\u00fcr weitere Informationen oder Beratung. Weitere Informationen findest du auch unter den folgenden Links<\/p>\n<p>Siehe <a title=\"Preise f\u00fcr SMS-Gateways\" href=\"https:\/\/suresms.com\/de\/sms-gateway-preise\/\">SMS und 2-Wege-Preise hier<\/a>.<\/p>\n\t\t<h3>Noch Fragen?<\/h3>\n\t\t<p>Hast du weitere Fragen zu 2-Wege-L\u00f6sungen? Ruf uns an oder schick uns eine E-Mail!<\/p>\n\t\t\t<a href=\"https:\/\/suresms.com\/de\/kontakt\/\"  target=\"_self\">\n\t\t\t\t\t\tSchicke eine E-Mail\n\t\t\t\t\t<\/a>\n\t\t<h3>Dokumentation<\/h3>\n\t\t<p>Details und eine technische Beschreibung unserer gehosteten SIM-L\u00f6sung findest du hier.<\/p>\n\t\t\t<a href=\"https:\/\/suresms.com\/de\/2-wege-sms-entladung-mit-hosted-sim\/\"  target=\"_self\">\n\t\t\t\t\t\tMehr Details sehen\n\t\t\t\t\t<\/a>\n\t\t<h3>\u00dcber SureSMS<\/h3>\n\t\t<p>Wir freuen uns immer, wenn wir dir ein wenig \u00fcber unser Unternehmen erz\u00e4hlen k\u00f6nnen. Lies hier mehr \u00fcber SureSMS!<\/p>\n\t\t\t<a href=\"https:\/\/suresms.com\/de\/uber-suresms\/\"  target=\"_self\">\n\t\t\t\t\t\t\u00dcber SureSMS\n\t\t\t\t\t<\/a>\n\t\t<h3>Versuche es JETZT!<\/h3>\n\t\t<p>Erstelle jetzt ein kostenloses Testkonto und erhalte 50 kostenlose SMS ohne jegliche Verpflichtung!<\/p>\n\t\t\t<a href=\"https:\/\/suresms.com\/de\/kostenloses-sms-testkonto\/\"  target=\"_self\">\n\t\t\t\t\t\t\tProbekonto erstellen\n\t\t\t\t\t<\/a>","protected":false},"excerpt":{"rendered":"<p>SMS auf deinem Computer empfangen Willst du Textnachrichten von deinen Kunden empfangen? Oder m\u00f6chtest du SMS-Nachrichten an Gruppen direkt von SMS aus versenden? Dann k\u00f6nnte 2-Wege-SMS die L\u00f6sung f\u00fcr dich sein. Wenn du bereits ein SMS-Konto hast, \u00fcber das du Nachrichten an deine Nutzerinnen und Nutzer schickst, kann es sowohl eine Notwendigkeit als auch ein... <a title=\"Empfange SMS auf deinem Computer\" class=\"read-more\" href=\"https:\/\/suresms.com\/de\/funktioner\/modtag-sms-pa-din-computer\/\" aria-label=\"Weitere Informationen zum SMS-Empfang auf deinem Computer\">Mehr lesen<\/a><\/p>","protected":false},"author":1,"featured_media":0,"parent":958,"menu_order":2,"comment_status":"closed","ping_status":"closed","template":"","meta":{"_fl_builder_enabled":"1","_fl_builder_data":null,"_fl_builder_draft":null,"_fl_builder_data_settings":null,"_fl_builder_css":"","_fl_builder_css_version":"","_fl_builder_js":"","footnotes":""},"categories":[17],"tags":[],"class_list":{"0":"post-449","1":"page","2":"type-page","3":"status-publish","5":"category-linkfracornorstone"},"yoast_head":"<!-- This site is optimized with the Yoast SEO Premium plugin v27.3 (Yoast SEO v27.3) - https:\/\/yoast.com\/product\/yoast-seo-premium-wordpress\/ -->\r\n<title>2 vejs SMS, modtag SMS p\u00e5 din computer og iPad. Bestil 2-vejs l\u00f8sning!<\/title>\r\n<meta name=\"description\" content=\"Med 2 vejs SMS kan du modtage SMS p\u00e5 din computer eller iPad. L\u00f8sning fra SureSMS er den nemmeste for dine kunder. N\u00e5r de modtager SMS kan de svare p\u00e5 den.\" \/>\r\n<meta name=\"robots\" content=\"index, follow, max-snippet:-1, max-image-preview:large, max-video-preview:-1\" \/>\r\n<link rel=\"canonical\" href=\"https:\/\/suresms.com\/de\/eigenschaften\/empfange-textnachrichten-auf-deinem-computer\/\" \/>\r\n<meta property=\"og:locale\" content=\"de_DE\" \/>\r\n<meta property=\"og:type\" content=\"article\" \/>\r\n<meta property=\"og:title\" content=\"Modtag SMS p\u00e5 din computer\" \/>\r\n<meta property=\"og:description\" content=\"Med 2 vejs SMS kan du modtage SMS p\u00e5 din computer eller iPad. L\u00f8sning fra SureSMS er den nemmeste for dine kunder. N\u00e5r de modtager SMS kan de svare p\u00e5 den.\" \/>\r\n<meta property=\"og:url\" content=\"https:\/\/suresms.com\/de\/eigenschaften\/empfange-textnachrichten-auf-deinem-computer\/\" \/>\r\n<meta property=\"article:publisher\" content=\"https:\/\/www.facebook.com\/p\/SureSMS-100044607956149\/\" \/>\r\n<meta property=\"article:modified_time\" content=\"2026-03-17T11:40:09+00:00\" \/>\r\n<meta property=\"og:image\" content=\"https:\/\/suresms.com\/wp-content\/uploads\/2014\/10\/2-vejs-virtuelle-400x150-pix.jpg\" \/>\r\n<meta name=\"twitter:card\" content=\"summary_large_image\" \/>\r\n<meta name=\"twitter:label1\" content=\"Gesch\u00e4tzte Lesezeit\" \/>\n\t<meta name=\"twitter:data1\" content=\"6\u00a0Minuten\" \/>\r\n<script type=\"application\/ld+json\" class=\"yoast-schema-graph\">{\"@context\":\"https:\\\/\\\/schema.org\",\"@graph\":[{\"@type\":\"WebPage\",\"@id\":\"https:\\\/\\\/suresms.com\\\/dk\\\/funktioner\\\/modtag-sms-pa-din-computer\\\/\",\"url\":\"https:\\\/\\\/suresms.com\\\/dk\\\/funktioner\\\/modtag-sms-pa-din-computer\\\/\",\"name\":\"2 vejs SMS, modtag SMS p\u00e5 din computer og iPad. Bestil 2-vejs l\u00f8sning!\",\"isPartOf\":{\"@id\":\"https:\\\/\\\/suresms.com\\\/en\\\/#website\"},\"primaryImageOfPage\":{\"@id\":\"https:\\\/\\\/suresms.com\\\/dk\\\/funktioner\\\/modtag-sms-pa-din-computer\\\/#primaryimage\"},\"image\":{\"@id\":\"https:\\\/\\\/suresms.com\\\/dk\\\/funktioner\\\/modtag-sms-pa-din-computer\\\/#primaryimage\"},\"thumbnailUrl\":\"https:\\\/\\\/suresms.com\\\/wp-content\\\/uploads\\\/2014\\\/10\\\/2-vejs-virtuelle-400x150-pix.jpg\",\"datePublished\":\"2014-10-12T08:47:57+00:00\",\"dateModified\":\"2026-03-17T11:40:09+00:00\",\"description\":\"Med 2 vejs SMS kan du modtage SMS p\u00e5 din computer eller iPad. L\u00f8sning fra SureSMS er den nemmeste for dine kunder. N\u00e5r de modtager SMS kan de svare p\u00e5 den.\",\"breadcrumb\":{\"@id\":\"https:\\\/\\\/suresms.com\\\/dk\\\/funktioner\\\/modtag-sms-pa-din-computer\\\/#breadcrumb\"},\"inLanguage\":\"de\",\"potentialAction\":[{\"@type\":\"ReadAction\",\"target\":[\"https:\\\/\\\/suresms.com\\\/dk\\\/funktioner\\\/modtag-sms-pa-din-computer\\\/\"]}]},{\"@type\":\"ImageObject\",\"inLanguage\":\"de\",\"@id\":\"https:\\\/\\\/suresms.com\\\/dk\\\/funktioner\\\/modtag-sms-pa-din-computer\\\/#primaryimage\",\"url\":\"https:\\\/\\\/suresms.com\\\/wp-content\\\/uploads\\\/2014\\\/10\\\/2-vejs-virtuelle-400x150-pix.jpg\",\"contentUrl\":\"https:\\\/\\\/suresms.com\\\/wp-content\\\/uploads\\\/2014\\\/10\\\/2-vejs-virtuelle-400x150-pix.jpg\"},{\"@type\":\"BreadcrumbList\",\"@id\":\"https:\\\/\\\/suresms.com\\\/dk\\\/funktioner\\\/modtag-sms-pa-din-computer\\\/#breadcrumb\",\"itemListElement\":[{\"@type\":\"ListItem\",\"position\":1,\"name\":\"Home\",\"item\":\"https:\\\/\\\/suresms.com\\\/dk\\\/\"},{\"@type\":\"ListItem\",\"position\":2,\"name\":\"Funktioner\",\"item\":\"https:\\\/\\\/suresms.com\\\/dk\\\/funktioner\\\/\"},{\"@type\":\"ListItem\",\"position\":3,\"name\":\"Modtag SMS p\u00e5 din computer\"}]},{\"@type\":\"WebSite\",\"@id\":\"https:\\\/\\\/suresms.com\\\/en\\\/#website\",\"url\":\"https:\\\/\\\/suresms.com\\\/en\\\/\",\"name\":\"SureSMS\",\"description\":\"Professionel SMS Gateway\",\"publisher\":{\"@id\":\"https:\\\/\\\/suresms.com\\\/en\\\/#organization\"},\"potentialAction\":[{\"@type\":\"SearchAction\",\"target\":{\"@type\":\"EntryPoint\",\"urlTemplate\":\"https:\\\/\\\/suresms.com\\\/en\\\/?s={search_term_string}\"},\"query-input\":{\"@type\":\"PropertyValueSpecification\",\"valueRequired\":true,\"valueName\":\"search_term_string\"}}],\"inLanguage\":\"de\"},{\"@type\":\"Organization\",\"@id\":\"https:\\\/\\\/suresms.com\\\/en\\\/#organization\",\"name\":\"SureSMS\",\"url\":\"https:\\\/\\\/suresms.com\\\/en\\\/\",\"logo\":{\"@type\":\"ImageObject\",\"inLanguage\":\"de\",\"@id\":\"https:\\\/\\\/suresms.com\\\/en\\\/#\\\/schema\\\/logo\\\/image\\\/\",\"url\":\"https:\\\/\\\/suresms.com\\\/wp-content\\\/uploads\\\/2024\\\/11\\\/suresms-300x65-1.png\",\"contentUrl\":\"https:\\\/\\\/suresms.com\\\/wp-content\\\/uploads\\\/2024\\\/11\\\/suresms-300x65-1.png\",\"width\":300,\"height\":65,\"caption\":\"SureSMS\"},\"image\":{\"@id\":\"https:\\\/\\\/suresms.com\\\/en\\\/#\\\/schema\\\/logo\\\/image\\\/\"},\"sameAs\":[\"https:\\\/\\\/www.facebook.com\\\/p\\\/SureSMS-100044607956149\\\/\"]}]}<\/script>\r\n<!-- \/ Yoast SEO Premium plugin. -->","yoast_head_json":{"title":"2-Wege-SMS, empfange SMS auf deinem Computer und deinem iPad. Bestelle die 2-Wege-L\u00f6sung!","description":"Mit 2-Wege-SMS kannst du SMS auf deinem Computer oder iPad empfangen. Die L\u00f6sung von SureSMS ist die einfachste f\u00fcr deine Kunden. Wenn sie eine SMS erhalten, k\u00f6nnen sie darauf antworten.","robots":{"index":"index","follow":"follow","max-snippet":"max-snippet:-1","max-image-preview":"max-image-preview:large","max-video-preview":"max-video-preview:-1"},"canonical":"https:\/\/suresms.com\/de\/eigenschaften\/empfange-textnachrichten-auf-deinem-computer\/","og_locale":"de_DE","og_type":"article","og_title":"Modtag SMS p\u00e5 din computer","og_description":"Med 2 vejs SMS kan du modtage SMS p\u00e5 din computer eller iPad. L\u00f8sning fra SureSMS er den nemmeste for dine kunder. N\u00e5r de modtager SMS kan de svare p\u00e5 den.","og_url":"https:\/\/suresms.com\/de\/eigenschaften\/empfange-textnachrichten-auf-deinem-computer\/","article_publisher":"https:\/\/www.facebook.com\/p\/SureSMS-100044607956149\/","article_modified_time":"2026-03-17T11:40:09+00:00","og_image":[{"url":"https:\/\/suresms.com\/wp-content\/uploads\/2014\/10\/2-vejs-virtuelle-400x150-pix.jpg","type":"","width":"","height":""}],"twitter_card":"summary_large_image","twitter_misc":{"Gesch\u00e4tzte Lesezeit":"6\u00a0Minuten"},"schema":{"@context":"https:\/\/schema.org","@graph":[{"@type":"WebPage","@id":"https:\/\/suresms.com\/dk\/funktioner\/modtag-sms-pa-din-computer\/","url":"https:\/\/suresms.com\/dk\/funktioner\/modtag-sms-pa-din-computer\/","name":"2-Wege-SMS, empfange SMS auf deinem Computer und deinem iPad. Bestelle die 2-Wege-L\u00f6sung!","isPartOf":{"@id":"https:\/\/suresms.com\/en\/#website"},"primaryImageOfPage":{"@id":"https:\/\/suresms.com\/dk\/funktioner\/modtag-sms-pa-din-computer\/#primaryimage"},"image":{"@id":"https:\/\/suresms.com\/dk\/funktioner\/modtag-sms-pa-din-computer\/#primaryimage"},"thumbnailUrl":"https:\/\/suresms.com\/wp-content\/uploads\/2014\/10\/2-vejs-virtuelle-400x150-pix.jpg","datePublished":"2014-10-12T08:47:57+00:00","dateModified":"2026-03-17T11:40:09+00:00","description":"Mit 2-Wege-SMS kannst du SMS auf deinem Computer oder iPad empfangen. Die L\u00f6sung von SureSMS ist die einfachste f\u00fcr deine Kunden. Wenn sie eine SMS erhalten, k\u00f6nnen sie darauf antworten.","breadcrumb":{"@id":"https:\/\/suresms.com\/dk\/funktioner\/modtag-sms-pa-din-computer\/#breadcrumb"},"inLanguage":"de","potentialAction":[{"@type":"ReadAction","target":["https:\/\/suresms.com\/dk\/funktioner\/modtag-sms-pa-din-computer\/"]}]},{"@type":"ImageObject","inLanguage":"de","@id":"https:\/\/suresms.com\/dk\/funktioner\/modtag-sms-pa-din-computer\/#primaryimage","url":"https:\/\/suresms.com\/wp-content\/uploads\/2014\/10\/2-vejs-virtuelle-400x150-pix.jpg","contentUrl":"https:\/\/suresms.com\/wp-content\/uploads\/2014\/10\/2-vejs-virtuelle-400x150-pix.jpg"},{"@type":"BreadcrumbList","@id":"https:\/\/suresms.com\/dk\/funktioner\/modtag-sms-pa-din-computer\/#breadcrumb","itemListElement":[{"@type":"ListItem","position":1,"name":"Home","item":"https:\/\/suresms.com\/dk\/"},{"@type":"ListItem","position":2,"name":"Funktioner","item":"https:\/\/suresms.com\/dk\/funktioner\/"},{"@type":"ListItem","position":3,"name":"Modtag SMS p\u00e5 din computer"}]},{"@type":"WebSite","@id":"https:\/\/suresms.com\/en\/#website","url":"https:\/\/suresms.com\/en\/","name":"SureSMS","description":"Professioneller SMS-Gateway","publisher":{"@id":"https:\/\/suresms.com\/en\/#organization"},"potentialAction":[{"@type":"SearchAction","target":{"@type":"EntryPoint","urlTemplate":"https:\/\/suresms.com\/en\/?s={search_term_string}"},"query-input":{"@type":"PropertyValueSpecification","valueRequired":true,"valueName":"search_term_string"}}],"inLanguage":"de"},{"@type":"Organization","@id":"https:\/\/suresms.com\/en\/#organization","name":"SureSMS","url":"https:\/\/suresms.com\/en\/","logo":{"@type":"ImageObject","inLanguage":"de","@id":"https:\/\/suresms.com\/en\/#\/schema\/logo\/image\/","url":"https:\/\/suresms.com\/wp-content\/uploads\/2024\/11\/suresms-300x65-1.png","contentUrl":"https:\/\/suresms.com\/wp-content\/uploads\/2024\/11\/suresms-300x65-1.png","width":300,"height":65,"caption":"SureSMS"},"image":{"@id":"https:\/\/suresms.com\/en\/#\/schema\/logo\/image\/"},"sameAs":["https:\/\/www.facebook.com\/p\/SureSMS-100044607956149\/"]}]}},"_links":{"self":[{"href":"https:\/\/suresms.com\/de\/wp-json\/wp\/v2\/pages\/449","targetHints":{"allow":["GET"]}}],"collection":[{"href":"https:\/\/suresms.com\/de\/wp-json\/wp\/v2\/pages"}],"about":[{"href":"https:\/\/suresms.com\/de\/wp-json\/wp\/v2\/types\/page"}],"author":[{"embeddable":true,"href":"https:\/\/suresms.com\/de\/wp-json\/wp\/v2\/users\/1"}],"replies":[{"embeddable":true,"href":"https:\/\/suresms.com\/de\/wp-json\/wp\/v2\/comments?post=449"}],"version-history":[{"count":10,"href":"https:\/\/suresms.com\/de\/wp-json\/wp\/v2\/pages\/449\/revisions"}],"predecessor-version":[{"id":23849,"href":"https:\/\/suresms.com\/de\/wp-json\/wp\/v2\/pages\/449\/revisions\/23849"}],"up":[{"embeddable":true,"href":"https:\/\/suresms.com\/de\/wp-json\/wp\/v2\/pages\/958"}],"wp:attachment":[{"href":"https:\/\/suresms.com\/de\/wp-json\/wp\/v2\/media?parent=449"}],"wp:term":[{"taxonomy":"category","embeddable":true,"href":"https:\/\/suresms.com\/de\/wp-json\/wp\/v2\/categories?post=449"},{"taxonomy":"post_tag","embeddable":true,"href":"https:\/\/suresms.com\/de\/wp-json\/wp\/v2\/tags?post=449"}],"curies":[{"name":"wp","href":"https:\/\/api.w.org\/{rel}","templated":true}]}}