{"id":3864,"date":"2016-11-10T12:31:52","date_gmt":"2016-11-10T10:31:52","guid":{"rendered":"https:\/\/www.suresms.com\/dk\/?page_id=3864"},"modified":"2025-01-16T08:23:24","modified_gmt":"2025-01-16T08:23:24","slug":"woocommerce-sms-losung","status":"publish","type":"page","link":"https:\/\/suresms.com\/de\/integrationer\/shop-systemer\/woocommerce-sms-loesning\/","title":{"rendered":"WooCommerce SMS L\u00f6sung"},"content":{"rendered":"<!-- Flexy Breadcrumb -->\r\n\t\t\t<div class=\"fbc fbc-page\">\r\n\r\n\t\t\t\t<!-- Breadcrumb wrapper -->\r\n\t\t\t\t<div class=\"fbc-wrap\">\r\n\r\n\t\t\t\t\t<!-- Ordered list-->\r\n\t\t\t\t\t<ol class=\"fbc-items\" itemscope itemtype=\"https:\/\/schema.org\/BreadcrumbList\">\r\n\t\t\t\t\t\t            <li itemprop=\"itemListElement\" itemscope itemtype=\"https:\/\/schema.org\/ListItem\">\r\n                <span itemprop=\"name\">\r\n                    <!-- Home Link -->\r\n                    <a itemprop=\"item\" href=\"https:\/\/suresms.com\/de\/\">\r\n                    \r\n                                                    <i class=\"fa fa-home\" aria-hidden=\"true\"><\/i>Zuhause                    <\/a>\r\n                <\/span>\r\n                <meta itemprop=\"position\" content=\"1\" \/><!-- Meta Position-->\r\n             <\/li><li><span class=\"fbc-separator\">\/<\/span><\/li><li class=\"active\" itemprop=\"itemListElement\" itemscope itemtype=\"https:\/\/schema.org\/ListItem\"><span itemprop=\"name\" title=\"WooCommerce SMS L\u00f6sung\">WooCommerce SMS L\u00f6sung<\/span><meta itemprop=\"position\" content=\"2\" \/><\/li>\t\t\t\t\t<\/ol>\r\n\t\t\t\t\t<div class=\"clearfix\"><\/div>\r\n\t\t\t\t<\/div>\r\n\t\t\t<\/div>\r\n\t\t\t\n<p>&nbsp;<\/p>\n<p>&nbsp;<\/p>\n<h1>SMS von WooCommerce aus versenden - Plug'in von Rommel.dk<\/h1>\n<p>In Zusammenarbeit mit SureSMS hat Rommel.dk ein Plugin f\u00fcr WooCommerce entwickelt, mit dem du deine Kunden \u00fcber den Status ihrer Bestellung via WooCommerce und SureSMS auf dem Laufenden halten kannst.<\/p>\n<p>Das Plugin kostet 450,- und dann zahlst du nur f\u00fcr die SMS, die \u00fcber das Sure SMS-Gateway verschickt werden.  Es gibt kein Abonnement. Siehe unser<a href=\"https:\/\/suresms.com\/de\/uber-suresms\/preise-und-bezahlung\/\">\u00a0SMS Gateway Preise<\/a> Hier.<\/p>\n<p>Das Plugin unterst\u00fctzt sowohl Vorlagen als auch den Versand von SMS in mehreren Sprachen. Es unterst\u00fctzt WPML und Polylang in WooCommerce.<\/p>\n<h2>SMS f\u00fcr neue Bestellungen erhalten<\/h2>\n<p>WooCommerce SMS-Benachrichtigungen unterst\u00fctzen auch den Versand von SMS-Nachrichten an den Webshop-Administrator, wenn neue Bestellungen eingehen. So bleibst du immer auf dem Laufenden, ob es Dinge gibt, um die sich im Lager gek\u00fcmmert werden muss.<\/p>\n<h2>Wie man anf\u00e4ngt<\/h2>\n<p>Um loszulegen, gehe zu <a href=\"https:\/\/rommel.dk\/produkt\/woocommerce-sms-notifikationer\/\">Rommel.dk<\/a>\u00a0und lade das Plugin selbst herunter. Dann musst du ein Testkonto hier bei uns erstellen, indem du auf die gelbe Schaltfl\u00e4che \"Kostenloses Testkonto erstellen\" klickst. Sobald du alles eingerichtet hast, schreibst du einfach an support@suresms.com und bittest darum, dein Konto von einem Testkonto in ein echtes Konto umzuwandeln.<\/p>\n<p>&nbsp;<\/p>\n<p>&nbsp;<\/p>\n\t\t<h3>Erstelle ein kostenloses SureSMS Testkonto<\/h3>\n\t\t<p>Erstelle jetzt ein Testkonto und probiere unser Outlook-Plugin aus. Du zahlst keine Einrichtungsgeb\u00fchr oder ein Abonnement. Der Preis pro SMS ist derselbe, egal ob du wenige oder viele Nachrichten verschickst.<\/p>\n<p>Im Moment kannst du jedoch ein kostenloses Testkonto erstellen und erh\u00e4ltst 50 kostenlose SMS, wenn du dich anmeldest. Dann kannst du unser Produkt kostenlos testen. Und nat\u00fcrlich ist unser Testkonto an keine Bedingungen gekn\u00fcpft.<\/p>\n\t\t\t<a href=\"https:\/\/suresms.com\/de\/bestellung\/kostenloses-sms-testkonto\/\" target=\"_self\">\n\t\t\t\t\t\t\tKostenloses Schnupperkonto erstellen\n\t\t\t\t\t<\/a>\n\t\t<h3>SureSMS Outlook Add-in Version 1.4 herunterladen<\/h3>\n\t\t<p>\u00dcber diesen Link kannst du unser SureSMS SMS Add-in direkt auf deinen Computer herunterladen. Mit diesem Add-in kannst du schnell - und sehr, sehr einfach - SMS von Outlook aus versenden.<\/p>\n<strong>Das Add-in \/ unser Plugin funktioniert f\u00fcr Outlook 2013 und 2016.<\/strong><br \/>\nDas funktioniert unabh\u00e4ngig davon, ob du Office 365 oder deinen eigenen Exchange-Server nutzt.\n\t\t\t<a href=\"https:\/\/manual.suresms.com\/download\/Sms2Outlook.msi\" target=\"_self\">\n\t\t\t\t\t\t\tSMS Outlook Plugin herunterladen\n\t\t\t\t\t<\/a>\n\t\t<h3><a href=\"https:\/\/suresms.com\/de\/eigenschaften\/empfange-textnachrichten-auf-deinem-computer\/\" target=\"_self\">SMS empfangen - Erstellen einer 2-Wege-L\u00f6sung<\/a><\/h3>\n\t\t\t\t<a href=\"https:\/\/suresms.com\/de\/eigenschaften\/empfange-textnachrichten-auf-deinem-computer\/\" target=\"_self\" itemprop=\"url\">\n\t\t\t\t<img loading=\"lazy\" decoding=\"async\" src=\"https:\/\/suresms.com\/wp-content\/uploads\/2016\/06\/2-vejs-sms-outlook-callout.jpg\" alt=\"2-Wege-SMS Ausblick Anruf\" itemprop=\"image\" height=\"300\" width=\"400\" title=\"2-Wege-SMS Ausblick Anruf\" onerror=\"this.style.display='none'\"  \/>\n\t\t\t\t<\/a>\n<p>Wenn du unser SMS Outlook Plugin benutzt, hast du die M\u00f6glichkeit, alle gesendeten SMS in einem separaten Ordner zu speichern. So hast du immer ein Archiv der gesendeten Nachrichten.<\/p>\n<p><strong>Mit einer kostenpflichtigen Zwei-Wege-L\u00f6sung kannst du auch SMS in deinem Outlook empfangen,<\/strong> und erh\u00e4ltst so einen Verlauf des gesamten SMS-Dialogs. Das kann ein gro\u00dfer Vorteil sein, wenn du in einer Position bist, die eine Archivierung erfordert.<\/p>\n<p>Folge dem Link und lies mehr \u00fcber unsere 2-Wege-L\u00f6sungen: Von hier aus kannst du auch ganz einfach deine eigene 2-Wege-L\u00f6sung erstellen.<\/p>\n\t\t\t<a href=\"https:\/\/suresms.com\/de\/eigenschaften\/empfange-textnachrichten-auf-deinem-computer\/\" target=\"_self\">\n\t\t\t\t\t\t\tGehe zu 2-Wege-L\u00f6sungen\n\t\t\t\t\t<\/a>\n\t\t<h3><a href=\"https:\/\/suresms.com\/de\/?page_id=449\" target=\"_self\">2-Wege-SMS - Nummernbereiche<\/a><\/h3>\n\t\t\t\t<a href=\"https:\/\/suresms.com\/de\/?page_id=449\" target=\"_self\" itemprop=\"url\">\n\t\t\t\t<img loading=\"lazy\" decoding=\"async\" src=\"https:\/\/suresms.com\/wp-content\/uploads\/2016\/06\/Nummerserier-modtag-sms-Outlook-callout.jpg\" alt=\"Nummernbereiche erhalten sms Outlook-Anruf\" itemprop=\"image\" height=\"300\" width=\"400\" title=\"Nummernbereiche erhalten sms Outlook-Anruf\" onerror=\"this.style.display='none'\"  \/>\n\t\t\t\t<\/a>\n<p>Wenn du viele Mitarbeiter in deinem Unternehmen hast, die in der Lage sein m\u00fcssen, SMS \u00fcber Outlook zu senden und zu empfangen, dann ist unsere Virtual Number Series das richtige Produkt f\u00fcr dich. Der Preis variiert je nach Volumen. <a href=\"http:\/\/suresms.com\/de\/?page_id=2260\">Kontakt zu SureSMS<\/a> F\u00fcr weitere Informationen.<\/p>\n<ul>\n<li><strong>F\u00fcr viele Spuren (mindestens 10)<\/strong><\/li>\n<li><strong>Preis nach Vereinbarung<\/strong><\/li>\n<li><strong>D\u00e4nische Zahlen<\/strong><\/li>\n<li><strong>Unbegrenzter Empfang<\/strong><\/li>\n<li><strong>Kostenlose Rechnung<\/strong><\/li>\n<\/ul>\n\t\t\t<a href=\"https:\/\/suresms.com\/de\/?page_id=449\" target=\"_self\">\n\t\t\t\t\t\t\t\u00dcber SureSMS Nummernkreise\n\t\t\t\t\t<\/a>\n\t<h3><strong>Leitfaden<\/strong><\/h3>\n<p>&nbsp;<\/p>\n<h4><strong>Die Installation unseres Add-ins f\u00fcr Outlook ist ganz einfach. Befolge einfach diese kurzen Anweisungen.<br \/>\nWenn du eine ausf\u00fchrlichere Anleitung m\u00f6chtest, <a href=\"http:\/\/manual.suresms.com\/plugins\/manual-send-sms-fra-outlook\/\">Siehe die vollst\u00e4ndige Beschreibung auf unserer Manualsite<\/a>wo wir detaillierte Beschreibungen und Anleitungen f\u00fcr alle unsere Funktionen haben.<\/strong><\/h4>\n\t\t\t\t<img loading=\"lazy\" decoding=\"async\" src=\"https:\/\/suresms.com\/wp-content\/uploads\/2016\/06\/sms-Outlook-vejledning1.png\" alt=\"SMS Outlook Anleitung1\" itemprop=\"image\" height=\"393\" width=\"413\" title=\"SMS Outlook Anleitung1\" onerror=\"this.style.display='none'\"  \/>\n\t\t<h3>SureSMS f\u00fcr Outlook installieren<\/h3><ol>\n<li>Lade unser Plugin \u00fcber den Link oben auf dieser Seite herunter.<\/li>\n<li>Installiere das Programm<\/li>\n<li>\u00d6ffne dein Outlook. Du siehst dann einen Screenshot wie den auf der linken Seite.<\/li>\n<li>F\u00fclle die Anmeldeinformationen aus.<\/li>\n<li>Wenn du noch keinen Account hast, kannst du dir einen zulegen, indem du dem blauen Link auf deinem Anmeldebildschirm folgst.<\/li>\n<\/ol>\n\t\t\t\t<img loading=\"lazy\" decoding=\"async\" src=\"https:\/\/suresms.com\/wp-content\/uploads\/2016\/06\/sms-outlook-plugin-Add-in-vejledning.png\" alt=\"sms outlook plugin Add-in Anleitung\" itemprop=\"image\" height=\"343\" width=\"378\" title=\"sms outlook plugin Add-in Anleitung\" onerror=\"this.style.display='none'\"  \/>\n\t\t<h3>SMS aus Outlook senden<\/h3><p>Sobald du unser Add-in installiert hast, siehst du auf der rechten Seite deines Men\u00fcs eine neue Icon-Gruppe, so wie hier auf dem Bild zu sehen.<\/p>\n<p>Dann gib einfach die Nummer und die Nachricht ein und dr\u00fccke auf Senden.<\/p>\n<p>Du kannst +46 und dann die Nummer eingeben, wenn du z.B. nach Schweden senden willst. Wenn du aber nach D\u00e4nemark senden willst, gibst du einfach die Landesvorwahl auf dem Einrichtungsbildschirm ein und das System stellt die Landesvorwahl selbst ein.<\/p>\n\n\t\t<h3><a href=\"http:\/\/suresms.com\/de\/docs\/\" target=\"_self\">Besuche unsere Handbuch-Website<\/a><\/h3>\n\t\t\t\t<a href=\"http:\/\/suresms.com\/de\/docs\/\" target=\"_self\" itemprop=\"url\">\n\t\t\t\t<img loading=\"lazy\" decoding=\"async\" src=\"https:\/\/suresms.com\/wp-content\/uploads\/2016\/03\/Manual-400x250-px1.jpg\" alt=\"Handbuch Website suresms\" itemprop=\"image\" height=\"250\" width=\"400\" title=\"Handbuch 400x250 px\" onerror=\"this.style.display='none'\"  \/>\n\t\t\t\t<\/a>\n<p>Um unseren Kunden zu helfen, haben wir alle Anleitungen und Beschreibungen auf suresms.com\/docs gesammelt. Hier erf\u00e4hrst du, wie unser Gateway funktioniert und erh\u00e4ltst einfache, benutzerfreundliche Anleitungen f\u00fcr die vielen Funktionen.<\/p>\n\t\t<h3><a href=\"http:\/\/developer.suresms.com\/\" target=\"_self\">developer.suresms.com<\/a><\/h3>\n\t\t\t\t<a href=\"http:\/\/developer.suresms.com\/\" target=\"_self\" itemprop=\"url\">\n\t\t\t\t<img loading=\"lazy\" decoding=\"async\" src=\"https:\/\/suresms.com\/wp-content\/uploads\/2016\/03\/developer-400x250-px.jpg\" alt=\"Entwickler suresms Website f\u00fcr Entwickler\" itemprop=\"image\" height=\"250\" width=\"400\" title=\"Entwickler 400x250 px\" onerror=\"this.style.display='none'\"  \/>\n\t\t\t\t<\/a>\nSureSMS ist von Entwicklern f\u00fcr Entwickler gemacht!<br \/>\nAuf developer.suresms.com haben wir Dokumentationen und Codebeispiele zusammengestellt, die es dir leicht machen, unser Gateway in dein System zu integrieren.\n\t\t<h3><a href=\"https:\/\/www.youtube.com\/channel\/UC1XGC5rl9mI9ndtBVn8yq7g\" target=\"_self\">Schau dir unsere Lehrvideos an!<\/a><\/h3>\n\t\t\t\t<a href=\"https:\/\/www.youtube.com\/channel\/UC1XGC5rl9mI9ndtBVn8yq7g\" target=\"_self\" itemprop=\"url\">\n\t\t\t\t<img loading=\"lazy\" decoding=\"async\" src=\"https:\/\/suresms.com\/wp-content\/uploads\/2016\/03\/you-tube400x250px.jpg\" alt=\"suresms sms gateway you tube videos\" itemprop=\"image\" height=\"250\" width=\"400\" title=\"you tube 400x250px\" onerror=\"this.style.display='none'\"  \/>\n\t\t\t\t<\/a>\n<p>Willst du eine neue Funktion einf\u00fchren? Oder m\u00f6chtest du einfach nur ein bisschen mehr dar\u00fcber wissen, wie unser Gateway funktioniert? Auf Youtube haben wir unsere Anleitungsvideos gesammelt. Es kann losgehen!<\/p>","protected":false},"excerpt":{"rendered":"<p>&nbsp; &nbsp; SMS von WooCommerce aus versenden - Plug'in von Rommel.dk In Zusammenarbeit mit SureSMS hat Rommel.dk ein Plugin f\u00fcr WooCommerce entwickelt, mit dem du deine Kunden \u00fcber den Status ihrer Bestellung via WooCommerce und SureSMS auf dem Laufenden halten kannst. Das Plugin kostet 450,- und dann zahlst du nur f\u00fcr SMS, die \u00fcber das SureSMS-Gateway verschickt werden.  Es gibt keine ... <a title=\"WooCommerce SMS L\u00f6sung\" class=\"read-more\" href=\"https:\/\/suresms.com\/de\/integrationer\/shop-systemer\/woocommerce-sms-loesning\/\" aria-label=\"Erfahre mehr \u00fcber die WooCommerce SMS-L\u00f6sung\">Mehr lesen<\/a><\/p>","protected":false},"author":1,"featured_media":0,"parent":15935,"menu_order":0,"comment_status":"closed","ping_status":"closed","template":"","meta":{"_fl_builder_enabled":"1","_fl_builder_data":null,"_fl_builder_draft":null,"_fl_builder_data_settings":null,"_fl_builder_css":"","_fl_builder_css_version":"","_fl_builder_js":"","footnotes":""},"categories":[],"tags":[],"class_list":["post-3864","page","type-page","status-publish"],"yoast_head":"<!-- This site is optimized with the Yoast SEO Premium plugin v27.3 (Yoast SEO v27.3) - https:\/\/yoast.com\/product\/yoast-seo-premium-wordpress\/ -->\r\n<title>WooCommerce SMS notifikationer - SMS fra din WooCommerce shop<\/title>\r\n<meta name=\"description\" content=\"WooCommerce SMS integration | SureSMS WooCommerce Plugin | Send SMS ved ordrestatus og f\u00e5 SMS n\u00e5r du f\u00e5r nye ordre. | Betal kun pr. SMS.\" \/>\r\n<meta name=\"robots\" content=\"index, follow, max-snippet:-1, max-image-preview:large, max-video-preview:-1\" \/>\r\n<link rel=\"canonical\" href=\"https:\/\/suresms.com\/de\/integrationen\/shop-systeme\/woocommerce-sms-losung\/\" \/>\r\n<meta property=\"og:locale\" content=\"de_DE\" \/>\r\n<meta property=\"og:type\" content=\"article\" \/>\r\n<meta property=\"og:title\" content=\"Update - SMS til Outlook Plugin Version 1.4 - SureSMS\" \/>\r\n<meta property=\"og:description\" content=\"Update - GRATIS SMS Add-in til Outlook. Send SMS til kontakter &amp; grupper - Fuld dokumentation - Gratis testkonto. Flere afsender-ID muligheder. Modtag svar p\u00e5 mobil eller i Outlook med 2-vejs L\u00f8sning. NU op til 800 tegn i beskeden.\" \/>\r\n<meta property=\"og:url\" content=\"https:\/\/suresms.com\/de\/integrationen\/shop-systeme\/woocommerce-sms-losung\/\" \/>\r\n<meta property=\"article:publisher\" content=\"https:\/\/www.facebook.com\/p\/SureSMS-100044607956149\/\" \/>\r\n<meta property=\"article:modified_time\" content=\"2025-01-16T08:23:24+00:00\" \/>\r\n<meta property=\"og:image\" content=\"https:\/\/suresms.com\/wp-content\/uploads\/2016\/11\/WooCommerse-sms-plugin-facebook-snippet-1.jpg\" \/>\r\n\t<meta property=\"og:image:width\" content=\"1200\" \/>\r\n\t<meta property=\"og:image:height\" content=\"630\" \/>\r\n\t<meta property=\"og:image:type\" content=\"image\/jpeg\" \/>\r\n<meta name=\"twitter:card\" content=\"summary_large_image\" \/>\r\n<meta name=\"twitter:title\" content=\"WooCommerce SMS l\u00f8sning\" \/>\r\n<meta name=\"twitter:label1\" content=\"Gesch\u00e4tzte Lesezeit\" \/>\n\t<meta name=\"twitter:data1\" content=\"4\u00a0Minuten\" \/>\r\n<script type=\"application\/ld+json\" class=\"yoast-schema-graph\">{\"@context\":\"https:\\\/\\\/schema.org\",\"@graph\":[{\"@type\":\"WebPage\",\"@id\":\"https:\\\/\\\/suresms.com\\\/dk\\\/integrationer\\\/shop-systemer\\\/woocommerce-sms-loesning\\\/\",\"url\":\"https:\\\/\\\/suresms.com\\\/dk\\\/integrationer\\\/shop-systemer\\\/woocommerce-sms-loesning\\\/\",\"name\":\"WooCommerce SMS notifikationer - SMS fra din WooCommerce shop\",\"isPartOf\":{\"@id\":\"https:\\\/\\\/suresms.com\\\/en\\\/#website\"},\"primaryImageOfPage\":{\"@id\":\"https:\\\/\\\/suresms.com\\\/dk\\\/integrationer\\\/shop-systemer\\\/woocommerce-sms-loesning\\\/#primaryimage\"},\"image\":{\"@id\":\"https:\\\/\\\/suresms.com\\\/dk\\\/integrationer\\\/shop-systemer\\\/woocommerce-sms-loesning\\\/#primaryimage\"},\"thumbnailUrl\":\"https:\\\/\\\/suresms.com\\\/wp-content\\\/uploads\\\/2016\\\/06\\\/2-vejs-sms-outlook-callout.jpg\",\"datePublished\":\"2016-11-10T10:31:52+00:00\",\"dateModified\":\"2025-01-16T08:23:24+00:00\",\"description\":\"WooCommerce SMS integration | SureSMS WooCommerce Plugin | Send SMS ved ordrestatus og f\u00e5 SMS n\u00e5r du f\u00e5r nye ordre. | Betal kun pr. SMS.\",\"breadcrumb\":{\"@id\":\"https:\\\/\\\/suresms.com\\\/dk\\\/integrationer\\\/shop-systemer\\\/woocommerce-sms-loesning\\\/#breadcrumb\"},\"inLanguage\":\"de\",\"potentialAction\":[{\"@type\":\"ReadAction\",\"target\":[\"https:\\\/\\\/suresms.com\\\/dk\\\/integrationer\\\/shop-systemer\\\/woocommerce-sms-loesning\\\/\"]}]},{\"@type\":\"ImageObject\",\"inLanguage\":\"de\",\"@id\":\"https:\\\/\\\/suresms.com\\\/dk\\\/integrationer\\\/shop-systemer\\\/woocommerce-sms-loesning\\\/#primaryimage\",\"url\":\"https:\\\/\\\/suresms.com\\\/wp-content\\\/uploads\\\/2016\\\/06\\\/2-vejs-sms-outlook-callout.jpg\",\"contentUrl\":\"https:\\\/\\\/suresms.com\\\/wp-content\\\/uploads\\\/2016\\\/06\\\/2-vejs-sms-outlook-callout.jpg\"},{\"@type\":\"BreadcrumbList\",\"@id\":\"https:\\\/\\\/suresms.com\\\/dk\\\/integrationer\\\/shop-systemer\\\/woocommerce-sms-loesning\\\/#breadcrumb\",\"itemListElement\":[{\"@type\":\"ListItem\",\"position\":1,\"name\":\"Home\",\"item\":\"https:\\\/\\\/suresms.com\\\/dk\\\/\"},{\"@type\":\"ListItem\",\"position\":2,\"name\":\"Integrationer\",\"item\":\"https:\\\/\\\/suresms.com\\\/dk\\\/integrationer\\\/\"},{\"@type\":\"ListItem\",\"position\":3,\"name\":\"SMS integration til Shop systemer\",\"item\":\"https:\\\/\\\/suresms.com\\\/dk\\\/integrationer\\\/shop-systemer\\\/\"},{\"@type\":\"ListItem\",\"position\":4,\"name\":\"WooCommerce SMS l\u00f8sning\"}]},{\"@type\":\"WebSite\",\"@id\":\"https:\\\/\\\/suresms.com\\\/en\\\/#website\",\"url\":\"https:\\\/\\\/suresms.com\\\/en\\\/\",\"name\":\"SureSMS\",\"description\":\"Professionel SMS Gateway\",\"publisher\":{\"@id\":\"https:\\\/\\\/suresms.com\\\/en\\\/#organization\"},\"potentialAction\":[{\"@type\":\"SearchAction\",\"target\":{\"@type\":\"EntryPoint\",\"urlTemplate\":\"https:\\\/\\\/suresms.com\\\/en\\\/?s={search_term_string}\"},\"query-input\":{\"@type\":\"PropertyValueSpecification\",\"valueRequired\":true,\"valueName\":\"search_term_string\"}}],\"inLanguage\":\"de\"},{\"@type\":\"Organization\",\"@id\":\"https:\\\/\\\/suresms.com\\\/en\\\/#organization\",\"name\":\"SureSMS\",\"url\":\"https:\\\/\\\/suresms.com\\\/en\\\/\",\"logo\":{\"@type\":\"ImageObject\",\"inLanguage\":\"de\",\"@id\":\"https:\\\/\\\/suresms.com\\\/en\\\/#\\\/schema\\\/logo\\\/image\\\/\",\"url\":\"https:\\\/\\\/suresms.com\\\/wp-content\\\/uploads\\\/2024\\\/11\\\/suresms-300x65-1.png\",\"contentUrl\":\"https:\\\/\\\/suresms.com\\\/wp-content\\\/uploads\\\/2024\\\/11\\\/suresms-300x65-1.png\",\"width\":300,\"height\":65,\"caption\":\"SureSMS\"},\"image\":{\"@id\":\"https:\\\/\\\/suresms.com\\\/en\\\/#\\\/schema\\\/logo\\\/image\\\/\"},\"sameAs\":[\"https:\\\/\\\/www.facebook.com\\\/p\\\/SureSMS-100044607956149\\\/\"]}]}<\/script>\r\n<!-- \/ Yoast SEO Premium plugin. -->","yoast_head_json":{"title":"WooCommerce SMS-Benachrichtigungen - SMS aus deinem WooCommerce Shop","description":"WooCommerce SMS-Integration | SureSMS WooCommerce Plugin | Sende SMS zum Bestellstatus und erhalte SMS, wenn du neue Bestellungen erh\u00e4ltst. | Nur per SMS bezahlen.","robots":{"index":"index","follow":"follow","max-snippet":"max-snippet:-1","max-image-preview":"max-image-preview:large","max-video-preview":"max-video-preview:-1"},"canonical":"https:\/\/suresms.com\/de\/integrationen\/shop-systeme\/woocommerce-sms-losung\/","og_locale":"de_DE","og_type":"article","og_title":"Update - SMS til Outlook Plugin Version 1.4 - SureSMS","og_description":"Update - GRATIS SMS Add-in til Outlook. Send SMS til kontakter & grupper - Fuld dokumentation - Gratis testkonto. Flere afsender-ID muligheder. Modtag svar p\u00e5 mobil eller i Outlook med 2-vejs L\u00f8sning. NU op til 800 tegn i beskeden.","og_url":"https:\/\/suresms.com\/de\/integrationen\/shop-systeme\/woocommerce-sms-losung\/","article_publisher":"https:\/\/www.facebook.com\/p\/SureSMS-100044607956149\/","article_modified_time":"2025-01-16T08:23:24+00:00","og_image":[{"width":1200,"height":630,"url":"https:\/\/suresms.com\/wp-content\/uploads\/2016\/11\/WooCommerse-sms-plugin-facebook-snippet-1.jpg","type":"image\/jpeg"}],"twitter_card":"summary_large_image","twitter_title":"WooCommerce SMS l\u00f8sning","twitter_misc":{"Gesch\u00e4tzte Lesezeit":"4\u00a0Minuten"},"schema":{"@context":"https:\/\/schema.org","@graph":[{"@type":"WebPage","@id":"https:\/\/suresms.com\/dk\/integrationer\/shop-systemer\/woocommerce-sms-loesning\/","url":"https:\/\/suresms.com\/dk\/integrationer\/shop-systemer\/woocommerce-sms-loesning\/","name":"WooCommerce SMS-Benachrichtigungen - SMS aus deinem WooCommerce Shop","isPartOf":{"@id":"https:\/\/suresms.com\/en\/#website"},"primaryImageOfPage":{"@id":"https:\/\/suresms.com\/dk\/integrationer\/shop-systemer\/woocommerce-sms-loesning\/#primaryimage"},"image":{"@id":"https:\/\/suresms.com\/dk\/integrationer\/shop-systemer\/woocommerce-sms-loesning\/#primaryimage"},"thumbnailUrl":"https:\/\/suresms.com\/wp-content\/uploads\/2016\/06\/2-vejs-sms-outlook-callout.jpg","datePublished":"2016-11-10T10:31:52+00:00","dateModified":"2025-01-16T08:23:24+00:00","description":"WooCommerce SMS-Integration | SureSMS WooCommerce Plugin | Sende SMS zum Bestellstatus und erhalte SMS, wenn du neue Bestellungen erh\u00e4ltst. | Nur per SMS bezahlen.","breadcrumb":{"@id":"https:\/\/suresms.com\/dk\/integrationer\/shop-systemer\/woocommerce-sms-loesning\/#breadcrumb"},"inLanguage":"de","potentialAction":[{"@type":"ReadAction","target":["https:\/\/suresms.com\/dk\/integrationer\/shop-systemer\/woocommerce-sms-loesning\/"]}]},{"@type":"ImageObject","inLanguage":"de","@id":"https:\/\/suresms.com\/dk\/integrationer\/shop-systemer\/woocommerce-sms-loesning\/#primaryimage","url":"https:\/\/suresms.com\/wp-content\/uploads\/2016\/06\/2-vejs-sms-outlook-callout.jpg","contentUrl":"https:\/\/suresms.com\/wp-content\/uploads\/2016\/06\/2-vejs-sms-outlook-callout.jpg"},{"@type":"BreadcrumbList","@id":"https:\/\/suresms.com\/dk\/integrationer\/shop-systemer\/woocommerce-sms-loesning\/#breadcrumb","itemListElement":[{"@type":"ListItem","position":1,"name":"Home","item":"https:\/\/suresms.com\/dk\/"},{"@type":"ListItem","position":2,"name":"Integrationer","item":"https:\/\/suresms.com\/dk\/integrationer\/"},{"@type":"ListItem","position":3,"name":"SMS integration til Shop systemer","item":"https:\/\/suresms.com\/dk\/integrationer\/shop-systemer\/"},{"@type":"ListItem","position":4,"name":"WooCommerce SMS l\u00f8sning"}]},{"@type":"WebSite","@id":"https:\/\/suresms.com\/en\/#website","url":"https:\/\/suresms.com\/en\/","name":"SureSMS","description":"Professioneller SMS-Gateway","publisher":{"@id":"https:\/\/suresms.com\/en\/#organization"},"potentialAction":[{"@type":"SearchAction","target":{"@type":"EntryPoint","urlTemplate":"https:\/\/suresms.com\/en\/?s={search_term_string}"},"query-input":{"@type":"PropertyValueSpecification","valueRequired":true,"valueName":"search_term_string"}}],"inLanguage":"de"},{"@type":"Organization","@id":"https:\/\/suresms.com\/en\/#organization","name":"SureSMS","url":"https:\/\/suresms.com\/en\/","logo":{"@type":"ImageObject","inLanguage":"de","@id":"https:\/\/suresms.com\/en\/#\/schema\/logo\/image\/","url":"https:\/\/suresms.com\/wp-content\/uploads\/2024\/11\/suresms-300x65-1.png","contentUrl":"https:\/\/suresms.com\/wp-content\/uploads\/2024\/11\/suresms-300x65-1.png","width":300,"height":65,"caption":"SureSMS"},"image":{"@id":"https:\/\/suresms.com\/en\/#\/schema\/logo\/image\/"},"sameAs":["https:\/\/www.facebook.com\/p\/SureSMS-100044607956149\/"]}]}},"_links":{"self":[{"href":"https:\/\/suresms.com\/de\/wp-json\/wp\/v2\/pages\/3864","targetHints":{"allow":["GET"]}}],"collection":[{"href":"https:\/\/suresms.com\/de\/wp-json\/wp\/v2\/pages"}],"about":[{"href":"https:\/\/suresms.com\/de\/wp-json\/wp\/v2\/types\/page"}],"author":[{"embeddable":true,"href":"https:\/\/suresms.com\/de\/wp-json\/wp\/v2\/users\/1"}],"replies":[{"embeddable":true,"href":"https:\/\/suresms.com\/de\/wp-json\/wp\/v2\/comments?post=3864"}],"version-history":[{"count":7,"href":"https:\/\/suresms.com\/de\/wp-json\/wp\/v2\/pages\/3864\/revisions"}],"predecessor-version":[{"id":21719,"href":"https:\/\/suresms.com\/de\/wp-json\/wp\/v2\/pages\/3864\/revisions\/21719"}],"up":[{"embeddable":true,"href":"https:\/\/suresms.com\/de\/wp-json\/wp\/v2\/pages\/15935"}],"wp:attachment":[{"href":"https:\/\/suresms.com\/de\/wp-json\/wp\/v2\/media?parent=3864"}],"wp:term":[{"taxonomy":"category","embeddable":true,"href":"https:\/\/suresms.com\/de\/wp-json\/wp\/v2\/categories?post=3864"},{"taxonomy":"post_tag","embeddable":true,"href":"https:\/\/suresms.com\/de\/wp-json\/wp\/v2\/tags?post=3864"}],"curies":[{"name":"wp","href":"https:\/\/api.w.org\/{rel}","templated":true}]}}