{"id":3755,"date":"2016-10-18T13:01:26","date_gmt":"2016-10-18T11:01:26","guid":{"rendered":"https:\/\/www.suresms.com\/dk\/?page_id=3755"},"modified":"2025-01-04T23:57:58","modified_gmt":"2025-01-04T23:57:58","slug":"sms-losung-fur-gemeinsame-bibliothekssysteme","status":"publish","type":"page","link":"https:\/\/suresms.com\/de\/integrationer\/fagsystem-sms-integration\/sms-loesning-til-faelles-bibliotekssystem\/","title":{"rendered":"SMS-L\u00f6sung f\u00fcr FBS (Shared Library System)"},"content":{"rendered":"<!-- Flexy Breadcrumb -->\r\n\t\t\t<div class=\"fbc fbc-page\">\r\n\r\n\t\t\t\t<!-- Breadcrumb wrapper -->\r\n\t\t\t\t<div class=\"fbc-wrap\">\r\n\r\n\t\t\t\t\t<!-- Ordered list-->\r\n\t\t\t\t\t<ol class=\"fbc-items\" itemscope itemtype=\"https:\/\/schema.org\/BreadcrumbList\">\r\n\t\t\t\t\t\t            <li itemprop=\"itemListElement\" itemscope itemtype=\"https:\/\/schema.org\/ListItem\">\r\n                <span itemprop=\"name\">\r\n                    <!-- Home Link -->\r\n                    <a itemprop=\"item\" href=\"https:\/\/suresms.com\/de\/\">\r\n                    \r\n                                                    <i class=\"fa fa-home\" aria-hidden=\"true\"><\/i>Zuhause                    <\/a>\r\n                <\/span>\r\n                <meta itemprop=\"position\" content=\"1\" \/><!-- Meta Position-->\r\n             <\/li><li><span class=\"fbc-separator\">\/<\/span><\/li><li class=\"active\" itemprop=\"itemListElement\" itemscope itemtype=\"https:\/\/schema.org\/ListItem\"><span itemprop=\"name\" title=\"SMS-L\u00f6sung f\u00fcr FBS (Shared Library System)\">SMS-L\u00f6sung f\u00fcr FBS...<\/span><meta itemprop=\"position\" content=\"2\" \/><\/li>\t\t\t\t\t<\/ol>\r\n\t\t\t\t\t<div class=\"clearfix\"><\/div>\r\n\t\t\t\t<\/div>\r\n\t\t\t<\/div>\r\n\t\t\t\n<h1>\n\t\tNeue SMS-L\u00f6sung f\u00fcr FBS\n\t<\/h1>\n<p>&nbsp;<\/p>\n<p><strong>Das neue Gemeinsame Bibliothekssystem Cicero (FBS), das in Zusammenarbeit zwischen Kombit und Systematic entwickelt wurde, wird derzeit in rund 1.500 \u00f6ffentlichen Bibliotheken und Bildungszentren im ganzen Land eingef\u00fchrt. SureSMS liefert eine ausgereifte SMS-L\u00f6sung in bester Qualit\u00e4t, die vollst\u00e4ndig in das neue System integriert werden kann.<\/strong><\/p>\n\n<p>Unsere SMS-L\u00f6sung erf\u00fcllt alle Anforderungen, Standards und Funktionen, die Cicero an einen guten SMS-Gateway-Anbieter stellt. Als verantwortlicher Nutzer des Systems kannst du sicher sein, dass alle Funktionen in Cicero mit der von uns entwickelten L\u00f6sung funktionieren.<\/p>\n<h3>Einfache Einrichtung und Premium Support<\/h3>\n<p>Dank eines umfassenden Leitfadens ist es ganz einfach, Cicero f\u00fcr unsere L\u00f6sung einzurichten oder zu modifizieren. Es dauert weniger als 3 Minuten, um das System einzurichten und zu testen, ob alles richtig funktioniert. Wenn du dabei Fragen hast, kannst du dich jederzeit an unsere kompetenten Supporter und Techniker wenden, die allen Kunden erstklassige und kostenlose Unterst\u00fctzung bieten.<\/p>\n<h3>Sicherheit und Bewachung 24\/7<\/h3>\n<p>Bei SureSMS \u00fcberwachen wir unsere Server und dein Konto 24 Stunden am Tag, jeden Tag, das ganze Jahr \u00fcber. So kannst du sicher sein, dass wir die von dir gesendeten Nachrichten zustellen. Wenn etwas schief geht - und das liegt an der Technologie - erkennen wir das sofort und beheben es.<\/p>\n<p>Wir bieten auf Wunsch eine vollst\u00e4ndige Berichterstattung. Du kannst w\u00e4hlen, ob du einen t\u00e4glichen Bericht \u00fcber ALLE versendeten Nachrichten erhalten m\u00f6chtest oder nur \u00fcber die fehlgeschlagenen Nachrichten informiert werden m\u00f6chtest.<\/p>\n<h3>Optionale Gruppen-SMS mit Anmeldem\u00f6glichkeit<\/h3>\n<p>Unser SMS-Gateway unterst\u00fctzt auch viele verschiedene Group-SMS-Merkmale und -Funktionen, die wir bereits an Bibliotheken und andere kommunale Einrichtungen und Dienste verkauft haben. Damit k\u00f6nnen sich B\u00fcrger\/innen und Nutzer\/innen per SMS oder \u00fcber Websites in Listen ein- und austragen. Dies kann genutzt werden, um sich f\u00fcr Veranstaltungen und Kurse anzumelden oder um Angebote\/Nachrichten an bestimmte Gruppen von Bibliotheksnutzern zu senden. Diese Funktionen laufen au\u00dferhalb von Cicero, lassen sich aber ganz einfach in die t\u00e4gliche Praxis integrieren. <a href=\"https:\/\/suresms.com\/de\/kontakt\/\">Kontaktiere uns f\u00fcr weitere Informationen.\u00a0<\/a><\/p>\n<h3>Scharfer Preis - Einfache Preispolitik<\/h3>\n<p>Bei SureSMS gibt es keine Einrichtungsgeb\u00fchren und du zahlst kein Abonnement f\u00fcr die SMS-L\u00f6sung f\u00fcr Cicero. Du zahlst NUR pro versendete Nachricht.<\/p>\n<p><strong>Wir f\u00fchren derzeit eine FBS-Kampagne durch, bei der du die SMS f\u00fcr je 13 \u00f8re bekommst, wenn du dich im Kalenderjahr 2020 anmeldest. <\/strong>Melde dich auf dieser Seite an oder kontaktiere uns f\u00fcr weitere Informationen oder zur Anmeldung unter Tel.: +45 50 322 322 oder E-Mail: support@suresms.com.<\/p>\n<p>&nbsp;<\/p>\n<p>&nbsp;<\/p>\n\t\t<h4>In 3 Minuten aufgebaut!<\/h4>\n\t\t<p>Hier kannst du eine PDF-Datei mit Anweisungen zur Einrichtung herunterladen. Folge den 4 einfachen Schritten und schon kannst du mit SMS in Cicero loslegen.<\/p>\n\t\t\t<a href=\"https:\/\/l.facebook.com\/l.php?u=https%3A%2F%2Fwww.suresms.com%2Fdk%2Fwp-content%2Fuploads%2F2016%2F10%2FOpsaetning-af-Cicero-FBS.pdf&#038;h=6AQEfFVRd\" target=\"_self\">\n\t\t\t\t\t\t\tLeitfaden herunterladen\n\t\t\t\t\t<\/a>\n\t\t<h4>Ein kostenloses Testkonto erstellen<\/h4>\n\t\t<p>Du brauchst ein SureSMS-Konto, um deine Cicero-Installation zu testen. Es ist einfach zu erstellen und v\u00f6llig kostenlos. Du bekommst 50 SMS-Nachrichten f\u00fcr den Test.<\/p>\n\t\t\t<a href=\"https:\/\/suresms.com\/de\/kostenloses-sms-testkonto\/\" target=\"_self\">\n\t\t\t\t\t\t\tProbekonto erstellen\n\t\t\t\t\t<\/a>\n\t\t\t<p><a href=\"http:\/\/www.rodskovforsamlingshus.dk\/\"><img loading=\"lazy\" decoding=\"async\" src=\"https:\/\/suresms.com\/wp-content\/uploads\/2015\/02\/REB-Rodskov1.jpg\" alt=\"REB Rodskov\" width=\"172\" height=\"87\" \/><\/a><\/p>\n<p>&nbsp;<\/p>\n<p><em>\"Sie wurden mir von einem Kollegen empfohlen, der Ihre L\u00f6sung ebenfalls nutzt.\u00a0<\/em><\/p>\n<p>&nbsp;<\/p>\n<p><em>Ich habe eine Reihe anderer SMS-L\u00f6sungen untersucht und getestet, und deine ist bei weitem die flexibelste und schnellste - und das zu einem vern\u00fcnftigen Preis. <\/em><\/p>\n<p>&nbsp;<\/p>\n<p><em>DANKE f\u00fcr ein hervorragendes Produkt! Es macht genau das, was ich brauche - super gut!\"<\/em><\/p>\n<p>&nbsp;<\/p>\n<p><strong>Michel Gorm, Sekret\u00e4r<\/strong><\/p>\n<p>&nbsp;<\/p>\n<p><strong>Gemeindezentrum Rodskov<\/strong><\/p>\n<p>&nbsp;<\/p>","protected":false},"excerpt":{"rendered":"<p>Neue SMS-L\u00f6sung f\u00fcr FBS Das neue Cicero Shared Library System (FBS), das in Zusammenarbeit zwischen Kombit und Systematic entwickelt wurde, wird derzeit in rund 1500 \u00f6ffentlichen Bibliotheken und Bildungszentren im ganzen Land eingef\u00fchrt. SureSMS liefert eine ausgereifte SMS-L\u00f6sung in bester Qualit\u00e4t, die vollst\u00e4ndig in das neue System integriert werden kann. Unsere SMS-L\u00f6sung erf\u00fcllt alle Anforderungen, Standards ... <a title=\"SMS-L\u00f6sung f\u00fcr FBS (Shared Library System)\" class=\"read-more\" href=\"https:\/\/suresms.com\/de\/integrationer\/fagsystem-sms-integration\/sms-loesning-til-faelles-bibliotekssystem\/\" aria-label=\"Weitere Informationen zur SMS-L\u00f6sung f\u00fcr FBS (F\u00e6lles Bibliotekssystem)\">Mehr lesen<\/a><\/p>","protected":false},"author":1,"featured_media":0,"parent":18069,"menu_order":0,"comment_status":"closed","ping_status":"closed","template":"","meta":{"_fl_builder_enabled":"1","_fl_builder_data":null,"_fl_builder_draft":null,"_fl_builder_data_settings":null,"_fl_builder_css":"","_fl_builder_css_version":"","_fl_builder_js":"","footnotes":""},"categories":[],"tags":[],"class_list":["post-3755","page","type-page","status-publish"],"yoast_head":"<!-- This site is optimized with the Yoast SEO Premium plugin v27.3 (Yoast SEO v27.3) - https:\/\/yoast.com\/product\/yoast-seo-premium-wordpress\/ -->\r\n<title>Fbs \u2192 Nem oprettelse og hurtige resultater med dette system<\/title>\r\n<meta name=\"description\" content=\"Find et nemt online system med SMS services og f\u00e5 hurtigt kontakt til dine kunder. Ny og effektiv SMS l\u00f8sning til fbs.\" \/>\r\n<meta name=\"robots\" content=\"index, follow, max-snippet:-1, max-image-preview:large, max-video-preview:-1\" \/>\r\n<link rel=\"canonical\" href=\"https:\/\/suresms.com\/de\/integrationen\/cms-content-management-system-sms-integration-3\/sms-losung-fur-gemeinsame-bibliothekssysteme\/\" \/>\r\n<meta property=\"og:locale\" content=\"de_DE\" \/>\r\n<meta property=\"og:type\" content=\"article\" \/>\r\n<meta property=\"og:title\" content=\"SMS L\u00f8sning til F\u00e6lles Bibliotekssystem (FBS) Cicero\" \/>\r\n<meta property=\"og:description\" content=\"Lige nu udrulles Cicero (FBS) p\u00e5 folkebiblioteker og p\u00e6dagogiske l\u00e6ringscentre rundt omkring i landet. SureSMS leverer en kvalitets SMS l\u00f8sning fuldt integrerbar med det nye system. Nem ops\u00e6tning, gratis oprettelse og intet abonnement. 14 \u00f8re pr. SMS.\" \/>\r\n<meta property=\"og:url\" content=\"https:\/\/suresms.com\/de\/integrationen\/cms-content-management-system-sms-integration-3\/sms-losung-fur-gemeinsame-bibliothekssysteme\/\" \/>\r\n<meta property=\"article:publisher\" content=\"https:\/\/www.facebook.com\/p\/SureSMS-100044607956149\/\" \/>\r\n<meta property=\"article:modified_time\" content=\"2025-01-04T23:57:58+00:00\" \/>\r\n<meta property=\"og:image\" content=\"https:\/\/suresms.com\/wp-content\/uploads\/2016\/10\/SMS-Loesning-til-FBS-1.jpg\" \/>\r\n\t<meta property=\"og:image:width\" content=\"1200\" \/>\r\n\t<meta property=\"og:image:height\" content=\"600\" \/>\r\n\t<meta property=\"og:image:type\" content=\"image\/jpeg\" \/>\r\n<meta name=\"twitter:card\" content=\"summary_large_image\" \/>\r\n<meta name=\"twitter:title\" content=\"SMS l\u00f8sning til FBS (F\u00e6lles Bibliotekssystem)\" \/>\r\n<meta name=\"twitter:label1\" content=\"Gesch\u00e4tzte Lesezeit\" \/>\n\t<meta name=\"twitter:data1\" content=\"5\u00a0Minuten\" \/>\r\n<script type=\"application\/ld+json\" class=\"yoast-schema-graph\">{\"@context\":\"https:\\\/\\\/schema.org\",\"@graph\":[{\"@type\":\"WebPage\",\"@id\":\"https:\\\/\\\/suresms.com\\\/dk\\\/integrationer\\\/fagsystem-sms-integration\\\/sms-loesning-til-faelles-bibliotekssystem\\\/\",\"url\":\"https:\\\/\\\/suresms.com\\\/dk\\\/integrationer\\\/fagsystem-sms-integration\\\/sms-loesning-til-faelles-bibliotekssystem\\\/\",\"name\":\"Fbs \u2192 Nem oprettelse og hurtige resultater med dette system\",\"isPartOf\":{\"@id\":\"https:\\\/\\\/suresms.com\\\/en\\\/#website\"},\"primaryImageOfPage\":{\"@id\":\"https:\\\/\\\/suresms.com\\\/dk\\\/integrationer\\\/fagsystem-sms-integration\\\/sms-loesning-til-faelles-bibliotekssystem\\\/#primaryimage\"},\"image\":{\"@id\":\"https:\\\/\\\/suresms.com\\\/dk\\\/integrationer\\\/fagsystem-sms-integration\\\/sms-loesning-til-faelles-bibliotekssystem\\\/#primaryimage\"},\"thumbnailUrl\":\"https:\\\/\\\/suresms.com\\\/wp-content\\\/uploads\\\/2015\\\/02\\\/REB-Rodskov1.jpg\",\"datePublished\":\"2016-10-18T11:01:26+00:00\",\"dateModified\":\"2025-01-04T23:57:58+00:00\",\"description\":\"Find et nemt online system med SMS services og f\u00e5 hurtigt kontakt til dine kunder. Ny og effektiv SMS l\u00f8sning til fbs.\",\"breadcrumb\":{\"@id\":\"https:\\\/\\\/suresms.com\\\/dk\\\/integrationer\\\/fagsystem-sms-integration\\\/sms-loesning-til-faelles-bibliotekssystem\\\/#breadcrumb\"},\"inLanguage\":\"de\",\"potentialAction\":[{\"@type\":\"ReadAction\",\"target\":[\"https:\\\/\\\/suresms.com\\\/dk\\\/integrationer\\\/fagsystem-sms-integration\\\/sms-loesning-til-faelles-bibliotekssystem\\\/\"]}]},{\"@type\":\"ImageObject\",\"inLanguage\":\"de\",\"@id\":\"https:\\\/\\\/suresms.com\\\/dk\\\/integrationer\\\/fagsystem-sms-integration\\\/sms-loesning-til-faelles-bibliotekssystem\\\/#primaryimage\",\"url\":\"https:\\\/\\\/suresms.com\\\/wp-content\\\/uploads\\\/2015\\\/02\\\/REB-Rodskov1.jpg\",\"contentUrl\":\"https:\\\/\\\/suresms.com\\\/wp-content\\\/uploads\\\/2015\\\/02\\\/REB-Rodskov1.jpg\"},{\"@type\":\"BreadcrumbList\",\"@id\":\"https:\\\/\\\/suresms.com\\\/dk\\\/integrationer\\\/fagsystem-sms-integration\\\/sms-loesning-til-faelles-bibliotekssystem\\\/#breadcrumb\",\"itemListElement\":[{\"@type\":\"ListItem\",\"position\":1,\"name\":\"Home\",\"item\":\"https:\\\/\\\/suresms.com\\\/dk\\\/\"},{\"@type\":\"ListItem\",\"position\":2,\"name\":\"Integrationer\",\"item\":\"https:\\\/\\\/suresms.com\\\/dk\\\/integrationer\\\/\"},{\"@type\":\"ListItem\",\"position\":3,\"name\":\"SMS integration til fagsystemer\",\"item\":\"https:\\\/\\\/suresms.com\\\/dk\\\/integrationer\\\/fagsystem-sms-integration\\\/\"},{\"@type\":\"ListItem\",\"position\":4,\"name\":\"SMS l\u00f8sning til FBS (F\u00e6lles Bibliotekssystem)\"}]},{\"@type\":\"WebSite\",\"@id\":\"https:\\\/\\\/suresms.com\\\/en\\\/#website\",\"url\":\"https:\\\/\\\/suresms.com\\\/en\\\/\",\"name\":\"SureSMS\",\"description\":\"Professionel SMS Gateway\",\"publisher\":{\"@id\":\"https:\\\/\\\/suresms.com\\\/en\\\/#organization\"},\"potentialAction\":[{\"@type\":\"SearchAction\",\"target\":{\"@type\":\"EntryPoint\",\"urlTemplate\":\"https:\\\/\\\/suresms.com\\\/en\\\/?s={search_term_string}\"},\"query-input\":{\"@type\":\"PropertyValueSpecification\",\"valueRequired\":true,\"valueName\":\"search_term_string\"}}],\"inLanguage\":\"de\"},{\"@type\":\"Organization\",\"@id\":\"https:\\\/\\\/suresms.com\\\/en\\\/#organization\",\"name\":\"SureSMS\",\"url\":\"https:\\\/\\\/suresms.com\\\/en\\\/\",\"logo\":{\"@type\":\"ImageObject\",\"inLanguage\":\"de\",\"@id\":\"https:\\\/\\\/suresms.com\\\/en\\\/#\\\/schema\\\/logo\\\/image\\\/\",\"url\":\"https:\\\/\\\/suresms.com\\\/wp-content\\\/uploads\\\/2024\\\/11\\\/suresms-300x65-1.png\",\"contentUrl\":\"https:\\\/\\\/suresms.com\\\/wp-content\\\/uploads\\\/2024\\\/11\\\/suresms-300x65-1.png\",\"width\":300,\"height\":65,\"caption\":\"SureSMS\"},\"image\":{\"@id\":\"https:\\\/\\\/suresms.com\\\/en\\\/#\\\/schema\\\/logo\\\/image\\\/\"},\"sameAs\":[\"https:\\\/\\\/www.facebook.com\\\/p\\\/SureSMS-100044607956149\\\/\"]}]}<\/script>\r\n<!-- \/ Yoast SEO Premium plugin. -->","yoast_head_json":{"title":"Fbs \u2192 Einfache Erstellung und schnelle Ergebnisse mit diesem System","description":"Finde ein einfaches Online-System mit SMS-Diensten und nimm schnell Kontakt zu deinen Kunden auf. Neue und effiziente SMS-L\u00f6sung f\u00fcr fbs.","robots":{"index":"index","follow":"follow","max-snippet":"max-snippet:-1","max-image-preview":"max-image-preview:large","max-video-preview":"max-video-preview:-1"},"canonical":"https:\/\/suresms.com\/de\/integrationen\/cms-content-management-system-sms-integration-3\/sms-losung-fur-gemeinsame-bibliothekssysteme\/","og_locale":"de_DE","og_type":"article","og_title":"SMS L\u00f8sning til F\u00e6lles Bibliotekssystem (FBS) Cicero","og_description":"Lige nu udrulles Cicero (FBS) p\u00e5 folkebiblioteker og p\u00e6dagogiske l\u00e6ringscentre rundt omkring i landet. SureSMS leverer en kvalitets SMS l\u00f8sning fuldt integrerbar med det nye system. Nem ops\u00e6tning, gratis oprettelse og intet abonnement. 14 \u00f8re pr. SMS.","og_url":"https:\/\/suresms.com\/de\/integrationen\/cms-content-management-system-sms-integration-3\/sms-losung-fur-gemeinsame-bibliothekssysteme\/","article_publisher":"https:\/\/www.facebook.com\/p\/SureSMS-100044607956149\/","article_modified_time":"2025-01-04T23:57:58+00:00","og_image":[{"width":1200,"height":600,"url":"https:\/\/suresms.com\/wp-content\/uploads\/2016\/10\/SMS-Loesning-til-FBS-1.jpg","type":"image\/jpeg"}],"twitter_card":"summary_large_image","twitter_title":"SMS l\u00f8sning til FBS (F\u00e6lles Bibliotekssystem)","twitter_misc":{"Gesch\u00e4tzte Lesezeit":"5\u00a0Minuten"},"schema":{"@context":"https:\/\/schema.org","@graph":[{"@type":"WebPage","@id":"https:\/\/suresms.com\/dk\/integrationer\/fagsystem-sms-integration\/sms-loesning-til-faelles-bibliotekssystem\/","url":"https:\/\/suresms.com\/dk\/integrationer\/fagsystem-sms-integration\/sms-loesning-til-faelles-bibliotekssystem\/","name":"Fbs \u2192 Einfache Erstellung und schnelle Ergebnisse mit diesem System","isPartOf":{"@id":"https:\/\/suresms.com\/en\/#website"},"primaryImageOfPage":{"@id":"https:\/\/suresms.com\/dk\/integrationer\/fagsystem-sms-integration\/sms-loesning-til-faelles-bibliotekssystem\/#primaryimage"},"image":{"@id":"https:\/\/suresms.com\/dk\/integrationer\/fagsystem-sms-integration\/sms-loesning-til-faelles-bibliotekssystem\/#primaryimage"},"thumbnailUrl":"https:\/\/suresms.com\/wp-content\/uploads\/2015\/02\/REB-Rodskov1.jpg","datePublished":"2016-10-18T11:01:26+00:00","dateModified":"2025-01-04T23:57:58+00:00","description":"Finde ein einfaches Online-System mit SMS-Diensten und nimm schnell Kontakt zu deinen Kunden auf. Neue und effiziente SMS-L\u00f6sung f\u00fcr fbs.","breadcrumb":{"@id":"https:\/\/suresms.com\/dk\/integrationer\/fagsystem-sms-integration\/sms-loesning-til-faelles-bibliotekssystem\/#breadcrumb"},"inLanguage":"de","potentialAction":[{"@type":"ReadAction","target":["https:\/\/suresms.com\/dk\/integrationer\/fagsystem-sms-integration\/sms-loesning-til-faelles-bibliotekssystem\/"]}]},{"@type":"ImageObject","inLanguage":"de","@id":"https:\/\/suresms.com\/dk\/integrationer\/fagsystem-sms-integration\/sms-loesning-til-faelles-bibliotekssystem\/#primaryimage","url":"https:\/\/suresms.com\/wp-content\/uploads\/2015\/02\/REB-Rodskov1.jpg","contentUrl":"https:\/\/suresms.com\/wp-content\/uploads\/2015\/02\/REB-Rodskov1.jpg"},{"@type":"BreadcrumbList","@id":"https:\/\/suresms.com\/dk\/integrationer\/fagsystem-sms-integration\/sms-loesning-til-faelles-bibliotekssystem\/#breadcrumb","itemListElement":[{"@type":"ListItem","position":1,"name":"Home","item":"https:\/\/suresms.com\/dk\/"},{"@type":"ListItem","position":2,"name":"Integrationer","item":"https:\/\/suresms.com\/dk\/integrationer\/"},{"@type":"ListItem","position":3,"name":"SMS integration til fagsystemer","item":"https:\/\/suresms.com\/dk\/integrationer\/fagsystem-sms-integration\/"},{"@type":"ListItem","position":4,"name":"SMS l\u00f8sning til FBS (F\u00e6lles Bibliotekssystem)"}]},{"@type":"WebSite","@id":"https:\/\/suresms.com\/en\/#website","url":"https:\/\/suresms.com\/en\/","name":"SureSMS","description":"Professioneller SMS-Gateway","publisher":{"@id":"https:\/\/suresms.com\/en\/#organization"},"potentialAction":[{"@type":"SearchAction","target":{"@type":"EntryPoint","urlTemplate":"https:\/\/suresms.com\/en\/?s={search_term_string}"},"query-input":{"@type":"PropertyValueSpecification","valueRequired":true,"valueName":"search_term_string"}}],"inLanguage":"de"},{"@type":"Organization","@id":"https:\/\/suresms.com\/en\/#organization","name":"SureSMS","url":"https:\/\/suresms.com\/en\/","logo":{"@type":"ImageObject","inLanguage":"de","@id":"https:\/\/suresms.com\/en\/#\/schema\/logo\/image\/","url":"https:\/\/suresms.com\/wp-content\/uploads\/2024\/11\/suresms-300x65-1.png","contentUrl":"https:\/\/suresms.com\/wp-content\/uploads\/2024\/11\/suresms-300x65-1.png","width":300,"height":65,"caption":"SureSMS"},"image":{"@id":"https:\/\/suresms.com\/en\/#\/schema\/logo\/image\/"},"sameAs":["https:\/\/www.facebook.com\/p\/SureSMS-100044607956149\/"]}]}},"_links":{"self":[{"href":"https:\/\/suresms.com\/de\/wp-json\/wp\/v2\/pages\/3755","targetHints":{"allow":["GET"]}}],"collection":[{"href":"https:\/\/suresms.com\/de\/wp-json\/wp\/v2\/pages"}],"about":[{"href":"https:\/\/suresms.com\/de\/wp-json\/wp\/v2\/types\/page"}],"author":[{"embeddable":true,"href":"https:\/\/suresms.com\/de\/wp-json\/wp\/v2\/users\/1"}],"replies":[{"embeddable":true,"href":"https:\/\/suresms.com\/de\/wp-json\/wp\/v2\/comments?post=3755"}],"version-history":[{"count":6,"href":"https:\/\/suresms.com\/de\/wp-json\/wp\/v2\/pages\/3755\/revisions"}],"predecessor-version":[{"id":21033,"href":"https:\/\/suresms.com\/de\/wp-json\/wp\/v2\/pages\/3755\/revisions\/21033"}],"up":[{"embeddable":true,"href":"https:\/\/suresms.com\/de\/wp-json\/wp\/v2\/pages\/18069"}],"wp:attachment":[{"href":"https:\/\/suresms.com\/de\/wp-json\/wp\/v2\/media?parent=3755"}],"wp:term":[{"taxonomy":"category","embeddable":true,"href":"https:\/\/suresms.com\/de\/wp-json\/wp\/v2\/categories?post=3755"},{"taxonomy":"post_tag","embeddable":true,"href":"https:\/\/suresms.com\/de\/wp-json\/wp\/v2\/tags?post=3755"}],"curies":[{"name":"wp","href":"https:\/\/api.w.org\/{rel}","templated":true}]}}