{"id":333,"date":"2014-09-03T11:24:20","date_gmt":"2014-09-03T09:24:20","guid":{"rendered":"http:\/\/da.suresms.com\/?page_id=333"},"modified":"2026-04-02T18:24:03","modified_gmt":"2026-04-02T18:24:03","slug":"sms-gateway-preise","status":"publish","type":"page","link":"https:\/\/suresms.com\/de\/om-suresms\/sms-gateway-priser\/","title":{"rendered":"Preise f\u00fcr SMS-Gateways"},"content":{"rendered":"<h1>SMS Gateway Preise!<\/h1>\n\t\t\t\t\t<h2>SMS-Gateway<\/h2> 0,- pro Monat<ul role=\"list\"><li role=\"listitem\">31 \u00f8re pro SMS (ohne MwSt.)<\/li><li role=\"listitem\">Freie Erstellung<\/li><li role=\"listitem\">0,- kr im Abonnement<\/li><li role=\"listitem\">Unverbindlich<\/li><li role=\"listitem\">Kostenlose Rechnungsstellung<\/li><li role=\"listitem\">CPR-Poster f\u00fcr je 2 \u00f8re.<\/li><\/ul>\n\t\t\t<a href=\"https:\/\/suresms.com\/de\/sms-gateway-konto-erstellen\/\"  target=\"_self\">\n\t\t\t\t\t\tKonto erstellen\n\t\t\t\t\t<\/a>\n\t\t\t\t\t<h2>2-Wege-VLN-Nummern<\/h2> 99,- pro Monat<ul role=\"list\"><li role=\"listitem\">31 \u00f8re pro SMS (ohne MwSt.)<\/li><li role=\"listitem\">Freie Erstellung<\/li><li role=\"listitem\">99,- im Abonnement<\/li><li role=\"listitem\">6 Monate Verpflichtung<\/li><li role=\"listitem\">Kostenlose Rechnungsstellung<\/li><li role=\"listitem\">SMS kostenlos empfangen<\/li><\/ul>\n\t\t\t<a href=\"https:\/\/suresms.com\/de\/2-wege-entladung-bestellen\/\"  target=\"_self\">\n\t\t\t\t\t\tVLN-Nummer kaufen\n\t\t\t\t\t<\/a>\n\t\t\t\t\t<h2>2-Wege - Hosted SIM <\/h2> 199,- pro Monat<ul role=\"list\"><li role=\"listitem\">31 \u00f8re pro SMS (ohne MwSt.)<\/li><li role=\"listitem\">Freie Erstellung<\/li><li role=\"listitem\">199,- im Abonnement<\/li><li role=\"listitem\">6 Monate Verpflichtung<\/li><li role=\"listitem\">Kostenlose Rechnungsstellung<\/li><li role=\"listitem\">SMS kostenlos empfangen<\/li><\/ul>\n\t\t\t<a href=\"https:\/\/suresms.com\/de\/2-wege-entladung-bestellen\/\"  target=\"_self\">\n\t\t\t\t\t\tHosted SIM kaufen\n\t\t\t\t\t<\/a>\n\t\t\t\t\t<h2>2-fache Zahlenreihe<\/h2> max. 49,- pro Monat<ul role=\"list\"><li role=\"listitem\">Kontaktiere uns f\u00fcr Preise<\/li><li role=\"listitem\">Freie Erstellung<\/li><li role=\"listitem\">max 49,- je nach Volumen <\/li><li role=\"listitem\">6 Monate Verpflichtung<\/li><li role=\"listitem\">Kostenlose Rechnungsstellung<\/li><li role=\"listitem\">bei mind. 10 Nummern<\/li><\/ul>\n\t\t\t<a href=\"https:\/\/suresms.com\/de\/kontakt\/\"  target=\"_self\">\n\t\t\t\t\t\tKontakt \n\t\t\t\t\t<\/a>\n\t<p><strong>Der Preis f\u00fcr eine SMS ist der gleiche und du zahlst f\u00fcr jede SMS, die du versendest, auch wenn das Telefon des Empf\u00e4ngers ausgeschaltet ist, keinen Empfang hat oder die Nummer nicht gefunden wird!<\/strong><\/p>\n<p><strong>Mit Hosted SIM zahlst du NICHT f\u00fcr ausgehende Textnachrichten an deine Telefongesellschaft, auch wenn wir deine SIM-Karte in deinem Telefon haben. Du musst nur uns bezahlen, und das sind 28 \u00f8re pro SMS. Alle vier d\u00e4nischen Telekommunikationsunternehmen schreiben in ihren Gesch\u00e4ftsbedingungen vor, dass du mit deiner SIM-Karte KEINE so genannten \"maschinell erzeugten\" SMS-Nachrichten versenden darfst. Daher w\u00e4re es ein Versto\u00df gegen die Gesch\u00e4ftsbedingungen der Telekommunikationsunternehmen, wenn SMS-Gateways SMS-Nachrichten \u00fcber die SIM-Karte versenden. Wir \u00fcbermitteln daher die SMS \u00fcber unsere direkte Verbindung zum Telekommunikationsunternehmen, erhalten aber die Antwort auf der SIM-Karte.<\/strong><\/p>\n\t<h3>\u00dcber unsere 2-Wege-L\u00f6sungen<\/h3>\n<p>Du brauchst eine 2-Wege-L\u00f6sung, wenn du Antworten auf deine SMS-Nachrichten erhalten m\u00f6chtest. Zum Beispiel f\u00fcr Kunden, die Fragen beantworten k\u00f6nnen, oder wenn du maschinell erzeugte SMS-Nachrichten verwendest, z. B. zur \u00dcberwachung. Eine 2-Wege-L\u00f6sung ist NICHT Teil unseres kostenlosen SMS-Gateways.<\/p>\n<p>Die SMS, die du erh\u00e4ltst, sind Teil des Abonnements (kostenlos) und es gibt keine Einrichtungsgeb\u00fchr. Die 2-Wege-L\u00f6sung hat eine 6-monatige Bindung und kann dann mit einer Frist von einem Monat gek\u00fcndigt werden. Der Preis pro gesendeter SMS bleibt derselbe.\u00a0<a title=\"2-Wege-SMS, empfange SMS auf deinem Computer\" href=\"https:\/\/suresms.com\/de\/eigenschaften\/empfange-textnachrichten-auf-deinem-computer\/\">Lies HIER mehr \u00fcber unsere 2-Wege-L\u00f6sung!<\/a><\/p>\n\t\t<h3><a href=\"https:\/\/suresms.com\/de\/kostenloses-sms-testkonto\/\" target=\"_self\">Erstelle JETZT ein kostenloses Testkonto!<\/a><\/h3><p>Du kannst ein kostenloses Konto erstellen, um unser System zu testen, bevor du es kaufst. Folge dem Link und erhalte sofort ein Testkonto inklusive 50 Gratis-SMS. Du musst keine Zahlungsdaten eingeben, um ein Testkonto zu er\u00f6ffnen. Es ist ein Service von SureSMS f\u00fcr dich, ohne finanzielle Kosten oder Verpflichtungen.<\/p>\n<p>Aus Sicherheitsgr\u00fcnden \u00fcberpr\u00fcfen wir jedes Konto manuell und es kann manchmal eine kurze Wartezeit geben. Wir bitten daf\u00fcr um dein Verst\u00e4ndnis.<\/p>\n\t<figure itemscope itemtype=\"https:\/\/schema.org\/ImageObject\">\n\t\t\t\t<a href=\"https:\/\/suresms.com\/de\/kostenloses-sms-testkonto\/\"  target=\"_self\" itemprop=\"url\">\n\t\t\t\t<img decoding=\"async\" src=\"https:\/\/suresms.com\/wp-content\/uploads\/2014\/09\/test320-x243.jpg\" alt=\"kostenloses Testkonto erstellen sicher sms sms gateway kostenlos -100 kostenlose sms\" height=\"243\" width=\"320\" title=\"test320 x243\" onerror=\"this.style.display='none'\" loading=\"lazy\" \/>\n\t\t\t\t<\/a>\n\t<\/figure>","protected":false},"excerpt":{"rendered":"<p>SMS Gateway Preise! SMS Gateway 0,- pro Monat 31 \u00f8re pro SMS (exkl. MwSt.) Kostenlose Erstellung 0,- im Abonnement Keine Verpflichtung Kostenlose Abrechnung CPR-Lookups zu je 2 \u00f8re Konto erstellen 2-Wege-VLN-Nummern 99,- pro Monat 31 \u00f8re pro SMS (exkl. MwSt.) Kostenlose Erstellung 99,- im Abonnement 6 Monate Verpflichtung Kostenlose Abrechnung Kostenloser Empfang ... <a title=\"Preise f\u00fcr SMS-Gateways\" class=\"read-more\" href=\"https:\/\/suresms.com\/de\/om-suresms\/sms-gateway-priser\/\" aria-label=\"Mehr Informationen \u00fcber SMS-Gateway-Preise\">Mehr lesen<\/a><\/p>","protected":false},"author":1,"featured_media":0,"parent":18594,"menu_order":4,"comment_status":"closed","ping_status":"closed","template":"","meta":{"_fl_builder_enabled":"1","_fl_builder_data":null,"_fl_builder_draft":null,"_fl_builder_data_settings":null,"_fl_builder_css":"","_fl_builder_css_version":"","_fl_builder_js":"","footnotes":""},"categories":[],"tags":[],"class_list":["post-333","page","type-page","status-publish"],"yoast_head":"<!-- This site is optimized with the Yoast SEO Premium plugin v27.3 (Yoast SEO v27.3) - https:\/\/yoast.com\/product\/yoast-seo-premium-wordpress\/ -->\r\n<title>SMS gateway priser | Se priserne og Opret en gratis testkonto<\/title>\r\n<meta name=\"description\" content=\"Vi tilbyder Danmarks bedste SMS gateway priser. Ingen oprettelse. Intet abonnement. 18 \u00f8re pr. SMS til Danmark. Gratis test konto allerede i dag. Signup!\" \/>\r\n<meta name=\"robots\" content=\"index, follow, max-snippet:-1, max-image-preview:large, max-video-preview:-1\" \/>\r\n<link rel=\"canonical\" href=\"https:\/\/suresms.com\/de\/uber-suresms\/sms-gateway-preise\/\" \/>\r\n<meta property=\"og:locale\" content=\"de_DE\" \/>\r\n<meta property=\"og:type\" content=\"article\" \/>\r\n<meta property=\"og:title\" content=\"SMS gateway priser\" \/>\r\n<meta property=\"og:description\" content=\"Vi tilbyder Danmarks bedste SMS gateway priser. Ingen oprettelse. Intet abonnement. 18 \u00f8re pr. SMS til Danmark. Gratis test konto allerede i dag. Signup!\" \/>\r\n<meta property=\"og:url\" content=\"https:\/\/suresms.com\/de\/uber-suresms\/sms-gateway-preise\/\" \/>\r\n<meta property=\"article:publisher\" content=\"https:\/\/www.facebook.com\/p\/SureSMS-100044607956149\/\" \/>\r\n<meta property=\"article:modified_time\" content=\"2026-04-02T18:24:03+00:00\" \/>\r\n<meta property=\"og:image\" content=\"https:\/\/suresms.com\/wp-content\/uploads\/2014\/09\/test320-x243.jpg\" \/>\r\n<meta name=\"twitter:card\" content=\"summary_large_image\" \/>\r\n<meta name=\"twitter:label1\" content=\"Gesch\u00e4tzte Lesezeit\" \/>\n\t<meta name=\"twitter:data1\" content=\"3\u00a0Minuten\" \/>\r\n<script type=\"application\/ld+json\" class=\"yoast-schema-graph\">{\"@context\":\"https:\\\/\\\/schema.org\",\"@graph\":[{\"@type\":\"WebPage\",\"@id\":\"https:\\\/\\\/suresms.com\\\/dk\\\/om-suresms\\\/sms-gateway-priser\\\/\",\"url\":\"https:\\\/\\\/suresms.com\\\/dk\\\/om-suresms\\\/sms-gateway-priser\\\/\",\"name\":\"SMS gateway priser | Se priserne og Opret en gratis testkonto\",\"isPartOf\":{\"@id\":\"https:\\\/\\\/suresms.com\\\/en\\\/#website\"},\"primaryImageOfPage\":{\"@id\":\"https:\\\/\\\/suresms.com\\\/dk\\\/om-suresms\\\/sms-gateway-priser\\\/#primaryimage\"},\"image\":{\"@id\":\"https:\\\/\\\/suresms.com\\\/dk\\\/om-suresms\\\/sms-gateway-priser\\\/#primaryimage\"},\"thumbnailUrl\":\"https:\\\/\\\/suresms.com\\\/wp-content\\\/uploads\\\/2014\\\/09\\\/test320-x243.jpg\",\"datePublished\":\"2014-09-03T09:24:20+00:00\",\"dateModified\":\"2026-04-02T18:24:03+00:00\",\"description\":\"Vi tilbyder Danmarks bedste SMS gateway priser. Ingen oprettelse. Intet abonnement. 18 \u00f8re pr. SMS til Danmark. Gratis test konto allerede i dag. Signup!\",\"breadcrumb\":{\"@id\":\"https:\\\/\\\/suresms.com\\\/dk\\\/om-suresms\\\/sms-gateway-priser\\\/#breadcrumb\"},\"inLanguage\":\"de\",\"potentialAction\":[{\"@type\":\"ReadAction\",\"target\":[\"https:\\\/\\\/suresms.com\\\/dk\\\/om-suresms\\\/sms-gateway-priser\\\/\"]}]},{\"@type\":\"ImageObject\",\"inLanguage\":\"de\",\"@id\":\"https:\\\/\\\/suresms.com\\\/dk\\\/om-suresms\\\/sms-gateway-priser\\\/#primaryimage\",\"url\":\"https:\\\/\\\/suresms.com\\\/wp-content\\\/uploads\\\/2014\\\/09\\\/test320-x243.jpg\",\"contentUrl\":\"https:\\\/\\\/suresms.com\\\/wp-content\\\/uploads\\\/2014\\\/09\\\/test320-x243.jpg\"},{\"@type\":\"BreadcrumbList\",\"@id\":\"https:\\\/\\\/suresms.com\\\/dk\\\/om-suresms\\\/sms-gateway-priser\\\/#breadcrumb\",\"itemListElement\":[{\"@type\":\"ListItem\",\"position\":1,\"name\":\"Home\",\"item\":\"https:\\\/\\\/suresms.com\\\/dk\\\/\"},{\"@type\":\"ListItem\",\"position\":2,\"name\":\"Om SureSMS\",\"item\":\"https:\\\/\\\/suresms.com\\\/dk\\\/om-suresms\\\/\"},{\"@type\":\"ListItem\",\"position\":3,\"name\":\"SMS gateway priser\"}]},{\"@type\":\"WebSite\",\"@id\":\"https:\\\/\\\/suresms.com\\\/en\\\/#website\",\"url\":\"https:\\\/\\\/suresms.com\\\/en\\\/\",\"name\":\"SureSMS\",\"description\":\"Professionel SMS Gateway\",\"publisher\":{\"@id\":\"https:\\\/\\\/suresms.com\\\/en\\\/#organization\"},\"potentialAction\":[{\"@type\":\"SearchAction\",\"target\":{\"@type\":\"EntryPoint\",\"urlTemplate\":\"https:\\\/\\\/suresms.com\\\/en\\\/?s={search_term_string}\"},\"query-input\":{\"@type\":\"PropertyValueSpecification\",\"valueRequired\":true,\"valueName\":\"search_term_string\"}}],\"inLanguage\":\"de\"},{\"@type\":\"Organization\",\"@id\":\"https:\\\/\\\/suresms.com\\\/en\\\/#organization\",\"name\":\"SureSMS\",\"url\":\"https:\\\/\\\/suresms.com\\\/en\\\/\",\"logo\":{\"@type\":\"ImageObject\",\"inLanguage\":\"de\",\"@id\":\"https:\\\/\\\/suresms.com\\\/en\\\/#\\\/schema\\\/logo\\\/image\\\/\",\"url\":\"https:\\\/\\\/suresms.com\\\/wp-content\\\/uploads\\\/2024\\\/11\\\/suresms-300x65-1.png\",\"contentUrl\":\"https:\\\/\\\/suresms.com\\\/wp-content\\\/uploads\\\/2024\\\/11\\\/suresms-300x65-1.png\",\"width\":300,\"height\":65,\"caption\":\"SureSMS\"},\"image\":{\"@id\":\"https:\\\/\\\/suresms.com\\\/en\\\/#\\\/schema\\\/logo\\\/image\\\/\"},\"sameAs\":[\"https:\\\/\\\/www.facebook.com\\\/p\\\/SureSMS-100044607956149\\\/\"]}]}<\/script>\r\n<!-- \/ Yoast SEO Premium plugin. -->","yoast_head_json":{"title":"Preise f\u00fcr SMS-Gateways | Preise ansehen und ein kostenloses Testkonto erstellen","description":"Wir bieten die besten SMS-Gateway-Preise in D\u00e4nemark. Keine Einrichtung. Kein Abonnement. 18 \u00f8re pro SMS nach D\u00e4nemark. Kostenloses Testkonto heute. Melde dich an!","robots":{"index":"index","follow":"follow","max-snippet":"max-snippet:-1","max-image-preview":"max-image-preview:large","max-video-preview":"max-video-preview:-1"},"canonical":"https:\/\/suresms.com\/de\/uber-suresms\/sms-gateway-preise\/","og_locale":"de_DE","og_type":"article","og_title":"SMS gateway priser","og_description":"Vi tilbyder Danmarks bedste SMS gateway priser. Ingen oprettelse. Intet abonnement. 18 \u00f8re pr. SMS til Danmark. Gratis test konto allerede i dag. Signup!","og_url":"https:\/\/suresms.com\/de\/uber-suresms\/sms-gateway-preise\/","article_publisher":"https:\/\/www.facebook.com\/p\/SureSMS-100044607956149\/","article_modified_time":"2026-04-02T18:24:03+00:00","og_image":[{"url":"https:\/\/suresms.com\/wp-content\/uploads\/2014\/09\/test320-x243.jpg","type":"","width":"","height":""}],"twitter_card":"summary_large_image","twitter_misc":{"Gesch\u00e4tzte Lesezeit":"3\u00a0Minuten"},"schema":{"@context":"https:\/\/schema.org","@graph":[{"@type":"WebPage","@id":"https:\/\/suresms.com\/dk\/om-suresms\/sms-gateway-priser\/","url":"https:\/\/suresms.com\/dk\/om-suresms\/sms-gateway-priser\/","name":"Preise f\u00fcr SMS-Gateways | Preise ansehen und ein kostenloses Testkonto erstellen","isPartOf":{"@id":"https:\/\/suresms.com\/en\/#website"},"primaryImageOfPage":{"@id":"https:\/\/suresms.com\/dk\/om-suresms\/sms-gateway-priser\/#primaryimage"},"image":{"@id":"https:\/\/suresms.com\/dk\/om-suresms\/sms-gateway-priser\/#primaryimage"},"thumbnailUrl":"https:\/\/suresms.com\/wp-content\/uploads\/2014\/09\/test320-x243.jpg","datePublished":"2014-09-03T09:24:20+00:00","dateModified":"2026-04-02T18:24:03+00:00","description":"Wir bieten die besten SMS-Gateway-Preise in D\u00e4nemark. Keine Einrichtung. Kein Abonnement. 18 \u00f8re pro SMS nach D\u00e4nemark. Kostenloses Testkonto heute. Melde dich an!","breadcrumb":{"@id":"https:\/\/suresms.com\/dk\/om-suresms\/sms-gateway-priser\/#breadcrumb"},"inLanguage":"de","potentialAction":[{"@type":"ReadAction","target":["https:\/\/suresms.com\/dk\/om-suresms\/sms-gateway-priser\/"]}]},{"@type":"ImageObject","inLanguage":"de","@id":"https:\/\/suresms.com\/dk\/om-suresms\/sms-gateway-priser\/#primaryimage","url":"https:\/\/suresms.com\/wp-content\/uploads\/2014\/09\/test320-x243.jpg","contentUrl":"https:\/\/suresms.com\/wp-content\/uploads\/2014\/09\/test320-x243.jpg"},{"@type":"BreadcrumbList","@id":"https:\/\/suresms.com\/dk\/om-suresms\/sms-gateway-priser\/#breadcrumb","itemListElement":[{"@type":"ListItem","position":1,"name":"Home","item":"https:\/\/suresms.com\/dk\/"},{"@type":"ListItem","position":2,"name":"Om SureSMS","item":"https:\/\/suresms.com\/dk\/om-suresms\/"},{"@type":"ListItem","position":3,"name":"SMS gateway priser"}]},{"@type":"WebSite","@id":"https:\/\/suresms.com\/en\/#website","url":"https:\/\/suresms.com\/en\/","name":"SureSMS","description":"Professioneller SMS-Gateway","publisher":{"@id":"https:\/\/suresms.com\/en\/#organization"},"potentialAction":[{"@type":"SearchAction","target":{"@type":"EntryPoint","urlTemplate":"https:\/\/suresms.com\/en\/?s={search_term_string}"},"query-input":{"@type":"PropertyValueSpecification","valueRequired":true,"valueName":"search_term_string"}}],"inLanguage":"de"},{"@type":"Organization","@id":"https:\/\/suresms.com\/en\/#organization","name":"SureSMS","url":"https:\/\/suresms.com\/en\/","logo":{"@type":"ImageObject","inLanguage":"de","@id":"https:\/\/suresms.com\/en\/#\/schema\/logo\/image\/","url":"https:\/\/suresms.com\/wp-content\/uploads\/2024\/11\/suresms-300x65-1.png","contentUrl":"https:\/\/suresms.com\/wp-content\/uploads\/2024\/11\/suresms-300x65-1.png","width":300,"height":65,"caption":"SureSMS"},"image":{"@id":"https:\/\/suresms.com\/en\/#\/schema\/logo\/image\/"},"sameAs":["https:\/\/www.facebook.com\/p\/SureSMS-100044607956149\/"]}]}},"_links":{"self":[{"href":"https:\/\/suresms.com\/de\/wp-json\/wp\/v2\/pages\/333","targetHints":{"allow":["GET"]}}],"collection":[{"href":"https:\/\/suresms.com\/de\/wp-json\/wp\/v2\/pages"}],"about":[{"href":"https:\/\/suresms.com\/de\/wp-json\/wp\/v2\/types\/page"}],"author":[{"embeddable":true,"href":"https:\/\/suresms.com\/de\/wp-json\/wp\/v2\/users\/1"}],"replies":[{"embeddable":true,"href":"https:\/\/suresms.com\/de\/wp-json\/wp\/v2\/comments?post=333"}],"version-history":[{"count":8,"href":"https:\/\/suresms.com\/de\/wp-json\/wp\/v2\/pages\/333\/revisions"}],"predecessor-version":[{"id":23891,"href":"https:\/\/suresms.com\/de\/wp-json\/wp\/v2\/pages\/333\/revisions\/23891"}],"up":[{"embeddable":true,"href":"https:\/\/suresms.com\/de\/wp-json\/wp\/v2\/pages\/18594"}],"wp:attachment":[{"href":"https:\/\/suresms.com\/de\/wp-json\/wp\/v2\/media?parent=333"}],"wp:term":[{"taxonomy":"category","embeddable":true,"href":"https:\/\/suresms.com\/de\/wp-json\/wp\/v2\/categories?post=333"},{"taxonomy":"post_tag","embeddable":true,"href":"https:\/\/suresms.com\/de\/wp-json\/wp\/v2\/tags?post=333"}],"curies":[{"name":"wp","href":"https:\/\/api.w.org\/{rel}","templated":true}]}}