{"id":3023,"date":"2016-06-22T12:08:19","date_gmt":"2016-06-22T10:08:19","guid":{"rendered":"https:\/\/www.suresms.com\/dk\/?page_id=3023"},"modified":"2025-01-20T10:13:41","modified_gmt":"2025-01-20T10:13:41","slug":"sms-outlook-addin","status":"publish","type":"page","link":"https:\/\/suresms.com\/de\/integrationer\/mail_og_kalender\/sms-outlook-addin\/","title":{"rendered":"Outlook Add-in"},"content":{"rendered":"<!-- Flexy Breadcrumb -->\r\n\t\t\t<div class=\"fbc fbc-page\">\r\n\r\n\t\t\t\t<!-- Breadcrumb wrapper -->\r\n\t\t\t\t<div class=\"fbc-wrap\">\r\n\r\n\t\t\t\t\t<!-- Ordered list-->\r\n\t\t\t\t\t<ol class=\"fbc-items\" itemscope itemtype=\"https:\/\/schema.org\/BreadcrumbList\">\r\n\t\t\t\t\t\t            <li itemprop=\"itemListElement\" itemscope itemtype=\"https:\/\/schema.org\/ListItem\">\r\n                <span itemprop=\"name\">\r\n                    <!-- Home Link -->\r\n                    <a itemprop=\"item\" href=\"https:\/\/suresms.com\/de\/\">\r\n                    \r\n                                                    <i class=\"fa fa-home\" aria-hidden=\"true\"><\/i>Zuhause                    <\/a>\r\n                <\/span>\r\n                <meta itemprop=\"position\" content=\"1\" \/><!-- Meta Position-->\r\n             <\/li><li><span class=\"fbc-separator\">\/<\/span><\/li><li class=\"active\" itemprop=\"itemListElement\" itemscope itemtype=\"https:\/\/schema.org\/ListItem\"><span itemprop=\"name\" title=\"Outlook Add-in\">Outlook Add-in<\/span><meta itemprop=\"position\" content=\"2\" \/><\/li>\t\t\t\t\t<\/ol>\r\n\t\t\t\t\t<div class=\"clearfix\"><\/div>\r\n\t\t\t\t<\/div>\r\n\t\t\t<\/div>\r\n\t\t\t\n\t\t\t\t<img loading=\"lazy\" decoding=\"async\" src=\"https:\/\/suresms.com\/wp-content\/uploads\/2021\/10\/SMS2Outlook-low-1.png\" alt=\"SMS2Outlook niedrig\" itemprop=\"image\" height=\"250\" width=\"977\" title=\"SMS2Outlook niedrig\" onerror=\"this.style.display='none'\"  \/>\n\t<p><strong>Sende SMS direkt aus Outlook. Sende Nachrichten aus Outlook an Listen.<\/strong><br \/><strong>Sende SMS aus dem Outlook-Kalender.<\/strong><\/p>\n\t<h2>Was ist Outlook?<\/h2>\n<p>Outlook ist eine umfassende E-Mail- und Kalenderanwendung, die von Microsoft entwickelt wurde und sowohl von Privatpersonen als auch von Unternehmen zur Verwaltung von E-Mails, Kalendern, Aufgaben und Kontakten genutzt wird. Unsere Integration macht es m\u00f6glich, SMS direkt aus Outlook zu versenden. So kannst du schnell und effizient kommunizieren, ohne deinen Posteingang zu verlassen.<\/p>\n\t<h2>SMS2Outlook Add-in<\/h2>\n<p>Mit SureSMS haben wir ein Add-in f\u00fcr Outlook entwickelt, mit dem du schnell und einfach SMS direkt aus deinem Outlook versenden kannst. Nutze deine Outlook-Kontakte, um SMS-Nachrichten an Klienten, Benutzer und Kunden zu senden. Mit dem SureSMS-Add-in kannst du die Nachrichten auch speichern und somit protokollieren.<\/p>\n<p>Lade unser Outlook-Plugin hier von der Website herunter und installiere es. Das Plugin und das Abonnement sind KOSTENLOS und du zahlst nur pro versendete SMS zum aktuellen Tarif. Siehe unser<a href=\"https:\/\/suresms.com\/de\/sms-gateway-professionelle-sms-losungen\/sms-gateway-preise\/\">\u00a0SMS Gateway Preise<\/a> Hier.<\/p>\n<p>&nbsp;<\/p>\n<h2>\n\t\tAdd-in herunterladen\n\t<\/h2>\n\t<p>Lade das Add-in unten f\u00fcr normales Outlook oder f\u00fcr Citrix\/Terminal Server herunter.<\/p>\n\t\t\t\t<a href=\"https:\/\/suresms.com\/wp-content\/uploads\/2025\/01\/Sms2Outlook.msi\" target=\"_self\" itemprop=\"url\">\n\t\t\t\t<img loading=\"lazy\" decoding=\"async\" src=\"https:\/\/suresms.com\/wp-content\/uploads\/2021\/10\/download-1.png\" alt=\"herunterladen\" itemprop=\"image\" height=\"234\" width=\"600\" title=\"herunterladen\" onerror=\"this.style.display='none'\"  \/>\n\t\t\t\t<\/a>\n\t\t<h3><a href=\"https:\/\/suresms.com\/wp-content\/uploads\/2025\/01\/Sms2Outlook.msi\" target=\"_self\">SureSMS Outlook Add-in Version 2.9 herunterladen<\/a><\/h3><p>\u00dcber diesen Link kannst du unser SureSMS SMS Add-in direkt auf deinen Computer herunterladen. Mit diesem Add-in kannst du schnell - und sehr, sehr einfach - SMS von Outlook aus versenden.<\/p>\n<p>Anmerkungen:<\/p>\n<ul>\n<li>\n<ul>\n<li>Das Add-in \/ unser Plugin funktioniert f\u00fcr Outlook 2013 und h\u00f6her<\/li>\n<\/ul>\n<\/li>\n<\/ul>\n<p>&nbsp;<\/p>\n<ul>\n<li>\n<ul>\n<li>Das Add-in funktioniert nicht in \"The New Outlook\"<\/li>\n<\/ul>\n<\/li>\n<\/ul>\n<p>&nbsp;<\/p>\n<ul>\n<li>\n<ul>\n<li>Wenn du \u00fcber Terminal Server oder Citrix-L\u00f6sungen auf Outlook zugreifst, verwende den Download im n\u00e4chsten Abschnitt.<\/li>\n<\/ul>\n<\/li>\n<\/ul>\n<p>&nbsp;<\/p>\n<p>Das funktioniert unabh\u00e4ngig davon, ob du Office 365 oder deinen eigenen Exchange-Server nutzt.<\/p>\n\t\t\t\t\t<a href=\"#\" id=\"fl-accordion--label-0\" tabindex=\"0\" aria-controls=\"fl-accordion--panel-0\">Installation auf Terminal Server\/Citrix <\/a>\n\t\t\t\t\t\t\t\t\t\t\t<a href=\"#\" id=\"fl-accordion--icon-0\" tabindex=\"-1\"><i title=\"Erweitern\">Erweitern<\/i><\/a>\n\t\t\t\t\t<p>Hinweis: Wenn du das Add-in auf einem Terminal Server oder einer Citrix-Farm installierst, verwende stattdessen diese MSI-Datei.<\/p>\n<a role=\"button\" href=\"https:\/\/suresms.com\/wp-content\/uploads\/2025\/01\/Sms2Outlook.SetupAllUsers-2.msi\" rel=\"noopener noreferrer\"><br \/>\nSMS Outlook f\u00fcr Terminal Server<br \/>\n<\/a>\n<p>Bei der Installation muss sich der Terminalserver im Installationsmodus befinden.<\/p>\n<p>Starten einer Befehlszeile im Administratormodus<\/p>\n<ol>\n<li>\n<ol>\n<li>Tippe \"Benutzer \u00e4ndern \/installieren\"<\/li>\n<\/ol>\n<\/li>\n<\/ol>\n<p>&nbsp;<\/p>\n<ol>\n<li>\n<ol>\n<li>Starte das Installationsprogramm<\/li>\n<\/ol>\n<\/li>\n<\/ol>\n<p>&nbsp;<\/p>\n<ol>\n<li>\n<ol>\n<li>Tippe \"Benutzer \u00e4ndern \/Ausf\u00fchren\"<\/li>\n<\/ol>\n<\/li>\n<\/ol>\n<p>&nbsp;<\/p>\n<p>Dann musst du das tun:<\/p>\n<ol>\n<li>\n<ol>\n<li>Melden Sie sich bei Outlook als Administrator an<\/li>\n<\/ol>\n<\/li>\n<\/ol>\n<p>&nbsp;<\/p>\n<ol>\n<li>\n<ol>\n<li>Gehe in Dateien \/ Einstellungen \/ Add-ons<\/li>\n<\/ol>\n<\/li>\n<\/ol>\n<p>&nbsp;<\/p>\n<ol>\n<li>\n<ol>\n<li>Unten unter \"COM Add-ons\", in Add.<\/li>\n<\/ol>\n<\/li>\n<\/ol>\n<p>&nbsp;<\/p>\n<ol>\n<li>\n<ol>\n<li>Tippe im Dialogfeld auf Hinzuf\u00fcgen.<\/li>\n<\/ol>\n<\/li>\n<\/ol>\n<p>&nbsp;<\/p>\n<ol>\n<li>\n<ol>\n<li>Finde den Pfad zum Add-in<\/li>\n<\/ol>\n<\/li>\n<\/ol>\n<p>&nbsp;<\/p>\n<ol>\n<li>\n<ol>\n<li>W\u00e4hle die Datei adxloader.ddl aus und dr\u00fccke ok.<\/li>\n<\/ol>\n<\/li>\n<\/ol>\n<p>&nbsp;<\/p>\n<ol>\n<li>\n<ol>\n<li>Outlook neu starten<\/li>\n<\/ol>\n<\/li>\n<\/ol>\n<p>&nbsp;<\/p>\n<p>&nbsp;<\/p>\n\t<h2>Merkmale von SMS2Outlook<\/h2>\n<p>&nbsp;<\/p>\n<h3>SMS \u00fcber Kontakte und Gruppen in Outlook senden<\/h3>\nUnser SMS Add-in wurde speziell f\u00fcr Outlook entwickelt und entspricht den Standards, die Microsoft f\u00fcr seine Add-ins verlangt. Das bedeutet, dass du mit einer schnellen Installation unseres \"Plug-ins\" die Funktionalit\u00e4t in dein Outlook-Men\u00fc einbauen kannst. \u00dcber ein SureSMS-Men\u00fc in deiner oberen Leiste kannst du SMS und Gruppen-SMS direkt an deine bestehenden Kontakte senden oder neue Kontakte hinzuf\u00fcgen. Gib einfach den Namen oder die Telefonnummer deines Kontakts ein, schreibe die Nachricht und dr\u00fccke auf Senden.<br \/>\nEine SMS kann bis zu 160 Zeichen lang sein (von den Telekommunikationsunternehmen festgelegt), aber von unserem SMS-Sender aus kannst du bis zu 800 Zeichen versenden. Wenn die Nachricht l\u00e4nger ist, wird sie entsprechend teurer, genau wie von deinem normalen Handy aus.\n<h3>Dokumentation und Tagebuchf\u00fchrung<\/h3>\nWenn du SMS aus deinem Outlook-Client \u00fcber SureSMS versendest, haben wir daf\u00fcr gesorgt, dass deine Nachrichten automatisch gespeichert werden. In den Einstellungen kannst du festlegen, in welchem Ordner die SMS-Nachrichten gespeichert werden, und jedes Journalsystem kann die Nachrichten aus diesem Ordner abrufen.<br \/>\nDas bedeutet, dass sie wie deine anderen Mitteilungen protokolliert und abgerufen werden k\u00f6nnen, wenn sp\u00e4ter eine Dokumentation ben\u00f6tigt wird. Damit erf\u00fcllst du die Pflicht zur Protokollierung, die f\u00fcr alle \u00f6ffentlichen und kommunalen Einrichtungen gilt.\n<h3>Absender-ID ausw\u00e4hlen<\/h3>\n<p>Mit unserer neuen SMS for Outlook Version 1.4 gibt es mehrere neue Optionen f\u00fcr die Auswahl der Absender-ID. Du kannst jetzt von deiner eigenen Handynummer aus senden und die Antworten kostenlos auf deinem Handy empfangen. Wenn du die Antworten in deinem Outlook empfangen m\u00f6chtest, damit du sie sp\u00e4ter dokumentieren kannst, musst du eine\u00a0<a href=\"https:\/\/suresms.com\/de\/eigenschaften\/empfange-textnachrichten-auf-deinem-computer\/\">2-Wege-SMS-L\u00f6sung\u00a0<\/a>Von uns. Es ist schnell und einfach einzurichten. Sieh es dir an\u00a0<a href=\"https:\/\/suresms.com\/de\/sms-gateway-preise\/\">Preise f\u00fcr unsere SMS-L\u00f6sungen<\/a>\u00a0hier. Zu guter Letzt kannst du auch deinen Firmennamen als Absender w\u00e4hlen. Das kann f\u00fcr Unternehmen oder Organisationen bei der Markenbildung oder bei Kampagnen von gro\u00dfem Nutzen sein. Wenn du mehrere verschiedene Absender-IDs m\u00f6chtest, kontaktiere uns bitte. Aus Sicherheitsgr\u00fcnden k\u00f6nnen unsere Nutzerinnen und Nutzer selbst keine neuen erstellen, aber wir k\u00f6nnen das in wenigen Minuten erledigen.<\/p>\n<h3>2-Wege-L\u00f6sung<\/h3>\n<p>Wenn du oben auf dieser Seite ein Testkonto anlegst, erh\u00e4ltst du 50 kostenlose Nachrichten zum Testen. Leider beinhaltet die Testversion nicht die Option, SMS-Nachrichten zu empfangen. Ruf uns an, um mehr \u00fcber die M\u00f6glichkeiten zum Empfang von SMS-Nachrichten zu erfahren.<\/p>\n\t<h2>So installierst du SMS2Outlook<\/h2>\nDie Installation unseres Add-ins f\u00fcr Outlook ist ganz einfach. Befolge einfach diese kurzen Anweisungen.<br \/>\nWenn du eine ausf\u00fchrlichere Anleitung m\u00f6chtest, <a href=\"https:\/\/suresms.com\/de\/integrationen\/mail_und_kalender\/sms-outlook-addin\/textnachrichtenpapier\/\">Siehe die vollst\u00e4ndige Beschreibung auf unserer Manualsite<\/a>wo wir detaillierte Beschreibungen und Anleitungen f\u00fcr alle unsere Funktionen haben.\n<p><img loading=\"lazy\" decoding=\"async\" title=\"SMS Outlook Anleitung1\" src=\"https:\/\/suresms.com\/wp-content\/uploads\/2016\/06\/sms-Outlook-vejledning1.png\" alt=\"SMS Outlook Anleitung1\" width=\"413\" height=\"393\" \/><\/p>\n<h3>SureSMS f\u00fcr Outlook installieren<\/h3>\n<p>&nbsp;<\/p>\n<ol>\n<li>\n<ol>\n<li>Lade unser Plugin \u00fcber den Link oben auf dieser Seite herunter.<\/li>\n<\/ol>\n<\/li>\n<\/ol>\n<p>&nbsp;<\/p>\n<ol>\n<li>\n<ol>\n<li>Installiere das Programm<\/li>\n<\/ol>\n<\/li>\n<\/ol>\n<p>&nbsp;<\/p>\n<ol>\n<li>\n<ol>\n<li>\u00d6ffne dein Outlook. Du siehst dann einen Screenshot wie den auf der linken Seite.<\/li>\n<\/ol>\n<\/li>\n<\/ol>\n<p>&nbsp;<\/p>\n<ol>\n<li>\n<ol>\n<li>F\u00fclle die Anmeldeinformationen aus.<\/li>\n<\/ol>\n<\/li>\n<\/ol>\n<p>&nbsp;<\/p>\n<ol>\n<li>\n<ol>\n<li>Wenn du noch keinen Account hast, kannst du dir einen zulegen, indem du dem blauen Link auf deinem Anmeldebildschirm folgst.<\/li>\n<\/ol>\n<\/li>\n<\/ol>\n<p>&nbsp;<\/p>\n<p><img loading=\"lazy\" decoding=\"async\" title=\"sms outlook plugin Add-in Anleitung\" src=\"https:\/\/suresms.com\/wp-content\/uploads\/2016\/06\/sms-outlook-plugin-Add-in-vejledning.png\" alt=\"sms outlook plugin Add-in Anleitung\" width=\"378\" height=\"343\" \/><\/p>\n<h3>SMS aus Outlook senden<\/h3>\n<p>Sobald du unser Add-in installiert hast, siehst du auf der rechten Seite deines Men\u00fcs eine neue Icon-Gruppe, so wie hier auf dem Bild zu sehen.<\/p>\n<p>Dann gib einfach die Nummer und die Nachricht ein und dr\u00fccke auf Senden.<\/p>\n<p>Du kannst +46 und dann die Nummer eingeben, wenn du z.B. nach Schweden senden willst. Wenn du aber nach D\u00e4nemark senden willst, gibst du einfach die Landesvorwahl auf dem Einrichtungsbildschirm ein und das System stellt die Landesvorwahl selbst ein.<\/p>\n<p>&nbsp;<\/p>\n\t<h2>Vermeide die Deaktivierung von SMS2Oulook<\/h2>\n<p>Manchmal kann es vorkommen, dass Outlook SMS2Outlook deaktiviert. Das kann aus verschiedenen Gr\u00fcnden passieren. Im Folgenden erf\u00e4hrst du, wie du SMS2Outlook wieder aktivieren kannst, damit es nicht wieder deaktiviert wird.<\/p>\n<h3>Das Add-in erneut aktivieren<\/h3>\n<p>Zuerst musst du das Add-in wieder aktivieren. Hier findest du eine gute Anleitung, wie du das machst: <a href=\"https:\/\/www.techhit.com\/how-to\/fix-missing-add-in-outlook-2016-2013-2010\/\" target=\"_blank\" rel=\"noopener\">Reaktivierung des Add-Ins<\/a><\/p>\n<p>&nbsp;<\/p>\n<h3>Automatische Deaktivierung ausschalten<\/h3>\n<p>Outlook deaktiviert manchmal Add-Ins, wenn es der Meinung ist, dass ein Add-In die Funktionen von Outlook beeintr\u00e4chtigt. In manchen F\u00e4llen ist das Add-in nicht schuld. Outlook kann hier zu aggressiv sein.<\/p>\n<p>Hinweis: Wenn ein Add-in bereits deaktiviert ist, findest du eine Anleitung, wie du ein deaktiviertes Add-in wieder aktivieren kannst\u00a0<a href=\"https:\/\/www.techhit.com\/how-to\/fix-missing-add-in-outlook-2016-2013-2010\/\">Outlook Add-in hier<\/a>.<\/p>\n<p>Wenn du auf einige Add-Ins angewiesen bist und es dir wichtig ist, dass sie aktiviert bleiben, befolge diese Anweisungen, um zu verhindern, dass Outlook Add-Ins deaktiviert.<\/p>\n<p>Es gibt zwei M\u00f6glichkeiten, dies zu erreichen:<\/p>\nWenn du ein Systemadministrator bist, verwende die Gruppenrichtlinie.<br \/>\n<a href=\"https:\/\/www.microsoft.com\/en-us\/download\/details.aspx?id=49030\">Microsoft Office ADMX-Vorlagen herunterladen<\/a>\u00a0und verwende eine Gruppenrichtlinie, um die Einstellungen zu konfigurieren. Die Richtlinie hei\u00dft \"Liste der verwalteten Add-ins\". Sie befindet sich unter \"VerwaltungsvorlagenMicrosoft Outlook 2016Sonstiges\". Du musst die ProgID des Outlook-Add-ins angeben.\n<p>Wenn du ein Endbenutzer oder ein Administrator bist, der es vorzieht, die Gruppenrichtlinie nicht zu verwenden, kannst du die Registrierung nutzen. Um zu erzwingen, dass ein Add-in immer aktiviert bleibt, erstellst du den folgenden Registrierungswert:<\/p>\n<p>&nbsp;<\/p>\n<p>Beachte den Registrierungspfad unter Outlook 16.0. Hier musst du 15.0 verwenden, wenn du Outlook 2013 oder \u00e4lter hast.<\/p>\n<p>Du kannst mehr dar\u00fcber lesen unter\u00a0<a href=\"https:\/\/learn.microsoft.com\/en-us\/office\/vba\/outlook\/concepts\/getting-started\/support-for-keeping-add-ins-enabled\">Microsofts Website.<\/a><\/p>","protected":false},"excerpt":{"rendered":"<p>Sende SMS direkt aus Outlook. Sende Nachrichten an Listen aus Outlook, sende SMS aus dem Outlook-Kalender. Was ist Outlook? Outlook ist eine umfassende E-Mail- und Kalenderanwendung, die von Microsoft entwickelt wurde und sowohl von Privatpersonen als auch von Unternehmen zur Verwaltung von E-Mails, Kalendern, Aufgaben und Kontakten genutzt wird. Unsere Integration macht es m\u00f6glich, SMS direkt aus Outlook zu versenden, was... <a title=\"Outlook Add-in\" class=\"read-more\" href=\"https:\/\/suresms.com\/de\/integrationer\/mail_og_kalender\/sms-outlook-addin\/\" aria-label=\"Mehr \u00fcber das Outlook Add-in erfahren\">Mehr lesen<\/a><\/p>","protected":false},"author":1,"featured_media":0,"parent":13808,"menu_order":0,"comment_status":"closed","ping_status":"closed","template":"","meta":{"_fl_builder_enabled":"1","_fl_builder_data":null,"_fl_builder_draft":null,"_fl_builder_data_settings":null,"_fl_builder_css":"","_fl_builder_css_version":"","_fl_builder_js":"","footnotes":""},"categories":[],"tags":[],"class_list":["post-3023","page","type-page","status-publish"],"yoast_head":"<!-- This site is optimized with the Yoast SEO Premium plugin v27.3 (Yoast SEO v27.3) - https:\/\/yoast.com\/product\/yoast-seo-premium-wordpress\/ -->\r\n<title>Sende SMS fra Outlook med vores smarte plugin \u2713 L\u00e6s her<\/title>\r\n<meta name=\"description\" content=\"Send SMS fra Outlook | SureSMS Outlook Add-In |Send nemt SMS til kontakter og grupper. Flere afsender-ID muligheder | Download gratis | Betal kun pr. SMS.\" \/>\r\n<meta name=\"robots\" content=\"index, follow, max-snippet:-1, max-image-preview:large, max-video-preview:-1\" \/>\r\n<link rel=\"canonical\" href=\"https:\/\/suresms.com\/de\/integrationen\/mail_und_kalender\/sms-outlook-addin\/\" \/>\r\n<meta property=\"og:locale\" content=\"de_DE\" \/>\r\n<meta property=\"og:type\" content=\"article\" \/>\r\n<meta property=\"og:title\" content=\"Update - SMS til Outlook Plugin Version 1.4 - SureSMS\" \/>\r\n<meta property=\"og:description\" content=\"Update - GRATIS SMS Add-in til Outlook. Send SMS til kontakter &amp; grupper - Fuld dokumentation - Gratis testkonto. Flere afsender-ID muligheder. Modtag svar p\u00e5 mobil eller i Outlook med 2-vejs L\u00f8sning. NU op til 800 tegn i beskeden.\" \/>\r\n<meta property=\"og:url\" content=\"https:\/\/suresms.com\/de\/integrationen\/mail_und_kalender\/sms-outlook-addin\/\" \/>\r\n<meta property=\"article:publisher\" content=\"https:\/\/www.facebook.com\/p\/SureSMS-100044607956149\/\" \/>\r\n<meta property=\"article:modified_time\" content=\"2025-01-20T10:13:41+00:00\" \/>\r\n<meta property=\"og:image\" content=\"https:\/\/suresms.com\/wp-content\/uploads\/2016\/02\/facebook-Outlook-plugin-version-1.4-snippet-1.jpg\" \/>\r\n\t<meta property=\"og:image:width\" content=\"1200\" \/>\r\n\t<meta property=\"og:image:height\" content=\"630\" \/>\r\n\t<meta property=\"og:image:type\" content=\"image\/jpeg\" \/>\r\n<meta name=\"twitter:card\" content=\"summary_large_image\" \/>\r\n<meta name=\"twitter:title\" content=\"Outlook Add-in\" \/>\r\n<meta name=\"twitter:label1\" content=\"Gesch\u00e4tzte Lesezeit\" \/>\n\t<meta name=\"twitter:data1\" content=\"7\u00a0Minuten\" \/>\r\n<script type=\"application\/ld+json\" class=\"yoast-schema-graph\">{\"@context\":\"https:\\\/\\\/schema.org\",\"@graph\":[{\"@type\":\"WebPage\",\"@id\":\"https:\\\/\\\/suresms.com\\\/dk\\\/integrationer\\\/mail_og_kalender\\\/sms-outlook-addin\\\/\",\"url\":\"https:\\\/\\\/suresms.com\\\/dk\\\/integrationer\\\/mail_og_kalender\\\/sms-outlook-addin\\\/\",\"name\":\"Sende SMS fra Outlook med vores smarte plugin \u2713 L\u00e6s her\",\"isPartOf\":{\"@id\":\"https:\\\/\\\/suresms.com\\\/en\\\/#website\"},\"primaryImageOfPage\":{\"@id\":\"https:\\\/\\\/suresms.com\\\/dk\\\/integrationer\\\/mail_og_kalender\\\/sms-outlook-addin\\\/#primaryimage\"},\"image\":{\"@id\":\"https:\\\/\\\/suresms.com\\\/dk\\\/integrationer\\\/mail_og_kalender\\\/sms-outlook-addin\\\/#primaryimage\"},\"thumbnailUrl\":\"https:\\\/\\\/suresms.com\\\/wp-content\\\/uploads\\\/2021\\\/10\\\/SMS2Outlook-low-1.png\",\"datePublished\":\"2016-06-22T10:08:19+00:00\",\"dateModified\":\"2025-01-20T10:13:41+00:00\",\"description\":\"Send SMS fra Outlook | SureSMS Outlook Add-In |Send nemt SMS til kontakter og grupper. Flere afsender-ID muligheder | Download gratis | Betal kun pr. SMS.\",\"breadcrumb\":{\"@id\":\"https:\\\/\\\/suresms.com\\\/dk\\\/integrationer\\\/mail_og_kalender\\\/sms-outlook-addin\\\/#breadcrumb\"},\"inLanguage\":\"de\",\"potentialAction\":[{\"@type\":\"ReadAction\",\"target\":[\"https:\\\/\\\/suresms.com\\\/dk\\\/integrationer\\\/mail_og_kalender\\\/sms-outlook-addin\\\/\"]}]},{\"@type\":\"ImageObject\",\"inLanguage\":\"de\",\"@id\":\"https:\\\/\\\/suresms.com\\\/dk\\\/integrationer\\\/mail_og_kalender\\\/sms-outlook-addin\\\/#primaryimage\",\"url\":\"https:\\\/\\\/suresms.com\\\/wp-content\\\/uploads\\\/2021\\\/10\\\/SMS2Outlook-low-1.png\",\"contentUrl\":\"https:\\\/\\\/suresms.com\\\/wp-content\\\/uploads\\\/2021\\\/10\\\/SMS2Outlook-low-1.png\"},{\"@type\":\"BreadcrumbList\",\"@id\":\"https:\\\/\\\/suresms.com\\\/dk\\\/integrationer\\\/mail_og_kalender\\\/sms-outlook-addin\\\/#breadcrumb\",\"itemListElement\":[{\"@type\":\"ListItem\",\"position\":1,\"name\":\"Home\",\"item\":\"https:\\\/\\\/suresms.com\\\/dk\\\/\"},{\"@type\":\"ListItem\",\"position\":2,\"name\":\"Integrationer\",\"item\":\"https:\\\/\\\/suresms.com\\\/dk\\\/integrationer\\\/\"},{\"@type\":\"ListItem\",\"position\":3,\"name\":\"Integration til mail- og kalender systemer\",\"item\":\"https:\\\/\\\/suresms.com\\\/dk\\\/integrationer\\\/mail_og_kalender\\\/\"},{\"@type\":\"ListItem\",\"position\":4,\"name\":\"Outlook Add-in\"}]},{\"@type\":\"WebSite\",\"@id\":\"https:\\\/\\\/suresms.com\\\/en\\\/#website\",\"url\":\"https:\\\/\\\/suresms.com\\\/en\\\/\",\"name\":\"SureSMS\",\"description\":\"Professionel SMS Gateway\",\"publisher\":{\"@id\":\"https:\\\/\\\/suresms.com\\\/en\\\/#organization\"},\"potentialAction\":[{\"@type\":\"SearchAction\",\"target\":{\"@type\":\"EntryPoint\",\"urlTemplate\":\"https:\\\/\\\/suresms.com\\\/en\\\/?s={search_term_string}\"},\"query-input\":{\"@type\":\"PropertyValueSpecification\",\"valueRequired\":true,\"valueName\":\"search_term_string\"}}],\"inLanguage\":\"de\"},{\"@type\":\"Organization\",\"@id\":\"https:\\\/\\\/suresms.com\\\/en\\\/#organization\",\"name\":\"SureSMS\",\"url\":\"https:\\\/\\\/suresms.com\\\/en\\\/\",\"logo\":{\"@type\":\"ImageObject\",\"inLanguage\":\"de\",\"@id\":\"https:\\\/\\\/suresms.com\\\/en\\\/#\\\/schema\\\/logo\\\/image\\\/\",\"url\":\"https:\\\/\\\/suresms.com\\\/wp-content\\\/uploads\\\/2024\\\/11\\\/suresms-300x65-1.png\",\"contentUrl\":\"https:\\\/\\\/suresms.com\\\/wp-content\\\/uploads\\\/2024\\\/11\\\/suresms-300x65-1.png\",\"width\":300,\"height\":65,\"caption\":\"SureSMS\"},\"image\":{\"@id\":\"https:\\\/\\\/suresms.com\\\/en\\\/#\\\/schema\\\/logo\\\/image\\\/\"},\"sameAs\":[\"https:\\\/\\\/www.facebook.com\\\/p\\\/SureSMS-100044607956149\\\/\"]}]}<\/script>\r\n<!-- \/ Yoast SEO Premium plugin. -->","yoast_head_json":{"title":"Sende SMS aus Outlook mit unserem smarten Plugin \u2713 Lies hier","description":"SMS aus Outlook senden | SureSMS Outlook Add-In | Einfaches Senden von SMS an Kontakte und Gruppen. Mehrere Absender-ID-Optionen | Kostenloser Download | Nur pro SMS bezahlen.","robots":{"index":"index","follow":"follow","max-snippet":"max-snippet:-1","max-image-preview":"max-image-preview:large","max-video-preview":"max-video-preview:-1"},"canonical":"https:\/\/suresms.com\/de\/integrationen\/mail_und_kalender\/sms-outlook-addin\/","og_locale":"de_DE","og_type":"article","og_title":"Update - SMS til Outlook Plugin Version 1.4 - SureSMS","og_description":"Update - GRATIS SMS Add-in til Outlook. Send SMS til kontakter & grupper - Fuld dokumentation - Gratis testkonto. Flere afsender-ID muligheder. Modtag svar p\u00e5 mobil eller i Outlook med 2-vejs L\u00f8sning. NU op til 800 tegn i beskeden.","og_url":"https:\/\/suresms.com\/de\/integrationen\/mail_und_kalender\/sms-outlook-addin\/","article_publisher":"https:\/\/www.facebook.com\/p\/SureSMS-100044607956149\/","article_modified_time":"2025-01-20T10:13:41+00:00","og_image":[{"width":1200,"height":630,"url":"https:\/\/suresms.com\/wp-content\/uploads\/2016\/02\/facebook-Outlook-plugin-version-1.4-snippet-1.jpg","type":"image\/jpeg"}],"twitter_card":"summary_large_image","twitter_title":"Outlook Add-in","twitter_misc":{"Gesch\u00e4tzte Lesezeit":"7\u00a0Minuten"},"schema":{"@context":"https:\/\/schema.org","@graph":[{"@type":"WebPage","@id":"https:\/\/suresms.com\/dk\/integrationer\/mail_og_kalender\/sms-outlook-addin\/","url":"https:\/\/suresms.com\/dk\/integrationer\/mail_og_kalender\/sms-outlook-addin\/","name":"Sende SMS aus Outlook mit unserem smarten Plugin \u2713 Lies hier","isPartOf":{"@id":"https:\/\/suresms.com\/en\/#website"},"primaryImageOfPage":{"@id":"https:\/\/suresms.com\/dk\/integrationer\/mail_og_kalender\/sms-outlook-addin\/#primaryimage"},"image":{"@id":"https:\/\/suresms.com\/dk\/integrationer\/mail_og_kalender\/sms-outlook-addin\/#primaryimage"},"thumbnailUrl":"https:\/\/suresms.com\/wp-content\/uploads\/2021\/10\/SMS2Outlook-low-1.png","datePublished":"2016-06-22T10:08:19+00:00","dateModified":"2025-01-20T10:13:41+00:00","description":"SMS aus Outlook senden | SureSMS Outlook Add-In | Einfaches Senden von SMS an Kontakte und Gruppen. Mehrere Absender-ID-Optionen | Kostenloser Download | Nur pro SMS bezahlen.","breadcrumb":{"@id":"https:\/\/suresms.com\/dk\/integrationer\/mail_og_kalender\/sms-outlook-addin\/#breadcrumb"},"inLanguage":"de","potentialAction":[{"@type":"ReadAction","target":["https:\/\/suresms.com\/dk\/integrationer\/mail_og_kalender\/sms-outlook-addin\/"]}]},{"@type":"ImageObject","inLanguage":"de","@id":"https:\/\/suresms.com\/dk\/integrationer\/mail_og_kalender\/sms-outlook-addin\/#primaryimage","url":"https:\/\/suresms.com\/wp-content\/uploads\/2021\/10\/SMS2Outlook-low-1.png","contentUrl":"https:\/\/suresms.com\/wp-content\/uploads\/2021\/10\/SMS2Outlook-low-1.png"},{"@type":"BreadcrumbList","@id":"https:\/\/suresms.com\/dk\/integrationer\/mail_og_kalender\/sms-outlook-addin\/#breadcrumb","itemListElement":[{"@type":"ListItem","position":1,"name":"Home","item":"https:\/\/suresms.com\/dk\/"},{"@type":"ListItem","position":2,"name":"Integrationer","item":"https:\/\/suresms.com\/dk\/integrationer\/"},{"@type":"ListItem","position":3,"name":"Integration til mail- og kalender systemer","item":"https:\/\/suresms.com\/dk\/integrationer\/mail_og_kalender\/"},{"@type":"ListItem","position":4,"name":"Outlook Add-in"}]},{"@type":"WebSite","@id":"https:\/\/suresms.com\/en\/#website","url":"https:\/\/suresms.com\/en\/","name":"SureSMS","description":"Professioneller SMS-Gateway","publisher":{"@id":"https:\/\/suresms.com\/en\/#organization"},"potentialAction":[{"@type":"SearchAction","target":{"@type":"EntryPoint","urlTemplate":"https:\/\/suresms.com\/en\/?s={search_term_string}"},"query-input":{"@type":"PropertyValueSpecification","valueRequired":true,"valueName":"search_term_string"}}],"inLanguage":"de"},{"@type":"Organization","@id":"https:\/\/suresms.com\/en\/#organization","name":"SureSMS","url":"https:\/\/suresms.com\/en\/","logo":{"@type":"ImageObject","inLanguage":"de","@id":"https:\/\/suresms.com\/en\/#\/schema\/logo\/image\/","url":"https:\/\/suresms.com\/wp-content\/uploads\/2024\/11\/suresms-300x65-1.png","contentUrl":"https:\/\/suresms.com\/wp-content\/uploads\/2024\/11\/suresms-300x65-1.png","width":300,"height":65,"caption":"SureSMS"},"image":{"@id":"https:\/\/suresms.com\/en\/#\/schema\/logo\/image\/"},"sameAs":["https:\/\/www.facebook.com\/p\/SureSMS-100044607956149\/"]}]}},"_links":{"self":[{"href":"https:\/\/suresms.com\/de\/wp-json\/wp\/v2\/pages\/3023","targetHints":{"allow":["GET"]}}],"collection":[{"href":"https:\/\/suresms.com\/de\/wp-json\/wp\/v2\/pages"}],"about":[{"href":"https:\/\/suresms.com\/de\/wp-json\/wp\/v2\/types\/page"}],"author":[{"embeddable":true,"href":"https:\/\/suresms.com\/de\/wp-json\/wp\/v2\/users\/1"}],"replies":[{"embeddable":true,"href":"https:\/\/suresms.com\/de\/wp-json\/wp\/v2\/comments?post=3023"}],"version-history":[{"count":20,"href":"https:\/\/suresms.com\/de\/wp-json\/wp\/v2\/pages\/3023\/revisions"}],"predecessor-version":[{"id":21769,"href":"https:\/\/suresms.com\/de\/wp-json\/wp\/v2\/pages\/3023\/revisions\/21769"}],"up":[{"embeddable":true,"href":"https:\/\/suresms.com\/de\/wp-json\/wp\/v2\/pages\/13808"}],"wp:attachment":[{"href":"https:\/\/suresms.com\/de\/wp-json\/wp\/v2\/media?parent=3023"}],"wp:term":[{"taxonomy":"category","embeddable":true,"href":"https:\/\/suresms.com\/de\/wp-json\/wp\/v2\/categories?post=3023"},{"taxonomy":"post_tag","embeddable":true,"href":"https:\/\/suresms.com\/de\/wp-json\/wp\/v2\/tags?post=3023"}],"curies":[{"name":"wp","href":"https:\/\/api.w.org\/{rel}","templated":true}]}}