{"id":289,"date":"2014-07-02T13:30:59","date_gmt":"2014-07-02T11:30:59","guid":{"rendered":"http:\/\/da.suresms.com\/?page_id=289"},"modified":"2024-12-05T15:39:28","modified_gmt":"2024-12-05T15:39:28","slug":"internationale-sms","status":"publish","type":"page","link":"https:\/\/suresms.com\/de\/funktioner\/international-sms\/","title":{"rendered":"SMS an die ganze Welt"},"content":{"rendered":"<!-- Flexy Breadcrumb -->\r\n\t\t\t<div class=\"fbc fbc-page\">\r\n\r\n\t\t\t\t<!-- Breadcrumb wrapper -->\r\n\t\t\t\t<div class=\"fbc-wrap\">\r\n\r\n\t\t\t\t\t<!-- Ordered list-->\r\n\t\t\t\t\t<ol class=\"fbc-items\" itemscope itemtype=\"https:\/\/schema.org\/BreadcrumbList\">\r\n\t\t\t\t\t\t            <li itemprop=\"itemListElement\" itemscope itemtype=\"https:\/\/schema.org\/ListItem\">\r\n                <span itemprop=\"name\">\r\n                    <!-- Home Link -->\r\n                    <a itemprop=\"item\" href=\"https:\/\/suresms.com\/de\/\">\r\n                    \r\n                                                    <i class=\"fa fa-home\" aria-hidden=\"true\"><\/i>Zuhause                    <\/a>\r\n                <\/span>\r\n                <meta itemprop=\"position\" content=\"1\" \/><!-- Meta Position-->\r\n             <\/li><li><span class=\"fbc-separator\">\/<\/span><\/li><li class=\"active\" itemprop=\"itemListElement\" itemscope itemtype=\"https:\/\/schema.org\/ListItem\"><span itemprop=\"name\" title=\"SMS an die ganze Welt\">SMS an die ganze Welt<\/span><meta itemprop=\"position\" content=\"2\" \/><\/li>\t\t\t\t\t<\/ol>\r\n\t\t\t\t\t<div class=\"clearfix\"><\/div>\r\n\t\t\t\t<\/div>\r\n\t\t\t<\/div>\r\n\t\t\t\n<h1>\n\t\tSMS an die ganze Welt\n\t<\/h1>\n\t<p>SureSMS ist ein internationaler SMS-Gateway. Das bedeutet, dass SMS im Ausland IMMER in unser regul\u00e4res Abonnement integriert sind.<\/p>\n<p>Wir haben eine gut etablierte Zusammenarbeit mit \u00fcber 800 Stallbetreibern in 170 L\u00e4ndern. Das bedeutet, dass unsere Kunden jederzeit mit allen unseren Partnern in Kontakt treten k\u00f6nnen - sowohl in D\u00e4nemark als auch international. Wir arbeiten nur mit erstklassigen Lieferanten zusammen und sind st\u00e4ndig bem\u00fcht, den Markt zu beobachten und die besten Preise f\u00fcr unsere Kunden auszuhandeln, ohne Kompromisse bei der Qualit\u00e4t einzugehen.<\/p>\n<p>Es ist genauso einfach, Textnachrichten ins Ausland zu senden wie in Ihr eigenes Land. Denken Sie einfach daran, den richtigen L\u00e4ndercode in die Textnachricht einzugeben.<\/p>\n<h4><strong>Niedrige Preise im Ausland<\/strong><\/h4>\n<p>Die Kosten f\u00fcr den Versand einer Nachricht ins Ausland h\u00e4ngen vom Land und der L\u00e4nge der Nachricht ab, aber unsere Preise sind wettbewerbsf\u00e4hig und viel g\u00fcnstiger als die der Telekommunikationsunternehmen und unserer Konkurrenten.<\/p>\n<p>Auf unserer Weboberfl\u00e4che kannst du den Preis f\u00fcr eine Nachricht sehen, bevor du sie versendest. Gib die Telefonnummer, die Landesvorwahl und die Nachricht in das Textfeld ein und du siehst den aktuellen Preis in dem Feld darunter.<\/p>\n<p>F\u00fcr weitere Informationen \u00fcber unsere aktualisierten Tarife f\u00fcr internationale Nachrichten wende dich bitte an unser Support-Team unter +45 50 322 322 oder sende uns eine E-Mail an <a href=\"mailto:info@suresms.com\">info@suresms.com<\/a>.<\/p>\n\t<p>&nbsp;<\/p>\n<h4><strong>Brauchst du eine 2-Wege-L\u00f6sung mit einer ausl\u00e4ndischen Nummer?<\/strong><\/h4>\n<p>M\u00fcssen deine Nachrichten von einer ausl\u00e4ndischen Nummer kommen? M\u00fcssen deine Nutzerinnen und Nutzer in der Lage sein, auf deine Nachrichten unter der Nummer zu antworten? Das k\u00f6nnen wir ganz einfach erledigen. <a title=\"2-Wege-SMS, empfange SMS auf deinem Computer\" href=\"https:\/\/suresms.com\/de\/2-wege-sms-entladung-mit-hosted-sim\/\">Erfahre hier mehr \u00fcber unsere Hostet-SIM 2-Wege-L\u00f6sung!<\/a><\/p>\n<h4><strong>D\u00e4nisches Unternehmen<\/strong><\/h4>\n<p>SureSMS ApS ist ein d\u00e4nisches Unternehmen, das es seit 2003 gibt. Unser Team hat \u00fcber 15 Jahre Erfahrung mit Infrastrukturen, einschlie\u00dflich Netzwerken, Sicherheit und Servern.<\/p>\n<p>Gut ausgebildete Entwickler, Techniker und Servicemitarbeiter sind f\u00fcr die Aktualisierung, den Betrieb und den Support zust\u00e4ndig. Du kannst uns getrost die Verantwortung f\u00fcr deine SMS-L\u00f6sung \u00fcberlassen, ohne dir Sorgen \u00fcber Instabilit\u00e4t oder mangelnden Service zu machen.<\/p>\n\t<h4><strong>Hier finden Sie einige Beispiele daf\u00fcr, wie unsere Kunden die Funktion \"SMS ins Ausland\" derzeit nutzen<\/strong><\/h4>\n<ul>\n<li>Ein gro\u00dfer d\u00e4nischer Lieferant f\u00fcr die internationale Energiewirtschaft nutzt unseren internationalen SMS-Service, um Kunden auf der ganzen Welt \u00fcber erteilte Auftr\u00e4ge zu informieren.<\/li>\n<li>Einer unserer Kunden ist ein gro\u00dfes d\u00e4nisches Pharmaunternehmen, das unseren SMS-Service nutzt, um Nachrichten an seine Mitarbeiter im Ausland zu senden. Au\u00dferdem k\u00f6nnen sich die Mitarbeiter \u00fcber KEYWORDS f\u00fcr Newsletter anmelden.<\/li>\n<li>Unser integrierter SMS-Dienst ins Ausland wird von einem d\u00e4nischen Unternehmen genutzt, das Stromz\u00e4hler nach D\u00e4nemark und Skandinavien liefert. Sie nutzen SureSMS, um Benachrichtigungen \u00fcber anstehende Ablesungen an Einwohner in D\u00e4nemark, Norwegen und Schweden zu senden.<\/li>\n<li>Und dann haben wir noch eine gr\u00f6nl\u00e4ndische Schule, die den Eltern der Sch\u00fcler\/innen Nachrichten \u00fcber die Zusammenarbeit zwischen Schule und Elternhaus schickt. Dabei kann es sich um praktische Informationen, Abwesenheit von Sch\u00fclern oder andere wichtige Informationen handeln.<br \/>Denn nat\u00fcrlich sind wir ein SMS-Dienst f\u00fcr ganz D\u00e4nemark!<\/li>\n<\/ul>","protected":false},"excerpt":{"rendered":"<p>SMS weltweit SureSMS ist ein internationaler SMS-Gateway. Das bedeutet, dass SMS im Ausland IMMER in unser regul\u00e4res Abonnement integriert sind. Wir haben eine gut etablierte Partnerschaft mit \u00fcber 800 stabilen Betreibern in 170 L\u00e4ndern. Das bedeutet, dass unsere Kunden immer mit allen unseren Partnern in Kontakt treten k\u00f6nnen - sowohl in D\u00e4nemark als auch international. Wir ... <a title=\"SMS an die ganze Welt\" class=\"read-more\" href=\"https:\/\/suresms.com\/de\/funktioner\/international-sms\/\" aria-label=\"Mehr Informationen \u00fcber SMS in die ganze Welt\">Mehr lesen<\/a><\/p>","protected":false},"author":1,"featured_media":0,"parent":958,"menu_order":6,"comment_status":"closed","ping_status":"closed","template":"","meta":{"_fl_builder_enabled":"1","_fl_builder_data":null,"_fl_builder_draft":null,"_fl_builder_data_settings":null,"_fl_builder_css":"","_fl_builder_css_version":"","_fl_builder_js":"","footnotes":""},"categories":[17],"tags":[],"class_list":{"0":"post-289","1":"page","2":"type-page","3":"status-publish","5":"category-linkfracornorstone"},"yoast_head":"<!-- This site is optimized with the Yoast SEO Premium plugin v27.5 (Yoast SEO v27.5) - https:\/\/yoast.com\/product\/yoast-seo-premium-wordpress\/ -->\r\n<title>International Gateway \u2192 Effektivt og nemt system at anvende<\/title>\r\n<meta name=\"description\" content=\"International Gateway og professionel SMS Gateway services f\u00e5s her. F\u00e5 hurtig kontakt til dine kunder med effektive l\u00f8sninger.\" \/>\r\n<meta name=\"robots\" content=\"index, follow, max-snippet:-1, max-image-preview:large, max-video-preview:-1\" \/>\r\n<link rel=\"canonical\" href=\"https:\/\/suresms.com\/de\/eigenschaften\/internationale-sms\/\" \/>\r\n<meta property=\"og:locale\" content=\"de_DE\" \/>\r\n<meta property=\"og:type\" content=\"article\" \/>\r\n<meta property=\"og:title\" content=\"SMS til hele verden\" \/>\r\n<meta property=\"og:description\" content=\"International Gateway og professionel SMS Gateway services f\u00e5s her. F\u00e5 hurtig kontakt til dine kunder med effektive l\u00f8sninger.\" \/>\r\n<meta property=\"og:url\" content=\"https:\/\/suresms.com\/de\/eigenschaften\/internationale-sms\/\" \/>\r\n<meta property=\"article:publisher\" content=\"https:\/\/www.facebook.com\/p\/SureSMS-100044607956149\/\" \/>\r\n<meta property=\"article:modified_time\" content=\"2024-12-05T15:39:28+00:00\" \/>\r\n<meta name=\"twitter:card\" content=\"summary_large_image\" \/>\r\n<meta name=\"twitter:label1\" content=\"Gesch\u00e4tzte Lesezeit\" \/>\n\t<meta name=\"twitter:data1\" content=\"7\u00a0Minuten\" \/>\r\n<script type=\"application\/ld+json\" class=\"yoast-schema-graph\">{\"@context\":\"https:\\\/\\\/schema.org\",\"@graph\":[{\"@type\":\"WebPage\",\"@id\":\"https:\\\/\\\/suresms.com\\\/dk\\\/funktioner\\\/international-sms\\\/\",\"url\":\"https:\\\/\\\/suresms.com\\\/dk\\\/funktioner\\\/international-sms\\\/\",\"name\":\"International Gateway \u2192 Effektivt og nemt system at anvende\",\"isPartOf\":{\"@id\":\"https:\\\/\\\/suresms.com\\\/en\\\/#website\"},\"datePublished\":\"2014-07-02T11:30:59+00:00\",\"dateModified\":\"2024-12-05T15:39:28+00:00\",\"description\":\"International Gateway og professionel SMS Gateway services f\u00e5s her. F\u00e5 hurtig kontakt til dine kunder med effektive l\u00f8sninger.\",\"breadcrumb\":{\"@id\":\"https:\\\/\\\/suresms.com\\\/dk\\\/funktioner\\\/international-sms\\\/#breadcrumb\"},\"inLanguage\":\"de\",\"potentialAction\":[{\"@type\":\"ReadAction\",\"target\":[\"https:\\\/\\\/suresms.com\\\/dk\\\/funktioner\\\/international-sms\\\/\"]}]},{\"@type\":\"BreadcrumbList\",\"@id\":\"https:\\\/\\\/suresms.com\\\/dk\\\/funktioner\\\/international-sms\\\/#breadcrumb\",\"itemListElement\":[{\"@type\":\"ListItem\",\"position\":1,\"name\":\"Home\",\"item\":\"https:\\\/\\\/suresms.com\\\/dk\\\/\"},{\"@type\":\"ListItem\",\"position\":2,\"name\":\"Funktioner\",\"item\":\"https:\\\/\\\/suresms.com\\\/dk\\\/funktioner\\\/\"},{\"@type\":\"ListItem\",\"position\":3,\"name\":\"SMS til hele verden\"}]},{\"@type\":\"WebSite\",\"@id\":\"https:\\\/\\\/suresms.com\\\/en\\\/#website\",\"url\":\"https:\\\/\\\/suresms.com\\\/en\\\/\",\"name\":\"SureSMS\",\"description\":\"Professionel SMS Gateway\",\"publisher\":{\"@id\":\"https:\\\/\\\/suresms.com\\\/en\\\/#organization\"},\"potentialAction\":[{\"@type\":\"SearchAction\",\"target\":{\"@type\":\"EntryPoint\",\"urlTemplate\":\"https:\\\/\\\/suresms.com\\\/en\\\/?s={search_term_string}\"},\"query-input\":{\"@type\":\"PropertyValueSpecification\",\"valueRequired\":true,\"valueName\":\"search_term_string\"}}],\"inLanguage\":\"de\"},{\"@type\":\"Organization\",\"@id\":\"https:\\\/\\\/suresms.com\\\/en\\\/#organization\",\"name\":\"SureSMS\",\"url\":\"https:\\\/\\\/suresms.com\\\/en\\\/\",\"logo\":{\"@type\":\"ImageObject\",\"inLanguage\":\"de\",\"@id\":\"https:\\\/\\\/suresms.com\\\/en\\\/#\\\/schema\\\/logo\\\/image\\\/\",\"url\":\"https:\\\/\\\/suresms.com\\\/wp-content\\\/uploads\\\/2024\\\/11\\\/suresms-300x65-1.png\",\"contentUrl\":\"https:\\\/\\\/suresms.com\\\/wp-content\\\/uploads\\\/2024\\\/11\\\/suresms-300x65-1.png\",\"width\":300,\"height\":65,\"caption\":\"SureSMS\"},\"image\":{\"@id\":\"https:\\\/\\\/suresms.com\\\/en\\\/#\\\/schema\\\/logo\\\/image\\\/\"},\"sameAs\":[\"https:\\\/\\\/www.facebook.com\\\/p\\\/SureSMS-100044607956149\\\/\"]}]}<\/script>\r\n<!-- \/ Yoast SEO Premium plugin. -->","yoast_head_json":{"title":"Internationales Gateway \u2192 Effizientes und einfach zu bedienendes System","description":"Internationale Gateways und professionelle SMS-Gateways findest du hier. Verbinde dich schnell mit deinen Kunden mit effizienten L\u00f6sungen.","robots":{"index":"index","follow":"follow","max-snippet":"max-snippet:-1","max-image-preview":"max-image-preview:large","max-video-preview":"max-video-preview:-1"},"canonical":"https:\/\/suresms.com\/de\/eigenschaften\/internationale-sms\/","og_locale":"de_DE","og_type":"article","og_title":"SMS til hele verden","og_description":"International Gateway og professionel SMS Gateway services f\u00e5s her. F\u00e5 hurtig kontakt til dine kunder med effektive l\u00f8sninger.","og_url":"https:\/\/suresms.com\/de\/eigenschaften\/internationale-sms\/","article_publisher":"https:\/\/www.facebook.com\/p\/SureSMS-100044607956149\/","article_modified_time":"2024-12-05T15:39:28+00:00","twitter_card":"summary_large_image","twitter_misc":{"Gesch\u00e4tzte Lesezeit":"7\u00a0Minuten"},"schema":{"@context":"https:\/\/schema.org","@graph":[{"@type":"WebPage","@id":"https:\/\/suresms.com\/dk\/funktioner\/international-sms\/","url":"https:\/\/suresms.com\/dk\/funktioner\/international-sms\/","name":"Internationales Gateway \u2192 Effizientes und einfach zu bedienendes System","isPartOf":{"@id":"https:\/\/suresms.com\/en\/#website"},"datePublished":"2014-07-02T11:30:59+00:00","dateModified":"2024-12-05T15:39:28+00:00","description":"Internationale Gateways und professionelle SMS-Gateways findest du hier. Verbinde dich schnell mit deinen Kunden mit effizienten L\u00f6sungen.","breadcrumb":{"@id":"https:\/\/suresms.com\/dk\/funktioner\/international-sms\/#breadcrumb"},"inLanguage":"de","potentialAction":[{"@type":"ReadAction","target":["https:\/\/suresms.com\/dk\/funktioner\/international-sms\/"]}]},{"@type":"BreadcrumbList","@id":"https:\/\/suresms.com\/dk\/funktioner\/international-sms\/#breadcrumb","itemListElement":[{"@type":"ListItem","position":1,"name":"Home","item":"https:\/\/suresms.com\/dk\/"},{"@type":"ListItem","position":2,"name":"Funktioner","item":"https:\/\/suresms.com\/dk\/funktioner\/"},{"@type":"ListItem","position":3,"name":"SMS til hele verden"}]},{"@type":"WebSite","@id":"https:\/\/suresms.com\/en\/#website","url":"https:\/\/suresms.com\/en\/","name":"SureSMS","description":"Professioneller SMS-Gateway","publisher":{"@id":"https:\/\/suresms.com\/en\/#organization"},"potentialAction":[{"@type":"SearchAction","target":{"@type":"EntryPoint","urlTemplate":"https:\/\/suresms.com\/en\/?s={search_term_string}"},"query-input":{"@type":"PropertyValueSpecification","valueRequired":true,"valueName":"search_term_string"}}],"inLanguage":"de"},{"@type":"Organization","@id":"https:\/\/suresms.com\/en\/#organization","name":"SureSMS","url":"https:\/\/suresms.com\/en\/","logo":{"@type":"ImageObject","inLanguage":"de","@id":"https:\/\/suresms.com\/en\/#\/schema\/logo\/image\/","url":"https:\/\/suresms.com\/wp-content\/uploads\/2024\/11\/suresms-300x65-1.png","contentUrl":"https:\/\/suresms.com\/wp-content\/uploads\/2024\/11\/suresms-300x65-1.png","width":300,"height":65,"caption":"SureSMS"},"image":{"@id":"https:\/\/suresms.com\/en\/#\/schema\/logo\/image\/"},"sameAs":["https:\/\/www.facebook.com\/p\/SureSMS-100044607956149\/"]}]}},"_links":{"self":[{"href":"https:\/\/suresms.com\/de\/wp-json\/wp\/v2\/pages\/289","targetHints":{"allow":["GET"]}}],"collection":[{"href":"https:\/\/suresms.com\/de\/wp-json\/wp\/v2\/pages"}],"about":[{"href":"https:\/\/suresms.com\/de\/wp-json\/wp\/v2\/types\/page"}],"author":[{"embeddable":true,"href":"https:\/\/suresms.com\/de\/wp-json\/wp\/v2\/users\/1"}],"replies":[{"embeddable":true,"href":"https:\/\/suresms.com\/de\/wp-json\/wp\/v2\/comments?post=289"}],"version-history":[{"count":2,"href":"https:\/\/suresms.com\/de\/wp-json\/wp\/v2\/pages\/289\/revisions"}],"predecessor-version":[{"id":19466,"href":"https:\/\/suresms.com\/de\/wp-json\/wp\/v2\/pages\/289\/revisions\/19466"}],"up":[{"embeddable":true,"href":"https:\/\/suresms.com\/de\/wp-json\/wp\/v2\/pages\/958"}],"wp:attachment":[{"href":"https:\/\/suresms.com\/de\/wp-json\/wp\/v2\/media?parent=289"}],"wp:term":[{"taxonomy":"category","embeddable":true,"href":"https:\/\/suresms.com\/de\/wp-json\/wp\/v2\/categories?post=289"},{"taxonomy":"post_tag","embeddable":true,"href":"https:\/\/suresms.com\/de\/wp-json\/wp\/v2\/tags?post=289"}],"curies":[{"name":"wp","href":"https:\/\/api.w.org\/{rel}","templated":true}]}}