{"id":2697,"date":"2016-06-02T17:36:31","date_gmt":"2016-06-02T15:36:31","guid":{"rendered":"https:\/\/www.suresms.com\/dk\/?page_id=2697"},"modified":"2025-01-05T00:16:47","modified_gmt":"2025-01-05T00:16:47","slug":"sms-fur-online-unternehmen-und-webdienste-2","status":"publish","type":"page","link":"https:\/\/suresms.com\/de\/branchelosninger\/sms-til-online-virksomheder-og-web-services-2\/","title":{"rendered":"SMS f\u00fcr Online-Gesch\u00e4fte und WEB-Dienste"},"content":{"rendered":"<!-- Flexy Breadcrumb -->\r\n\t\t\t<div class=\"fbc fbc-page\">\r\n\r\n\t\t\t\t<!-- Breadcrumb wrapper -->\r\n\t\t\t\t<div class=\"fbc-wrap\">\r\n\r\n\t\t\t\t\t<!-- Ordered list-->\r\n\t\t\t\t\t<ol class=\"fbc-items\" itemscope itemtype=\"https:\/\/schema.org\/BreadcrumbList\">\r\n\t\t\t\t\t\t            <li itemprop=\"itemListElement\" itemscope itemtype=\"https:\/\/schema.org\/ListItem\">\r\n                <span itemprop=\"name\">\r\n                    <!-- Home Link -->\r\n                    <a itemprop=\"item\" href=\"https:\/\/suresms.com\/de\/\">\r\n                    \r\n                                                    <i class=\"fa fa-home\" aria-hidden=\"true\"><\/i>Zuhause                    <\/a>\r\n                <\/span>\r\n                <meta itemprop=\"position\" content=\"1\" \/><!-- Meta Position-->\r\n             <\/li><li><span class=\"fbc-separator\">\/<\/span><\/li><li class=\"active\" itemprop=\"itemListElement\" itemscope itemtype=\"https:\/\/schema.org\/ListItem\"><span itemprop=\"name\" title=\"SMS f\u00fcr Online-Gesch\u00e4fte und WEB-Dienste\">SMS f\u00fcr Online-Gesch\u00e4fte...<\/span><meta itemprop=\"position\" content=\"2\" \/><\/li>\t\t\t\t\t<\/ol>\r\n\t\t\t\t\t<div class=\"clearfix\"><\/div>\r\n\t\t\t\t<\/div>\r\n\t\t\t<\/div>\r\n\t\t\t\n<h1>\n\t\tSMS f\u00fcr Online-Gesch\u00e4fte und WEB-Dienste\n\t<\/h1>\n\t\n\n<p><strong>Viele unserer Kunden sind heute onlinebasierte Unternehmen und Dienste. Unsere API l\u00e4sst sich leicht in andere Systeme integrieren, und unser SureSMS Gateway kann in vielen verschiedenen Kontexten eingesetzt werden: Passw\u00f6rter, Kundenclubs, Marketing und Anmeldung f\u00fcr Dienste oder Nachrichten-SMS, um nur einige zu nennen.<\/strong><\/p>\n\n<p><strong>Vorteile:<\/strong><\/p>\n<ul> \t\n<li>\n<p><strong>Vollst\u00e4ndig automatisierte und flexible API-Optionen<\/strong><\/p>\n<\/li>\n\n<li>\n<p><strong>Der Status jeder Nachricht kann automatisch in deinem System aktualisiert werden.<\/strong><\/p>\n<\/li>\n\n<li>\n<p><strong>Kann als PIN-Code f\u00fcr dein System verwendet werden.<\/strong><\/p>\n<\/li>\n\n<li><strong>Sende SMS-Nachrichten mit verschiedenen Absender-IDs vom selben Konto.<\/strong><\/li>\n<\/ul>\n\n<h3>Nutze unsere SureSMS Gateway API in deinen Systemen<\/h3>\n<p>Die Erstellung, Pflege und Verbesserung unserer API, damit sie in die Systeme unserer Kunden passt, ist immer unsere Priorit\u00e4t. Die SureSMS API ist flexibel, gut dokumentiert und von h\u00f6chster Qualit\u00e4t, und du kannst von unseren Ingenieuren und Entwicklern Unterst\u00fctzung bei der Integration erwarten. <a href=\"http:\/\/developer.suresms.com\/sample-code\/\">Auf unserer Entwicklerseite haben wir eine Reihe von Codebeispielen gesammelt<\/a>. Wenn du nicht finden kannst, was du suchst, dann <a title=\"Kontakt\" href=\"https:\/\/suresms.com\/de\/kontakt\/\">Kontaktiere unseren Support<\/a> f\u00fcr ein Gespr\u00e4ch dar\u00fcber, wie unsere API in dein System integriert werden kann<\/p>\n<h3>Hohe Liefertreue und professioneller Service zu einem guten Preis<\/h3>\n\n<p>Nach vielen Jahren in der Branche wissen wir, wie wichtig es ist, dass deine Kommunikation NICHT zusammenbricht. Wir knausern nicht an Ausr\u00fcstung, \u00dcberwachung oder Arbeitsstunden. Unser Team sorgt daf\u00fcr, dass unser Gateway stabil und sicher funktioniert. <a title=\"Preise f\u00fcr SMS-Gateways\" href=\"https:\/\/suresms.com\/de\/sms-gateway-preise\/\">Hier erf\u00e4hrst du mehr \u00fcber unsere L\u00f6sungen und Preise.<\/a><\/p>\n<h3>Einfache und \u00fcbersichtliche Benutzeroberfl\u00e4che im WEB-Portal<\/h3>\n<p>Unsere einfache und \u00fcbersichtliche Oberfl\u00e4che auf dem SureSMS WEB-Portal macht es leicht, SMS-Nachrichten an Einzelpersonen oder Gruppen zu versenden. Von hier aus kannst du ganz einfach unsere vielen Funktionen nutzen: Kontakte und Gruppen erstellen und an sie senden, Namen in Gruppen-SMS zusammenf\u00fchren, den Versand planen und Schl\u00fcsselw\u00f6rter erstellen, damit sich die Nutzer selbst f\u00fcr Dienste anmelden k\u00f6nnen. Von unserer Website aus hast du Zugang zu einem vollst\u00e4ndigen Protokoll und unserem SureSMS-Berichtsmodul, in dem du alle Informationen \u00fcber den Versand und die Zustellung deiner Nachrichten einsehen kannst.<\/p>\n<p>Unser Webportal kann von PC, iPad oder Smartphones aus genutzt werden.<\/p>\n<h3>Von mehreren Absendern senden<\/h3>\n<p>Viele Online-Unternehmen verwalten mehrere Webdienste desselben Unternehmens. Hier kann es von Vorteil sein, mehrere Absender-IDs f\u00fcr dasselbe Konto zu erstellen. Ob eine Absender-ID aus Zahlen - z.B. einer Telefonnummer - oder Buchstaben bestehen soll, ist ganz dir \u00fcberlassen. Wir erstellen so viele Absender, wie du brauchst. Die einzige Einschr\u00e4nkung - festgelegt von den Telekommunikationsunternehmen - ist, dass eine Absender-ID maximal 11 Zeichen lang sein darf.<\/p>\n<h3>Mehrere Optionen f\u00fcr Handynummern - viele verschiedene L\u00e4nder<\/h3>\n<p>Wenn du mehrere Handynummern hast, die du mit deinem SureSMS-Konto verkn\u00fcpfen m\u00f6chtest, l\u00e4sst es sich leicht einrichten. Wir haben mehrere Kunden, die Nummern mit SIM-Karten aus verschiedenen L\u00e4ndern verkn\u00fcpft haben. Eine einfache M\u00f6glichkeit, SMS in mehrere L\u00e4nder zu verschicken, ohne Kompromisse bei Preis und \u00dcbersicht einzugehen.<\/p>\n<h3>Sofort loslegen<\/h3>\n<p>Der Einstieg in unser SMS-Gateway ist schnell, einfach und kostenlos.<\/p>\n<p>F\u00fclle unseren Link auf dieser Seite aus, um ein kostenloses Testkonto einzurichten und in 5 Minuten loszulegen. Wir schenken dir 50 kostenlose SMS, damit du unseren Service und unsere Qualit\u00e4t selbst testen kannst. Wenn du Fragen hast, sind wir f\u00fcr dich da und verf\u00fcgen \u00fcber jahrelange Erfahrung mit unseren anderen Kunden in der Branche.<\/p>\n\n\t\t\t<p><a href=\"https:\/\/suresms.com\/wp-content\/uploads\/2015\/02\/norriq-logo-20x120-px.jpg\"><img loading=\"lazy\" decoding=\"async\" src=\"https:\/\/suresms.com\/wp-content\/uploads\/2015\/02\/norriq-logo-20x120-px.jpg\" alt=\"norriq Logo 20x120 px\" width=\"200\" height=\"96\" \/><\/a><em>\"Wir haben SureSMS f\u00fcr mehrere unserer Kunden genutzt.<br \/>SureSMS ist in unser Kassen- und Finanzsystem integriert, sodass Nachrichten automatisch an die Kunden unserer Kunden gesendet werden, wenn die Bestellung abgeschlossen ist.<\/em><em>Unsere Zusammenarbeit mit SureSMS war gut und sie haben uns immer schnell geholfen, neue Kunden zum Laufen zu bringen. Sobald wir den Betrieb aufgenommen haben, sprechen wir nicht mehr mit ihnen, weil es nie Probleme gibt.<\/em><em>Einige unserer Kunden senden auch an ausl\u00e4ndische Nummern, und auch das ist kein Problem.\"<\/em><strong>S\u00f8ren Christensen, Key Account Manager<\/strong><strong> Norriq.<\/strong><\/p>\t\t\n\t\t<h4>Ein kostenloses Testkonto erstellen<\/h4>\n\t\t<p>Es dauert nur 5 Minuten. Legen Sie sofort los und erhalten Sie <strong>100 kostenlose SMS-Nachrichten<\/strong> ohne Bedingungen zu stellen.<\/p>\n\t\t\t<a href=\"https:\/\/suresms.com\/de\/kostenloses-sms-testkonto\/\" target=\"_self\">\n\t\t\t\t\t\t\tProbekonto erstellen\n\t\t\t\t\t<\/a>\n\t\t<h4>Bestelle eine 2-Wege-L\u00f6sung!<\/h4>\n\t\t<p>Du hast bereits ein Konto? Bestelle eine 2-Wege-L\u00f6sung und erhalte die zus\u00e4tzlichen Optionen, die deine eigene L\u00f6sung bietet.\u00a0<\/p>\n\t\t\t<a href=\"https:\/\/suresms.com\/de\/2-wege-entladung-bestellen\/\" target=\"_self\">\n\t\t\t\t\t\t\t2-Wege-L\u00f6sung bestellen\n\t\t\t\t\t<\/a>\n\t<p>&gt; Zur\u00fcck zu <a href=\"https:\/\/suresms.com\/de\/filialentladungen\/\">L\u00f6sungen f\u00fcr die Industrie<\/a><\/p>","protected":false},"excerpt":{"rendered":"<p>SMS f\u00fcr Online-Unternehmen und Webdienste Viele unserer Kunden sind heute onlinebasierte Unternehmen und Dienste. Unsere API l\u00e4sst sich leicht in andere Systeme integrieren, und unser SureSMS Gateway kann in vielen verschiedenen Kontexten eingesetzt werden: Passcodes, Kundenclubs, Marketing und Anmeldung f\u00fcr Dienste oder Nachrichten-SMS, um nur einige zu nennen. Vorteile: Vollst\u00e4ndig automatisierte und flexible API ... <a title=\"SMS f\u00fcr Online-Gesch\u00e4fte und WEB-Dienste\" class=\"read-more\" href=\"https:\/\/suresms.com\/de\/branchelosninger\/sms-til-online-virksomheder-og-web-services-2\/\" aria-label=\"Weitere Informationen \u00fcber SMS f\u00fcr Online-Unternehmen und WEB-Dienste\">Mehr lesen<\/a><\/p>","protected":false},"author":1,"featured_media":0,"parent":1654,"menu_order":5,"comment_status":"closed","ping_status":"closed","template":"","meta":{"_fl_builder_enabled":"1","_fl_builder_data":null,"_fl_builder_draft":null,"_fl_builder_data_settings":null,"_fl_builder_css":"","_fl_builder_css_version":"","_fl_builder_js":"","footnotes":""},"categories":[],"tags":[],"class_list":["post-2697","page","type-page","status-publish"],"yoast_head":"<!-- This site is optimized with the Yoast SEO Premium plugin v27.3 (Yoast SEO v27.3) - https:\/\/yoast.com\/product\/yoast-seo-premium-wordpress\/ -->\r\n<title>SMS til online virksomheder og WEB-services. Fleksibel SMS Gateway API<\/title>\r\n<meta name=\"description\" content=\"Fleksibel og veldokumenteret online SMS-l\u00f8sning. Pinkoder, nyheds-SMS og mange flere funktioner til online virksomheder og services. Opret gratis Testkonto.\" \/>\r\n<meta name=\"robots\" content=\"index, follow, max-snippet:-1, max-image-preview:large, max-video-preview:-1\" \/>\r\n<link rel=\"canonical\" href=\"https:\/\/suresms.com\/de\/filialentladungen\/sms-fur-online-unternehmen-und-webdienste-2\/\" \/>\r\n<meta property=\"og:locale\" content=\"de_DE\" \/>\r\n<meta property=\"og:type\" content=\"article\" \/>\r\n<meta property=\"og:title\" content=\"SMS til Online Virksomheder og WEB services\" \/>\r\n<meta property=\"og:description\" content=\"Fleksibel og veldokumenteret online SMS-l\u00f8sning. Pinkoder, nyheds-SMS og mange flere funktioner til online virksomheder og services. Opret gratis Testkonto.\" \/>\r\n<meta property=\"og:url\" content=\"https:\/\/suresms.com\/de\/filialentladungen\/sms-fur-online-unternehmen-und-webdienste-2\/\" \/>\r\n<meta property=\"article:publisher\" content=\"https:\/\/www.facebook.com\/p\/SureSMS-100044607956149\/\" \/>\r\n<meta property=\"article:modified_time\" content=\"2025-01-05T00:16:47+00:00\" \/>\r\n<meta property=\"og:image\" content=\"https:\/\/suresms.com\/wp-content\/uploads\/2016\/06\/SMS-til-butikker.jpg\" \/>\r\n\t<meta property=\"og:image:width\" content=\"400\" \/>\r\n\t<meta property=\"og:image:height\" content=\"266\" \/>\r\n\t<meta property=\"og:image:type\" content=\"image\/jpeg\" \/>\r\n<meta name=\"twitter:card\" content=\"summary_large_image\" \/>\r\n<meta name=\"twitter:label1\" content=\"Gesch\u00e4tzte Lesezeit\" \/>\n\t<meta name=\"twitter:data1\" content=\"3\u00a0Minuten\" \/>\r\n<script type=\"application\/ld+json\" class=\"yoast-schema-graph\">{\"@context\":\"https:\\\/\\\/schema.org\",\"@graph\":[{\"@type\":\"WebPage\",\"@id\":\"https:\\\/\\\/suresms.com\\\/dk\\\/branchelosninger\\\/sms-til-online-virksomheder-og-web-services-2\\\/\",\"url\":\"https:\\\/\\\/suresms.com\\\/dk\\\/branchelosninger\\\/sms-til-online-virksomheder-og-web-services-2\\\/\",\"name\":\"SMS til online virksomheder og WEB-services. Fleksibel SMS Gateway API\",\"isPartOf\":{\"@id\":\"https:\\\/\\\/suresms.com\\\/en\\\/#website\"},\"primaryImageOfPage\":{\"@id\":\"https:\\\/\\\/suresms.com\\\/dk\\\/branchelosninger\\\/sms-til-online-virksomheder-og-web-services-2\\\/#primaryimage\"},\"image\":{\"@id\":\"https:\\\/\\\/suresms.com\\\/dk\\\/branchelosninger\\\/sms-til-online-virksomheder-og-web-services-2\\\/#primaryimage\"},\"thumbnailUrl\":\"https:\\\/\\\/suresms.com\\\/wp-content\\\/uploads\\\/2015\\\/02\\\/norriq-logo-20x120-px.jpg\",\"datePublished\":\"2016-06-02T15:36:31+00:00\",\"dateModified\":\"2025-01-05T00:16:47+00:00\",\"description\":\"Fleksibel og veldokumenteret online SMS-l\u00f8sning. Pinkoder, nyheds-SMS og mange flere funktioner til online virksomheder og services. Opret gratis Testkonto.\",\"breadcrumb\":{\"@id\":\"https:\\\/\\\/suresms.com\\\/dk\\\/branchelosninger\\\/sms-til-online-virksomheder-og-web-services-2\\\/#breadcrumb\"},\"inLanguage\":\"de\",\"potentialAction\":[{\"@type\":\"ReadAction\",\"target\":[\"https:\\\/\\\/suresms.com\\\/dk\\\/branchelosninger\\\/sms-til-online-virksomheder-og-web-services-2\\\/\"]}]},{\"@type\":\"ImageObject\",\"inLanguage\":\"de\",\"@id\":\"https:\\\/\\\/suresms.com\\\/dk\\\/branchelosninger\\\/sms-til-online-virksomheder-og-web-services-2\\\/#primaryimage\",\"url\":\"https:\\\/\\\/suresms.com\\\/wp-content\\\/uploads\\\/2015\\\/02\\\/norriq-logo-20x120-px.jpg\",\"contentUrl\":\"https:\\\/\\\/suresms.com\\\/wp-content\\\/uploads\\\/2015\\\/02\\\/norriq-logo-20x120-px.jpg\"},{\"@type\":\"BreadcrumbList\",\"@id\":\"https:\\\/\\\/suresms.com\\\/dk\\\/branchelosninger\\\/sms-til-online-virksomheder-og-web-services-2\\\/#breadcrumb\",\"itemListElement\":[{\"@type\":\"ListItem\",\"position\":1,\"name\":\"Home\",\"item\":\"https:\\\/\\\/suresms.com\\\/dk\\\/\"},{\"@type\":\"ListItem\",\"position\":2,\"name\":\"Branchel\u00f8sninger\",\"item\":\"https:\\\/\\\/suresms.com\\\/dk\\\/branchelosninger\\\/\"},{\"@type\":\"ListItem\",\"position\":3,\"name\":\"SMS til Online Virksomheder og WEB services\"}]},{\"@type\":\"WebSite\",\"@id\":\"https:\\\/\\\/suresms.com\\\/en\\\/#website\",\"url\":\"https:\\\/\\\/suresms.com\\\/en\\\/\",\"name\":\"SureSMS\",\"description\":\"Professionel SMS Gateway\",\"publisher\":{\"@id\":\"https:\\\/\\\/suresms.com\\\/en\\\/#organization\"},\"potentialAction\":[{\"@type\":\"SearchAction\",\"target\":{\"@type\":\"EntryPoint\",\"urlTemplate\":\"https:\\\/\\\/suresms.com\\\/en\\\/?s={search_term_string}\"},\"query-input\":{\"@type\":\"PropertyValueSpecification\",\"valueRequired\":true,\"valueName\":\"search_term_string\"}}],\"inLanguage\":\"de\"},{\"@type\":\"Organization\",\"@id\":\"https:\\\/\\\/suresms.com\\\/en\\\/#organization\",\"name\":\"SureSMS\",\"url\":\"https:\\\/\\\/suresms.com\\\/en\\\/\",\"logo\":{\"@type\":\"ImageObject\",\"inLanguage\":\"de\",\"@id\":\"https:\\\/\\\/suresms.com\\\/en\\\/#\\\/schema\\\/logo\\\/image\\\/\",\"url\":\"https:\\\/\\\/suresms.com\\\/wp-content\\\/uploads\\\/2024\\\/11\\\/suresms-300x65-1.png\",\"contentUrl\":\"https:\\\/\\\/suresms.com\\\/wp-content\\\/uploads\\\/2024\\\/11\\\/suresms-300x65-1.png\",\"width\":300,\"height\":65,\"caption\":\"SureSMS\"},\"image\":{\"@id\":\"https:\\\/\\\/suresms.com\\\/en\\\/#\\\/schema\\\/logo\\\/image\\\/\"},\"sameAs\":[\"https:\\\/\\\/www.facebook.com\\\/p\\\/SureSMS-100044607956149\\\/\"]}]}<\/script>\r\n<!-- \/ Yoast SEO Premium plugin. -->","yoast_head_json":{"title":"SMS f\u00fcr Online-Unternehmen und Webdienste. Flexible SMS Gateway API","description":"Flexible und bew\u00e4hrte Online-SMS-L\u00f6sung. PIN-Codes, Nachrichten-SMS und viele weitere Funktionen f\u00fcr Online-Unternehmen und -Dienste. Erstelle ein kostenloses Testkonto.","robots":{"index":"index","follow":"follow","max-snippet":"max-snippet:-1","max-image-preview":"max-image-preview:large","max-video-preview":"max-video-preview:-1"},"canonical":"https:\/\/suresms.com\/de\/filialentladungen\/sms-fur-online-unternehmen-und-webdienste-2\/","og_locale":"de_DE","og_type":"article","og_title":"SMS til Online Virksomheder og WEB services","og_description":"Fleksibel og veldokumenteret online SMS-l\u00f8sning. Pinkoder, nyheds-SMS og mange flere funktioner til online virksomheder og services. Opret gratis Testkonto.","og_url":"https:\/\/suresms.com\/de\/filialentladungen\/sms-fur-online-unternehmen-und-webdienste-2\/","article_publisher":"https:\/\/www.facebook.com\/p\/SureSMS-100044607956149\/","article_modified_time":"2025-01-05T00:16:47+00:00","og_image":[{"width":400,"height":266,"url":"https:\/\/suresms.com\/wp-content\/uploads\/2016\/06\/SMS-til-butikker.jpg","type":"image\/jpeg"}],"twitter_card":"summary_large_image","twitter_misc":{"Gesch\u00e4tzte Lesezeit":"3\u00a0Minuten"},"schema":{"@context":"https:\/\/schema.org","@graph":[{"@type":"WebPage","@id":"https:\/\/suresms.com\/dk\/branchelosninger\/sms-til-online-virksomheder-og-web-services-2\/","url":"https:\/\/suresms.com\/dk\/branchelosninger\/sms-til-online-virksomheder-og-web-services-2\/","name":"SMS f\u00fcr Online-Unternehmen und Webdienste. Flexible SMS Gateway API","isPartOf":{"@id":"https:\/\/suresms.com\/en\/#website"},"primaryImageOfPage":{"@id":"https:\/\/suresms.com\/dk\/branchelosninger\/sms-til-online-virksomheder-og-web-services-2\/#primaryimage"},"image":{"@id":"https:\/\/suresms.com\/dk\/branchelosninger\/sms-til-online-virksomheder-og-web-services-2\/#primaryimage"},"thumbnailUrl":"https:\/\/suresms.com\/wp-content\/uploads\/2015\/02\/norriq-logo-20x120-px.jpg","datePublished":"2016-06-02T15:36:31+00:00","dateModified":"2025-01-05T00:16:47+00:00","description":"Flexible und bew\u00e4hrte Online-SMS-L\u00f6sung. PIN-Codes, Nachrichten-SMS und viele weitere Funktionen f\u00fcr Online-Unternehmen und -Dienste. Erstelle ein kostenloses Testkonto.","breadcrumb":{"@id":"https:\/\/suresms.com\/dk\/branchelosninger\/sms-til-online-virksomheder-og-web-services-2\/#breadcrumb"},"inLanguage":"de","potentialAction":[{"@type":"ReadAction","target":["https:\/\/suresms.com\/dk\/branchelosninger\/sms-til-online-virksomheder-og-web-services-2\/"]}]},{"@type":"ImageObject","inLanguage":"de","@id":"https:\/\/suresms.com\/dk\/branchelosninger\/sms-til-online-virksomheder-og-web-services-2\/#primaryimage","url":"https:\/\/suresms.com\/wp-content\/uploads\/2015\/02\/norriq-logo-20x120-px.jpg","contentUrl":"https:\/\/suresms.com\/wp-content\/uploads\/2015\/02\/norriq-logo-20x120-px.jpg"},{"@type":"BreadcrumbList","@id":"https:\/\/suresms.com\/dk\/branchelosninger\/sms-til-online-virksomheder-og-web-services-2\/#breadcrumb","itemListElement":[{"@type":"ListItem","position":1,"name":"Home","item":"https:\/\/suresms.com\/dk\/"},{"@type":"ListItem","position":2,"name":"Branchel\u00f8sninger","item":"https:\/\/suresms.com\/dk\/branchelosninger\/"},{"@type":"ListItem","position":3,"name":"SMS til Online Virksomheder og WEB services"}]},{"@type":"WebSite","@id":"https:\/\/suresms.com\/en\/#website","url":"https:\/\/suresms.com\/en\/","name":"SureSMS","description":"Professioneller SMS-Gateway","publisher":{"@id":"https:\/\/suresms.com\/en\/#organization"},"potentialAction":[{"@type":"SearchAction","target":{"@type":"EntryPoint","urlTemplate":"https:\/\/suresms.com\/en\/?s={search_term_string}"},"query-input":{"@type":"PropertyValueSpecification","valueRequired":true,"valueName":"search_term_string"}}],"inLanguage":"de"},{"@type":"Organization","@id":"https:\/\/suresms.com\/en\/#organization","name":"SureSMS","url":"https:\/\/suresms.com\/en\/","logo":{"@type":"ImageObject","inLanguage":"de","@id":"https:\/\/suresms.com\/en\/#\/schema\/logo\/image\/","url":"https:\/\/suresms.com\/wp-content\/uploads\/2024\/11\/suresms-300x65-1.png","contentUrl":"https:\/\/suresms.com\/wp-content\/uploads\/2024\/11\/suresms-300x65-1.png","width":300,"height":65,"caption":"SureSMS"},"image":{"@id":"https:\/\/suresms.com\/en\/#\/schema\/logo\/image\/"},"sameAs":["https:\/\/www.facebook.com\/p\/SureSMS-100044607956149\/"]}]}},"_links":{"self":[{"href":"https:\/\/suresms.com\/de\/wp-json\/wp\/v2\/pages\/2697","targetHints":{"allow":["GET"]}}],"collection":[{"href":"https:\/\/suresms.com\/de\/wp-json\/wp\/v2\/pages"}],"about":[{"href":"https:\/\/suresms.com\/de\/wp-json\/wp\/v2\/types\/page"}],"author":[{"embeddable":true,"href":"https:\/\/suresms.com\/de\/wp-json\/wp\/v2\/users\/1"}],"replies":[{"embeddable":true,"href":"https:\/\/suresms.com\/de\/wp-json\/wp\/v2\/comments?post=2697"}],"version-history":[{"count":8,"href":"https:\/\/suresms.com\/de\/wp-json\/wp\/v2\/pages\/2697\/revisions"}],"predecessor-version":[{"id":21100,"href":"https:\/\/suresms.com\/de\/wp-json\/wp\/v2\/pages\/2697\/revisions\/21100"}],"up":[{"embeddable":true,"href":"https:\/\/suresms.com\/de\/wp-json\/wp\/v2\/pages\/1654"}],"wp:attachment":[{"href":"https:\/\/suresms.com\/de\/wp-json\/wp\/v2\/media?parent=2697"}],"wp:term":[{"taxonomy":"category","embeddable":true,"href":"https:\/\/suresms.com\/de\/wp-json\/wp\/v2\/categories?post=2697"},{"taxonomy":"post_tag","embeddable":true,"href":"https:\/\/suresms.com\/de\/wp-json\/wp\/v2\/tags?post=2697"}],"curies":[{"name":"wp","href":"https:\/\/api.w.org\/{rel}","templated":true}]}}