{"id":2687,"date":"2016-06-02T10:02:29","date_gmt":"2016-06-02T08:02:29","guid":{"rendered":"https:\/\/www.suresms.com\/dk\/?page_id=2687"},"modified":"2025-01-05T00:19:16","modified_gmt":"2025-01-05T00:19:16","slug":"sms-fur-produzierende-unternehmen","status":"publish","type":"page","link":"https:\/\/suresms.com\/de\/branchelosninger\/sms-til-produktionsvirksomheder\/","title":{"rendered":"SMS f\u00fcr produzierende Unternehmen"},"content":{"rendered":"<!-- Flexy Breadcrumb -->\r\n\t\t\t<div class=\"fbc fbc-page\">\r\n\r\n\t\t\t\t<!-- Breadcrumb wrapper -->\r\n\t\t\t\t<div class=\"fbc-wrap\">\r\n\r\n\t\t\t\t\t<!-- Ordered list-->\r\n\t\t\t\t\t<ol class=\"fbc-items\" itemscope itemtype=\"https:\/\/schema.org\/BreadcrumbList\">\r\n\t\t\t\t\t\t            <li itemprop=\"itemListElement\" itemscope itemtype=\"https:\/\/schema.org\/ListItem\">\r\n                <span itemprop=\"name\">\r\n                    <!-- Home Link -->\r\n                    <a itemprop=\"item\" href=\"https:\/\/suresms.com\/de\/\">\r\n                    \r\n                                                    <i class=\"fa fa-home\" aria-hidden=\"true\"><\/i>Zuhause                    <\/a>\r\n                <\/span>\r\n                <meta itemprop=\"position\" content=\"1\" \/><!-- Meta Position-->\r\n             <\/li><li><span class=\"fbc-separator\">\/<\/span><\/li><li class=\"active\" itemprop=\"itemListElement\" itemscope itemtype=\"https:\/\/schema.org\/ListItem\"><span itemprop=\"name\" title=\"SMS f\u00fcr produzierende Unternehmen\">SMS f\u00fcr produzierende Unternehmen<\/span><meta itemprop=\"position\" content=\"2\" \/><\/li>\t\t\t\t\t<\/ol>\r\n\t\t\t\t\t<div class=\"clearfix\"><\/div>\r\n\t\t\t\t<\/div>\r\n\t\t\t<\/div>\r\n\t\t\t\n<h1>\n\t\tSMS f\u00fcr Produktionsbetriebe und Unternehmen\n\t<\/h1>\n\t\n\n<p><strong>Bei SureSMS liefern wir SMS an Produktionsbetriebe und Unternehmen. Wir bieten ein stabiles und zuverl\u00e4ssiges Gateway mit h\u00f6chster Qualit\u00e4t und \u00dcberwachung - eine SMS-L\u00f6sung, die funktioniert.<\/strong><\/p>\n\n<p><strong>Vorteile von SureSMS Gateway:<\/strong><\/p>\n<ul> \t\n<li><strong>Betrieblich stabil und mit der h\u00f6chstm\u00f6glichen Betriebszeit.<\/strong><\/li>\n\n<li><b>Backup: Wir haben Backups aller Daten auf physischen Servern an verschiedenen Standorten auf Seeland.<\/b><\/li>\n\n<li><strong>Unser Team besteht aus gut ausgebildeten Leuten, die die Prozesse kennen. Wir haben das schon \u00f6fter gemacht und das Ergebnis sind weniger Fehler und mehr Professionalit\u00e4t.<\/strong><\/li>\n\n<li><strong>\u00dcber unser Webportal kannst du ganz einfach mit flexiblen Benutzerrechten arbeiten. Deine Mitarbeiter k\u00f6nnen vom selben Konto mit mehreren Handynummern senden.<\/strong><\/li>\n\n<li><strong>Integrationen: Wir haben viele, z.B. SAP, Oracle, SCADA und AS\/400, und wenn wir deine nicht haben, helfen wir dir gerne, sie zu erstellen. Nat\u00fcrlich ohne zus\u00e4tzliche Kosten.<\/strong><\/li>\n<\/ul>\n\n<h3>Hohe Liefertreue und professioneller Service zu einem guten Preis<\/h3>\n\n<p>Nach vielen Jahren in der Branche wissen wir, wie wichtig es ist, dass deine Kommunikation NICHT zusammenbricht. Wir knausern nicht an Ausr\u00fcstung, \u00dcberwachung oder Arbeitsstunden. Unser Team sorgt daf\u00fcr, dass unser Gateway professionell und stabil ist und sicher funktioniert.<\/p>\n\n<p>Nach \u00fcber 10 Jahren in der Branche k\u00f6nnen wir ein Produkt garantieren und liefern, das sowohl gr\u00fcndlich getestet als auch richtig entwickelt ist.  Wirf einen Blick auf unser<a title=\"Preise f\u00fcr SMS-Gateways\" href=\"https:\/\/suresms.com\/de\/sms-gateway-preise\/\"> SMS Gateway Preise <\/a>Hier.<\/p>\n<h3>\u00dcberwachte Server und SSL-Verschl\u00fcsselung aller Daten<\/h3>\n<p>Unternehmen sind darauf angewiesen, dass die Kommunikation mit Kunden und Lieferanten reibungslos funktioniert - und zwar die ganze Zeit!<br \/>Bei SureSMS sichern wir deine Daten in einem redundanten Server-Setup auf d\u00e4nischen physischen Servern. Das bedeutet, dass sich alle Daten physisch auf Servern befinden, die in zwei verschiedenen Rechenzentren aufgestellt sind. Sollte deinen Daten etwas zusto\u00dfen, haben wir immer ein vollst\u00e4ndiges Backup. Nat\u00fcrlich haben wir die besten Alarmsysteme zur \u00dcberwachung, aber alle Maschinen k\u00f6nnen ausfallen. <strong>Deshalb haben wir IMMER kompetente Leute, die den Verkehr und die Server 24 Stunden am Tag \u00fcberwachen.<\/strong><\/p>\n<p>Die neueste <strong>SSL-Verschl\u00fcsselung<\/strong> stellt sicher, dass deine Daten gesch\u00fctzt sind, wenn du \u00fcber das Internet auf sie zugreifst. Normalerweise speichern wir alle Nachrichten, damit du immer einen vollst\u00e4ndigen \u00dcberblick \u00fcber die von unserem Webportal gesendeten Nachrichten hast. Wenn du m\u00f6chtest, haben wir eine Funktion, die Nachrichten von unseren Servern l\u00f6scht, sobald sie gesendet wurden. Kontaktiere unseren Support, wenn du diese Funktion nutzen m\u00f6chtest.<\/p>\n<h3>Einfache und \u00fcbersichtliche Benutzeroberfl\u00e4che im WEB-Portal<\/h3>\n<p>Unsere einfache und \u00fcbersichtliche Oberfl\u00e4che auf dem SureSMS WEB Portal macht es dir leicht, SMS-Nachrichten an die Personen oder Gruppen zu senden, mit denen du kommunizieren m\u00f6chtest. Du kannst von deinem Computer aus den \u00dcberblick behalten. Unser Webportal kann von PC, iPad oder Smartphones aus genutzt werden.<\/p>\n<p>Egal, ob du Nachrichten an Mitarbeiter, Fahrer oder Kunden senden musst, ob das Telefon, an das du sendest, d\u00e4nisch oder ausl\u00e4ndisch ist, deine Nachrichten werden \u00fcberall ankommen. Solange das Telefon am anderen Ende eingeschaltet ist.<\/p>\n<h3>Wir machen Integrationen in die meisten Systeme<\/h3>\n<p>Unser SMS Gateway l\u00e4sst sich leicht in bestehende Prozesse und Systeme integrieren, um eine schnelle und stabile Kommunikation in der t\u00e4glichen Praxis zu gew\u00e4hrleisten. Wir verf\u00fcgen \u00fcber eine hervorragende API und Integrationen zu SAP, Oracle, SCADA und AS\/400 und helfen dir gerne, wenn du ein neues System integrieren musst. <a title=\"24\/7 E-Mail- und Telefon-Support\" href=\"https:\/\/suresms.com\/de\/suresms-unterstutzung\/\">Nimm Kontakt mit unserem Support auf<\/a>. Unsere Entwickler stehen dir mit Rat und Tat zur Seite.<\/p>\n<h3>Gruppenfunktion: Kommunikation mit den Besch\u00e4ftigten<\/h3>\n<p>Von unserem Webportal aus kannst du die Funktion <a title=\"GroupSMS: Erstellen und Versenden an Gruppen\" href=\"https:\/\/suresms.com\/de\/sms-gruppe\/\">SMS erstellen und an Gruppen senden<\/a>. Eine Funktion, die auf viele Arten genutzt werden kann. Viele Unternehmen nutzen es, um mit ihren Mitarbeitern zu kommunizieren. Mobiltelefone sind zu einem nat\u00fcrlichen Kommunikationsmittel geworden, sowohl f\u00fcr praktische Informationen als auch f\u00fcr die soziale Kommunikation.<\/p>\n<h3>Sofort loslegen<\/h3>\n<p>Der Einstieg in unser SMS-Gateway ist schnell und einfach und das Testen unseres Produkts ist kostenlos.<\/p>\n<p>Wenn du unseren Link f\u00fcr ein kostenloses Testkonto ausf\u00fcllst, kannst du innerhalb von 5 Minuten loslegen. Wir schenken dir 50 kostenlose SMS, damit du unseren Service und unsere Qualit\u00e4t schnell selbst beurteilen kannst. Wenn du Fragen hast, kannst du dich darauf verlassen, dass wir immer f\u00fcr dich da sind und jahrelange Erfahrung mit unseren anderen Kunden in der Branche haben.<\/p>\n\n\t\t\t<p><a href=\"https:\/\/suresms.com\/wp-content\/uploads\/2016\/01\/Herning-Varmforsinkning-100-px.jpg\"><img loading=\"lazy\" decoding=\"async\" src=\"https:\/\/suresms.com\/wp-content\/uploads\/2016\/01\/Herning-Varmforsinkning-100-px.jpg\" alt=\"Herning K\u00fchlk\u00f6rper 100 px\" width=\"100\" height=\"99\" \/><\/a><\/p>\n<p>Herning Varmforzinkning sendet Nachrichten an seine Kunden \u00fcber Email2SMS. Die Kunden erhalten eine Kurznachricht auf ihr Handy, wenn eine Bestellung abgeschlossen ist.<\/p>\n<em>\"Es sollte mehr IT-Unternehmen wie dich geben.<br \/>\n- Es ist sehr flexibel.\"<\/em>\n<p><strong>Bjarne J\u00f8rgensen, Gesch\u00e4ftsf\u00fchrer Gesch\u00e4ftsf\u00fchrender Direktor<\/strong><\/p>\n<p><strong>Herning Feuerverzinkung.<\/strong><\/p>\n\t\t<h4>Ein kostenloses Testkonto erstellen<\/h4>\n\t\t<p>Es dauert nur 5 Minuten. Legen Sie sofort los und erhalten Sie <strong>100 kostenlose SMS-Nachrichten<\/strong> ohne Bedingungen zu stellen.<\/p>\n\t\t\t<a href=\"https:\/\/suresms.com\/de\/kostenloses-sms-testkonto\/\" target=\"_self\">\n\t\t\t\t\t\t\tProbekonto erstellen\n\t\t\t\t\t<\/a>\n\t\t<h4>Bestelle eine 2-Wege-L\u00f6sung!<\/h4>\n\t\t<p>Du hast bereits ein Konto? Bestelle eine 2-Wege-L\u00f6sung und erhalte die zus\u00e4tzlichen Optionen, die deine eigene L\u00f6sung bietet.\u00a0<\/p>\n\t\t\t<a href=\"https:\/\/suresms.com\/de\/2-wege-entladung-bestellen\/\" target=\"_self\">\n\t\t\t\t\t\t\t2-Wege-L\u00f6sung bestellen\n\t\t\t\t\t<\/a>\n\t<p>&gt; Zur\u00fcck zu <a href=\"https:\/\/suresms.com\/de\/filialentladungen\/\">L\u00f6sungen f\u00fcr die Industrie<\/a><\/p>","protected":false},"excerpt":{"rendered":"<p>SMS f\u00fcr Produktionsbetriebe und Unternehmen Wir von SureSMS liefern SMS f\u00fcr Produktionsbetriebe und Unternehmen. Wir liefern ein stabiles und zuverl\u00e4ssiges Gateway mit h\u00f6chster Qualit\u00e4t und \u00dcberwachung - eine SMS-L\u00f6sung, die funktioniert. Vorteile des SureSMS Gateways: Betriebliche Stabilit\u00e4t und h\u00f6chstm\u00f6gliche Betriebszeit. Backup: Wir sichern alle Daten auf physischen Servern an verschiedenen Standorten... <a title=\"SMS f\u00fcr produzierende Unternehmen\" class=\"read-more\" href=\"https:\/\/suresms.com\/de\/branchelosninger\/sms-til-produktionsvirksomheder\/\" aria-label=\"Weitere Informationen \u00fcber SMS f\u00fcr Fertigungsunternehmen\">Mehr lesen<\/a><\/p>","protected":false},"author":1,"featured_media":0,"parent":1654,"menu_order":6,"comment_status":"closed","ping_status":"closed","template":"","meta":{"_fl_builder_enabled":"1","_fl_builder_data":null,"_fl_builder_draft":null,"_fl_builder_data_settings":null,"_fl_builder_css":"","_fl_builder_css_version":"","_fl_builder_js":"","footnotes":""},"categories":[],"tags":[],"class_list":["post-2687","page","type-page","status-publish"],"yoast_head":"<!-- This site is optimized with the Yoast SEO Premium plugin v27.3 (Yoast SEO v27.3) - https:\/\/yoast.com\/product\/yoast-seo-premium-wordpress\/ -->\r\n<title>SMS til Produktionsvirksomheder - SureSMS. Stabil og driftssikker SMS<\/title>\r\n<meta name=\"description\" content=\"Driftstabil og fleksibel online SMS Gateway. H\u00f8j leveringssikkerhed og professionel service til god pris. Bedste leverand\u00f8rer giver h\u00f8jest mulige oppetid.\" \/>\r\n<meta name=\"robots\" content=\"index, follow, max-snippet:-1, max-image-preview:large, max-video-preview:-1\" \/>\r\n<link rel=\"canonical\" href=\"https:\/\/suresms.com\/de\/filialentladungen\/sms-fur-produzierende-unternehmen\/\" \/>\r\n<meta property=\"og:locale\" content=\"de_DE\" \/>\r\n<meta property=\"og:type\" content=\"article\" \/>\r\n<meta property=\"og:title\" content=\"SMS til Produktionsvirksomheder\" \/>\r\n<meta property=\"og:description\" content=\"Driftstabil og fleksibel online SMS Gateway. H\u00f8j leveringssikkerhed og professionel service til god pris. Bedste leverand\u00f8rer giver h\u00f8jest mulige oppetid.\" \/>\r\n<meta property=\"og:url\" content=\"https:\/\/suresms.com\/de\/filialentladungen\/sms-fur-produzierende-unternehmen\/\" \/>\r\n<meta property=\"article:publisher\" content=\"https:\/\/www.facebook.com\/p\/SureSMS-100044607956149\/\" \/>\r\n<meta property=\"article:modified_time\" content=\"2025-01-05T00:19:16+00:00\" \/>\r\n<meta property=\"og:image\" content=\"https:\/\/suresms.com\/wp-content\/uploads\/2016\/06\/sms-til-produktionsvirksomheder-snippet.jpg\" \/>\r\n\t<meta property=\"og:image:width\" content=\"400\" \/>\r\n\t<meta property=\"og:image:height\" content=\"266\" \/>\r\n\t<meta property=\"og:image:type\" content=\"image\/jpeg\" \/>\r\n<meta name=\"twitter:card\" content=\"summary_large_image\" \/>\r\n<meta name=\"twitter:label1\" content=\"Gesch\u00e4tzte Lesezeit\" \/>\n\t<meta name=\"twitter:data1\" content=\"4\u00a0Minuten\" \/>\r\n<script type=\"application\/ld+json\" class=\"yoast-schema-graph\">{\"@context\":\"https:\\\/\\\/schema.org\",\"@graph\":[{\"@type\":\"WebPage\",\"@id\":\"https:\\\/\\\/suresms.com\\\/dk\\\/branchelosninger\\\/sms-til-produktionsvirksomheder\\\/\",\"url\":\"https:\\\/\\\/suresms.com\\\/dk\\\/branchelosninger\\\/sms-til-produktionsvirksomheder\\\/\",\"name\":\"SMS til Produktionsvirksomheder - SureSMS. Stabil og driftssikker SMS\",\"isPartOf\":{\"@id\":\"https:\\\/\\\/suresms.com\\\/en\\\/#website\"},\"primaryImageOfPage\":{\"@id\":\"https:\\\/\\\/suresms.com\\\/dk\\\/branchelosninger\\\/sms-til-produktionsvirksomheder\\\/#primaryimage\"},\"image\":{\"@id\":\"https:\\\/\\\/suresms.com\\\/dk\\\/branchelosninger\\\/sms-til-produktionsvirksomheder\\\/#primaryimage\"},\"thumbnailUrl\":\"https:\\\/\\\/suresms.com\\\/wp-content\\\/uploads\\\/2016\\\/01\\\/Herning-Varmforsinkning-100-px.jpg\",\"datePublished\":\"2016-06-02T08:02:29+00:00\",\"dateModified\":\"2025-01-05T00:19:16+00:00\",\"description\":\"Driftstabil og fleksibel online SMS Gateway. H\u00f8j leveringssikkerhed og professionel service til god pris. Bedste leverand\u00f8rer giver h\u00f8jest mulige oppetid.\",\"breadcrumb\":{\"@id\":\"https:\\\/\\\/suresms.com\\\/dk\\\/branchelosninger\\\/sms-til-produktionsvirksomheder\\\/#breadcrumb\"},\"inLanguage\":\"de\",\"potentialAction\":[{\"@type\":\"ReadAction\",\"target\":[\"https:\\\/\\\/suresms.com\\\/dk\\\/branchelosninger\\\/sms-til-produktionsvirksomheder\\\/\"]}]},{\"@type\":\"ImageObject\",\"inLanguage\":\"de\",\"@id\":\"https:\\\/\\\/suresms.com\\\/dk\\\/branchelosninger\\\/sms-til-produktionsvirksomheder\\\/#primaryimage\",\"url\":\"https:\\\/\\\/suresms.com\\\/wp-content\\\/uploads\\\/2016\\\/01\\\/Herning-Varmforsinkning-100-px.jpg\",\"contentUrl\":\"https:\\\/\\\/suresms.com\\\/wp-content\\\/uploads\\\/2016\\\/01\\\/Herning-Varmforsinkning-100-px.jpg\"},{\"@type\":\"BreadcrumbList\",\"@id\":\"https:\\\/\\\/suresms.com\\\/dk\\\/branchelosninger\\\/sms-til-produktionsvirksomheder\\\/#breadcrumb\",\"itemListElement\":[{\"@type\":\"ListItem\",\"position\":1,\"name\":\"Home\",\"item\":\"https:\\\/\\\/suresms.com\\\/dk\\\/\"},{\"@type\":\"ListItem\",\"position\":2,\"name\":\"Branchel\u00f8sninger\",\"item\":\"https:\\\/\\\/suresms.com\\\/dk\\\/branchelosninger\\\/\"},{\"@type\":\"ListItem\",\"position\":3,\"name\":\"SMS til Produktionsvirksomheder\"}]},{\"@type\":\"WebSite\",\"@id\":\"https:\\\/\\\/suresms.com\\\/en\\\/#website\",\"url\":\"https:\\\/\\\/suresms.com\\\/en\\\/\",\"name\":\"SureSMS\",\"description\":\"Professionel SMS Gateway\",\"publisher\":{\"@id\":\"https:\\\/\\\/suresms.com\\\/en\\\/#organization\"},\"potentialAction\":[{\"@type\":\"SearchAction\",\"target\":{\"@type\":\"EntryPoint\",\"urlTemplate\":\"https:\\\/\\\/suresms.com\\\/en\\\/?s={search_term_string}\"},\"query-input\":{\"@type\":\"PropertyValueSpecification\",\"valueRequired\":true,\"valueName\":\"search_term_string\"}}],\"inLanguage\":\"de\"},{\"@type\":\"Organization\",\"@id\":\"https:\\\/\\\/suresms.com\\\/en\\\/#organization\",\"name\":\"SureSMS\",\"url\":\"https:\\\/\\\/suresms.com\\\/en\\\/\",\"logo\":{\"@type\":\"ImageObject\",\"inLanguage\":\"de\",\"@id\":\"https:\\\/\\\/suresms.com\\\/en\\\/#\\\/schema\\\/logo\\\/image\\\/\",\"url\":\"https:\\\/\\\/suresms.com\\\/wp-content\\\/uploads\\\/2024\\\/11\\\/suresms-300x65-1.png\",\"contentUrl\":\"https:\\\/\\\/suresms.com\\\/wp-content\\\/uploads\\\/2024\\\/11\\\/suresms-300x65-1.png\",\"width\":300,\"height\":65,\"caption\":\"SureSMS\"},\"image\":{\"@id\":\"https:\\\/\\\/suresms.com\\\/en\\\/#\\\/schema\\\/logo\\\/image\\\/\"},\"sameAs\":[\"https:\\\/\\\/www.facebook.com\\\/p\\\/SureSMS-100044607956149\\\/\"]}]}<\/script>\r\n<!-- \/ Yoast SEO Premium plugin. -->","yoast_head_json":{"title":"SMS f\u00fcr produzierende Unternehmen - SureSMS. Stabile und zuverl\u00e4ssige SMS","description":"Stabiles und flexibles Online-SMS-Gateway. Hohe Liefertreue und professioneller Service zu einem guten Preis. Die besten Anbieter bieten die h\u00f6chstm\u00f6gliche Betriebszeit.","robots":{"index":"index","follow":"follow","max-snippet":"max-snippet:-1","max-image-preview":"max-image-preview:large","max-video-preview":"max-video-preview:-1"},"canonical":"https:\/\/suresms.com\/de\/filialentladungen\/sms-fur-produzierende-unternehmen\/","og_locale":"de_DE","og_type":"article","og_title":"SMS til Produktionsvirksomheder","og_description":"Driftstabil og fleksibel online SMS Gateway. H\u00f8j leveringssikkerhed og professionel service til god pris. Bedste leverand\u00f8rer giver h\u00f8jest mulige oppetid.","og_url":"https:\/\/suresms.com\/de\/filialentladungen\/sms-fur-produzierende-unternehmen\/","article_publisher":"https:\/\/www.facebook.com\/p\/SureSMS-100044607956149\/","article_modified_time":"2025-01-05T00:19:16+00:00","og_image":[{"width":400,"height":266,"url":"https:\/\/suresms.com\/wp-content\/uploads\/2016\/06\/sms-til-produktionsvirksomheder-snippet.jpg","type":"image\/jpeg"}],"twitter_card":"summary_large_image","twitter_misc":{"Gesch\u00e4tzte Lesezeit":"4\u00a0Minuten"},"schema":{"@context":"https:\/\/schema.org","@graph":[{"@type":"WebPage","@id":"https:\/\/suresms.com\/dk\/branchelosninger\/sms-til-produktionsvirksomheder\/","url":"https:\/\/suresms.com\/dk\/branchelosninger\/sms-til-produktionsvirksomheder\/","name":"SMS f\u00fcr produzierende Unternehmen - SureSMS. Stabile und zuverl\u00e4ssige SMS","isPartOf":{"@id":"https:\/\/suresms.com\/en\/#website"},"primaryImageOfPage":{"@id":"https:\/\/suresms.com\/dk\/branchelosninger\/sms-til-produktionsvirksomheder\/#primaryimage"},"image":{"@id":"https:\/\/suresms.com\/dk\/branchelosninger\/sms-til-produktionsvirksomheder\/#primaryimage"},"thumbnailUrl":"https:\/\/suresms.com\/wp-content\/uploads\/2016\/01\/Herning-Varmforsinkning-100-px.jpg","datePublished":"2016-06-02T08:02:29+00:00","dateModified":"2025-01-05T00:19:16+00:00","description":"Stabiles und flexibles Online-SMS-Gateway. Hohe Liefertreue und professioneller Service zu einem guten Preis. Die besten Anbieter bieten die h\u00f6chstm\u00f6gliche Betriebszeit.","breadcrumb":{"@id":"https:\/\/suresms.com\/dk\/branchelosninger\/sms-til-produktionsvirksomheder\/#breadcrumb"},"inLanguage":"de","potentialAction":[{"@type":"ReadAction","target":["https:\/\/suresms.com\/dk\/branchelosninger\/sms-til-produktionsvirksomheder\/"]}]},{"@type":"ImageObject","inLanguage":"de","@id":"https:\/\/suresms.com\/dk\/branchelosninger\/sms-til-produktionsvirksomheder\/#primaryimage","url":"https:\/\/suresms.com\/wp-content\/uploads\/2016\/01\/Herning-Varmforsinkning-100-px.jpg","contentUrl":"https:\/\/suresms.com\/wp-content\/uploads\/2016\/01\/Herning-Varmforsinkning-100-px.jpg"},{"@type":"BreadcrumbList","@id":"https:\/\/suresms.com\/dk\/branchelosninger\/sms-til-produktionsvirksomheder\/#breadcrumb","itemListElement":[{"@type":"ListItem","position":1,"name":"Home","item":"https:\/\/suresms.com\/dk\/"},{"@type":"ListItem","position":2,"name":"Branchel\u00f8sninger","item":"https:\/\/suresms.com\/dk\/branchelosninger\/"},{"@type":"ListItem","position":3,"name":"SMS til Produktionsvirksomheder"}]},{"@type":"WebSite","@id":"https:\/\/suresms.com\/en\/#website","url":"https:\/\/suresms.com\/en\/","name":"SureSMS","description":"Professioneller SMS-Gateway","publisher":{"@id":"https:\/\/suresms.com\/en\/#organization"},"potentialAction":[{"@type":"SearchAction","target":{"@type":"EntryPoint","urlTemplate":"https:\/\/suresms.com\/en\/?s={search_term_string}"},"query-input":{"@type":"PropertyValueSpecification","valueRequired":true,"valueName":"search_term_string"}}],"inLanguage":"de"},{"@type":"Organization","@id":"https:\/\/suresms.com\/en\/#organization","name":"SureSMS","url":"https:\/\/suresms.com\/en\/","logo":{"@type":"ImageObject","inLanguage":"de","@id":"https:\/\/suresms.com\/en\/#\/schema\/logo\/image\/","url":"https:\/\/suresms.com\/wp-content\/uploads\/2024\/11\/suresms-300x65-1.png","contentUrl":"https:\/\/suresms.com\/wp-content\/uploads\/2024\/11\/suresms-300x65-1.png","width":300,"height":65,"caption":"SureSMS"},"image":{"@id":"https:\/\/suresms.com\/en\/#\/schema\/logo\/image\/"},"sameAs":["https:\/\/www.facebook.com\/p\/SureSMS-100044607956149\/"]}]}},"_links":{"self":[{"href":"https:\/\/suresms.com\/de\/wp-json\/wp\/v2\/pages\/2687","targetHints":{"allow":["GET"]}}],"collection":[{"href":"https:\/\/suresms.com\/de\/wp-json\/wp\/v2\/pages"}],"about":[{"href":"https:\/\/suresms.com\/de\/wp-json\/wp\/v2\/types\/page"}],"author":[{"embeddable":true,"href":"https:\/\/suresms.com\/de\/wp-json\/wp\/v2\/users\/1"}],"replies":[{"embeddable":true,"href":"https:\/\/suresms.com\/de\/wp-json\/wp\/v2\/comments?post=2687"}],"version-history":[{"count":2,"href":"https:\/\/suresms.com\/de\/wp-json\/wp\/v2\/pages\/2687\/revisions"}],"predecessor-version":[{"id":21218,"href":"https:\/\/suresms.com\/de\/wp-json\/wp\/v2\/pages\/2687\/revisions\/21218"}],"up":[{"embeddable":true,"href":"https:\/\/suresms.com\/de\/wp-json\/wp\/v2\/pages\/1654"}],"wp:attachment":[{"href":"https:\/\/suresms.com\/de\/wp-json\/wp\/v2\/media?parent=2687"}],"wp:term":[{"taxonomy":"category","embeddable":true,"href":"https:\/\/suresms.com\/de\/wp-json\/wp\/v2\/categories?post=2687"},{"taxonomy":"post_tag","embeddable":true,"href":"https:\/\/suresms.com\/de\/wp-json\/wp\/v2\/tags?post=2687"}],"curies":[{"name":"wp","href":"https:\/\/api.w.org\/{rel}","templated":true}]}}