{"id":2681,"date":"2016-06-01T17:49:00","date_gmt":"2016-06-01T15:49:00","guid":{"rendered":"https:\/\/www.suresms.com\/dk\/?page_id=2681"},"modified":"2025-01-03T14:16:29","modified_gmt":"2025-01-03T14:16:29","slug":"sms-fur-dienstleistungsunternehmen","status":"publish","type":"page","link":"https:\/\/suresms.com\/de\/branchelosninger\/sms-til-servicevirksomheder\/","title":{"rendered":"SMS f\u00fcr Dienstleistungsunternehmen"},"content":{"rendered":"<!-- Flexy Breadcrumb -->\r\n\t\t\t<div class=\"fbc fbc-page\">\r\n\r\n\t\t\t\t<!-- Breadcrumb wrapper -->\r\n\t\t\t\t<div class=\"fbc-wrap\">\r\n\r\n\t\t\t\t\t<!-- Ordered list-->\r\n\t\t\t\t\t<ol class=\"fbc-items\" itemscope itemtype=\"https:\/\/schema.org\/BreadcrumbList\">\r\n\t\t\t\t\t\t            <li itemprop=\"itemListElement\" itemscope itemtype=\"https:\/\/schema.org\/ListItem\">\r\n                <span itemprop=\"name\">\r\n                    <!-- Home Link -->\r\n                    <a itemprop=\"item\" href=\"https:\/\/suresms.com\/de\/\">\r\n                    \r\n                                                    <i class=\"fa fa-home\" aria-hidden=\"true\"><\/i>Zuhause                    <\/a>\r\n                <\/span>\r\n                <meta itemprop=\"position\" content=\"1\" \/><!-- Meta Position-->\r\n             <\/li><li><span class=\"fbc-separator\">\/<\/span><\/li><li class=\"active\" itemprop=\"itemListElement\" itemscope itemtype=\"https:\/\/schema.org\/ListItem\"><span itemprop=\"name\" title=\"SMS f\u00fcr Dienstleistungsunternehmen\">SMS f\u00fcr Dienstleistungsunternehmen<\/span><meta itemprop=\"position\" content=\"2\" \/><\/li>\t\t\t\t\t<\/ol>\r\n\t\t\t\t\t<div class=\"clearfix\"><\/div>\r\n\t\t\t\t<\/div>\r\n\t\t\t<\/div>\r\n\t\t\t\n<h1>\n\t\tSMS f\u00fcr Dienstleistungsunternehmen\n\t<\/h1>\n<p><strong>Autowerkst\u00e4tten, Zahn\u00e4rzte, Friseure, Kliniken und Therapeuten. Wenn du Online-SMS f\u00fcr Dienstleistungsunternehmen ben\u00f6tigst, ist ein SMS-Gateway die optimale L\u00f6sung. Mit einer SureSMS-L\u00f6sung kannst du einfach und kosteng\u00fcnstig von deinem PC aus SMS-Nachrichten an deine Kunden versenden.<\/strong><\/p>\n<p>Unsere einfache und \u00fcbersichtliche Schnittstelle macht es leicht, SMS-Nachrichten an genau die Personen in der Gruppe zu senden, mit denen du kommunizieren m\u00f6chtest. Alles, was du brauchst, ist Internet. Du brauchst keine Software oder Programme zu installieren, um loszulegen.<\/p>\n<p><strong>Vorteile:\u00a0<\/strong><\/p>\n<ul>\n<li><strong>Planen Sie den Versand von Nachrichten: Senden Sie Terminerinnerungen und vermeiden Sie unn\u00f6tige Absagen.<\/strong><\/li>\n<li><strong>Umsatz generieren: Versende tolle Angebote und Newsletter an Kunden \u00fcber unsere Gruppenfunktion.<\/strong><\/li>\n<li><strong>Mit der Funktion \"Namen zusammenf\u00fchren\" kannst du von unserem Webportal aus ganz einfach personalisierte Nachrichten an Gruppen verschicken.<\/strong><\/li>\n<li><strong>F\u00fchre Zufriedenheitsumfragen zu deinem Service durch. Sende und empfange Nachrichten von den Kunden mit einer 2-Wege-L\u00f6sung.<\/strong><\/li>\n<li><strong>Und unser Webportal kann von PC, iPad oder Smartphones aus genutzt werden.<\/strong><\/li>\n<\/ul>\n<p>Nat\u00fcrlich kann unser Service auch \u00fcber unsere SureSMS API in dein bestehendes System integriert werden. <a title=\"Kontakt\" href=\"https:\/\/suresms.com\/de\/kontakt\/\">Kontakt<\/a> f\u00fcr ein Gespr\u00e4ch, wenn du unsere SMS in dein System integrieren m\u00f6chtest.<\/p>\n<h3>Terminerinnerungen senden - Absagen vermeiden<\/h3>\n<p>Jedes Dienstleistungsunternehmen ist darauf angewiesen, dass die Kunden kommen - und zwar p\u00fcnktlich. Jedes Mal, wenn ein Kunde nicht zur vereinbarten Zeit erscheint, kann das die Planung und den Umsatz gef\u00e4hrden. Vermeide es, Zeit und Ressourcen zu verschwenden, indem du Erinnerungen an Kunden und Auftraggeber verschickst. Eine kleine, zeitgesteuerte SMS kann daf\u00fcr sorgen, dass der Kunde entweder auftaucht oder daran denkt, rechtzeitig eine Absage zu schicken.<\/p>\n<h3>Gruppenfunktionen<\/h3>\n<p>Von unserem Webportal aus kannst du die Funktion <a title=\"GroupSMS: Erstellen und Versenden an Gruppen\" href=\"https:\/\/suresms.com\/de\/sms-gruppe\/\">SMS erstellen und an Gruppen senden<\/a>. Das kann der Friseur sein, der ein Sonderangebot verschicken will, der Physiotherapeut mit einer Nachricht f\u00fcr das Montagsteam oder der Automechaniker, der die Kunden kontaktieren will, die letztes Jahr ihre Winterreifen wechseln lie\u00dfen. Indem du deine Kontakte in Gruppen organisierst, kannst du eine Gruppen-SMS an die gesamte Gruppe senden, indem du einfach eine einzige SMS tippst. Eine Nachricht kann nat\u00fcrlich auch so geplant werden, dass sie in einem festen Intervall versendet wird: z.B. w\u00f6chentlich, monatlich oder j\u00e4hrlich.<\/p>\n<h3>Wie man sich anmeldet<\/h3>\n<p>Mit unserem <a title=\"2-Wege-SMS, empfange SMS auf deinem Computer\" href=\"https:\/\/suresms.com\/de\/eigenschaften\/empfange-textnachrichten-auf-deinem-computer\/\">2-Wege-SMS-L\u00f6sung <\/a>k\u00f6nnen sich die Mitglieder in eine Liste eintragen und selbst Feedback geben. Du kannst auch einen kleinen Code auf deiner eigenen Website einf\u00fcgen, damit sich die Mitglieder dort eintragen k\u00f6nnen.<\/p>\n<p>Vielleicht hast du bereits alle deine Mitglieder in einer Tabelle gespeichert. Diese kannst du in unser System laden, um schnell mit deinen SMS-Clubs loszulegen.<\/p>\n<h3>Erstelle Zufriedenheitsumfragen f\u00fcr deine Kunden<\/h3>\nF\u00fcr viele Dienstleistungsunternehmen ist es wichtig, zu bewerten, wie gut die Erfahrung des Kunden nach dem Kauf einer Dienstleistung war. Wir haben zum Beispiel eine Reihe von <strong>Autowerkst\u00e4tten<\/strong> die unsere 2-Wege-L\u00f6sung nutzen. Nach der Abholung des Fahrzeugs erh\u00e4lt der Kunde eine Nachricht:<br \/>\n<strong>\"Warst du mit unserem Service zufrieden? Antworte mit JA oder NEIN.\"<\/strong><br \/>\nAuf diese Weise hat der Mechaniker die M\u00f6glichkeit, zu reagieren und eine hohe Servicequalit\u00e4t in seinem Betrieb zu gew\u00e4hrleisten.\n<h3>Name des Absenders<\/h3>\n<p>Du kannst entscheiden, wer der Absender der Nachricht sein soll. Wenn du einen Kundenclub hast, kann das der Firmenname, die Telefonnummer oder etwas anderes sein.  Die einzige Einschr\u00e4nkung ist, dass Telekommunikationsunternehmen maximal 11 Zeichen f\u00fcr den Absender zulassen.<\/p>\n<h3>Erstelle ein kostenloses Konto in 5 Minuten<\/h3>\n<p><strong> Erstelle ein kostenloses Testkonto und \u00fcberzeuge dich selbst. Es gibt keine versteckten Kosten oder Bedingungen. Z\u00f6gere nicht, uns bei Fragen zu kontaktieren. Wir freuen uns darauf, dir zu helfen.<\/strong><\/p>\n\t\t\t<p><img loading=\"lazy\" decoding=\"async\" src=\"https:\/\/suresms.com\/wp-content\/uploads\/2016\/06\/Frisoergaarden-1.jpg\" alt=\"\" width=\"100\" height=\"100\" \/><em>\"Nachdem wir von Clickatell zu SureSMS gewechselt haben, haben wir keine Probleme mehr mit unserem SMS-System, und ich w\u00fcnschte, wir h\u00e4tten das schon vor langer Zeit getan.<\/em><em>Danke f\u00fcr eine stabile und gute L\u00f6sung, die auch noch bezahlbar ist!\"<\/em><strong>Julie Thorsen, Friseurmeisterin<\/strong><strong>Fris\u00f8rg\u00e5rden.dk, Holb\u00e6k, D\u00e4nemark<\/strong><\/p>\t\t\n\t\t<h4>Ein kostenloses Testkonto erstellen<\/h4>\n\t\t<p>Es dauert nur 5 Minuten. Legen Sie sofort los und erhalten Sie <strong>50 kostenlose SMS-Nachrichten<\/strong> ohne Bedingungen zu stellen.<\/p>\n\t\t\t<a href=\"https:\/\/suresms.com\/de\/kostenloses-sms-testkonto\/\" target=\"_self\">\n\t\t\t\t\t\t\tProbekonto erstellen\n\t\t\t\t\t<\/a>","protected":false},"excerpt":{"rendered":"<p>SMS f\u00fcr Dienstleistungsunternehmen Autowerkst\u00e4tten, Zahn\u00e4rzte, Friseure, Kliniken und Therapeuten. Wenn du Online-SMS f\u00fcr Dienstleistungsunternehmen ben\u00f6tigst, ist ein SMS-Gateway die optimale L\u00f6sung. Mit einer SureSMS-L\u00f6sung kannst du einfach und kosteng\u00fcnstig von deinem PC aus SMS-Nachrichten an deine Kunden versenden. Unsere einfache und \u00fcbersichtliche Benutzeroberfl\u00e4che macht es dir leicht, SMS-Nachrichten an genau die richtigen Personen zu senden... <a title=\"SMS f\u00fcr Dienstleistungsunternehmen\" class=\"read-more\" href=\"https:\/\/suresms.com\/de\/branchelosninger\/sms-til-servicevirksomheder\/\" aria-label=\"Mehr Informationen \u00fcber SMS f\u00fcr Dienstleistungsunternehmen\">Mehr lesen<\/a><\/p>","protected":false},"author":1,"featured_media":0,"parent":1654,"menu_order":1,"comment_status":"closed","ping_status":"closed","template":"","meta":{"_fl_builder_enabled":"1","_fl_builder_data":null,"_fl_builder_draft":null,"_fl_builder_data_settings":null,"_fl_builder_css":"","_fl_builder_css_version":"","_fl_builder_js":"","footnotes":""},"categories":[],"tags":[],"class_list":["post-2681","page","type-page","status-publish"],"yoast_head":"<!-- This site is optimized with the Yoast SEO Premium plugin v27.3 (Yoast SEO v27.3) - https:\/\/yoast.com\/product\/yoast-seo-premium-wordpress\/ -->\r\n<title>Sms til servicevirksomheder. Fleksibel og billig SMS online. SureSMS<\/title>\r\n<meta name=\"description\" content=\"Autov\u00e6rksteder, tandl\u00e6ger, fris\u00f8rer, klinikker .Send nemt og billigt p\u00e5mindelser og personlige SMS&#039;er til kunder direkte fra din PC. Opret gratis Testkonto!\" \/>\r\n<meta name=\"robots\" content=\"index, follow, max-snippet:-1, max-image-preview:large, max-video-preview:-1\" \/>\r\n<link rel=\"canonical\" href=\"https:\/\/suresms.com\/de\/filialentladungen\/sms-fur-dienstleistungsunternehmen\/\" \/>\r\n<meta property=\"og:locale\" content=\"de_DE\" \/>\r\n<meta property=\"og:type\" content=\"article\" \/>\r\n<meta property=\"og:title\" content=\"SMS til Servicevirksomheder\" \/>\r\n<meta property=\"og:description\" content=\"Autov\u00e6rksteder, tandl\u00e6ger, fris\u00f8rer, klinikker .Send nemt og billigt p\u00e5mindelser og personlige SMS&#039;er til kunder direkte fra din PC. Opret gratis Testkonto!\" \/>\r\n<meta property=\"og:url\" content=\"https:\/\/suresms.com\/de\/filialentladungen\/sms-fur-dienstleistungsunternehmen\/\" \/>\r\n<meta property=\"article:publisher\" content=\"https:\/\/www.facebook.com\/p\/SureSMS-100044607956149\/\" \/>\r\n<meta property=\"article:modified_time\" content=\"2025-01-03T14:16:29+00:00\" \/>\r\n<meta property=\"og:image\" content=\"https:\/\/suresms.com\/wp-content\/uploads\/2016\/06\/sms-til-service-snippet.jpg\" \/>\r\n\t<meta property=\"og:image:width\" content=\"400\" \/>\r\n\t<meta property=\"og:image:height\" content=\"266\" \/>\r\n\t<meta property=\"og:image:type\" content=\"image\/jpeg\" \/>\r\n<meta name=\"twitter:card\" content=\"summary_large_image\" \/>\r\n<meta name=\"twitter:label1\" content=\"Gesch\u00e4tzte Lesezeit\" \/>\n\t<meta name=\"twitter:data1\" content=\"3\u00a0Minuten\" \/>\r\n<script type=\"application\/ld+json\" class=\"yoast-schema-graph\">{\"@context\":\"https:\\\/\\\/schema.org\",\"@graph\":[{\"@type\":\"WebPage\",\"@id\":\"https:\\\/\\\/suresms.com\\\/dk\\\/branchelosninger\\\/sms-til-servicevirksomheder\\\/\",\"url\":\"https:\\\/\\\/suresms.com\\\/dk\\\/branchelosninger\\\/sms-til-servicevirksomheder\\\/\",\"name\":\"Sms til servicevirksomheder. Fleksibel og billig SMS online. SureSMS\",\"isPartOf\":{\"@id\":\"https:\\\/\\\/suresms.com\\\/en\\\/#website\"},\"primaryImageOfPage\":{\"@id\":\"https:\\\/\\\/suresms.com\\\/dk\\\/branchelosninger\\\/sms-til-servicevirksomheder\\\/#primaryimage\"},\"image\":{\"@id\":\"https:\\\/\\\/suresms.com\\\/dk\\\/branchelosninger\\\/sms-til-servicevirksomheder\\\/#primaryimage\"},\"thumbnailUrl\":\"https:\\\/\\\/suresms.com\\\/wp-content\\\/uploads\\\/2016\\\/06\\\/Frisoergaarden-1.jpg\",\"datePublished\":\"2016-06-01T15:49:00+00:00\",\"dateModified\":\"2025-01-03T14:16:29+00:00\",\"description\":\"Autov\u00e6rksteder, tandl\u00e6ger, fris\u00f8rer, klinikker .Send nemt og billigt p\u00e5mindelser og personlige SMS'er til kunder direkte fra din PC. Opret gratis Testkonto!\",\"breadcrumb\":{\"@id\":\"https:\\\/\\\/suresms.com\\\/dk\\\/branchelosninger\\\/sms-til-servicevirksomheder\\\/#breadcrumb\"},\"inLanguage\":\"de\",\"potentialAction\":[{\"@type\":\"ReadAction\",\"target\":[\"https:\\\/\\\/suresms.com\\\/dk\\\/branchelosninger\\\/sms-til-servicevirksomheder\\\/\"]}]},{\"@type\":\"ImageObject\",\"inLanguage\":\"de\",\"@id\":\"https:\\\/\\\/suresms.com\\\/dk\\\/branchelosninger\\\/sms-til-servicevirksomheder\\\/#primaryimage\",\"url\":\"https:\\\/\\\/suresms.com\\\/wp-content\\\/uploads\\\/2016\\\/06\\\/Frisoergaarden-1.jpg\",\"contentUrl\":\"https:\\\/\\\/suresms.com\\\/wp-content\\\/uploads\\\/2016\\\/06\\\/Frisoergaarden-1.jpg\"},{\"@type\":\"BreadcrumbList\",\"@id\":\"https:\\\/\\\/suresms.com\\\/dk\\\/branchelosninger\\\/sms-til-servicevirksomheder\\\/#breadcrumb\",\"itemListElement\":[{\"@type\":\"ListItem\",\"position\":1,\"name\":\"Home\",\"item\":\"https:\\\/\\\/suresms.com\\\/dk\\\/\"},{\"@type\":\"ListItem\",\"position\":2,\"name\":\"Branchel\u00f8sninger\",\"item\":\"https:\\\/\\\/suresms.com\\\/dk\\\/branchelosninger\\\/\"},{\"@type\":\"ListItem\",\"position\":3,\"name\":\"SMS til Servicevirksomheder\"}]},{\"@type\":\"WebSite\",\"@id\":\"https:\\\/\\\/suresms.com\\\/en\\\/#website\",\"url\":\"https:\\\/\\\/suresms.com\\\/en\\\/\",\"name\":\"SureSMS\",\"description\":\"Professionel SMS Gateway\",\"publisher\":{\"@id\":\"https:\\\/\\\/suresms.com\\\/en\\\/#organization\"},\"potentialAction\":[{\"@type\":\"SearchAction\",\"target\":{\"@type\":\"EntryPoint\",\"urlTemplate\":\"https:\\\/\\\/suresms.com\\\/en\\\/?s={search_term_string}\"},\"query-input\":{\"@type\":\"PropertyValueSpecification\",\"valueRequired\":true,\"valueName\":\"search_term_string\"}}],\"inLanguage\":\"de\"},{\"@type\":\"Organization\",\"@id\":\"https:\\\/\\\/suresms.com\\\/en\\\/#organization\",\"name\":\"SureSMS\",\"url\":\"https:\\\/\\\/suresms.com\\\/en\\\/\",\"logo\":{\"@type\":\"ImageObject\",\"inLanguage\":\"de\",\"@id\":\"https:\\\/\\\/suresms.com\\\/en\\\/#\\\/schema\\\/logo\\\/image\\\/\",\"url\":\"https:\\\/\\\/suresms.com\\\/wp-content\\\/uploads\\\/2024\\\/11\\\/suresms-300x65-1.png\",\"contentUrl\":\"https:\\\/\\\/suresms.com\\\/wp-content\\\/uploads\\\/2024\\\/11\\\/suresms-300x65-1.png\",\"width\":300,\"height\":65,\"caption\":\"SureSMS\"},\"image\":{\"@id\":\"https:\\\/\\\/suresms.com\\\/en\\\/#\\\/schema\\\/logo\\\/image\\\/\"},\"sameAs\":[\"https:\\\/\\\/www.facebook.com\\\/p\\\/SureSMS-100044607956149\\\/\"]}]}<\/script>\r\n<!-- \/ Yoast SEO Premium plugin. -->","yoast_head_json":{"title":"SMS f\u00fcr Dienstleistungsunternehmen. Flexible und g\u00fcnstige SMS online. SureSMS","description":"Autowerkst\u00e4tten, Zahn\u00e4rzte, Friseure, Kliniken... Versende Erinnerungen und personalisierte SMS-Nachrichten an Kunden einfach und kosteng\u00fcnstig direkt von deinem PC aus. Erstelle ein kostenloses Testkonto!","robots":{"index":"index","follow":"follow","max-snippet":"max-snippet:-1","max-image-preview":"max-image-preview:large","max-video-preview":"max-video-preview:-1"},"canonical":"https:\/\/suresms.com\/de\/filialentladungen\/sms-fur-dienstleistungsunternehmen\/","og_locale":"de_DE","og_type":"article","og_title":"SMS til Servicevirksomheder","og_description":"Autov\u00e6rksteder, tandl\u00e6ger, fris\u00f8rer, klinikker .Send nemt og billigt p\u00e5mindelser og personlige SMS'er til kunder direkte fra din PC. Opret gratis Testkonto!","og_url":"https:\/\/suresms.com\/de\/filialentladungen\/sms-fur-dienstleistungsunternehmen\/","article_publisher":"https:\/\/www.facebook.com\/p\/SureSMS-100044607956149\/","article_modified_time":"2025-01-03T14:16:29+00:00","og_image":[{"width":400,"height":266,"url":"https:\/\/suresms.com\/wp-content\/uploads\/2016\/06\/sms-til-service-snippet.jpg","type":"image\/jpeg"}],"twitter_card":"summary_large_image","twitter_misc":{"Gesch\u00e4tzte Lesezeit":"3\u00a0Minuten"},"schema":{"@context":"https:\/\/schema.org","@graph":[{"@type":"WebPage","@id":"https:\/\/suresms.com\/dk\/branchelosninger\/sms-til-servicevirksomheder\/","url":"https:\/\/suresms.com\/dk\/branchelosninger\/sms-til-servicevirksomheder\/","name":"SMS f\u00fcr Dienstleistungsunternehmen. Flexible und g\u00fcnstige SMS online. SureSMS","isPartOf":{"@id":"https:\/\/suresms.com\/en\/#website"},"primaryImageOfPage":{"@id":"https:\/\/suresms.com\/dk\/branchelosninger\/sms-til-servicevirksomheder\/#primaryimage"},"image":{"@id":"https:\/\/suresms.com\/dk\/branchelosninger\/sms-til-servicevirksomheder\/#primaryimage"},"thumbnailUrl":"https:\/\/suresms.com\/wp-content\/uploads\/2016\/06\/Frisoergaarden-1.jpg","datePublished":"2016-06-01T15:49:00+00:00","dateModified":"2025-01-03T14:16:29+00:00","description":"Autowerkst\u00e4tten, Zahn\u00e4rzte, Friseure, Kliniken... Versende Erinnerungen und personalisierte SMS-Nachrichten an Kunden einfach und kosteng\u00fcnstig direkt von deinem PC aus. Erstelle ein kostenloses Testkonto!","breadcrumb":{"@id":"https:\/\/suresms.com\/dk\/branchelosninger\/sms-til-servicevirksomheder\/#breadcrumb"},"inLanguage":"de","potentialAction":[{"@type":"ReadAction","target":["https:\/\/suresms.com\/dk\/branchelosninger\/sms-til-servicevirksomheder\/"]}]},{"@type":"ImageObject","inLanguage":"de","@id":"https:\/\/suresms.com\/dk\/branchelosninger\/sms-til-servicevirksomheder\/#primaryimage","url":"https:\/\/suresms.com\/wp-content\/uploads\/2016\/06\/Frisoergaarden-1.jpg","contentUrl":"https:\/\/suresms.com\/wp-content\/uploads\/2016\/06\/Frisoergaarden-1.jpg"},{"@type":"BreadcrumbList","@id":"https:\/\/suresms.com\/dk\/branchelosninger\/sms-til-servicevirksomheder\/#breadcrumb","itemListElement":[{"@type":"ListItem","position":1,"name":"Home","item":"https:\/\/suresms.com\/dk\/"},{"@type":"ListItem","position":2,"name":"Branchel\u00f8sninger","item":"https:\/\/suresms.com\/dk\/branchelosninger\/"},{"@type":"ListItem","position":3,"name":"SMS til Servicevirksomheder"}]},{"@type":"WebSite","@id":"https:\/\/suresms.com\/en\/#website","url":"https:\/\/suresms.com\/en\/","name":"SureSMS","description":"Professioneller SMS-Gateway","publisher":{"@id":"https:\/\/suresms.com\/en\/#organization"},"potentialAction":[{"@type":"SearchAction","target":{"@type":"EntryPoint","urlTemplate":"https:\/\/suresms.com\/en\/?s={search_term_string}"},"query-input":{"@type":"PropertyValueSpecification","valueRequired":true,"valueName":"search_term_string"}}],"inLanguage":"de"},{"@type":"Organization","@id":"https:\/\/suresms.com\/en\/#organization","name":"SureSMS","url":"https:\/\/suresms.com\/en\/","logo":{"@type":"ImageObject","inLanguage":"de","@id":"https:\/\/suresms.com\/en\/#\/schema\/logo\/image\/","url":"https:\/\/suresms.com\/wp-content\/uploads\/2024\/11\/suresms-300x65-1.png","contentUrl":"https:\/\/suresms.com\/wp-content\/uploads\/2024\/11\/suresms-300x65-1.png","width":300,"height":65,"caption":"SureSMS"},"image":{"@id":"https:\/\/suresms.com\/en\/#\/schema\/logo\/image\/"},"sameAs":["https:\/\/www.facebook.com\/p\/SureSMS-100044607956149\/"]}]}},"_links":{"self":[{"href":"https:\/\/suresms.com\/de\/wp-json\/wp\/v2\/pages\/2681","targetHints":{"allow":["GET"]}}],"collection":[{"href":"https:\/\/suresms.com\/de\/wp-json\/wp\/v2\/pages"}],"about":[{"href":"https:\/\/suresms.com\/de\/wp-json\/wp\/v2\/types\/page"}],"author":[{"embeddable":true,"href":"https:\/\/suresms.com\/de\/wp-json\/wp\/v2\/users\/1"}],"replies":[{"embeddable":true,"href":"https:\/\/suresms.com\/de\/wp-json\/wp\/v2\/comments?post=2681"}],"version-history":[{"count":4,"href":"https:\/\/suresms.com\/de\/wp-json\/wp\/v2\/pages\/2681\/revisions"}],"predecessor-version":[{"id":19575,"href":"https:\/\/suresms.com\/de\/wp-json\/wp\/v2\/pages\/2681\/revisions\/19575"}],"up":[{"embeddable":true,"href":"https:\/\/suresms.com\/de\/wp-json\/wp\/v2\/pages\/1654"}],"wp:attachment":[{"href":"https:\/\/suresms.com\/de\/wp-json\/wp\/v2\/media?parent=2681"}],"wp:term":[{"taxonomy":"category","embeddable":true,"href":"https:\/\/suresms.com\/de\/wp-json\/wp\/v2\/categories?post=2681"},{"taxonomy":"post_tag","embeddable":true,"href":"https:\/\/suresms.com\/de\/wp-json\/wp\/v2\/tags?post=2681"}],"curies":[{"name":"wp","href":"https:\/\/api.w.org\/{rel}","templated":true}]}}