{"id":2659,"date":"2016-06-01T15:30:55","date_gmt":"2016-06-01T13:30:55","guid":{"rendered":"https:\/\/www.suresms.com\/dk\/?page_id=2659"},"modified":"2025-01-05T00:16:13","modified_gmt":"2025-01-05T00:16:13","slug":"sms-fur-offentliche-einrichtungen","status":"publish","type":"page","link":"https:\/\/suresms.com\/de\/branchelosninger\/sms-til-offentlige-institutioner\/","title":{"rendered":"SMS an \u00f6ffentliche Einrichtungen"},"content":{"rendered":"<!-- Flexy Breadcrumb -->\r\n\t\t\t<div class=\"fbc fbc-page\">\r\n\r\n\t\t\t\t<!-- Breadcrumb wrapper -->\r\n\t\t\t\t<div class=\"fbc-wrap\">\r\n\r\n\t\t\t\t\t<!-- Ordered list-->\r\n\t\t\t\t\t<ol class=\"fbc-items\" itemscope itemtype=\"https:\/\/schema.org\/BreadcrumbList\">\r\n\t\t\t\t\t\t            <li itemprop=\"itemListElement\" itemscope itemtype=\"https:\/\/schema.org\/ListItem\">\r\n                <span itemprop=\"name\">\r\n                    <!-- Home Link -->\r\n                    <a itemprop=\"item\" href=\"https:\/\/suresms.com\/de\/\">\r\n                    \r\n                                                    <i class=\"fa fa-home\" aria-hidden=\"true\"><\/i>Zuhause                    <\/a>\r\n                <\/span>\r\n                <meta itemprop=\"position\" content=\"1\" \/><!-- Meta Position-->\r\n             <\/li><li><span class=\"fbc-separator\">\/<\/span><\/li><li class=\"active\" itemprop=\"itemListElement\" itemscope itemtype=\"https:\/\/schema.org\/ListItem\"><span itemprop=\"name\" title=\"SMS an \u00f6ffentliche Einrichtungen\">SMS an \u00f6ffentliche Einrichtungen<\/span><meta itemprop=\"position\" content=\"2\" \/><\/li>\t\t\t\t\t<\/ol>\r\n\t\t\t\t\t<div class=\"clearfix\"><\/div>\r\n\t\t\t\t<\/div>\r\n\t\t\t<\/div>\r\n\t\t\t\n<h1>\n\t\tSMS an \u00f6ffentliche Einrichtungen\n\t<\/h1>\n\t\n<p><strong>Gemeinden, Bibliotheken, Regierungsbeh\u00f6rden, Schulen, staatliche Gef\u00e4ngnisse und Krankenh\u00e4user. Im gesamten \u00f6ffentlichen Sektor ist die SMS zu einem einfachen und effektiven Kommunikationsmittel f\u00fcr Nutzer und B\u00fcrger geworden. Mit dem SMS-Gateway von SureSMS verf\u00fcgst du automatisch \u00fcber die entsprechende Dokumentation und musst keine Kompromisse bei der Sicherheit oder Produktqualit\u00e4t eingehen.<\/strong><\/p>\n<p>Damit die Kommunikation zwischen Gemeinden, Institutionen, Beh\u00f6rden und B\u00fcrgern funktioniert, ist es entscheidend, dass Nachrichten und Informationen sowohl empfangen UND gelesen werden! Studien zeigen, dass die \u00fcberwiegende Mehrheit der SMS-Nachrichten vom Empf\u00e4nger gelesen wird, was SMS-Nachrichten zu einer schnellen und zuverl\u00e4ssigen Form der Kommunikation macht.<\/p>\n<p>Mit einem SMS-Gateway k\u00f6nnen \u00f6ffentliche Einrichtungen den \u00dcberblick behalten und die Aufzeichnungspflichten erf\u00fcllen.<\/p>\n<p><strong>Nutzen und Vorteile<\/strong><\/p>\n<ul> \t\n<li><strong>Integrierte Protokollierung. \u00dcber unser Webportal hast du immer eine Dokumentation f\u00fcr alle Nachrichten, die an B\u00fcrger oder Mitarbeiter gesendet werden.<\/strong><\/li>\n\n<li><strong>Servicenachrichten und Terminerinnerungen per SMS sind ein toller Service f\u00fcr B\u00fcrger und Nutzer und sorgen f\u00fcr weniger Absagen und weniger Ressourcenverschwendung. Nutze automatisch generierte SMS-Nachrichten oder steuere den Versand selbst \u00fcber unser Webinterface.<\/strong><\/li>\n\n<li><strong>Die gesamte Kommunikation zwischen dem Kunden und unseren Servern wird mit der neuesten SSL-Verschl\u00fcsselung verschl\u00fcsselt. Das macht es sicher, sensible pers\u00f6nliche Informationen \u00fcber SureSMS zu versenden.<\/strong><\/li>\n\n<li><strong>Keine teuren Abonnements. Wir berechnen nur die SMS-Tarife f\u00fcr die Anzahl der Nachrichten, die du tats\u00e4chlich versendest. Die Abrechnung ist kostenlos und du kannst ganz einfach per EAN-Nummer bezahlen.<\/strong><\/li>\n<\/ul>\n<p>Das ist nur eine Auswahl unserer Funktionen. Aber es gibt noch viel mehr. Wirf einen Blick auf unsere\u00a0<a href=\"https:\/\/suresms.com\/de\/eigenschaften\/\">Feuilleton<\/a>\u00a0auf suresms.com f\u00fcr Inspiration.<\/p>\n<p><strong>Vollst\u00e4ndige \u00dcbersicht und Dokumentation \u00fcber das SureSMS Webportal<\/strong><\/p>\n<p>Von unserem Webportal aus kannst du dich ganz einfach einloggen und \u00fcber deinen Computer SMS-Nachrichten an Nutzer senden. Von hier aus ist es ganz einfach, Nachrichten an Gruppen zu senden, Sendungen zu planen und Namen in die Nachrichten einzubinden.<\/p>\n<p>Hier hast du auch einen vollst\u00e4ndigen \u00dcberblick \u00fcber die gesendeten Nachrichten und die Nachrichten werden hier zu Protokollierungs- oder Dokumentationszwecken gespeichert. Du hast immer einen \u00dcberblick \u00fcber den Inhalt und den Zeitpunkt des Versendens und Empfangens von Nachrichten.<\/p>\n<p><strong>Belieferung von staatlichen Institutionen und Gemeinden<\/strong><\/p>\n<p>Im Laufe der Jahre haben wir viele \u00f6ffentliche Einrichtungen mit SMS beliefert und verf\u00fcgen \u00fcber umfangreiche Erfahrungen in der Zusammenarbeit mit ihnen: Bibliotheken, staatliche Gef\u00e4ngnisse, Hilfsmittelzentren, Regierungsbeh\u00f6rden und vieles mehr. \u00d6ffentliche Einrichtungen m\u00fcssen mit einem breiten Querschnitt der Bev\u00f6lkerung kommunizieren, wobei Preis, Qualit\u00e4t und Sicherheit erstklassig sein M\u00dcSSEN. Wir haben das Know-how, um ein solides und flexibles Gateway zu liefern, das einfach zu bedienen ist.<\/p>\n<p><strong>Von mehreren Nummern senden<\/strong><\/p>\n<p>Muss dein Unternehmen von mehreren Telefonnummern aus senden oder brauchst du einen flexiblen Login, damit mehrere Mitarbeiter von einem bestimmten Benutzer aus senden k\u00f6nnen? Das kannst du ganz einfach \u00fcber unser Online-Portal erledigen.<\/p>\n<p><strong>Auf dieser Seite kannst du in f\u00fcnf Minuten ein kostenloses Testkonto erstellen. Hast du Fragen oder m\u00f6chtest du mit uns sprechen? Du findest unser\u00a0<\/strong><a href=\"https:\/\/suresms.com\/de\/kontakt\/\">Kontaktinfo<\/a><strong>\u00a0Hier.<\/strong><\/p>\n\n\t<p>&gt; Zur\u00fcck zu <a href=\"https:\/\/suresms.com\/de\/filialentladungen\/\">L\u00f6sungen f\u00fcr die Industrie<\/a><\/p>\n\t\t\t<p><a href=\"http:\/\/www.rodskovforsamlingshus.dk\/om-forsamlingshuset.html\"><img loading=\"lazy\" decoding=\"async\" src=\"https:\/\/suresms.com\/wp-content\/uploads\/2015\/02\/REB-Rodskov1.jpg\" alt=\"REB Rodskov\" width=\"172\" height=\"87\" \/><\/a><\/p>\n<p><em>\"Sie wurden mir von einem Kollegen empfohlen, der Ihre L\u00f6sung ebenfalls nutzt.\u00a0<\/em><\/p>\n<p><em>Ich habe eine Reihe anderer SMS-L\u00f6sungen untersucht und getestet, und deine ist bei weitem die flexibelste und schnellste - und das zu einem vern\u00fcnftigen Preis. <\/em><\/p>\n<p><em>DANKE f\u00fcr ein hervorragendes Produkt! Es macht genau das, was ich brauche - super gut!\"<\/em><\/p>\n<p><strong>Michel Gorm, Sekret\u00e4r<\/strong><\/p>\n<p><strong>Gemeindezentrum Rodskov<\/strong><\/p>\n\t\t<h4>Ein kostenloses Testkonto erstellen<\/h4>\n\t\t<p>Es dauert nur 5 Minuten. Legen Sie sofort los und erhalten Sie <strong>50 kostenlose SMS-Nachrichten<\/strong> ohne Bedingungen zu stellen.<\/p>\n\t\t\t<a href=\"https:\/\/suresms.com\/de\/kostenloses-sms-testkonto\/\" target=\"_self\">\n\t\t\t\t\t\t\tProbekonto erstellen\n\t\t\t\t\t<\/a>\n\t\t<h4>Bestelle eine 2-Wege-L\u00f6sung!<\/h4>\n\t\t<p>Du hast bereits ein Konto? Bestelle eine 2-Wege-L\u00f6sung und erhalte die zus\u00e4tzlichen Optionen, die deine eigene L\u00f6sung bietet.\u00a0<\/p>\n\t\t\t<a href=\"https:\/\/suresms.com\/de\/2-wege-entladung-bestellen\/\" target=\"_self\">\n\t\t\t\t\t\t\t2-Wege-L\u00f6sung bestellen\n\t\t\t\t\t<\/a>\n\t\t\t\t<a href=\"https:\/\/suresms.com\/de\/sms-outlook-add\/\" target=\"_self\" itemprop=\"url\">\n\t\t\t\t<img loading=\"lazy\" decoding=\"async\" src=\"https:\/\/suresms.com\/wp-content\/uploads\/2016\/02\/facebook-Outlook-plugin-version-1.4-snippet-1.jpg\" alt=\"facebook Outlook Plugin Version 1.4 Snippet\" itemprop=\"image\" height=\"630\" width=\"1200\" title=\"facebook Outlook Plugin Version 1.4 Snippet\" onerror=\"this.style.display='none'\"  \/>\n\t\t\t\t<\/a>\n\t\t<h3><a href=\"https:\/\/suresms.com\/de\/sms-outlook-add\/\" target=\"_self\">Outlook SMS Plugin Version 2.10<\/a><\/h3>Unser SMS Add-in wurde speziell f\u00fcr Outlook entwickelt. Mit einer schnellen Installation unseres Plug-ins erh\u00e4ltst du einen in dein Outlook-Men\u00fc integrierten SMS- und Gruppen-SMS-Versender mit Zugriff auf deine Outlook-Kontakte. Du hast die VOLLST\u00c4NDIGE DOKUMENTATION, da alle Nachrichten automatisch gespeichert werden. Einfache Integration in andere Systeme.<br \/>\nMehrere neue Optionen f\u00fcr die Auswahl der Absender-ID. Verwende deinen Firmennamen oder w\u00e4hle deine Handynummer und erhalte Antworten direkt auf dein Handy. Solltest du Antworten in Outlook erhalten? Kontaktiere uns f\u00fcr eine <a href=\"https:\/\/suresms.com\/de\/eigenschaften\/empfange-textnachrichten-auf-deinem-computer\/\">2-Wege-L\u00f6sung<\/a>.\n<p>&nbsp;<\/p>\n\n\t\t\t<a href=\"https:\/\/suresms.com\/de\/sms-outlook-add\/\" target=\"_self\">\n\t\t\t\t\t\t\tMehr \u00fcber unser SMS Outlook Add-in\n\t\t\t\t\t<\/a>","protected":false},"excerpt":{"rendered":"<p>SMS f\u00fcr \u00f6ffentliche Einrichtungen Gemeinden, Bibliotheken, Regierungsbeh\u00f6rden, Schulen, staatliche Gef\u00e4ngnisse und Krankenh\u00e4user. Im gesamten \u00f6ffentlichen Sektor ist die SMS zu einem einfachen und effektiven Kommunikationsmittel f\u00fcr Nutzer und B\u00fcrger geworden. Mit dem SMS-Gateway von SureSMS verf\u00fcgst du automatisch \u00fcber die n\u00f6tige Dokumentation und musst keine Kompromisse bei der Sicherheit oder Produktqualit\u00e4t eingehen. Damit die Kommunikation zwischen Gemeinden, Institutionen, Beh\u00f6rden und ... <a title=\"SMS an \u00f6ffentliche Einrichtungen\" class=\"read-more\" href=\"https:\/\/suresms.com\/de\/branchelosninger\/sms-til-offentlige-institutioner\/\" aria-label=\"Weitere Informationen \u00fcber SMS f\u00fcr \u00f6ffentliche Organisationen\">Mehr lesen<\/a><\/p>","protected":false},"author":1,"featured_media":0,"parent":1654,"menu_order":4,"comment_status":"closed","ping_status":"closed","template":"","meta":{"_fl_builder_enabled":"1","_fl_builder_data":null,"_fl_builder_draft":null,"_fl_builder_data_settings":null,"_fl_builder_css":"","_fl_builder_css_version":"","_fl_builder_js":"","footnotes":""},"categories":[],"tags":[],"class_list":["post-2659","page","type-page","status-publish"],"yoast_head":"<!-- This site is optimized with the Yoast SEO Premium plugin v27.3 (Yoast SEO v27.3) - https:\/\/yoast.com\/product\/yoast-seo-premium-wordpress\/ -->\r\n<title>SMS til offentlige institutioner. Integreret online journalisering<\/title>\r\n<meta name=\"description\" content=\"SureSMS samarbejder med og leverer SMS til offentlige institutioner. SSL-kryptering sikrer data med personf\u00f8lsomme oplysninger. Betal pr. SMS - 0,- i abonn.\" \/>\r\n<meta name=\"robots\" content=\"index, follow, max-snippet:-1, max-image-preview:large, max-video-preview:-1\" \/>\r\n<link rel=\"canonical\" href=\"https:\/\/suresms.com\/de\/filialentladungen\/sms-fur-offentliche-einrichtungen\/\" \/>\r\n<meta property=\"og:locale\" content=\"de_DE\" \/>\r\n<meta property=\"og:type\" content=\"article\" \/>\r\n<meta property=\"og:title\" content=\"SMS til offentlige institutioner\" \/>\r\n<meta property=\"og:description\" content=\"SureSMS samarbejder med og leverer SMS til offentlige institutioner. SSL-kryptering sikrer data med personf\u00f8lsomme oplysninger. Betal pr. SMS - 0,- i abonn.\" \/>\r\n<meta property=\"og:url\" content=\"https:\/\/suresms.com\/de\/filialentladungen\/sms-fur-offentliche-einrichtungen\/\" \/>\r\n<meta property=\"article:publisher\" content=\"https:\/\/www.facebook.com\/p\/SureSMS-100044607956149\/\" \/>\r\n<meta property=\"article:modified_time\" content=\"2025-01-05T00:16:13+00:00\" \/>\r\n<meta property=\"og:image\" content=\"https:\/\/suresms.com\/wp-content\/uploads\/2016\/06\/sms-til-offentlige-snippet.jpg\" \/>\r\n\t<meta property=\"og:image:width\" content=\"400\" \/>\r\n\t<meta property=\"og:image:height\" content=\"233\" \/>\r\n\t<meta property=\"og:image:type\" content=\"image\/jpeg\" \/>\r\n<meta name=\"twitter:card\" content=\"summary_large_image\" \/>\r\n<meta name=\"twitter:label1\" content=\"Gesch\u00e4tzte Lesezeit\" \/>\n\t<meta name=\"twitter:data1\" content=\"3\u00a0Minuten\" \/>\r\n<script type=\"application\/ld+json\" class=\"yoast-schema-graph\">{\"@context\":\"https:\\\/\\\/schema.org\",\"@graph\":[{\"@type\":\"WebPage\",\"@id\":\"https:\\\/\\\/suresms.com\\\/dk\\\/branchelosninger\\\/sms-til-offentlige-institutioner\\\/\",\"url\":\"https:\\\/\\\/suresms.com\\\/dk\\\/branchelosninger\\\/sms-til-offentlige-institutioner\\\/\",\"name\":\"SMS til offentlige institutioner. Integreret online journalisering\",\"isPartOf\":{\"@id\":\"https:\\\/\\\/suresms.com\\\/en\\\/#website\"},\"primaryImageOfPage\":{\"@id\":\"https:\\\/\\\/suresms.com\\\/dk\\\/branchelosninger\\\/sms-til-offentlige-institutioner\\\/#primaryimage\"},\"image\":{\"@id\":\"https:\\\/\\\/suresms.com\\\/dk\\\/branchelosninger\\\/sms-til-offentlige-institutioner\\\/#primaryimage\"},\"thumbnailUrl\":\"https:\\\/\\\/suresms.com\\\/wp-content\\\/uploads\\\/2015\\\/02\\\/REB-Rodskov1.jpg\",\"datePublished\":\"2016-06-01T13:30:55+00:00\",\"dateModified\":\"2025-01-05T00:16:13+00:00\",\"description\":\"SureSMS samarbejder med og leverer SMS til offentlige institutioner. SSL-kryptering sikrer data med personf\u00f8lsomme oplysninger. Betal pr. SMS - 0,- i abonn.\",\"breadcrumb\":{\"@id\":\"https:\\\/\\\/suresms.com\\\/dk\\\/branchelosninger\\\/sms-til-offentlige-institutioner\\\/#breadcrumb\"},\"inLanguage\":\"de\",\"potentialAction\":[{\"@type\":\"ReadAction\",\"target\":[\"https:\\\/\\\/suresms.com\\\/dk\\\/branchelosninger\\\/sms-til-offentlige-institutioner\\\/\"]}]},{\"@type\":\"ImageObject\",\"inLanguage\":\"de\",\"@id\":\"https:\\\/\\\/suresms.com\\\/dk\\\/branchelosninger\\\/sms-til-offentlige-institutioner\\\/#primaryimage\",\"url\":\"https:\\\/\\\/suresms.com\\\/wp-content\\\/uploads\\\/2015\\\/02\\\/REB-Rodskov1.jpg\",\"contentUrl\":\"https:\\\/\\\/suresms.com\\\/wp-content\\\/uploads\\\/2015\\\/02\\\/REB-Rodskov1.jpg\"},{\"@type\":\"BreadcrumbList\",\"@id\":\"https:\\\/\\\/suresms.com\\\/dk\\\/branchelosninger\\\/sms-til-offentlige-institutioner\\\/#breadcrumb\",\"itemListElement\":[{\"@type\":\"ListItem\",\"position\":1,\"name\":\"Home\",\"item\":\"https:\\\/\\\/suresms.com\\\/dk\\\/\"},{\"@type\":\"ListItem\",\"position\":2,\"name\":\"Branchel\u00f8sninger\",\"item\":\"https:\\\/\\\/suresms.com\\\/dk\\\/branchelosninger\\\/\"},{\"@type\":\"ListItem\",\"position\":3,\"name\":\"SMS til offentlige institutioner\"}]},{\"@type\":\"WebSite\",\"@id\":\"https:\\\/\\\/suresms.com\\\/en\\\/#website\",\"url\":\"https:\\\/\\\/suresms.com\\\/en\\\/\",\"name\":\"SureSMS\",\"description\":\"Professionel SMS Gateway\",\"publisher\":{\"@id\":\"https:\\\/\\\/suresms.com\\\/en\\\/#organization\"},\"potentialAction\":[{\"@type\":\"SearchAction\",\"target\":{\"@type\":\"EntryPoint\",\"urlTemplate\":\"https:\\\/\\\/suresms.com\\\/en\\\/?s={search_term_string}\"},\"query-input\":{\"@type\":\"PropertyValueSpecification\",\"valueRequired\":true,\"valueName\":\"search_term_string\"}}],\"inLanguage\":\"de\"},{\"@type\":\"Organization\",\"@id\":\"https:\\\/\\\/suresms.com\\\/en\\\/#organization\",\"name\":\"SureSMS\",\"url\":\"https:\\\/\\\/suresms.com\\\/en\\\/\",\"logo\":{\"@type\":\"ImageObject\",\"inLanguage\":\"de\",\"@id\":\"https:\\\/\\\/suresms.com\\\/en\\\/#\\\/schema\\\/logo\\\/image\\\/\",\"url\":\"https:\\\/\\\/suresms.com\\\/wp-content\\\/uploads\\\/2024\\\/11\\\/suresms-300x65-1.png\",\"contentUrl\":\"https:\\\/\\\/suresms.com\\\/wp-content\\\/uploads\\\/2024\\\/11\\\/suresms-300x65-1.png\",\"width\":300,\"height\":65,\"caption\":\"SureSMS\"},\"image\":{\"@id\":\"https:\\\/\\\/suresms.com\\\/en\\\/#\\\/schema\\\/logo\\\/image\\\/\"},\"sameAs\":[\"https:\\\/\\\/www.facebook.com\\\/p\\\/SureSMS-100044607956149\\\/\"]}]}<\/script>\r\n<!-- \/ Yoast SEO Premium plugin. -->","yoast_head_json":{"title":"SMS f\u00fcr \u00f6ffentliche Einrichtungen. Integriertes Online-Journaling","description":"SureSMS arbeitet mit \u00f6ffentlichen Einrichtungen zusammen und liefert SMS an diese. Die SSL-Verschl\u00fcsselung sichert Daten mit sensiblen pers\u00f6nlichen Informationen. Du zahlst pro SMS - 0,- im Abonnement.","robots":{"index":"index","follow":"follow","max-snippet":"max-snippet:-1","max-image-preview":"max-image-preview:large","max-video-preview":"max-video-preview:-1"},"canonical":"https:\/\/suresms.com\/de\/filialentladungen\/sms-fur-offentliche-einrichtungen\/","og_locale":"de_DE","og_type":"article","og_title":"SMS til offentlige institutioner","og_description":"SureSMS samarbejder med og leverer SMS til offentlige institutioner. SSL-kryptering sikrer data med personf\u00f8lsomme oplysninger. Betal pr. SMS - 0,- i abonn.","og_url":"https:\/\/suresms.com\/de\/filialentladungen\/sms-fur-offentliche-einrichtungen\/","article_publisher":"https:\/\/www.facebook.com\/p\/SureSMS-100044607956149\/","article_modified_time":"2025-01-05T00:16:13+00:00","og_image":[{"width":400,"height":233,"url":"https:\/\/suresms.com\/wp-content\/uploads\/2016\/06\/sms-til-offentlige-snippet.jpg","type":"image\/jpeg"}],"twitter_card":"summary_large_image","twitter_misc":{"Gesch\u00e4tzte Lesezeit":"3\u00a0Minuten"},"schema":{"@context":"https:\/\/schema.org","@graph":[{"@type":"WebPage","@id":"https:\/\/suresms.com\/dk\/branchelosninger\/sms-til-offentlige-institutioner\/","url":"https:\/\/suresms.com\/dk\/branchelosninger\/sms-til-offentlige-institutioner\/","name":"SMS f\u00fcr \u00f6ffentliche Einrichtungen. Integriertes Online-Journaling","isPartOf":{"@id":"https:\/\/suresms.com\/en\/#website"},"primaryImageOfPage":{"@id":"https:\/\/suresms.com\/dk\/branchelosninger\/sms-til-offentlige-institutioner\/#primaryimage"},"image":{"@id":"https:\/\/suresms.com\/dk\/branchelosninger\/sms-til-offentlige-institutioner\/#primaryimage"},"thumbnailUrl":"https:\/\/suresms.com\/wp-content\/uploads\/2015\/02\/REB-Rodskov1.jpg","datePublished":"2016-06-01T13:30:55+00:00","dateModified":"2025-01-05T00:16:13+00:00","description":"SureSMS arbeitet mit \u00f6ffentlichen Einrichtungen zusammen und liefert SMS an diese. Die SSL-Verschl\u00fcsselung sichert Daten mit sensiblen pers\u00f6nlichen Informationen. Du zahlst pro SMS - 0,- im Abonnement.","breadcrumb":{"@id":"https:\/\/suresms.com\/dk\/branchelosninger\/sms-til-offentlige-institutioner\/#breadcrumb"},"inLanguage":"de","potentialAction":[{"@type":"ReadAction","target":["https:\/\/suresms.com\/dk\/branchelosninger\/sms-til-offentlige-institutioner\/"]}]},{"@type":"ImageObject","inLanguage":"de","@id":"https:\/\/suresms.com\/dk\/branchelosninger\/sms-til-offentlige-institutioner\/#primaryimage","url":"https:\/\/suresms.com\/wp-content\/uploads\/2015\/02\/REB-Rodskov1.jpg","contentUrl":"https:\/\/suresms.com\/wp-content\/uploads\/2015\/02\/REB-Rodskov1.jpg"},{"@type":"BreadcrumbList","@id":"https:\/\/suresms.com\/dk\/branchelosninger\/sms-til-offentlige-institutioner\/#breadcrumb","itemListElement":[{"@type":"ListItem","position":1,"name":"Home","item":"https:\/\/suresms.com\/dk\/"},{"@type":"ListItem","position":2,"name":"Branchel\u00f8sninger","item":"https:\/\/suresms.com\/dk\/branchelosninger\/"},{"@type":"ListItem","position":3,"name":"SMS til offentlige institutioner"}]},{"@type":"WebSite","@id":"https:\/\/suresms.com\/en\/#website","url":"https:\/\/suresms.com\/en\/","name":"SureSMS","description":"Professioneller SMS-Gateway","publisher":{"@id":"https:\/\/suresms.com\/en\/#organization"},"potentialAction":[{"@type":"SearchAction","target":{"@type":"EntryPoint","urlTemplate":"https:\/\/suresms.com\/en\/?s={search_term_string}"},"query-input":{"@type":"PropertyValueSpecification","valueRequired":true,"valueName":"search_term_string"}}],"inLanguage":"de"},{"@type":"Organization","@id":"https:\/\/suresms.com\/en\/#organization","name":"SureSMS","url":"https:\/\/suresms.com\/en\/","logo":{"@type":"ImageObject","inLanguage":"de","@id":"https:\/\/suresms.com\/en\/#\/schema\/logo\/image\/","url":"https:\/\/suresms.com\/wp-content\/uploads\/2024\/11\/suresms-300x65-1.png","contentUrl":"https:\/\/suresms.com\/wp-content\/uploads\/2024\/11\/suresms-300x65-1.png","width":300,"height":65,"caption":"SureSMS"},"image":{"@id":"https:\/\/suresms.com\/en\/#\/schema\/logo\/image\/"},"sameAs":["https:\/\/www.facebook.com\/p\/SureSMS-100044607956149\/"]}]}},"_links":{"self":[{"href":"https:\/\/suresms.com\/de\/wp-json\/wp\/v2\/pages\/2659","targetHints":{"allow":["GET"]}}],"collection":[{"href":"https:\/\/suresms.com\/de\/wp-json\/wp\/v2\/pages"}],"about":[{"href":"https:\/\/suresms.com\/de\/wp-json\/wp\/v2\/types\/page"}],"author":[{"embeddable":true,"href":"https:\/\/suresms.com\/de\/wp-json\/wp\/v2\/users\/1"}],"replies":[{"embeddable":true,"href":"https:\/\/suresms.com\/de\/wp-json\/wp\/v2\/comments?post=2659"}],"version-history":[{"count":6,"href":"https:\/\/suresms.com\/de\/wp-json\/wp\/v2\/pages\/2659\/revisions"}],"predecessor-version":[{"id":21049,"href":"https:\/\/suresms.com\/de\/wp-json\/wp\/v2\/pages\/2659\/revisions\/21049"}],"up":[{"embeddable":true,"href":"https:\/\/suresms.com\/de\/wp-json\/wp\/v2\/pages\/1654"}],"wp:attachment":[{"href":"https:\/\/suresms.com\/de\/wp-json\/wp\/v2\/media?parent=2659"}],"wp:term":[{"taxonomy":"category","embeddable":true,"href":"https:\/\/suresms.com\/de\/wp-json\/wp\/v2\/categories?post=2659"},{"taxonomy":"post_tag","embeddable":true,"href":"https:\/\/suresms.com\/de\/wp-json\/wp\/v2\/tags?post=2659"}],"curies":[{"name":"wp","href":"https:\/\/api.w.org\/{rel}","templated":true}]}}