{"id":2632,"date":"2016-05-23T15:27:47","date_gmt":"2016-05-23T13:27:47","guid":{"rendered":"https:\/\/www.suresms.com\/dk\/?page_id=2632"},"modified":"2025-01-03T14:17:14","modified_gmt":"2025-01-03T14:17:14","slug":"sms-fur-transport-und-logistikunternehmen","status":"publish","type":"page","link":"https:\/\/suresms.com\/de\/branchelosninger\/sms-til-transport-og-logistikvirksomheder\/","title":{"rendered":"SMS f\u00fcr Transport- und Logistikunternehmen"},"content":{"rendered":"<!-- Flexy Breadcrumb -->\r\n\t\t\t<div class=\"fbc fbc-page\">\r\n\r\n\t\t\t\t<!-- Breadcrumb wrapper -->\r\n\t\t\t\t<div class=\"fbc-wrap\">\r\n\r\n\t\t\t\t\t<!-- Ordered list-->\r\n\t\t\t\t\t<ol class=\"fbc-items\" itemscope itemtype=\"https:\/\/schema.org\/BreadcrumbList\">\r\n\t\t\t\t\t\t            <li itemprop=\"itemListElement\" itemscope itemtype=\"https:\/\/schema.org\/ListItem\">\r\n                <span itemprop=\"name\">\r\n                    <!-- Home Link -->\r\n                    <a itemprop=\"item\" href=\"https:\/\/suresms.com\/de\/\">\r\n                    \r\n                                                    <i class=\"fa fa-home\" aria-hidden=\"true\"><\/i>Zuhause                    <\/a>\r\n                <\/span>\r\n                <meta itemprop=\"position\" content=\"1\" \/><!-- Meta Position-->\r\n             <\/li><li><span class=\"fbc-separator\">\/<\/span><\/li><li class=\"active\" itemprop=\"itemListElement\" itemscope itemtype=\"https:\/\/schema.org\/ListItem\"><span itemprop=\"name\" title=\"SMS f\u00fcr Transport- und Logistikunternehmen\">SMS an Transport und...<\/span><meta itemprop=\"position\" content=\"2\" \/><\/li>\t\t\t\t\t<\/ol>\r\n\t\t\t\t\t<div class=\"clearfix\"><\/div>\r\n\t\t\t\t<\/div>\r\n\t\t\t<\/div>\r\n\t\t\t\n<h1>\n\t\tSMS f\u00fcr Transport- und Logistikunternehmen\n\t<\/h1>\n\t\n\n<p><strong>In der Transport- und Speditionsbranche haben wir viele gro\u00dfartige Kunden. Wir k\u00f6nnen eine schnelle Kommunikation zwischen Unternehmen, Fahrern und Kunden sicherstellen und so eine schnelle und sichere Kommunikation \u00fcber Entfernungen und Grenzen hinweg schaffen.<\/strong><\/p>\n\n<p>Transport- und Logistikunternehmen verlassen sich heute auf mobile L\u00f6sungen f\u00fcr den t\u00e4glichen Betrieb. Die Branche hat stark von erschwinglichen und zug\u00e4nglichen flexiblen Kommunikationsl\u00f6sungen profitiert, die Arbeitsabl\u00e4ufe erleichtern und rationalisieren k\u00f6nnen, indem sie daf\u00fcr sorgen, dass Informationen - und damit Waren und Produkte - zur richtigen Zeit und am richtigen Ort ankommen.<\/p>\n\n<p><strong>Vorteile:<\/strong><\/p>\n<ul> \t\n<li><strong>Schnelle und sichere Kommunikation per SMS an Mitarbeiter und Kunden auf der ganzen Welt.<\/strong><\/li>\n\n<li><strong>Eine sichere Kommunikation rund um die Lieferung von Waren und G\u00fctern minimiert Fehler und Zeitverluste bei Lieferungen.<\/strong><\/li>\n\n<li><strong>Verschaffe dir einen \u00dcberblick und sende von mehreren Nummern direkt von unserem Webportal aus.<\/strong><\/li>\n\n<li><strong>Nutze SMS und personalisierte Textnachrichten, um ein gutes Arbeitsklima an einem Arbeitsplatz zu schaffen, an dem die Besch\u00e4ftigten oft geografisch verstreut sind.\u00a0<\/strong><\/li>\n<\/ul>\n\n<h3>Hohe Liefertreue und professioneller Service zu einem guten Preis<\/h3>\n\n<p>Nach vielen Jahren in der Branche wissen wir, wie wichtig es ist, dass deine Kommunikation NICHT zusammenbricht. Wir knausern nicht an Ausr\u00fcstung, \u00dcberwachung oder Arbeitsstunden. Unser Team sorgt daf\u00fcr, dass unser Gateway professionell und stabil ist und sicher liefert. Siehe unser <a title=\"Preise f\u00fcr SMS-Gateways\" href=\"https:\/\/suresms.com\/de\/sms-gateway-preise\/\">SMS Gateway Preise<\/a> Hier.<\/p>\n<h3>Internationales SMS-Gateway<\/h3>\n<p>Wir leben in einer internationalen Welt und SMS f\u00fcr Transport- und Logistikunternehmen werden oft grenz\u00fcberschreitend genutzt. Sure SMS gateway ist die perfekte L\u00f6sung f\u00fcr deine Kommunikation. Ganz gleich, ob du Nachrichten an Mitarbeiter, Fahrer oder Kunden senden musst, ob das Telefon, an das du senden musst, in D\u00e4nemark oder im Ausland liegt, deine Nachrichten werden \u00fcberall ankommen. Solange das Telefon am anderen Ende eingeschaltet ist.<\/p>\n<p>SMS kann leicht in bestehende Prozesse und Systeme integriert werden, um eine schnelle und stabile Kommunikation in der t\u00e4glichen Praxis zu gew\u00e4hrleisten.<\/p>\n<h3>Einfache und \u00fcbersichtliche Benutzeroberfl\u00e4che im WEB-Portal<\/h3>\n<p>Unsere einfache und \u00fcbersichtliche Oberfl\u00e4che auf dem SureSMS WEB Portal macht es dir leicht, SMS-Nachrichten an die Personen oder Gruppen zu senden, mit denen du kommunizieren m\u00f6chtest. Vom Computer aus ist es f\u00fcr die Kommunikatoren einfach, den \u00dcberblick zu behalten, w\u00e4hrend die Empf\u00e4nger ihr Handy in der Regel rund um die Uhr bei sich haben.<\/p>\n<p>Unser Webportal kann von PC, iPad oder Smartphones aus genutzt werden.<\/p>\n<h3>Gruppenfunktion: Kommunikation mit den Besch\u00e4ftigten<\/h3>\n<p>Von unserem Webportal aus kannst du die Funktion<a title=\"GroupSMS: Erstellen und Versenden an Gruppen\" href=\"https:\/\/suresms.com\/de\/sms-gruppe\/\">\u00a0SMS erstellen und an Gruppen senden<\/a>. Eine Funktion, die auf viele Arten genutzt werden kann. Mehrere unserer Transportunternehmen nutzen es, um mit ihren Besch\u00e4ftigten zu kommunizieren. Da sie oft t\u00e4glich \u00fcber gro\u00dfe geografische Entfernungen verteilt sind, sind Mobiltelefone das nat\u00fcrliche Kommunikationsmittel f\u00fcr praktische Informationen, aber auch f\u00fcr Nachrichten sozialer Natur.<\/p>\n<h3>Sofort loslegen<\/h3>\n<p>Der Einstieg in unser SMS-Gateway ist schnell und einfach und das Testen unseres Produkts ist kostenlos.<\/p>\n<p>Wenn du unseren Link f\u00fcr ein kostenloses Testkonto ausf\u00fcllst, kannst du innerhalb von 5 Minuten loslegen. Wir schenken dir 50 kostenlose SMS, damit du unseren Service und unsere Qualit\u00e4t schnell selbst beurteilen kannst. Wenn du Fragen hast, sind wir immer f\u00fcr dich da und haben jahrelange Erfahrung mit unseren anderen Kunden in der Branche.<\/p>\n\n\t\t\t<p><img loading=\"lazy\" decoding=\"async\" src=\"https:\/\/suresms.com\/wp-content\/uploads\/2016\/05\/Esbjerg-gods-200-x-99-px-daempet.jpg\" alt=\"Kundenreferenzen Esbjerg Waren ged\u00e4mpft\" width=\"200\" height=\"96\" \/>Esbjerg Estate nutzt SureSMS f\u00fcr SMS an Fahrer. Die Kommunikation mit den Fahrerinnen und Fahrern ist mit einem SMS-Gateway von SureSMS einfach und reibungslos.<em>\"Wir sind sehr zufrieden mit Ihrem System.<\/em><em>- Es funktioniert absolut fantastisch.\"<\/em><strong>Peter Kristiansen, Controller<\/strong><strong>Esbjerg Gods A\/S.<\/strong><\/p>\t\t\n\t\t<h4>Ein kostenloses Testkonto erstellen<\/h4>\n\t\t<p>Es dauert nur 5 Minuten. Legen Sie sofort los und erhalten Sie <strong>100 kostenlose SMS-Nachrichten<\/strong> ohne Bedingungen zu stellen.<\/p>\n\t\t\t<a href=\"https:\/\/suresms.com\/de\/kostenloses-sms-testkonto\/\" target=\"_self\">\n\t\t\t\t\t\t\tProbekonto erstellen\n\t\t\t\t\t<\/a>","protected":false},"excerpt":{"rendered":"<p>SMS f\u00fcr Transport- und Logistikunternehmen In der Transport- und Speditionsbranche haben wir viele gute Kunden. Wir k\u00f6nnen f\u00fcr eine schnelle Kommunikation zwischen Unternehmen, Fahrern und Kunden sorgen und erm\u00f6glichen eine schnelle und sichere Kommunikation \u00fcber Entfernungen und Grenzen hinweg. Transport- und Logistikunternehmen verlassen sich heute auf mobile L\u00f6sungen f\u00fcr den t\u00e4glichen Betrieb. Die Branche hat sehr davon profitiert ... <a title=\"SMS f\u00fcr Transport- und Logistikunternehmen\" class=\"read-more\" href=\"https:\/\/suresms.com\/de\/branchelosninger\/sms-til-transport-og-logistikvirksomheder\/\" aria-label=\"Mehr Informationen \u00fcber SMS f\u00fcr Transport- und Logistikunternehmen\">Mehr lesen<\/a><\/p>","protected":false},"author":1,"featured_media":0,"parent":1654,"menu_order":2,"comment_status":"closed","ping_status":"closed","template":"","meta":{"_fl_builder_enabled":"1","_fl_builder_data":null,"_fl_builder_draft":null,"_fl_builder_data_settings":null,"_fl_builder_css":"","_fl_builder_css_version":"","_fl_builder_js":"","footnotes":""},"categories":[],"tags":[],"class_list":["post-2632","page","type-page","status-publish"],"yoast_head":"<!-- This site is optimized with the Yoast SEO Premium plugin v27.3 (Yoast SEO v27.3) - https:\/\/yoast.com\/product\/yoast-seo-premium-wordpress\/ -->\r\n<title>Global SMS Gateway til Transport og Logistikvirksomheder. SureSMS<\/title>\r\n<meta name=\"description\" content=\"SureSMS er en Dansk SMS Gateway med mange \u00e5rs erfaring indenfor SMS til transport og logistikbranchen. Stabile SMS&#039;er til gode priser til Professionelle.\" \/>\r\n<meta name=\"robots\" content=\"index, follow, max-snippet:-1, max-image-preview:large, max-video-preview:-1\" \/>\r\n<link rel=\"canonical\" href=\"https:\/\/suresms.com\/de\/filialentladungen\/sms-fur-transport-und-logistikunternehmen\/\" \/>\r\n<meta property=\"og:locale\" content=\"de_DE\" \/>\r\n<meta property=\"og:type\" content=\"article\" \/>\r\n<meta property=\"og:title\" content=\"SMS til Transport og Logistikvirksomheder\" \/>\r\n<meta property=\"og:description\" content=\"SureSMS er en Dansk SMS Gateway med mange \u00e5rs erfaring indenfor SMS til transport og logistikbranchen. Stabile SMS&#039;er til gode priser til Professionelle.\" \/>\r\n<meta property=\"og:url\" content=\"https:\/\/suresms.com\/de\/filialentladungen\/sms-fur-transport-und-logistikunternehmen\/\" \/>\r\n<meta property=\"article:publisher\" content=\"https:\/\/www.facebook.com\/p\/SureSMS-100044607956149\/\" \/>\r\n<meta property=\"article:modified_time\" content=\"2025-01-03T14:17:14+00:00\" \/>\r\n<meta property=\"og:image\" content=\"https:\/\/suresms.com\/wp-content\/uploads\/2015\/02\/SMS-til-Transport-snippet.jpg\" \/>\r\n\t<meta property=\"og:image:width\" content=\"400\" \/>\r\n\t<meta property=\"og:image:height\" content=\"254\" \/>\r\n\t<meta property=\"og:image:type\" content=\"image\/jpeg\" \/>\r\n<meta name=\"twitter:card\" content=\"summary_large_image\" \/>\r\n<meta name=\"twitter:label1\" content=\"Gesch\u00e4tzte Lesezeit\" \/>\n\t<meta name=\"twitter:data1\" content=\"3\u00a0Minuten\" \/>\r\n<script type=\"application\/ld+json\" class=\"yoast-schema-graph\">{\"@context\":\"https:\\\/\\\/schema.org\",\"@graph\":[{\"@type\":\"WebPage\",\"@id\":\"https:\\\/\\\/suresms.com\\\/dk\\\/branchelosninger\\\/sms-til-transport-og-logistikvirksomheder\\\/\",\"url\":\"https:\\\/\\\/suresms.com\\\/dk\\\/branchelosninger\\\/sms-til-transport-og-logistikvirksomheder\\\/\",\"name\":\"Global SMS Gateway til Transport og Logistikvirksomheder. SureSMS\",\"isPartOf\":{\"@id\":\"https:\\\/\\\/suresms.com\\\/en\\\/#website\"},\"primaryImageOfPage\":{\"@id\":\"https:\\\/\\\/suresms.com\\\/dk\\\/branchelosninger\\\/sms-til-transport-og-logistikvirksomheder\\\/#primaryimage\"},\"image\":{\"@id\":\"https:\\\/\\\/suresms.com\\\/dk\\\/branchelosninger\\\/sms-til-transport-og-logistikvirksomheder\\\/#primaryimage\"},\"thumbnailUrl\":\"https:\\\/\\\/suresms.com\\\/wp-content\\\/uploads\\\/2016\\\/05\\\/Esbjerg-gods-200-x-99-px-daempet.jpg\",\"datePublished\":\"2016-05-23T13:27:47+00:00\",\"dateModified\":\"2025-01-03T14:17:14+00:00\",\"description\":\"SureSMS er en Dansk SMS Gateway med mange \u00e5rs erfaring indenfor SMS til transport og logistikbranchen. Stabile SMS'er til gode priser til Professionelle.\",\"breadcrumb\":{\"@id\":\"https:\\\/\\\/suresms.com\\\/dk\\\/branchelosninger\\\/sms-til-transport-og-logistikvirksomheder\\\/#breadcrumb\"},\"inLanguage\":\"de\",\"potentialAction\":[{\"@type\":\"ReadAction\",\"target\":[\"https:\\\/\\\/suresms.com\\\/dk\\\/branchelosninger\\\/sms-til-transport-og-logistikvirksomheder\\\/\"]}]},{\"@type\":\"ImageObject\",\"inLanguage\":\"de\",\"@id\":\"https:\\\/\\\/suresms.com\\\/dk\\\/branchelosninger\\\/sms-til-transport-og-logistikvirksomheder\\\/#primaryimage\",\"url\":\"https:\\\/\\\/suresms.com\\\/wp-content\\\/uploads\\\/2016\\\/05\\\/Esbjerg-gods-200-x-99-px-daempet.jpg\",\"contentUrl\":\"https:\\\/\\\/suresms.com\\\/wp-content\\\/uploads\\\/2016\\\/05\\\/Esbjerg-gods-200-x-99-px-daempet.jpg\"},{\"@type\":\"BreadcrumbList\",\"@id\":\"https:\\\/\\\/suresms.com\\\/dk\\\/branchelosninger\\\/sms-til-transport-og-logistikvirksomheder\\\/#breadcrumb\",\"itemListElement\":[{\"@type\":\"ListItem\",\"position\":1,\"name\":\"Home\",\"item\":\"https:\\\/\\\/suresms.com\\\/dk\\\/\"},{\"@type\":\"ListItem\",\"position\":2,\"name\":\"Branchel\u00f8sninger\",\"item\":\"https:\\\/\\\/suresms.com\\\/dk\\\/branchelosninger\\\/\"},{\"@type\":\"ListItem\",\"position\":3,\"name\":\"SMS til Transport og Logistikvirksomheder\"}]},{\"@type\":\"WebSite\",\"@id\":\"https:\\\/\\\/suresms.com\\\/en\\\/#website\",\"url\":\"https:\\\/\\\/suresms.com\\\/en\\\/\",\"name\":\"SureSMS\",\"description\":\"Professionel SMS Gateway\",\"publisher\":{\"@id\":\"https:\\\/\\\/suresms.com\\\/en\\\/#organization\"},\"potentialAction\":[{\"@type\":\"SearchAction\",\"target\":{\"@type\":\"EntryPoint\",\"urlTemplate\":\"https:\\\/\\\/suresms.com\\\/en\\\/?s={search_term_string}\"},\"query-input\":{\"@type\":\"PropertyValueSpecification\",\"valueRequired\":true,\"valueName\":\"search_term_string\"}}],\"inLanguage\":\"de\"},{\"@type\":\"Organization\",\"@id\":\"https:\\\/\\\/suresms.com\\\/en\\\/#organization\",\"name\":\"SureSMS\",\"url\":\"https:\\\/\\\/suresms.com\\\/en\\\/\",\"logo\":{\"@type\":\"ImageObject\",\"inLanguage\":\"de\",\"@id\":\"https:\\\/\\\/suresms.com\\\/en\\\/#\\\/schema\\\/logo\\\/image\\\/\",\"url\":\"https:\\\/\\\/suresms.com\\\/wp-content\\\/uploads\\\/2024\\\/11\\\/suresms-300x65-1.png\",\"contentUrl\":\"https:\\\/\\\/suresms.com\\\/wp-content\\\/uploads\\\/2024\\\/11\\\/suresms-300x65-1.png\",\"width\":300,\"height\":65,\"caption\":\"SureSMS\"},\"image\":{\"@id\":\"https:\\\/\\\/suresms.com\\\/en\\\/#\\\/schema\\\/logo\\\/image\\\/\"},\"sameAs\":[\"https:\\\/\\\/www.facebook.com\\\/p\\\/SureSMS-100044607956149\\\/\"]}]}<\/script>\r\n<!-- \/ Yoast SEO Premium plugin. -->","yoast_head_json":{"title":"Globales SMS-Gateway f\u00fcr Transport- und Logistikunternehmen. SureSMS","description":"SureSMS ist ein d\u00e4nisches SMS-Gateway mit langj\u00e4hriger Erfahrung im Bereich SMS f\u00fcr die Transport- und Logistikbranche. Stabile SMS-Nachrichten zu g\u00fcnstigen Preisen f\u00fcr Profis.","robots":{"index":"index","follow":"follow","max-snippet":"max-snippet:-1","max-image-preview":"max-image-preview:large","max-video-preview":"max-video-preview:-1"},"canonical":"https:\/\/suresms.com\/de\/filialentladungen\/sms-fur-transport-und-logistikunternehmen\/","og_locale":"de_DE","og_type":"article","og_title":"SMS til Transport og Logistikvirksomheder","og_description":"SureSMS er en Dansk SMS Gateway med mange \u00e5rs erfaring indenfor SMS til transport og logistikbranchen. Stabile SMS'er til gode priser til Professionelle.","og_url":"https:\/\/suresms.com\/de\/filialentladungen\/sms-fur-transport-und-logistikunternehmen\/","article_publisher":"https:\/\/www.facebook.com\/p\/SureSMS-100044607956149\/","article_modified_time":"2025-01-03T14:17:14+00:00","og_image":[{"width":400,"height":254,"url":"https:\/\/suresms.com\/wp-content\/uploads\/2015\/02\/SMS-til-Transport-snippet.jpg","type":"image\/jpeg"}],"twitter_card":"summary_large_image","twitter_misc":{"Gesch\u00e4tzte Lesezeit":"3\u00a0Minuten"},"schema":{"@context":"https:\/\/schema.org","@graph":[{"@type":"WebPage","@id":"https:\/\/suresms.com\/dk\/branchelosninger\/sms-til-transport-og-logistikvirksomheder\/","url":"https:\/\/suresms.com\/dk\/branchelosninger\/sms-til-transport-og-logistikvirksomheder\/","name":"Globales SMS-Gateway f\u00fcr Transport- und Logistikunternehmen. SureSMS","isPartOf":{"@id":"https:\/\/suresms.com\/en\/#website"},"primaryImageOfPage":{"@id":"https:\/\/suresms.com\/dk\/branchelosninger\/sms-til-transport-og-logistikvirksomheder\/#primaryimage"},"image":{"@id":"https:\/\/suresms.com\/dk\/branchelosninger\/sms-til-transport-og-logistikvirksomheder\/#primaryimage"},"thumbnailUrl":"https:\/\/suresms.com\/wp-content\/uploads\/2016\/05\/Esbjerg-gods-200-x-99-px-daempet.jpg","datePublished":"2016-05-23T13:27:47+00:00","dateModified":"2025-01-03T14:17:14+00:00","description":"SureSMS ist ein d\u00e4nisches SMS-Gateway mit langj\u00e4hriger Erfahrung im Bereich SMS f\u00fcr die Transport- und Logistikbranche. Stabile SMS-Nachrichten zu g\u00fcnstigen Preisen f\u00fcr Profis.","breadcrumb":{"@id":"https:\/\/suresms.com\/dk\/branchelosninger\/sms-til-transport-og-logistikvirksomheder\/#breadcrumb"},"inLanguage":"de","potentialAction":[{"@type":"ReadAction","target":["https:\/\/suresms.com\/dk\/branchelosninger\/sms-til-transport-og-logistikvirksomheder\/"]}]},{"@type":"ImageObject","inLanguage":"de","@id":"https:\/\/suresms.com\/dk\/branchelosninger\/sms-til-transport-og-logistikvirksomheder\/#primaryimage","url":"https:\/\/suresms.com\/wp-content\/uploads\/2016\/05\/Esbjerg-gods-200-x-99-px-daempet.jpg","contentUrl":"https:\/\/suresms.com\/wp-content\/uploads\/2016\/05\/Esbjerg-gods-200-x-99-px-daempet.jpg"},{"@type":"BreadcrumbList","@id":"https:\/\/suresms.com\/dk\/branchelosninger\/sms-til-transport-og-logistikvirksomheder\/#breadcrumb","itemListElement":[{"@type":"ListItem","position":1,"name":"Home","item":"https:\/\/suresms.com\/dk\/"},{"@type":"ListItem","position":2,"name":"Branchel\u00f8sninger","item":"https:\/\/suresms.com\/dk\/branchelosninger\/"},{"@type":"ListItem","position":3,"name":"SMS til Transport og Logistikvirksomheder"}]},{"@type":"WebSite","@id":"https:\/\/suresms.com\/en\/#website","url":"https:\/\/suresms.com\/en\/","name":"SureSMS","description":"Professioneller SMS-Gateway","publisher":{"@id":"https:\/\/suresms.com\/en\/#organization"},"potentialAction":[{"@type":"SearchAction","target":{"@type":"EntryPoint","urlTemplate":"https:\/\/suresms.com\/en\/?s={search_term_string}"},"query-input":{"@type":"PropertyValueSpecification","valueRequired":true,"valueName":"search_term_string"}}],"inLanguage":"de"},{"@type":"Organization","@id":"https:\/\/suresms.com\/en\/#organization","name":"SureSMS","url":"https:\/\/suresms.com\/en\/","logo":{"@type":"ImageObject","inLanguage":"de","@id":"https:\/\/suresms.com\/en\/#\/schema\/logo\/image\/","url":"https:\/\/suresms.com\/wp-content\/uploads\/2024\/11\/suresms-300x65-1.png","contentUrl":"https:\/\/suresms.com\/wp-content\/uploads\/2024\/11\/suresms-300x65-1.png","width":300,"height":65,"caption":"SureSMS"},"image":{"@id":"https:\/\/suresms.com\/en\/#\/schema\/logo\/image\/"},"sameAs":["https:\/\/www.facebook.com\/p\/SureSMS-100044607956149\/"]}]}},"_links":{"self":[{"href":"https:\/\/suresms.com\/de\/wp-json\/wp\/v2\/pages\/2632","targetHints":{"allow":["GET"]}}],"collection":[{"href":"https:\/\/suresms.com\/de\/wp-json\/wp\/v2\/pages"}],"about":[{"href":"https:\/\/suresms.com\/de\/wp-json\/wp\/v2\/types\/page"}],"author":[{"embeddable":true,"href":"https:\/\/suresms.com\/de\/wp-json\/wp\/v2\/users\/1"}],"replies":[{"embeddable":true,"href":"https:\/\/suresms.com\/de\/wp-json\/wp\/v2\/comments?post=2632"}],"version-history":[{"count":3,"href":"https:\/\/suresms.com\/de\/wp-json\/wp\/v2\/pages\/2632\/revisions"}],"predecessor-version":[{"id":19576,"href":"https:\/\/suresms.com\/de\/wp-json\/wp\/v2\/pages\/2632\/revisions\/19576"}],"up":[{"embeddable":true,"href":"https:\/\/suresms.com\/de\/wp-json\/wp\/v2\/pages\/1654"}],"wp:attachment":[{"href":"https:\/\/suresms.com\/de\/wp-json\/wp\/v2\/media?parent=2632"}],"wp:term":[{"taxonomy":"category","embeddable":true,"href":"https:\/\/suresms.com\/de\/wp-json\/wp\/v2\/categories?post=2632"},{"taxonomy":"post_tag","embeddable":true,"href":"https:\/\/suresms.com\/de\/wp-json\/wp\/v2\/tags?post=2632"}],"curies":[{"name":"wp","href":"https:\/\/api.w.org\/{rel}","templated":true}]}}