{"id":23804,"date":"2026-01-13T16:10:44","date_gmt":"2026-01-13T16:10:44","guid":{"rendered":"https:\/\/suresms.com\/?page_id=23804"},"modified":"2026-01-14T06:35:34","modified_gmt":"2026-01-14T06:35:34","slug":"integration-entra-id-uber-csv","status":"publish","type":"page","link":"https:\/\/suresms.com\/de\/integrationer\/booking-ldap-2fa\/integration-entra-id-via-csv\/","title":{"rendered":"SMS-Integration zu Entra ID (\u00fcber CSV-Datei)"},"content":{"rendered":"<!-- Flexy Breadcrumb -->\r\n\t\t\t<div class=\"fbc fbc-page\">\r\n\r\n\t\t\t\t<!-- Breadcrumb wrapper -->\r\n\t\t\t\t<div class=\"fbc-wrap\">\r\n\r\n\t\t\t\t\t<!-- Ordered list-->\r\n\t\t\t\t\t<ol class=\"fbc-items\" itemscope itemtype=\"https:\/\/schema.org\/BreadcrumbList\">\r\n\t\t\t\t\t\t            <li itemprop=\"itemListElement\" itemscope itemtype=\"https:\/\/schema.org\/ListItem\">\r\n                <span itemprop=\"name\">\r\n                    <!-- Home Link -->\r\n                    <a itemprop=\"item\" href=\"https:\/\/suresms.com\/de\/\">\r\n                    \r\n                                                    <i class=\"fa fa-home\" aria-hidden=\"true\"><\/i>Zuhause                    <\/a>\r\n                <\/span>\r\n                <meta itemprop=\"position\" content=\"1\" \/><!-- Meta Position-->\r\n             <\/li><li><span class=\"fbc-separator\">\/<\/span><\/li><li class=\"active\" itemprop=\"itemListElement\" itemscope itemtype=\"https:\/\/schema.org\/ListItem\"><span itemprop=\"name\" title=\"SMS-Integration zu Entra ID (\u00fcber CSV-Datei)\">SMS-Integration f\u00fcr Entra...<\/span><meta itemprop=\"position\" content=\"2\" \/><\/li>\t\t\t\t\t<\/ol>\r\n\t\t\t\t\t<div class=\"clearfix\"><\/div>\r\n\t\t\t\t<\/div>\r\n\t\t\t<\/div>\r\n\t\t\t\n\t\t<h1>SMS-Integration Entra ID \u00fcber CSV-Datei<\/h1>\t\n\t\t\t\t<img decoding=\"async\" src=\"https:\/\/suresms.com\/wp-content\/uploads\/2022\/08\/Azure-AD-2-1.png\" alt=\"Azure AD\" itemprop=\"image\" height=\"254\" width=\"700\" title=\"Azure AD\" onerror=\"this.style.display='none'\" loading=\"lazy\" \/>\n<h2>\n\t\t\tWas ist Entra ID, auch bekannt als Active Directory?\t<\/h2>\n\t<p>Microsoft Entra ID, fr\u00fcher bekannt als Azure Active Directory (Azure AD), ist ein Cloud-basierter Identit\u00e4ts- und Zugangsverwaltungsdienst von Microsoft. Dieser Dienst unterst\u00fctzt Unternehmen bei der Verwaltung und Sicherung des Nutzerzugangs zu Anwendungen und Daten in einer modernen hybriden IT-Infrastruktur. Durch die Nutzung von Microsoft Entra ID k\u00f6nnen Unternehmen Single Sign-On (SSO) und Multi-Faktor-Authentifizierung anbieten, um Nutzeridentit\u00e4ten zu sch\u00fctzen und die Sicherheit zu verbessern. Die Integration mit Microsoft Entra ID und deinem Active Directory (AD) erm\u00f6glicht es, Identit\u00e4ten zentral zu synchronisieren und zu verwalten, was die Benutzerverwaltung und Zugriffskontrolle vereinfacht. Dies ist wichtig f\u00fcr Organisationen, die eine effiziente und sichere Zugangsverwaltung w\u00fcnschen.<\/p>\n\t\t<h2>Achte auf ....<\/h2><p>Es gibt ein paar Dinge, die du wissen solltest, bevor du eine SMS AD-Integration mit SureSMS erstellst.<\/p>\n<h4>GDPR<\/h4>\n<p>Das erste, was Sie wissen m\u00fcssen, ist, dass SureSMS Zugang zu Ihren pers\u00f6nlichen Daten erh\u00e4lt. Das bedeutet, dass wir nun beginnen, Daten f\u00fcr Sie zu verarbeiten, und daher m\u00fcssen wir in<a href=\"https:\/\/www.datatilsynet.dk\/hvad-siger-reglerne\">die GDPR einhalten<\/a>eine Vereinbarung zur Datenverarbeitung haben.<\/p>\n<h4>Telefonnummern<\/h4>\n<p>Die Telefonnummern, an die wir senden m\u00fcssen, m\u00fcssen in deiner AD stehen. Damit wir SMS an eine Person senden k\u00f6nnen, m\u00fcssen wir ihre Telefonnummer kennen. Wenn du also keine Telefonnummern in deiner AD hast, solltest du sie entweder besorgen oder keine Integration vornehmen.<\/p>\n<h4>L\u00f6schen von Kontakten<\/h4>\n<p>Die Integration ist eine \u201ceinseitige\u201d Integration. Das bedeutet, dass wir nur Informationen aus dem AD lesen. Die Integration nimmt sozusagen alle Personen aus Ihrem AD. Wenn Sie also z. B. eine Person in SureSMS l\u00f6schen, kommt sie nur zur\u00fcck, wenn sie noch im AD vorhanden ist. Es ist immer das AD, das die richtigen Daten hat.<\/p>\n<h2>\n\t\t\tSo richten Sie Ihre Entra ID-Integration ein\t<\/h2>\n\t<p>F\u00fcr die Integration von EntraID haben wir mehrere M\u00f6glichkeiten. Dieser Artikel beschreibt, wie die Integration \u00fcber eine CSV-Datei erfolgt.<\/p>\n<p>Im Allgemeinen basiert die L\u00f6sung auf einem kleinen Skript, das in Ihren R\u00e4umlichkeiten ausgef\u00fchrt wird (d. h. innerhalb der Sicherheitsmechanismen, die Ihre Organisation eingerichtet hat). Das Skript erstellt eine kommagetrennte Datei mit Inhalten \u00fcber Personen, Telefonnummern und Gruppen, und diese Datei wird sicher \u00fcber sFTP an SureSMS gesendet. SureSMS l\u00e4dt die Datei dann automatisch in das mit den Integrationen verbundene Konto.<\/p>\n<p>Also, fangen wir an.<\/p>\n<h2>\n\t\t\tWie es funktioniert\t<\/h2>\nDer Prozess basiert auf einem PowerShell-Skript, das die folgenden Aufgaben ausf\u00fchrt:\n\n1. stellt eine sichere Verbindung zu Microsoft Entra ID \u00fcber die Microsoft Graph API her.\n2. ruft Mitglieder aus einer oder mehreren angegebenen Benutzergruppen ab.\n3. extrahiert relevante Daten (Name, L\u00e4ndercode, Telefonnummer) und den Namen der Gruppe, zu der sie geh\u00f6ren.\n4. formatiert die Daten in einer CSV-Datei, die mit der SureSMS-Plattform kompatibel ist.\n5. l\u00e4dt die CSV-Datei automatisch auf den SureSMS sFTP-Server (sftp.suresms.com) hoch.\n<br \/>\nSobald die Datei hochgeladen ist, wird sie automatisch in die Kontakte Ihres Adressbuchs in SureSMS importiert.\n<h2>\n\t\t\tFormat der CSV-Datei\t<\/h2>\nDas Skript erzeugt eine CSV-Datei mit einem Semikolon als Trennzeichen, wie es in D\u00e4nemark \u00fcblich ist. Die Datei enth\u00e4lt die folgenden Spalten:\n<table>\n<tbody data-slate-node=\"element\">\n<tr data-slate-node=\"element\">\n<td data-slate-node=\"element\">\nS\u00e4ule\n<\/td>\n<td data-slate-node=\"element\">\nBeschreibung\n<\/td>\n<td data-slate-node=\"element\">\nBeispiel f\u00fcr ein Beispiel\n<\/td>\n<\/tr>\n<tr data-slate-node=\"element\">\n<td data-slate-node=\"element\">\nName\n<\/td>\n<td data-slate-node=\"element\">\nVollst\u00e4ndiger Name des Benutzers aus Entra ID\n<\/td>\n<td data-slate-node=\"element\">\nAnders Jensen\n<\/td>\n<\/tr>\n<tr data-slate-node=\"element\">\n<td data-slate-node=\"element\">\nL\u00e4ndercode\n<\/td>\n<td data-slate-node=\"element\">Vorwahl mit + Vorwahl<\/td>\n<td data-slate-node=\"element\">\n+45\n<\/td>\n<\/tr>\n<tr data-slate-node=\"element\">\n<td data-slate-node=\"element\">\nRufnummer\n<\/td>\n<td data-slate-node=\"element\">\nHandynummer oder Arbeitstelefon\n<\/td>\n<td data-slate-node=\"element\">\n12345678\n<\/td>\n<\/tr>\n<tr data-slate-node=\"element\">\n<td data-slate-node=\"element\">\nGruppe\n<\/td>\n<td data-slate-node=\"element\">\nDer Name der Entra ID Gruppe, zu der der Benutzer geh\u00f6rt\n<\/td>\n<td data-slate-node=\"element\">\nIT-Abteilung\n<\/td>\n<\/tr>\n<\/tbody>\n<\/table>\nEin Beispiel f\u00fcr den Inhalt der Datei k\u00f6nnte wie folgt aussehen:\nKlartext\n\u201cAnders Jensen\u201d; \u201d+45\u2033; \u201d12345678\u2033; \u201dIT-Abteilung\u201d\n\u201cMaria Nielsen\u201d; \u201d+45\u2033; \u201d87654321\u2033; \u201dIT-Abteilung\u201d\n\u201cPeter Hansen\u201d;\u201d+45\u2033;\u201d11223344\u2033;\u201dSalg\u201d\n\u201cJohan Svensson\u201d;\u201d+46\u2033;\u201d701234567\u2033;\u201dSalg\u201d\n\nBeachten Sie, dass das Skript die ISO-L\u00e4ndercodes (z. B. DK, SE, NO) automatisch in das richtige Vorwahlformat (+45, +46, +47) umwandelt und alle L\u00e4ndervorwahlen aus den Telefonnummern entfernt.\n<h2>\n\t\t\tVoraussetzungen\t<\/h2>\n<p>Bevor Sie das Skript verwenden k\u00f6nnen, m\u00fcssen Sie sicherstellen, dass Ihr System die folgenden Anforderungen erf\u00fcllt:<\/p>\n<ul>\n<li>Windows PowerShell 5.1 oder h\u00f6her (in Windows 10 und 11 enthalten).<\/li>\n<li>Erforderliche PowerShell-Module: Das Skript wird automatisch versuchen, folgende Module zu installieren <u>Grafik<\/u> und <u>Posh-SSH<\/u>, wenn sie nicht bereits installiert sind. Dies erfordert beim ersten Mal Administratorrechte.<\/li>\n<li>Berechtigungen in Entra ID: Der Benutzer, der das Skript ausf\u00fchrt, muss die Berechtigung haben, Benutzer- und Gruppeninformationen \u00fcber Microsoft Graph zu lesen. Wenn das Skript zum ersten Mal ausgef\u00fchrt wird, werden Sie aufgefordert, diesen Berechtigungen zuzustimmen.<\/li>\n<li>sFTP-Zugang zu SureSMS: Sie ben\u00f6tigen einen Benutzernamen und ein Passwort f\u00fcr den SureSMS sFTP-Server.<\/li>\n<\/ul>\n<h2>\n\t\t\tSchritt-f\u00fcr-Schritt-Anleitung\t<\/h2>\n<p>Folgen Sie diesen Schritten, um das Skript zu konfigurieren und auszuf\u00fchren.<\/p>\n<h3>\n\t\t\tSchritt 1: Laden Sie das Skript herunter\t<\/h3>\n<p>Zun\u00e4chst m\u00fcssen Sie Folgendes herunterladen <a href=\"https:\/\/suresms.com\/wp-content\/uploads\/2026\/01\/Export-EntraIDUsersToSFTP.zip\">Das PowerShell-Skript<\/a>. Speichern Sie die Datei \"Export-EntraIDUsersToSFTP.ps1\" an einem geeigneten Ort auf Ihrem Computer, z. B. unter C:Scripts<\/p>\n<h3>\n\t\t\tSchritt 2: Finden Sie Ihre sFTP-Details in SureSMS\t<\/h3>\n<p>Damit das Skript die Datei hochladen kann, ben\u00f6tigt es Ihre pers\u00f6nlichen sFTP-Anmeldedaten von SureSMS. Das Skript ist bereits so konfiguriert, dass es sich mit sftp.suresms.com verbindet, so dass Sie nur Ihren Benutzernamen und Ihr Passwort ben\u00f6tigen.<\/p>\n<p>Sie k\u00f6nnen Ihre sFTP-Informationen erhalten, indem Sie eine E-Mail an support@suresms.com mit Ihrer Benutzernummer und der registrierten E-Mail-Adresse senden (siehe unten links, wenn Sie auf app.suresms.com eingeloggt sind)<\/p>\n<h3>\n\t\t\tSchritt 3: F\u00fchren Sie das Skript aus\t<\/h3>\n<p>\u00d6ffnen Sie ein PowerShell-Fenster und navigieren Sie zu dem Ordner, in dem Sie das Skript gespeichert haben. Sie k\u00f6nnen das Skript nun mit den erforderlichen Parametern ausf\u00fchren.<\/p>\n<p>Im Folgenden finden Sie ein Beispiel f\u00fcr die Ausf\u00fchrung des Skripts. Ersetzen Sie die Werte durch Ihre eigenen Informationen.<\/p>\n<p>.Export-EntraIDUsersToSFTP.ps1 -Groups \u201cAlle Mitarbeiter\u201d, \u201cIT-Support\u201d ` -SFTPUsername \u201cditsftp-username\u201d<\/p>\n<p>Wenn Sie den Befehl ausf\u00fchren:<\/p>\n<ul>\n<li>Sie werden zun\u00e4chst aufgefordert, sich bei Ihrem Microsoft-Konto anzumelden, um dem Skript Zugriff auf Entra ID zu geben.<\/li>\n<li>Sie werden dann aufgefordert, Ihr sFTP-Passwort einzugeben.<\/li>\n<\/ul>\n<p>Das Skript ruft nun die Daten ab und erstellt eine CSV-Datei mit dem Namen <u>EntraID_Export.csv<\/u> und laden Sie sie auf den SureSMS sFTP-Server hoch.<\/p>\n<p>&nbsp;<\/p>\n<p><em>Parameter des Skripts<\/em><\/p>\n<p>Hier finden Sie eine \u00dcbersicht \u00fcber die Parameter, mit denen Sie die Funktion des Skripts anpassen k\u00f6nnen:<\/p>\n<p>&nbsp;<\/p>\n<table width=\"100%\">\n<thead>\n<tr>\n<td>Parameter<\/td>\n<td>Beschreibung<\/td>\n<\/tr>\n<\/thead>\n<tbody>\n<tr>\n<td><u>-Gruppen<\/u><\/td>\n<td>(Erforderlich) Eine Liste der Gruppennamen aus Entra ID, die Sie exportieren m\u00f6chten. Trennen Sie diese mit Kommas, z.B. <u>\u201cGruppe1\u201d, \u201cGruppe2\u201d<\/u>.<\/td>\n<\/tr>\n<tr>\n<td><u>-SFTPUsername<\/u><\/td>\n<td>(Erforderlich) Ihr sFTP-Benutzername von SureSMS.<\/td>\n<\/tr>\n<tr>\n<td><u>-SFTPPasswort<\/u><\/td>\n<td>(Optional) Passwort als SecureString. Wird es nicht angegeben, werden Sie aufgefordert, es einzugeben.<\/td>\n<\/tr>\n<tr>\n<td><u>-SFTPPort<\/u><\/td>\n<td>(Optional) sFTP-Port. Standard ist 22.<\/td>\n<\/tr>\n<tr>\n<td><u>-SFTPRemotePath<\/u><\/td>\n<td>Der Ordner auf dem sFTP-Server, in den die Datei hochgeladen werden soll. Der Standard ist <u>\/<\/u>.<\/td>\n<\/tr>\n<tr>\n<td><u>-OutputPath<\/u><\/td>\n<td>(Optional) \u00c4ndert den Namen oder den Speicherort der lokalen CSV-Datei. Standard ist <u>.EntraID_Export.csv<\/u>.<\/td>\n<\/tr>\n<tr>\n<td><u>-SkipSFTPUpload<\/u><\/td>\n<td>(Optional) Wenn diese Option angegeben wird, wird nur die CSV-Datei lokal erzeugt und nicht auf sFTP hochgeladen.<\/td>\n<\/tr>\n<\/tbody>\n<\/table>\n<h2>\n\t\t\tBeispiele f\u00fcr die Verwendung\t<\/h2>\n<h4>Beispiel 1: Eine Gruppe exportieren und zu SureSMS hochladen<\/h4>\n<p>.export-EntraIDUsersToSFTP.ps1 -Groups \u201cVerkaufsabteilung\u201d -SFTPUsername \u201cmyuser\u201d<\/p>\n<h4>Beispiel 2: Mehrere Gruppen in einen bestimmten Ordner exportieren<\/h4>\n<p>.Export-EntraIDUsersToSFTP.ps1 -Groups \u201cIT\u201d, \u201cHR\u201d, \u201cManagement\u201d ` -SFTPUsername \u201cmyuser\u201d ` -SFTPRemotePath \u201c\/contacts\u201d<\/p>\n<h4>Beispiel 3: Nur lokaler Export ohne sFTP-Upload<\/h4>\n<p>.Export-EntraIDUsersToSFTP.ps1 -Groups \u201cAlle Mitarbeiter\u201d ` -OutputPath \u201cC:Export Employees.csv\u201d ` -SkipSFTPUpload<\/p>\n<h2>\n\t\t\tAutomatisierung mit dem Windows Taskplaner\t<\/h2>\n<p>Um Ihre Kontaktlisten zu synchronisieren, k\u00f6nnen Sie einen geplanten Task in Windows einrichten, der das Skript automatisch in regelm\u00e4\u00dfigen Abst\u00e4nden ausf\u00fchrt. Auf diese Weise wird sichergestellt, dass neue Mitarbeiter oder ge\u00e4nderte Telefonnummern automatisch in Ihre SureSMS-Empf\u00e4ngerlisten \u00fcbernommen werden, ohne dass manuelle Arbeiten erforderlich sind.<\/p>\n<p>So erstellen Sie eine geplante Aufgabe:<\/p>\n<ul>\n<li>\u00d6ffnen Sie den Taskplaner in Windows.<\/li>\n<li>Klicken Sie auf Grundaufgabe erstellen.<\/li>\n<li>Geben Sie der Aufgabe einen Namen, z. B. \u201cSureSMS Contact Sync\u201d.<\/li>\n<li>W\u00e4hlen Sie aus, wie oft die Aufgabe ausgef\u00fchrt werden soll (z. B. t\u00e4glich).<\/li>\n<li>W\u00e4hlen Sie als Aktion ein Programm starten.<\/li>\n<li>Geben Sie  an. <u>exe<\/u> als Anwendung und f\u00fcgen Sie den vollst\u00e4ndigen Pfad des Skripts mit Parametern als Argumente hinzu.<\/li>\n<\/ul>\n<p>Beispiel f\u00fcr ein Argument:<\/p>\n<p>-ExecutionPolicy Bypass -File \u201cC:ScriptsExport-EntraIDUsersToSFTP.ps1\u201d -Groups \u201cAll Employees\u201d -SFTPUsername \u201cmyuser\u201d<\/p>\n<p>Hinweis: F\u00fcr das automatisierte Fahren m\u00fcssen Sie das Passwort sicher speichern. Sie k\u00f6nnen verwenden <u>-SFTPPasswort<\/u> mit einer in einer verschl\u00fcsselten Datei gespeicherten SecureString oder f\u00fchren Sie das Skript unter einem Dienstkonto mit gespeicherten Anmeldeinformationen aus.<\/p>\n<p>&nbsp;<\/p>","protected":false},"excerpt":{"rendered":"<p>SMS-Integration Entra ID \u00fcber CSV-Datei Was ist Entra ID, auch bekannt als Active Directory? Microsoft Entra ID, fr\u00fcher bekannt als Azure Active Directory (Azure AD), ist ein Cloud-basierter Identit\u00e4ts- und Zugangsverwaltungsdienst von Microsoft. Dieser Dienst unterst\u00fctzt Unternehmen bei der Verwaltung und Sicherung des Benutzerzugriffs auf Anwendungen und Daten in einem modernen hybriden ... <a title=\"SMS-Integration zu Entra ID (\u00fcber CSV-Datei)\" class=\"read-more\" href=\"https:\/\/suresms.com\/de\/integrationer\/booking-ldap-2fa\/integration-entra-id-via-csv\/\" aria-label=\"Weitere Informationen zur SMS-Integration in Entra ID (\u00fcber CSV-Datei)\">Mehr lesen<\/a><\/p>","protected":false},"author":1,"featured_media":0,"parent":19541,"menu_order":1,"comment_status":"closed","ping_status":"closed","template":"","meta":{"_fl_builder_enabled":"1","_fl_builder_data":null,"_fl_builder_draft":null,"_fl_builder_data_settings":null,"_fl_builder_css":"","_fl_builder_css_version":"","_fl_builder_js":"","footnotes":""},"categories":[],"tags":[],"class_list":["post-23804","page","type-page","status-publish"],"yoast_head":"<!-- This site is optimized with the Yoast SEO Premium plugin v27.3 (Yoast SEO v27.3) - https:\/\/yoast.com\/product\/yoast-seo-premium-wordpress\/ -->\r\n<title>SMS integration til Entra ID (via CSV fil) - dyb integration<\/title>\r\n<meta name=\"description\" content=\"SMS AD Integration til Azure Active Directory. Fuldt integreret SMS l\u00f8sning i AD til beredskabs, alarmering, medarbejdere og mere\" \/>\r\n<meta name=\"robots\" content=\"index, follow, max-snippet:-1, max-image-preview:large, max-video-preview:-1\" \/>\r\n<link rel=\"canonical\" href=\"https:\/\/suresms.com\/de\/integrationen\/zeitarbeitssysteme-buchen\/integration-entra-id-uber-csv\/\" \/>\r\n<meta property=\"og:locale\" content=\"de_DE\" \/>\r\n<meta property=\"og:type\" content=\"article\" \/>\r\n<meta property=\"og:title\" content=\"SMS integration til Entra ID (via CSV fil)\" \/>\r\n<meta property=\"og:description\" content=\"SMS AD Integration til Azure Active Directory. Fuldt integreret SMS l\u00f8sning i AD til beredskabs, alarmering, medarbejdere og mere\" \/>\r\n<meta property=\"og:url\" content=\"https:\/\/suresms.com\/de\/integrationen\/zeitarbeitssysteme-buchen\/integration-entra-id-uber-csv\/\" \/>\r\n<meta property=\"article:publisher\" content=\"https:\/\/www.facebook.com\/p\/SureSMS-100044607956149\/\" \/>\r\n<meta property=\"article:modified_time\" content=\"2026-01-14T06:35:34+00:00\" \/>\r\n<meta property=\"og:image\" content=\"https:\/\/suresms.com\/wp-content\/uploads\/2022\/08\/Azure-AD-2-1.png\" \/>\r\n<meta name=\"twitter:card\" content=\"summary_large_image\" \/>\r\n<meta name=\"twitter:label1\" content=\"Gesch\u00e4tzte Lesezeit\" \/>\n\t<meta name=\"twitter:data1\" content=\"7\u00a0Minuten\" \/>\r\n<script type=\"application\/ld+json\" class=\"yoast-schema-graph\">{\"@context\":\"https:\\\/\\\/schema.org\",\"@graph\":[{\"@type\":\"WebPage\",\"@id\":\"https:\\\/\\\/suresms.com\\\/dk\\\/integrationer\\\/booking-ldap-2fa\\\/integration-entra-id-via-csv\\\/\",\"url\":\"https:\\\/\\\/suresms.com\\\/dk\\\/integrationer\\\/booking-ldap-2fa\\\/integration-entra-id-via-csv\\\/\",\"name\":\"SMS integration til Entra ID (via CSV fil) - dyb integration\",\"isPartOf\":{\"@id\":\"https:\\\/\\\/suresms.com\\\/en\\\/#website\"},\"primaryImageOfPage\":{\"@id\":\"https:\\\/\\\/suresms.com\\\/dk\\\/integrationer\\\/booking-ldap-2fa\\\/integration-entra-id-via-csv\\\/#primaryimage\"},\"image\":{\"@id\":\"https:\\\/\\\/suresms.com\\\/dk\\\/integrationer\\\/booking-ldap-2fa\\\/integration-entra-id-via-csv\\\/#primaryimage\"},\"thumbnailUrl\":\"https:\\\/\\\/suresms.com\\\/wp-content\\\/uploads\\\/2022\\\/08\\\/Azure-AD-2-1.png\",\"datePublished\":\"2026-01-13T16:10:44+00:00\",\"dateModified\":\"2026-01-14T06:35:34+00:00\",\"description\":\"SMS AD Integration til Azure Active Directory. Fuldt integreret SMS l\u00f8sning i AD til beredskabs, alarmering, medarbejdere og mere\",\"breadcrumb\":{\"@id\":\"https:\\\/\\\/suresms.com\\\/dk\\\/integrationer\\\/booking-ldap-2fa\\\/integration-entra-id-via-csv\\\/#breadcrumb\"},\"inLanguage\":\"de\",\"potentialAction\":[{\"@type\":\"ReadAction\",\"target\":[\"https:\\\/\\\/suresms.com\\\/dk\\\/integrationer\\\/booking-ldap-2fa\\\/integration-entra-id-via-csv\\\/\"]}]},{\"@type\":\"ImageObject\",\"inLanguage\":\"de\",\"@id\":\"https:\\\/\\\/suresms.com\\\/dk\\\/integrationer\\\/booking-ldap-2fa\\\/integration-entra-id-via-csv\\\/#primaryimage\",\"url\":\"https:\\\/\\\/suresms.com\\\/wp-content\\\/uploads\\\/2022\\\/08\\\/Azure-AD-2-1.png\",\"contentUrl\":\"https:\\\/\\\/suresms.com\\\/wp-content\\\/uploads\\\/2022\\\/08\\\/Azure-AD-2-1.png\"},{\"@type\":\"BreadcrumbList\",\"@id\":\"https:\\\/\\\/suresms.com\\\/dk\\\/integrationer\\\/booking-ldap-2fa\\\/integration-entra-id-via-csv\\\/#breadcrumb\",\"itemListElement\":[{\"@type\":\"ListItem\",\"position\":1,\"name\":\"Home\",\"item\":\"https:\\\/\\\/suresms.com\\\/dk\\\/\"},{\"@type\":\"ListItem\",\"position\":2,\"name\":\"Integrationer\",\"item\":\"https:\\\/\\\/suresms.com\\\/dk\\\/integrationer\\\/\"},{\"@type\":\"ListItem\",\"position\":3,\"name\":\"SMS integration til LDAP og brugerdatabaser\",\"item\":\"https:\\\/\\\/suresms.com\\\/dk\\\/integrationer\\\/booking-ldap-2fa\\\/\"},{\"@type\":\"ListItem\",\"position\":4,\"name\":\"SMS integration til Entra ID (via CSV fil)\"}]},{\"@type\":\"WebSite\",\"@id\":\"https:\\\/\\\/suresms.com\\\/en\\\/#website\",\"url\":\"https:\\\/\\\/suresms.com\\\/en\\\/\",\"name\":\"SureSMS\",\"description\":\"Professionel SMS Gateway\",\"publisher\":{\"@id\":\"https:\\\/\\\/suresms.com\\\/en\\\/#organization\"},\"potentialAction\":[{\"@type\":\"SearchAction\",\"target\":{\"@type\":\"EntryPoint\",\"urlTemplate\":\"https:\\\/\\\/suresms.com\\\/en\\\/?s={search_term_string}\"},\"query-input\":{\"@type\":\"PropertyValueSpecification\",\"valueRequired\":true,\"valueName\":\"search_term_string\"}}],\"inLanguage\":\"de\"},{\"@type\":\"Organization\",\"@id\":\"https:\\\/\\\/suresms.com\\\/en\\\/#organization\",\"name\":\"SureSMS\",\"url\":\"https:\\\/\\\/suresms.com\\\/en\\\/\",\"logo\":{\"@type\":\"ImageObject\",\"inLanguage\":\"de\",\"@id\":\"https:\\\/\\\/suresms.com\\\/en\\\/#\\\/schema\\\/logo\\\/image\\\/\",\"url\":\"https:\\\/\\\/suresms.com\\\/wp-content\\\/uploads\\\/2024\\\/11\\\/suresms-300x65-1.png\",\"contentUrl\":\"https:\\\/\\\/suresms.com\\\/wp-content\\\/uploads\\\/2024\\\/11\\\/suresms-300x65-1.png\",\"width\":300,\"height\":65,\"caption\":\"SureSMS\"},\"image\":{\"@id\":\"https:\\\/\\\/suresms.com\\\/en\\\/#\\\/schema\\\/logo\\\/image\\\/\"},\"sameAs\":[\"https:\\\/\\\/www.facebook.com\\\/p\\\/SureSMS-100044607956149\\\/\"]}]}<\/script>\r\n<!-- \/ Yoast SEO Premium plugin. -->","yoast_head_json":{"title":"SMS-Integration zu Entra ID (\u00fcber CSV-Datei) - tiefe Integration","description":"SMS AD Integration f\u00fcr Azure Active Directory. Vollst\u00e4ndig integrierte SMS-L\u00f6sung in AD f\u00fcr Notf\u00e4lle, Alarmierung, Mitarbeiter und mehr","robots":{"index":"index","follow":"follow","max-snippet":"max-snippet:-1","max-image-preview":"max-image-preview:large","max-video-preview":"max-video-preview:-1"},"canonical":"https:\/\/suresms.com\/de\/integrationen\/zeitarbeitssysteme-buchen\/integration-entra-id-uber-csv\/","og_locale":"de_DE","og_type":"article","og_title":"SMS integration til Entra ID (via CSV fil)","og_description":"SMS AD Integration til Azure Active Directory. Fuldt integreret SMS l\u00f8sning i AD til beredskabs, alarmering, medarbejdere og mere","og_url":"https:\/\/suresms.com\/de\/integrationen\/zeitarbeitssysteme-buchen\/integration-entra-id-uber-csv\/","article_publisher":"https:\/\/www.facebook.com\/p\/SureSMS-100044607956149\/","article_modified_time":"2026-01-14T06:35:34+00:00","og_image":[{"url":"https:\/\/suresms.com\/wp-content\/uploads\/2022\/08\/Azure-AD-2-1.png","type":"","width":"","height":""}],"twitter_card":"summary_large_image","twitter_misc":{"Gesch\u00e4tzte Lesezeit":"7\u00a0Minuten"},"schema":{"@context":"https:\/\/schema.org","@graph":[{"@type":"WebPage","@id":"https:\/\/suresms.com\/dk\/integrationer\/booking-ldap-2fa\/integration-entra-id-via-csv\/","url":"https:\/\/suresms.com\/dk\/integrationer\/booking-ldap-2fa\/integration-entra-id-via-csv\/","name":"SMS-Integration zu Entra ID (\u00fcber CSV-Datei) - tiefe Integration","isPartOf":{"@id":"https:\/\/suresms.com\/en\/#website"},"primaryImageOfPage":{"@id":"https:\/\/suresms.com\/dk\/integrationer\/booking-ldap-2fa\/integration-entra-id-via-csv\/#primaryimage"},"image":{"@id":"https:\/\/suresms.com\/dk\/integrationer\/booking-ldap-2fa\/integration-entra-id-via-csv\/#primaryimage"},"thumbnailUrl":"https:\/\/suresms.com\/wp-content\/uploads\/2022\/08\/Azure-AD-2-1.png","datePublished":"2026-01-13T16:10:44+00:00","dateModified":"2026-01-14T06:35:34+00:00","description":"SMS AD Integration f\u00fcr Azure Active Directory. Vollst\u00e4ndig integrierte SMS-L\u00f6sung in AD f\u00fcr Notf\u00e4lle, Alarmierung, Mitarbeiter und mehr","breadcrumb":{"@id":"https:\/\/suresms.com\/dk\/integrationer\/booking-ldap-2fa\/integration-entra-id-via-csv\/#breadcrumb"},"inLanguage":"de","potentialAction":[{"@type":"ReadAction","target":["https:\/\/suresms.com\/dk\/integrationer\/booking-ldap-2fa\/integration-entra-id-via-csv\/"]}]},{"@type":"ImageObject","inLanguage":"de","@id":"https:\/\/suresms.com\/dk\/integrationer\/booking-ldap-2fa\/integration-entra-id-via-csv\/#primaryimage","url":"https:\/\/suresms.com\/wp-content\/uploads\/2022\/08\/Azure-AD-2-1.png","contentUrl":"https:\/\/suresms.com\/wp-content\/uploads\/2022\/08\/Azure-AD-2-1.png"},{"@type":"BreadcrumbList","@id":"https:\/\/suresms.com\/dk\/integrationer\/booking-ldap-2fa\/integration-entra-id-via-csv\/#breadcrumb","itemListElement":[{"@type":"ListItem","position":1,"name":"Home","item":"https:\/\/suresms.com\/dk\/"},{"@type":"ListItem","position":2,"name":"Integrationer","item":"https:\/\/suresms.com\/dk\/integrationer\/"},{"@type":"ListItem","position":3,"name":"SMS integration til LDAP og brugerdatabaser","item":"https:\/\/suresms.com\/dk\/integrationer\/booking-ldap-2fa\/"},{"@type":"ListItem","position":4,"name":"SMS integration til Entra ID (via CSV fil)"}]},{"@type":"WebSite","@id":"https:\/\/suresms.com\/en\/#website","url":"https:\/\/suresms.com\/en\/","name":"SureSMS","description":"Professioneller SMS-Gateway","publisher":{"@id":"https:\/\/suresms.com\/en\/#organization"},"potentialAction":[{"@type":"SearchAction","target":{"@type":"EntryPoint","urlTemplate":"https:\/\/suresms.com\/en\/?s={search_term_string}"},"query-input":{"@type":"PropertyValueSpecification","valueRequired":true,"valueName":"search_term_string"}}],"inLanguage":"de"},{"@type":"Organization","@id":"https:\/\/suresms.com\/en\/#organization","name":"SureSMS","url":"https:\/\/suresms.com\/en\/","logo":{"@type":"ImageObject","inLanguage":"de","@id":"https:\/\/suresms.com\/en\/#\/schema\/logo\/image\/","url":"https:\/\/suresms.com\/wp-content\/uploads\/2024\/11\/suresms-300x65-1.png","contentUrl":"https:\/\/suresms.com\/wp-content\/uploads\/2024\/11\/suresms-300x65-1.png","width":300,"height":65,"caption":"SureSMS"},"image":{"@id":"https:\/\/suresms.com\/en\/#\/schema\/logo\/image\/"},"sameAs":["https:\/\/www.facebook.com\/p\/SureSMS-100044607956149\/"]}]}},"_links":{"self":[{"href":"https:\/\/suresms.com\/de\/wp-json\/wp\/v2\/pages\/23804","targetHints":{"allow":["GET"]}}],"collection":[{"href":"https:\/\/suresms.com\/de\/wp-json\/wp\/v2\/pages"}],"about":[{"href":"https:\/\/suresms.com\/de\/wp-json\/wp\/v2\/types\/page"}],"author":[{"embeddable":true,"href":"https:\/\/suresms.com\/de\/wp-json\/wp\/v2\/users\/1"}],"replies":[{"embeddable":true,"href":"https:\/\/suresms.com\/de\/wp-json\/wp\/v2\/comments?post=23804"}],"version-history":[{"count":7,"href":"https:\/\/suresms.com\/de\/wp-json\/wp\/v2\/pages\/23804\/revisions"}],"predecessor-version":[{"id":23815,"href":"https:\/\/suresms.com\/de\/wp-json\/wp\/v2\/pages\/23804\/revisions\/23815"}],"up":[{"embeddable":true,"href":"https:\/\/suresms.com\/de\/wp-json\/wp\/v2\/pages\/19541"}],"wp:attachment":[{"href":"https:\/\/suresms.com\/de\/wp-json\/wp\/v2\/media?parent=23804"}],"wp:term":[{"taxonomy":"category","embeddable":true,"href":"https:\/\/suresms.com\/de\/wp-json\/wp\/v2\/categories?post=23804"},{"taxonomy":"post_tag","embeddable":true,"href":"https:\/\/suresms.com\/de\/wp-json\/wp\/v2\/tags?post=23804"}],"curies":[{"name":"wp","href":"https:\/\/api.w.org\/{rel}","templated":true}]}}