{"id":23794,"date":"2026-01-08T18:05:23","date_gmt":"2026-01-08T17:05:23","guid":{"rendered":"https:\/\/suresms.com\/?page_id=23651"},"modified":"2026-01-09T05:52:22","modified_gmt":"2026-01-09T05:52:22","slug":"sms-marketing-fur-weinhandler08-01-2026-180523","status":"publish","type":"page","link":"https:\/\/suresms.com\/de\/lp\/branche\/sms-marketing-for-vinhandlere08-01-2026-180523\/","title":{"rendered":"SMS-Marketing f\u00fcr Weinh\u00e4ndler | Schaffen Sie Kundenbindung und steigern Sie Ihren Umsatz"},"content":{"rendered":"<!-- Flexy Breadcrumb -->\r\n\t\t\t<div class=\"fbc fbc-page\">\r\n\r\n\t\t\t\t<!-- Breadcrumb wrapper -->\r\n\t\t\t\t<div class=\"fbc-wrap\">\r\n\r\n\t\t\t\t\t<!-- Ordered list-->\r\n\t\t\t\t\t<ol class=\"fbc-items\" itemscope itemtype=\"https:\/\/schema.org\/BreadcrumbList\">\r\n\t\t\t\t\t\t            <li itemprop=\"itemListElement\" itemscope itemtype=\"https:\/\/schema.org\/ListItem\">\r\n                <span itemprop=\"name\">\r\n                    <!-- Home Link -->\r\n                    <a itemprop=\"item\" href=\"https:\/\/suresms.com\/de\/\">\r\n                    \r\n                                                    <i class=\"fa fa-home\" aria-hidden=\"true\"><\/i>Zuhause                    <\/a>\r\n                <\/span>\r\n                <meta itemprop=\"position\" content=\"1\" \/><!-- Meta Position-->\r\n             <\/li><li><span class=\"fbc-separator\">\/<\/span><\/li><li class=\"active\" itemprop=\"itemListElement\" itemscope itemtype=\"https:\/\/schema.org\/ListItem\"><span itemprop=\"name\" title=\"SMS-Marketing f\u00fcr Weinh\u00e4ndler | Schaffen Sie Kundenbindung und steigern Sie Ihren Umsatz\">SMS-Marketing f\u00fcr Weinh\u00e4ndler...<\/span><meta itemprop=\"position\" content=\"2\" \/><\/li>\t\t\t\t\t<\/ol>\r\n\t\t\t\t\t<div class=\"clearfix\"><\/div>\r\n\t\t\t\t<\/div>\r\n\t\t\t<\/div>\r\n\t\t\t\n<h1>\n\t\t\tEffektives SMS-Marketing f\u00fcr Weinh\u00e4ndler: St\u00e4rken Sie Ihren Kundenclub\t<\/h1>\n\t<p>St\u00e4rken Sie Ihr Weingesch\u00e4ft mit einem effektiven SMS-Kundenclub. Geben Sie Ihren Kunden exklusive Angebote und Updates direkt auf ihr Handy und steigern Sie den Umsatz durch gezieltes SMS-Marketing.<\/p>\n\t\t<h2>Optimieren Sie Ihr Weingesch\u00e4ft mit SMS-Treueclubs<\/h2><p>SMS-Marketing bietet Weinh\u00e4ndlern eine effektive M\u00f6glichkeit, Kunden zu binden. Hier sind einige der Vorteile der Einf\u00fchrung eines SMS-Kundenclubs:<\/p>\n<p><b>Schnelle Kommunikation:<\/b> SMS-Nachrichten erreichen die Kunden sofort, so dass wichtige Aktualisierungen und Angebote nicht verloren gehen.<\/p>\n<p><b>Hohe \u00d6ffnungsrate:<\/b> SMS haben im Vergleich zu E-Mails eine deutlich h\u00f6here \u00d6ffnungsrate, was die Wahrscheinlichkeit erh\u00f6ht, dass Kunden auf Ihre Nachrichten reagieren.<\/p>\n<p><b>Pers\u00f6nlicher Kontakt:<\/b> Mit SMS k\u00f6nnen Sie ma\u00dfgeschneiderte Nachrichten versenden, die eine pers\u00f6nlichere Verbindung zu Ihren Kunden herstellen, was die Loyalit\u00e4t erh\u00f6hen kann.<\/p>\n<p><b>Gesteigerter Umsatz:<\/b> SMS k\u00f6nnen verwendet werden, um \u00fcber exklusive Angebote, Veranstaltungen oder neue Produkte zu informieren, was die Besucherzahlen Ihres Online-Shops erh\u00f6hen und den Umsatz steigern kann.<\/p>\n<p>Indem sie diese Vorteile nutzen, k\u00f6nnen Weinh\u00e4ndler ihren Kundenstamm st\u00e4rken, die Kommunikation verbessern und den Umsatz durch gezieltes SMS-Marketing steigern.<\/p>\n\t\t\t\t<img decoding=\"async\" src=\"https:\/\/suresms.com\/wp-content\/uploads\/2026\/01\/FORDELE-3-8.png\" alt=\"\" itemprop=\"image\" onerror=\"this.style.display='none'\" loading=\"lazy\" \/>\n\t\t\t<a href=\"https:\/\/app.suresms.com\/account\/signup\" target=\"_blank\" rel=\"noopener\">\n\t\t\t\t\t\t\tEin kostenloses Konto erstellen\n\t\t\t\t\t<\/a>\n\t\t\t\t<img decoding=\"async\" src=\"https:\/\/suresms.com\/wp-content\/uploads\/2026\/01\/HVORFORSURESMS-3-8.png\" alt=\"\" itemprop=\"image\" onerror=\"this.style.display='none'\" loading=\"lazy\" \/>\n<h2>\n\t\t\tOptimieren Sie Ihr Weingesch\u00e4ft mit den leistungsstarken SMS-L\u00f6sungen von SureSMS\t<\/h2>\n\t<p>SureSMS bietet Weinh\u00e4ndlern eine ma\u00dfgeschneiderte SMS-L\u00f6sung, die Kunden durch gezielte Kommunikation effektiv anspricht. Unsere Plattform erm\u00f6glicht die schnelle \u00dcbermittlung von Werbeaktionen, Aktualisierungen und exklusiven Angeboten direkt an die Mobiltelefone der Kunden. Steigern Sie Ihren Umsatz und st\u00e4rken Sie die Kundenbindung mit unserem einfach zu bedienenden System.<\/p>\n\t\t\t\n<br \/>\n<br \/>\n\n<p>Unser SMS-Kundenclub hat unsere Kundenbindung deutlich erh\u00f6ht - die Kunden lieben die exklusiven Angebote.<\/p>\n\t\t\t<p><br \/><br \/>Mit SMS-Marketing erreichen wir unsere Kunden direkt, was zu schnelleren Verk\u00e4ufen und besserem Engagement gef\u00fchrt hat.<\/p>\t\t\n\t\t\t<br \/>\n<br \/>\n\n<p>Seit wir SMS-Kampagnen eingef\u00fchrt haben, haben wir einen Anstieg unserer Online-Bestellungen verzeichnet. Es funktioniert!<\/p>\n\t\t\t<br \/>\n<br \/>\n\n<p>Der SMS-Kundenclub hat es uns erm\u00f6glicht, pers\u00f6nlich mit unseren Kunden zu kommunizieren - ein Wendepunkt.<\/p>\n\t\t\t<br \/>\n<br \/>\n\n<p>Unsere Kunden reagieren schnell auf SMS-Nachrichten, was unsere Kampagnen deutlich verbessert hat.<\/p>\n\t\t\t<br \/>\n<br \/>\n\n<p>Der Einsatz von SMS-Marketing hat uns eine neue Dimension in unserer Kommunikation er\u00f6ffnet - wir sehen jede Woche Ergebnisse.<\/p>\n\t\t\t\t\t\t\t\t\t\t<h4 tabindex=\"0\">Was ist der SMS-Kundenclub f\u00fcr Weinh\u00e4ndler?<\/h4>\n\t\t\t\t\t<p>Der SMS-Kundenclub ist eine effektive M\u00f6glichkeit f\u00fcr Weinh\u00e4ndler, ihre Kunden direkt \u00fcber das Mobiltelefon anzusprechen. Sie k\u00f6nnen damit gezielte Nachrichten, Angebote und Informationen \u00fcber neue Produkte oder Veranstaltungen direkt an die Kunden senden. Durch die Einrichtung eines SMS-Kundenclubs k\u00f6nnen Weinh\u00e4ndler einen treuen Kundenstamm aufbauen, da er eine pers\u00f6nliche Verbindung zu den Kunden herstellt. In der Regel treten die Kunden dem Club bei, um exklusive Angebote, Rabatte und Neuigkeiten zu erhalten, was den Umsatz steigern und die Kundenzufriedenheit verbessern kann. Ein SMS-Kundenclub kann auch dazu beitragen, die Kunden zu segmentieren, so dass Spirituosengesch\u00e4fte personalisierte Nachrichten auf der Grundlage von Kundenpr\u00e4ferenzen und Kaufhistorie versenden k\u00f6nnen. Dies macht die Kommunikation relevanter und effektiver. Es ist wichtig, die geltenden Datenschutzbestimmungen einzuhalten und sicherzustellen, dass die Kunden ihre Zustimmung zum Erhalt von SMS-Nachrichten gegeben haben. Durch die Einf\u00fchrung eines SMS-Kundenclubs k\u00f6nnen Weinh\u00e4ndler nicht nur ihren Bekanntheitsgrad erh\u00f6hen, sondern auch die Beziehung zu ihren Kunden st\u00e4rken, was zu mehr Loyalit\u00e4t und Wiederholungsk\u00e4ufen f\u00fchren kann.<\/p>\n\t\t\t\t\t\t\t\t\t\t<h4 tabindex=\"0\">Wie kann ich Kunden f\u00fcr den SMS Customer Club anmelden?<\/h4>\n\t\t\t\t\t<p>Der SMS-Kundenclub ist eine effektive L\u00f6sung f\u00fcr Weinh\u00e4ndler mit Online-Shops, die ihre Kundenkommunikation verst\u00e4rken und den Umsatz steigern wollen. Durch die Integration des SMS-Marketings in Ihre Strategie k\u00f6nnen Sie Ihre Kunden direkt auf ihren Mobiltelefonen erreichen und sicherstellen, dass Ihre Nachrichten gesehen und befolgt werden.<\/p>\n<p>Mit einem SMS-Kundenclub k\u00f6nnen Sie gezielte Nachrichten \u00fcber die Einf\u00fchrung neuer Weine, exklusive Angebote und bevorstehende Veranstaltungen versenden. Dies schafft eine pers\u00f6nliche Verbindung zu Ihren Kunden und ermutigt sie, sich mit Ihrer Marke zu besch\u00e4ftigen. Au\u00dferdem k\u00f6nnen Sie per SMS \u00fcber wichtige Neuerungen informieren, z. B. \u00fcber ge\u00e4nderte \u00d6ffnungszeiten oder Lieferm\u00f6glichkeiten.<\/p>\n<p>Die Wirksamkeit des SMS-Marketings liegt in der hohen \u00d6ffnungsrate und der schnellen Reaktion. Die Kunden k\u00f6nnen sich schnell f\u00fcr Ihren SMS-Kundenclub anmelden und erhalten relevante Informationen, was die Wahrscheinlichkeit von Folgek\u00e4ufen erh\u00f6ht. Indem Sie Anreize wie Rabatte oder Treueprogramme anbieten, k\u00f6nnen Sie die Kunden weiter motivieren, sich anzumelden.<\/p>\n<p>Die Einf\u00fchrung eines SMS-Kundenclubs erfordert nicht viele Ressourcen, kann aber einen erheblichen Einfluss auf Ihr Unternehmen haben. Es ist eine moderne und bequeme M\u00f6glichkeit, mit Ihren Kunden in Kontakt zu bleiben und sicherzustellen, dass sie immer \u00fcber Ihre Produkte und Angebote informiert sind. Machen Sie SMS-Marketing zu einem zentralen Bestandteil Ihrer Kommunikationsstrategie und erleben Sie die Vorteile eines engagierten Kundenstamms.<\/p>\n\t\t\t\t\t\t\t\t\t\t<h4 tabindex=\"0\">Welche Arten von Nachrichten kann ich per SMS versenden?<\/h4>\n\t\t\t\t\t<p>Als Weinh\u00e4ndler k\u00f6nnen Sie Ihren Kunden eine Vielzahl von Nachrichten per SMS senden, die zur Steigerung des Engagements und des Umsatzes beitragen k\u00f6nnen. Zun\u00e4chst einmal k\u00f6nnen Sie exklusive Angebote und Rabatte versenden, die nur f\u00fcr Mitglieder Ihres SMS-Kundenclubs gelten. Dies kann Kunden dazu motivieren, schneller zu handeln und ein Gef\u00fchl der Exklusivit\u00e4t zu vermitteln. Dar\u00fcber hinaus k\u00f6nnen Sie \u00fcber neue Produkte, die Sie auf Lager haben, oder besondere Weinveranstaltungen, die Sie organisieren, informieren. Es kann auch sinnvoll sein, Erinnerungen an bevorstehende Veranstaltungen oder Verkostungen zu versenden, damit die Kunden die Gelegenheit zur Teilnahme nicht verpassen. Ein weiterer wichtiger Nachrichtentyp ist die Nachbereitung des Kaufs, in der Sie sich bei den Kunden f\u00fcr ihren Kauf bedanken und sie auffordern, ein Feedback zu hinterlassen. So k\u00f6nnen Sie die Beziehung zu Ihren Kunden st\u00e4rken und zeigen, dass Sie ihre Meinung sch\u00e4tzen. Schlie\u00dflich k\u00f6nnen Sie auch allgemeine Informationen \u00fcber Ihr Unternehmen versenden, z. B. \u00fcber ge\u00e4nderte \u00d6ffnungszeiten oder neue Initiativen. Wichtig ist, dass die Nachrichten f\u00fcr die Kunden relevant und wertvoll sind, damit sie sich f\u00fcr Ihre SMS-Nachrichten interessieren und sie auch weiterhin erhalten.<\/p>\n\t\t\t\t\t\t\t\t\t\t<h4 tabindex=\"0\">Wie kann ich die Wirkung von SMS-Marketing messen?<\/h4>\n\t\t\t\t\t<p>Die Messung der Wirkung des SMS-Marketings ist entscheidend, um zu verstehen, wie es sich auf Ihr Unternehmen auswirkt, und um Ihre zuk\u00fcnftigen Kampagnen zu optimieren. Eine der direktesten M\u00f6glichkeiten, die Wirkung zu messen, sind die \u00d6ffnungsraten der von Ihnen versendeten SMS-Nachrichten. Da SMS-Nachrichten im Allgemeinen h\u00e4ufiger ge\u00f6ffnet werden als E-Mails, k\u00f6nnen Sie davon ausgehen, dass ein gro\u00dfer Teil Ihrer Kunden Ihre Nachrichten liest. Sie k\u00f6nnen auch feststellen, wie viele Kunden auf Ihre Angebote reagieren, indem Sie die Ums\u00e4tze betrachten, die in der Zeit nach einer SMS-Kampagne erzielt werden. Dazu k\u00f6nnen Sie die Ums\u00e4tze vor und nach der Kampagne vergleichen. Dar\u00fcber hinaus k\u00f6nnen Sie R\u00fcckmeldungen von Kunden einholen, um festzustellen, wie zufrieden sie mit den Angeboten und Informationen sind, die sie erhalten. Es kann auch n\u00fctzlich sein, zu analysieren, welche Arten von Nachrichten das meiste Engagement erzeugen, damit Sie Ihre Kommunikation in Zukunft anpassen k\u00f6nnen. Schlie\u00dflich sollten Sie \u00fcberlegen, ob Sie nicht eindeutige Codes oder Links in Ihre SMS-Nachrichten einbauen, die Ihre Kunden beim Kauf verwenden k\u00f6nnen. Durch die Kombination dieser Methoden k\u00f6nnen Sie sich ein klares Bild davon machen, wie sich Ihr SMS-Marketing auf Ihr Unternehmen auswirkt.<\/p>\n\t\t\t\t\t\t\t\t\t\t<h4 tabindex=\"0\">Gibt es Vorschriften f\u00fcr SMS-Marketing?<\/h4>\n\t\t\t\t\t<p>Ja, es gibt einige Regeln und Richtlinien, die Weinh\u00e4ndler beachten m\u00fcssen<\/p>\n\t\t\t\t\t\t\t\t\t\t<h4 tabindex=\"0\">Wie kann SMS-Marketing Weinh\u00e4ndlern helfen?<\/h4>\n\t\t\t\t\t<p>In einem Zeitalter, in dem die digitale Kommunikation an erster Stelle steht, kann SMS-Marketing f\u00fcr Weinh\u00e4ndler mit Online-Shops ein entscheidender Faktor sein. Durch die Einf\u00fchrung eines SMS-Kundenclubs k\u00f6nnen Sie eine direkte und personalisierte Verbindung zu Ihren Kunden herstellen und so deren Engagement und Loyalit\u00e4t erh\u00f6hen. SMS-Nachrichten haben eine hohe \u00d6ffnungsrate, was bedeutet, dass Ihre Angebote und Neuigkeiten die Empf\u00e4nger schnell und effizient erreichen.<\/p>\n<p>Ein SMS-Kundenclub erm\u00f6glicht es Ihnen, gezielte Nachrichten an Ihre Kunden zu senden, was besonders bei saisonalen Werbeaktionen, der Einf\u00fchrung neuer Produkte oder exklusiven Angeboten von Nutzen sein kann. Indem Sie Ihren Kundenstamm segmentieren, k\u00f6nnen Sie die Inhalte auf verschiedene Kundengruppen zuschneiden und so die Relevanz Ihrer Nachrichten erh\u00f6hen. So k\u00f6nnen Sie z. B. Sonderangebote f\u00fcr Rotweine an Kunden senden, die schon einmal Rotweine gekauft haben, oder zu Verkostungen neuer Wei\u00dfweine einladen, wenn sie Interesse an diesem Segment gezeigt haben.<\/p>\n<p>Dar\u00fcber hinaus kann SMS-Marketing ein wirksames Mittel sein, um ein Gef\u00fchl der Exklusivit\u00e4t f\u00fcr Ihren Kundenclub zu schaffen. Indem Sie Ihren Mitgliedern einen fr\u00fchzeitigen Zugang zu neuen Produkten oder Sonderrabatten anbieten, k\u00f6nnen Sie mehr Kunden dazu motivieren, sich anzumelden. Dies schafft nicht nur einen treuen Kundenstamm, sondern kann auch zu einem h\u00f6heren Umsatz und einer st\u00e4rkeren Markenidentit\u00e4t f\u00fchren.<\/p>\n<p>Die Einf\u00fchrung eines SMS-Kundenclubs erfordert einen strategischen Ansatz, aber die Vorteile liegen auf der Hand. Durch den Einsatz von SMS-Marketing k\u00f6nnen Weinh\u00e4ndler nicht nur die Kommunikation mit ihren Kunden verbessern, sondern auch den Umsatz steigern und ihre Position auf dem Markt st\u00e4rken. Es ist eine Investition in die Zukunft, in der die direkte und personalisierte Kommunikation immer wichtiger wird.<\/p>","protected":false},"excerpt":{"rendered":"<p>Effektives SMS-Marketing f\u00fcr Weinh\u00e4ndler: St\u00e4rken Sie Ihren Kundenclub St\u00e4rken Sie Ihr Weingesch\u00e4ft mit einem effektiven SMS-Kundenclub. Geben Sie Ihren Kunden exklusive Angebote und Updates direkt auf ihr Handy und steigern Sie den Umsatz durch gezieltes SMS-Marketing. Optimieren Sie Ihr Weingesch\u00e4ft mit SMS-Kundenclubs SMS-Marketing bietet Weinh\u00e4ndlern eine effektive M\u00f6glichkeit, Kunden anzusprechen. Hier sind einige der ... <a title=\"SMS-Marketing f\u00fcr Weinh\u00e4ndler | Schaffen Sie Kundenbindung und steigern Sie Ihren Umsatz\" class=\"read-more\" href=\"https:\/\/suresms.com\/de\/lp\/branche\/sms-marketing-for-vinhandlere08-01-2026-180523\/\" aria-label=\"Mehr Informationen \u00fcber SMS-Marketing f\u00fcr Weinh\u00e4ndler | Loyalit\u00e4t und Upselling schaffen\">Mehr lesen<\/a><\/p>","protected":false},"author":1,"featured_media":0,"parent":23772,"menu_order":0,"comment_status":"closed","ping_status":"closed","template":"","meta":{"_fl_builder_enabled":"1","_fl_builder_data":null,"_fl_builder_draft":null,"_fl_builder_data_settings":null,"_fl_builder_css":"","_fl_builder_css_version":"","_fl_builder_js":"","footnotes":""},"categories":[],"tags":[],"class_list":["post-23794","page","type-page","status-publish"],"yoast_head":"<!-- This site is optimized with the Yoast SEO Premium plugin v27.3 (Yoast SEO v27.3) - https:\/\/yoast.com\/product\/yoast-seo-premium-wordpress\/ -->\r\n<title>SMS marketing til vinhandlere | Skab loyalitet og mersalg -<\/title>\r\n<meta name=\"description\" content=\"Se hvordan vinhandlere bruger SMS til events, nye \u00e5rgange og VIP-kunder. F\u00e5 konkrete eksempler p\u00e5 SMS marketing i vinbranchen.\" \/>\r\n<meta name=\"robots\" content=\"index, follow, max-snippet:-1, max-image-preview:large, max-video-preview:-1\" \/>\r\n<link rel=\"canonical\" href=\"https:\/\/suresms.com\/de\/lp\/branche\/sms-marketing-fur-weinhandler08-01-2026-180523\/\" \/>\r\n<meta property=\"og:locale\" content=\"de_DE\" \/>\r\n<meta property=\"og:type\" content=\"article\" \/>\r\n<meta property=\"og:title\" content=\"SMS marketing til vinhandlere | Skab loyalitet og mersalg\" \/>\r\n<meta property=\"og:description\" content=\"Se hvordan vinhandlere bruger SMS til events, nye \u00e5rgange og VIP-kunder. F\u00e5 konkrete eksempler p\u00e5 SMS marketing i vinbranchen.\" \/>\r\n<meta property=\"og:url\" content=\"https:\/\/suresms.com\/de\/lp\/branche\/sms-marketing-fur-weinhandler08-01-2026-180523\/\" \/>\r\n<meta property=\"article:publisher\" content=\"https:\/\/www.facebook.com\/p\/SureSMS-100044607956149\/\" \/>\r\n<meta property=\"article:modified_time\" content=\"2026-01-09T05:52:22+00:00\" \/>\r\n<meta property=\"og:image\" content=\"https:\/\/suresms.com\/wp-content\/uploads\/2026\/01\/FORDELE-3-8.png\" \/>\r\n<meta name=\"twitter:card\" content=\"summary_large_image\" \/>\r\n<meta name=\"twitter:label1\" content=\"Gesch\u00e4tzte Lesezeit\" \/>\n\t<meta name=\"twitter:data1\" content=\"2\u00a0Minuten\" \/>\r\n<script type=\"application\/ld+json\" class=\"yoast-schema-graph\">{\"@context\":\"https:\\\/\\\/schema.org\",\"@graph\":[{\"@type\":\"WebPage\",\"@id\":\"https:\\\/\\\/suresms.com\\\/dk\\\/lp\\\/branche\\\/sms-marketing-for-vinhandlere08-01-2026-180523\\\/\",\"url\":\"https:\\\/\\\/suresms.com\\\/dk\\\/lp\\\/branche\\\/sms-marketing-for-vinhandlere08-01-2026-180523\\\/\",\"name\":\"SMS marketing til vinhandlere | Skab loyalitet og mersalg -\",\"isPartOf\":{\"@id\":\"https:\\\/\\\/suresms.com\\\/en\\\/#website\"},\"primaryImageOfPage\":{\"@id\":\"https:\\\/\\\/suresms.com\\\/dk\\\/lp\\\/branche\\\/sms-marketing-for-vinhandlere08-01-2026-180523\\\/#primaryimage\"},\"image\":{\"@id\":\"https:\\\/\\\/suresms.com\\\/dk\\\/lp\\\/branche\\\/sms-marketing-for-vinhandlere08-01-2026-180523\\\/#primaryimage\"},\"thumbnailUrl\":\"https:\\\/\\\/suresms.com\\\/wp-content\\\/uploads\\\/2026\\\/01\\\/FORDELE-3-8.png\",\"datePublished\":\"2026-01-08T17:05:23+00:00\",\"dateModified\":\"2026-01-09T05:52:22+00:00\",\"description\":\"Se hvordan vinhandlere bruger SMS til events, nye \u00e5rgange og VIP-kunder. F\u00e5 konkrete eksempler p\u00e5 SMS marketing i vinbranchen.\",\"breadcrumb\":{\"@id\":\"https:\\\/\\\/suresms.com\\\/dk\\\/lp\\\/branche\\\/sms-marketing-for-vinhandlere08-01-2026-180523\\\/#breadcrumb\"},\"inLanguage\":\"de\",\"potentialAction\":[{\"@type\":\"ReadAction\",\"target\":[\"https:\\\/\\\/suresms.com\\\/dk\\\/lp\\\/branche\\\/sms-marketing-for-vinhandlere08-01-2026-180523\\\/\"]}]},{\"@type\":\"ImageObject\",\"inLanguage\":\"de\",\"@id\":\"https:\\\/\\\/suresms.com\\\/dk\\\/lp\\\/branche\\\/sms-marketing-for-vinhandlere08-01-2026-180523\\\/#primaryimage\",\"url\":\"https:\\\/\\\/suresms.com\\\/wp-content\\\/uploads\\\/2026\\\/01\\\/FORDELE-3-8.png\",\"contentUrl\":\"https:\\\/\\\/suresms.com\\\/wp-content\\\/uploads\\\/2026\\\/01\\\/FORDELE-3-8.png\"},{\"@type\":\"BreadcrumbList\",\"@id\":\"https:\\\/\\\/suresms.com\\\/dk\\\/lp\\\/branche\\\/sms-marketing-for-vinhandlere08-01-2026-180523\\\/#breadcrumb\",\"itemListElement\":[{\"@type\":\"ListItem\",\"position\":1,\"name\":\"Home\",\"item\":\"https:\\\/\\\/suresms.com\\\/dk\\\/\"},{\"@type\":\"ListItem\",\"position\":2,\"name\":\"LP\",\"item\":\"https:\\\/\\\/suresms.com\\\/lp\\\/\"},{\"@type\":\"ListItem\",\"position\":3,\"name\":\"LP-Branche\",\"item\":\"https:\\\/\\\/suresms.com\\\/lp\\\/branche\\\/\"},{\"@type\":\"ListItem\",\"position\":4,\"name\":\"SMS marketing til vinhandlere | Skab loyalitet og mersalg\"}]},{\"@type\":\"WebSite\",\"@id\":\"https:\\\/\\\/suresms.com\\\/en\\\/#website\",\"url\":\"https:\\\/\\\/suresms.com\\\/en\\\/\",\"name\":\"SureSMS\",\"description\":\"Professionel SMS Gateway\",\"publisher\":{\"@id\":\"https:\\\/\\\/suresms.com\\\/en\\\/#organization\"},\"potentialAction\":[{\"@type\":\"SearchAction\",\"target\":{\"@type\":\"EntryPoint\",\"urlTemplate\":\"https:\\\/\\\/suresms.com\\\/en\\\/?s={search_term_string}\"},\"query-input\":{\"@type\":\"PropertyValueSpecification\",\"valueRequired\":true,\"valueName\":\"search_term_string\"}}],\"inLanguage\":\"de\"},{\"@type\":\"Organization\",\"@id\":\"https:\\\/\\\/suresms.com\\\/en\\\/#organization\",\"name\":\"SureSMS\",\"url\":\"https:\\\/\\\/suresms.com\\\/en\\\/\",\"logo\":{\"@type\":\"ImageObject\",\"inLanguage\":\"de\",\"@id\":\"https:\\\/\\\/suresms.com\\\/en\\\/#\\\/schema\\\/logo\\\/image\\\/\",\"url\":\"https:\\\/\\\/suresms.com\\\/wp-content\\\/uploads\\\/2024\\\/11\\\/suresms-300x65-1.png\",\"contentUrl\":\"https:\\\/\\\/suresms.com\\\/wp-content\\\/uploads\\\/2024\\\/11\\\/suresms-300x65-1.png\",\"width\":300,\"height\":65,\"caption\":\"SureSMS\"},\"image\":{\"@id\":\"https:\\\/\\\/suresms.com\\\/en\\\/#\\\/schema\\\/logo\\\/image\\\/\"},\"sameAs\":[\"https:\\\/\\\/www.facebook.com\\\/p\\\/SureSMS-100044607956149\\\/\"]}]}<\/script>\r\n<!-- \/ Yoast SEO Premium plugin. -->","yoast_head_json":{"title":"SMS-Marketing f\u00fcr Weinh\u00e4ndler | Schaffen Sie Kundenbindung und steigern Sie Ihren Umsatz \u2013","description":"Sehen Sie, wie Weinh\u00e4ndler SMS f\u00fcr Veranstaltungen, neue Jahrg\u00e4nge und VIP-Kunden nutzen. Erhalten Sie konkrete Beispiele f\u00fcr SMS-Marketing in der Weinbranche.","robots":{"index":"index","follow":"follow","max-snippet":"max-snippet:-1","max-image-preview":"max-image-preview:large","max-video-preview":"max-video-preview:-1"},"canonical":"https:\/\/suresms.com\/de\/lp\/branche\/sms-marketing-fur-weinhandler08-01-2026-180523\/","og_locale":"de_DE","og_type":"article","og_title":"SMS marketing til vinhandlere | Skab loyalitet og mersalg","og_description":"Se hvordan vinhandlere bruger SMS til events, nye \u00e5rgange og VIP-kunder. F\u00e5 konkrete eksempler p\u00e5 SMS marketing i vinbranchen.","og_url":"https:\/\/suresms.com\/de\/lp\/branche\/sms-marketing-fur-weinhandler08-01-2026-180523\/","article_publisher":"https:\/\/www.facebook.com\/p\/SureSMS-100044607956149\/","article_modified_time":"2026-01-09T05:52:22+00:00","og_image":[{"url":"https:\/\/suresms.com\/wp-content\/uploads\/2026\/01\/FORDELE-3-8.png","type":"","width":"","height":""}],"twitter_card":"summary_large_image","twitter_misc":{"Gesch\u00e4tzte Lesezeit":"2\u00a0Minuten"},"schema":{"@context":"https:\/\/schema.org","@graph":[{"@type":"WebPage","@id":"https:\/\/suresms.com\/dk\/lp\/branche\/sms-marketing-for-vinhandlere08-01-2026-180523\/","url":"https:\/\/suresms.com\/dk\/lp\/branche\/sms-marketing-for-vinhandlere08-01-2026-180523\/","name":"SMS-Marketing f\u00fcr Weinh\u00e4ndler | Schaffen Sie Kundenbindung und steigern Sie Ihren Umsatz \u2013","isPartOf":{"@id":"https:\/\/suresms.com\/en\/#website"},"primaryImageOfPage":{"@id":"https:\/\/suresms.com\/dk\/lp\/branche\/sms-marketing-for-vinhandlere08-01-2026-180523\/#primaryimage"},"image":{"@id":"https:\/\/suresms.com\/dk\/lp\/branche\/sms-marketing-for-vinhandlere08-01-2026-180523\/#primaryimage"},"thumbnailUrl":"https:\/\/suresms.com\/wp-content\/uploads\/2026\/01\/FORDELE-3-8.png","datePublished":"2026-01-08T17:05:23+00:00","dateModified":"2026-01-09T05:52:22+00:00","description":"Sehen Sie, wie Weinh\u00e4ndler SMS f\u00fcr Veranstaltungen, neue Jahrg\u00e4nge und VIP-Kunden nutzen. Erhalten Sie konkrete Beispiele f\u00fcr SMS-Marketing in der Weinbranche.","breadcrumb":{"@id":"https:\/\/suresms.com\/dk\/lp\/branche\/sms-marketing-for-vinhandlere08-01-2026-180523\/#breadcrumb"},"inLanguage":"de","potentialAction":[{"@type":"ReadAction","target":["https:\/\/suresms.com\/dk\/lp\/branche\/sms-marketing-for-vinhandlere08-01-2026-180523\/"]}]},{"@type":"ImageObject","inLanguage":"de","@id":"https:\/\/suresms.com\/dk\/lp\/branche\/sms-marketing-for-vinhandlere08-01-2026-180523\/#primaryimage","url":"https:\/\/suresms.com\/wp-content\/uploads\/2026\/01\/FORDELE-3-8.png","contentUrl":"https:\/\/suresms.com\/wp-content\/uploads\/2026\/01\/FORDELE-3-8.png"},{"@type":"BreadcrumbList","@id":"https:\/\/suresms.com\/dk\/lp\/branche\/sms-marketing-for-vinhandlere08-01-2026-180523\/#breadcrumb","itemListElement":[{"@type":"ListItem","position":1,"name":"Home","item":"https:\/\/suresms.com\/dk\/"},{"@type":"ListItem","position":2,"name":"LP","item":"https:\/\/suresms.com\/lp\/"},{"@type":"ListItem","position":3,"name":"LP-Branche","item":"https:\/\/suresms.com\/lp\/branche\/"},{"@type":"ListItem","position":4,"name":"SMS marketing til vinhandlere | Skab loyalitet og mersalg"}]},{"@type":"WebSite","@id":"https:\/\/suresms.com\/en\/#website","url":"https:\/\/suresms.com\/en\/","name":"SureSMS","description":"Professioneller SMS-Gateway","publisher":{"@id":"https:\/\/suresms.com\/en\/#organization"},"potentialAction":[{"@type":"SearchAction","target":{"@type":"EntryPoint","urlTemplate":"https:\/\/suresms.com\/en\/?s={search_term_string}"},"query-input":{"@type":"PropertyValueSpecification","valueRequired":true,"valueName":"search_term_string"}}],"inLanguage":"de"},{"@type":"Organization","@id":"https:\/\/suresms.com\/en\/#organization","name":"SureSMS","url":"https:\/\/suresms.com\/en\/","logo":{"@type":"ImageObject","inLanguage":"de","@id":"https:\/\/suresms.com\/en\/#\/schema\/logo\/image\/","url":"https:\/\/suresms.com\/wp-content\/uploads\/2024\/11\/suresms-300x65-1.png","contentUrl":"https:\/\/suresms.com\/wp-content\/uploads\/2024\/11\/suresms-300x65-1.png","width":300,"height":65,"caption":"SureSMS"},"image":{"@id":"https:\/\/suresms.com\/en\/#\/schema\/logo\/image\/"},"sameAs":["https:\/\/www.facebook.com\/p\/SureSMS-100044607956149\/"]}]}},"_links":{"self":[{"href":"https:\/\/suresms.com\/de\/wp-json\/wp\/v2\/pages\/23794","targetHints":{"allow":["GET"]}}],"collection":[{"href":"https:\/\/suresms.com\/de\/wp-json\/wp\/v2\/pages"}],"about":[{"href":"https:\/\/suresms.com\/de\/wp-json\/wp\/v2\/types\/page"}],"author":[{"embeddable":true,"href":"https:\/\/suresms.com\/de\/wp-json\/wp\/v2\/users\/1"}],"replies":[{"embeddable":true,"href":"https:\/\/suresms.com\/de\/wp-json\/wp\/v2\/comments?post=23794"}],"version-history":[{"count":2,"href":"https:\/\/suresms.com\/de\/wp-json\/wp\/v2\/pages\/23794\/revisions"}],"predecessor-version":[{"id":23799,"href":"https:\/\/suresms.com\/de\/wp-json\/wp\/v2\/pages\/23794\/revisions\/23799"}],"up":[{"embeddable":true,"href":"https:\/\/suresms.com\/de\/wp-json\/wp\/v2\/pages\/23772"}],"wp:attachment":[{"href":"https:\/\/suresms.com\/de\/wp-json\/wp\/v2\/media?parent=23794"}],"wp:term":[{"taxonomy":"category","embeddable":true,"href":"https:\/\/suresms.com\/de\/wp-json\/wp\/v2\/categories?post=23794"},{"taxonomy":"post_tag","embeddable":true,"href":"https:\/\/suresms.com\/de\/wp-json\/wp\/v2\/tags?post=23794"}],"curies":[{"name":"wp","href":"https:\/\/api.w.org\/{rel}","templated":true}]}}