{"id":23544,"date":"2025-11-14T14:41:25","date_gmt":"2025-11-14T14:41:25","guid":{"rendered":"https:\/\/suresms.com\/?page_id=23544"},"modified":"2025-11-14T14:47:30","modified_gmt":"2025-11-14T14:47:30","slug":"kontosicherheit","status":"publish","type":"page","link":"https:\/\/suresms.com\/de\/docs\/account\/kontosikkerhed\/","title":{"rendered":"Sicherheit des Kontos"},"content":{"rendered":"<!-- Flexy Breadcrumb -->\r\n\t\t\t<div class=\"fbc fbc-page\">\r\n\r\n\t\t\t\t<!-- Breadcrumb wrapper -->\r\n\t\t\t\t<div class=\"fbc-wrap\">\r\n\r\n\t\t\t\t\t<!-- Ordered list-->\r\n\t\t\t\t\t<ol class=\"fbc-items\" itemscope itemtype=\"https:\/\/schema.org\/BreadcrumbList\">\r\n\t\t\t\t\t\t            <li itemprop=\"itemListElement\" itemscope itemtype=\"https:\/\/schema.org\/ListItem\">\r\n                <span itemprop=\"name\">\r\n                    <!-- Home Link -->\r\n                    <a itemprop=\"item\" href=\"https:\/\/suresms.com\/de\/\">\r\n                    \r\n                                                    <i class=\"fa fa-home\" aria-hidden=\"true\"><\/i>Zuhause                    <\/a>\r\n                <\/span>\r\n                <meta itemprop=\"position\" content=\"1\" \/><!-- Meta Position-->\r\n             <\/li><li><span class=\"fbc-separator\">\/<\/span><\/li><li class=\"active\" itemprop=\"itemListElement\" itemscope itemtype=\"https:\/\/schema.org\/ListItem\"><span itemprop=\"name\" title=\"Sicherheit des Kontos\">Sicherheit des Kontos<\/span><meta itemprop=\"position\" content=\"2\" \/><\/li>\t\t\t\t\t<\/ol>\r\n\t\t\t\t\t<div class=\"clearfix\"><\/div>\r\n\t\t\t\t<\/div>\r\n\t\t\t<\/div>\r\n\t\t\t\n<h1>\n\t\t\tSicherheit des Kontos\t<\/h1>\n\tSureSMS enth\u00e4lt eine Reihe von Sicherheitsfunktionen, die Ihnen helfen, Ihre Daten zu sch\u00fctzen, Missbrauch zu vermeiden und die GDPR-Anforderungen zu erf\u00fcllen. Auf dieser Seite gehen wir auf alle Sicherheitseinstellungen ein, die Sie in Ihrem Konto aktivieren k\u00f6nnen - sowie auf eine zus\u00e4tzliche Funktion, die wir nur \u00fcber den Support aktivieren k\u00f6nnen.\nAlle Funktionen finden Sie unten:<br data-start=\"1551\" data-end=\"1554\" \/><strong data-start=\"1554\" data-end=\"1591\">Einstellungen \u2192 Konto \u2192 Sicherheit<\/strong>\n<h2>\n\t\t\tIP-Whitelist f\u00fcr E-Mail-zu-SMS\t<\/h2>\n\tWenn Sie SMS-Nachrichten \u00fcber Email-to-SMS versenden, k\u00f6nnen Sie Ihr Konto mit IP-Whitelisting sch\u00fctzen.<br data-start=\"1723\" data-end=\"1726\" \/>Diese Funktion stellt sicher, dass nur E-Mails, die von autorisierten IP-Adressen gesendet werden, akzeptiert und als SMS versendet werden.\n<h3 data-start=\"1826\" data-end=\"1871\"><strong data-start=\"1830\" data-end=\"1871\">Wann sollten Sie IP-Whitelisting verwenden?<\/strong><\/h3>\n<ul data-start=\"1872\" data-end=\"2067\">\n<li data-start=\"1872\" data-end=\"1926\">\nWenn Sie eine Sendung von <strong data-start=\"1893\" data-end=\"1924\">Eigener SMTP-Server vor Ort<\/strong>\n<\/li>\n<li data-start=\"1927\" data-end=\"1992\">\nWenn Ihr Unternehmen <strong data-start=\"1956\" data-end=\"1976\">zus\u00e4tzliche Sicherheit<\/strong> bei Versand\n<\/li>\n<li data-start=\"1993\" data-end=\"2067\">\nWenn Sie sicherstellen m\u00f6chten, dass nur E-Mails aus Ihren internen Systemen SMS versenden k\u00f6nnen\n<\/li>\n<\/ul>\nDie meisten Cloud-basierten E-Mail-Anbieter verwenden IPs f\u00fcr viele Kunden wieder, daher empfehlen wir in den meisten F\u00e4llen den Versand \u00fcber Email-to-SMS mit <strong data-start=\"2223\" data-end=\"2256\">API-Schl\u00fcssel in der Absenderadresse<\/strong> (Format: <em data-start=\"2266\" data-end=\"2296\">rufnummer.api-key.APIKEY<\/em>).\nWenn Sie jedoch die volle Kontrolle \u00fcber Ihren eigenen Mailserver haben, ist die Whitelist eine leistungsstarke L\u00f6sung.\n\t\t\t\t\t<video src=\"https:\/\/suresms.com\/wp-content\/uploads\/2025\/11\/OK - Dokumentation - Konto - Sikkerhed.mp4\" alt=\"hosted-video-thumbnail\"><\/video>\n\t\t<h2>\n\t\t\tNachrichten nach X Minuten verschl\u00fcsseln\t<\/h2>\n\tF\u00fcr die Einhaltung der GDPR k\u00f6nnen Sie mit SureSMS <strong data-start=\"2489\" data-end=\"2501\">Scramble<\/strong> Nachrichten nach einer bestimmten Anzahl von Minuten. Der Standardwert ist <strong data-start=\"2555\" data-end=\"2569\">0 Minuten<\/strong>, was bedeutet, dass Nachrichten niemals verschl\u00fcsselt werden.\n<h3 data-start=\"2619\" data-end=\"2667\"><strong data-start=\"2623\" data-end=\"2667\">Was bedeutet es, Nachrichten zu verschl\u00fcsseln?<\/strong><\/h3>\nWenn eine Nachricht verschl\u00fcsselt ist:\n<ul data-start=\"2694\" data-end=\"2897\">\n<li data-start=\"2694\" data-end=\"2757\">\nDie mittleren vier Ziffern der Rufnummer werden ersetzt durch <code data-start=\"2752\" data-end=\"2755\">#<\/code>\n<\/li>\n<li data-start=\"2758\" data-end=\"2807\">\nDer gesamte Inhalt der Nachricht wird \u00fcberschrieben mit <code data-start=\"2797\" data-end=\"2805\">******<\/code>\n<\/li>\n<li data-start=\"2808\" data-end=\"2897\">\nSie k\u00f6nnen noch sehen, <em data-start=\"2828\" data-end=\"2832\">dass<\/em> Die Nachricht wurde gesendet - aber nicht an wen oder was sie gesendet wurde\n<\/li>\n<\/ul>\nDies bietet einen besseren Datenschutz und erm\u00f6glicht es uns gleichzeitig, die SMS-Nutzung zu dokumentieren, falls Sie einmal Zweifel an der Anzahl der gesendeten Nachrichten haben sollten.\n<h3 data-start=\"3049\" data-end=\"3110\"><strong data-start=\"3053\" data-end=\"3110\">Wichtig zu wissen - Telekommunikationsbetreiber speichern Nachrichten selbst<\/strong><\/h3>\nSelbst wenn SureSMS nach z. B. 10 Minuten verschl\u00fcsselt, bleibt die Nachricht beim Betreiber noch bis zu <strong data-start=\"3209\" data-end=\"3221\">72 Stunden<\/strong>, wenn das Telefon ausgeschaltet ist oder keinen Empfang hat. Dies ist in der gesamten SMS-Infrastruktur Standard und kann von den SMS-Gateways nicht ge\u00e4ndert werden.\n<h2>\n\t\t\tSperren des Versands in ausgew\u00e4hlte L\u00e4nder\t<\/h2>\n\tUm Fehlsendungen oder Missbrauch zu vermeiden, k\u00f6nnen Sie genau festlegen, welche L\u00e4nder SMS-Nachrichten von Ihrem Konto empfangen k\u00f6nnen.\n<h3 data-start=\"3519\" data-end=\"3552\"><strong data-start=\"3523\" data-end=\"3552\">Warum ist das wichtig?<\/strong><\/h3>\nExterne Systeme k\u00f6nnen manchmal SMS-Nachrichten ohne den korrekten L\u00e4ndercode senden.<br data-start=\"3623\" data-end=\"3626\" \/>Beispiel:<br data-start=\"3635\" data-end=\"3638\" \/>Eine Zahl, die mit <strong data-start=\"3664\" data-end=\"3670\">21<\/strong> wird in vielen F\u00e4llen interpretiert als <strong data-start=\"3706\" data-end=\"3718\">Algerien<\/strong>.\nIndem Sie alle L\u00e4nder au\u00dfer den von Ihnen gew\u00fcnschten blockieren, vermeiden Sie:\n<ul data-start=\"3778\" data-end=\"3841\">\n<li data-start=\"3778\" data-end=\"3800\">\nzuf\u00e4lliger Verkehr,\n<\/li>\n<li data-start=\"3801\" data-end=\"3818\">\nGef\u00e4lschte Zahlen,\n<\/li>\n<li data-start=\"3819\" data-end=\"3841\">\nunn\u00f6tig belastend.\n<\/li>\n<\/ul>\nWenn eine Nachricht versucht, in ein blockiertes Land zu senden, stoppen wir sie - und Sie zahlen nicht f\u00fcr den Versuch.\n<h2>\n\t\t\tAutomatischer Spam-Filter (kann nur \u00fcber den Support aktiviert\/deaktiviert werden)\t<\/h2>\n\tSureSMS hat einen eingebauten Spam-Filter, um versehentliches doppeltes Senden zu verhindern:\n<ul data-start=\"4110\" data-end=\"4296\">\n<li data-start=\"4110\" data-end=\"4213\">\nWenn <strong data-start=\"4117\" data-end=\"4133\">Dieselbe Nachricht<\/strong> zu <strong data-start=\"4138\" data-end=\"4156\">gleicher Empf\u00e4nger<\/strong> Versendet innerhalb von <strong data-start=\"4174\" data-end=\"4189\">10 Minuten<\/strong>, Nr. 2 wird abgelehnt.\n<\/li>\n<li data-start=\"4214\" data-end=\"4296\">\nSo wird verhindert, dass der Empf\u00e4nger denkt, dass etwas nicht stimmt oder dass er sich zugespammt f\u00fchlt.\n<\/li>\n<\/ul>\n<h3 data-start=\"4298\" data-end=\"4339\"><strong data-start=\"4302\" data-end=\"4339\">Wann schalten wir den Spam-Filter aus?<\/strong><\/h3>\nBei einigen Systemen - insbesondere bei IOT-Ger\u00e4ten - kann es erforderlich sein, dieselbe SMS mehrmals kurz hintereinander zu senden.\nBeispiele:\n<ul data-start=\"4455\" data-end=\"4530\">\n<li data-start=\"4455\" data-end=\"4469\">\nWasserz\u00e4hler\n<\/li>\n<li data-start=\"4470\" data-end=\"4485\">\nW\u00e4rmez\u00e4hler\n<\/li>\n<li data-start=\"4486\" data-end=\"4506\">\ntechnische Alarme\n<\/li>\n<li data-start=\"4507\" data-end=\"4530\">\nindustrielle Sensoren\n<\/li>\n<\/ul>\nIn diesen F\u00e4llen kann unser Support den Spamfilter f\u00fcr Ihr Konto deaktivieren.\n<h2>\n\t\t\tZusammenfassung: Ihre Sicherheitsoptionen in SureSMS\t<\/h2>\n<table data-start=\"4667\" data-end=\"5102\">\n<thead data-start=\"4667\" data-end=\"4718\">\n<tr data-start=\"4667\" data-end=\"4718\">\n<th data-start=\"4667\" data-end=\"4678\" data-col-size=\"sm\">Funktionsweise<\/th>\n<th data-start=\"4678\" data-end=\"4693\" data-col-size=\"md\">Was es bewirkt<\/th>\n<th data-start=\"4693\" data-end=\"4718\" data-col-size=\"sm\">Wo wird sie aktiviert?<\/th>\n<\/tr>\n<\/thead>\n<tbody data-start=\"4771\" data-end=\"5102\">\n<tr data-start=\"4771\" data-end=\"4845\">\n<td data-start=\"4771\" data-end=\"4790\" data-col-size=\"sm\"><strong data-start=\"4773\" data-end=\"4789\">IP-Whitelist<\/strong><\/td>\n<td data-start=\"4790\" data-end=\"4824\" data-col-size=\"md\">Sichert E-Mail-zu-SMS gegen Missbrauch<\/td>\n<td data-start=\"4824\" data-end=\"4845\" data-col-size=\"sm\">Konto \u2192 Sicherheit<\/td>\n<\/tr>\n<tr data-start=\"4846\" data-end=\"4935\">\n<td data-start=\"4846\" data-end=\"4870\" data-col-size=\"sm\"><strong data-start=\"4848\" data-end=\"4869\">Scramble-Nachrichten<\/strong><\/td>\n<td data-start=\"4870\" data-end=\"4914\" data-col-size=\"md\">Nummern und Inhalte nach X Minuten ausblenden<\/td>\n<td data-start=\"4914\" data-end=\"4935\" data-col-size=\"sm\">Konto \u2192 Sicherheit<\/td>\n<\/tr>\n<tr data-start=\"4936\" data-end=\"5023\">\n<td data-start=\"4936\" data-end=\"4957\" data-col-size=\"sm\"><strong data-start=\"4938\" data-end=\"4956\">Landessperrung<\/strong><\/td>\n<td data-start=\"4957\" data-end=\"5002\" data-col-size=\"md\">Verhindert das Senden an unerw\u00fcnschte Ziele<\/td>\n<td data-start=\"5002\" data-end=\"5023\" data-col-size=\"sm\">Konto \u2192 Sicherheit<\/td>\n<\/tr>\n<tr data-start=\"5024\" data-end=\"5102\">\n<td data-start=\"5024\" data-end=\"5041\" data-col-size=\"sm\"><strong data-start=\"5026\" data-end=\"5040\">Spam-Filter<\/strong><\/td>\n<td data-start=\"5041\" data-end=\"5083\" data-col-size=\"md\">Stoppt Duplikate innerhalb von 10 Minuten<\/td>\n<td data-start=\"5083\" data-end=\"5102\" data-col-size=\"sm\">Kontakt zum Support<\/td>\n<\/tr>\n<\/tbody>\n<\/table>","protected":false},"excerpt":{"rendered":"<p>Kontosicherheit SureSMS enth\u00e4lt eine Reihe von Sicherheitsfunktionen, die Ihnen helfen, Ihre Daten zu sch\u00fctzen, Missbrauch zu vermeiden und die GDPR-Anforderungen zu erf\u00fcllen. Auf dieser Seite gehen wir auf alle Sicherheitseinstellungen ein, die Sie f\u00fcr Ihr Konto aktivieren k\u00f6nnen - sowie auf eine zus\u00e4tzliche Funktion, die wir nur \u00fcber den Support aktivieren k\u00f6nnen. Alle Funktionen finden Sie unter: Einstellungen \u2192 Konto \u2192 ... <a title=\"Sicherheit des Kontos\" class=\"read-more\" href=\"https:\/\/suresms.com\/de\/docs\/account\/kontosikkerhed\/\" aria-label=\"Weitere Informationen zur Kontosicherheit\">Mehr lesen<\/a><\/p>","protected":false},"author":1,"featured_media":0,"parent":18156,"menu_order":0,"comment_status":"closed","ping_status":"closed","template":"","meta":{"_fl_builder_enabled":"1","_fl_builder_data":null,"_fl_builder_draft":null,"_fl_builder_data_settings":null,"_fl_builder_css":"","_fl_builder_css_version":"","_fl_builder_js":"","footnotes":""},"categories":[],"tags":[],"class_list":["post-23544","page","type-page","status-publish"],"yoast_head":"<!-- This site is optimized with the Yoast SEO Premium plugin v27.3 (Yoast SEO v27.3) - https:\/\/yoast.com\/product\/yoast-seo-premium-wordpress\/ -->\r\n<title>Konto sikkerhed -<\/title>\r\n<meta name=\"robots\" content=\"index, follow, max-snippet:-1, max-image-preview:large, max-video-preview:-1\" \/>\r\n<link rel=\"canonical\" href=\"https:\/\/suresms.com\/de\/docs\/docs-7\/kontosicherheit\/\" \/>\r\n<meta property=\"og:locale\" content=\"de_DE\" \/>\r\n<meta property=\"og:type\" content=\"article\" \/>\r\n<meta property=\"og:title\" content=\"Konto sikkerhed\" \/>\r\n<meta property=\"og:description\" content=\"Kontosikkerhed SureSMS indeholder en r\u00e6kke sikkerhedsfunktioner, som hj\u00e6lper dig med at beskytte dine data, undg\u00e5 misbrug og leve op til GDPR-krav. P\u00e5 denne side gennemg\u00e5r vi alle de sikkerhedsindstillinger, du kan sl\u00e5 til p\u00e5 din konto &#8211; samt \u00e9n ekstra funktion, som vi kun kan aktivere via supporten. Alle funktioner findes under:Indstillinger \u2192 Konto \u2192 ... Weiterlesen\" \/>\r\n<meta property=\"og:url\" content=\"https:\/\/suresms.com\/de\/docs\/docs-7\/kontosicherheit\/\" \/>\r\n<meta property=\"article:publisher\" content=\"https:\/\/www.facebook.com\/p\/SureSMS-100044607956149\/\" \/>\r\n<meta property=\"article:modified_time\" content=\"2025-11-14T14:47:30+00:00\" \/>\r\n<meta name=\"twitter:card\" content=\"summary_large_image\" \/>\r\n<meta name=\"twitter:label1\" content=\"Gesch\u00e4tzte Lesezeit\" \/>\n\t<meta name=\"twitter:data1\" content=\"3\u00a0Minuten\" \/>\r\n<script type=\"application\/ld+json\" class=\"yoast-schema-graph\">{\"@context\":\"https:\\\/\\\/schema.org\",\"@graph\":[{\"@type\":\"WebPage\",\"@id\":\"https:\\\/\\\/suresms.com\\\/dk\\\/docs\\\/account\\\/kontosikkerhed\\\/\",\"url\":\"https:\\\/\\\/suresms.com\\\/dk\\\/docs\\\/account\\\/kontosikkerhed\\\/\",\"name\":\"Konto sikkerhed -\",\"isPartOf\":{\"@id\":\"https:\\\/\\\/suresms.com\\\/en\\\/#website\"},\"datePublished\":\"2025-11-14T14:41:25+00:00\",\"dateModified\":\"2025-11-14T14:47:30+00:00\",\"breadcrumb\":{\"@id\":\"https:\\\/\\\/suresms.com\\\/dk\\\/docs\\\/account\\\/kontosikkerhed\\\/#breadcrumb\"},\"inLanguage\":\"de\",\"potentialAction\":[{\"@type\":\"ReadAction\",\"target\":[\"https:\\\/\\\/suresms.com\\\/dk\\\/docs\\\/account\\\/kontosikkerhed\\\/\"]}]},{\"@type\":\"BreadcrumbList\",\"@id\":\"https:\\\/\\\/suresms.com\\\/dk\\\/docs\\\/account\\\/kontosikkerhed\\\/#breadcrumb\",\"itemListElement\":[{\"@type\":\"ListItem\",\"position\":1,\"name\":\"Home\",\"item\":\"https:\\\/\\\/suresms.com\\\/dk\\\/\"},{\"@type\":\"ListItem\",\"position\":2,\"name\":\"Dokumentation\",\"item\":\"https:\\\/\\\/suresms.com\\\/dk\\\/docs\\\/\"},{\"@type\":\"ListItem\",\"position\":3,\"name\":\"Konto\",\"item\":\"https:\\\/\\\/suresms.com\\\/dk\\\/docs\\\/account\\\/\"},{\"@type\":\"ListItem\",\"position\":4,\"name\":\"Konto sikkerhed\"}]},{\"@type\":\"WebSite\",\"@id\":\"https:\\\/\\\/suresms.com\\\/en\\\/#website\",\"url\":\"https:\\\/\\\/suresms.com\\\/en\\\/\",\"name\":\"SureSMS\",\"description\":\"Professionel SMS Gateway\",\"publisher\":{\"@id\":\"https:\\\/\\\/suresms.com\\\/en\\\/#organization\"},\"potentialAction\":[{\"@type\":\"SearchAction\",\"target\":{\"@type\":\"EntryPoint\",\"urlTemplate\":\"https:\\\/\\\/suresms.com\\\/en\\\/?s={search_term_string}\"},\"query-input\":{\"@type\":\"PropertyValueSpecification\",\"valueRequired\":true,\"valueName\":\"search_term_string\"}}],\"inLanguage\":\"de\"},{\"@type\":\"Organization\",\"@id\":\"https:\\\/\\\/suresms.com\\\/en\\\/#organization\",\"name\":\"SureSMS\",\"url\":\"https:\\\/\\\/suresms.com\\\/en\\\/\",\"logo\":{\"@type\":\"ImageObject\",\"inLanguage\":\"de\",\"@id\":\"https:\\\/\\\/suresms.com\\\/en\\\/#\\\/schema\\\/logo\\\/image\\\/\",\"url\":\"https:\\\/\\\/suresms.com\\\/wp-content\\\/uploads\\\/2024\\\/11\\\/suresms-300x65-1.png\",\"contentUrl\":\"https:\\\/\\\/suresms.com\\\/wp-content\\\/uploads\\\/2024\\\/11\\\/suresms-300x65-1.png\",\"width\":300,\"height\":65,\"caption\":\"SureSMS\"},\"image\":{\"@id\":\"https:\\\/\\\/suresms.com\\\/en\\\/#\\\/schema\\\/logo\\\/image\\\/\"},\"sameAs\":[\"https:\\\/\\\/www.facebook.com\\\/p\\\/SureSMS-100044607956149\\\/\"]}]}<\/script>\r\n<!-- \/ Yoast SEO Premium plugin. -->","yoast_head_json":{"title":"Sicherheit des Kontos","robots":{"index":"index","follow":"follow","max-snippet":"max-snippet:-1","max-image-preview":"max-image-preview:large","max-video-preview":"max-video-preview:-1"},"canonical":"https:\/\/suresms.com\/de\/docs\/docs-7\/kontosicherheit\/","og_locale":"de_DE","og_type":"article","og_title":"Konto sikkerhed","og_description":"Kontosikkerhed SureSMS indeholder en r\u00e6kke sikkerhedsfunktioner, som hj\u00e6lper dig med at beskytte dine data, undg\u00e5 misbrug og leve op til GDPR-krav. P\u00e5 denne side gennemg\u00e5r vi alle de sikkerhedsindstillinger, du kan sl\u00e5 til p\u00e5 din konto &#8211; samt \u00e9n ekstra funktion, som vi kun kan aktivere via supporten. Alle funktioner findes under:Indstillinger \u2192 Konto \u2192 ... Weiterlesen","og_url":"https:\/\/suresms.com\/de\/docs\/docs-7\/kontosicherheit\/","article_publisher":"https:\/\/www.facebook.com\/p\/SureSMS-100044607956149\/","article_modified_time":"2025-11-14T14:47:30+00:00","twitter_card":"summary_large_image","twitter_misc":{"Gesch\u00e4tzte Lesezeit":"3\u00a0Minuten"},"schema":{"@context":"https:\/\/schema.org","@graph":[{"@type":"WebPage","@id":"https:\/\/suresms.com\/dk\/docs\/account\/kontosikkerhed\/","url":"https:\/\/suresms.com\/dk\/docs\/account\/kontosikkerhed\/","name":"Sicherheit des Kontos","isPartOf":{"@id":"https:\/\/suresms.com\/en\/#website"},"datePublished":"2025-11-14T14:41:25+00:00","dateModified":"2025-11-14T14:47:30+00:00","breadcrumb":{"@id":"https:\/\/suresms.com\/dk\/docs\/account\/kontosikkerhed\/#breadcrumb"},"inLanguage":"de","potentialAction":[{"@type":"ReadAction","target":["https:\/\/suresms.com\/dk\/docs\/account\/kontosikkerhed\/"]}]},{"@type":"BreadcrumbList","@id":"https:\/\/suresms.com\/dk\/docs\/account\/kontosikkerhed\/#breadcrumb","itemListElement":[{"@type":"ListItem","position":1,"name":"Home","item":"https:\/\/suresms.com\/dk\/"},{"@type":"ListItem","position":2,"name":"Dokumentation","item":"https:\/\/suresms.com\/dk\/docs\/"},{"@type":"ListItem","position":3,"name":"Konto","item":"https:\/\/suresms.com\/dk\/docs\/account\/"},{"@type":"ListItem","position":4,"name":"Konto sikkerhed"}]},{"@type":"WebSite","@id":"https:\/\/suresms.com\/en\/#website","url":"https:\/\/suresms.com\/en\/","name":"SureSMS","description":"Professioneller SMS-Gateway","publisher":{"@id":"https:\/\/suresms.com\/en\/#organization"},"potentialAction":[{"@type":"SearchAction","target":{"@type":"EntryPoint","urlTemplate":"https:\/\/suresms.com\/en\/?s={search_term_string}"},"query-input":{"@type":"PropertyValueSpecification","valueRequired":true,"valueName":"search_term_string"}}],"inLanguage":"de"},{"@type":"Organization","@id":"https:\/\/suresms.com\/en\/#organization","name":"SureSMS","url":"https:\/\/suresms.com\/en\/","logo":{"@type":"ImageObject","inLanguage":"de","@id":"https:\/\/suresms.com\/en\/#\/schema\/logo\/image\/","url":"https:\/\/suresms.com\/wp-content\/uploads\/2024\/11\/suresms-300x65-1.png","contentUrl":"https:\/\/suresms.com\/wp-content\/uploads\/2024\/11\/suresms-300x65-1.png","width":300,"height":65,"caption":"SureSMS"},"image":{"@id":"https:\/\/suresms.com\/en\/#\/schema\/logo\/image\/"},"sameAs":["https:\/\/www.facebook.com\/p\/SureSMS-100044607956149\/"]}]}},"_links":{"self":[{"href":"https:\/\/suresms.com\/de\/wp-json\/wp\/v2\/pages\/23544","targetHints":{"allow":["GET"]}}],"collection":[{"href":"https:\/\/suresms.com\/de\/wp-json\/wp\/v2\/pages"}],"about":[{"href":"https:\/\/suresms.com\/de\/wp-json\/wp\/v2\/types\/page"}],"author":[{"embeddable":true,"href":"https:\/\/suresms.com\/de\/wp-json\/wp\/v2\/users\/1"}],"replies":[{"embeddable":true,"href":"https:\/\/suresms.com\/de\/wp-json\/wp\/v2\/comments?post=23544"}],"version-history":[{"count":3,"href":"https:\/\/suresms.com\/de\/wp-json\/wp\/v2\/pages\/23544\/revisions"}],"predecessor-version":[{"id":23549,"href":"https:\/\/suresms.com\/de\/wp-json\/wp\/v2\/pages\/23544\/revisions\/23549"}],"up":[{"embeddable":true,"href":"https:\/\/suresms.com\/de\/wp-json\/wp\/v2\/pages\/18156"}],"wp:attachment":[{"href":"https:\/\/suresms.com\/de\/wp-json\/wp\/v2\/media?parent=23544"}],"wp:term":[{"taxonomy":"category","embeddable":true,"href":"https:\/\/suresms.com\/de\/wp-json\/wp\/v2\/categories?post=23544"},{"taxonomy":"post_tag","embeddable":true,"href":"https:\/\/suresms.com\/de\/wp-json\/wp\/v2\/tags?post=23544"}],"curies":[{"name":"wp","href":"https:\/\/api.w.org\/{rel}","templated":true}]}}