{"id":23531,"date":"2025-11-11T09:58:32","date_gmt":"2025-11-11T09:58:32","guid":{"rendered":"https:\/\/suresms.com\/?page_id=23531"},"modified":"2025-11-11T10:47:34","modified_gmt":"2025-11-11T10:47:34","slug":"sms-2-sms-einrichten","status":"publish","type":"page","link":"https:\/\/suresms.com\/de\/docs\/guides\/sms-2-sms-opstning\/","title":{"rendered":"SMS-2-SMS-Einrichtung"},"content":{"rendered":"<!-- Flexy Breadcrumb -->\r\n\t\t\t<div class=\"fbc fbc-page\">\r\n\r\n\t\t\t\t<!-- Breadcrumb wrapper -->\r\n\t\t\t\t<div class=\"fbc-wrap\">\r\n\r\n\t\t\t\t\t<!-- Ordered list-->\r\n\t\t\t\t\t<ol class=\"fbc-items\" itemscope itemtype=\"https:\/\/schema.org\/BreadcrumbList\">\r\n\t\t\t\t\t\t            <li itemprop=\"itemListElement\" itemscope itemtype=\"https:\/\/schema.org\/ListItem\">\r\n                <span itemprop=\"name\">\r\n                    <!-- Home Link -->\r\n                    <a itemprop=\"item\" href=\"https:\/\/suresms.com\/de\/\">\r\n                    \r\n                                                    <i class=\"fa fa-home\" aria-hidden=\"true\"><\/i>Zuhause                    <\/a>\r\n                <\/span>\r\n                <meta itemprop=\"position\" content=\"1\" \/><!-- Meta Position-->\r\n             <\/li><li><span class=\"fbc-separator\">\/<\/span><\/li><li class=\"active\" itemprop=\"itemListElement\" itemscope itemtype=\"https:\/\/schema.org\/ListItem\"><span itemprop=\"name\" title=\"SMS-2-SMS-Einrichtung\">SMS-2-SMS-Einrichtung<\/span><meta itemprop=\"position\" content=\"2\" \/><\/li>\t\t\t\t\t<\/ol>\r\n\t\t\t\t\t<div class=\"clearfix\"><\/div>\r\n\t\t\t\t<\/div>\r\n\t\t\t<\/div>\r\n\t\t\t\n<h1>\n\t\t\tSMS-2-SMS-Einrichtung\t<\/h1>\n\t<p>SMS2SMS ist eine leistungsstarke Funktion, die den automatischen Versand von SMS-Nachrichten an eine vordefinierte Gruppe \u00fcber eine einzige eingehende SMS erm\u00f6glicht. Auch wenn es sich wie ein Umweg anh\u00f6rt, er\u00f6ffnet diese Form der SMS-Automatisierung eine Reihe von effektiven Kommunikationsszenarien.<\/p>\n<p>In diesem Leitfaden erfahren Sie, was SMS2SMS ist, wie es in der Praxis eingesetzt werden kann und wie Sie es einfach einrichten und auf der SureSMS-Plattform testen k\u00f6nnen.<\/p>\n<h2>\n\t\t\tWas ist SMS2SMS?\t<\/h2>\n\t<p>Der Kern der SMS2SMS-Funktionalit\u00e4t besteht darin, eine einzelne eingehende SMS in eine Massen-SMS zu verwandeln. Ein Benutzer sendet eine SMS-Nachricht an eine spezielle virtuelle Telefonnummer auf der SureSMS-Plattform. Die Nachricht muss mit einem bestimmten SMS-Schl\u00fcsselwort beginnen, das mit einer Kontaktgruppe verkn\u00fcpft ist.<\/p>\n<p>Die Plattform erkennt das Schl\u00fcsselwort, entfernt es aus der Nachricht und leitet den restlichen Text an alle Mitglieder dieser Gruppe weiter. So entsteht ein einfaches, aber effektives SMS-Gateway f\u00fcr die Gruppenkommunikation, ohne dass man sich bei einer Plattform anmelden oder auf komplette Kontaktlisten zugreifen muss.<\/p>\n<h2>\n\t\t\tIn welchen Szenarien kann SMS2SMS eingesetzt werden?\t<\/h2>\n\t<p>Die Flexibilit\u00e4t von SMS2SMS macht es in vielen verschiedenen Situationen n\u00fctzlich, in denen eine schnelle und gezielte Kommunikation erforderlich ist. Hier sind einige Beispiele:<\/p>\n\t\t\t\t<table>\n\t\t\t\t\t<thead>\n\t\t\t\t\t\t\t\t\t\t\t\t\t\t<tr>\n\t\t\t\t\t\t\t\t\t\t\t\t\t\t\t<th rowspan=\"\" colspan=\"\">\n\t\t\t\t\t\t\t\t\t\t\t\t\t\t\t\t\t<label>\n\t\t\t\t\t\t\t\t\t\t<\/label><label> Szenario <\/label>\n\t\t\t\t\t\t\t\t\t\n\t\t\t\t\t\t\t\t\t\t\t\t\t\t\t\t\t<\/th>\n\t\t\t\t\t\t\t\t\t\t\t\t\t\t<th rowspan=\"\" colspan=\"\">\n\t\t\t\t\t\t\t\t\t\t\t\t\t\t\t\t\t<label>\n\t\t\t\t\t\t\t\t\t\t<\/label><label> Beschreibung der Verwendung <\/label>\n\t\t\t\t\t\t\t\t\t\n\t\t\t\t\t\t\t\t\t\t\t\t\t\t\t\t\t<\/th>\n\t\t\t\t\t\t\t\t\t\t\t<\/tr><\/thead>\n\t\t\t\t\t<tbody>\n\t\t\t\t\t\t\t\t\t\t\t\t\t\t\t<tr>\n\t\t\t\t\t\t\t\t\t\t\t\t\t\t\t\t\t\t\t\t<td colspan=\"\" rowspan=\"\">\n\t\t\t\t\t\t\t\t\t\t\t\t\t\t\t\t\t\t\t\t\t\t\t Wohnungsbaugesellschaften \n\t\t\t\t\t\t\t\t\t\t\t\t\t\t\t\t\t\t\t\t\t\t\t<\/td>\n\t\t\t\t\t\t\t\t\t\t\t\t\t\t\t\t<td colspan=\"\" rowspan=\"\">\n\t\t\t\t\t\t\t\t\t\t\t\t\t\t\t Ein Auftragnehmer kann eine Nachricht an eine zentrale Nummer mit einem Schl\u00fcsselwort f\u00fcr einen bestimmten Wohnblock senden (z. B. \u201cBlock5A Wir stellen das Wasser um 14 Uhr ab\u201d). Die Nachricht wird automatisch an alle Bewohner dieses Blocks gesendet, ohne dass der Auftragnehmer Zugang zu deren privaten Telefonnummern hat. \n\t\t\t\t\t\t\t\t\t\t\t\t\t\t\t\t\t\t\t\t\t\t\t\t<\/td>\n\t\t\t\t\t\t\t\t\t\t\t\t\t\t\t<\/tr><tr>\n\t\t\t\t\t\t\t\t\t\t\t\t\t\t\t\t\t\t\t\t<td colspan=\"\" rowspan=\"\">\n\t\t\t\t\t\t\t\t\t\t\t\t\t\t\t\t\t\t\t\t\t\t\t Mitarbeiter im Au\u00dfendienst \n\t\t\t\t\t\t\t\t\t\t\t\t\t\t\t\t\t\t\t\t\t\t\t<\/td>\n\t\t\t\t\t\t\t\t\t\t\t\t\t\t\t\t<td colspan=\"\" rowspan=\"\">\n\t\t\t\t\t\t\t\t\t\t\t\t\t\t\t\t\t\t\t\t\t\t\t Ein Mitarbeiter, der Hilfe ben\u00f6tigt, kann eine SMS an eine geografisch festgelegte Gruppe senden (z. B. \u201cHJ\u00d8RRING Ich brauche Hilfe an Adresse X\u201d). Das System sendet die Nachricht an alle Kollegen im Hj\u00f8rring-Team. \n\t\t\t\t\t\t\t\t\t\t\t\t\t\t\t\t\t\t\t\t\t\t\t<\/td>\n\t\t\t\t\t\t\t\t\t\t\t\t\t\t\t<\/tr><tr>\n\t\t\t\t\t\t\t\t\t\t\t\t\t\t\t\t\t\t\t\t<td colspan=\"\" rowspan=\"\">\n\t\t\t\t\t\t\t\t\t\t\t\t\t\t\t\t\t\t\t\t\t\t\t Schulbusverkehr \n\t\t\t\t\t\t\t\t\t\t\t\t\t\t\t\t\t\t\t\t\t\t\t<\/td>\n\t\t\t\t\t\t\t\t\t\t\t\t\t\t\t\t<td colspan=\"\" rowspan=\"\">\n\t\t\t\t\t\t\t\t\t\t\t\t\t\t\t\t\t\t\t\t\t\t\t Ein Fahrer, der sich versp\u00e4tet, kann schnell alle Eltern auf einer bestimmten Strecke informieren, indem er eine SMS wie \u201cROUTE1 Bus hat 20 Minuten Versp\u00e4tung aufgrund von Verkehr\u201d sendet. \n\t\t\t\t\t\t\t\t\t\t\t\t\t\t\t\t\t\t\t\t\t\t\t<\/td>\n\t\t\t\t\t\t\t\t\t\t\t\t\t\t\t<\/tr><tr>\n\t\t\t\t\t\t\t\t\t\t\t\t\t\t\t\t\t\t\t\t<td colspan=\"\" rowspan=\"\">\n\t\t\t\t\t\t\t\t\t\t\t\t\t\t\t\t\t\t\t\t\t\t\t Sportvereine \n\t\t\t\t\t\t\t\t\t\t\t\t\t\t\t\t\t\t\t\t\t\t\t<\/td>\n\t\t\t\t\t\t\t\t\t\t\t\t\t\t\t\t<td colspan=\"\" rowspan=\"\">\n\t\t\t\t\t\t\t\t\t\t\t\t\t\t\t\t\t\t\t\t\t\t\t Ein Fu\u00dfballtrainer kann das Training in letzter Minute absagen, indem er eine Nachricht an das Schl\u00fcsselwort seiner Mannschaft sendet (z.B. \u201cU12 TEAM Training abgesagt wegen Regen\u201d). Die Nachricht wird an alle Spieler und Eltern auf der Liste gesendet. \n\t\t\t\t\t\t\t\t\t\t\t\t\t\t\t\t\t\t\t\t\t\t\t<\/td>\n\t\t\t\t\t\t\t\t\t\t\t<\/tr><\/tbody>\n\t\t\t\t<\/table>\n\t<p>Diese Szenarien veranschaulichen, wie die SMS-Automatisierung die Kommunikation zentralisieren und vereinfachen kann, ohne dass die Datensicherheit beeintr\u00e4chtigt wird, da der Absender die Empf\u00e4ngerlisten nicht verwalten muss und keinen Zugriff darauf hat.<\/p>\n<h2>\n\t\t\tWie richte ich SMS2SMS in SureSMS ein?\t<\/h2>\n\t<p>Die Einrichtung von SMS2SMS auf der SureSMS-Plattform umfasst drei Hauptschritte: Bestellung einer eingehenden Nummer, Erstellung einer Kontaktgruppe mit einem Schl\u00fcsselwort und Konfiguration der Gruppeneinstellungen. Hier finden Sie eine schrittweise Anleitung:<\/p>\n<h3>\n\t\t\tSchritt 1: Bestellung einer eingehenden Rufnummer\t<\/h3>\n\t<p>Um SMS-Nachrichten empfangen zu k\u00f6nnen, m\u00fcssen Sie eine eigene Nummer auf der Plattform haben.<\/p>\n<ul>\n<li>Navigieren Sie zu Einstellungen und w\u00e4hlen Sie Absendername.<\/li>\n<li>Klicken Sie auf die Schaltfl\u00e4che Bestellen, um eine Liste der verf\u00fcgbaren virtuellen Telefonnummern anzuzeigen.<\/li>\n<li>W\u00e4hlen Sie eine Nummer aus der Liste und best\u00e4tigen Sie die Bestellung.<\/li>\n<li>Wenn die Nummer in Ihrer Liste der Absenderwerte erscheint, markieren Sie sie als Standardnummer. Damit legen Sie fest, dass die Plattform diese Nummer f\u00fcr den Empfang eingehender Nachrichten verwenden soll. Die Nummer ist mit einem gr\u00fcnen H\u00e4kchen versehen, das anzeigt, dass es sich um eine virtuelle lange Nummer handelt<\/li>\n<\/ul>\n\t\t\t\t\t<video src=\"https:\/\/suresms.com\/wp-content\/uploads\/2025\/11\/Guides - Setup of SMS-2-SMS.mp4\" alt=\"hosted-video-thumbnail\"><\/video>\n\t\t<h3>\n\t\t\tSchritt 2: Erstellen Sie eine Kontaktgruppe und ein Schl\u00fcsselwort\t<\/h3>\n\t<p>Der n\u00e4chste Schritt besteht darin, die Kontakte, die die Nachrichten erhalten sollen, in einer Gruppe zu organisieren und ihnen ein eindeutiges Schl\u00fcsselwort zuzuweisen.<\/p>\n<ul>\n<li>Gehen Sie zu Adressbuch und w\u00e4hlen Sie Gruppen.<\/li>\n<li>Erstellen Sie eine neue Gruppe oder bearbeiten Sie eine bestehende Gruppe.<\/li>\n<li>Gruppenname: W\u00e4hlen Sie einen internen Namen f\u00fcr die Gruppe (z. B. \u201cBallgame2025\u201d).<\/li>\n<li>Schl\u00fcsselwort: Dies ist das wichtigste Feld. W\u00e4hlen Sie ein eindeutiges und leicht erkennbares SMS-Schl\u00fcsselwort (z. B. \u201cBallspiele\u201d). Dies ist das Wort, mit dem der Absender seine SMS beginnen muss, um sie an diese Gruppe zu senden.<\/li>\n<li>F\u00fcgen Sie Kontakte zu der Gruppe hinzu. Sie k\u00f6nnen dies entweder manuell tun oder eine Liste importieren.<\/li>\n<\/ul>\n<h3>\n\t\t\tSchritt 3: Konfigurieren Sie die Gruppeneinstellungen\t<\/h3>\n\t<p>Damit die SMS2SMS-Funktion korrekt funktioniert, m\u00fcssen die Gruppeneinstellungen konfiguriert werden.<\/p>\n<ul>\n<li>Verwenden Sie immer den Absendernamen: Hier legen Sie fest, wer der Absender der SMS-Nachrichten sein soll, die an die Gruppe gesendet werden.\n<ul>\n<li>Nicht festgelegt: Die Empf\u00e4nger sehen die eigene Telefonnummer des Absenders (z. B. des Handwerkers). Die Antworten gehen direkt an diese Person.<\/li>\n<li>Bestimmte Nummer\/Name: Sie k\u00f6nnen eine Ihrer verifizierten Nummern oder eine alphanumerische Absender-ID (z. B. \u201cSureSMS\u201d) w\u00e4hlen, die nicht beantwortet werden kann. Dies ist ideal f\u00fcr eine einseitige Kommunikation.<\/li>\n<\/ul>\n<\/li>\n<li>Nur autorisierte Absender: Um Missbrauch zu vermeiden, k\u00f6nnen Sie einschr\u00e4nken, wer an die Gruppe senden darf. Unter diesem Feld k\u00f6nnen Sie eine andere Gruppe ausw\u00e4hlen (z. B. \u201cHandwerker\u201d oder \u201cTrainer\u201d) und nur Mitglieder dieser Gruppe sind berechtigt, die SMS2SMS-Funktion zu nutzen.\n<ul>\n<li>Wenn das Feld auf Nicht gesetzt gesetzt ist, kann jeder, der Ihre eingehende Nummer und Ihr Schl\u00fcsselwort kennt, eine Nachricht an die Gruppe senden.<\/li>\n<\/ul>\n<\/li>\n<li>Eingehende SMS an die Gruppe deaktivieren: Stellen Sie sicher, dass diese Funktion nicht aktiviert ist, da sie die SMS2SMS-Funktion blockiert.<\/li>\n<li>Speichern Sie Ihre Einstellungen.<\/li>\n<\/ul>\n<h2>\n\t\t\tTesten Sie Ihre SMS2SMS-Einrichtung\t<\/h2>\n\t<p>Sobald die Einrichtung abgeschlossen ist, k\u00f6nnen Sie ganz einfach testen, ob Ihre SMS-Automatisierung wie vorgesehen funktioniert.<\/p>\n<ul>\n<li>Vergewissern Sie sich, dass der Absender zugelassen ist: Wenn Sie eine Beschr\u00e4nkung der Absender festgelegt haben (Schritt 3, Punkt 2), vergewissern Sie sich, dass die Telefonnummer, von der Sie senden, zur Gruppe der zugelassenen Absender geh\u00f6rt.<\/li>\n<li>Senden Sie die Test-SMS: Senden Sie von Ihrem Mobiltelefon (oder einem anderen Telefon auf der Liste der zugelassenen Absender) eine SMS an die in Schritt 1 angegebene Telefonnummer.<\/li>\n<li>Strukturieren Sie die Nachricht richtig: Beginnen Sie die Nachricht mit dem von Ihnen gew\u00e4hlten Schl\u00fcsselwort, gefolgt von einem Leerzeichen und der eigentlichen Nachricht.\n<ul>\n<li>Beispiel: <u>Ballspiele Das heutige Training wurde auf 19:00 Uhr verlegt.<\/u><\/li>\n<\/ul>\n<\/li>\n<li>\u00dcberpr\u00fcfung im Postausgang: Gehen Sie auf der SureSMS-Plattform zum Postausgang. Hier werden Sie sehen k\u00f6nnen:\n<ul>\n<li>Die urspr\u00fcngliche eingehende SMS von Ihrer Telefonnummer, die das Schl\u00fcsselwort enth\u00e4lt.<\/li>\n<li>Eine Reihe von neuen ausgehenden SMS-Nachrichten (eine f\u00fcr jeden Kontakt in Ihrer Gruppe). Der Text dieser Nachrichten ist derselbe wie Ihre urspr\u00fcngliche Nachricht, aber ohne das Schl\u00fcsselwort.<\/li>\n<\/ul>\n<\/li>\n<\/ul>\n<p>&nbsp;<\/p>\n<p>Wenn die ausgehenden Nachrichten erstellt und an alle Kontakte in der Gruppe gesendet wurden, ist Ihre SMS2SMS-Einrichtung erfolgreich. Sie haben nun eine voll funktionsf\u00e4hige L\u00f6sung f\u00fcr schnelle und effiziente Gruppen-SMS.<\/p>","protected":false},"excerpt":{"rendered":"<p>SMS-2-SMS-Einrichtung SMS2SMS ist eine leistungsstarke Funktion, die den automatischen Versand von SMS-Nachrichten an eine vordefinierte Gruppe \u00fcber eine einzige eingehende SMS erm\u00f6glicht. Auch wenn es nach einem Umweg klingt, er\u00f6ffnet diese Form der SMS-Automatisierung eine Reihe von effektiven Kommunikationsszenarien. In diesem Leitfaden erfahren Sie, was SMS2SMS ist, wie es in der Praxis eingesetzt werden kann und wie... <a title=\"SMS-2-SMS-Einrichtung\" class=\"read-more\" href=\"https:\/\/suresms.com\/de\/docs\/guides\/sms-2-sms-opstning\/\" aria-label=\"Weitere Informationen zur SMS-2-SMS-Einrichtung\">Mehr lesen<\/a><\/p>","protected":false},"author":1,"featured_media":0,"parent":23423,"menu_order":0,"comment_status":"closed","ping_status":"closed","template":"","meta":{"_fl_builder_enabled":"1","_fl_builder_data":null,"_fl_builder_draft":null,"_fl_builder_data_settings":null,"_fl_builder_css":"","_fl_builder_css_version":"","_fl_builder_js":"","footnotes":""},"categories":[],"tags":[],"class_list":["post-23531","page","type-page","status-publish"],"yoast_head":"<!-- This site is optimized with the Yoast SEO Premium plugin v27.3 (Yoast SEO v27.3) - https:\/\/yoast.com\/product\/yoast-seo-premium-wordpress\/ -->\r\n<title>SMS-2-SMS ops\u00e6tning -<\/title>\r\n<meta name=\"robots\" content=\"index, follow, max-snippet:-1, max-image-preview:large, max-video-preview:-1\" \/>\r\n<link rel=\"canonical\" href=\"https:\/\/suresms.com\/de\/docs\/leitfaden\/sms-2-sms-einrichten\/\" \/>\r\n<meta property=\"og:locale\" content=\"de_DE\" \/>\r\n<meta property=\"og:type\" content=\"article\" \/>\r\n<meta property=\"og:title\" content=\"SMS-2-SMS ops\u00e6tning\" \/>\r\n<meta property=\"og:description\" content=\"SMS-2-SMS ops\u00e6tning SMS2SMS er en kraftfuld funktion, der muligg\u00f8r automatisk udsendelse af SMS-beskeder til en foruddefineret gruppe via en enkelt indg\u00e5ende SMS. Selvom det kan lyde som en omvej, \u00e5bner denne form for SMS-automatisering op for en r\u00e6kke effektive kommunikationsscenarier. Denne guide vil gennemg\u00e5, hvad SMS2SMS er, hvordan det kan anvendes i praksis, og hvordan ... Weiterlesen\" \/>\r\n<meta property=\"og:url\" content=\"https:\/\/suresms.com\/de\/docs\/leitfaden\/sms-2-sms-einrichten\/\" \/>\r\n<meta property=\"article:publisher\" content=\"https:\/\/www.facebook.com\/p\/SureSMS-100044607956149\/\" \/>\r\n<meta property=\"article:modified_time\" content=\"2025-11-11T10:47:34+00:00\" \/>\r\n<meta name=\"twitter:card\" content=\"summary_large_image\" \/>\r\n<meta name=\"twitter:label1\" content=\"Gesch\u00e4tzte Lesezeit\" \/>\n\t<meta name=\"twitter:data1\" content=\"2\u00a0Minuten\" \/>\r\n<script type=\"application\/ld+json\" class=\"yoast-schema-graph\">{\"@context\":\"https:\\\/\\\/schema.org\",\"@graph\":[{\"@type\":\"WebPage\",\"@id\":\"https:\\\/\\\/suresms.com\\\/dk\\\/docs\\\/guides\\\/sms-2-sms-opstning\\\/\",\"url\":\"https:\\\/\\\/suresms.com\\\/dk\\\/docs\\\/guides\\\/sms-2-sms-opstning\\\/\",\"name\":\"SMS-2-SMS ops\u00e6tning -\",\"isPartOf\":{\"@id\":\"https:\\\/\\\/suresms.com\\\/en\\\/#website\"},\"datePublished\":\"2025-11-11T09:58:32+00:00\",\"dateModified\":\"2025-11-11T10:47:34+00:00\",\"breadcrumb\":{\"@id\":\"https:\\\/\\\/suresms.com\\\/dk\\\/docs\\\/guides\\\/sms-2-sms-opstning\\\/#breadcrumb\"},\"inLanguage\":\"de\",\"potentialAction\":[{\"@type\":\"ReadAction\",\"target\":[\"https:\\\/\\\/suresms.com\\\/dk\\\/docs\\\/guides\\\/sms-2-sms-opstning\\\/\"]}]},{\"@type\":\"BreadcrumbList\",\"@id\":\"https:\\\/\\\/suresms.com\\\/dk\\\/docs\\\/guides\\\/sms-2-sms-opstning\\\/#breadcrumb\",\"itemListElement\":[{\"@type\":\"ListItem\",\"position\":1,\"name\":\"Home\",\"item\":\"https:\\\/\\\/suresms.com\\\/dk\\\/\"},{\"@type\":\"ListItem\",\"position\":2,\"name\":\"Dokumentation\",\"item\":\"https:\\\/\\\/suresms.com\\\/dk\\\/docs\\\/\"},{\"@type\":\"ListItem\",\"position\":3,\"name\":\"Vejledninger\",\"item\":\"https:\\\/\\\/suresms.com\\\/dk\\\/docs\\\/guides\\\/\"},{\"@type\":\"ListItem\",\"position\":4,\"name\":\"SMS-2-SMS ops\u00e6tning\"}]},{\"@type\":\"WebSite\",\"@id\":\"https:\\\/\\\/suresms.com\\\/en\\\/#website\",\"url\":\"https:\\\/\\\/suresms.com\\\/en\\\/\",\"name\":\"SureSMS\",\"description\":\"Professionel SMS Gateway\",\"publisher\":{\"@id\":\"https:\\\/\\\/suresms.com\\\/en\\\/#organization\"},\"potentialAction\":[{\"@type\":\"SearchAction\",\"target\":{\"@type\":\"EntryPoint\",\"urlTemplate\":\"https:\\\/\\\/suresms.com\\\/en\\\/?s={search_term_string}\"},\"query-input\":{\"@type\":\"PropertyValueSpecification\",\"valueRequired\":true,\"valueName\":\"search_term_string\"}}],\"inLanguage\":\"de\"},{\"@type\":\"Organization\",\"@id\":\"https:\\\/\\\/suresms.com\\\/en\\\/#organization\",\"name\":\"SureSMS\",\"url\":\"https:\\\/\\\/suresms.com\\\/en\\\/\",\"logo\":{\"@type\":\"ImageObject\",\"inLanguage\":\"de\",\"@id\":\"https:\\\/\\\/suresms.com\\\/en\\\/#\\\/schema\\\/logo\\\/image\\\/\",\"url\":\"https:\\\/\\\/suresms.com\\\/wp-content\\\/uploads\\\/2024\\\/11\\\/suresms-300x65-1.png\",\"contentUrl\":\"https:\\\/\\\/suresms.com\\\/wp-content\\\/uploads\\\/2024\\\/11\\\/suresms-300x65-1.png\",\"width\":300,\"height\":65,\"caption\":\"SureSMS\"},\"image\":{\"@id\":\"https:\\\/\\\/suresms.com\\\/en\\\/#\\\/schema\\\/logo\\\/image\\\/\"},\"sameAs\":[\"https:\\\/\\\/www.facebook.com\\\/p\\\/SureSMS-100044607956149\\\/\"]}]}<\/script>\r\n<!-- \/ Yoast SEO Premium plugin. -->","yoast_head_json":{"title":"SMS-2-SMS-Einrichtung - SMS-2-SMS-Einrichtung","robots":{"index":"index","follow":"follow","max-snippet":"max-snippet:-1","max-image-preview":"max-image-preview:large","max-video-preview":"max-video-preview:-1"},"canonical":"https:\/\/suresms.com\/de\/docs\/leitfaden\/sms-2-sms-einrichten\/","og_locale":"de_DE","og_type":"article","og_title":"SMS-2-SMS ops\u00e6tning","og_description":"SMS-2-SMS ops\u00e6tning SMS2SMS er en kraftfuld funktion, der muligg\u00f8r automatisk udsendelse af SMS-beskeder til en foruddefineret gruppe via en enkelt indg\u00e5ende SMS. Selvom det kan lyde som en omvej, \u00e5bner denne form for SMS-automatisering op for en r\u00e6kke effektive kommunikationsscenarier. Denne guide vil gennemg\u00e5, hvad SMS2SMS er, hvordan det kan anvendes i praksis, og hvordan ... Weiterlesen","og_url":"https:\/\/suresms.com\/de\/docs\/leitfaden\/sms-2-sms-einrichten\/","article_publisher":"https:\/\/www.facebook.com\/p\/SureSMS-100044607956149\/","article_modified_time":"2025-11-11T10:47:34+00:00","twitter_card":"summary_large_image","twitter_misc":{"Gesch\u00e4tzte Lesezeit":"2\u00a0Minuten"},"schema":{"@context":"https:\/\/schema.org","@graph":[{"@type":"WebPage","@id":"https:\/\/suresms.com\/dk\/docs\/guides\/sms-2-sms-opstning\/","url":"https:\/\/suresms.com\/dk\/docs\/guides\/sms-2-sms-opstning\/","name":"SMS-2-SMS-Einrichtung - SMS-2-SMS-Einrichtung","isPartOf":{"@id":"https:\/\/suresms.com\/en\/#website"},"datePublished":"2025-11-11T09:58:32+00:00","dateModified":"2025-11-11T10:47:34+00:00","breadcrumb":{"@id":"https:\/\/suresms.com\/dk\/docs\/guides\/sms-2-sms-opstning\/#breadcrumb"},"inLanguage":"de","potentialAction":[{"@type":"ReadAction","target":["https:\/\/suresms.com\/dk\/docs\/guides\/sms-2-sms-opstning\/"]}]},{"@type":"BreadcrumbList","@id":"https:\/\/suresms.com\/dk\/docs\/guides\/sms-2-sms-opstning\/#breadcrumb","itemListElement":[{"@type":"ListItem","position":1,"name":"Home","item":"https:\/\/suresms.com\/dk\/"},{"@type":"ListItem","position":2,"name":"Dokumentation","item":"https:\/\/suresms.com\/dk\/docs\/"},{"@type":"ListItem","position":3,"name":"Vejledninger","item":"https:\/\/suresms.com\/dk\/docs\/guides\/"},{"@type":"ListItem","position":4,"name":"SMS-2-SMS ops\u00e6tning"}]},{"@type":"WebSite","@id":"https:\/\/suresms.com\/en\/#website","url":"https:\/\/suresms.com\/en\/","name":"SureSMS","description":"Professioneller SMS-Gateway","publisher":{"@id":"https:\/\/suresms.com\/en\/#organization"},"potentialAction":[{"@type":"SearchAction","target":{"@type":"EntryPoint","urlTemplate":"https:\/\/suresms.com\/en\/?s={search_term_string}"},"query-input":{"@type":"PropertyValueSpecification","valueRequired":true,"valueName":"search_term_string"}}],"inLanguage":"de"},{"@type":"Organization","@id":"https:\/\/suresms.com\/en\/#organization","name":"SureSMS","url":"https:\/\/suresms.com\/en\/","logo":{"@type":"ImageObject","inLanguage":"de","@id":"https:\/\/suresms.com\/en\/#\/schema\/logo\/image\/","url":"https:\/\/suresms.com\/wp-content\/uploads\/2024\/11\/suresms-300x65-1.png","contentUrl":"https:\/\/suresms.com\/wp-content\/uploads\/2024\/11\/suresms-300x65-1.png","width":300,"height":65,"caption":"SureSMS"},"image":{"@id":"https:\/\/suresms.com\/en\/#\/schema\/logo\/image\/"},"sameAs":["https:\/\/www.facebook.com\/p\/SureSMS-100044607956149\/"]}]}},"_links":{"self":[{"href":"https:\/\/suresms.com\/de\/wp-json\/wp\/v2\/pages\/23531","targetHints":{"allow":["GET"]}}],"collection":[{"href":"https:\/\/suresms.com\/de\/wp-json\/wp\/v2\/pages"}],"about":[{"href":"https:\/\/suresms.com\/de\/wp-json\/wp\/v2\/types\/page"}],"author":[{"embeddable":true,"href":"https:\/\/suresms.com\/de\/wp-json\/wp\/v2\/users\/1"}],"replies":[{"embeddable":true,"href":"https:\/\/suresms.com\/de\/wp-json\/wp\/v2\/comments?post=23531"}],"version-history":[{"count":6,"href":"https:\/\/suresms.com\/de\/wp-json\/wp\/v2\/pages\/23531\/revisions"}],"predecessor-version":[{"id":23541,"href":"https:\/\/suresms.com\/de\/wp-json\/wp\/v2\/pages\/23531\/revisions\/23541"}],"up":[{"embeddable":true,"href":"https:\/\/suresms.com\/de\/wp-json\/wp\/v2\/pages\/23423"}],"wp:attachment":[{"href":"https:\/\/suresms.com\/de\/wp-json\/wp\/v2\/media?parent=23531"}],"wp:term":[{"taxonomy":"category","embeddable":true,"href":"https:\/\/suresms.com\/de\/wp-json\/wp\/v2\/categories?post=23531"},{"taxonomy":"post_tag","embeddable":true,"href":"https:\/\/suresms.com\/de\/wp-json\/wp\/v2\/tags?post=23531"}],"curies":[{"name":"wp","href":"https:\/\/api.w.org\/{rel}","templated":true}]}}