{"id":2043,"date":"2016-02-29T16:51:29","date_gmt":"2016-02-29T14:51:29","guid":{"rendered":"https:\/\/www.suresms.com\/dk\/?page_id=2043"},"modified":"2025-01-04T23:56:41","modified_gmt":"2025-01-04T23:56:41","slug":"cookie-and-privacy-policy-suresms","status":"publish","type":"page","link":"https:\/\/suresms.com\/de\/politikker\/cookie-og-privatlivspolitik-suresms\/","title":{"rendered":"Cookie- und Datenschutzrichtlinie f\u00fcr SureSMS"},"content":{"rendered":"<h1>\n\t\tSureSMS ApS - Cookie- und Datenschutzrichtlinie\n\t<\/h1>\n\t\t\t\t<img loading=\"lazy\" decoding=\"async\" src=\"https:\/\/suresms.com\/wp-content\/uploads\/2016\/02\/cookies-pc-550x281-1.jpg\" alt=\"pc cookies 550x281\" itemprop=\"image\" height=\"281\" width=\"550\" title=\"pc cookies 550x281\" onerror=\"this.style.display='none'\"  \/>\n\t<h4>\u00a0<\/h4>\n<h4><strong>\u00dcber Cookies<\/strong><\/h4>\n<p><strong>\"Ein Cookie ist eine kleine Textdatei, die in deinem Browser gespeichert wird, um deinen Computer bei einem erneuten Besuch zu erkennen. In unseren Cookies werden keine pers\u00f6nlichen Informationen gespeichert und sie k\u00f6nnen KEINE Viren enthalten.\"<\/strong><\/p>\n<p>\u00a0<\/p>\n\t<h4>Unsere Website verwendet Cookies f\u00fcr die folgenden Zwecke:<\/h4>\n<ul>\n<li>Technische Funktionen, damit wir uns deine Vorlieben merken k\u00f6nnen.<\/li>\n<li>Verkehrsmessung, damit wir wissen, wie viele Menschen unsere Seite besuchen und wie sie sie nutzen.<\/li>\n<li>Um deine Zustimmung zu Cookies zu speichern, damit wir dich nicht jedes Mal fragen m\u00fcssen, wenn du unsere Seiten besuchst.<\/li>\n<\/ul>\n\t\t<h4>Diese Website wird bereitgestellt von:<\/h4><strong>SureSMS ApS<br \/>\n<\/strong>Industrieholmen 82<br \/>\n2650 Hvidovre, D\u00e4nemark<br \/>\nTelefon: 50 322 322<br \/>\nE-Mail: <a href=\"mailto:info@suresms.com\">info@suresms.com<\/a>\n\t<h4><strong>Wof\u00fcr werden Cookies auf unserer Website verwendet?<\/strong><\/h4>\n<p>Cookies werden verwendet, um Statistiken \u00fcber die Anzahl der Nutzerinnen und Nutzer, die angezeigten Inhalte und Informationen \u00fcber die Geografie und Interessen unserer Nutzerinnen und Nutzer zu f\u00fchren, damit wir Inhalte und Werbung entsprechend anpassen k\u00f6nnen. Wir verwenden auch ein Cookie, um deine Zustimmung zu Cookies beim Seitenwechsel zu speichern.<\/p>\n<p>Eine \u00dcbersicht \u00fcber unsere Cookies findest du in der Tabelle unten:<\/p>\n<table border=\"1\">\n<tbody>\n<tr>\n<td><strong>Beschreibung<\/strong><\/td>\n<td><strong>Enth\u00e4lt<br \/> pers\u00f6nlich<br \/> Informationen<\/strong><\/td>\n<td><strong>Inhalt<\/strong><\/td>\n<td><strong>Wie man sie benutzt<\/strong><\/td>\n<td><strong>Gel\u00f6scht<br \/> nach<\/strong><\/td>\n<\/tr>\n<tr>\n<td>Sitzungscookie<\/td>\n<td>Nein, das kannst du nicht.<\/td>\n<td>Zuf\u00e4lliger Schl\u00fcssel, der von unserem Server generiert wird.<\/td>\n<td>Erforderlich, um dich als Kunden zu bedienen.<\/td>\n<td>Wenn du deinen Browser herunterf\u00e4hrst<\/td>\n<\/tr>\n<tr>\n<td>'Cookies akzeptieren' Cookie<\/td>\n<td>Nein, das kannst du nicht.<\/td>\n<td>Wird auf deinem Computer gespeichert, wenn du unsere Cookies akzeptierst.<\/td>\n<td>Erforderlich, damit du nicht jedes Mal, wenn du unsere Website besuchst, Cookies akzeptieren musst.<\/td>\n<td>10 Jahre<\/td>\n<\/tr>\n<tr>\n<td>Google Analytics<\/td>\n<td>Nein, das kannst du nicht.<\/td>\n<td>Eine eindeutige ID, die von Google Analytics generiert wird.<\/td>\n<td>Erforderlich f\u00fcr Google Analytics, um Statistiken \u00fcber die Nutzung unserer Website zu erstellen.<\/td>\n<td>\u00a02 Jahre<\/td>\n<\/tr>\n<tr>\n<td>Olark Keks<\/td>\n<td>Nein, das kannst du nicht.<\/td>\n<td>Eine eindeutige ID, die von Olark generiert wird.<\/td>\n<td>Erforderlich, damit wir unseren Nutzern einen Online-Chat anbieten k\u00f6nnen.<\/td>\n<td>Wenn du deinen Browser herunterf\u00e4hrst<\/td>\n<\/tr>\n<\/tbody>\n<\/table>\n<p>\u00a0<\/p>\n\t<p><strong>Wie man Cookies l\u00f6scht<\/strong><\/p>\n<p>Siehe Anweisungen hier:\u00a0<a href=\"http:\/\/minecookies.org\/cookiehandtering\">http:\/\/minecookies.org\/cookiehandtering<\/a><\/p>\n<p><strong>Wie kann ich Cookies vermeiden?<\/strong><\/p>\n<p>Wenn du keine Cookies erhalten m\u00f6chtest, kannst du sie blockieren. Siehe Anweisungen hier:<a href=\"http:\/\/minecookies.org\/cookiehandtering\">http:\/\/minecookies.org\/cookiehandtering<\/a>.<\/p>\n<p><strong>Verwendung von personenbezogenen Daten<\/strong><\/p>\n<p>Pers\u00f6nliche Daten werden niemals an Dritte weitergegeben, es sei denn, du stimmst dem ausdr\u00fccklich zu. Wir sammeln niemals pers\u00f6nliche Daten, es sei denn, du hast uns diese Informationen durch eine Registrierung, einen Kauf oder die Teilnahme an einer Umfrage usw. zur Verf\u00fcgung gestellt.<\/p>\n<p>Pers\u00f6nliche Daten werden verwendet, um den Kauf oder die Dienstleistung zu erf\u00fcllen, f\u00fcr die die Daten erhoben wurden. Die Informationen werden auch verwendet, um mehr \u00fcber dich und andere Nutzer\/innen der Website zu erfahren.<\/p>\n<p><strong>Kontakt f\u00fcr pers\u00f6nliche Daten<\/strong><\/p>\n<p>Wenn du auf die \u00fcber dich bei SureSMS registrierten Informationen zugreifen m\u00f6chtest, kontaktiere uns bitte unter\u00a0<a href=\"mailto:info@suresms.com\">info@suresms.com<\/a> Wenn falsche Daten registriert wurden oder wenn du andere Einw\u00e4nde hast, kannst du dich an dieselbe Stelle wenden. Du hast die M\u00f6glichkeit, Einsicht in die \u00fcber dich registrierten Daten zu nehmen und kannst gem\u00e4\u00df den Bestimmungen des Gesetzes \u00fcber personenbezogene Daten Einspruch gegen eine Registrierung erheben.<\/p>\n<p><strong>Schutz pers\u00f6nlicher Daten<\/strong><\/p>\n<p>Nach dem Gesetz \u00fcber personenbezogene Daten m\u00fcssen deine pers\u00f6nlichen Daten sicher und vertraulich behandelt werden. Wir speichern deine personenbezogenen Daten auf Computern mit eingeschr\u00e4nktem Zugang in kontrollierten Einrichtungen und unsere Sicherheitsma\u00dfnahmen werden st\u00e4ndig \u00fcberwacht, um festzustellen, ob unsere Nutzerdaten sicher und unter st\u00e4ndiger Ber\u00fccksichtigung deiner Rechte als Nutzer behandelt werden. Wir k\u00f6nnen jedoch keine 100-prozentige Sicherheit f\u00fcr Daten\u00fcbertragungen \u00fcber das Internet garantieren. Das bedeutet, dass das Risiko eines unbefugten Zugriffs auf Informationen bestehen kann, wenn Daten elektronisch gesendet und gespeichert werden. Du gibst deine pers\u00f6nlichen Daten daher auf eigenes Risiko an.<\/p>\n<p>Die rasante Entwicklung des Internets bedeutet, dass \u00c4nderungen in unserer Verarbeitung von personenbezogenen Daten notwendig werden k\u00f6nnen. Wir behalten uns daher das Recht vor, diese Richtlinien f\u00fcr die Verarbeitung personenbezogener Daten zu aktualisieren und zu \u00e4ndern. Wenn wir dies tun, werden wir nat\u00fcrlich das Datum der \"letzten Aktualisierung\" unten auf der Seite korrigieren. Im Falle wesentlicher \u00c4nderungen werden wir dich in Form eines sichtbaren Hinweises auf unserer Website informieren.<\/p>\n<p>Soweit personenbezogene Daten \u00fcber dich verarbeitet werden, hast du nach dem Gesetz \u00fcber personenbezogene Daten das Recht, dar\u00fcber informiert zu werden, welche personenbezogenen Daten dir zugeordnet werden k\u00f6nnen. Stellt sich heraus, dass die \u00fcber dich verarbeiteten Informationen oder Daten falsch oder irref\u00fchrend sind, hast du das Recht zu verlangen, dass sie berichtigt, gel\u00f6scht oder gesperrt werden. Du kannst jederzeit der Verarbeitung von Informationen \u00fcber dich widersprechen. Du kannst auch jederzeit deine Zustimmung zur\u00fcckziehen. Du hast das Recht, dich \u00fcber die Verarbeitung der dich betreffenden Informationen und Daten zu beschweren. Beschwerden werden bei der d\u00e4nischen Datenschutzbeh\u00f6rde eingereicht, vgl. \u00a7 58 Absatz 1 des Gesetzes \u00fcber personenbezogene Daten.<\/p>\n<p><strong>Diese Cookie- und Datenschutzrichtlinie basiert auf einer Vorlage von Minecookies.org und wurde zuletzt am 1.3.2016 aktualisiert.<\/strong><\/p>","protected":false},"excerpt":{"rendered":"<p>SureSMS ApS - Cookie- und Datenschutzrichtlinie \u00dcber Cookies \"Ein Cookie ist eine kleine Textdatei, die in deinem Browser gespeichert wird, um deinen Computer bei einem erneuten Besuch wiederzuerkennen. In unseren Cookies werden keine pers\u00f6nlichen Informationen gespeichert und sie k\u00f6nnen KEINE Viren enthalten.\"   Unsere Website verwendet Cookies f\u00fcr folgende Zwecke: Technische Funktionalit\u00e4t, damit... <a title=\"Cookie- und Datenschutzrichtlinie f\u00fcr SureSMS\" class=\"read-more\" href=\"https:\/\/suresms.com\/de\/politikker\/cookie-og-privatlivspolitik-suresms\/\" aria-label=\"Weitere Informationen \u00fcber die SureSMS Cookie- und Datenschutzrichtlinie\">Mehr lesen<\/a><\/p>","protected":false},"author":1,"featured_media":0,"parent":19124,"menu_order":1,"comment_status":"closed","ping_status":"closed","template":"","meta":{"_fl_builder_enabled":"1","_fl_builder_data":null,"_fl_builder_draft":null,"_fl_builder_data_settings":null,"_fl_builder_css":"","_fl_builder_css_version":"","_fl_builder_js":"","footnotes":""},"categories":[],"tags":[],"class_list":["post-2043","page","type-page","status-publish"],"yoast_head":"<!-- This site is optimized with the Yoast SEO Premium plugin v27.3 (Yoast SEO v27.3) - https:\/\/yoast.com\/product\/yoast-seo-premium-wordpress\/ -->\r\n<title>Cookie- og privatlivspolitik for SureSMS -<\/title>\r\n<meta name=\"description\" content=\"Cookie og privatlivspolitik for SureSMS, Hvordan vi bruger cookies p\u00e5 SureSMS website, Vi deler ikke cookies med 3. part.\" \/>\r\n<meta name=\"robots\" content=\"index, follow, max-snippet:-1, max-image-preview:large, max-video-preview:-1\" \/>\r\n<link rel=\"canonical\" href=\"https:\/\/suresms.com\/de\/merkmale\/cookie-and-privacy-policy-suresms\/\" \/>\r\n<meta property=\"og:locale\" content=\"de_DE\" \/>\r\n<meta property=\"og:type\" content=\"article\" \/>\r\n<meta property=\"og:title\" content=\"Cookie- og privatlivspolitik for SureSMS\" \/>\r\n<meta property=\"og:description\" content=\"Cookie og privatlivspolitik for SureSMS, Hvordan vi bruger cookies p\u00e5 SureSMS website, Vi deler ikke cookies med 3. part.\" \/>\r\n<meta property=\"og:url\" content=\"https:\/\/suresms.com\/de\/merkmale\/cookie-and-privacy-policy-suresms\/\" \/>\r\n<meta property=\"article:publisher\" content=\"https:\/\/www.facebook.com\/p\/SureSMS-100044607956149\/\" \/>\r\n<meta property=\"article:modified_time\" content=\"2025-01-04T23:56:41+00:00\" \/>\r\n<meta property=\"og:image\" content=\"https:\/\/suresms.com\/wp-content\/uploads\/2016\/02\/cookies-pc-550x281-1.jpg\" \/>\r\n<meta name=\"twitter:card\" content=\"summary_large_image\" \/>\r\n<meta name=\"twitter:label1\" content=\"Gesch\u00e4tzte Lesezeit\" \/>\n\t<meta name=\"twitter:data1\" content=\"4\u00a0Minuten\" \/>\r\n<script type=\"application\/ld+json\" class=\"yoast-schema-graph\">{\"@context\":\"https:\\\/\\\/schema.org\",\"@graph\":[{\"@type\":\"WebPage\",\"@id\":\"https:\\\/\\\/suresms.com\\\/politikker\\\/cookie-og-privatlivspolitik-suresms\\\/\",\"url\":\"https:\\\/\\\/suresms.com\\\/politikker\\\/cookie-og-privatlivspolitik-suresms\\\/\",\"name\":\"Cookie- og privatlivspolitik for SureSMS -\",\"isPartOf\":{\"@id\":\"https:\\\/\\\/suresms.com\\\/en\\\/#website\"},\"primaryImageOfPage\":{\"@id\":\"https:\\\/\\\/suresms.com\\\/politikker\\\/cookie-og-privatlivspolitik-suresms\\\/#primaryimage\"},\"image\":{\"@id\":\"https:\\\/\\\/suresms.com\\\/politikker\\\/cookie-og-privatlivspolitik-suresms\\\/#primaryimage\"},\"thumbnailUrl\":\"https:\\\/\\\/suresms.com\\\/wp-content\\\/uploads\\\/2016\\\/02\\\/cookies-pc-550x281-1.jpg\",\"datePublished\":\"2016-02-29T14:51:29+00:00\",\"dateModified\":\"2025-01-04T23:56:41+00:00\",\"description\":\"Cookie og privatlivspolitik for SureSMS, Hvordan vi bruger cookies p\u00e5 SureSMS website, Vi deler ikke cookies med 3. part.\",\"breadcrumb\":{\"@id\":\"https:\\\/\\\/suresms.com\\\/politikker\\\/cookie-og-privatlivspolitik-suresms\\\/#breadcrumb\"},\"inLanguage\":\"de\",\"potentialAction\":[{\"@type\":\"ReadAction\",\"target\":[\"https:\\\/\\\/suresms.com\\\/politikker\\\/cookie-og-privatlivspolitik-suresms\\\/\"]}]},{\"@type\":\"ImageObject\",\"inLanguage\":\"de\",\"@id\":\"https:\\\/\\\/suresms.com\\\/politikker\\\/cookie-og-privatlivspolitik-suresms\\\/#primaryimage\",\"url\":\"https:\\\/\\\/suresms.com\\\/wp-content\\\/uploads\\\/2016\\\/02\\\/cookies-pc-550x281-1.jpg\",\"contentUrl\":\"https:\\\/\\\/suresms.com\\\/wp-content\\\/uploads\\\/2016\\\/02\\\/cookies-pc-550x281-1.jpg\"},{\"@type\":\"BreadcrumbList\",\"@id\":\"https:\\\/\\\/suresms.com\\\/politikker\\\/cookie-og-privatlivspolitik-suresms\\\/#breadcrumb\",\"itemListElement\":[{\"@type\":\"ListItem\",\"position\":1,\"name\":\"Home\",\"item\":\"https:\\\/\\\/suresms.com\\\/dk\\\/\"},{\"@type\":\"ListItem\",\"position\":2,\"name\":\"Politikker\",\"item\":\"https:\\\/\\\/suresms.com\\\/politikker\\\/\"},{\"@type\":\"ListItem\",\"position\":3,\"name\":\"Cookie- og privatlivspolitik for SureSMS\"}]},{\"@type\":\"WebSite\",\"@id\":\"https:\\\/\\\/suresms.com\\\/en\\\/#website\",\"url\":\"https:\\\/\\\/suresms.com\\\/en\\\/\",\"name\":\"SureSMS\",\"description\":\"Professionel SMS Gateway\",\"publisher\":{\"@id\":\"https:\\\/\\\/suresms.com\\\/en\\\/#organization\"},\"potentialAction\":[{\"@type\":\"SearchAction\",\"target\":{\"@type\":\"EntryPoint\",\"urlTemplate\":\"https:\\\/\\\/suresms.com\\\/en\\\/?s={search_term_string}\"},\"query-input\":{\"@type\":\"PropertyValueSpecification\",\"valueRequired\":true,\"valueName\":\"search_term_string\"}}],\"inLanguage\":\"de\"},{\"@type\":\"Organization\",\"@id\":\"https:\\\/\\\/suresms.com\\\/en\\\/#organization\",\"name\":\"SureSMS\",\"url\":\"https:\\\/\\\/suresms.com\\\/en\\\/\",\"logo\":{\"@type\":\"ImageObject\",\"inLanguage\":\"de\",\"@id\":\"https:\\\/\\\/suresms.com\\\/en\\\/#\\\/schema\\\/logo\\\/image\\\/\",\"url\":\"https:\\\/\\\/suresms.com\\\/wp-content\\\/uploads\\\/2024\\\/11\\\/suresms-300x65-1.png\",\"contentUrl\":\"https:\\\/\\\/suresms.com\\\/wp-content\\\/uploads\\\/2024\\\/11\\\/suresms-300x65-1.png\",\"width\":300,\"height\":65,\"caption\":\"SureSMS\"},\"image\":{\"@id\":\"https:\\\/\\\/suresms.com\\\/en\\\/#\\\/schema\\\/logo\\\/image\\\/\"},\"sameAs\":[\"https:\\\/\\\/www.facebook.com\\\/p\\\/SureSMS-100044607956149\\\/\"]}]}<\/script>\r\n<!-- \/ Yoast SEO Premium plugin. -->","yoast_head_json":{"title":"SureSMS Cookie- und Datenschutzrichtlinie - SureSMS","description":"Cookie- und Datenschutzrichtlinie f\u00fcr SureSMS, Wie wir Cookies auf der SureSMS-Website verwenden, Wir geben keine Cookies an Dritte weiter.","robots":{"index":"index","follow":"follow","max-snippet":"max-snippet:-1","max-image-preview":"max-image-preview:large","max-video-preview":"max-video-preview:-1"},"canonical":"https:\/\/suresms.com\/de\/merkmale\/cookie-and-privacy-policy-suresms\/","og_locale":"de_DE","og_type":"article","og_title":"Cookie- og privatlivspolitik for SureSMS","og_description":"Cookie og privatlivspolitik for SureSMS, Hvordan vi bruger cookies p\u00e5 SureSMS website, Vi deler ikke cookies med 3. part.","og_url":"https:\/\/suresms.com\/de\/merkmale\/cookie-and-privacy-policy-suresms\/","article_publisher":"https:\/\/www.facebook.com\/p\/SureSMS-100044607956149\/","article_modified_time":"2025-01-04T23:56:41+00:00","og_image":[{"url":"https:\/\/suresms.com\/wp-content\/uploads\/2016\/02\/cookies-pc-550x281-1.jpg","type":"","width":"","height":""}],"twitter_card":"summary_large_image","twitter_misc":{"Gesch\u00e4tzte Lesezeit":"4\u00a0Minuten"},"schema":{"@context":"https:\/\/schema.org","@graph":[{"@type":"WebPage","@id":"https:\/\/suresms.com\/politikker\/cookie-og-privatlivspolitik-suresms\/","url":"https:\/\/suresms.com\/politikker\/cookie-og-privatlivspolitik-suresms\/","name":"SureSMS Cookie- und Datenschutzrichtlinie - SureSMS","isPartOf":{"@id":"https:\/\/suresms.com\/en\/#website"},"primaryImageOfPage":{"@id":"https:\/\/suresms.com\/politikker\/cookie-og-privatlivspolitik-suresms\/#primaryimage"},"image":{"@id":"https:\/\/suresms.com\/politikker\/cookie-og-privatlivspolitik-suresms\/#primaryimage"},"thumbnailUrl":"https:\/\/suresms.com\/wp-content\/uploads\/2016\/02\/cookies-pc-550x281-1.jpg","datePublished":"2016-02-29T14:51:29+00:00","dateModified":"2025-01-04T23:56:41+00:00","description":"Cookie- und Datenschutzrichtlinie f\u00fcr SureSMS, Wie wir Cookies auf der SureSMS-Website verwenden, Wir geben keine Cookies an Dritte weiter.","breadcrumb":{"@id":"https:\/\/suresms.com\/politikker\/cookie-og-privatlivspolitik-suresms\/#breadcrumb"},"inLanguage":"de","potentialAction":[{"@type":"ReadAction","target":["https:\/\/suresms.com\/politikker\/cookie-og-privatlivspolitik-suresms\/"]}]},{"@type":"ImageObject","inLanguage":"de","@id":"https:\/\/suresms.com\/politikker\/cookie-og-privatlivspolitik-suresms\/#primaryimage","url":"https:\/\/suresms.com\/wp-content\/uploads\/2016\/02\/cookies-pc-550x281-1.jpg","contentUrl":"https:\/\/suresms.com\/wp-content\/uploads\/2016\/02\/cookies-pc-550x281-1.jpg"},{"@type":"BreadcrumbList","@id":"https:\/\/suresms.com\/politikker\/cookie-og-privatlivspolitik-suresms\/#breadcrumb","itemListElement":[{"@type":"ListItem","position":1,"name":"Home","item":"https:\/\/suresms.com\/dk\/"},{"@type":"ListItem","position":2,"name":"Politikker","item":"https:\/\/suresms.com\/politikker\/"},{"@type":"ListItem","position":3,"name":"Cookie- og privatlivspolitik for SureSMS"}]},{"@type":"WebSite","@id":"https:\/\/suresms.com\/en\/#website","url":"https:\/\/suresms.com\/en\/","name":"SureSMS","description":"Professioneller SMS-Gateway","publisher":{"@id":"https:\/\/suresms.com\/en\/#organization"},"potentialAction":[{"@type":"SearchAction","target":{"@type":"EntryPoint","urlTemplate":"https:\/\/suresms.com\/en\/?s={search_term_string}"},"query-input":{"@type":"PropertyValueSpecification","valueRequired":true,"valueName":"search_term_string"}}],"inLanguage":"de"},{"@type":"Organization","@id":"https:\/\/suresms.com\/en\/#organization","name":"SureSMS","url":"https:\/\/suresms.com\/en\/","logo":{"@type":"ImageObject","inLanguage":"de","@id":"https:\/\/suresms.com\/en\/#\/schema\/logo\/image\/","url":"https:\/\/suresms.com\/wp-content\/uploads\/2024\/11\/suresms-300x65-1.png","contentUrl":"https:\/\/suresms.com\/wp-content\/uploads\/2024\/11\/suresms-300x65-1.png","width":300,"height":65,"caption":"SureSMS"},"image":{"@id":"https:\/\/suresms.com\/en\/#\/schema\/logo\/image\/"},"sameAs":["https:\/\/www.facebook.com\/p\/SureSMS-100044607956149\/"]}]}},"_links":{"self":[{"href":"https:\/\/suresms.com\/de\/wp-json\/wp\/v2\/pages\/2043","targetHints":{"allow":["GET"]}}],"collection":[{"href":"https:\/\/suresms.com\/de\/wp-json\/wp\/v2\/pages"}],"about":[{"href":"https:\/\/suresms.com\/de\/wp-json\/wp\/v2\/types\/page"}],"author":[{"embeddable":true,"href":"https:\/\/suresms.com\/de\/wp-json\/wp\/v2\/users\/1"}],"replies":[{"embeddable":true,"href":"https:\/\/suresms.com\/de\/wp-json\/wp\/v2\/comments?post=2043"}],"version-history":[{"count":7,"href":"https:\/\/suresms.com\/de\/wp-json\/wp\/v2\/pages\/2043\/revisions"}],"predecessor-version":[{"id":20990,"href":"https:\/\/suresms.com\/de\/wp-json\/wp\/v2\/pages\/2043\/revisions\/20990"}],"up":[{"embeddable":true,"href":"https:\/\/suresms.com\/de\/wp-json\/wp\/v2\/pages\/19124"}],"wp:attachment":[{"href":"https:\/\/suresms.com\/de\/wp-json\/wp\/v2\/media?parent=2043"}],"wp:term":[{"taxonomy":"category","embeddable":true,"href":"https:\/\/suresms.com\/de\/wp-json\/wp\/v2\/categories?post=2043"},{"taxonomy":"post_tag","embeddable":true,"href":"https:\/\/suresms.com\/de\/wp-json\/wp\/v2\/tags?post=2043"}],"curies":[{"name":"wp","href":"https:\/\/api.w.org\/{rel}","templated":true}]}}