{"id":19303,"date":"2024-11-28T16:00:39","date_gmt":"2024-11-28T16:00:39","guid":{"rendered":"https:\/\/suresms.com\/?page_id=19303"},"modified":"2024-11-28T16:00:39","modified_gmt":"2024-11-28T16:00:39","slug":"unterverarbeiter-2","status":"publish","type":"page","link":"https:\/\/suresms.com\/de\/ressourcer\/gdpr\/databehandleraftale\/","title":{"rendered":"Vereinbarung zur Datenverarbeitung"},"content":{"rendered":"<!-- Flexy Breadcrumb -->\r\n\t\t\t<div class=\"fbc fbc-page\">\r\n\r\n\t\t\t\t<!-- Breadcrumb wrapper -->\r\n\t\t\t\t<div class=\"fbc-wrap\">\r\n\r\n\t\t\t\t\t<!-- Ordered list-->\r\n\t\t\t\t\t<ol class=\"fbc-items\" itemscope itemtype=\"https:\/\/schema.org\/BreadcrumbList\">\r\n\t\t\t\t\t\t            <li itemprop=\"itemListElement\" itemscope itemtype=\"https:\/\/schema.org\/ListItem\">\r\n                <span itemprop=\"name\">\r\n                    <!-- Home Link -->\r\n                    <a itemprop=\"item\" href=\"https:\/\/suresms.com\/de\/\">\r\n                    \r\n                                                    <i class=\"fa fa-home\" aria-hidden=\"true\"><\/i>Zuhause                    <\/a>\r\n                <\/span>\r\n                <meta itemprop=\"position\" content=\"1\" \/><!-- Meta Position-->\r\n             <\/li><li><span class=\"fbc-separator\">\/<\/span><\/li><li class=\"active\" itemprop=\"itemListElement\" itemscope itemtype=\"https:\/\/schema.org\/ListItem\"><span itemprop=\"name\" title=\"Vereinbarung zur Datenverarbeitung\">Vereinbarung zur Datenverarbeitung<\/span><meta itemprop=\"position\" content=\"2\" \/><\/li>\t\t\t\t\t<\/ol>\r\n\t\t\t\t\t<div class=\"clearfix\"><\/div>\r\n\t\t\t\t<\/div>\r\n\t\t\t<\/div>\r\n\t\t\t\n\t<h1>Datenverarbeitungsvertrag f\u00fcr SureSMS<\/h1>\n<p>Wir bieten unsere Datenverarbeitungsvereinbarung an, die in \u00dcbereinstimmung mit der Allgemeinen Datenschutzverordnung (GDPR) entwickelt wurde. Diese Vereinbarung gew\u00e4hrleistet den korrekten und sicheren Umgang mit personenbezogenen Daten, die SureSMS im Namen unserer Kunden verarbeitet. Es ist wichtig, dass du als Kunde deine eigenen Daten angibst, damit die Vereinbarung g\u00fcltig ist.<\/p>\n\t<h2>Was muss ausgef\u00fcllt werden?<\/h2>\n<p>Die Datenverarbeitungsvereinbarung enth\u00e4lt Felder, die von dir als Kunde ausgef\u00fcllt werden m\u00fcssen, damit sie korrekt an dein Unternehmen angepasst werden kann:<\/p>\n<ul>\n<li><strong>Name und Adresse des Kunden<\/strong>F\u00fclle den Namen, die Adresse und die Registrierungsnummer deines Unternehmens aus.<\/li>\n<li><strong>Kontaktinformationen<\/strong>Gib deine relevanten Kontaktdaten wie Name, E-Mail und Telefonnummer ein.<\/li>\n<li><strong>Zweck der Datenverarbeitung<\/strong>Lege den Zweck der SMS fest, die dein Unternehmen versendet. Das kann z. B. sein, \"um \u00fcber Buchungen, Lieferungen oder Angebote zu informieren\".<\/li>\n<li><strong>Kategorien von Daten<\/strong>Gib an, welche Arten von personenbezogenen Daten verarbeitet werden, z. B. Name, Adresse oder Telefonnummer, sowie die Kategorien der betroffenen Personen (z. B. Kunden, Mitarbeiter).<\/li>\n<\/ul>\n<p>Alle Felder, in die deine spezifischen Informationen eingetragen werden m\u00fcssen, sind markiert, damit du sie leicht erkennen und ausf\u00fcllen kannst.<\/p>\n\t<h2>Download der Vereinbarung zur Datenverarbeitung<\/h2>\n<p>Du kannst unsere Standard-Datenverarbeitungsvereinbarung herunterladen und mit deinen Angaben ausf\u00fcllen. Klicke auf die Schaltfl\u00e4che unten, um sie im Word-Format herunterzuladen.<\/p>\n<p><a href=\"https:\/\/suresms.com\/wp-content\/uploads\/2024\/11\/Databehandleraftale-for-SureSMS.docx\">Download Datenverarbeitungsvertrag f\u00fcr SureSMS<\/a><\/p>\n\t<h2>Du brauchst eine ma\u00dfgeschneiderte L\u00f6sung?<\/h2>\n<p>Wir sind bereit, dir mit einer ma\u00dfgeschneiderten Datenverarbeitungsvereinbarung zu helfen, wenn unsere Standardvereinbarung nicht deinen Bed\u00fcrfnissen entspricht. Eine ma\u00dfgeschneiderte Vereinbarung stellt sicher, dass alle deine spezifischen Bedingungen und Anforderungen abgedeckt sind, um dir die beste Sicherheit und die Einhaltung der aktuellen Gesetzgebung zu bieten.<\/p>\n<p>Wir bieten diese Anpassung auf Stundenbasis zu einem Preis von 1.295 DKK pro Stunde an.<\/p>\n<p><a href=\"mailto:support@suresms.com\"><strong>Kontakt<\/strong><\/a> um mehr zu erfahren und eine L\u00f6sung zu finden, die perfekt f\u00fcr dein Unternehmen ist.<\/p>","protected":false},"excerpt":{"rendered":"<p>SureSMS-Datenverarbeitungsvereinbarung Wir bieten unsere Datenverarbeitungsvereinbarung an, die in \u00dcbereinstimmung mit der Allgemeinen Datenschutzverordnung (GDPR) entwickelt wurde. Diese Vereinbarung gew\u00e4hrleistet den korrekten und sicheren Umgang mit pers\u00f6nlichen Daten, die SureSMS im Namen unserer Kunden verarbeitet. Es ist wichtig, dass du als Kunde deine eigenen Informationen ausf\u00fcllst, damit die Vereinbarung g\u00fcltig ist. Was muss ausgef\u00fcllt werden? Die Datenverarbeitungsvereinbarung enth\u00e4lt Felder, die... <a title=\"Vereinbarung zur Datenverarbeitung\" class=\"read-more\" href=\"https:\/\/suresms.com\/de\/ressourcer\/gdpr\/databehandleraftale\/\" aria-label=\"Erfahre mehr \u00fcber Vereinbarungen zur Datenverarbeitung\">Mehr lesen<\/a><\/p>","protected":false},"author":1,"featured_media":0,"parent":5221,"menu_order":0,"comment_status":"closed","ping_status":"closed","template":"","meta":{"_fl_builder_enabled":"1","_fl_builder_data":null,"_fl_builder_draft":null,"_fl_builder_data_settings":null,"_fl_builder_css":"","_fl_builder_css_version":"","_fl_builder_js":"","footnotes":""},"categories":[],"tags":[],"class_list":["post-19303","page","type-page","status-publish"],"yoast_head":"<!-- This site is optimized with the Yoast SEO Premium plugin v27.3 (Yoast SEO v27.3) - https:\/\/yoast.com\/product\/yoast-seo-premium-wordpress\/ -->\r\n<title>Databehandleraftale -<\/title>\r\n<meta name=\"robots\" content=\"index, follow, max-snippet:-1, max-image-preview:large, max-video-preview:-1\" \/>\r\n<link rel=\"canonical\" href=\"https:\/\/suresms.com\/de\/ressourcen\/gdpr\/unterverarbeiter-2\/\" \/>\r\n<meta property=\"og:locale\" content=\"de_DE\" \/>\r\n<meta property=\"og:type\" content=\"article\" \/>\r\n<meta property=\"og:title\" content=\"Databehandleraftale\" \/>\r\n<meta property=\"og:description\" content=\"Databehandleraftale for SureSMS Vi tilbyder vores databehandleraftale, som er udviklet i overensstemmelse med databeskyttelsesforordningen (GDPR). Denne aftale sikrer en korrekt og sikker h\u00e5ndtering af personoplysninger, som SureSMS behandler p\u00e5 vegne af vores kunder. Det er vigtigt, at du som kunde udfylder dine egne oplysninger for at g\u00f8re aftalen gyldig. Hvad skal udfyldes? Databehandleraftalen indeholder felter, ... Weiterlesen\" \/>\r\n<meta property=\"og:url\" content=\"https:\/\/suresms.com\/de\/ressourcen\/gdpr\/unterverarbeiter-2\/\" \/>\r\n<meta property=\"article:publisher\" content=\"https:\/\/www.facebook.com\/p\/SureSMS-100044607956149\/\" \/>\r\n<meta name=\"twitter:card\" content=\"summary_large_image\" \/>\r\n<meta name=\"twitter:label1\" content=\"Gesch\u00e4tzte Lesezeit\" \/>\n\t<meta name=\"twitter:data1\" content=\"2\u00a0Minuten\" \/>\r\n<script type=\"application\/ld+json\" class=\"yoast-schema-graph\">{\"@context\":\"https:\\\/\\\/schema.org\",\"@graph\":[{\"@type\":\"WebPage\",\"@id\":\"https:\\\/\\\/suresms.com\\\/dk\\\/ressourcer\\\/gdpr\\\/databehandleraftale\\\/\",\"url\":\"https:\\\/\\\/suresms.com\\\/dk\\\/ressourcer\\\/gdpr\\\/databehandleraftale\\\/\",\"name\":\"Databehandleraftale -\",\"isPartOf\":{\"@id\":\"https:\\\/\\\/suresms.com\\\/en\\\/#website\"},\"datePublished\":\"2024-11-28T16:00:39+00:00\",\"breadcrumb\":{\"@id\":\"https:\\\/\\\/suresms.com\\\/dk\\\/ressourcer\\\/gdpr\\\/databehandleraftale\\\/#breadcrumb\"},\"inLanguage\":\"de\",\"potentialAction\":[{\"@type\":\"ReadAction\",\"target\":[\"https:\\\/\\\/suresms.com\\\/dk\\\/ressourcer\\\/gdpr\\\/databehandleraftale\\\/\"]}]},{\"@type\":\"BreadcrumbList\",\"@id\":\"https:\\\/\\\/suresms.com\\\/dk\\\/ressourcer\\\/gdpr\\\/databehandleraftale\\\/#breadcrumb\",\"itemListElement\":[{\"@type\":\"ListItem\",\"position\":1,\"name\":\"Home\",\"item\":\"https:\\\/\\\/suresms.com\\\/dk\\\/\"},{\"@type\":\"ListItem\",\"position\":2,\"name\":\"Ressourcer\",\"item\":\"https:\\\/\\\/suresms.com\\\/ressourcer\\\/\"},{\"@type\":\"ListItem\",\"position\":3,\"name\":\"GDPR\",\"item\":\"https:\\\/\\\/suresms.com\\\/dk\\\/ressourcer\\\/gdpr\\\/\"},{\"@type\":\"ListItem\",\"position\":4,\"name\":\"Databehandleraftale\"}]},{\"@type\":\"WebSite\",\"@id\":\"https:\\\/\\\/suresms.com\\\/en\\\/#website\",\"url\":\"https:\\\/\\\/suresms.com\\\/en\\\/\",\"name\":\"SureSMS\",\"description\":\"Professionel SMS Gateway\",\"publisher\":{\"@id\":\"https:\\\/\\\/suresms.com\\\/en\\\/#organization\"},\"potentialAction\":[{\"@type\":\"SearchAction\",\"target\":{\"@type\":\"EntryPoint\",\"urlTemplate\":\"https:\\\/\\\/suresms.com\\\/en\\\/?s={search_term_string}\"},\"query-input\":{\"@type\":\"PropertyValueSpecification\",\"valueRequired\":true,\"valueName\":\"search_term_string\"}}],\"inLanguage\":\"de\"},{\"@type\":\"Organization\",\"@id\":\"https:\\\/\\\/suresms.com\\\/en\\\/#organization\",\"name\":\"SureSMS\",\"url\":\"https:\\\/\\\/suresms.com\\\/en\\\/\",\"logo\":{\"@type\":\"ImageObject\",\"inLanguage\":\"de\",\"@id\":\"https:\\\/\\\/suresms.com\\\/en\\\/#\\\/schema\\\/logo\\\/image\\\/\",\"url\":\"https:\\\/\\\/suresms.com\\\/wp-content\\\/uploads\\\/2024\\\/11\\\/suresms-300x65-1.png\",\"contentUrl\":\"https:\\\/\\\/suresms.com\\\/wp-content\\\/uploads\\\/2024\\\/11\\\/suresms-300x65-1.png\",\"width\":300,\"height\":65,\"caption\":\"SureSMS\"},\"image\":{\"@id\":\"https:\\\/\\\/suresms.com\\\/en\\\/#\\\/schema\\\/logo\\\/image\\\/\"},\"sameAs\":[\"https:\\\/\\\/www.facebook.com\\\/p\\\/SureSMS-100044607956149\\\/\"]}]}<\/script>\r\n<!-- \/ Yoast SEO Premium plugin. -->","yoast_head_json":{"title":"Vereinbarung zur Datenverarbeitung","robots":{"index":"index","follow":"follow","max-snippet":"max-snippet:-1","max-image-preview":"max-image-preview:large","max-video-preview":"max-video-preview:-1"},"canonical":"https:\/\/suresms.com\/de\/ressourcen\/gdpr\/unterverarbeiter-2\/","og_locale":"de_DE","og_type":"article","og_title":"Databehandleraftale","og_description":"Databehandleraftale for SureSMS Vi tilbyder vores databehandleraftale, som er udviklet i overensstemmelse med databeskyttelsesforordningen (GDPR). Denne aftale sikrer en korrekt og sikker h\u00e5ndtering af personoplysninger, som SureSMS behandler p\u00e5 vegne af vores kunder. Det er vigtigt, at du som kunde udfylder dine egne oplysninger for at g\u00f8re aftalen gyldig. Hvad skal udfyldes? Databehandleraftalen indeholder felter, ... Weiterlesen","og_url":"https:\/\/suresms.com\/de\/ressourcen\/gdpr\/unterverarbeiter-2\/","article_publisher":"https:\/\/www.facebook.com\/p\/SureSMS-100044607956149\/","twitter_card":"summary_large_image","twitter_misc":{"Gesch\u00e4tzte Lesezeit":"2\u00a0Minuten"},"schema":{"@context":"https:\/\/schema.org","@graph":[{"@type":"WebPage","@id":"https:\/\/suresms.com\/dk\/ressourcer\/gdpr\/databehandleraftale\/","url":"https:\/\/suresms.com\/dk\/ressourcer\/gdpr\/databehandleraftale\/","name":"Vereinbarung zur Datenverarbeitung","isPartOf":{"@id":"https:\/\/suresms.com\/en\/#website"},"datePublished":"2024-11-28T16:00:39+00:00","breadcrumb":{"@id":"https:\/\/suresms.com\/dk\/ressourcer\/gdpr\/databehandleraftale\/#breadcrumb"},"inLanguage":"de","potentialAction":[{"@type":"ReadAction","target":["https:\/\/suresms.com\/dk\/ressourcer\/gdpr\/databehandleraftale\/"]}]},{"@type":"BreadcrumbList","@id":"https:\/\/suresms.com\/dk\/ressourcer\/gdpr\/databehandleraftale\/#breadcrumb","itemListElement":[{"@type":"ListItem","position":1,"name":"Home","item":"https:\/\/suresms.com\/dk\/"},{"@type":"ListItem","position":2,"name":"Ressourcer","item":"https:\/\/suresms.com\/ressourcer\/"},{"@type":"ListItem","position":3,"name":"GDPR","item":"https:\/\/suresms.com\/dk\/ressourcer\/gdpr\/"},{"@type":"ListItem","position":4,"name":"Databehandleraftale"}]},{"@type":"WebSite","@id":"https:\/\/suresms.com\/en\/#website","url":"https:\/\/suresms.com\/en\/","name":"SureSMS","description":"Professioneller SMS-Gateway","publisher":{"@id":"https:\/\/suresms.com\/en\/#organization"},"potentialAction":[{"@type":"SearchAction","target":{"@type":"EntryPoint","urlTemplate":"https:\/\/suresms.com\/en\/?s={search_term_string}"},"query-input":{"@type":"PropertyValueSpecification","valueRequired":true,"valueName":"search_term_string"}}],"inLanguage":"de"},{"@type":"Organization","@id":"https:\/\/suresms.com\/en\/#organization","name":"SureSMS","url":"https:\/\/suresms.com\/en\/","logo":{"@type":"ImageObject","inLanguage":"de","@id":"https:\/\/suresms.com\/en\/#\/schema\/logo\/image\/","url":"https:\/\/suresms.com\/wp-content\/uploads\/2024\/11\/suresms-300x65-1.png","contentUrl":"https:\/\/suresms.com\/wp-content\/uploads\/2024\/11\/suresms-300x65-1.png","width":300,"height":65,"caption":"SureSMS"},"image":{"@id":"https:\/\/suresms.com\/en\/#\/schema\/logo\/image\/"},"sameAs":["https:\/\/www.facebook.com\/p\/SureSMS-100044607956149\/"]}]}},"_links":{"self":[{"href":"https:\/\/suresms.com\/de\/wp-json\/wp\/v2\/pages\/19303","targetHints":{"allow":["GET"]}}],"collection":[{"href":"https:\/\/suresms.com\/de\/wp-json\/wp\/v2\/pages"}],"about":[{"href":"https:\/\/suresms.com\/de\/wp-json\/wp\/v2\/types\/page"}],"author":[{"embeddable":true,"href":"https:\/\/suresms.com\/de\/wp-json\/wp\/v2\/users\/1"}],"replies":[{"embeddable":true,"href":"https:\/\/suresms.com\/de\/wp-json\/wp\/v2\/comments?post=19303"}],"version-history":[{"count":2,"href":"https:\/\/suresms.com\/de\/wp-json\/wp\/v2\/pages\/19303\/revisions"}],"predecessor-version":[{"id":19307,"href":"https:\/\/suresms.com\/de\/wp-json\/wp\/v2\/pages\/19303\/revisions\/19307"}],"up":[{"embeddable":true,"href":"https:\/\/suresms.com\/de\/wp-json\/wp\/v2\/pages\/5221"}],"wp:attachment":[{"href":"https:\/\/suresms.com\/de\/wp-json\/wp\/v2\/media?parent=19303"}],"wp:term":[{"taxonomy":"category","embeddable":true,"href":"https:\/\/suresms.com\/de\/wp-json\/wp\/v2\/categories?post=19303"},{"taxonomy":"post_tag","embeddable":true,"href":"https:\/\/suresms.com\/de\/wp-json\/wp\/v2\/tags?post=19303"}],"curies":[{"name":"wp","href":"https:\/\/api.w.org\/{rel}","templated":true}]}}