{"id":19129,"date":"2024-11-24T17:01:27","date_gmt":"2024-11-24T17:01:27","guid":{"rendered":"https:\/\/suresms.com\/?page_id=19129"},"modified":"2025-07-17T07:31:16","modified_gmt":"2025-07-17T07:31:16","slug":"datenschutzbestimmungen-2","status":"publish","type":"page","link":"https:\/\/suresms.com\/de\/politikker\/anti-spam\/","title":{"rendered":"Anti-Spam-Politik"},"content":{"rendered":"<h1><strong>SureSMS Anti-Spam Richtlinie<\/strong><\/h1>\n<p>Bei SureSMS haben wir eine <strong>Null-Toleranz-Politik<\/strong> gegen Spam. Spam ist definiert als unaufgeforderte Kommunikation an Mobilfunknutzer\/innen, die nicht ausdr\u00fccklich zugestimmt haben (Opt-in), deine SMS-Nachrichten zu erhalten.<\/p>\n<p>Wenn wir feststellen, dass du gegen diese Richtlinie verst\u00f6\u00dft, wird dein Konto <strong>mit sofortiger Wirkung geschlossen<\/strong>. Wenn du den Verdacht hast, dass einer unserer Kunden gegen unsere Richtlinien verst\u00f6\u00dft, kontaktiere uns bitte \u00fcber <strong><a rel=\"noopener\">support@suresms.com<\/a><\/strong>.<\/p>\n\t<h2>Voraussetzungen f\u00fcr die Zustimmung<\/h2>\n<p>Um SureSMS zu nutzen, musst du nur SMS-Nachrichten an Empf\u00e4nger senden, die eine <strong>aktive Zustimmung<\/strong>. Die Zustimmung kann zum Beispiel eingeholt werden durch:<\/p>\n<ul>\n<li>Der Handybenutzer sendet eine SMS an eine Kurznummer, z.B. 1245.<\/li>\n<li>Melde dich \u00fcber ein Formular auf deiner Website an.<\/li>\n<li>Akzeptieren von Newslettern in deinem Webshop oder auf deiner Website.<\/li>\n<li>Teilnahme an Wettbewerben, bei denen klar angegeben ist, was die Zustimmung umfasst.<\/li>\n<\/ul>\n<p>Wenn du den Nachweis der Zustimmung nicht erbringst, gilt dies als wesentlicher Versto\u00df gegen die Vereinbarung und dein Konto bleibt geschlossen.<\/p>\n\t<h2>Verbotener Inhalt<\/h2>\n<p>SureSMS l\u00e4sst keine SMS-Nachrichten mit folgendem Inhalt zu:<\/p>\n<ul>\n<li>Pornografie, Begleitservice oder Material, das Kinder unter 18 Jahren ausbeutet.<\/li>\n<li>Illegale Waren, Substanzen oder Aktivit\u00e4ten, einschlie\u00dflich raubkopierter Software und Anleitungen zur Waffenherstellung.<\/li>\n<li>Gewaltt\u00e4tiges, rassistisches, hasserf\u00fclltes, bedrohliches, betr\u00fcgerisches oder illegales Material.<\/li>\n<li>Inhalte, die Rechte an geistigem Eigentum verletzen (Urheberrechte, Marken usw.).<\/li>\n<li>Inhalte, die f\u00fcr Produkte oder Dienstleistungen werben, die an dem Ort des Empf\u00e4ngers illegal sind.<\/li>\n<li>Links zu Viren, Malware oder Trojanern.<\/li>\n<li>Zu Gewalt gegen Einzelpersonen, Gruppen oder Organisationen aufgerufen haben.<\/li>\n<\/ul>\n\t<h2>Verfahren bei Verst\u00f6\u00dfen<\/h2>\n<p>Wenn wir Spam vermuten, werden wir das pr\u00fcfen:<\/p>\n<ol>\n<li>Der Inhalt der gesendeten SMS-Nachrichten.<\/li>\n<li>Dokumentation der Zustimmung von mobilen Nutzern.<\/li>\n<li>Die Spam-Beschwerde und wie\/ob der Beschwerdef\u00fchrer angemeldet ist.<\/li>\n<\/ol>\n<p>Wenn wir feststellen, dass du Spam versendet hast, wird dein Konto dauerhaft geschlossen.<\/p>\n\t<h2>Hast du Spam erhalten?<\/h2>\n<p>Wir tun unser M\u00f6glichstes, um Spam zu verhindern, aber bei \u00fcber 10 Millionen SMS, die jeden Monat verschickt werden, k\u00f6nnen Fehler auftreten. Wenn du eine unerw\u00fcnschte SMS erhalten hast, bitte:<\/p>\n<ol>\n<li>Melde dich \u00fcber die Anweisungen in der SMS-Nachricht ab (normaler SMS-Tarif).<\/li>\n<li>Leite den Inhalt der Nachricht und die Daten des Absenders weiter an <strong><a rel=\"noopener\">support@suresms.com<\/a><\/strong>damit wir das untersuchen und den Kunden kontaktieren k\u00f6nnen.<\/li>\n<\/ol>\n<p>Deine Sicherheit und dein Vertrauen sind unsere oberste Priorit\u00e4t. Wir dulden keine Verst\u00f6\u00dfe gegen diese Politik.<\/p>","protected":false},"excerpt":{"rendered":"<p>SureSMS Anti-Spam-Politik SureSMS hat eine Null-Toleranz-Politik gegen\u00fcber Spam. Spam ist definiert als unaufgeforderte Kommunikation mit Mobilfunknutzern, die nicht ausdr\u00fccklich zugestimmt haben, Ihre SMS-Nachrichten zu erhalten (Opt-in). Wenn wir feststellen, dass Sie gegen diese Politik versto\u00dfen, wird Ihr Konto mit sofortiger Wirkung geschlossen. Wenn Sie den Verdacht haben, dass ... <a title=\"Anti-Spam-Politik\" class=\"read-more\" href=\"https:\/\/suresms.com\/de\/politikker\/anti-spam\/\" aria-label=\"Erfahre mehr \u00fcber die Anti-Spam-Richtlinie\">Mehr lesen<\/a><\/p>","protected":false},"author":1,"featured_media":0,"parent":19124,"menu_order":0,"comment_status":"closed","ping_status":"closed","template":"","meta":{"_fl_builder_enabled":"1","_fl_builder_data":null,"_fl_builder_draft":null,"_fl_builder_data_settings":null,"_fl_builder_css":"","_fl_builder_css_version":"","_fl_builder_js":"","footnotes":""},"categories":[],"tags":[],"class_list":["post-19129","page","type-page","status-publish"],"yoast_head":"<!-- This site is optimized with the Yoast SEO Premium plugin v27.3 (Yoast SEO v27.3) - https:\/\/yoast.com\/product\/yoast-seo-premium-wordpress\/ -->\r\n<title>Anti-spam politik -<\/title>\r\n<meta name=\"robots\" content=\"index, follow, max-snippet:-1, max-image-preview:large, max-video-preview:-1\" \/>\r\n<link rel=\"canonical\" href=\"https:\/\/suresms.com\/de\/merkmale\/datenschutzbestimmungen-2\/\" \/>\r\n<meta property=\"og:locale\" content=\"de_DE\" \/>\r\n<meta property=\"og:type\" content=\"article\" \/>\r\n<meta property=\"og:title\" content=\"Anti-spam politik\" \/>\r\n<meta property=\"og:description\" content=\"SureSMS Anti-Spam Politik Hos SureSMS har vi en nultolerancepolitik over for spam. Spam defineres som uopfordret kommunikation til mobilbrugere, som ikke har givet deres eksplicitte samtykke (opt-in) til at modtage dine SMS-beskeder. Hvis vi bliver opm\u00e6rksomme p\u00e5, at du overtr\u00e6der denne politik, vil din konto blive lukket med \u00f8jeblikkelig virkning. Har du mistanke om, at ... Weiterlesen\" \/>\r\n<meta property=\"og:url\" content=\"https:\/\/suresms.com\/de\/merkmale\/datenschutzbestimmungen-2\/\" \/>\r\n<meta property=\"article:publisher\" content=\"https:\/\/www.facebook.com\/p\/SureSMS-100044607956149\/\" \/>\r\n<meta property=\"article:modified_time\" content=\"2025-07-17T07:31:16+00:00\" \/>\r\n<meta name=\"twitter:card\" content=\"summary_large_image\" \/>\r\n<meta name=\"twitter:label1\" content=\"Gesch\u00e4tzte Lesezeit\" \/>\n\t<meta name=\"twitter:data1\" content=\"2\u00a0Minuten\" \/>\r\n<script type=\"application\/ld+json\" class=\"yoast-schema-graph\">{\"@context\":\"https:\\\/\\\/schema.org\",\"@graph\":[{\"@type\":\"WebPage\",\"@id\":\"https:\\\/\\\/suresms.com\\\/dk\\\/politikker\\\/anti-spam\\\/\",\"url\":\"https:\\\/\\\/suresms.com\\\/dk\\\/politikker\\\/anti-spam\\\/\",\"name\":\"Anti-spam politik -\",\"isPartOf\":{\"@id\":\"https:\\\/\\\/suresms.com\\\/en\\\/#website\"},\"datePublished\":\"2024-11-24T17:01:27+00:00\",\"dateModified\":\"2025-07-17T07:31:16+00:00\",\"breadcrumb\":{\"@id\":\"https:\\\/\\\/suresms.com\\\/dk\\\/politikker\\\/anti-spam\\\/#breadcrumb\"},\"inLanguage\":\"de\",\"potentialAction\":[{\"@type\":\"ReadAction\",\"target\":[\"https:\\\/\\\/suresms.com\\\/dk\\\/politikker\\\/anti-spam\\\/\"]}]},{\"@type\":\"BreadcrumbList\",\"@id\":\"https:\\\/\\\/suresms.com\\\/dk\\\/politikker\\\/anti-spam\\\/#breadcrumb\",\"itemListElement\":[{\"@type\":\"ListItem\",\"position\":1,\"name\":\"Home\",\"item\":\"https:\\\/\\\/suresms.com\\\/dk\\\/\"},{\"@type\":\"ListItem\",\"position\":2,\"name\":\"Politikker\",\"item\":\"https:\\\/\\\/suresms.com\\\/politikker\\\/\"},{\"@type\":\"ListItem\",\"position\":3,\"name\":\"Anti-spam politik\"}]},{\"@type\":\"WebSite\",\"@id\":\"https:\\\/\\\/suresms.com\\\/en\\\/#website\",\"url\":\"https:\\\/\\\/suresms.com\\\/en\\\/\",\"name\":\"SureSMS\",\"description\":\"Professionel SMS Gateway\",\"publisher\":{\"@id\":\"https:\\\/\\\/suresms.com\\\/en\\\/#organization\"},\"potentialAction\":[{\"@type\":\"SearchAction\",\"target\":{\"@type\":\"EntryPoint\",\"urlTemplate\":\"https:\\\/\\\/suresms.com\\\/en\\\/?s={search_term_string}\"},\"query-input\":{\"@type\":\"PropertyValueSpecification\",\"valueRequired\":true,\"valueName\":\"search_term_string\"}}],\"inLanguage\":\"de\"},{\"@type\":\"Organization\",\"@id\":\"https:\\\/\\\/suresms.com\\\/en\\\/#organization\",\"name\":\"SureSMS\",\"url\":\"https:\\\/\\\/suresms.com\\\/en\\\/\",\"logo\":{\"@type\":\"ImageObject\",\"inLanguage\":\"de\",\"@id\":\"https:\\\/\\\/suresms.com\\\/en\\\/#\\\/schema\\\/logo\\\/image\\\/\",\"url\":\"https:\\\/\\\/suresms.com\\\/wp-content\\\/uploads\\\/2024\\\/11\\\/suresms-300x65-1.png\",\"contentUrl\":\"https:\\\/\\\/suresms.com\\\/wp-content\\\/uploads\\\/2024\\\/11\\\/suresms-300x65-1.png\",\"width\":300,\"height\":65,\"caption\":\"SureSMS\"},\"image\":{\"@id\":\"https:\\\/\\\/suresms.com\\\/en\\\/#\\\/schema\\\/logo\\\/image\\\/\"},\"sameAs\":[\"https:\\\/\\\/www.facebook.com\\\/p\\\/SureSMS-100044607956149\\\/\"]}]}<\/script>\r\n<!-- \/ Yoast SEO Premium plugin. -->","yoast_head_json":{"title":"Anti-Spam-Politik","robots":{"index":"index","follow":"follow","max-snippet":"max-snippet:-1","max-image-preview":"max-image-preview:large","max-video-preview":"max-video-preview:-1"},"canonical":"https:\/\/suresms.com\/de\/merkmale\/datenschutzbestimmungen-2\/","og_locale":"de_DE","og_type":"article","og_title":"Anti-spam politik","og_description":"SureSMS Anti-Spam Politik Hos SureSMS har vi en nultolerancepolitik over for spam. Spam defineres som uopfordret kommunikation til mobilbrugere, som ikke har givet deres eksplicitte samtykke (opt-in) til at modtage dine SMS-beskeder. Hvis vi bliver opm\u00e6rksomme p\u00e5, at du overtr\u00e6der denne politik, vil din konto blive lukket med \u00f8jeblikkelig virkning. Har du mistanke om, at ... Weiterlesen","og_url":"https:\/\/suresms.com\/de\/merkmale\/datenschutzbestimmungen-2\/","article_publisher":"https:\/\/www.facebook.com\/p\/SureSMS-100044607956149\/","article_modified_time":"2025-07-17T07:31:16+00:00","twitter_card":"summary_large_image","twitter_misc":{"Gesch\u00e4tzte Lesezeit":"2\u00a0Minuten"},"schema":{"@context":"https:\/\/schema.org","@graph":[{"@type":"WebPage","@id":"https:\/\/suresms.com\/dk\/politikker\/anti-spam\/","url":"https:\/\/suresms.com\/dk\/politikker\/anti-spam\/","name":"Anti-Spam-Politik","isPartOf":{"@id":"https:\/\/suresms.com\/en\/#website"},"datePublished":"2024-11-24T17:01:27+00:00","dateModified":"2025-07-17T07:31:16+00:00","breadcrumb":{"@id":"https:\/\/suresms.com\/dk\/politikker\/anti-spam\/#breadcrumb"},"inLanguage":"de","potentialAction":[{"@type":"ReadAction","target":["https:\/\/suresms.com\/dk\/politikker\/anti-spam\/"]}]},{"@type":"BreadcrumbList","@id":"https:\/\/suresms.com\/dk\/politikker\/anti-spam\/#breadcrumb","itemListElement":[{"@type":"ListItem","position":1,"name":"Home","item":"https:\/\/suresms.com\/dk\/"},{"@type":"ListItem","position":2,"name":"Politikker","item":"https:\/\/suresms.com\/politikker\/"},{"@type":"ListItem","position":3,"name":"Anti-spam politik"}]},{"@type":"WebSite","@id":"https:\/\/suresms.com\/en\/#website","url":"https:\/\/suresms.com\/en\/","name":"SureSMS","description":"Professioneller SMS-Gateway","publisher":{"@id":"https:\/\/suresms.com\/en\/#organization"},"potentialAction":[{"@type":"SearchAction","target":{"@type":"EntryPoint","urlTemplate":"https:\/\/suresms.com\/en\/?s={search_term_string}"},"query-input":{"@type":"PropertyValueSpecification","valueRequired":true,"valueName":"search_term_string"}}],"inLanguage":"de"},{"@type":"Organization","@id":"https:\/\/suresms.com\/en\/#organization","name":"SureSMS","url":"https:\/\/suresms.com\/en\/","logo":{"@type":"ImageObject","inLanguage":"de","@id":"https:\/\/suresms.com\/en\/#\/schema\/logo\/image\/","url":"https:\/\/suresms.com\/wp-content\/uploads\/2024\/11\/suresms-300x65-1.png","contentUrl":"https:\/\/suresms.com\/wp-content\/uploads\/2024\/11\/suresms-300x65-1.png","width":300,"height":65,"caption":"SureSMS"},"image":{"@id":"https:\/\/suresms.com\/en\/#\/schema\/logo\/image\/"},"sameAs":["https:\/\/www.facebook.com\/p\/SureSMS-100044607956149\/"]}]}},"_links":{"self":[{"href":"https:\/\/suresms.com\/de\/wp-json\/wp\/v2\/pages\/19129","targetHints":{"allow":["GET"]}}],"collection":[{"href":"https:\/\/suresms.com\/de\/wp-json\/wp\/v2\/pages"}],"about":[{"href":"https:\/\/suresms.com\/de\/wp-json\/wp\/v2\/types\/page"}],"author":[{"embeddable":true,"href":"https:\/\/suresms.com\/de\/wp-json\/wp\/v2\/users\/1"}],"replies":[{"embeddable":true,"href":"https:\/\/suresms.com\/de\/wp-json\/wp\/v2\/comments?post=19129"}],"version-history":[{"count":4,"href":"https:\/\/suresms.com\/de\/wp-json\/wp\/v2\/pages\/19129\/revisions"}],"predecessor-version":[{"id":23452,"href":"https:\/\/suresms.com\/de\/wp-json\/wp\/v2\/pages\/19129\/revisions\/23452"}],"up":[{"embeddable":true,"href":"https:\/\/suresms.com\/de\/wp-json\/wp\/v2\/pages\/19124"}],"wp:attachment":[{"href":"https:\/\/suresms.com\/de\/wp-json\/wp\/v2\/media?parent=19129"}],"wp:term":[{"taxonomy":"category","embeddable":true,"href":"https:\/\/suresms.com\/de\/wp-json\/wp\/v2\/categories?post=19129"},{"taxonomy":"post_tag","embeddable":true,"href":"https:\/\/suresms.com\/de\/wp-json\/wp\/v2\/tags?post=19129"}],"curies":[{"name":"wp","href":"https:\/\/api.w.org\/{rel}","templated":true}]}}