{"id":19124,"date":"2024-11-24T16:54:29","date_gmt":"2024-11-24T16:54:29","guid":{"rendered":"https:\/\/suresms.com\/?page_id=19124"},"modified":"2024-11-24T17:09:19","modified_gmt":"2024-11-24T17:09:19","slug":"merkmale","status":"publish","type":"page","link":"https:\/\/suresms.com\/de\/politikker\/","title":{"rendered":"Politik"},"content":{"rendered":"<!-- Flexy Breadcrumb -->\r\n\t\t\t<div class=\"fbc fbc-page\">\r\n\r\n\t\t\t\t<!-- Breadcrumb wrapper -->\r\n\t\t\t\t<div class=\"fbc-wrap\">\r\n\r\n\t\t\t\t\t<!-- Ordered list-->\r\n\t\t\t\t\t<ol class=\"fbc-items\" itemscope itemtype=\"https:\/\/schema.org\/BreadcrumbList\">\r\n\t\t\t\t\t\t            <li itemprop=\"itemListElement\" itemscope itemtype=\"https:\/\/schema.org\/ListItem\">\r\n                <span itemprop=\"name\">\r\n                    <!-- Home Link -->\r\n                    <a itemprop=\"item\" href=\"https:\/\/suresms.com\/de\/\">\r\n                    \r\n                                                    <i class=\"fa fa-home\" aria-hidden=\"true\"><\/i>Zuhause                    <\/a>\r\n                <\/span>\r\n                <meta itemprop=\"position\" content=\"1\" \/><!-- Meta Position-->\r\n             <\/li><li><span class=\"fbc-separator\">\/<\/span><\/li><li class=\"active\" itemprop=\"itemListElement\" itemscope itemtype=\"https:\/\/schema.org\/ListItem\"><span itemprop=\"name\" title=\"Politik\">Politik<\/span><meta itemprop=\"position\" content=\"2\" \/><\/li>\t\t\t\t\t<\/ol>\r\n\t\t\t\t\t<div class=\"clearfix\"><\/div>\r\n\t\t\t\t<\/div>\r\n\t\t\t<\/div>\r\n\t\t\t\n\t<h1>Politik<\/h1>\n<p>Bei SureSMS legen wir Wert auf Transparenz und Verantwortlichkeit. Wir haben unsere Richtlinien hier zusammengestellt, damit du leicht herausfinden kannst, wie wir deine Rechte sch\u00fctzen, mit Daten umgehen und sicherstellen, dass unsere Dienste den h\u00f6chsten Standards entsprechen.<\/p>\n<h3>Unsere Politiken<\/h3>\n<ul>\n<li><strong><a href=\"https:\/\/suresms.com\/de\/uber-suresms\/datenschutzbestimmungen\/\">Datenschutzrichtlinie<\/a>:<\/strong> Wir nehmen deine Privatsph\u00e4re ernst. Lies, wie wir deine pers\u00f6nlichen Daten sch\u00fctzen und sicherstellen, dass sie im Einklang mit den geltenden Gesetzen verarbeitet werden.<\/li>\n<li><strong><a href=\"https:\/\/suresms.com\/de\/gdpr\/\">Politik der Datenverarbeitung<\/a>:<\/strong> Wir gew\u00e4hrleisten einen sicheren und verantwortungsvollen Umgang mit deinen Daten, einschlie\u00dflich der Speicherung, Verarbeitung und Weitergabe von Informationen.<\/li>\n<li><strong><a href=\"https:\/\/suresms.com\/de\/uber-suresms\/cookie-and-privacy-policy-suresms\/\">Cookies &amp; Tracking<\/a>:<\/strong> Um dir das beste Nutzererlebnis zu bieten, verwenden wir Cookies. Hier erf\u00e4hrst du, wie sie verwendet werden und wie du deine Einstellungen anpassen kannst.<\/li>\n<li><strong><a href=\"https:\/\/suresms.com\/de\/merkmale\/datenschutzbestimmungen-2\/\">Anti-Spam-Politik<\/a>:<\/strong> Wir respektieren deinen Posteingang. Hier erf\u00e4hrst du, wie wir Spam vermeiden und sicherstellen, dass du nur relevante Nachrichten erh\u00e4ltst.<\/li>\n<\/ul>\n<p>Du kannst uns jederzeit kontaktieren, wenn du Fragen hast oder weitere Informationen \u00fcber unsere Richtlinien ben\u00f6tigst. Unser Ziel ist es, dass du dich sicher und gut informiert f\u00fchlst, wenn du unsere Dienste nutzt.<\/p>","protected":false},"excerpt":{"rendered":"<p>Richtlinien Bei SureSMS legen wir Wert auf Transparenz und Verantwortlichkeit. Wir haben unsere Richtlinien hier zusammengefasst, damit du leicht herausfinden kannst, wie wir deine Rechte sch\u00fctzen, mit Daten umgehen und sicherstellen, dass unsere Dienste den h\u00f6chsten Standards entsprechen. Unsere Richtlinien Datenschutzrichtlinie: Wir nehmen deine Privatsph\u00e4re ernst. Lies, wie wir deine pers\u00f6nlichen ... <a title=\"Politik\" class=\"read-more\" href=\"https:\/\/suresms.com\/de\/politikker\/\" aria-label=\"Mehr Informationen \u00fcber Politikker\">Mehr lesen<\/a><\/p>","protected":false},"author":1,"featured_media":0,"parent":0,"menu_order":3,"comment_status":"closed","ping_status":"closed","template":"","meta":{"_fl_builder_enabled":"1","_fl_builder_data":null,"_fl_builder_draft":null,"_fl_builder_data_settings":null,"_fl_builder_css":"","_fl_builder_css_version":"","_fl_builder_js":"","footnotes":""},"categories":[],"tags":[],"class_list":["post-19124","page","type-page","status-publish"],"yoast_head":"<!-- This site is optimized with the Yoast SEO Premium plugin v27.3 (Yoast SEO v27.3) - https:\/\/yoast.com\/product\/yoast-seo-premium-wordpress\/ -->\r\n<title>Sms markedsf\u00f8ring | Hvad betyder dette ? \u2192 Brug suresms.com<\/title>\r\n<meta name=\"description\" content=\"Hvad betyder det? F\u00e5 den n\u00f8dvendige hj\u00e6lp lige her til sms markedsf\u00f8ring. Suresms.com giver gode r\u00e5d, n\u00e5r det g\u00e6lder markedsf\u00f8ring.\" \/>\r\n<meta name=\"robots\" content=\"index, follow, max-snippet:-1, max-image-preview:large, max-video-preview:-1\" \/>\r\n<link rel=\"canonical\" href=\"https:\/\/suresms.com\/de\/merkmale\/\" \/>\r\n<meta property=\"og:locale\" content=\"de_DE\" \/>\r\n<meta property=\"og:type\" content=\"article\" \/>\r\n<meta property=\"og:title\" content=\"Fleksibele SMS l\u00f8sninger til udviklere og virksomheder\" \/>\r\n<meta property=\"og:description\" content=\"Se de mange funktioner og features, som f\u00f8lger med vores SureSMS L\u00f8sning. Find inspiration til , hvordan du let kan bruge SMS&#039;er til kkommunikation med alle typer brugere og systemer.\" \/>\r\n<meta property=\"og:url\" content=\"https:\/\/suresms.com\/de\/merkmale\/\" \/>\r\n<meta property=\"article:publisher\" content=\"https:\/\/www.facebook.com\/p\/SureSMS-100044607956149\/\" \/>\r\n<meta property=\"article:modified_time\" content=\"2024-11-24T17:09:19+00:00\" \/>\r\n<meta property=\"og:image\" content=\"https:\/\/suresms.com\/wp-content\/uploads\/2016\/06\/SMS-til-butikker.jpg\" \/>\r\n\t<meta property=\"og:image:width\" content=\"400\" \/>\r\n\t<meta property=\"og:image:height\" content=\"266\" \/>\r\n\t<meta property=\"og:image:type\" content=\"image\/jpeg\" \/>\r\n<meta name=\"twitter:card\" content=\"summary_large_image\" \/>\r\n<meta name=\"twitter:title\" content=\"Politikker\" \/>\r\n<meta name=\"twitter:label1\" content=\"Gesch\u00e4tzte Lesezeit\" \/>\n\t<meta name=\"twitter:data1\" content=\"7\u00a0Minuten\" \/>\r\n<script type=\"application\/ld+json\" class=\"yoast-schema-graph\">{\"@context\":\"https:\\\/\\\/schema.org\",\"@graph\":[{\"@type\":\"WebPage\",\"@id\":\"https:\\\/\\\/suresms.com\\\/politikker\\\/\",\"url\":\"https:\\\/\\\/suresms.com\\\/politikker\\\/\",\"name\":\"Sms markedsf\u00f8ring | Hvad betyder dette ? \u2192 Brug suresms.com\",\"isPartOf\":{\"@id\":\"https:\\\/\\\/suresms.com\\\/en\\\/#website\"},\"datePublished\":\"2024-11-24T16:54:29+00:00\",\"dateModified\":\"2024-11-24T17:09:19+00:00\",\"description\":\"Hvad betyder det? F\u00e5 den n\u00f8dvendige hj\u00e6lp lige her til sms markedsf\u00f8ring. Suresms.com giver gode r\u00e5d, n\u00e5r det g\u00e6lder markedsf\u00f8ring.\",\"breadcrumb\":{\"@id\":\"https:\\\/\\\/suresms.com\\\/politikker\\\/#breadcrumb\"},\"inLanguage\":\"de\",\"potentialAction\":[{\"@type\":\"ReadAction\",\"target\":[\"https:\\\/\\\/suresms.com\\\/politikker\\\/\"]}]},{\"@type\":\"BreadcrumbList\",\"@id\":\"https:\\\/\\\/suresms.com\\\/politikker\\\/#breadcrumb\",\"itemListElement\":[{\"@type\":\"ListItem\",\"position\":1,\"name\":\"Home\",\"item\":\"https:\\\/\\\/suresms.com\\\/dk\\\/\"},{\"@type\":\"ListItem\",\"position\":2,\"name\":\"Politikker\"}]},{\"@type\":\"WebSite\",\"@id\":\"https:\\\/\\\/suresms.com\\\/en\\\/#website\",\"url\":\"https:\\\/\\\/suresms.com\\\/en\\\/\",\"name\":\"SureSMS\",\"description\":\"Professionel SMS Gateway\",\"publisher\":{\"@id\":\"https:\\\/\\\/suresms.com\\\/en\\\/#organization\"},\"potentialAction\":[{\"@type\":\"SearchAction\",\"target\":{\"@type\":\"EntryPoint\",\"urlTemplate\":\"https:\\\/\\\/suresms.com\\\/en\\\/?s={search_term_string}\"},\"query-input\":{\"@type\":\"PropertyValueSpecification\",\"valueRequired\":true,\"valueName\":\"search_term_string\"}}],\"inLanguage\":\"de\"},{\"@type\":\"Organization\",\"@id\":\"https:\\\/\\\/suresms.com\\\/en\\\/#organization\",\"name\":\"SureSMS\",\"url\":\"https:\\\/\\\/suresms.com\\\/en\\\/\",\"logo\":{\"@type\":\"ImageObject\",\"inLanguage\":\"de\",\"@id\":\"https:\\\/\\\/suresms.com\\\/en\\\/#\\\/schema\\\/logo\\\/image\\\/\",\"url\":\"https:\\\/\\\/suresms.com\\\/wp-content\\\/uploads\\\/2024\\\/11\\\/suresms-300x65-1.png\",\"contentUrl\":\"https:\\\/\\\/suresms.com\\\/wp-content\\\/uploads\\\/2024\\\/11\\\/suresms-300x65-1.png\",\"width\":300,\"height\":65,\"caption\":\"SureSMS\"},\"image\":{\"@id\":\"https:\\\/\\\/suresms.com\\\/en\\\/#\\\/schema\\\/logo\\\/image\\\/\"},\"sameAs\":[\"https:\\\/\\\/www.facebook.com\\\/p\\\/SureSMS-100044607956149\\\/\"]}]}<\/script>\r\n<!-- \/ Yoast SEO Premium plugin. -->","yoast_head_json":{"title":"SMS-Marketing | Was bedeutet das? \u2192 suresms.com verwenden","description":"Was bedeutet das? Hier bekommst du die Hilfe, die du f\u00fcr SMS-Marketing brauchst. Suresms.com bietet gro\u00dfartige Ratschl\u00e4ge, wenn es um Marketing geht.","robots":{"index":"index","follow":"follow","max-snippet":"max-snippet:-1","max-image-preview":"max-image-preview:large","max-video-preview":"max-video-preview:-1"},"canonical":"https:\/\/suresms.com\/de\/merkmale\/","og_locale":"de_DE","og_type":"article","og_title":"Fleksibele SMS l\u00f8sninger til udviklere og virksomheder","og_description":"Se de mange funktioner og features, som f\u00f8lger med vores SureSMS L\u00f8sning. Find inspiration til , hvordan du let kan bruge SMS'er til kkommunikation med alle typer brugere og systemer.","og_url":"https:\/\/suresms.com\/de\/merkmale\/","article_publisher":"https:\/\/www.facebook.com\/p\/SureSMS-100044607956149\/","article_modified_time":"2024-11-24T17:09:19+00:00","og_image":[{"width":400,"height":266,"url":"https:\/\/suresms.com\/wp-content\/uploads\/2016\/06\/SMS-til-butikker.jpg","type":"image\/jpeg"}],"twitter_card":"summary_large_image","twitter_title":"Politikker","twitter_misc":{"Gesch\u00e4tzte Lesezeit":"7\u00a0Minuten"},"schema":{"@context":"https:\/\/schema.org","@graph":[{"@type":"WebPage","@id":"https:\/\/suresms.com\/politikker\/","url":"https:\/\/suresms.com\/politikker\/","name":"SMS-Marketing | Was bedeutet das? \u2192 suresms.com verwenden","isPartOf":{"@id":"https:\/\/suresms.com\/en\/#website"},"datePublished":"2024-11-24T16:54:29+00:00","dateModified":"2024-11-24T17:09:19+00:00","description":"Was bedeutet das? Hier bekommst du die Hilfe, die du f\u00fcr SMS-Marketing brauchst. Suresms.com bietet gro\u00dfartige Ratschl\u00e4ge, wenn es um Marketing geht.","breadcrumb":{"@id":"https:\/\/suresms.com\/politikker\/#breadcrumb"},"inLanguage":"de","potentialAction":[{"@type":"ReadAction","target":["https:\/\/suresms.com\/politikker\/"]}]},{"@type":"BreadcrumbList","@id":"https:\/\/suresms.com\/politikker\/#breadcrumb","itemListElement":[{"@type":"ListItem","position":1,"name":"Home","item":"https:\/\/suresms.com\/dk\/"},{"@type":"ListItem","position":2,"name":"Politikker"}]},{"@type":"WebSite","@id":"https:\/\/suresms.com\/en\/#website","url":"https:\/\/suresms.com\/en\/","name":"SureSMS","description":"Professioneller SMS-Gateway","publisher":{"@id":"https:\/\/suresms.com\/en\/#organization"},"potentialAction":[{"@type":"SearchAction","target":{"@type":"EntryPoint","urlTemplate":"https:\/\/suresms.com\/en\/?s={search_term_string}"},"query-input":{"@type":"PropertyValueSpecification","valueRequired":true,"valueName":"search_term_string"}}],"inLanguage":"de"},{"@type":"Organization","@id":"https:\/\/suresms.com\/en\/#organization","name":"SureSMS","url":"https:\/\/suresms.com\/en\/","logo":{"@type":"ImageObject","inLanguage":"de","@id":"https:\/\/suresms.com\/en\/#\/schema\/logo\/image\/","url":"https:\/\/suresms.com\/wp-content\/uploads\/2024\/11\/suresms-300x65-1.png","contentUrl":"https:\/\/suresms.com\/wp-content\/uploads\/2024\/11\/suresms-300x65-1.png","width":300,"height":65,"caption":"SureSMS"},"image":{"@id":"https:\/\/suresms.com\/en\/#\/schema\/logo\/image\/"},"sameAs":["https:\/\/www.facebook.com\/p\/SureSMS-100044607956149\/"]}]}},"_links":{"self":[{"href":"https:\/\/suresms.com\/de\/wp-json\/wp\/v2\/pages\/19124","targetHints":{"allow":["GET"]}}],"collection":[{"href":"https:\/\/suresms.com\/de\/wp-json\/wp\/v2\/pages"}],"about":[{"href":"https:\/\/suresms.com\/de\/wp-json\/wp\/v2\/types\/page"}],"author":[{"embeddable":true,"href":"https:\/\/suresms.com\/de\/wp-json\/wp\/v2\/users\/1"}],"replies":[{"embeddable":true,"href":"https:\/\/suresms.com\/de\/wp-json\/wp\/v2\/comments?post=19124"}],"version-history":[{"count":4,"href":"https:\/\/suresms.com\/de\/wp-json\/wp\/v2\/pages\/19124\/revisions"}],"predecessor-version":[{"id":19138,"href":"https:\/\/suresms.com\/de\/wp-json\/wp\/v2\/pages\/19124\/revisions\/19138"}],"wp:attachment":[{"href":"https:\/\/suresms.com\/de\/wp-json\/wp\/v2\/media?parent=19124"}],"wp:term":[{"taxonomy":"category","embeddable":true,"href":"https:\/\/suresms.com\/de\/wp-json\/wp\/v2\/categories?post=19124"},{"taxonomy":"post_tag","embeddable":true,"href":"https:\/\/suresms.com\/de\/wp-json\/wp\/v2\/tags?post=19124"}],"curies":[{"name":"wp","href":"https:\/\/api.w.org\/{rel}","templated":true}]}}