{"id":19014,"date":"2024-11-19T19:02:34","date_gmt":"2024-11-19T19:02:34","guid":{"rendered":"https:\/\/suresms.com\/?page_id=19014"},"modified":"2025-01-04T23:12:33","modified_gmt":"2025-01-04T23:12:33","slug":"sms-losung-fur-gemeinsame-bibliothekssysteme-2","status":"publish","type":"page","link":"https:\/\/suresms.com\/de\/integrationer\/fagsystem-sms-integration\/businnes-central\/","title":{"rendered":"SMS-L\u00f6sung f\u00fcr Business Central"},"content":{"rendered":"<h1>\n\t\tBusiness Central\n\t<\/h1>\n<p><strong>Integration mit Business Central: Effiziente SMS-Kommunikation<\/strong><\/p>\n<p>Unser SMS-Modul f\u00fcr Business Central bietet Unternehmen eine einfache und effiziente M\u00f6glichkeit, SMS-Kommunikation direkt in ihr bestehendes Gesch\u00e4ftssystem zu integrieren. Diese Integration soll es Unternehmen leicht machen, SMS-Nachrichten zu versenden und zu verfolgen, egal ob an Kunden, Partner oder Mitarbeiter. Das kannst du erwarten:<\/p>\n<hr \/>\n<h3><strong>Merkmale und Optionen<\/strong><\/h3>\n<p><strong>1. SMS direkt aus Business Central senden<\/strong><\/p>\n<ul>\n<li>Sende Nachrichten aus verschiedenen Modulen, wie z.B. Kundenauftr\u00e4ge, Angebote und Serviceauftr\u00e4ge.<\/li>\n<li>Richte Standardmeldungen f\u00fcr den Beginn und das Ende von Bestellungen ein, z. B. \"Ihr Artikel ist abholbereit\".<\/li>\n<\/ul>\n<p><strong>2. Protokoll und Statusaktualisierung<\/strong><\/p>\n<ul>\n<li>Alle gesendeten Nachrichten werden in einem Protokoll gespeichert, in dem du den Status der Zustellung einsehen und abrufen kannst.<\/li>\n<li>Option zur manuellen Aktualisierung des Status, damit du verfolgen kannst, ob die Nachrichten zugestellt wurden.<\/li>\n<\/ul>\n<p><strong>3. Automatisierte Prozesse<\/strong><\/p>\n<ul>\n<li>Richte Regeln daf\u00fcr ein, welche Handynummern verwendet werden, z. B. vom Schuldner oder einer Standardkontaktperson.<\/li>\n<li>Reporting-Tools f\u00fcr die Massenverteilung auf der Grundlage bestimmter Kriterien, z. B. f\u00fcr Kampagnen oder Mahnungen.<\/li>\n<\/ul>\n<p><strong>4) Cloud- oder On-Premise-L\u00f6sung<\/strong><\/p>\n<ul>\n<li>Das Modul funktioniert sowohl mit Cloud- als auch mit On-Premise-Installationen von Business Central.<\/li>\n<\/ul>\n<hr \/>\n<h3><strong>Vorteile der Integration<\/strong><\/h3>\n<ul>\n<li><strong>Zeitersparnis:<\/strong> Vermeide die manuelle Anmeldung bei externen SMS-Plattformen. Alles ist direkt in Business Central verf\u00fcgbar.<\/li>\n<li><strong>Bessere Kundenerfahrung:<\/strong> Halte deine Kunden mit schnellen und pr\u00e4zisen Nachrichten \u00fcber Bestellstatus und Termine auf dem Laufenden.<\/li>\n<li><strong>Klare Verwaltung:<\/strong> Verschaffe dir einen vollst\u00e4ndigen \u00dcberblick \u00fcber deine SMS-Nachrichten mit Protokoll und Status-Updates.<\/li>\n<li><strong>Flexibilit\u00e4t:<\/strong> Passe die Nachrichten an deine spezifischen Bed\u00fcrfnisse und Prozesse an.<\/li>\n<\/ul>\n<hr \/>\n<h3><strong>Preis<\/strong><\/h3>\n<p>Das Modul kostet <strong>100 kr. pro Monat<\/strong>. Mit diesem niedrigen Preis kannst du schnell Zeit sparen und deine Kommunikation rationalisieren. F\u00fcr Unternehmen, die bereits SMS als Teil ihres Betriebs nutzen, sind die Einsparungen an Arbeitszeit und Ressourcen erheblich.<\/p>\n<hr \/>\n<h3><strong>Los geht's<\/strong><\/h3>\n<p>Kontaktiere uns f\u00fcr eine Demonstration oder wenn du Fragen dazu hast, wie das Modul in deine L\u00f6sung implementiert werden kann. Wir helfen dir gerne bei der Einrichtung und Anpassung an die Bed\u00fcrfnisse deines Unternehmens.<\/p>\n<p>F\u00fclle das untenstehende Formular aus oder rufe uns noch heute an, um weitere Informationen zu erhalten.<\/p>","protected":false},"excerpt":{"rendered":"<p>Business Central Integration f\u00fcr Business Central: Effiziente SMS-Kommunikation Unser SMS-Modul f\u00fcr Business Central bietet Unternehmen eine einfache und effiziente M\u00f6glichkeit, SMS-Kommunikation direkt in ihr bestehendes Gesch\u00e4ftssystem zu integrieren. Diese Integration macht es Unternehmen leicht, SMS-Nachrichten zu versenden und zu verfolgen, egal ob an Kunden, Partner oder Mitarbeiter. Und so geht's... <a title=\"SMS-L\u00f6sung f\u00fcr Business Central\" class=\"read-more\" href=\"https:\/\/suresms.com\/de\/integrationer\/fagsystem-sms-integration\/businnes-central\/\" aria-label=\"Weitere Informationen zur SMS-L\u00f6sung f\u00fcr Business Central\">Mehr lesen<\/a><\/p>","protected":false},"author":1,"featured_media":0,"parent":18069,"menu_order":0,"comment_status":"closed","ping_status":"closed","template":"","meta":{"_fl_builder_enabled":"1","_fl_builder_data":null,"_fl_builder_draft":null,"_fl_builder_data_settings":null,"_fl_builder_css":"","_fl_builder_css_version":"","_fl_builder_js":"","footnotes":""},"categories":[],"tags":[],"class_list":["post-19014","page","type-page","status-publish"],"yoast_head":"<!-- This site is optimized with the Yoast SEO Premium plugin v27.3 (Yoast SEO v27.3) - https:\/\/yoast.com\/product\/yoast-seo-premium-wordpress\/ -->\r\n<title>Fbs \u2192 Nem oprettelse og hurtige resultater med dette system<\/title>\r\n<meta name=\"description\" content=\"Find et nemt online system med SMS services og f\u00e5 hurtigt kontakt til dine kunder. Ny og effektiv SMS l\u00f8sning til fbs.\" \/>\r\n<meta name=\"robots\" content=\"index, follow, max-snippet:-1, max-image-preview:large, max-video-preview:-1\" \/>\r\n<link rel=\"canonical\" href=\"https:\/\/suresms.com\/de\/integrationen\/cms-content-management-system-sms-integration-3\/sms-losung-fur-gemeinsame-bibliothekssysteme-2\/\" \/>\r\n<meta property=\"og:locale\" content=\"de_DE\" \/>\r\n<meta property=\"og:type\" content=\"article\" \/>\r\n<meta property=\"og:title\" content=\"SMS L\u00f8sning til F\u00e6lles Bibliotekssystem (FBS) Cicero\" \/>\r\n<meta property=\"og:description\" content=\"Lige nu udrulles Cicero (FBS) p\u00e5 folkebiblioteker og p\u00e6dagogiske l\u00e6ringscentre rundt omkring i landet. SureSMS leverer en kvalitets SMS l\u00f8sning fuldt integrerbar med det nye system. Nem ops\u00e6tning, gratis oprettelse og intet abonnement. 14 \u00f8re pr. SMS.\" \/>\r\n<meta property=\"og:url\" content=\"https:\/\/suresms.com\/de\/integrationen\/cms-content-management-system-sms-integration-3\/sms-losung-fur-gemeinsame-bibliothekssysteme-2\/\" \/>\r\n<meta property=\"article:publisher\" content=\"https:\/\/www.facebook.com\/p\/SureSMS-100044607956149\/\" \/>\r\n<meta property=\"article:modified_time\" content=\"2025-01-04T23:12:33+00:00\" \/>\r\n<meta property=\"og:image\" content=\"https:\/\/suresms.com\/wp-content\/uploads\/2016\/10\/SMS-Loesning-til-FBS-1.jpg\" \/>\r\n\t<meta property=\"og:image:width\" content=\"1200\" \/>\r\n\t<meta property=\"og:image:height\" content=\"600\" \/>\r\n\t<meta property=\"og:image:type\" content=\"image\/jpeg\" \/>\r\n<meta name=\"twitter:card\" content=\"summary_large_image\" \/>\r\n<meta name=\"twitter:title\" content=\"SMS l\u00f8sning til Business Central\" \/>\r\n<meta name=\"twitter:label1\" content=\"Gesch\u00e4tzte Lesezeit\" \/>\n\t<meta name=\"twitter:data1\" content=\"5\u00a0Minuten\" \/>\r\n<script type=\"application\/ld+json\" class=\"yoast-schema-graph\">{\"@context\":\"https:\\\/\\\/schema.org\",\"@graph\":[{\"@type\":\"WebPage\",\"@id\":\"https:\\\/\\\/suresms.com\\\/dk\\\/integrationer\\\/fagsystem-sms-integration\\\/businnes-central\\\/\",\"url\":\"https:\\\/\\\/suresms.com\\\/dk\\\/integrationer\\\/fagsystem-sms-integration\\\/businnes-central\\\/\",\"name\":\"Fbs \u2192 Nem oprettelse og hurtige resultater med dette system\",\"isPartOf\":{\"@id\":\"https:\\\/\\\/suresms.com\\\/en\\\/#website\"},\"datePublished\":\"2024-11-19T19:02:34+00:00\",\"dateModified\":\"2025-01-04T23:12:33+00:00\",\"description\":\"Find et nemt online system med SMS services og f\u00e5 hurtigt kontakt til dine kunder. Ny og effektiv SMS l\u00f8sning til fbs.\",\"breadcrumb\":{\"@id\":\"https:\\\/\\\/suresms.com\\\/dk\\\/integrationer\\\/fagsystem-sms-integration\\\/businnes-central\\\/#breadcrumb\"},\"inLanguage\":\"de\",\"potentialAction\":[{\"@type\":\"ReadAction\",\"target\":[\"https:\\\/\\\/suresms.com\\\/dk\\\/integrationer\\\/fagsystem-sms-integration\\\/businnes-central\\\/\"]}]},{\"@type\":\"BreadcrumbList\",\"@id\":\"https:\\\/\\\/suresms.com\\\/dk\\\/integrationer\\\/fagsystem-sms-integration\\\/businnes-central\\\/#breadcrumb\",\"itemListElement\":[{\"@type\":\"ListItem\",\"position\":1,\"name\":\"Home\",\"item\":\"https:\\\/\\\/suresms.com\\\/dk\\\/\"},{\"@type\":\"ListItem\",\"position\":2,\"name\":\"Integrationer\",\"item\":\"https:\\\/\\\/suresms.com\\\/dk\\\/integrationer\\\/\"},{\"@type\":\"ListItem\",\"position\":3,\"name\":\"SMS integration til fagsystemer\",\"item\":\"https:\\\/\\\/suresms.com\\\/dk\\\/integrationer\\\/fagsystem-sms-integration\\\/\"},{\"@type\":\"ListItem\",\"position\":4,\"name\":\"SMS l\u00f8sning til Business Central\"}]},{\"@type\":\"WebSite\",\"@id\":\"https:\\\/\\\/suresms.com\\\/en\\\/#website\",\"url\":\"https:\\\/\\\/suresms.com\\\/en\\\/\",\"name\":\"SureSMS\",\"description\":\"Professionel SMS Gateway\",\"publisher\":{\"@id\":\"https:\\\/\\\/suresms.com\\\/en\\\/#organization\"},\"potentialAction\":[{\"@type\":\"SearchAction\",\"target\":{\"@type\":\"EntryPoint\",\"urlTemplate\":\"https:\\\/\\\/suresms.com\\\/en\\\/?s={search_term_string}\"},\"query-input\":{\"@type\":\"PropertyValueSpecification\",\"valueRequired\":true,\"valueName\":\"search_term_string\"}}],\"inLanguage\":\"de\"},{\"@type\":\"Organization\",\"@id\":\"https:\\\/\\\/suresms.com\\\/en\\\/#organization\",\"name\":\"SureSMS\",\"url\":\"https:\\\/\\\/suresms.com\\\/en\\\/\",\"logo\":{\"@type\":\"ImageObject\",\"inLanguage\":\"de\",\"@id\":\"https:\\\/\\\/suresms.com\\\/en\\\/#\\\/schema\\\/logo\\\/image\\\/\",\"url\":\"https:\\\/\\\/suresms.com\\\/wp-content\\\/uploads\\\/2024\\\/11\\\/suresms-300x65-1.png\",\"contentUrl\":\"https:\\\/\\\/suresms.com\\\/wp-content\\\/uploads\\\/2024\\\/11\\\/suresms-300x65-1.png\",\"width\":300,\"height\":65,\"caption\":\"SureSMS\"},\"image\":{\"@id\":\"https:\\\/\\\/suresms.com\\\/en\\\/#\\\/schema\\\/logo\\\/image\\\/\"},\"sameAs\":[\"https:\\\/\\\/www.facebook.com\\\/p\\\/SureSMS-100044607956149\\\/\"]}]}<\/script>\r\n<!-- \/ Yoast SEO Premium plugin. -->","yoast_head_json":{"title":"Fbs \u2192 Einfache Erstellung und schnelle Ergebnisse mit diesem System","description":"Finde ein einfaches Online-System mit SMS-Diensten und nimm schnell Kontakt zu deinen Kunden auf. Neue und effiziente SMS-L\u00f6sung f\u00fcr fbs.","robots":{"index":"index","follow":"follow","max-snippet":"max-snippet:-1","max-image-preview":"max-image-preview:large","max-video-preview":"max-video-preview:-1"},"canonical":"https:\/\/suresms.com\/de\/integrationen\/cms-content-management-system-sms-integration-3\/sms-losung-fur-gemeinsame-bibliothekssysteme-2\/","og_locale":"de_DE","og_type":"article","og_title":"SMS L\u00f8sning til F\u00e6lles Bibliotekssystem (FBS) Cicero","og_description":"Lige nu udrulles Cicero (FBS) p\u00e5 folkebiblioteker og p\u00e6dagogiske l\u00e6ringscentre rundt omkring i landet. SureSMS leverer en kvalitets SMS l\u00f8sning fuldt integrerbar med det nye system. Nem ops\u00e6tning, gratis oprettelse og intet abonnement. 14 \u00f8re pr. SMS.","og_url":"https:\/\/suresms.com\/de\/integrationen\/cms-content-management-system-sms-integration-3\/sms-losung-fur-gemeinsame-bibliothekssysteme-2\/","article_publisher":"https:\/\/www.facebook.com\/p\/SureSMS-100044607956149\/","article_modified_time":"2025-01-04T23:12:33+00:00","og_image":[{"width":1200,"height":600,"url":"https:\/\/suresms.com\/wp-content\/uploads\/2016\/10\/SMS-Loesning-til-FBS-1.jpg","type":"image\/jpeg"}],"twitter_card":"summary_large_image","twitter_title":"SMS l\u00f8sning til Business Central","twitter_misc":{"Gesch\u00e4tzte Lesezeit":"5\u00a0Minuten"},"schema":{"@context":"https:\/\/schema.org","@graph":[{"@type":"WebPage","@id":"https:\/\/suresms.com\/dk\/integrationer\/fagsystem-sms-integration\/businnes-central\/","url":"https:\/\/suresms.com\/dk\/integrationer\/fagsystem-sms-integration\/businnes-central\/","name":"Fbs \u2192 Einfache Erstellung und schnelle Ergebnisse mit diesem System","isPartOf":{"@id":"https:\/\/suresms.com\/en\/#website"},"datePublished":"2024-11-19T19:02:34+00:00","dateModified":"2025-01-04T23:12:33+00:00","description":"Finde ein einfaches Online-System mit SMS-Diensten und nimm schnell Kontakt zu deinen Kunden auf. Neue und effiziente SMS-L\u00f6sung f\u00fcr fbs.","breadcrumb":{"@id":"https:\/\/suresms.com\/dk\/integrationer\/fagsystem-sms-integration\/businnes-central\/#breadcrumb"},"inLanguage":"de","potentialAction":[{"@type":"ReadAction","target":["https:\/\/suresms.com\/dk\/integrationer\/fagsystem-sms-integration\/businnes-central\/"]}]},{"@type":"BreadcrumbList","@id":"https:\/\/suresms.com\/dk\/integrationer\/fagsystem-sms-integration\/businnes-central\/#breadcrumb","itemListElement":[{"@type":"ListItem","position":1,"name":"Home","item":"https:\/\/suresms.com\/dk\/"},{"@type":"ListItem","position":2,"name":"Integrationer","item":"https:\/\/suresms.com\/dk\/integrationer\/"},{"@type":"ListItem","position":3,"name":"SMS integration til fagsystemer","item":"https:\/\/suresms.com\/dk\/integrationer\/fagsystem-sms-integration\/"},{"@type":"ListItem","position":4,"name":"SMS l\u00f8sning til Business Central"}]},{"@type":"WebSite","@id":"https:\/\/suresms.com\/en\/#website","url":"https:\/\/suresms.com\/en\/","name":"SureSMS","description":"Professioneller SMS-Gateway","publisher":{"@id":"https:\/\/suresms.com\/en\/#organization"},"potentialAction":[{"@type":"SearchAction","target":{"@type":"EntryPoint","urlTemplate":"https:\/\/suresms.com\/en\/?s={search_term_string}"},"query-input":{"@type":"PropertyValueSpecification","valueRequired":true,"valueName":"search_term_string"}}],"inLanguage":"de"},{"@type":"Organization","@id":"https:\/\/suresms.com\/en\/#organization","name":"SureSMS","url":"https:\/\/suresms.com\/en\/","logo":{"@type":"ImageObject","inLanguage":"de","@id":"https:\/\/suresms.com\/en\/#\/schema\/logo\/image\/","url":"https:\/\/suresms.com\/wp-content\/uploads\/2024\/11\/suresms-300x65-1.png","contentUrl":"https:\/\/suresms.com\/wp-content\/uploads\/2024\/11\/suresms-300x65-1.png","width":300,"height":65,"caption":"SureSMS"},"image":{"@id":"https:\/\/suresms.com\/en\/#\/schema\/logo\/image\/"},"sameAs":["https:\/\/www.facebook.com\/p\/SureSMS-100044607956149\/"]}]}},"_links":{"self":[{"href":"https:\/\/suresms.com\/de\/wp-json\/wp\/v2\/pages\/19014","targetHints":{"allow":["GET"]}}],"collection":[{"href":"https:\/\/suresms.com\/de\/wp-json\/wp\/v2\/pages"}],"about":[{"href":"https:\/\/suresms.com\/de\/wp-json\/wp\/v2\/types\/page"}],"author":[{"embeddable":true,"href":"https:\/\/suresms.com\/de\/wp-json\/wp\/v2\/users\/1"}],"replies":[{"embeddable":true,"href":"https:\/\/suresms.com\/de\/wp-json\/wp\/v2\/comments?post=19014"}],"version-history":[{"count":5,"href":"https:\/\/suresms.com\/de\/wp-json\/wp\/v2\/pages\/19014\/revisions"}],"predecessor-version":[{"id":19883,"href":"https:\/\/suresms.com\/de\/wp-json\/wp\/v2\/pages\/19014\/revisions\/19883"}],"up":[{"embeddable":true,"href":"https:\/\/suresms.com\/de\/wp-json\/wp\/v2\/pages\/18069"}],"wp:attachment":[{"href":"https:\/\/suresms.com\/de\/wp-json\/wp\/v2\/media?parent=19014"}],"wp:term":[{"taxonomy":"category","embeddable":true,"href":"https:\/\/suresms.com\/de\/wp-json\/wp\/v2\/categories?post=19014"},{"taxonomy":"post_tag","embeddable":true,"href":"https:\/\/suresms.com\/de\/wp-json\/wp\/v2\/tags?post=19014"}],"curies":[{"name":"wp","href":"https:\/\/api.w.org\/{rel}","templated":true}]}}