{"id":18649,"date":"2016-03-02T16:42:36","date_gmt":"2016-03-02T14:42:36","guid":{"rendered":"https:\/\/www.suresms.com\/dk\/?page_id=2100"},"modified":"2025-11-13T14:19:35","modified_gmt":"2025-11-13T14:19:35","slug":"sms-gruppe","status":"publish","type":"page","link":"https:\/\/suresms.com\/de\/funktioner\/gruppe-sms\/","title":{"rendered":"Gruppen-SMS: Erstellen und Versenden an Gruppen"},"content":{"rendered":"<!-- Flexy Breadcrumb -->\r\n\t\t\t<div class=\"fbc fbc-page\">\r\n\r\n\t\t\t\t<!-- Breadcrumb wrapper -->\r\n\t\t\t\t<div class=\"fbc-wrap\">\r\n\r\n\t\t\t\t\t<!-- Ordered list-->\r\n\t\t\t\t\t<ol class=\"fbc-items\" itemscope itemtype=\"https:\/\/schema.org\/BreadcrumbList\">\r\n\t\t\t\t\t\t            <li itemprop=\"itemListElement\" itemscope itemtype=\"https:\/\/schema.org\/ListItem\">\r\n                <span itemprop=\"name\">\r\n                    <!-- Home Link -->\r\n                    <a itemprop=\"item\" href=\"https:\/\/suresms.com\/de\/\">\r\n                    \r\n                                                    <i class=\"fa fa-home\" aria-hidden=\"true\"><\/i>Zuhause                    <\/a>\r\n                <\/span>\r\n                <meta itemprop=\"position\" content=\"1\" \/><!-- Meta Position-->\r\n             <\/li><li><span class=\"fbc-separator\">\/<\/span><\/li><li class=\"active\" itemprop=\"itemListElement\" itemscope itemtype=\"https:\/\/schema.org\/ListItem\"><span itemprop=\"name\" title=\"Gruppen-SMS: Erstellen und Versenden an Gruppen\">Gruppen-SMS: Erstellen &amp;...<\/span><meta itemprop=\"position\" content=\"2\" \/><\/li>\t\t\t\t\t<\/ol>\r\n\t\t\t\t\t<div class=\"clearfix\"><\/div>\r\n\t\t\t\t<\/div>\r\n\t\t\t<\/div>\r\n\t\t\t\n\t<h1><strong>Group SMS... Eine Funktion - viele M\u00f6glichkeiten<\/strong><\/h1>\n\t\t\t\t<img decoding=\"async\" src=\"https:\/\/suresms.com\/wp-content\/uploads\/2020\/11\/TeenagersTexting-1-1.png\" alt=\"SMS-Gruppe\" itemprop=\"image\" height=\"311\" width=\"948\" title=\"TeenagerTexting\" onerror=\"this.style.display='none'\" loading=\"lazy\" \/>\n\t<h4>Gruppen - Listen - Kundenclubs - Newsletters... Es gibt viele Namen! Mit einem Gruppen-SMS-Konto bei SureSMS k\u00f6nnen Sie einfach und schnell viele Nachrichten an Kunden, Benutzer, Mitarbeiter, Mitglieder und mehr versenden. Lesen Sie unten, wie Sie mit Gruppen-SMS erfolgreich sein k\u00f6nnen.<\/h4>\n\t<p>Nicht das, wonach du gesucht hast? Im Folgenden findest du zwei Kurzanleitungen f\u00fcr Gruppen-SMS auf Android und iPhone.<\/p>\n\t\t\t\t\t<a href=\"#\"  id=\"fl-accordion--label-0\" tabindex=\"0\" aria-controls=\"fl-accordion--panel-0\">Gruppen-SMS auf Android<\/a>\n\t\t\t\t\t\t\t\t\t\t\t<a href=\"#\" id=\"fl-accordion--icon-0\"  tabindex=\"0\"><i title=\"Erweitern\">Erweitern<\/i><\/a>\n\t\t\t\t\t<h2>Gruppen-SMS auf Android<\/h2>\n<p>Es ist m\u00f6glich, mit der normalen SMS-App auf deinem Android-Telefon eine SMS an eine Gruppe zu senden. Wie du das genau machst, h\u00e4ngt ein bisschen von der Benutzeroberfl\u00e4che ab und davon, welche Android-Version und welches Telefon du hast. Aber im Allgemeinen funktioniert diese Anleitung, wenn du ein bisschen kreativ bist, um die Absicht zu verstehen. Manchmal befinden sich die Schaltfl\u00e4chen an verschiedenen Stellen und haben leicht unterschiedliche Namen.<\/p>\n<p>Der Nachteil von Gruppen-SMS auf Android ist, dass die Antworten in den Thread der jeweiligen Person gehen. Du kannst also die Antworten auf deine SMS nicht in demselben Thread sehen, in dem sie gesendet wurde.<\/p>\n<p>Zuerst musst du die Art und Weise \u00e4ndern, wie du Gruppennachrichten versendest:<\/p>\n<ol>\n<li>\n<ol>\n<li>Zuerst m\u00fcssen Sie \"Nachrichten\" \u00f6ffnen<\/li>\n<\/ol>\n<\/li>\n<\/ol>\n<p>&nbsp;<\/p>\n<ol>\n<li>\n<ol>\n<li>Dann tippe auf mehr <img decoding=\"async\" src=\"https:\/\/lh3.googleusercontent.com\/371ki_ho7Q7_dJxxV12NuChwxiAZagKhHiP1EKLXEGmTJjm5pOTKd9hkWdvSZm5eKw=w36-h36\" alt=\"Mehr\" \/> und dann auf<\/li>\n<\/ol>\n<\/li>\n<\/ol>\n<p>&nbsp;<\/p>\n<ol>\n<li>\n<ol>\n<li>Einstellungen und Vorlieben <img loading=\"lazy\" decoding=\"async\" src=\"https:\/\/lh3.googleusercontent.com\/3_l97rr0GvhSP2XV5OoCkV2ZDTIisAOczrSdzNCBxhIKWrjXjHucxNwocghoUa39gw=w36-h36\" alt=\"Gruppen-SMS Schritt 2\" width=\"24\" height=\"24\" \/>Fortgeschrittene <img loading=\"lazy\" decoding=\"async\" src=\"https:\/\/lh3.googleusercontent.com\/3_l97rr0GvhSP2XV5OoCkV2ZDTIisAOczrSdzNCBxhIKWrjXjHucxNwocghoUa39gw=w36-h36\" alt=\"Gruppen-SMS Schritt 1\" width=\"24\" height=\"24\" \/>Gruppennachrichten<\/li>\n<\/ol>\n<\/li>\n<\/ol>\n<p>&nbsp;<\/p>\n<ol>\n<li>\n<ol>\n<li>W\u00e4hlen Sie dann \"Massen-SMS\" oder \"Gruppen-SMS\" als Standard.<\/li>\n<\/ol>\n<\/li>\n<\/ol>\n<p>&nbsp;<\/p>\n<p>Jetzt kannst du mehrere Empf\u00e4nger oder Gruppen ausw\u00e4hlen, wenn du eine neue SMS erstellst.<\/p>\n<p>&nbsp;<\/p>\n\t\t\t\t\t<a href=\"#\"  id=\"fl-accordion--label-0\" tabindex=\"0\" aria-controls=\"fl-accordion--panel-0\">Gruppen-SMS auf dem iPhone<\/a>\n\t\t\t\t\t\t\t\t\t\t\t<a href=\"#\" id=\"fl-accordion--icon-0\"  tabindex=\"0\"><i title=\"Erweitern\">Erweitern<\/i><\/a>\n\t\t\t\t\t<p>Apple hat eine sehr sch\u00f6ne Anleitung zum Versenden von Gruppen-SMS mit dem iPhone erstellt. Du kannst ihn hier sehen: <a href=\"https:\/\/support.apple.com\/da-dk\/HT202724\" target=\"_blank\" rel=\"noopener\">Gruppen-SMS vom iPhone.<\/a><\/p>\n\t<h2>\u00dcber Gruppen-SMS<\/h2>\n<p>Das Versenden von Gruppentextnachrichten an Kunden, Nutzer, Mitglieder und andere Gruppen ist eine der meistgenutzten Funktionen unserer L\u00f6sung. Egal, ob ein Unternehmen Angebote an seine Kunden, eine Organisation Newsletter und Veranstaltungen an ihre Mitglieder oder eine Zeitarbeitsfirma Informationen \u00fcber anstehende Schichten an ihre Mitarbeiter\/innen sendet. Gruppen und Listen sind eine einfache und kosteng\u00fcnstige M\u00f6glichkeit, Informationen zu versenden, die von den Empf\u00e4ngern auch tats\u00e4chlich GELESEN werden!<\/p>\n<p>Greifen Sie direkt von unserer Website auf unseren SMS-Sender zu. Von hier aus k\u00f6nnen Sie schnell und einfach eine Gruppe erstellen und SMS-Nachrichten an die gesamte Gruppe senden. Sie sparen Zeit beim Tippen und erhalten schnell und einfach einen \u00dcberblick \u00fcber die versendeten SMS-Nachrichten. Und das alles k\u00f6nnen Sie direkt von Ihrem Computer aus erledigen.<\/p>\n\t<h2>Die Vorteile von Gruppen-SMS<\/h2>\n\n<ul> \t\n<li>Alle deine Empf\u00e4nger erhalten die Informationen, die sie brauchen, sofort.<\/li>\n\n<li>Entscheiden Sie sich f\u00fcr einen eigenen Absendernamen, z. B. Bibliothek - Dies dient dem Branding Ihres eigenen Unternehmens\/Produkts.<\/li>\n\n<li>Merge-Funktionen - z.B. \"Liebe Nina...\" oder andere Informationen<\/li>\n\n<li>Importiere alle Empf\u00e4nger ganz einfach aus Excel (\u00fcber .csv-Dateien).<\/li>\n\n<li>Zeit deine SMS-Sendungen und sende deine Informationen zum richtigen Zeitpunkt.<\/li>\n\n<li>Erstelle unbegrenzt viele Gruppen und Kontakte.<\/li>\n\n<li>Sieh dir den Verlauf des Zustellungsstatus f\u00fcr alle deine Empf\u00e4nger an.<\/li>\n<\/ul>\n<p>Wenn du lieber von einem iPad, Tablet oder Mobiltelefon aus arbeitest, ist das kein Problem. Unser Webinterface funktioniert auf allen Ger\u00e4ten und in allen Browsern.<\/p>\n\t<p>Sieh dir unten unser kurzes Lehrvideo an:<\/p>\n\t\t\t\t\t<video src=\"https:\/\/suresms.com\/wp-content\/uploads\/2024\/10\/Dokumentation-Skabeloner-i-beskeder.mp4\" alt=\"hosted-video-thumbnail\"><\/video>\n\t<p><strong>Erstelle Kontakte und Gruppen:<\/strong><\/p>\n<ol>\n<li>Erstelle deine Kontakte im Adressbuch.<\/li>\n<li>Erstelle eine Gruppe und w\u00e4hle aus, welche Kontakte in der Gruppe sein sollen.<\/li>\n<li>Schreibe deine Nachricht und dr\u00fccke auf Senden!<\/li>\n<li>Du hast jetzt eine Gruppentextnachricht gesendet.<\/li>\n<\/ol>\nAuf der linken Seite k\u00f6nnen Sie schnell ein Testkonto mit 50 kostenlosen SMS-Nachrichten erstellen und Gruppen-SMS selbst ausprobieren.\u00a0<strong><br \/>\n<\/strong>\n<p>Du kannst auch die gesamte <a href=\"https:\/\/suresms.com\/de\/docs\/docs-10\/docs-17\/\">den Leitfaden hier.\u00a0<\/a><\/p>\n\t<h3>Mehr Funktionen mit Gruppen-SMS.<\/h3>\n\t<ul>\n\t\t<li>\t\t\t\t\n\t\t<h3>Alle Gruppen, die du willst<\/h3><p>In unserem GroupSMS-Sender gibt es keine Grenzen f\u00fcr die Anzahl der Gruppen. Du kannst so viele verschiedene Gruppen erstellen, wie du willst. Alle Empf\u00e4nger k\u00f6nnen in der gleichen Gruppe sein und du kannst Gruppen mit nur wenigen Personen haben.<\/p><\/li><li>\t\t\t\t\n\t\t<h3>Alle Empf\u00e4nger, die du willst<\/h3><p>Es gibt keine Begrenzung f\u00fcr die Anzahl von Empf\u00e4ngern. Du kannst so viele Empf\u00e4nger erstellen, wie du willst. Einige unserer Kunden haben bis zu 100.000 Empf\u00e4nger in ihrer Gruppe und sie senden eine SMS an alle Empf\u00e4nger auf einmal.<\/p><\/li><li>\t\t\t\t\n\t\t<h3>Leicht anzumelden<\/h3><p>Es gibt viele M\u00f6glichkeiten, einer Gruppe beizutreten. Wir haben es so eingerichtet, dass du ein Anmeldeformular auf deiner eigenen Website einf\u00fcgen kannst, damit du dich per SMS oder E-Mail anmelden kannst, und wir haben es auch so eingerichtet, dass du ganz einfach einen QR-Code verwenden kannst, um dich anzumelden, wenn du z.B. in einem Ladengesch\u00e4ft bist.<\/p><\/li><li>\t\t\t\t\n\t\t<h3>Per SMS senden<\/h3><p>Unsere Gruppen-SMS erforscht auch den Versand per SMS. Das bedeutet, dass du eine SMS an SureSMS schickst, die dann dieselbe SMS an die gesamte Liste sendet.<\/p><\/li>\t<\/ul>\n\t<p>&nbsp;<\/p>\n<p><a href=\"mailto:support@suresms.com\">Schreiben Sie uns<\/a>wenn du Fragen zur Gruppen-SMS-Funktion hast.<\/p>\n\t<h4><strong>\u00a0Hier k\u00f6nnen Sie einige Beispiele lesen, wie unsere Kunden die Funktion \"Group SMS\" heute nutzen<\/strong><\/h4>\n\n<ul> \t\n<li>Ein mittelst\u00e4ndisches Transportunternehmen in J\u00fctland verwendet Gruppen-SMS, um Arbeitsauftr\u00e4ge an seine Fahrer zu senden. Die versendeten SMS-Nachrichten enthalten logistische Informationen \u00fcber Waren, Standort und Abholung.<\/li>\n\n<li>Ein Anbieter von Online-Spielen gewinnt neue Kunden, indem er Gruppentextnachrichten mit Links zu m\u00f6glichen Online-Spielen an seine Nutzer verschickt.<\/li>\n\n<li>In einem d\u00e4nischen Krankenhaus verschickt der Kantinenleiter regelm\u00e4\u00dfig Gruppentextnachrichten an die gl\u00fccklichen Mitarbeiter \u00fcber soziale Ereignisse und wichtige Ereignisse: \"Heute gibt es Kuchen in der Kantine!\" oder \"Morgen feiern wir den Sommer mit einem Freitagsgrillen im Innenhof!\"<\/li>\n<\/ul>","protected":false},"excerpt":{"rendered":"<p>Group SMS... Eine Funktion - viele M\u00f6glichkeiten Gruppen - Listen - Kundenclubs - Newsletter... Es gibt viele Namen daf\u00fcr! Mit einem Gruppen-SMS-Konto bei SureSMS k\u00f6nnen Sie einfach und schnell viele Nachrichten an Kunden, Benutzer, Mitarbeiter, Mitglieder und mehr verschicken. Lesen Sie unten, wie Sie mit Group SMS erfolgreich sein k\u00f6nnen. Ist es nicht das, was Sie ... <a title=\"Gruppen-SMS: Erstellen und Versenden an Gruppen\" class=\"read-more\" href=\"https:\/\/suresms.com\/de\/funktioner\/gruppe-sms\/\" aria-label=\"Weitere Informationen \u00fcber Gruppen-SMS: Erstellen und Versenden an Gruppen\">Mehr lesen<\/a><\/p>","protected":false},"author":1,"featured_media":0,"parent":958,"menu_order":12,"comment_status":"closed","ping_status":"closed","template":"","meta":{"_fl_builder_enabled":"1","_fl_builder_data":null,"_fl_builder_draft":null,"_fl_builder_data_settings":null,"_fl_builder_css":"","_fl_builder_css_version":"","_fl_builder_js":"","footnotes":""},"categories":[17],"tags":[],"class_list":{"0":"post-18649","1":"page","2":"type-page","3":"status-publish","5":"category-linkfracornorstone"},"yoast_head":"<!-- This site is optimized with the Yoast SEO Premium plugin v27.3 (Yoast SEO v27.3) - https:\/\/yoast.com\/product\/yoast-seo-premium-wordpress\/ -->\r\n<title>Gruppe SMS: Opret &amp; send til grupper - gratis konto<\/title>\r\n<meta name=\"description\" content=\"L\u00e6s om vores gruppe SMS sender og dens utallige gratis funktioner. Kraftig og fleksibel .SMS gateway med ubegr\u00e6nset antal grupper.\" \/>\r\n<meta name=\"robots\" content=\"index, follow, max-snippet:-1, max-image-preview:large, max-video-preview:-1\" \/>\r\n<link rel=\"canonical\" href=\"https:\/\/suresms.com\/de\/eigenschaften\/sms-gruppe\/\" \/>\r\n<meta property=\"og:locale\" content=\"de_DE\" \/>\r\n<meta property=\"og:type\" content=\"article\" \/>\r\n<meta property=\"og:title\" content=\"Gruppe SMS: Opret &amp; send til grupper\" \/>\r\n<meta property=\"og:description\" content=\"L\u00e6s om vores gruppe SMS sender og dens utallige gratis funktioner. Kraftig og fleksibel .SMS gateway med ubegr\u00e6nset antal grupper.\" \/>\r\n<meta property=\"og:url\" content=\"https:\/\/suresms.com\/de\/eigenschaften\/sms-gruppe\/\" \/>\r\n<meta property=\"article:publisher\" content=\"https:\/\/www.facebook.com\/p\/SureSMS-100044607956149\/\" \/>\r\n<meta property=\"article:modified_time\" content=\"2025-11-13T14:19:35+00:00\" \/>\r\n<meta property=\"og:image\" content=\"https:\/\/suresms.com\/wp-content\/uploads\/2020\/11\/TeenagersTexting-1-1.png\" \/>\r\n<meta name=\"twitter:card\" content=\"summary_large_image\" \/>\r\n<meta name=\"twitter:label1\" content=\"Gesch\u00e4tzte Lesezeit\" \/>\n\t<meta name=\"twitter:data1\" content=\"7\u00a0Minuten\" \/>\r\n<script type=\"application\/ld+json\" class=\"yoast-schema-graph\">{\"@context\":\"https:\\\/\\\/schema.org\",\"@graph\":[{\"@type\":\"WebPage\",\"@id\":\"https:\\\/\\\/suresms.com\\\/dk\\\/funktioner\\\/gruppe-sms\\\/\",\"url\":\"https:\\\/\\\/suresms.com\\\/dk\\\/funktioner\\\/gruppe-sms\\\/\",\"name\":\"Gruppe SMS: Opret &amp; send til grupper - gratis konto\",\"isPartOf\":{\"@id\":\"https:\\\/\\\/suresms.com\\\/en\\\/#website\"},\"primaryImageOfPage\":{\"@id\":\"https:\\\/\\\/suresms.com\\\/dk\\\/funktioner\\\/gruppe-sms\\\/#primaryimage\"},\"image\":{\"@id\":\"https:\\\/\\\/suresms.com\\\/dk\\\/funktioner\\\/gruppe-sms\\\/#primaryimage\"},\"thumbnailUrl\":\"https:\\\/\\\/suresms.com\\\/wp-content\\\/uploads\\\/2020\\\/11\\\/TeenagersTexting-1-1.png\",\"datePublished\":\"2016-03-02T14:42:36+00:00\",\"dateModified\":\"2025-11-13T14:19:35+00:00\",\"description\":\"L\u00e6s om vores gruppe SMS sender og dens utallige gratis funktioner. Kraftig og fleksibel .SMS gateway med ubegr\u00e6nset antal grupper.\",\"breadcrumb\":{\"@id\":\"https:\\\/\\\/suresms.com\\\/dk\\\/funktioner\\\/gruppe-sms\\\/#breadcrumb\"},\"inLanguage\":\"de\",\"potentialAction\":[{\"@type\":\"ReadAction\",\"target\":[\"https:\\\/\\\/suresms.com\\\/dk\\\/funktioner\\\/gruppe-sms\\\/\"]}]},{\"@type\":\"ImageObject\",\"inLanguage\":\"de\",\"@id\":\"https:\\\/\\\/suresms.com\\\/dk\\\/funktioner\\\/gruppe-sms\\\/#primaryimage\",\"url\":\"https:\\\/\\\/suresms.com\\\/wp-content\\\/uploads\\\/2020\\\/11\\\/TeenagersTexting-1-1.png\",\"contentUrl\":\"https:\\\/\\\/suresms.com\\\/wp-content\\\/uploads\\\/2020\\\/11\\\/TeenagersTexting-1-1.png\"},{\"@type\":\"BreadcrumbList\",\"@id\":\"https:\\\/\\\/suresms.com\\\/dk\\\/funktioner\\\/gruppe-sms\\\/#breadcrumb\",\"itemListElement\":[{\"@type\":\"ListItem\",\"position\":1,\"name\":\"Home\",\"item\":\"https:\\\/\\\/suresms.com\\\/dk\\\/\"},{\"@type\":\"ListItem\",\"position\":2,\"name\":\"Funktioner\",\"item\":\"https:\\\/\\\/suresms.com\\\/dk\\\/funktioner\\\/\"},{\"@type\":\"ListItem\",\"position\":3,\"name\":\"Gruppe SMS: Opret &amp; send til grupper\"}]},{\"@type\":\"WebSite\",\"@id\":\"https:\\\/\\\/suresms.com\\\/en\\\/#website\",\"url\":\"https:\\\/\\\/suresms.com\\\/en\\\/\",\"name\":\"SureSMS\",\"description\":\"Professionel SMS Gateway\",\"publisher\":{\"@id\":\"https:\\\/\\\/suresms.com\\\/en\\\/#organization\"},\"potentialAction\":[{\"@type\":\"SearchAction\",\"target\":{\"@type\":\"EntryPoint\",\"urlTemplate\":\"https:\\\/\\\/suresms.com\\\/en\\\/?s={search_term_string}\"},\"query-input\":{\"@type\":\"PropertyValueSpecification\",\"valueRequired\":true,\"valueName\":\"search_term_string\"}}],\"inLanguage\":\"de\"},{\"@type\":\"Organization\",\"@id\":\"https:\\\/\\\/suresms.com\\\/en\\\/#organization\",\"name\":\"SureSMS\",\"url\":\"https:\\\/\\\/suresms.com\\\/en\\\/\",\"logo\":{\"@type\":\"ImageObject\",\"inLanguage\":\"de\",\"@id\":\"https:\\\/\\\/suresms.com\\\/en\\\/#\\\/schema\\\/logo\\\/image\\\/\",\"url\":\"https:\\\/\\\/suresms.com\\\/wp-content\\\/uploads\\\/2024\\\/11\\\/suresms-300x65-1.png\",\"contentUrl\":\"https:\\\/\\\/suresms.com\\\/wp-content\\\/uploads\\\/2024\\\/11\\\/suresms-300x65-1.png\",\"width\":300,\"height\":65,\"caption\":\"SureSMS\"},\"image\":{\"@id\":\"https:\\\/\\\/suresms.com\\\/en\\\/#\\\/schema\\\/logo\\\/image\\\/\"},\"sameAs\":[\"https:\\\/\\\/www.facebook.com\\\/p\\\/SureSMS-100044607956149\\\/\"]}]}<\/script>\r\n<!-- \/ Yoast SEO Premium plugin. -->","yoast_head_json":{"title":"Gruppen-SMS: Erstellen und Versenden an Gruppen - kostenloses Konto","description":"Lies mehr \u00fcber unseren Gruppen-SMS-Versender und seine unz\u00e4hligen kostenlosen Funktionen. Leistungsstarkes und flexibles .SMS-Gateway mit unbegrenzten Gruppen.","robots":{"index":"index","follow":"follow","max-snippet":"max-snippet:-1","max-image-preview":"max-image-preview:large","max-video-preview":"max-video-preview:-1"},"canonical":"https:\/\/suresms.com\/de\/eigenschaften\/sms-gruppe\/","og_locale":"de_DE","og_type":"article","og_title":"Gruppe SMS: Opret &amp; send til grupper","og_description":"L\u00e6s om vores gruppe SMS sender og dens utallige gratis funktioner. Kraftig og fleksibel .SMS gateway med ubegr\u00e6nset antal grupper.","og_url":"https:\/\/suresms.com\/de\/eigenschaften\/sms-gruppe\/","article_publisher":"https:\/\/www.facebook.com\/p\/SureSMS-100044607956149\/","article_modified_time":"2025-11-13T14:19:35+00:00","og_image":[{"url":"https:\/\/suresms.com\/wp-content\/uploads\/2020\/11\/TeenagersTexting-1-1.png","type":"","width":"","height":""}],"twitter_card":"summary_large_image","twitter_misc":{"Gesch\u00e4tzte Lesezeit":"7\u00a0Minuten"},"schema":{"@context":"https:\/\/schema.org","@graph":[{"@type":"WebPage","@id":"https:\/\/suresms.com\/dk\/funktioner\/gruppe-sms\/","url":"https:\/\/suresms.com\/dk\/funktioner\/gruppe-sms\/","name":"Gruppen-SMS: Erstellen und Versenden an Gruppen - kostenloses Konto","isPartOf":{"@id":"https:\/\/suresms.com\/en\/#website"},"primaryImageOfPage":{"@id":"https:\/\/suresms.com\/dk\/funktioner\/gruppe-sms\/#primaryimage"},"image":{"@id":"https:\/\/suresms.com\/dk\/funktioner\/gruppe-sms\/#primaryimage"},"thumbnailUrl":"https:\/\/suresms.com\/wp-content\/uploads\/2020\/11\/TeenagersTexting-1-1.png","datePublished":"2016-03-02T14:42:36+00:00","dateModified":"2025-11-13T14:19:35+00:00","description":"Lies mehr \u00fcber unseren Gruppen-SMS-Versender und seine unz\u00e4hligen kostenlosen Funktionen. Leistungsstarkes und flexibles .SMS-Gateway mit unbegrenzten Gruppen.","breadcrumb":{"@id":"https:\/\/suresms.com\/dk\/funktioner\/gruppe-sms\/#breadcrumb"},"inLanguage":"de","potentialAction":[{"@type":"ReadAction","target":["https:\/\/suresms.com\/dk\/funktioner\/gruppe-sms\/"]}]},{"@type":"ImageObject","inLanguage":"de","@id":"https:\/\/suresms.com\/dk\/funktioner\/gruppe-sms\/#primaryimage","url":"https:\/\/suresms.com\/wp-content\/uploads\/2020\/11\/TeenagersTexting-1-1.png","contentUrl":"https:\/\/suresms.com\/wp-content\/uploads\/2020\/11\/TeenagersTexting-1-1.png"},{"@type":"BreadcrumbList","@id":"https:\/\/suresms.com\/dk\/funktioner\/gruppe-sms\/#breadcrumb","itemListElement":[{"@type":"ListItem","position":1,"name":"Home","item":"https:\/\/suresms.com\/dk\/"},{"@type":"ListItem","position":2,"name":"Funktioner","item":"https:\/\/suresms.com\/dk\/funktioner\/"},{"@type":"ListItem","position":3,"name":"Gruppe SMS: Opret &amp; send til grupper"}]},{"@type":"WebSite","@id":"https:\/\/suresms.com\/en\/#website","url":"https:\/\/suresms.com\/en\/","name":"SureSMS","description":"Professioneller SMS-Gateway","publisher":{"@id":"https:\/\/suresms.com\/en\/#organization"},"potentialAction":[{"@type":"SearchAction","target":{"@type":"EntryPoint","urlTemplate":"https:\/\/suresms.com\/en\/?s={search_term_string}"},"query-input":{"@type":"PropertyValueSpecification","valueRequired":true,"valueName":"search_term_string"}}],"inLanguage":"de"},{"@type":"Organization","@id":"https:\/\/suresms.com\/en\/#organization","name":"SureSMS","url":"https:\/\/suresms.com\/en\/","logo":{"@type":"ImageObject","inLanguage":"de","@id":"https:\/\/suresms.com\/en\/#\/schema\/logo\/image\/","url":"https:\/\/suresms.com\/wp-content\/uploads\/2024\/11\/suresms-300x65-1.png","contentUrl":"https:\/\/suresms.com\/wp-content\/uploads\/2024\/11\/suresms-300x65-1.png","width":300,"height":65,"caption":"SureSMS"},"image":{"@id":"https:\/\/suresms.com\/en\/#\/schema\/logo\/image\/"},"sameAs":["https:\/\/www.facebook.com\/p\/SureSMS-100044607956149\/"]}]}},"_links":{"self":[{"href":"https:\/\/suresms.com\/de\/wp-json\/wp\/v2\/pages\/18649","targetHints":{"allow":["GET"]}}],"collection":[{"href":"https:\/\/suresms.com\/de\/wp-json\/wp\/v2\/pages"}],"about":[{"href":"https:\/\/suresms.com\/de\/wp-json\/wp\/v2\/types\/page"}],"author":[{"embeddable":true,"href":"https:\/\/suresms.com\/de\/wp-json\/wp\/v2\/users\/1"}],"replies":[{"embeddable":true,"href":"https:\/\/suresms.com\/de\/wp-json\/wp\/v2\/comments?post=18649"}],"version-history":[{"count":9,"href":"https:\/\/suresms.com\/de\/wp-json\/wp\/v2\/pages\/18649\/revisions"}],"predecessor-version":[{"id":23543,"href":"https:\/\/suresms.com\/de\/wp-json\/wp\/v2\/pages\/18649\/revisions\/23543"}],"up":[{"embeddable":true,"href":"https:\/\/suresms.com\/de\/wp-json\/wp\/v2\/pages\/958"}],"wp:attachment":[{"href":"https:\/\/suresms.com\/de\/wp-json\/wp\/v2\/media?parent=18649"}],"wp:term":[{"taxonomy":"category","embeddable":true,"href":"https:\/\/suresms.com\/de\/wp-json\/wp\/v2\/categories?post=18649"},{"taxonomy":"post_tag","embeddable":true,"href":"https:\/\/suresms.com\/de\/wp-json\/wp\/v2\/tags?post=18649"}],"curies":[{"name":"wp","href":"https:\/\/api.w.org\/{rel}","templated":true}]}}