{"id":18648,"date":"2015-12-14T15:47:13","date_gmt":"2015-12-14T13:47:13","guid":{"rendered":"https:\/\/www.suresms.com\/dk\/?page_id=1404"},"modified":"2024-12-05T15:38:05","modified_gmt":"2024-12-05T15:38:05","slug":"zeitgesteuerte-textnachrichten-senden","status":"publish","type":"page","link":"https:\/\/suresms.com\/de\/funktioner\/send-tidsindstillede-sms-beskeder\/","title":{"rendered":"Geplante SMS-Nachrichten - Geplante Nachrichten"},"content":{"rendered":"<!-- Flexy Breadcrumb -->\r\n\t\t\t<div class=\"fbc fbc-page\">\r\n\r\n\t\t\t\t<!-- Breadcrumb wrapper -->\r\n\t\t\t\t<div class=\"fbc-wrap\">\r\n\r\n\t\t\t\t\t<!-- Ordered list-->\r\n\t\t\t\t\t<ol class=\"fbc-items\" itemscope itemtype=\"https:\/\/schema.org\/BreadcrumbList\">\r\n\t\t\t\t\t\t            <li itemprop=\"itemListElement\" itemscope itemtype=\"https:\/\/schema.org\/ListItem\">\r\n                <span itemprop=\"name\">\r\n                    <!-- Home Link -->\r\n                    <a itemprop=\"item\" href=\"https:\/\/suresms.com\/de\/\">\r\n                    \r\n                                                    <i class=\"fa fa-home\" aria-hidden=\"true\"><\/i>Zuhause                    <\/a>\r\n                <\/span>\r\n                <meta itemprop=\"position\" content=\"1\" \/><!-- Meta Position-->\r\n             <\/li><li><span class=\"fbc-separator\">\/<\/span><\/li><li class=\"active\" itemprop=\"itemListElement\" itemscope itemtype=\"https:\/\/schema.org\/ListItem\"><span itemprop=\"name\" title=\"Geplante SMS-Nachrichten - Geplante Nachrichten\">Zeitgesteuerte SMS-Nachrichten -...<\/span><meta itemprop=\"position\" content=\"2\" \/><\/li>\t\t\t\t\t<\/ol>\r\n\t\t\t\t\t<div class=\"clearfix\"><\/div>\r\n\t\t\t\t<\/div>\r\n\t\t\t<\/div>\r\n\t\t\t\n<h2>\n\t\tNachrichten einplanen\n\t<\/h2>\n\t<p>SureSMS hat einen eingebauten Kalender. Mit dieser Funktion kannst du entscheiden und festlegen, wann deine Nachrichten verschickt werden.<\/p>\n\t\t<h3>SMS-Erinnerungen<\/h3><p>Die wahrscheinlich h\u00e4ufigste Nutzung von SMS-Gateways in D\u00e4nemark ist heute das Versenden von Erinnerungen. Du kennst es wahrscheinlich von deinem Friseur, Zahnarzt, Mechaniker, der Bibliothek und vielen anderen Orten.<\/p>\n<p>Normalerweise ist das System des Friseurs, Zahnarztes oder der Bibliothek (das Quellsystem) mit einem SMS-Gateway verbunden. Wenn im Quellsystem ein Ereignis eintritt - zum Beispiel die R\u00fcckgabe eines Buches - sendet das Quellsystem eine Nachricht an das SMS-Gateway, um eine Nachricht zu versenden. Die Aufgabe des SMS-Gateways ist es, die Zustellung der Nachricht per SMS sicherzustellen.<\/p>\n\t\t<h3>Zeitplan f\u00fcr den Versand deiner SMS-Nachrichten<\/h3><p>Die M\u00f6glichkeit, dass unser Gateway geplante Nachrichten und Erinnerungen an deine Nutzer sendet, ist eine einfache Funktion, die viele unserer Kunden nutzen.<\/p>\n<p>Sei es der Yogalehrer, der Nachrichten \u00fcber seine Kurse verschickt, oder der Zahnarzt, der Benachrichtigungen \u00fcber Kontrolluntersuchungen verschickt. Es ist eine klassische Gateway-Funktion mit vielen M\u00f6glichkeiten.<\/p>\n\t\t<h3>Versand an Listen einplanen<\/h3><p>SureSMS hat eine PREMIUM-Funktion, mit der du einstellen kannst, dass Nachrichten t\u00e4glich, werktags, w\u00f6chentlich, monatlich oder j\u00e4hrlich versendet werden. Und bei uns sind alle unsere Kunden Premium-Kunden!<\/p>\n\t\t<h3>Dein Computer sollte nicht eingeschaltet sein<\/h3><p>Das System sendet die Nachrichten unabh\u00e4ngig davon, ob dein Computer eingeschaltet ist oder nicht, denn die Nachricht befindet sich bereits auf unserem Server.<\/p>\n<p>Und unsere Server sind IMMER in Betrieb!<\/p>\n\t\t<h3>Geplante Nachrichten r\u00fcckg\u00e4ngig machen<\/h3><p>Du kannst die Nachrichten, deren Versand du geplant hast, jederzeit wieder l\u00f6schen. Genauso wie du in deinem Mailprogramm einen Posteingang und einen Postausgang hast, gibt es auch einen Ordner \"Geplante Nachrichten\", in dem alle Nachrichten gespeichert werden, die du f\u00fcr die Zukunft geplant hast. Es ist einfach und \u00fcbersichtlich, die Nachricht zu finden und zu bearbeiten.<\/p>\n\t<iframe loading=\"lazy\" src=\"https:\/\/youtube.com\/embed\/98gDGwR5hYU?rel=0\" width=\"560\" height=\"315\" frameborder=\"0\" allowfullscreen=\"allowfullscreen\"><\/iframe>\n\t<p><strong>Wie einfach es ist, den SMS-Versand zu planen<\/strong><\/p>\n<ol>\n<li>Gib deine Nachricht in das Textfeld ein<\/li>\n<li>Klicke auf die Schaltfl\u00e4che \"Mehr\" im Men\u00fc<\/li>\n<li>W\u00e4hle Versanddatum und -zeit<\/li>\n<li>Klick auf Senden!<\/li>\n<\/ol>\n<p>Du hast noch kein Konto? Auf dieser Seite kannst du schnell ein Testkonto mit 50 kostenlosen SMS erstellen!<\/p>\n\t<h4><strong>Hier kannst du einige Beispiele lesen, wie unsere Kunden die Funktion derzeit nutzen: \"Zeitgesteuerte SMS\"<\/strong><\/h4>\n<ul>\n<li>Eine staatlich zugelassene Fu\u00dfpflegerin nutzt zeitgesteuerte SMS-Nachrichten, um Kunden zu benachrichtigen, damit sie ihren gebuchten Termin nicht vergessen. Das bedeutet weniger Stornierungen f\u00fcr ein kleines Unternehmen, das finanziell von einem vollen Kalender abh\u00e4ngig ist.<\/li>\n<li>Ein j\u00fctl\u00e4ndisches Unternehmen, das Firmenkleidung verkauft, nutzt die zeitgesteuerte SMS-Funktion, um seinen Kunden Nachrichten \u00fcber die Abholung von Waren zu schicken.<\/li>\n<li>\"Vergiss nicht, dich f\u00fcr das Babyschwimmen anzumelden\", lautet eine der Botschaften, die ein \u00f6rtlicher Sportverein Tage vor Beginn des n\u00e4chsten Kurses \u00fcber unsere Website verschickt.<\/li>\n<\/ul>","protected":false},"excerpt":{"rendered":"<p>Nachrichten planen SureSMS hat einen eingebauten Kalender. Mit dieser Funktion kannst du entscheiden und festlegen, wann deine Nachrichten verschickt werden. SMS-Erinnerungen Die wahrscheinlich h\u00e4ufigste Nutzung von SMS-Gateways in D\u00e4nemark ist das Versenden von Erinnerungen. Du kennst es wahrscheinlich von deinem Friseur, Zahnarzt, Mechaniker, der Bibliothek... <a title=\"Geplante SMS-Nachrichten - Geplante Nachrichten\" class=\"read-more\" href=\"https:\/\/suresms.com\/de\/funktioner\/send-tidsindstillede-sms-beskeder\/\" aria-label=\"Weitere Informationen zu Geplante SMS - Nachrichten planen\">Mehr lesen<\/a><\/p>","protected":false},"author":1,"featured_media":0,"parent":958,"menu_order":9,"comment_status":"closed","ping_status":"closed","template":"","meta":{"_fl_builder_enabled":"1","_fl_builder_data":null,"_fl_builder_draft":null,"_fl_builder_data_settings":null,"_fl_builder_css":"","_fl_builder_css_version":"","_fl_builder_js":"","footnotes":""},"categories":[17],"tags":[],"class_list":{"0":"post-18648","1":"page","2":"type-page","3":"status-publish","5":"category-linkfracornorstone"},"yoast_head":"<!-- This site is optimized with the Yoast SEO Premium plugin v27.3 (Yoast SEO v27.3) - https:\/\/yoast.com\/product\/yoast-seo-premium-wordpress\/ -->\r\n<title>Tidsindstillet SMS | Send nemt tidsindstillede SMS beskeder \u2713<\/title>\r\n<meta name=\"description\" content=\"Planl\u00e6g og afsend tidsbestemte SMS fra SureSMS WEB portal. Send p\u00e5mindelser om aftaler, f\u00f8dselsdagshilsener. Integreret funktion i vores gratis abonnement.\" \/>\r\n<meta name=\"robots\" content=\"index, follow, max-snippet:-1, max-image-preview:large, max-video-preview:-1\" \/>\r\n<link rel=\"canonical\" href=\"https:\/\/suresms.com\/de\/eigenschaften\/zeitgesteuerte-textnachrichten-senden\/\" \/>\r\n<meta property=\"og:locale\" content=\"de_DE\" \/>\r\n<meta property=\"og:type\" content=\"article\" \/>\r\n<meta property=\"og:title\" content=\"Tidsindstillede SMS&#039;er - Planl\u00e6g beskeder\" \/>\r\n<meta property=\"og:description\" content=\"Planl\u00e6g og afsend tidsbestemte SMS fra SureSMS WEB portal. Send p\u00e5mindelser om aftaler, f\u00f8dselsdagshilsener. Integreret funktion i vores gratis abonnement.\" \/>\r\n<meta property=\"og:url\" content=\"https:\/\/suresms.com\/de\/eigenschaften\/zeitgesteuerte-textnachrichten-senden\/\" \/>\r\n<meta property=\"article:publisher\" content=\"https:\/\/www.facebook.com\/p\/SureSMS-100044607956149\/\" \/>\r\n<meta property=\"article:modified_time\" content=\"2024-12-05T15:38:05+00:00\" \/>\r\n<meta name=\"twitter:card\" content=\"summary_large_image\" \/>\r\n<meta name=\"twitter:label1\" content=\"Gesch\u00e4tzte Lesezeit\" \/>\n\t<meta name=\"twitter:data1\" content=\"7\u00a0Minuten\" \/>\r\n<script type=\"application\/ld+json\" class=\"yoast-schema-graph\">{\"@context\":\"https:\\\/\\\/schema.org\",\"@graph\":[{\"@type\":\"WebPage\",\"@id\":\"https:\\\/\\\/suresms.com\\\/dk\\\/funktioner\\\/send-tidsindstillede-sms-beskeder\\\/\",\"url\":\"https:\\\/\\\/suresms.com\\\/dk\\\/funktioner\\\/send-tidsindstillede-sms-beskeder\\\/\",\"name\":\"Tidsindstillet SMS | Send nemt tidsindstillede SMS beskeder \u2713\",\"isPartOf\":{\"@id\":\"https:\\\/\\\/suresms.com\\\/en\\\/#website\"},\"datePublished\":\"2015-12-14T13:47:13+00:00\",\"dateModified\":\"2024-12-05T15:38:05+00:00\",\"description\":\"Planl\u00e6g og afsend tidsbestemte SMS fra SureSMS WEB portal. Send p\u00e5mindelser om aftaler, f\u00f8dselsdagshilsener. Integreret funktion i vores gratis abonnement.\",\"breadcrumb\":{\"@id\":\"https:\\\/\\\/suresms.com\\\/dk\\\/funktioner\\\/send-tidsindstillede-sms-beskeder\\\/#breadcrumb\"},\"inLanguage\":\"de\",\"potentialAction\":[{\"@type\":\"ReadAction\",\"target\":[\"https:\\\/\\\/suresms.com\\\/dk\\\/funktioner\\\/send-tidsindstillede-sms-beskeder\\\/\"]}]},{\"@type\":\"BreadcrumbList\",\"@id\":\"https:\\\/\\\/suresms.com\\\/dk\\\/funktioner\\\/send-tidsindstillede-sms-beskeder\\\/#breadcrumb\",\"itemListElement\":[{\"@type\":\"ListItem\",\"position\":1,\"name\":\"Home\",\"item\":\"https:\\\/\\\/suresms.com\\\/dk\\\/\"},{\"@type\":\"ListItem\",\"position\":2,\"name\":\"Funktioner\",\"item\":\"https:\\\/\\\/suresms.com\\\/dk\\\/funktioner\\\/\"},{\"@type\":\"ListItem\",\"position\":3,\"name\":\"Tidsindstillede SMS&#039;er &#8211; Planl\u00e6g beskeder\"}]},{\"@type\":\"WebSite\",\"@id\":\"https:\\\/\\\/suresms.com\\\/en\\\/#website\",\"url\":\"https:\\\/\\\/suresms.com\\\/en\\\/\",\"name\":\"SureSMS\",\"description\":\"Professionel SMS Gateway\",\"publisher\":{\"@id\":\"https:\\\/\\\/suresms.com\\\/en\\\/#organization\"},\"potentialAction\":[{\"@type\":\"SearchAction\",\"target\":{\"@type\":\"EntryPoint\",\"urlTemplate\":\"https:\\\/\\\/suresms.com\\\/en\\\/?s={search_term_string}\"},\"query-input\":{\"@type\":\"PropertyValueSpecification\",\"valueRequired\":true,\"valueName\":\"search_term_string\"}}],\"inLanguage\":\"de\"},{\"@type\":\"Organization\",\"@id\":\"https:\\\/\\\/suresms.com\\\/en\\\/#organization\",\"name\":\"SureSMS\",\"url\":\"https:\\\/\\\/suresms.com\\\/en\\\/\",\"logo\":{\"@type\":\"ImageObject\",\"inLanguage\":\"de\",\"@id\":\"https:\\\/\\\/suresms.com\\\/en\\\/#\\\/schema\\\/logo\\\/image\\\/\",\"url\":\"https:\\\/\\\/suresms.com\\\/wp-content\\\/uploads\\\/2024\\\/11\\\/suresms-300x65-1.png\",\"contentUrl\":\"https:\\\/\\\/suresms.com\\\/wp-content\\\/uploads\\\/2024\\\/11\\\/suresms-300x65-1.png\",\"width\":300,\"height\":65,\"caption\":\"SureSMS\"},\"image\":{\"@id\":\"https:\\\/\\\/suresms.com\\\/en\\\/#\\\/schema\\\/logo\\\/image\\\/\"},\"sameAs\":[\"https:\\\/\\\/www.facebook.com\\\/p\\\/SureSMS-100044607956149\\\/\"]}]}<\/script>\r\n<!-- \/ Yoast SEO Premium plugin. -->","yoast_head_json":{"title":"Zeitgesteuerte SMS | Einfaches Versenden von zeitgesteuerten SMS-Nachrichten \u2713","description":"Plane und versende zeitgesteuerte SMS \u00fcber das SureSMS WEB Portal. Sende Terminerinnerungen, Geburtstagsgr\u00fc\u00dfe. Integrierte Funktion in unserem kostenlosen Abonnement.","robots":{"index":"index","follow":"follow","max-snippet":"max-snippet:-1","max-image-preview":"max-image-preview:large","max-video-preview":"max-video-preview:-1"},"canonical":"https:\/\/suresms.com\/de\/eigenschaften\/zeitgesteuerte-textnachrichten-senden\/","og_locale":"de_DE","og_type":"article","og_title":"Tidsindstillede SMS&#039;er - Planl\u00e6g beskeder","og_description":"Planl\u00e6g og afsend tidsbestemte SMS fra SureSMS WEB portal. Send p\u00e5mindelser om aftaler, f\u00f8dselsdagshilsener. Integreret funktion i vores gratis abonnement.","og_url":"https:\/\/suresms.com\/de\/eigenschaften\/zeitgesteuerte-textnachrichten-senden\/","article_publisher":"https:\/\/www.facebook.com\/p\/SureSMS-100044607956149\/","article_modified_time":"2024-12-05T15:38:05+00:00","twitter_card":"summary_large_image","twitter_misc":{"Gesch\u00e4tzte Lesezeit":"7\u00a0Minuten"},"schema":{"@context":"https:\/\/schema.org","@graph":[{"@type":"WebPage","@id":"https:\/\/suresms.com\/dk\/funktioner\/send-tidsindstillede-sms-beskeder\/","url":"https:\/\/suresms.com\/dk\/funktioner\/send-tidsindstillede-sms-beskeder\/","name":"Zeitgesteuerte SMS | Einfaches Versenden von zeitgesteuerten SMS-Nachrichten \u2713","isPartOf":{"@id":"https:\/\/suresms.com\/en\/#website"},"datePublished":"2015-12-14T13:47:13+00:00","dateModified":"2024-12-05T15:38:05+00:00","description":"Plane und versende zeitgesteuerte SMS \u00fcber das SureSMS WEB Portal. Sende Terminerinnerungen, Geburtstagsgr\u00fc\u00dfe. Integrierte Funktion in unserem kostenlosen Abonnement.","breadcrumb":{"@id":"https:\/\/suresms.com\/dk\/funktioner\/send-tidsindstillede-sms-beskeder\/#breadcrumb"},"inLanguage":"de","potentialAction":[{"@type":"ReadAction","target":["https:\/\/suresms.com\/dk\/funktioner\/send-tidsindstillede-sms-beskeder\/"]}]},{"@type":"BreadcrumbList","@id":"https:\/\/suresms.com\/dk\/funktioner\/send-tidsindstillede-sms-beskeder\/#breadcrumb","itemListElement":[{"@type":"ListItem","position":1,"name":"Home","item":"https:\/\/suresms.com\/dk\/"},{"@type":"ListItem","position":2,"name":"Funktioner","item":"https:\/\/suresms.com\/dk\/funktioner\/"},{"@type":"ListItem","position":3,"name":"Tidsindstillede SMS&#039;er &#8211; Planl\u00e6g beskeder"}]},{"@type":"WebSite","@id":"https:\/\/suresms.com\/en\/#website","url":"https:\/\/suresms.com\/en\/","name":"SureSMS","description":"Professioneller SMS-Gateway","publisher":{"@id":"https:\/\/suresms.com\/en\/#organization"},"potentialAction":[{"@type":"SearchAction","target":{"@type":"EntryPoint","urlTemplate":"https:\/\/suresms.com\/en\/?s={search_term_string}"},"query-input":{"@type":"PropertyValueSpecification","valueRequired":true,"valueName":"search_term_string"}}],"inLanguage":"de"},{"@type":"Organization","@id":"https:\/\/suresms.com\/en\/#organization","name":"SureSMS","url":"https:\/\/suresms.com\/en\/","logo":{"@type":"ImageObject","inLanguage":"de","@id":"https:\/\/suresms.com\/en\/#\/schema\/logo\/image\/","url":"https:\/\/suresms.com\/wp-content\/uploads\/2024\/11\/suresms-300x65-1.png","contentUrl":"https:\/\/suresms.com\/wp-content\/uploads\/2024\/11\/suresms-300x65-1.png","width":300,"height":65,"caption":"SureSMS"},"image":{"@id":"https:\/\/suresms.com\/en\/#\/schema\/logo\/image\/"},"sameAs":["https:\/\/www.facebook.com\/p\/SureSMS-100044607956149\/"]}]}},"_links":{"self":[{"href":"https:\/\/suresms.com\/de\/wp-json\/wp\/v2\/pages\/18648","targetHints":{"allow":["GET"]}}],"collection":[{"href":"https:\/\/suresms.com\/de\/wp-json\/wp\/v2\/pages"}],"about":[{"href":"https:\/\/suresms.com\/de\/wp-json\/wp\/v2\/types\/page"}],"author":[{"embeddable":true,"href":"https:\/\/suresms.com\/de\/wp-json\/wp\/v2\/users\/1"}],"replies":[{"embeddable":true,"href":"https:\/\/suresms.com\/de\/wp-json\/wp\/v2\/comments?post=18648"}],"version-history":[{"count":3,"href":"https:\/\/suresms.com\/de\/wp-json\/wp\/v2\/pages\/18648\/revisions"}],"predecessor-version":[{"id":19442,"href":"https:\/\/suresms.com\/de\/wp-json\/wp\/v2\/pages\/18648\/revisions\/19442"}],"up":[{"embeddable":true,"href":"https:\/\/suresms.com\/de\/wp-json\/wp\/v2\/pages\/958"}],"wp:attachment":[{"href":"https:\/\/suresms.com\/de\/wp-json\/wp\/v2\/media?parent=18648"}],"wp:term":[{"taxonomy":"category","embeddable":true,"href":"https:\/\/suresms.com\/de\/wp-json\/wp\/v2\/categories?post=18648"},{"taxonomy":"post_tag","embeddable":true,"href":"https:\/\/suresms.com\/de\/wp-json\/wp\/v2\/tags?post=18648"}],"curies":[{"name":"wp","href":"https:\/\/api.w.org\/{rel}","templated":true}]}}