{"id":18594,"date":"2013-11-26T08:53:12","date_gmt":"2013-11-26T06:53:12","guid":{"rendered":"http:\/\/suresms-gateway.dk\/?page_id=9"},"modified":"2025-11-19T10:58:14","modified_gmt":"2025-11-19T10:58:14","slug":"uber-suresms","status":"publish","type":"page","link":"https:\/\/suresms.com\/de\/om-suresms\/","title":{"rendered":"\u00dcber SureSMS"},"content":{"rendered":"<h1>\n\t\t\t\u00dcber SureSMS\t<\/h1>\n\t<p>Bei Sure SMS entwickeln wir flexible und langlebige SMS-L\u00f6sungen f\u00fcr professionelle Nutzer. Wir bieten eine gut dokumentierte API f\u00fcr ein stabiles SMS-Gateway f\u00fcr Entwickler.<br \/>Wir sind gut in dem, was wir tun! Und wir glauben, dass wir mit guter Handwerkskunst und einem klaren Fokus auf neue technologische L\u00f6sungen in enger Zusammenarbeit mit unseren Kunden die besten L\u00f6sungen schaffen.<\/p>\n\t\t\t\t<img decoding=\"async\" src=\"https:\/\/suresms.com\/wp-content\/uploads\/2013\/11\/startup550x250px.jpg\" alt=\"\u00dcber die Zusammenarbeit mit Kunden suresms\" itemprop=\"image\" height=\"250\" width=\"500\" title=\"\u00fcber die Zusammenarbeit mit Suresms\" onerror=\"this.style.display='none'\" loading=\"lazy\" \/>\n<h3>Mit uns arbeiten<\/h3>Wir sind \u00fcberzeugt, dass wir die besten Ergebnisse erzielen, wenn wir auf das Feedback unserer Kunden reagieren!<br \/>\nDeshalb reicht es nicht aus, dass wir dir immer ein zuverl\u00e4ssiges Gateway zur Verf\u00fcgung stellen, das die beste Qualit\u00e4t und Betriebszeit f\u00fcr den SMS-Versand bietet.<br \/>\nBei uns kannst du ein bisschen mehr erwarten. Unser Support ist immer serviceorientiert und pers\u00f6nlich. Wir haben KEINE Telefonleitungen und es sollte f\u00fcr unsere Kunden immer einfach sein, einen kompetenten Mitarbeiter live zu erreichen, der bei bestimmten Problemen oder mit Rat und Tat kostenlos helfen kann.<br \/>\nBei SureSMS bekommen wir die Dinge in den Griff!\n\t\t\t\t<img decoding=\"async\" src=\"https:\/\/suresms.com\/wp-content\/uploads\/2013\/11\/bordfodbold-500x250px1.jpg\" alt=\"\u00dcber SureSMS SMS Gateway\" itemprop=\"image\" height=\"250\" width=\"500\" title=\"Tischfu\u00dfball 500x250px\" onerror=\"this.style.display='none'\" loading=\"lazy\" \/>\n<h3>Unser Team<\/h3>Wir sind ein Team von erfahrenen und gut ausgebildeten d\u00e4nischen Entwicklern und Betreibern, die seit \u00fcber 20 Jahren mit SMS-Gateways und Infrastrukturen wie Netzwerken, Sicherheit und Servern arbeiten.<br \/>\nZusammen mit unseren qualifizierten Kommunikations- und Vertriebsmitarbeitern arbeiten wir ehrgeizig daran, den besten Service f\u00fcr unsere Kunden zu bieten.<br \/>\nVon unserem Hauptsitz in Hvidovre, D\u00e4nemark, aus arbeiten wir mit unseren Entwicklern auf der ganzen Welt daran, unser Produkt, unseren Service und unsere Kommunikation st\u00e4ndig weiterzuentwickeln, um deine Nachrichten sicher an jedes Mobiltelefon auf der Welt zu senden\n<h3>\n\t\t\tSende uns eine Nachricht\t<\/h3>\n<h3>\n\t\t\tHier leben wir\t<\/h3>\n<h3>\n\t\t\tSureSMS ApS\t<\/h3>\n\t<h5>Industrieholmen 82<br \/>DK-2650 Hvidovre, D\u00e4nemark<\/h5>\n\n<h5>KONTAKT:<br \/>Tel: +45 50 322 322<br \/>E-Mail: info@suresms.com<br \/>CVR: 33263104<\/h5>\n\t\t<h3>Die Geschichte von SureSMS<\/h3><p>SureSMS Aps ist ein d\u00e4nisches Unternehmen in Hvidovre, das seit 2003 SMS-Nachrichten versendet. Wir helfen Unternehmen in D\u00e4nemark und im Ausland, SMS-L\u00f6sungen von h\u00f6chster Qualit\u00e4t zu liefern.<\/p>\n<h4>\n\t\t<a href=\"https:\/\/suresms.com\/de\/kontakt\/\" title=\"Bei SureSMS bekommst du immer kostenlosen Support. Ruf uns an unter 50 322 322 oder schick uns HIER eine E-Mail!\"  target=\"_self\">\n\t\t\tBei SureSMS bekommst du immer kostenlosen Support. Ruf uns an unter 50 322 322 oder schick uns HIER eine E-Mail!\t\t<\/a>\n\t<\/h4>","protected":false},"excerpt":{"rendered":"<p>\u00dcber SureSMS Bei Sure SMS entwickeln wir flexible und langlebige SMS-L\u00f6sungen f\u00fcr professionelle Nutzer. Wir bieten eine gut dokumentierte API f\u00fcr ein stabiles SMS-Gateway f\u00fcr Entwickler. Und wir glauben, dass wir mit guter Handwerkskunst und einem klaren Fokus auf neue technologische L\u00f6sungen die besten L\u00f6sungen in enger Zusammenarbeit mit ... <a title=\"\u00dcber SureSMS\" class=\"read-more\" href=\"https:\/\/suresms.com\/de\/om-suresms\/\" aria-label=\"Erfahre mehr \u00fcber Om SureSMS\">Mehr lesen<\/a><\/p>","protected":false},"author":1,"featured_media":0,"parent":0,"menu_order":7,"comment_status":"closed","ping_status":"closed","template":"","meta":{"_fl_builder_enabled":"1","_fl_builder_data":null,"_fl_builder_draft":null,"_fl_builder_data_settings":null,"_fl_builder_css":"","_fl_builder_css_version":"","_fl_builder_js":"","footnotes":""},"categories":[],"tags":[],"class_list":["post-18594","page","type-page","status-publish"],"yoast_head":"<!-- This site is optimized with the Yoast SEO Premium plugin v27.3 (Yoast SEO v27.3) - https:\/\/yoast.com\/product\/yoast-seo-premium-wordpress\/ -->\r\n<title>Om SureSMS - F\u00e5 et indblik i vores erfaring og kompetencer<\/title>\r\n<meta name=\"description\" content=\"L\u00e6s her om SureSMS. Med 13 \u00e5rs erfaring p\u00e5 SMS markedet, er vi den professionelle l\u00f8sning til virksomheder og udviklere. SMS GAteway med kunden i centrum.\" \/>\r\n<meta name=\"robots\" content=\"index, follow, max-snippet:-1, max-image-preview:large, max-video-preview:-1\" \/>\r\n<link rel=\"canonical\" href=\"https:\/\/suresms.com\/de\/uber-suresms\/\" \/>\r\n<meta property=\"og:locale\" content=\"de_DE\" \/>\r\n<meta property=\"og:type\" content=\"article\" \/>\r\n<meta property=\"og:title\" content=\"Om SureSMS\" \/>\r\n<meta property=\"og:description\" content=\"L\u00e6s om SureSMS en professionel SMS Gateway med kvalitetsl\u00f8sninger til professionelle.\" \/>\r\n<meta property=\"og:url\" content=\"https:\/\/suresms.com\/de\/uber-suresms\/\" \/>\r\n<meta property=\"article:publisher\" content=\"https:\/\/www.facebook.com\/p\/SureSMS-100044607956149\/\" \/>\r\n<meta property=\"article:modified_time\" content=\"2025-11-19T10:58:14+00:00\" \/>\r\n<meta name=\"twitter:card\" content=\"summary_large_image\" \/>\r\n<meta name=\"twitter:image\" content=\"https:\/\/suresms.com\/wp-content\/uploads\/2013\/11\/startup550x250px.jpg\" \/>\r\n<meta name=\"twitter:label1\" content=\"Gesch\u00e4tzte Lesezeit\" \/>\n\t<meta name=\"twitter:data1\" content=\"3\u00a0Minuten\" \/>\r\n<script type=\"application\/ld+json\" class=\"yoast-schema-graph\">{\"@context\":\"https:\\\/\\\/schema.org\",\"@graph\":[{\"@type\":\"WebPage\",\"@id\":\"https:\\\/\\\/suresms.com\\\/dk\\\/om-suresms\\\/\",\"url\":\"https:\\\/\\\/suresms.com\\\/dk\\\/om-suresms\\\/\",\"name\":\"Om SureSMS - F\u00e5 et indblik i vores erfaring og kompetencer\",\"isPartOf\":{\"@id\":\"https:\\\/\\\/suresms.com\\\/en\\\/#website\"},\"primaryImageOfPage\":{\"@id\":\"https:\\\/\\\/suresms.com\\\/dk\\\/om-suresms\\\/#primaryimage\"},\"image\":{\"@id\":\"https:\\\/\\\/suresms.com\\\/dk\\\/om-suresms\\\/#primaryimage\"},\"thumbnailUrl\":\"https:\\\/\\\/suresms.com\\\/wp-content\\\/uploads\\\/2013\\\/11\\\/startup550x250px.jpg\",\"datePublished\":\"2013-11-26T06:53:12+00:00\",\"dateModified\":\"2025-11-19T10:58:14+00:00\",\"description\":\"L\u00e6s her om SureSMS. Med 13 \u00e5rs erfaring p\u00e5 SMS markedet, er vi den professionelle l\u00f8sning til virksomheder og udviklere. SMS GAteway med kunden i centrum.\",\"breadcrumb\":{\"@id\":\"https:\\\/\\\/suresms.com\\\/dk\\\/om-suresms\\\/#breadcrumb\"},\"inLanguage\":\"de\",\"potentialAction\":[{\"@type\":\"ReadAction\",\"target\":[\"https:\\\/\\\/suresms.com\\\/dk\\\/om-suresms\\\/\"]}]},{\"@type\":\"ImageObject\",\"inLanguage\":\"de\",\"@id\":\"https:\\\/\\\/suresms.com\\\/dk\\\/om-suresms\\\/#primaryimage\",\"url\":\"https:\\\/\\\/suresms.com\\\/wp-content\\\/uploads\\\/2013\\\/11\\\/startup550x250px.jpg\",\"contentUrl\":\"https:\\\/\\\/suresms.com\\\/wp-content\\\/uploads\\\/2013\\\/11\\\/startup550x250px.jpg\"},{\"@type\":\"BreadcrumbList\",\"@id\":\"https:\\\/\\\/suresms.com\\\/dk\\\/om-suresms\\\/#breadcrumb\",\"itemListElement\":[{\"@type\":\"ListItem\",\"position\":1,\"name\":\"Home\",\"item\":\"https:\\\/\\\/suresms.com\\\/dk\\\/\"},{\"@type\":\"ListItem\",\"position\":2,\"name\":\"Om SureSMS\"}]},{\"@type\":\"WebSite\",\"@id\":\"https:\\\/\\\/suresms.com\\\/en\\\/#website\",\"url\":\"https:\\\/\\\/suresms.com\\\/en\\\/\",\"name\":\"SureSMS\",\"description\":\"Professionel SMS Gateway\",\"publisher\":{\"@id\":\"https:\\\/\\\/suresms.com\\\/en\\\/#organization\"},\"potentialAction\":[{\"@type\":\"SearchAction\",\"target\":{\"@type\":\"EntryPoint\",\"urlTemplate\":\"https:\\\/\\\/suresms.com\\\/en\\\/?s={search_term_string}\"},\"query-input\":{\"@type\":\"PropertyValueSpecification\",\"valueRequired\":true,\"valueName\":\"search_term_string\"}}],\"inLanguage\":\"de\"},{\"@type\":\"Organization\",\"@id\":\"https:\\\/\\\/suresms.com\\\/en\\\/#organization\",\"name\":\"SureSMS\",\"url\":\"https:\\\/\\\/suresms.com\\\/en\\\/\",\"logo\":{\"@type\":\"ImageObject\",\"inLanguage\":\"de\",\"@id\":\"https:\\\/\\\/suresms.com\\\/en\\\/#\\\/schema\\\/logo\\\/image\\\/\",\"url\":\"https:\\\/\\\/suresms.com\\\/wp-content\\\/uploads\\\/2024\\\/11\\\/suresms-300x65-1.png\",\"contentUrl\":\"https:\\\/\\\/suresms.com\\\/wp-content\\\/uploads\\\/2024\\\/11\\\/suresms-300x65-1.png\",\"width\":300,\"height\":65,\"caption\":\"SureSMS\"},\"image\":{\"@id\":\"https:\\\/\\\/suresms.com\\\/en\\\/#\\\/schema\\\/logo\\\/image\\\/\"},\"sameAs\":[\"https:\\\/\\\/www.facebook.com\\\/p\\\/SureSMS-100044607956149\\\/\"]}]}<\/script>\r\n<!-- \/ Yoast SEO Premium plugin. -->","yoast_head_json":{"title":"\u00dcber SureSMS - Erhalte einen Einblick in unsere Erfahrung und Kompetenzen","description":"Lies hier \u00fcber SureSMS. Mit 13 Jahren Erfahrung auf dem SMS-Markt sind wir die professionelle L\u00f6sung f\u00fcr Unternehmen und Entwickler. SMS GAteway, bei dem der Kunde im Mittelpunkt steht.","robots":{"index":"index","follow":"follow","max-snippet":"max-snippet:-1","max-image-preview":"max-image-preview:large","max-video-preview":"max-video-preview:-1"},"canonical":"https:\/\/suresms.com\/de\/uber-suresms\/","og_locale":"de_DE","og_type":"article","og_title":"Om SureSMS","og_description":"L\u00e6s om SureSMS en professionel SMS Gateway med kvalitetsl\u00f8sninger til professionelle.","og_url":"https:\/\/suresms.com\/de\/uber-suresms\/","article_publisher":"https:\/\/www.facebook.com\/p\/SureSMS-100044607956149\/","article_modified_time":"2025-11-19T10:58:14+00:00","twitter_card":"summary_large_image","twitter_image":"https:\/\/suresms.com\/wp-content\/uploads\/2013\/11\/startup550x250px.jpg","twitter_misc":{"Gesch\u00e4tzte Lesezeit":"3\u00a0Minuten"},"schema":{"@context":"https:\/\/schema.org","@graph":[{"@type":"WebPage","@id":"https:\/\/suresms.com\/dk\/om-suresms\/","url":"https:\/\/suresms.com\/dk\/om-suresms\/","name":"\u00dcber SureSMS - Erhalte einen Einblick in unsere Erfahrung und Kompetenzen","isPartOf":{"@id":"https:\/\/suresms.com\/en\/#website"},"primaryImageOfPage":{"@id":"https:\/\/suresms.com\/dk\/om-suresms\/#primaryimage"},"image":{"@id":"https:\/\/suresms.com\/dk\/om-suresms\/#primaryimage"},"thumbnailUrl":"https:\/\/suresms.com\/wp-content\/uploads\/2013\/11\/startup550x250px.jpg","datePublished":"2013-11-26T06:53:12+00:00","dateModified":"2025-11-19T10:58:14+00:00","description":"Lies hier \u00fcber SureSMS. Mit 13 Jahren Erfahrung auf dem SMS-Markt sind wir die professionelle L\u00f6sung f\u00fcr Unternehmen und Entwickler. SMS GAteway, bei dem der Kunde im Mittelpunkt steht.","breadcrumb":{"@id":"https:\/\/suresms.com\/dk\/om-suresms\/#breadcrumb"},"inLanguage":"de","potentialAction":[{"@type":"ReadAction","target":["https:\/\/suresms.com\/dk\/om-suresms\/"]}]},{"@type":"ImageObject","inLanguage":"de","@id":"https:\/\/suresms.com\/dk\/om-suresms\/#primaryimage","url":"https:\/\/suresms.com\/wp-content\/uploads\/2013\/11\/startup550x250px.jpg","contentUrl":"https:\/\/suresms.com\/wp-content\/uploads\/2013\/11\/startup550x250px.jpg"},{"@type":"BreadcrumbList","@id":"https:\/\/suresms.com\/dk\/om-suresms\/#breadcrumb","itemListElement":[{"@type":"ListItem","position":1,"name":"Home","item":"https:\/\/suresms.com\/dk\/"},{"@type":"ListItem","position":2,"name":"Om SureSMS"}]},{"@type":"WebSite","@id":"https:\/\/suresms.com\/en\/#website","url":"https:\/\/suresms.com\/en\/","name":"SureSMS","description":"Professioneller SMS-Gateway","publisher":{"@id":"https:\/\/suresms.com\/en\/#organization"},"potentialAction":[{"@type":"SearchAction","target":{"@type":"EntryPoint","urlTemplate":"https:\/\/suresms.com\/en\/?s={search_term_string}"},"query-input":{"@type":"PropertyValueSpecification","valueRequired":true,"valueName":"search_term_string"}}],"inLanguage":"de"},{"@type":"Organization","@id":"https:\/\/suresms.com\/en\/#organization","name":"SureSMS","url":"https:\/\/suresms.com\/en\/","logo":{"@type":"ImageObject","inLanguage":"de","@id":"https:\/\/suresms.com\/en\/#\/schema\/logo\/image\/","url":"https:\/\/suresms.com\/wp-content\/uploads\/2024\/11\/suresms-300x65-1.png","contentUrl":"https:\/\/suresms.com\/wp-content\/uploads\/2024\/11\/suresms-300x65-1.png","width":300,"height":65,"caption":"SureSMS"},"image":{"@id":"https:\/\/suresms.com\/en\/#\/schema\/logo\/image\/"},"sameAs":["https:\/\/www.facebook.com\/p\/SureSMS-100044607956149\/"]}]}},"_links":{"self":[{"href":"https:\/\/suresms.com\/de\/wp-json\/wp\/v2\/pages\/18594","targetHints":{"allow":["GET"]}}],"collection":[{"href":"https:\/\/suresms.com\/de\/wp-json\/wp\/v2\/pages"}],"about":[{"href":"https:\/\/suresms.com\/de\/wp-json\/wp\/v2\/types\/page"}],"author":[{"embeddable":true,"href":"https:\/\/suresms.com\/de\/wp-json\/wp\/v2\/users\/1"}],"replies":[{"embeddable":true,"href":"https:\/\/suresms.com\/de\/wp-json\/wp\/v2\/comments?post=18594"}],"version-history":[{"count":7,"href":"https:\/\/suresms.com\/de\/wp-json\/wp\/v2\/pages\/18594\/revisions"}],"predecessor-version":[{"id":23554,"href":"https:\/\/suresms.com\/de\/wp-json\/wp\/v2\/pages\/18594\/revisions\/23554"}],"wp:attachment":[{"href":"https:\/\/suresms.com\/de\/wp-json\/wp\/v2\/media?parent=18594"}],"wp:term":[{"taxonomy":"category","embeddable":true,"href":"https:\/\/suresms.com\/de\/wp-json\/wp\/v2\/categories?post=18594"},{"taxonomy":"post_tag","embeddable":true,"href":"https:\/\/suresms.com\/de\/wp-json\/wp\/v2\/tags?post=18594"}],"curies":[{"name":"wp","href":"https:\/\/api.w.org\/{rel}","templated":true}]}}