{"id":18593,"date":"2013-11-26T08:52:42","date_gmt":"2013-11-26T06:52:42","guid":{"rendered":"http:\/\/suresms-gateway.dk\/?page_id=5"},"modified":"2025-10-28T16:16:08","modified_gmt":"2025-10-28T16:16:08","slug":"kostenloses-sms-testkonto","status":"publish","type":"page","link":"https:\/\/suresms.com\/de\/bestil\/gratis-sms-testkonto\/","title":{"rendered":"Kostenloses SMS-Testkonto"},"content":{"rendered":"<h2>Kostenloses SMS-Konto - versende 50 kostenlose SMS-Nachrichten<\/h2>\n<p>Bei SureSMS bieten wir allen neuen Kunden die M\u00f6glichkeit, unseren Service ohne Bezahlung zu testen. Indem du ein KOSTENLOSES SMS-Testkonto erstellst, kannst du unser modernes und stabiles SMS-Gateway ausprobieren.<\/p>\n<p>Du bekommst 14 Tage lang Zugang zu allen Funktionen in unserem System. Allerdings nicht unsere 2-Wege-L\u00f6sung. Wenn du dich entscheidest, SureSMS zu nutzen, wird dein Konto automatisch zu einem normalen Konto hochgestuft. Das kannst du entweder durch eine Einzahlung auf dein Konto per Kreditkarte oder durch die Einrichtung einer Rechnungsvereinbarung tun.<\/p>\n<p>Wenn du das Konto erstellst, wird dein Login eine Telefonnummer sein, die du hier eingibst. Du erh\u00e4ltst eine SMS mit deinem Code auf der Nummer, also denk daran, eine Handynummer zu verwenden, auf die du gerade Zugriff hast. Sobald du eingeloggt bist, kannst du einen anderen Absender anfordern.<\/p>\n<p>Login und Passwort werden sofort verschickt, sodass du in 2 Minuten startklar bist.<\/p>\n<p>Ich w\u00fcnsche dir viel Spa\u00df.<\/p>\n\t\t\t<a href=\"https:\/\/app.suresms.com\/account\/signup\" target=\"_blank\" rel=\"noopener\">\n\t\t\t\t\t\t\tEin kostenloses Konto erstellen\n\t\t\t\t\t<\/a>\n\t<h2>\u00a0G\u00fcnstige SMS und hohe Betriebsstabilit\u00e4t<\/h2>\n<p>Als SureSMS-Kunde kannst du einige der wettbewerbsf\u00e4higsten Preise auf dem Markt erwarten. Wir bieten allen Kunden g\u00fcnstige Preise pro SMS und kombinieren dies mit hoher Betriebsstabilit\u00e4t.<\/p>\n<p>Es bringt nicht viel, Geld zu sparen, wenn nur die H\u00e4lfte der Nachrichten zugestellt wird, aber mit SureSMS kannst du sicher sein, dass die Qualit\u00e4t stimmt. Wir haben niedrige Preise und liefern eine sehr <a href=\"https:\/\/suresms.com\/de\/\">Stabiler SMS-Gateway<\/a>.<\/p>\n\t<h2>Einfache Umstellung von anderen Anbietern<\/h2>\n<p>SureSMS hat umfangreiche Erfahrungen mit Netzwerken, Sicherheit und Gateways. Das macht es f\u00fcr uns einfach, den Wechsel von deinem derzeitigen Anbieter zu unserem Gateway zu verwalten und abzusichern.<\/p>\n<p>Obwohl der Wechsel des SMS-Anbieters f\u00fcr viele Kunden eine gro\u00dfe Entscheidung sein kann, k\u00f6nnen wir die Umstellung erstaunlich einfach und schnell erledigen. Sie ist nicht so umfangreich, wie viele Leute denken.<\/p>\n\t<h4><strong>Sollte es das kleinste Problem geben, bieten wir 24\/7 Support.<\/strong><\/h4>\n\t\t\t<a href=\"https:\/\/suresms.com\/de\/kontakt\/\" target=\"_self\">\n\t\t\t\t\t\tSiehe Kontaktinformationen hier\n\t\t\t\t\t<\/a>\n<h3>\n\t\t\tOder schreibe hier an unseren Support. Wir werden uns in K\u00fcrze bei dir melden!\t<\/h3>\n\t\n<div class=\"wpcf7 no-js\" id=\"wpcf7-f2264-o1\" lang=\"da-DK\" dir=\"ltr\" data-wpcf7-id=\"2264\">\n<div class=\"screen-reader-response\"><p role=\"status\" aria-live=\"polite\" aria-atomic=\"true\"><\/p> <ul><\/ul><\/div>\n<form action=\"\/de\/wp-json\/wp\/v2\/pages\/18593#wpcf7-f2264-o1\" method=\"post\" class=\"wpcf7-form init\" aria-label=\"Kontakt-Formular\" enctype=\"multipart\/form-data\" novalidate=\"novalidate\" data-status=\"init\" data-trp-original-action=\"\/de\/wp-json\/wp\/v2\/pages\/18593#wpcf7-f2264-o1\">\n<fieldset class=\"hidden-fields-container\"><input type=\"hidden\" name=\"_wpcf7\" value=\"2264\" \/><input type=\"hidden\" name=\"_wpcf7_version\" value=\"6.1.5\" \/><input type=\"hidden\" name=\"_wpcf7_locale\" value=\"da_DK\" \/><input type=\"hidden\" name=\"_wpcf7_unit_tag\" value=\"wpcf7-f2264-o1\" \/><input type=\"hidden\" name=\"_wpcf7_container_post\" value=\"0\" \/><input type=\"hidden\" name=\"_wpcf7_posted_data_hash\" value=\"\" \/>\n<\/fieldset>\n<p>Firmenname (muss ausgef\u00fcllt werden)\n<\/p>\n<p><span class=\"wpcf7-form-control-wrap\" data-name=\"your-name\"><input size=\"40\" maxlength=\"400\" class=\"wpcf7-form-control wpcf7-text wpcf7-validates-as-required\" aria-required=\"true\" aria-invalid=\"false\" value=\"\" type=\"text\" name=\"your-name\" \/><\/span>\n<\/p>\n<p>Dein Name (muss ausgef\u00fcllt werden)\n<\/p>\n<p><span class=\"wpcf7-form-control-wrap\" data-name=\"dit-navn\"><input size=\"40\" maxlength=\"400\" class=\"wpcf7-form-control wpcf7-text wpcf7-validates-as-required\" aria-required=\"true\" aria-invalid=\"false\" value=\"\" type=\"text\" name=\"dit-navn\" \/><\/span>\n<\/p>\n<p>Deine E-Mail (muss ausgef\u00fcllt werden)\n<\/p>\n<p><span class=\"wpcf7-form-control-wrap\" data-name=\"your-email\"><input size=\"40\" maxlength=\"400\" class=\"wpcf7-form-control wpcf7-email wpcf7-validates-as-required wpcf7-text wpcf7-validates-as-email\" aria-required=\"true\" aria-invalid=\"false\" value=\"\" type=\"email\" name=\"your-email\" \/><\/span>\n<\/p>\n<p>Telefonnummer (muss ausgef\u00fcllt werden)\n<\/p>\n<p><span class=\"wpcf7-form-control-wrap\" data-name=\"tel-616\"><input size=\"40\" maxlength=\"400\" class=\"wpcf7-form-control wpcf7-tel wpcf7-validates-as-required wpcf7-text wpcf7-validates-as-tel\" aria-required=\"true\" aria-invalid=\"false\" value=\"\" type=\"tel\" name=\"tel-616\" \/><\/span>\n<\/p>\n<p>Thema\n<\/p>\n<p><span class=\"wpcf7-form-control-wrap\" data-name=\"your-subject\"><input size=\"40\" maxlength=\"400\" class=\"wpcf7-form-control wpcf7-text\" aria-invalid=\"false\" value=\"\" type=\"text\" name=\"your-subject\" \/><\/span>\n<\/p>\n<p>Deine Nachricht\n<\/p>\n<p><span class=\"wpcf7-form-control-wrap\" data-name=\"your-message\"><textarea cols=\"40\" rows=\"10\" maxlength=\"2000\" class=\"wpcf7-form-control wpcf7-textarea\" aria-invalid=\"false\" name=\"your-message\"><\/textarea><\/span>\n<\/p>\n<p>Jede Datei hochladen\n<\/p>\n<p><span class=\"wpcf7-form-control-wrap\" data-name=\"file-948\"><input size=\"40\" class=\"wpcf7-form-control wpcf7-file\" id=\"Uploadfil\" accept=\"audio\/*,video\/*,image\/*\" aria-invalid=\"false\" type=\"file\" name=\"file-948\" \/><\/span>\n<\/p>\n<p><div class=\"cf7-cf-turnstile\" style=\"margin-top: 0px; margin-bottom: -15px;\"> <div id=\"cf-turnstile-cf7-168466457\" class=\"cf-turnstile\" data-sitekey=\"0x4AAAAAAB8YGArd9ML-HbMW\" data-theme=\"light\" data-language=\"auto\" data-size=\"normal\" data-retry=\"auto\" data-retry-interval=\"1000\" data-refresh-expired=\"auto\" data-action=\"contact-form-7\" data-appearance=\"always\"><\/div> <script>document.addEventListener(\"DOMContentLoaded\", function() { setTimeout(function(){ var e=document.getElementById(\"cf-turnstile-cf7-168466457\"); e&&!e.innerHTML.trim()&&(turnstile.remove(\"#cf-turnstile-cf7-168466457\"), turnstile.render(\"#cf-turnstile-cf7-168466457\", {sitekey:\"0x4AAAAAAB8YGArd9ML-HbMW\"})); }, 100); });<\/script> <br class=\"cf-turnstile-br cf-turnstile-br-cf7-168466457\"> <style>#cf-turnstile-cf7-168466457 { margin-left: -15px; }<\/style> <script>document.addEventListener(\"DOMContentLoaded\",function(){document.querySelectorAll('.wpcf7-form').forEach(function(e){e.addEventListener('submit',function(){if(document.getElementById('cf-turnstile-cf7-168466457')){setTimeout(function(){turnstile.reset('#cf-turnstile-cf7-168466457');},1000)}})})});<\/script> <\/div>\n<\/p>\n<p><input class=\"wpcf7-form-control wpcf7-submit has-spinner\" type=\"submit\" value=\"Sende\" \/>\n<\/p><div class=\"wpcf7-response-output\" aria-hidden=\"true\"><\/div>\n<input type=\"hidden\" name=\"trp-form-language\" value=\"de\"\/><\/form>\n<\/div>","protected":false},"excerpt":{"rendered":"<p>Kostenloses SMS-Konto - 50 SMS kostenlos versenden Bei SureSMS bieten wir allen neuen Kunden die M\u00f6glichkeit, unseren Service ohne Bezahlung zu testen. Durch die Erstellung eines GRATIS SMS-Testkontos k\u00f6nnen Sie unser modernes und stabiles SMS-Gateway ausprobieren. Sie erhalten f\u00fcr 14 Tage Zugang zu allen Funktionen unseres Systems. Allerdings nicht unsere 2-Wege-L\u00f6sung. ... <a title=\"Kostenloses SMS-Testkonto\" class=\"read-more\" href=\"https:\/\/suresms.com\/de\/bestil\/gratis-sms-testkonto\/\" aria-label=\"Weitere Informationen zum Free SMS Testkonto\">Mehr lesen<\/a><\/p>","protected":false},"author":1,"featured_media":0,"parent":19266,"menu_order":23,"comment_status":"closed","ping_status":"closed","template":"","meta":{"_fl_builder_enabled":"1","_fl_builder_data":null,"_fl_builder_draft":null,"_fl_builder_data_settings":null,"_fl_builder_css":"","_fl_builder_css_version":"","_fl_builder_js":"","footnotes":""},"class_list":["post-18593","page","type-page","status-publish"],"yoast_head":"<!-- This site is optimized with the Yoast SEO Premium plugin v27.3 (Yoast SEO v27.3) - https:\/\/yoast.com\/product\/yoast-seo-premium-wordpress\/ -->\r\n<title>Gratis testkonto med 50 SMS&#039;er - Pr\u00f8v SMS gateway og send gratis sms<\/title>\r\n<meta name=\"description\" content=\"F\u00e5 en gratis sms testkonto og send SMS til dine kunder. N\u00e5r du opretter, kvitterer vi med 100 SMS&#039;er, s\u00e5 du kan f\u00e5 en fornemmelse af vores SureSMS gateway\" \/>\r\n<meta name=\"robots\" content=\"index, follow, max-snippet:-1, max-image-preview:large, max-video-preview:-1\" \/>\r\n<link rel=\"canonical\" href=\"https:\/\/suresms.com\/de\/bestellung\/kostenloses-sms-testkonto\/\" \/>\r\n<meta property=\"og:locale\" content=\"de_DE\" \/>\r\n<meta property=\"og:type\" content=\"article\" \/>\r\n<meta property=\"og:title\" content=\"Gratis SMS testkonto\" \/>\r\n<meta property=\"og:description\" content=\"F\u00e5 en gratis sms testkonto og send SMS til dine kunder. N\u00e5r du opretter, kvitterer vi med 100 SMS&#039;er, s\u00e5 du kan f\u00e5 en fornemmelse af vores SureSMS gateway\" \/>\r\n<meta property=\"og:url\" content=\"https:\/\/suresms.com\/de\/bestellung\/kostenloses-sms-testkonto\/\" \/>\r\n<meta property=\"article:publisher\" content=\"https:\/\/www.facebook.com\/p\/SureSMS-100044607956149\/\" \/>\r\n<meta property=\"article:modified_time\" content=\"2025-10-28T16:16:08+00:00\" \/>\r\n<meta name=\"twitter:card\" content=\"summary_large_image\" \/>\r\n<meta name=\"twitter:label1\" content=\"Gesch\u00e4tzte Lesezeit\" \/>\n\t<meta name=\"twitter:data1\" content=\"4\u00a0Minuten\" \/>\r\n<script type=\"application\/ld+json\" class=\"yoast-schema-graph\">{\"@context\":\"https:\\\/\\\/schema.org\",\"@graph\":[{\"@type\":\"WebPage\",\"@id\":\"https:\\\/\\\/suresms.com\\\/dk\\\/bestil\\\/gratis-sms-testkonto\\\/\",\"url\":\"https:\\\/\\\/suresms.com\\\/dk\\\/bestil\\\/gratis-sms-testkonto\\\/\",\"name\":\"Gratis testkonto med 50 SMS'er - Pr\u00f8v SMS gateway og send gratis sms\",\"isPartOf\":{\"@id\":\"https:\\\/\\\/suresms.com\\\/en\\\/#website\"},\"datePublished\":\"2013-11-26T06:52:42+00:00\",\"dateModified\":\"2025-10-28T16:16:08+00:00\",\"description\":\"F\u00e5 en gratis sms testkonto og send SMS til dine kunder. N\u00e5r du opretter, kvitterer vi med 100 SMS'er, s\u00e5 du kan f\u00e5 en fornemmelse af vores SureSMS gateway\",\"breadcrumb\":{\"@id\":\"https:\\\/\\\/suresms.com\\\/dk\\\/bestil\\\/gratis-sms-testkonto\\\/#breadcrumb\"},\"inLanguage\":\"de\",\"potentialAction\":[{\"@type\":\"ReadAction\",\"target\":[\"https:\\\/\\\/suresms.com\\\/dk\\\/bestil\\\/gratis-sms-testkonto\\\/\"]}]},{\"@type\":\"BreadcrumbList\",\"@id\":\"https:\\\/\\\/suresms.com\\\/dk\\\/bestil\\\/gratis-sms-testkonto\\\/#breadcrumb\",\"itemListElement\":[{\"@type\":\"ListItem\",\"position\":1,\"name\":\"Home\",\"item\":\"https:\\\/\\\/suresms.com\\\/dk\\\/\"},{\"@type\":\"ListItem\",\"position\":2,\"name\":\"Bestil\",\"item\":\"https:\\\/\\\/suresms.com\\\/bestil\\\/\"},{\"@type\":\"ListItem\",\"position\":3,\"name\":\"Gratis SMS testkonto\"}]},{\"@type\":\"WebSite\",\"@id\":\"https:\\\/\\\/suresms.com\\\/en\\\/#website\",\"url\":\"https:\\\/\\\/suresms.com\\\/en\\\/\",\"name\":\"SureSMS\",\"description\":\"Professionel SMS Gateway\",\"publisher\":{\"@id\":\"https:\\\/\\\/suresms.com\\\/en\\\/#organization\"},\"potentialAction\":[{\"@type\":\"SearchAction\",\"target\":{\"@type\":\"EntryPoint\",\"urlTemplate\":\"https:\\\/\\\/suresms.com\\\/en\\\/?s={search_term_string}\"},\"query-input\":{\"@type\":\"PropertyValueSpecification\",\"valueRequired\":true,\"valueName\":\"search_term_string\"}}],\"inLanguage\":\"de\"},{\"@type\":\"Organization\",\"@id\":\"https:\\\/\\\/suresms.com\\\/en\\\/#organization\",\"name\":\"SureSMS\",\"url\":\"https:\\\/\\\/suresms.com\\\/en\\\/\",\"logo\":{\"@type\":\"ImageObject\",\"inLanguage\":\"de\",\"@id\":\"https:\\\/\\\/suresms.com\\\/en\\\/#\\\/schema\\\/logo\\\/image\\\/\",\"url\":\"https:\\\/\\\/suresms.com\\\/wp-content\\\/uploads\\\/2024\\\/11\\\/suresms-300x65-1.png\",\"contentUrl\":\"https:\\\/\\\/suresms.com\\\/wp-content\\\/uploads\\\/2024\\\/11\\\/suresms-300x65-1.png\",\"width\":300,\"height\":65,\"caption\":\"SureSMS\"},\"image\":{\"@id\":\"https:\\\/\\\/suresms.com\\\/en\\\/#\\\/schema\\\/logo\\\/image\\\/\"},\"sameAs\":[\"https:\\\/\\\/www.facebook.com\\\/p\\\/SureSMS-100044607956149\\\/\"]}]}<\/script>\r\n<!-- \/ Yoast SEO Premium plugin. -->","yoast_head_json":{"title":"Kostenloses Testkonto mit 50 SMS - Teste das SMS-Gateway und versende kostenlose Textnachrichten","description":"Hol dir ein kostenloses SMS-Testkonto und versende SMS an deine Kunden. Wenn du dich anmeldest, schicken wir dir 100 SMS, damit du ein Gef\u00fchl f\u00fcr unser SureSMS-Gateway bekommst","robots":{"index":"index","follow":"follow","max-snippet":"max-snippet:-1","max-image-preview":"max-image-preview:large","max-video-preview":"max-video-preview:-1"},"canonical":"https:\/\/suresms.com\/de\/bestellung\/kostenloses-sms-testkonto\/","og_locale":"de_DE","og_type":"article","og_title":"Gratis SMS testkonto","og_description":"F\u00e5 en gratis sms testkonto og send SMS til dine kunder. N\u00e5r du opretter, kvitterer vi med 100 SMS'er, s\u00e5 du kan f\u00e5 en fornemmelse af vores SureSMS gateway","og_url":"https:\/\/suresms.com\/de\/bestellung\/kostenloses-sms-testkonto\/","article_publisher":"https:\/\/www.facebook.com\/p\/SureSMS-100044607956149\/","article_modified_time":"2025-10-28T16:16:08+00:00","twitter_card":"summary_large_image","twitter_misc":{"Gesch\u00e4tzte Lesezeit":"4\u00a0Minuten"},"schema":{"@context":"https:\/\/schema.org","@graph":[{"@type":"WebPage","@id":"https:\/\/suresms.com\/dk\/bestil\/gratis-sms-testkonto\/","url":"https:\/\/suresms.com\/dk\/bestil\/gratis-sms-testkonto\/","name":"Kostenloses Testkonto mit 50 SMS - Teste das SMS-Gateway und versende kostenlose Textnachrichten","isPartOf":{"@id":"https:\/\/suresms.com\/en\/#website"},"datePublished":"2013-11-26T06:52:42+00:00","dateModified":"2025-10-28T16:16:08+00:00","description":"Hol dir ein kostenloses SMS-Testkonto und versende SMS an deine Kunden. Wenn du dich anmeldest, schicken wir dir 100 SMS, damit du ein Gef\u00fchl f\u00fcr unser SureSMS-Gateway bekommst","breadcrumb":{"@id":"https:\/\/suresms.com\/dk\/bestil\/gratis-sms-testkonto\/#breadcrumb"},"inLanguage":"de","potentialAction":[{"@type":"ReadAction","target":["https:\/\/suresms.com\/dk\/bestil\/gratis-sms-testkonto\/"]}]},{"@type":"BreadcrumbList","@id":"https:\/\/suresms.com\/dk\/bestil\/gratis-sms-testkonto\/#breadcrumb","itemListElement":[{"@type":"ListItem","position":1,"name":"Home","item":"https:\/\/suresms.com\/dk\/"},{"@type":"ListItem","position":2,"name":"Bestil","item":"https:\/\/suresms.com\/bestil\/"},{"@type":"ListItem","position":3,"name":"Gratis SMS testkonto"}]},{"@type":"WebSite","@id":"https:\/\/suresms.com\/en\/#website","url":"https:\/\/suresms.com\/en\/","name":"SureSMS","description":"Professioneller SMS-Gateway","publisher":{"@id":"https:\/\/suresms.com\/en\/#organization"},"potentialAction":[{"@type":"SearchAction","target":{"@type":"EntryPoint","urlTemplate":"https:\/\/suresms.com\/en\/?s={search_term_string}"},"query-input":{"@type":"PropertyValueSpecification","valueRequired":true,"valueName":"search_term_string"}}],"inLanguage":"de"},{"@type":"Organization","@id":"https:\/\/suresms.com\/en\/#organization","name":"SureSMS","url":"https:\/\/suresms.com\/en\/","logo":{"@type":"ImageObject","inLanguage":"de","@id":"https:\/\/suresms.com\/en\/#\/schema\/logo\/image\/","url":"https:\/\/suresms.com\/wp-content\/uploads\/2024\/11\/suresms-300x65-1.png","contentUrl":"https:\/\/suresms.com\/wp-content\/uploads\/2024\/11\/suresms-300x65-1.png","width":300,"height":65,"caption":"SureSMS"},"image":{"@id":"https:\/\/suresms.com\/en\/#\/schema\/logo\/image\/"},"sameAs":["https:\/\/www.facebook.com\/p\/SureSMS-100044607956149\/"]}]}},"_links":{"self":[{"href":"https:\/\/suresms.com\/de\/wp-json\/wp\/v2\/pages\/18593","targetHints":{"allow":["GET"]}}],"collection":[{"href":"https:\/\/suresms.com\/de\/wp-json\/wp\/v2\/pages"}],"about":[{"href":"https:\/\/suresms.com\/de\/wp-json\/wp\/v2\/types\/page"}],"author":[{"embeddable":true,"href":"https:\/\/suresms.com\/de\/wp-json\/wp\/v2\/users\/1"}],"replies":[{"embeddable":true,"href":"https:\/\/suresms.com\/de\/wp-json\/wp\/v2\/comments?post=18593"}],"version-history":[{"count":16,"href":"https:\/\/suresms.com\/de\/wp-json\/wp\/v2\/pages\/18593\/revisions"}],"predecessor-version":[{"id":23522,"href":"https:\/\/suresms.com\/de\/wp-json\/wp\/v2\/pages\/18593\/revisions\/23522"}],"up":[{"embeddable":true,"href":"https:\/\/suresms.com\/de\/wp-json\/wp\/v2\/pages\/19266"}],"wp:attachment":[{"href":"https:\/\/suresms.com\/de\/wp-json\/wp\/v2\/media?parent=18593"}],"curies":[{"name":"wp","href":"https:\/\/api.w.org\/{rel}","templated":true}]}}