{"id":18290,"date":"2024-08-26T13:26:01","date_gmt":"2024-08-26T11:26:01","guid":{"rendered":"https:\/\/www.suresms.com\/dk\/?page_id=18290"},"modified":"2025-07-05T04:12:22","modified_gmt":"2025-07-05T04:12:22","slug":"docs-17","status":"publish","type":"page","link":"https:\/\/suresms.com\/de\/docs\/addressbook\/groups-and-lists\/","title":{"rendered":"Gruppen und Listen"},"content":{"rendered":"<!-- Flexy Breadcrumb -->\r\n\t\t\t<div class=\"fbc fbc-page\">\r\n\r\n\t\t\t\t<!-- Breadcrumb wrapper -->\r\n\t\t\t\t<div class=\"fbc-wrap\">\r\n\r\n\t\t\t\t\t<!-- Ordered list-->\r\n\t\t\t\t\t<ol class=\"fbc-items\" itemscope itemtype=\"https:\/\/schema.org\/BreadcrumbList\">\r\n\t\t\t\t\t\t            <li itemprop=\"itemListElement\" itemscope itemtype=\"https:\/\/schema.org\/ListItem\">\r\n                <span itemprop=\"name\">\r\n                    <!-- Home Link -->\r\n                    <a itemprop=\"item\" href=\"https:\/\/suresms.com\/de\/\">\r\n                    \r\n                                                    <i class=\"fa fa-home\" aria-hidden=\"true\"><\/i>Zuhause                    <\/a>\r\n                <\/span>\r\n                <meta itemprop=\"position\" content=\"1\" \/><!-- Meta Position-->\r\n             <\/li><li><span class=\"fbc-separator\">\/<\/span><\/li><li class=\"active\" itemprop=\"itemListElement\" itemscope itemtype=\"https:\/\/schema.org\/ListItem\"><span itemprop=\"name\" title=\"Gruppen und Listen\">Gruppen und Listen<\/span><meta itemprop=\"position\" content=\"2\" \/><\/li>\t\t\t\t\t<\/ol>\r\n\t\t\t\t\t<div class=\"clearfix\"><\/div>\r\n\t\t\t\t<\/div>\r\n\t\t\t<\/div>\r\n\t\t\t\n<h1>\n\t\t\tGruppen und Listen\t<\/h1>\n\t<p>Unten kannst du \u00fcber den Screenshot lesen\u00a0<em>Gruppen<\/em>. Jedes Feld wird erkl\u00e4rt und zu einigen Beschreibungen gibt es weiterf\u00fchrende Links.<\/p>\n<h2>\n\t\t\tNeue Gruppe erstellen\t<\/h2>\n\t<p>Schauen wir uns zun\u00e4chst an, wie man eine Gruppe erstellt.<\/p>\n\t<p>Melde dich hier bei deinem SureSMS-Konto an: <a href=\"https:\/\/app.suresms.com\" target=\"_blank\" rel=\"noopener\">https:\/\/app.suresms.com<\/a><\/p>\n<p>W\u00e4hlen Sie im Men\u00fc <em>Adressbuch -&gt; Gruppen<\/em><\/p>\n<p>Klicken Sie in der oberen rechten Ecke auf <em>\"Choice\"<\/em><\/p>\n<p>W\u00e4hle <em>Neu erstellen <\/em>\u00a0im Untermen\u00fc<\/p>\n<p>Geben Sie mindestens den Namen der Gruppe ein. Unten sehen Sie den Screenshot mit Erl\u00e4uterungen zu den einzelnen Feldern.<\/p>\n<p>Zum Abschluss klicken Sie auf <em>Gem<\/em><\/p>\n\t\t\t\t\t<video src=\"https:\/\/suresms.com\/wp-content\/uploads\/2024\/07\/Dokumentation-Bestille-afsendernavn.mp4\" alt=\"hosted-video-thumbnail\"><\/video>\n\t\t<h2>\n\t\t\tFelder der Gruppe\t<\/h2>\n\t\t\t\t<img decoding=\"async\" src=\"https:\/\/suresms.com\/wp-content\/uploads\/2025\/01\/Adressebog-Grupper-01.png\" alt=\"Adressbuch - Gruppen - 01\" itemprop=\"image\" title=\"Adressbuch - Gruppen - 01\" onerror=\"this.style.display='none'\" loading='lazy' \/>\n\t\t\t\t\t\t\t\t\t\t<h4 tabindex=\"0\">Name der Gruppe<\/h4>\n\t\t\t\t\t<p>Es ist der Name der Gruppe selbst. Hier gibt es eine gewisse Freiheit bei der Wahl. Allerdings darf die Gruppe nicht mit einer Zahl beginnen. Auch die Verwendung von Klammern ist nicht erlaubt.\u00a0<\/p>\n\t\t\t\t\t\t\t\t\t\t<h4 tabindex=\"0\">URL f\u00fcr benutzerdefiniertes CSS<\/h4>\n\t\t\t\t\t<p>Wenn das \u00f6ffentlich zug\u00e4ngliche Anmeldeformular das Stylesheet von Ihrer eigenen Website verwenden muss, k\u00f6nnen Sie die URL hier einf\u00fcgen. Das hei\u00dft, diese URL wird normalerweise auf eine CSS-Datei auf Ihrer eigenen Website verweisen.\u00a0<\/p>\n\t\t\t\t\t\t\t\t\t\t<h4 tabindex=\"0\">Beschreibung<\/h4>\n\t\t\t\t\t<p>Hier k\u00f6nnen Sie eine Beschreibung der Gruppe erstellen. Wenn Sie ein schlechtes Ged\u00e4chtnis haben oder wenn mehrere von Ihnen gleichzeitig Gruppen verwenden. Die Beschreibung kann auch auf dem Anmeldeformular erscheinen, wenn Sie dies w\u00fcnschen.\u00a0<\/p>\n\t\t\t\t\t\t\t\t\t\t<h4 tabindex=\"0\">URL zum Hintergrundbild<\/h4>\n\t\t\t\t\t<p>Wenn Sie ein Bild als Hintergrund f\u00fcr das Anmeldeformular w\u00fcnschen, k\u00f6nnen Sie es hier hinzuf\u00fcgen.\u00a0<\/p>\n\t\t\t\t\t\t\t\t\t\t<h4 tabindex=\"0\">Immer Absendernamen verwenden<\/h4>\n\t\t\t\t\t<p>Diese Einstellung legt fest, welcher Absendername beim Senden an die Gruppe verwendet werden soll. Sie k\u00f6nnen aus einer Liste ausw\u00e4hlen. Sie k\u00f6nnen auch festlegen, dass er nicht festgelegt wird.\u00a0<\/p>\n\t\t\t\t\t\t\t\t\t\t<h4 tabindex=\"0\">Eingehende SMS an die Gruppe deaktivieren<\/h4>\n\t\t\t\t\t<p>Sie k\u00f6nnen eine SMS an SureSMS senden, die dann an die Gruppe weitergeleitet wird. Mit diesem H\u00e4kchen wird diese Funktion deaktiviert.\u00a0<\/p>\n\t\t\t\t\t\t\t\t\t\t<h4 tabindex=\"0\">Doppeltes Opt-in<\/h4>\n\t\t\t\t\t<p>Wenn sich ein Nutzer \u00fcber die Website in die Liste eintr\u00e4gt, sind wir nicht sicher, ob er seine eigene Nummer eingegeben hat oder ob er sie einfach nur richtig eingegeben hat. Bei der doppelten Anmeldung senden wir eine SMS an die Nummer, auf die geantwortet werden muss, bevor das Abonnement aktiv wird.\u00a0<\/p>\n<h2>\n\t\t\tNeue Mitglieder zu einer Gruppe hinzuf\u00fcgen\t<\/h2>\n\t<p>Sie k\u00f6nnen immer neue Mitglieder zu einer bestehenden Gruppe hinzuf\u00fcgen. Sie m\u00fcssen den neuen Kontakt erstellen, bevor Sie ihn zu einer bestehenden Gruppe hinzuf\u00fcgen k\u00f6nnen. <a href=\"https:\/\/suresms.com\/de\/docs\/docs-10\/docs-18\/#___Opret_ret_eller_slet_kontakt__\">Hier sehen Sie, wie Sie einen neuen Kontakt anlegen k\u00f6nnen.\u00a0<\/a><\/p>\n\t<p>W\u00e4hlen Sie im Men\u00fc Adressbuch <em>-&gt; Gruppen\u00a0<\/em><\/p>\n<p>Klicken Sie neben der Gruppe, der Sie ein Mitglied hinzuf\u00fcgen m\u00f6chten, auf den blauen Stift, um die Gruppe zu bearbeiten.<\/p>\n<p>Auf der rechten Seite des Bildschirms sehen Sie eine Liste mit zwei Listen: Kontakte und Mitglieder. Kontakte sind alle Ihre Kontakte, w\u00e4hrend Mitglieder die Liste der Kontakte ist, die Mitglieder dieser Gruppe sind.<\/p>\n<p>Aktivieren Sie die Kontrollk\u00e4stchen neben den Zeichen auf der linken Seite, die in die Gruppe aufgenommen werden sollen.<\/p>\n<p>Klicken Sie auf den gr\u00fcnen Pfeil.<\/p>\n<p>Klicken Sie auf Speichern<\/p>\n<p>Jetzt sind die neuen Kontakte der Gruppe beigetreten.<\/p>\n<h2>\n\t\t\tKontakt aus einer Gruppe entfernen\t<\/h2>\n\t<p>Es ist m\u00f6glich, einen Kontakt aus einer Gruppe zu entfernen. Dies kann entweder durch vollst\u00e4ndiges L\u00f6schen des Kontakts geschehen (<a href=\"https:\/\/suresms.com\/de\/docs\/docs-10\/docs-18\/#___Opret_ret_eller_slet_kontakt__\">hier mehr lesen<\/a>) oder Sie k\u00f6nnen den Kontakt aus der Gruppe austragen. Siehe unten wie:<\/p>\n\t<p>W\u00e4hlen Sie im Men\u00fc Adressbuch -&gt; Gruppen<\/p>\n<p>Klicken Sie neben der Gruppe, der Sie ein Mitglied hinzuf\u00fcgen m\u00f6chten, auf den blauen Stift, um die Gruppe zu bearbeiten.<\/p>\n<p>Auf der rechten Seite des Bildschirms sehen Sie eine Liste mit zwei Listen: Kontakte und Mitglieder. Kontakte sind alle Ihre Kontakte, w\u00e4hrend Mitglieder die Liste der Kontakte ist, die Mitglieder dieser Gruppe sind.<\/p>\n<p>Suchen Sie den Kontakt, den Sie entfernen m\u00f6chten, in der rechten Liste. Setzen Sie ein H\u00e4kchen neben diesen Kontakt.<\/p>\n<p>Klicken Sie auf den roten Pfeil.<\/p>\n<p>Klicken Sie auf Speichern<\/p>\n<p>Jetzt wird der Kontakt aus der Gruppe, aber nicht aus dem Adressbuch entfernt.<\/p>","protected":false},"excerpt":{"rendered":"<p>Gruppen und Listen Im Folgenden finden Sie Informationen \u00fcber den Bildschirm Gruppen. Jedes Feld wird erkl\u00e4rt und f\u00fcr einige Beschreibungen gibt es ausf\u00fchrliche Links. Eine neue Gruppe erstellen Schauen wir uns zun\u00e4chst an, wie man eine Gruppe erstellt. Melden Sie sich hier bei Ihrem SureSMS-Konto an: https:\/\/app.suresms.com W\u00e4hlen Sie im Men\u00fc Adressbuch -&gt; Gruppen oben rechts... <a title=\"Gruppen und Listen\" class=\"read-more\" href=\"https:\/\/suresms.com\/de\/docs\/addressbook\/groups-and-lists\/\" aria-label=\"Mehr Informationen \u00fcber Grupper og Lister\">Mehr lesen<\/a><\/p>","protected":false},"author":1,"featured_media":0,"parent":18172,"menu_order":0,"comment_status":"closed","ping_status":"closed","template":"","meta":{"_fl_builder_enabled":"1","_fl_builder_data":null,"_fl_builder_draft":null,"_fl_builder_data_settings":null,"_fl_builder_css":"","_fl_builder_css_version":"","_fl_builder_js":"","footnotes":""},"categories":[],"tags":[],"class_list":["post-18290","page","type-page","status-publish"],"yoast_head":"<!-- This site is optimized with the Yoast SEO Premium plugin v27.3 (Yoast SEO v27.3) - https:\/\/yoast.com\/product\/yoast-seo-premium-wordpress\/ -->\r\n<title>Grupper og Lister -<\/title>\r\n<meta name=\"robots\" content=\"index, follow, max-snippet:-1, max-image-preview:large, max-video-preview:-1\" \/>\r\n<link rel=\"canonical\" href=\"https:\/\/suresms.com\/de\/docs\/docs-10\/docs-17\/\" \/>\r\n<meta property=\"og:locale\" content=\"de_DE\" \/>\r\n<meta property=\"og:type\" content=\"article\" \/>\r\n<meta property=\"og:title\" content=\"Grupper og Lister\" \/>\r\n<meta property=\"og:description\" content=\"Grupper og Lister Herunder kan du l\u00e6se om sk\u00e6rmbilledet\u00a0Grupper. Hvert felt er forklaret og uddybende link er tilg\u00e6ngelige for nogle beskrivelser. Opret ny gruppe Lad os starte med at se p\u00e5 hvordan man opretter en gruppe. Log ind p\u00e5 din SureSMS konto her : https:\/\/app.suresms.com I menuen v\u00e6lger du Adressebog -&gt; Grupper I \u00f8verste h\u00f8jre ... Weiterlesen\" \/>\r\n<meta property=\"og:url\" content=\"https:\/\/suresms.com\/de\/docs\/docs-10\/docs-17\/\" \/>\r\n<meta property=\"article:publisher\" content=\"https:\/\/www.facebook.com\/p\/SureSMS-100044607956149\/\" \/>\r\n<meta property=\"article:modified_time\" content=\"2025-07-05T04:12:22+00:00\" \/>\r\n<meta property=\"og:image\" content=\"https:\/\/suresms.com\/wp-content\/uploads\/2025\/01\/Adressebog-Grupper-01.png\" \/>\r\n<meta name=\"twitter:card\" content=\"summary_large_image\" \/>\r\n<meta name=\"twitter:label1\" content=\"Gesch\u00e4tzte Lesezeit\" \/>\n\t<meta name=\"twitter:data1\" content=\"3\u00a0Minuten\" \/>\r\n<script type=\"application\/ld+json\" class=\"yoast-schema-graph\">{\"@context\":\"https:\\\/\\\/schema.org\",\"@graph\":[{\"@type\":\"WebPage\",\"@id\":\"https:\\\/\\\/suresms.com\\\/dk\\\/docs\\\/addressbook\\\/groups-and-lists\\\/\",\"url\":\"https:\\\/\\\/suresms.com\\\/dk\\\/docs\\\/addressbook\\\/groups-and-lists\\\/\",\"name\":\"Grupper og Lister -\",\"isPartOf\":{\"@id\":\"https:\\\/\\\/suresms.com\\\/en\\\/#website\"},\"primaryImageOfPage\":{\"@id\":\"https:\\\/\\\/suresms.com\\\/dk\\\/docs\\\/addressbook\\\/groups-and-lists\\\/#primaryimage\"},\"image\":{\"@id\":\"https:\\\/\\\/suresms.com\\\/dk\\\/docs\\\/addressbook\\\/groups-and-lists\\\/#primaryimage\"},\"thumbnailUrl\":\"https:\\\/\\\/suresms.com\\\/wp-content\\\/uploads\\\/2025\\\/01\\\/Adressebog-Grupper-01.png\",\"datePublished\":\"2024-08-26T11:26:01+00:00\",\"dateModified\":\"2025-07-05T04:12:22+00:00\",\"breadcrumb\":{\"@id\":\"https:\\\/\\\/suresms.com\\\/dk\\\/docs\\\/addressbook\\\/groups-and-lists\\\/#breadcrumb\"},\"inLanguage\":\"de\",\"potentialAction\":[{\"@type\":\"ReadAction\",\"target\":[\"https:\\\/\\\/suresms.com\\\/dk\\\/docs\\\/addressbook\\\/groups-and-lists\\\/\"]}]},{\"@type\":\"ImageObject\",\"inLanguage\":\"de\",\"@id\":\"https:\\\/\\\/suresms.com\\\/dk\\\/docs\\\/addressbook\\\/groups-and-lists\\\/#primaryimage\",\"url\":\"https:\\\/\\\/suresms.com\\\/wp-content\\\/uploads\\\/2025\\\/01\\\/Adressebog-Grupper-01.png\",\"contentUrl\":\"https:\\\/\\\/suresms.com\\\/wp-content\\\/uploads\\\/2025\\\/01\\\/Adressebog-Grupper-01.png\"},{\"@type\":\"BreadcrumbList\",\"@id\":\"https:\\\/\\\/suresms.com\\\/dk\\\/docs\\\/addressbook\\\/groups-and-lists\\\/#breadcrumb\",\"itemListElement\":[{\"@type\":\"ListItem\",\"position\":1,\"name\":\"Home\",\"item\":\"https:\\\/\\\/suresms.com\\\/dk\\\/\"},{\"@type\":\"ListItem\",\"position\":2,\"name\":\"Dokumentation\",\"item\":\"https:\\\/\\\/suresms.com\\\/dk\\\/docs\\\/\"},{\"@type\":\"ListItem\",\"position\":3,\"name\":\"Adressebog\",\"item\":\"https:\\\/\\\/suresms.com\\\/dk\\\/docs\\\/addressbook\\\/\"},{\"@type\":\"ListItem\",\"position\":4,\"name\":\"Grupper og Lister\"}]},{\"@type\":\"WebSite\",\"@id\":\"https:\\\/\\\/suresms.com\\\/en\\\/#website\",\"url\":\"https:\\\/\\\/suresms.com\\\/en\\\/\",\"name\":\"SureSMS\",\"description\":\"Professionel SMS Gateway\",\"publisher\":{\"@id\":\"https:\\\/\\\/suresms.com\\\/en\\\/#organization\"},\"potentialAction\":[{\"@type\":\"SearchAction\",\"target\":{\"@type\":\"EntryPoint\",\"urlTemplate\":\"https:\\\/\\\/suresms.com\\\/en\\\/?s={search_term_string}\"},\"query-input\":{\"@type\":\"PropertyValueSpecification\",\"valueRequired\":true,\"valueName\":\"search_term_string\"}}],\"inLanguage\":\"de\"},{\"@type\":\"Organization\",\"@id\":\"https:\\\/\\\/suresms.com\\\/en\\\/#organization\",\"name\":\"SureSMS\",\"url\":\"https:\\\/\\\/suresms.com\\\/en\\\/\",\"logo\":{\"@type\":\"ImageObject\",\"inLanguage\":\"de\",\"@id\":\"https:\\\/\\\/suresms.com\\\/en\\\/#\\\/schema\\\/logo\\\/image\\\/\",\"url\":\"https:\\\/\\\/suresms.com\\\/wp-content\\\/uploads\\\/2024\\\/11\\\/suresms-300x65-1.png\",\"contentUrl\":\"https:\\\/\\\/suresms.com\\\/wp-content\\\/uploads\\\/2024\\\/11\\\/suresms-300x65-1.png\",\"width\":300,\"height\":65,\"caption\":\"SureSMS\"},\"image\":{\"@id\":\"https:\\\/\\\/suresms.com\\\/en\\\/#\\\/schema\\\/logo\\\/image\\\/\"},\"sameAs\":[\"https:\\\/\\\/www.facebook.com\\\/p\\\/SureSMS-100044607956149\\\/\"]}]}<\/script>\r\n<!-- \/ Yoast SEO Premium plugin. -->","yoast_head_json":{"title":"Gruppen und Listen - Gruppen und Listen","robots":{"index":"index","follow":"follow","max-snippet":"max-snippet:-1","max-image-preview":"max-image-preview:large","max-video-preview":"max-video-preview:-1"},"canonical":"https:\/\/suresms.com\/de\/docs\/docs-10\/docs-17\/","og_locale":"de_DE","og_type":"article","og_title":"Grupper og Lister","og_description":"Grupper og Lister Herunder kan du l\u00e6se om sk\u00e6rmbilledet\u00a0Grupper. Hvert felt er forklaret og uddybende link er tilg\u00e6ngelige for nogle beskrivelser. Opret ny gruppe Lad os starte med at se p\u00e5 hvordan man opretter en gruppe. Log ind p\u00e5 din SureSMS konto her : https:\/\/app.suresms.com I menuen v\u00e6lger du Adressebog -&gt; Grupper I \u00f8verste h\u00f8jre ... Weiterlesen","og_url":"https:\/\/suresms.com\/de\/docs\/docs-10\/docs-17\/","article_publisher":"https:\/\/www.facebook.com\/p\/SureSMS-100044607956149\/","article_modified_time":"2025-07-05T04:12:22+00:00","og_image":[{"url":"https:\/\/suresms.com\/wp-content\/uploads\/2025\/01\/Adressebog-Grupper-01.png","type":"","width":"","height":""}],"twitter_card":"summary_large_image","twitter_misc":{"Gesch\u00e4tzte Lesezeit":"3\u00a0Minuten"},"schema":{"@context":"https:\/\/schema.org","@graph":[{"@type":"WebPage","@id":"https:\/\/suresms.com\/dk\/docs\/addressbook\/groups-and-lists\/","url":"https:\/\/suresms.com\/dk\/docs\/addressbook\/groups-and-lists\/","name":"Gruppen und Listen - Gruppen und Listen","isPartOf":{"@id":"https:\/\/suresms.com\/en\/#website"},"primaryImageOfPage":{"@id":"https:\/\/suresms.com\/dk\/docs\/addressbook\/groups-and-lists\/#primaryimage"},"image":{"@id":"https:\/\/suresms.com\/dk\/docs\/addressbook\/groups-and-lists\/#primaryimage"},"thumbnailUrl":"https:\/\/suresms.com\/wp-content\/uploads\/2025\/01\/Adressebog-Grupper-01.png","datePublished":"2024-08-26T11:26:01+00:00","dateModified":"2025-07-05T04:12:22+00:00","breadcrumb":{"@id":"https:\/\/suresms.com\/dk\/docs\/addressbook\/groups-and-lists\/#breadcrumb"},"inLanguage":"de","potentialAction":[{"@type":"ReadAction","target":["https:\/\/suresms.com\/dk\/docs\/addressbook\/groups-and-lists\/"]}]},{"@type":"ImageObject","inLanguage":"de","@id":"https:\/\/suresms.com\/dk\/docs\/addressbook\/groups-and-lists\/#primaryimage","url":"https:\/\/suresms.com\/wp-content\/uploads\/2025\/01\/Adressebog-Grupper-01.png","contentUrl":"https:\/\/suresms.com\/wp-content\/uploads\/2025\/01\/Adressebog-Grupper-01.png"},{"@type":"BreadcrumbList","@id":"https:\/\/suresms.com\/dk\/docs\/addressbook\/groups-and-lists\/#breadcrumb","itemListElement":[{"@type":"ListItem","position":1,"name":"Home","item":"https:\/\/suresms.com\/dk\/"},{"@type":"ListItem","position":2,"name":"Dokumentation","item":"https:\/\/suresms.com\/dk\/docs\/"},{"@type":"ListItem","position":3,"name":"Adressebog","item":"https:\/\/suresms.com\/dk\/docs\/addressbook\/"},{"@type":"ListItem","position":4,"name":"Grupper og Lister"}]},{"@type":"WebSite","@id":"https:\/\/suresms.com\/en\/#website","url":"https:\/\/suresms.com\/en\/","name":"SureSMS","description":"Professioneller SMS-Gateway","publisher":{"@id":"https:\/\/suresms.com\/en\/#organization"},"potentialAction":[{"@type":"SearchAction","target":{"@type":"EntryPoint","urlTemplate":"https:\/\/suresms.com\/en\/?s={search_term_string}"},"query-input":{"@type":"PropertyValueSpecification","valueRequired":true,"valueName":"search_term_string"}}],"inLanguage":"de"},{"@type":"Organization","@id":"https:\/\/suresms.com\/en\/#organization","name":"SureSMS","url":"https:\/\/suresms.com\/en\/","logo":{"@type":"ImageObject","inLanguage":"de","@id":"https:\/\/suresms.com\/en\/#\/schema\/logo\/image\/","url":"https:\/\/suresms.com\/wp-content\/uploads\/2024\/11\/suresms-300x65-1.png","contentUrl":"https:\/\/suresms.com\/wp-content\/uploads\/2024\/11\/suresms-300x65-1.png","width":300,"height":65,"caption":"SureSMS"},"image":{"@id":"https:\/\/suresms.com\/en\/#\/schema\/logo\/image\/"},"sameAs":["https:\/\/www.facebook.com\/p\/SureSMS-100044607956149\/"]}]}},"_links":{"self":[{"href":"https:\/\/suresms.com\/de\/wp-json\/wp\/v2\/pages\/18290","targetHints":{"allow":["GET"]}}],"collection":[{"href":"https:\/\/suresms.com\/de\/wp-json\/wp\/v2\/pages"}],"about":[{"href":"https:\/\/suresms.com\/de\/wp-json\/wp\/v2\/types\/page"}],"author":[{"embeddable":true,"href":"https:\/\/suresms.com\/de\/wp-json\/wp\/v2\/users\/1"}],"replies":[{"embeddable":true,"href":"https:\/\/suresms.com\/de\/wp-json\/wp\/v2\/comments?post=18290"}],"version-history":[{"count":4,"href":"https:\/\/suresms.com\/de\/wp-json\/wp\/v2\/pages\/18290\/revisions"}],"predecessor-version":[{"id":23450,"href":"https:\/\/suresms.com\/de\/wp-json\/wp\/v2\/pages\/18290\/revisions\/23450"}],"up":[{"embeddable":true,"href":"https:\/\/suresms.com\/de\/wp-json\/wp\/v2\/pages\/18172"}],"wp:attachment":[{"href":"https:\/\/suresms.com\/de\/wp-json\/wp\/v2\/media?parent=18290"}],"wp:term":[{"taxonomy":"category","embeddable":true,"href":"https:\/\/suresms.com\/de\/wp-json\/wp\/v2\/categories?post=18290"},{"taxonomy":"post_tag","embeddable":true,"href":"https:\/\/suresms.com\/de\/wp-json\/wp\/v2\/tags?post=18290"}],"curies":[{"name":"wp","href":"https:\/\/api.w.org\/{rel}","templated":true}]}}