{"id":18263,"date":"2024-08-14T14:24:15","date_gmt":"2024-08-14T12:24:15","guid":{"rendered":"https:\/\/www.suresms.com\/dk\/?page_id=18263"},"modified":"2024-12-18T12:59:11","modified_gmt":"2024-12-18T12:59:11","slug":"sms-from-klaviyo-4","status":"publish","type":"page","link":"https:\/\/suresms.com\/de\/integrationer\/marketing-automation\/hubspot\/","title":{"rendered":"SMS-Integration f\u00fcr Hubspot"},"content":{"rendered":"<!-- Flexy Breadcrumb -->\r\n\t\t\t<div class=\"fbc fbc-page\">\r\n\r\n\t\t\t\t<!-- Breadcrumb wrapper -->\r\n\t\t\t\t<div class=\"fbc-wrap\">\r\n\r\n\t\t\t\t\t<!-- Ordered list-->\r\n\t\t\t\t\t<ol class=\"fbc-items\" itemscope itemtype=\"https:\/\/schema.org\/BreadcrumbList\">\r\n\t\t\t\t\t\t            <li itemprop=\"itemListElement\" itemscope itemtype=\"https:\/\/schema.org\/ListItem\">\r\n                <span itemprop=\"name\">\r\n                    <!-- Home Link -->\r\n                    <a itemprop=\"item\" href=\"https:\/\/suresms.com\/de\/\">\r\n                    \r\n                                                    <i class=\"fa fa-home\" aria-hidden=\"true\"><\/i>Zuhause                    <\/a>\r\n                <\/span>\r\n                <meta itemprop=\"position\" content=\"1\" \/><!-- Meta Position-->\r\n             <\/li><li><span class=\"fbc-separator\">\/<\/span><\/li><li class=\"active\" itemprop=\"itemListElement\" itemscope itemtype=\"https:\/\/schema.org\/ListItem\"><span itemprop=\"name\" title=\"SMS-Integration f\u00fcr Hubspot\">SMS-Integration f\u00fcr Hubspot<\/span><meta itemprop=\"position\" content=\"2\" \/><\/li>\t\t\t\t\t<\/ol>\r\n\t\t\t\t\t<div class=\"clearfix\"><\/div>\r\n\t\t\t\t<\/div>\r\n\t\t\t<\/div>\r\n\t\t\t\n\t\t\t\t<img loading=\"lazy\" decoding=\"async\" src=\"https:\/\/suresms.com\/wp-content\/uploads\/2024\/08\/HubSpotSureSMS-1.png\" alt=\"HubSpot -&gt; SureSMS Integration\" itemprop=\"image\" height=\"200\" width=\"980\" title=\"HubSpot+SureSMS\" onerror=\"this.style.display='none'\"  \/>\n\t<p><strong>Sende SMS direkt aus HubSpot-Workflows.<\/strong><\/p>\n<h2>\n\t\tSMS HubSpot - Integration\n\t<\/h2>\n\t<p>Bist du auf der Suche nach einem <a href=\"https:\/\/suresms.com\/de\/integrationen\/marketing-automatisierung\/\">SMS-Integration<\/a> f\u00fcr deine Marketing-Automatisierungssoftware? Dann bist du bei uns genau richtig. SureSMS ist ein SMS-Gateway mit direkter Verbindung zu allen Telcos in D\u00e4nemark und mehr als 1900 Telcos weltweit.<\/p>\n<p>Unsere SMS-Plattform ist direkt mit HubSpot integriert, so dass du deine gesamte Automatisierung an einem Ort verwalten kannst - auch deine SMS-Kommunikation.<\/p>\n\t\t<h3>Was ist HubSpot?<\/h3><p>HubSpot ist eine All-in-One-Plattform f\u00fcr Inbound-Marketing, Vertrieb und Kundenservice, die Unternehmen dabei hilft, Besucher anzuziehen, Leads zu konvertieren und Kundenbeziehungen zu pflegen.<\/p>\n<p>Mit Tools f\u00fcr E-Mail-Marketing, CRM, Social Media Management und Analysen erm\u00f6glicht HubSpot Unternehmen, ihre Vertriebs- und Marketingprozesse zu automatisieren und zu optimieren.<\/p>\n<p>Die Plattform ist benutzerfreundlich und skalierbar und eignet sich daher sowohl f\u00fcr kleine als auch f\u00fcr gro\u00dfe Unternehmen, die ihr Gesch\u00e4ft ausbauen und rationalisieren wollen.<\/p>\n\t\t\t\t<img loading=\"lazy\" decoding=\"async\" src=\"https:\/\/suresms.com\/wp-content\/uploads\/2024\/08\/HubSpotSureSMS-sqare-1.png\" alt=\"HubSpot+SureSMS - sqare\" itemprop=\"image\" height=\"340\" width=\"453\" title=\"HubSpot+SureSMS - sqare\" onerror=\"this.style.display='none'\"  \/>\n\t\t<h3>Warum SMS f\u00fcr HubSpot nutzen?<\/h3><p>SMS in HubSpot erm\u00f6glicht es dir, direkt und effektiv mit deinen Kunden zu kommunizieren. Mit hohen \u00d6ffnungsraten und personalisiertem Kontakt kannst du Nachrichten wie Erinnerungen, Angebote und Nachfassaktionen auf der Grundlage von Kundeninteraktionen automatisieren.<\/p>\n\t<p>Indem du SMS in deine Marketingkampagnen integrierst, verbesserst du das Engagement und das Kundenerlebnis, w\u00e4hrend du deine Ergebnisse leicht verfolgen und optimieren kannst.<\/p>\n\t\t<h2>Wie SMS in HubSpot funktioniert<\/h2><p>Wenn du dich daf\u00fcr entscheidest, SureSMS in dein HubSpot-Konto zu integrieren, kannst du schnell und kosteng\u00fcnstig SMS in alle L\u00e4nder versenden. Du kannst auch SMS in HubSpot empfangen, wenn jemand auf deine Texte antwortet.<\/p>\n<p>Dies geschieht \u00fcber einen Mechanismus namens Webhooks. Wenn HubSpot den Punkt in deinem Arbeitsablauf erreicht, an dem du eine SMS-Nachricht senden m\u00f6chtest, sendet HubSpot eine Nachricht an SureSMS, um eine Nachricht zu senden. So einfach ist das. Lies unten, wie du es einrichtest.<\/p>\n\t<strong>Anleitung zum Einrichten bestellen<br \/>\n<\/strong>Hier findest du eine ausf\u00fchrliche Anleitung f\u00fcr die Einrichtung mit SureSMS\n\n<div class=\"wpcf7 no-js\" id=\"wpcf7-f13762-o1\" lang=\"en-GB\" dir=\"ltr\" data-wpcf7-id=\"13762\">\n<div class=\"screen-reader-response\"><p role=\"status\" aria-live=\"polite\" aria-atomic=\"true\"><\/p> <ul><\/ul><\/div>\n<form action=\"\/de\/wp-json\/wp\/v2\/pages\/18263#wpcf7-f13762-o1\" method=\"post\" class=\"wpcf7-form init\" aria-label=\"Kontakt-Formular\" novalidate=\"novalidate\" data-status=\"init\" data-trp-original-action=\"\/de\/wp-json\/wp\/v2\/pages\/18263#wpcf7-f13762-o1\">\n<fieldset class=\"hidden-fields-container\"><input type=\"hidden\" name=\"_wpcf7\" value=\"13762\" \/><input type=\"hidden\" name=\"_wpcf7_version\" value=\"6.1.5\" \/><input type=\"hidden\" name=\"_wpcf7_locale\" value=\"en_GB\" \/><input type=\"hidden\" name=\"_wpcf7_unit_tag\" value=\"wpcf7-f13762-o1\" \/><input type=\"hidden\" name=\"_wpcf7_container_post\" value=\"0\" \/><input type=\"hidden\" name=\"_wpcf7_posted_data_hash\" value=\"\" \/>\n<\/fieldset>\n<p><label><span class=\"wpcf7-form-control-wrap\" data-name=\"your-name\"><input size=\"40\" maxlength=\"400\" class=\"wpcf7-form-control wpcf7-text wpcf7-validates-as-required wpctf7-my-custom-class\" aria-required=\"true\" aria-invalid=\"false\" placeholder=\"Dein Name\" value=\"\" type=\"text\" name=\"your-name\" \/><\/span><\/label>\n<\/p>\n<p><span class=\"wpcf7-form-control-wrap\" data-name=\"email\"><input size=\"40\" maxlength=\"400\" class=\"wpcf7-form-control wpcf7-email wpcf7-validates-as-required wpcf7-text wpcf7-validates-as-email wpctf7-my-custom-class\" aria-required=\"true\" aria-invalid=\"false\" placeholder=\"E-Mail*.\" value=\"\" type=\"email\" name=\"email\" \/><\/span>\n<\/p>\n<p><div class=\"cf7-cf-turnstile\" style=\"margin-top: 0px; margin-bottom: -15px;\"> <div id=\"cf-turnstile-cf7-585469077\" class=\"cf-turnstile\" data-sitekey=\"0x4AAAAAAB8YGArd9ML-HbMW\" data-theme=\"light\" data-language=\"auto\" data-size=\"normal\" data-retry=\"auto\" data-retry-interval=\"1000\" data-refresh-expired=\"auto\" data-action=\"contact-form-7\" data-appearance=\"always\"><\/div> <script>document.addEventListener(\"DOMContentLoaded\", function() { setTimeout(function(){ var e=document.getElementById(\"cf-turnstile-cf7-585469077\"); e&&!e.innerHTML.trim()&&(turnstile.remove(\"#cf-turnstile-cf7-585469077\"), turnstile.render(\"#cf-turnstile-cf7-585469077\", {sitekey:\"0x4AAAAAAB8YGArd9ML-HbMW\"})); }, 100); });<\/script> <br class=\"cf-turnstile-br cf-turnstile-br-cf7-585469077\"> <style>#cf-turnstile-cf7-585469077 { margin-left: -15px; }<\/style> <script>document.addEventListener(\"DOMContentLoaded\",function(){document.querySelectorAll('.wpcf7-form').forEach(function(e){e.addEventListener('submit',function(){if(document.getElementById('cf-turnstile-cf7-585469077')){setTimeout(function(){turnstile.reset('#cf-turnstile-cf7-585469077');},1000)}})})});<\/script> <\/div><br\/><input class=\"wpcf7-form-control wpcf7-submit has-spinner\" type=\"submit\" value=\"Anleitung bestellen\" \/>\n<\/p><div class=\"wpcf7-response-output\" aria-hidden=\"true\"><\/div>\n<input type=\"hidden\" name=\"trp-form-language\" value=\"de\"\/><\/form>\n<\/div>\n\n\t\t\t<a href=\"https:\/\/calendly.com\/gm--nzwp\/30min\" target=\"_blank\" rel=\"noopener\">\n\t\t\t\t\t\t\tDemo buchen\n\t\t\t\t\t<\/a>\n\t<p>mit Glen<\/p>\n\t<strong>Anleitung zum Einrichten bestellen<br \/>\n<\/strong>Hier findest du eine ausf\u00fchrliche Anleitung, wie du HubSpot mit SureSMS einrichtest\n\n<div class=\"wpcf7 no-js\" id=\"wpcf7-f13762-o2\" lang=\"en-GB\" dir=\"ltr\" data-wpcf7-id=\"13762\">\n<div class=\"screen-reader-response\"><p role=\"status\" aria-live=\"polite\" aria-atomic=\"true\"><\/p> <ul><\/ul><\/div>\n<form action=\"\/de\/wp-json\/wp\/v2\/pages\/18263#wpcf7-f13762-o2\" method=\"post\" class=\"wpcf7-form init\" aria-label=\"Kontakt-Formular\" novalidate=\"novalidate\" data-status=\"init\" data-trp-original-action=\"\/de\/wp-json\/wp\/v2\/pages\/18263#wpcf7-f13762-o2\">\n<fieldset class=\"hidden-fields-container\"><input type=\"hidden\" name=\"_wpcf7\" value=\"13762\" \/><input type=\"hidden\" name=\"_wpcf7_version\" value=\"6.1.5\" \/><input type=\"hidden\" name=\"_wpcf7_locale\" value=\"en_GB\" \/><input type=\"hidden\" name=\"_wpcf7_unit_tag\" value=\"wpcf7-f13762-o2\" \/><input type=\"hidden\" name=\"_wpcf7_container_post\" value=\"0\" \/><input type=\"hidden\" name=\"_wpcf7_posted_data_hash\" value=\"\" \/>\n<\/fieldset>\n<p><label><span class=\"wpcf7-form-control-wrap\" data-name=\"your-name\"><input size=\"40\" maxlength=\"400\" class=\"wpcf7-form-control wpcf7-text wpcf7-validates-as-required wpctf7-my-custom-class\" aria-required=\"true\" aria-invalid=\"false\" placeholder=\"Dein Name\" value=\"\" type=\"text\" name=\"your-name\" \/><\/span><\/label>\n<\/p>\n<p><span class=\"wpcf7-form-control-wrap\" data-name=\"email\"><input size=\"40\" maxlength=\"400\" class=\"wpcf7-form-control wpcf7-email wpcf7-validates-as-required wpcf7-text wpcf7-validates-as-email wpctf7-my-custom-class\" aria-required=\"true\" aria-invalid=\"false\" placeholder=\"E-Mail*.\" value=\"\" type=\"email\" name=\"email\" \/><\/span>\n<\/p>\n<p><div class=\"cf7-cf-turnstile\" style=\"margin-top: 0px; margin-bottom: -15px;\"> <div id=\"cf-turnstile-cf7-4249059752\" class=\"cf-turnstile\" data-sitekey=\"0x4AAAAAAB8YGArd9ML-HbMW\" data-theme=\"light\" data-language=\"auto\" data-size=\"normal\" data-retry=\"auto\" data-retry-interval=\"1000\" data-refresh-expired=\"auto\" data-action=\"contact-form-7\" data-appearance=\"always\"><\/div> <script>document.addEventListener(\"DOMContentLoaded\", function() { setTimeout(function(){ var e=document.getElementById(\"cf-turnstile-cf7-4249059752\"); e&&!e.innerHTML.trim()&&(turnstile.remove(\"#cf-turnstile-cf7-4249059752\"), turnstile.render(\"#cf-turnstile-cf7-4249059752\", {sitekey:\"0x4AAAAAAB8YGArd9ML-HbMW\"})); }, 100); });<\/script> <br class=\"cf-turnstile-br cf-turnstile-br-cf7-4249059752\"> <style>#cf-turnstile-cf7-4249059752 { margin-left: -15px; }<\/style> <script>document.addEventListener(\"DOMContentLoaded\",function(){document.querySelectorAll('.wpcf7-form').forEach(function(e){e.addEventListener('submit',function(){if(document.getElementById('cf-turnstile-cf7-4249059752')){setTimeout(function(){turnstile.reset('#cf-turnstile-cf7-4249059752');},1000)}})})});<\/script> <\/div><br\/><input class=\"wpcf7-form-control wpcf7-submit has-spinner\" type=\"submit\" value=\"Anleitung bestellen\" \/>\n<\/p><div class=\"wpcf7-response-output\" aria-hidden=\"true\"><\/div>\n<input type=\"hidden\" name=\"trp-form-language\" value=\"de\"\/><\/form>\n<\/div>\n\n\t\t\t\t<img decoding=\"async\" src=\"https:\/\/www.suresms.com\/dk\/wp-content\/uploads\/2019\/11\/Glen-1080px-150x150.jpg\" alt=\"Glen Mandsberg\" itemprop=\"image\" title=\"Glen Mandsberg\" onerror=\"this.style.display='none'\"  \/>\n\t\t\t<a href=\"https:\/\/calendly.com\/gm--nzwp\/30min\" target=\"_self\">\n\t\t\t\t\t\t\tDemo buchen\n\t\t\t\t\t<\/a>\n\t<p>mit Glen<\/p>","protected":false},"excerpt":{"rendered":"<p>Sende SMS direkt aus HubSpot-Workflows. SMS HubSpot - Integration Suchst du nach einer SMS-Integration f\u00fcr deine Marketing Automation Software? Dann bist du bei uns genau richtig. SureSMS ist ein SMS-Gateway mit direkter Verbindung zu allen Telcos in D\u00e4nemark und mehr als 1900 Telcos weltweit. Unsere SMS-Plattform hat eine direkte Integration ... <a title=\"SMS-Integration f\u00fcr Hubspot\" class=\"read-more\" href=\"https:\/\/suresms.com\/de\/integrationer\/marketing-automation\/hubspot\/\" aria-label=\"Erfahre mehr \u00fcber die SMS-Integration mit Hubspot\">Mehr lesen<\/a><\/p>","protected":false},"author":1,"featured_media":0,"parent":13367,"menu_order":1,"comment_status":"closed","ping_status":"closed","template":"","meta":{"_fl_builder_enabled":"1","_fl_builder_data":null,"_fl_builder_draft":null,"_fl_builder_data_settings":null,"_fl_builder_css":"","_fl_builder_css_version":"","_fl_builder_js":"","footnotes":""},"categories":[],"tags":[],"class_list":["post-18263","page","type-page","status-publish"],"yoast_head":"<!-- This site is optimized with the Yoast SEO Premium plugin v27.3 (Yoast SEO v27.3) - https:\/\/yoast.com\/product\/yoast-seo-premium-wordpress\/ -->\r\n<title>HubSpot SMS l\u00f8sning til danske og nordiske kunder<\/title>\r\n<meta name=\"description\" content=\"Integrer SMS i HubSpot i dag, og kom i gang med at skabe v\u00e6rdifulde automations og kampagner! En \u00e5bningsrate p\u00e5 98 %.\" \/>\r\n<meta name=\"robots\" content=\"index, follow, max-snippet:-1, max-image-preview:large, max-video-preview:-1\" \/>\r\n<link rel=\"canonical\" href=\"https:\/\/suresms.com\/de\/integrationen\/marketing-automatisierung\/sms-from-klaviyo-4\/\" \/>\r\n<meta property=\"og:locale\" content=\"de_DE\" \/>\r\n<meta property=\"og:type\" content=\"article\" \/>\r\n<meta property=\"og:title\" content=\"SMS integration til Hubspot\" \/>\r\n<meta property=\"og:description\" content=\"Integrer SMS i HubSpot i dag, og kom i gang med at skabe v\u00e6rdifulde automations og kampagner! En \u00e5bningsrate p\u00e5 98 %.\" \/>\r\n<meta property=\"og:url\" content=\"https:\/\/suresms.com\/de\/integrationen\/marketing-automatisierung\/sms-from-klaviyo-4\/\" \/>\r\n<meta property=\"article:publisher\" content=\"https:\/\/www.facebook.com\/p\/SureSMS-100044607956149\/\" \/>\r\n<meta property=\"article:modified_time\" content=\"2024-12-18T12:59:11+00:00\" \/>\r\n<meta property=\"og:image\" content=\"https:\/\/suresms.com\/wp-content\/uploads\/2024\/08\/HubSpotSureSMS-1.png\" \/>\r\n<meta name=\"twitter:card\" content=\"summary_large_image\" \/>\r\n<meta name=\"twitter:label1\" content=\"Gesch\u00e4tzte Lesezeit\" \/>\n\t<meta name=\"twitter:data1\" content=\"12\u00a0Minuten\" \/>\r\n<script type=\"application\/ld+json\" class=\"yoast-schema-graph\">{\"@context\":\"https:\\\/\\\/schema.org\",\"@graph\":[{\"@type\":\"WebPage\",\"@id\":\"https:\\\/\\\/suresms.com\\\/dk\\\/integrationer\\\/marketing-automation\\\/hubspot\\\/\",\"url\":\"https:\\\/\\\/suresms.com\\\/dk\\\/integrationer\\\/marketing-automation\\\/hubspot\\\/\",\"name\":\"HubSpot SMS l\u00f8sning til danske og nordiske kunder\",\"isPartOf\":{\"@id\":\"https:\\\/\\\/suresms.com\\\/en\\\/#website\"},\"primaryImageOfPage\":{\"@id\":\"https:\\\/\\\/suresms.com\\\/dk\\\/integrationer\\\/marketing-automation\\\/hubspot\\\/#primaryimage\"},\"image\":{\"@id\":\"https:\\\/\\\/suresms.com\\\/dk\\\/integrationer\\\/marketing-automation\\\/hubspot\\\/#primaryimage\"},\"thumbnailUrl\":\"https:\\\/\\\/suresms.com\\\/wp-content\\\/uploads\\\/2024\\\/08\\\/HubSpotSureSMS-1.png\",\"datePublished\":\"2024-08-14T12:24:15+00:00\",\"dateModified\":\"2024-12-18T12:59:11+00:00\",\"description\":\"Integrer SMS i HubSpot i dag, og kom i gang med at skabe v\u00e6rdifulde automations og kampagner! En \u00e5bningsrate p\u00e5 98 %.\",\"breadcrumb\":{\"@id\":\"https:\\\/\\\/suresms.com\\\/dk\\\/integrationer\\\/marketing-automation\\\/hubspot\\\/#breadcrumb\"},\"inLanguage\":\"de\",\"potentialAction\":[{\"@type\":\"ReadAction\",\"target\":[\"https:\\\/\\\/suresms.com\\\/dk\\\/integrationer\\\/marketing-automation\\\/hubspot\\\/\"]}]},{\"@type\":\"ImageObject\",\"inLanguage\":\"de\",\"@id\":\"https:\\\/\\\/suresms.com\\\/dk\\\/integrationer\\\/marketing-automation\\\/hubspot\\\/#primaryimage\",\"url\":\"https:\\\/\\\/suresms.com\\\/wp-content\\\/uploads\\\/2024\\\/08\\\/HubSpotSureSMS-1.png\",\"contentUrl\":\"https:\\\/\\\/suresms.com\\\/wp-content\\\/uploads\\\/2024\\\/08\\\/HubSpotSureSMS-1.png\"},{\"@type\":\"BreadcrumbList\",\"@id\":\"https:\\\/\\\/suresms.com\\\/dk\\\/integrationer\\\/marketing-automation\\\/hubspot\\\/#breadcrumb\",\"itemListElement\":[{\"@type\":\"ListItem\",\"position\":1,\"name\":\"Home\",\"item\":\"https:\\\/\\\/suresms.com\\\/dk\\\/\"},{\"@type\":\"ListItem\",\"position\":2,\"name\":\"Integrationer\",\"item\":\"https:\\\/\\\/suresms.com\\\/dk\\\/integrationer\\\/\"},{\"@type\":\"ListItem\",\"position\":3,\"name\":\"SMS integration til Marketing Automation\",\"item\":\"https:\\\/\\\/suresms.com\\\/dk\\\/integrationer\\\/marketing-automation\\\/\"},{\"@type\":\"ListItem\",\"position\":4,\"name\":\"SMS integration til Hubspot\"}]},{\"@type\":\"WebSite\",\"@id\":\"https:\\\/\\\/suresms.com\\\/en\\\/#website\",\"url\":\"https:\\\/\\\/suresms.com\\\/en\\\/\",\"name\":\"SureSMS\",\"description\":\"Professionel SMS Gateway\",\"publisher\":{\"@id\":\"https:\\\/\\\/suresms.com\\\/en\\\/#organization\"},\"potentialAction\":[{\"@type\":\"SearchAction\",\"target\":{\"@type\":\"EntryPoint\",\"urlTemplate\":\"https:\\\/\\\/suresms.com\\\/en\\\/?s={search_term_string}\"},\"query-input\":{\"@type\":\"PropertyValueSpecification\",\"valueRequired\":true,\"valueName\":\"search_term_string\"}}],\"inLanguage\":\"de\"},{\"@type\":\"Organization\",\"@id\":\"https:\\\/\\\/suresms.com\\\/en\\\/#organization\",\"name\":\"SureSMS\",\"url\":\"https:\\\/\\\/suresms.com\\\/en\\\/\",\"logo\":{\"@type\":\"ImageObject\",\"inLanguage\":\"de\",\"@id\":\"https:\\\/\\\/suresms.com\\\/en\\\/#\\\/schema\\\/logo\\\/image\\\/\",\"url\":\"https:\\\/\\\/suresms.com\\\/wp-content\\\/uploads\\\/2024\\\/11\\\/suresms-300x65-1.png\",\"contentUrl\":\"https:\\\/\\\/suresms.com\\\/wp-content\\\/uploads\\\/2024\\\/11\\\/suresms-300x65-1.png\",\"width\":300,\"height\":65,\"caption\":\"SureSMS\"},\"image\":{\"@id\":\"https:\\\/\\\/suresms.com\\\/en\\\/#\\\/schema\\\/logo\\\/image\\\/\"},\"sameAs\":[\"https:\\\/\\\/www.facebook.com\\\/p\\\/SureSMS-100044607956149\\\/\"]}]}<\/script>\r\n<!-- \/ Yoast SEO Premium plugin. -->","yoast_head_json":{"title":"HubSpot SMS-L\u00f6sung f\u00fcr d\u00e4nische und nordische Kunden","description":"Integriere SMS noch heute in HubSpot und beginne mit der Erstellung wertvoller Automatisierungen und Kampagnen! Eine \u00d6ffnungsrate von 98 %.","robots":{"index":"index","follow":"follow","max-snippet":"max-snippet:-1","max-image-preview":"max-image-preview:large","max-video-preview":"max-video-preview:-1"},"canonical":"https:\/\/suresms.com\/de\/integrationen\/marketing-automatisierung\/sms-from-klaviyo-4\/","og_locale":"de_DE","og_type":"article","og_title":"SMS integration til Hubspot","og_description":"Integrer SMS i HubSpot i dag, og kom i gang med at skabe v\u00e6rdifulde automations og kampagner! En \u00e5bningsrate p\u00e5 98 %.","og_url":"https:\/\/suresms.com\/de\/integrationen\/marketing-automatisierung\/sms-from-klaviyo-4\/","article_publisher":"https:\/\/www.facebook.com\/p\/SureSMS-100044607956149\/","article_modified_time":"2024-12-18T12:59:11+00:00","og_image":[{"url":"https:\/\/suresms.com\/wp-content\/uploads\/2024\/08\/HubSpotSureSMS-1.png","type":"","width":"","height":""}],"twitter_card":"summary_large_image","twitter_misc":{"Gesch\u00e4tzte Lesezeit":"12\u00a0Minuten"},"schema":{"@context":"https:\/\/schema.org","@graph":[{"@type":"WebPage","@id":"https:\/\/suresms.com\/dk\/integrationer\/marketing-automation\/hubspot\/","url":"https:\/\/suresms.com\/dk\/integrationer\/marketing-automation\/hubspot\/","name":"HubSpot SMS-L\u00f6sung f\u00fcr d\u00e4nische und nordische Kunden","isPartOf":{"@id":"https:\/\/suresms.com\/en\/#website"},"primaryImageOfPage":{"@id":"https:\/\/suresms.com\/dk\/integrationer\/marketing-automation\/hubspot\/#primaryimage"},"image":{"@id":"https:\/\/suresms.com\/dk\/integrationer\/marketing-automation\/hubspot\/#primaryimage"},"thumbnailUrl":"https:\/\/suresms.com\/wp-content\/uploads\/2024\/08\/HubSpotSureSMS-1.png","datePublished":"2024-08-14T12:24:15+00:00","dateModified":"2024-12-18T12:59:11+00:00","description":"Integriere SMS noch heute in HubSpot und beginne mit der Erstellung wertvoller Automatisierungen und Kampagnen! Eine \u00d6ffnungsrate von 98 %.","breadcrumb":{"@id":"https:\/\/suresms.com\/dk\/integrationer\/marketing-automation\/hubspot\/#breadcrumb"},"inLanguage":"de","potentialAction":[{"@type":"ReadAction","target":["https:\/\/suresms.com\/dk\/integrationer\/marketing-automation\/hubspot\/"]}]},{"@type":"ImageObject","inLanguage":"de","@id":"https:\/\/suresms.com\/dk\/integrationer\/marketing-automation\/hubspot\/#primaryimage","url":"https:\/\/suresms.com\/wp-content\/uploads\/2024\/08\/HubSpotSureSMS-1.png","contentUrl":"https:\/\/suresms.com\/wp-content\/uploads\/2024\/08\/HubSpotSureSMS-1.png"},{"@type":"BreadcrumbList","@id":"https:\/\/suresms.com\/dk\/integrationer\/marketing-automation\/hubspot\/#breadcrumb","itemListElement":[{"@type":"ListItem","position":1,"name":"Home","item":"https:\/\/suresms.com\/dk\/"},{"@type":"ListItem","position":2,"name":"Integrationer","item":"https:\/\/suresms.com\/dk\/integrationer\/"},{"@type":"ListItem","position":3,"name":"SMS integration til Marketing Automation","item":"https:\/\/suresms.com\/dk\/integrationer\/marketing-automation\/"},{"@type":"ListItem","position":4,"name":"SMS integration til Hubspot"}]},{"@type":"WebSite","@id":"https:\/\/suresms.com\/en\/#website","url":"https:\/\/suresms.com\/en\/","name":"SureSMS","description":"Professioneller SMS-Gateway","publisher":{"@id":"https:\/\/suresms.com\/en\/#organization"},"potentialAction":[{"@type":"SearchAction","target":{"@type":"EntryPoint","urlTemplate":"https:\/\/suresms.com\/en\/?s={search_term_string}"},"query-input":{"@type":"PropertyValueSpecification","valueRequired":true,"valueName":"search_term_string"}}],"inLanguage":"de"},{"@type":"Organization","@id":"https:\/\/suresms.com\/en\/#organization","name":"SureSMS","url":"https:\/\/suresms.com\/en\/","logo":{"@type":"ImageObject","inLanguage":"de","@id":"https:\/\/suresms.com\/en\/#\/schema\/logo\/image\/","url":"https:\/\/suresms.com\/wp-content\/uploads\/2024\/11\/suresms-300x65-1.png","contentUrl":"https:\/\/suresms.com\/wp-content\/uploads\/2024\/11\/suresms-300x65-1.png","width":300,"height":65,"caption":"SureSMS"},"image":{"@id":"https:\/\/suresms.com\/en\/#\/schema\/logo\/image\/"},"sameAs":["https:\/\/www.facebook.com\/p\/SureSMS-100044607956149\/"]}]}},"_links":{"self":[{"href":"https:\/\/suresms.com\/de\/wp-json\/wp\/v2\/pages\/18263","targetHints":{"allow":["GET"]}}],"collection":[{"href":"https:\/\/suresms.com\/de\/wp-json\/wp\/v2\/pages"}],"about":[{"href":"https:\/\/suresms.com\/de\/wp-json\/wp\/v2\/types\/page"}],"author":[{"embeddable":true,"href":"https:\/\/suresms.com\/de\/wp-json\/wp\/v2\/users\/1"}],"replies":[{"embeddable":true,"href":"https:\/\/suresms.com\/de\/wp-json\/wp\/v2\/comments?post=18263"}],"version-history":[{"count":2,"href":"https:\/\/suresms.com\/de\/wp-json\/wp\/v2\/pages\/18263\/revisions"}],"predecessor-version":[{"id":19528,"href":"https:\/\/suresms.com\/de\/wp-json\/wp\/v2\/pages\/18263\/revisions\/19528"}],"up":[{"embeddable":true,"href":"https:\/\/suresms.com\/de\/wp-json\/wp\/v2\/pages\/13367"}],"wp:attachment":[{"href":"https:\/\/suresms.com\/de\/wp-json\/wp\/v2\/media?parent=18263"}],"wp:term":[{"taxonomy":"category","embeddable":true,"href":"https:\/\/suresms.com\/de\/wp-json\/wp\/v2\/categories?post=18263"},{"taxonomy":"post_tag","embeddable":true,"href":"https:\/\/suresms.com\/de\/wp-json\/wp\/v2\/tags?post=18263"}],"curies":[{"name":"wp","href":"https:\/\/api.w.org\/{rel}","templated":true}]}}