{"id":18224,"date":"2024-08-05T09:41:36","date_gmt":"2024-08-05T07:41:36","guid":{"rendered":"https:\/\/www.suresms.com\/dk\/?page_id=18224"},"modified":"2025-06-04T13:54:10","modified_gmt":"2025-06-04T13:54:10","slug":"docs-13","status":"publish","type":"page","link":"https:\/\/suresms.com\/de\/docs\/message\/outbox\/","title":{"rendered":"Ausgangskorb"},"content":{"rendered":"<!-- Flexy Breadcrumb -->\r\n\t\t\t<div class=\"fbc fbc-page\">\r\n\r\n\t\t\t\t<!-- Breadcrumb wrapper -->\r\n\t\t\t\t<div class=\"fbc-wrap\">\r\n\r\n\t\t\t\t\t<!-- Ordered list-->\r\n\t\t\t\t\t<ol class=\"fbc-items\" itemscope itemtype=\"https:\/\/schema.org\/BreadcrumbList\">\r\n\t\t\t\t\t\t            <li itemprop=\"itemListElement\" itemscope itemtype=\"https:\/\/schema.org\/ListItem\">\r\n                <span itemprop=\"name\">\r\n                    <!-- Home Link -->\r\n                    <a itemprop=\"item\" href=\"https:\/\/suresms.com\/de\/\">\r\n                    \r\n                                                    <i class=\"fa fa-home\" aria-hidden=\"true\"><\/i>Zuhause                    <\/a>\r\n                <\/span>\r\n                <meta itemprop=\"position\" content=\"1\" \/><!-- Meta Position-->\r\n             <\/li><li><span class=\"fbc-separator\">\/<\/span><\/li><li class=\"active\" itemprop=\"itemListElement\" itemscope itemtype=\"https:\/\/schema.org\/ListItem\"><span itemprop=\"name\" title=\"Ausgangskorb\">Ausgangskorb<\/span><meta itemprop=\"position\" content=\"2\" \/><\/li>\t\t\t\t\t<\/ol>\r\n\t\t\t\t\t<div class=\"clearfix\"><\/div>\r\n\t\t\t\t<\/div>\r\n\t\t\t<\/div>\r\n\t\t\t\n<h1>\n\t\t\tAus-Tablett\t<\/h1>\n\t<p>Im Folgenden erf\u00e4hrst du mehr \u00fcber den Postausgang und welche Informationen du anzeigen und filtern kannst.<\/p>\n<h2>\n\t\t\tAusgangskorb\t<\/h2>\n\t<p>Der Postausgang enth\u00e4lt Nachrichten, die versendet wurden oder zum Versenden bereit sind. Im Grunde sieht er so aus. Du kannst dir unten ein kurzes Video ansehen, in dem beschrieben wird, wie der Postausgang funktioniert. Du kannst aber auch weiter unten \u00fcber jeden Punkt lesen.<\/p>\n\t\t\t\t\t<video src=\"https:\/\/suresms.com\/wp-content\/uploads\/2024\/08\/Dokumentation-Udbakken-1.mp4\" alt=\"hosted-video-thumbnail\"><\/video>\n\t\t<h2>\n\t\t\tKolumnen\t<\/h2>\n\t<p><em>Zur Nummer:\u00a0<\/em>Enth\u00e4lt die Nummer, an die die Nachricht gesendet wird.<\/p>\n<p><em>Nachricht:\u00a0<\/em>Die tats\u00e4chliche Nachricht, die gesendet wurde. Bitte beachte, dass der Text nicht unbedingt so aussieht, wie er auf dem Telefon erscheint. Telefone k\u00f6nnen Nachrichten unterschiedlich formatieren, daher h\u00e4ngt es vom Telefon des Empf\u00e4ngers ab, wie der Text genau aussieht.<\/p>\n<p><em>Zeit: <\/em>Das ist entweder der Zeitpunkt, an dem die Nachricht gesendet wurde oder der Zeitpunkt, an dem sie gesendet werden soll.<\/p>\n<p><em>Senden: <\/em>Klicke auf das Symbol, um schnell zu\u00a0<a href=\"https:\/\/suresms.com\/de\/docs\/docs-9\/docs-12\/\"><em>Neue Nachricht<\/em><\/a> und sende eine neue Nachricht an denselben Empf\u00e4nger.<\/p>\n<p><em>OK<\/em>Visuelle Beschreibung des Status der Nachricht. Wenn sie gr\u00fcn ist, bedeutet das, dass die Nachricht gesendet wurde. Ist sie gelb, bedeutet das, dass die Nachricht unterwegs ist. Ist er rot, bedeutet das, dass die Nachricht nicht zugestellt werden kann. Ein blauer Pfeil auf dem Weg bedeutet, dass die Nachricht noch nicht gesendet wurde.<\/p>\n<p><em>Status:\u00a0<\/em>Eine Beschreibung des Status der Nachricht. Fahre mit der Maus \u00fcber die Beschreibung, um eine Erl\u00e4uterung zu erhalten.<\/p>\n<p><em>Info:\u00a0<\/em>Klicke auf den Pfeil, um eine detaillierte Beschreibung der Nachricht zu sehen.<\/p>\n<h2>\n\t\t\tObere Leiste\t<\/h2>\n\t\t\t\t<img decoding=\"async\" src=\"https:\/\/suresms.com\/wp-content\/uploads\/2024\/08\/Skaermbillede-2024-08-05-102405.png\" alt=\"Screenshot 2024-08-05 102405\" itemprop=\"image\" height=\"149\" width=\"2005\" title=\"Screenshot 2024-08-05 102405\" onerror=\"this.style.display='none'\" loading='lazy' \/>\n\t<p><em>Suche:<\/em> In der oberen Leiste kannst du die Nachrichten suchen, die du verschickt hast. Die Suche ist auf den eingestellten Datumsbereich beschr\u00e4nkt.<\/p>\n<p><em>Datum:\u00a0<\/em>Du siehst nur Nachrichten in dem Datumsbereich, den du ausgew\u00e4hlt hast. Beide Daten sind in der Liste enthalten.<\/p>\n<p><em>Pro Seite:\u00a0<\/em> Legt fest, wie viele Nachrichten du pro Seite haben m\u00f6chtest. Du kannst mit den Pfeilen am unteren Rand der Seite zur n\u00e4chsten Seite wechseln.<\/p>\n<p><em>Filter:\u00a0<\/em>Wenn du Nachrichten z.B. nach dem Status oder danach, ob Links besucht wurden, filtern m\u00f6chtest, kannst du diese Funktion nutzen.<\/p>\n<p><em>Die Wahl:\u00a0<\/em>Indem du eine Nachricht mit einem H\u00e4kchen links neben der Nachricht markierst, kannst du die Nachrichten l\u00f6schen, erneut senden oder exportieren.<\/p>\n<p>&nbsp;<\/p>\n<h2>\n\t\t\tNachricht im Postausgang l\u00f6schen\t<\/h2>\n\t<p>Es ist m\u00f6glich, eine oder mehrere Nachrichten aus dem Postausgang zu l\u00f6schen. Kreuzen Sie dazu die zu l\u00f6schenden Nachrichten links neben der Nachricht an. Klicken Sie dann auf die Auswahl in der oberen rechten Ecke und dann auf \"L\u00f6schen\".<\/p>\n\t<p>Sie haben auch die M\u00f6glichkeit, alle Nachrichten zu l\u00f6schen, indem Sie alle Nachrichten mit dem oberen H\u00e4kchen markieren. Bitte beachten Sie, dass das System nur die ausgew\u00e4hlten Nachrichten l\u00f6scht. Wenn Sie also alle Nachrichten l\u00f6schen m\u00f6chten, m\u00fcssen Sie zun\u00e4chst die Seitengr\u00f6\u00dfe \"Alle\" ausw\u00e4hlen.<\/p>\n\t\t\t\t\t<video src=\"https:\/\/suresms.com\/wp-content\/uploads\/2025\/06\/Dokumentation-Slet-besked-i-udbakken.mp4\" alt=\"hosted-video-thumbnail\"><\/video>","protected":false},"excerpt":{"rendered":"<p>Postausgang Im Folgenden erf\u00e4hrst du, was der Postausgang ist und welche Informationen du anzeigen und filtern kannst. Postausgang Der Postausgang enth\u00e4lt Nachrichten, die versendet wurden oder zum Versenden bereit sind. Im Grunde sieht er so aus. Du kannst dir unten ein kurzes Video ansehen, in dem beschrieben wird, wie der Postausgang funktioniert. Du kannst aber auch lesen, wie ... <a title=\"Ausgangskorb\" class=\"read-more\" href=\"https:\/\/suresms.com\/de\/docs\/message\/outbox\/\" aria-label=\"Mehr Informationen \u00fcber Outbox\">Mehr lesen<\/a><\/p>","protected":false},"author":1,"featured_media":0,"parent":18168,"menu_order":0,"comment_status":"closed","ping_status":"closed","template":"","meta":{"_fl_builder_enabled":"1","_fl_builder_data":null,"_fl_builder_draft":null,"_fl_builder_data_settings":null,"_fl_builder_css":"","_fl_builder_css_version":"","_fl_builder_js":"","footnotes":""},"categories":[],"tags":[],"class_list":["post-18224","page","type-page","status-publish"],"yoast_head":"<!-- This site is optimized with the Yoast SEO Premium plugin v27.3 (Yoast SEO v27.3) - https:\/\/yoast.com\/product\/yoast-seo-premium-wordpress\/ -->\r\n<title>Outbox -<\/title>\r\n<meta name=\"robots\" content=\"index, follow, max-snippet:-1, max-image-preview:large, max-video-preview:-1\" \/>\r\n<link rel=\"canonical\" href=\"https:\/\/suresms.com\/de\/docs\/docs-9\/docs-13\/\" \/>\r\n<meta property=\"og:locale\" content=\"de_DE\" \/>\r\n<meta property=\"og:type\" content=\"article\" \/>\r\n<meta property=\"og:title\" content=\"Outbox\" \/>\r\n<meta property=\"og:description\" content=\"Udbakke Herunder kan du l\u00e6se om udbakken og hvilke informationer du kan se og filtrere. Udbakken Udbakken indeholder de beskeder der er sendt eller som ligger klar til at blive sendt. I udgangspunktet ser denne s\u00e5ledes ud. Du kan se en kort video herunder der beskriver hvordan udbakken virker. Men du kan ogs\u00e5 l\u00e6se om ... Weiterlesen\" \/>\r\n<meta property=\"og:url\" content=\"https:\/\/suresms.com\/de\/docs\/docs-9\/docs-13\/\" \/>\r\n<meta property=\"article:publisher\" content=\"https:\/\/www.facebook.com\/p\/SureSMS-100044607956149\/\" \/>\r\n<meta property=\"article:modified_time\" content=\"2025-06-04T13:54:10+00:00\" \/>\r\n<meta property=\"og:image\" content=\"https:\/\/suresms.com\/wp-content\/uploads\/2024\/08\/Skaermbillede-2024-08-05-102405.png\" \/>\r\n<meta name=\"twitter:card\" content=\"summary_large_image\" \/>\r\n<meta name=\"twitter:label1\" content=\"Gesch\u00e4tzte Lesezeit\" \/>\n\t<meta name=\"twitter:data1\" content=\"3\u00a0Minuten\" \/>\r\n<script type=\"application\/ld+json\" class=\"yoast-schema-graph\">{\"@context\":\"https:\\\/\\\/schema.org\",\"@graph\":[{\"@type\":\"WebPage\",\"@id\":\"https:\\\/\\\/suresms.com\\\/dk\\\/docs\\\/message\\\/outbox\\\/\",\"url\":\"https:\\\/\\\/suresms.com\\\/dk\\\/docs\\\/message\\\/outbox\\\/\",\"name\":\"Outbox -\",\"isPartOf\":{\"@id\":\"https:\\\/\\\/suresms.com\\\/en\\\/#website\"},\"primaryImageOfPage\":{\"@id\":\"https:\\\/\\\/suresms.com\\\/dk\\\/docs\\\/message\\\/outbox\\\/#primaryimage\"},\"image\":{\"@id\":\"https:\\\/\\\/suresms.com\\\/dk\\\/docs\\\/message\\\/outbox\\\/#primaryimage\"},\"thumbnailUrl\":\"https:\\\/\\\/suresms.com\\\/wp-content\\\/uploads\\\/2024\\\/08\\\/Skaermbillede-2024-08-05-102405.png\",\"datePublished\":\"2024-08-05T07:41:36+00:00\",\"dateModified\":\"2025-06-04T13:54:10+00:00\",\"breadcrumb\":{\"@id\":\"https:\\\/\\\/suresms.com\\\/dk\\\/docs\\\/message\\\/outbox\\\/#breadcrumb\"},\"inLanguage\":\"de\",\"potentialAction\":[{\"@type\":\"ReadAction\",\"target\":[\"https:\\\/\\\/suresms.com\\\/dk\\\/docs\\\/message\\\/outbox\\\/\"]}]},{\"@type\":\"ImageObject\",\"inLanguage\":\"de\",\"@id\":\"https:\\\/\\\/suresms.com\\\/dk\\\/docs\\\/message\\\/outbox\\\/#primaryimage\",\"url\":\"https:\\\/\\\/suresms.com\\\/wp-content\\\/uploads\\\/2024\\\/08\\\/Skaermbillede-2024-08-05-102405.png\",\"contentUrl\":\"https:\\\/\\\/suresms.com\\\/wp-content\\\/uploads\\\/2024\\\/08\\\/Skaermbillede-2024-08-05-102405.png\"},{\"@type\":\"BreadcrumbList\",\"@id\":\"https:\\\/\\\/suresms.com\\\/dk\\\/docs\\\/message\\\/outbox\\\/#breadcrumb\",\"itemListElement\":[{\"@type\":\"ListItem\",\"position\":1,\"name\":\"Home\",\"item\":\"https:\\\/\\\/suresms.com\\\/dk\\\/\"},{\"@type\":\"ListItem\",\"position\":2,\"name\":\"Dokumentation\",\"item\":\"https:\\\/\\\/suresms.com\\\/dk\\\/docs\\\/\"},{\"@type\":\"ListItem\",\"position\":3,\"name\":\"Beskeder\",\"item\":\"https:\\\/\\\/suresms.com\\\/dk\\\/docs\\\/message\\\/\"},{\"@type\":\"ListItem\",\"position\":4,\"name\":\"Outbox\"}]},{\"@type\":\"WebSite\",\"@id\":\"https:\\\/\\\/suresms.com\\\/en\\\/#website\",\"url\":\"https:\\\/\\\/suresms.com\\\/en\\\/\",\"name\":\"SureSMS\",\"description\":\"Professionel SMS Gateway\",\"publisher\":{\"@id\":\"https:\\\/\\\/suresms.com\\\/en\\\/#organization\"},\"potentialAction\":[{\"@type\":\"SearchAction\",\"target\":{\"@type\":\"EntryPoint\",\"urlTemplate\":\"https:\\\/\\\/suresms.com\\\/en\\\/?s={search_term_string}\"},\"query-input\":{\"@type\":\"PropertyValueSpecification\",\"valueRequired\":true,\"valueName\":\"search_term_string\"}}],\"inLanguage\":\"de\"},{\"@type\":\"Organization\",\"@id\":\"https:\\\/\\\/suresms.com\\\/en\\\/#organization\",\"name\":\"SureSMS\",\"url\":\"https:\\\/\\\/suresms.com\\\/en\\\/\",\"logo\":{\"@type\":\"ImageObject\",\"inLanguage\":\"de\",\"@id\":\"https:\\\/\\\/suresms.com\\\/en\\\/#\\\/schema\\\/logo\\\/image\\\/\",\"url\":\"https:\\\/\\\/suresms.com\\\/wp-content\\\/uploads\\\/2024\\\/11\\\/suresms-300x65-1.png\",\"contentUrl\":\"https:\\\/\\\/suresms.com\\\/wp-content\\\/uploads\\\/2024\\\/11\\\/suresms-300x65-1.png\",\"width\":300,\"height\":65,\"caption\":\"SureSMS\"},\"image\":{\"@id\":\"https:\\\/\\\/suresms.com\\\/en\\\/#\\\/schema\\\/logo\\\/image\\\/\"},\"sameAs\":[\"https:\\\/\\\/www.facebook.com\\\/p\\\/SureSMS-100044607956149\\\/\"]}]}<\/script>\r\n<!-- \/ Yoast SEO Premium plugin. -->","yoast_head_json":{"title":"Postausgang -","robots":{"index":"index","follow":"follow","max-snippet":"max-snippet:-1","max-image-preview":"max-image-preview:large","max-video-preview":"max-video-preview:-1"},"canonical":"https:\/\/suresms.com\/de\/docs\/docs-9\/docs-13\/","og_locale":"de_DE","og_type":"article","og_title":"Outbox","og_description":"Udbakke Herunder kan du l\u00e6se om udbakken og hvilke informationer du kan se og filtrere. Udbakken Udbakken indeholder de beskeder der er sendt eller som ligger klar til at blive sendt. I udgangspunktet ser denne s\u00e5ledes ud. Du kan se en kort video herunder der beskriver hvordan udbakken virker. Men du kan ogs\u00e5 l\u00e6se om ... Weiterlesen","og_url":"https:\/\/suresms.com\/de\/docs\/docs-9\/docs-13\/","article_publisher":"https:\/\/www.facebook.com\/p\/SureSMS-100044607956149\/","article_modified_time":"2025-06-04T13:54:10+00:00","og_image":[{"url":"https:\/\/suresms.com\/wp-content\/uploads\/2024\/08\/Skaermbillede-2024-08-05-102405.png","type":"","width":"","height":""}],"twitter_card":"summary_large_image","twitter_misc":{"Gesch\u00e4tzte Lesezeit":"3\u00a0Minuten"},"schema":{"@context":"https:\/\/schema.org","@graph":[{"@type":"WebPage","@id":"https:\/\/suresms.com\/dk\/docs\/message\/outbox\/","url":"https:\/\/suresms.com\/dk\/docs\/message\/outbox\/","name":"Postausgang -","isPartOf":{"@id":"https:\/\/suresms.com\/en\/#website"},"primaryImageOfPage":{"@id":"https:\/\/suresms.com\/dk\/docs\/message\/outbox\/#primaryimage"},"image":{"@id":"https:\/\/suresms.com\/dk\/docs\/message\/outbox\/#primaryimage"},"thumbnailUrl":"https:\/\/suresms.com\/wp-content\/uploads\/2024\/08\/Skaermbillede-2024-08-05-102405.png","datePublished":"2024-08-05T07:41:36+00:00","dateModified":"2025-06-04T13:54:10+00:00","breadcrumb":{"@id":"https:\/\/suresms.com\/dk\/docs\/message\/outbox\/#breadcrumb"},"inLanguage":"de","potentialAction":[{"@type":"ReadAction","target":["https:\/\/suresms.com\/dk\/docs\/message\/outbox\/"]}]},{"@type":"ImageObject","inLanguage":"de","@id":"https:\/\/suresms.com\/dk\/docs\/message\/outbox\/#primaryimage","url":"https:\/\/suresms.com\/wp-content\/uploads\/2024\/08\/Skaermbillede-2024-08-05-102405.png","contentUrl":"https:\/\/suresms.com\/wp-content\/uploads\/2024\/08\/Skaermbillede-2024-08-05-102405.png"},{"@type":"BreadcrumbList","@id":"https:\/\/suresms.com\/dk\/docs\/message\/outbox\/#breadcrumb","itemListElement":[{"@type":"ListItem","position":1,"name":"Home","item":"https:\/\/suresms.com\/dk\/"},{"@type":"ListItem","position":2,"name":"Dokumentation","item":"https:\/\/suresms.com\/dk\/docs\/"},{"@type":"ListItem","position":3,"name":"Beskeder","item":"https:\/\/suresms.com\/dk\/docs\/message\/"},{"@type":"ListItem","position":4,"name":"Outbox"}]},{"@type":"WebSite","@id":"https:\/\/suresms.com\/en\/#website","url":"https:\/\/suresms.com\/en\/","name":"SureSMS","description":"Professioneller SMS-Gateway","publisher":{"@id":"https:\/\/suresms.com\/en\/#organization"},"potentialAction":[{"@type":"SearchAction","target":{"@type":"EntryPoint","urlTemplate":"https:\/\/suresms.com\/en\/?s={search_term_string}"},"query-input":{"@type":"PropertyValueSpecification","valueRequired":true,"valueName":"search_term_string"}}],"inLanguage":"de"},{"@type":"Organization","@id":"https:\/\/suresms.com\/en\/#organization","name":"SureSMS","url":"https:\/\/suresms.com\/en\/","logo":{"@type":"ImageObject","inLanguage":"de","@id":"https:\/\/suresms.com\/en\/#\/schema\/logo\/image\/","url":"https:\/\/suresms.com\/wp-content\/uploads\/2024\/11\/suresms-300x65-1.png","contentUrl":"https:\/\/suresms.com\/wp-content\/uploads\/2024\/11\/suresms-300x65-1.png","width":300,"height":65,"caption":"SureSMS"},"image":{"@id":"https:\/\/suresms.com\/en\/#\/schema\/logo\/image\/"},"sameAs":["https:\/\/www.facebook.com\/p\/SureSMS-100044607956149\/"]}]}},"_links":{"self":[{"href":"https:\/\/suresms.com\/de\/wp-json\/wp\/v2\/pages\/18224","targetHints":{"allow":["GET"]}}],"collection":[{"href":"https:\/\/suresms.com\/de\/wp-json\/wp\/v2\/pages"}],"about":[{"href":"https:\/\/suresms.com\/de\/wp-json\/wp\/v2\/types\/page"}],"author":[{"embeddable":true,"href":"https:\/\/suresms.com\/de\/wp-json\/wp\/v2\/users\/1"}],"replies":[{"embeddable":true,"href":"https:\/\/suresms.com\/de\/wp-json\/wp\/v2\/comments?post=18224"}],"version-history":[{"count":3,"href":"https:\/\/suresms.com\/de\/wp-json\/wp\/v2\/pages\/18224\/revisions"}],"predecessor-version":[{"id":23421,"href":"https:\/\/suresms.com\/de\/wp-json\/wp\/v2\/pages\/18224\/revisions\/23421"}],"up":[{"embeddable":true,"href":"https:\/\/suresms.com\/de\/wp-json\/wp\/v2\/pages\/18168"}],"wp:attachment":[{"href":"https:\/\/suresms.com\/de\/wp-json\/wp\/v2\/media?parent=18224"}],"wp:term":[{"taxonomy":"category","embeddable":true,"href":"https:\/\/suresms.com\/de\/wp-json\/wp\/v2\/categories?post=18224"},{"taxonomy":"post_tag","embeddable":true,"href":"https:\/\/suresms.com\/de\/wp-json\/wp\/v2\/tags?post=18224"}],"curies":[{"name":"wp","href":"https:\/\/api.w.org\/{rel}","templated":true}]}}