{"id":18183,"date":"2024-07-10T18:12:05","date_gmt":"2024-07-10T16:12:05","guid":{"rendered":"https:\/\/www.suresms.com\/dk\/?page_id=18183"},"modified":"2026-02-17T05:14:01","modified_gmt":"2026-02-17T05:14:01","slug":"docs-12","status":"publish","type":"page","link":"https:\/\/suresms.com\/de\/docs\/message\/newmessage\/","title":{"rendered":"Neue Nachricht"},"content":{"rendered":"<!-- Flexy Breadcrumb -->\r\n\t\t\t<div class=\"fbc fbc-page\">\r\n\r\n\t\t\t\t<!-- Breadcrumb wrapper -->\r\n\t\t\t\t<div class=\"fbc-wrap\">\r\n\r\n\t\t\t\t\t<!-- Ordered list-->\r\n\t\t\t\t\t<ol class=\"fbc-items\" itemscope itemtype=\"https:\/\/schema.org\/BreadcrumbList\">\r\n\t\t\t\t\t\t            <li itemprop=\"itemListElement\" itemscope itemtype=\"https:\/\/schema.org\/ListItem\">\r\n                <span itemprop=\"name\">\r\n                    <!-- Home Link -->\r\n                    <a itemprop=\"item\" href=\"https:\/\/suresms.com\/de\/\">\r\n                    \r\n                                                    <i class=\"fa fa-home\" aria-hidden=\"true\"><\/i>Zuhause                    <\/a>\r\n                <\/span>\r\n                <meta itemprop=\"position\" content=\"1\" \/><!-- Meta Position-->\r\n             <\/li><li><span class=\"fbc-separator\">\/<\/span><\/li><li class=\"active\" itemprop=\"itemListElement\" itemscope itemtype=\"https:\/\/schema.org\/ListItem\"><span itemprop=\"name\" title=\"Neue Nachricht\">Neue Nachricht<\/span><meta itemprop=\"position\" content=\"2\" \/><\/li>\t\t\t\t\t<\/ol>\r\n\t\t\t\t\t<div class=\"clearfix\"><\/div>\r\n\t\t\t\t<\/div>\r\n\t\t\t<\/div>\r\n\t\t\t\n<h1>\n\t\t\tNeue Nachricht\t<\/h1>\n\t<p>Unten kannst du \u00fcber den Screenshot lesen\u00a0<em>Neue Nachricht<\/em>. Jedes Feld wird erkl\u00e4rt und zu einigen Beschreibungen gibt es weiterf\u00fchrende Links.<\/p>\n<h2>\n\t\t\tNeue Nachricht erstellen\t<\/h2>\n\t<p>Schauen wir uns zun\u00e4chst den neuen Screenshot zum Senden von Nachrichten an. Unten siehst du den vollst\u00e4ndigen Screenshot von\u00a0<em>Neue Nachricht.\u00a0<\/em>Die folgende Erkl\u00e4rung bezieht sich auf diesen Bildschirm und die verschiedenen Elemente darin.<\/p>\n<figure itemscope itemtype=\"https:\/\/schema.org\/ImageObject\">\n\t\t\t\t<img decoding=\"async\" src=\"https:\/\/suresms.com\/wp-content\/uploads\/2024\/07\/Ny-besked-skaermbillede-1.png\" alt=\"Screenshot der neuen Nachricht\" height=\"2152\" width=\"2277\" title=\"Screenshot der neuen Nachricht\" onerror=\"this.style.display='none'\" loading=\"lazy\" \/>\n\t<\/figure>\n\t<p><strong><em>L\u00e4ndercode:\u00a0<\/em><\/strong>W\u00e4hle den L\u00e4ndercode des Empf\u00e4ngers aus. Wenn du aus Gruppen im Adressbuch ausw\u00e4hlst, wird dieses Feld nicht verwendet, da jeder Kontakt im Adressbuch seinen eigenen L\u00e4ndercode hat. Wenn du nur eine Nummer in das Empf\u00e4ngerfeld eingeben willst, muss die Landesvorwahl korrekt sein. Das System merkt sich den L\u00e4ndercode von Zeit zu Zeit.<\/p>\n<p><strong><em>Rufnummer<\/em><\/strong>: Hier gibst du die Rufnummer ein. Ohne Leerzeichen, Bindestriche oder sonstiges. Du kannst sie auch einf\u00fcgen. Du kannst zum Beispiel viele Nummern aus Excel ausw\u00e4hlen und sie alle in dieses Feld eingeben.<\/p>\n<p><strong><em>Nachricht:\u00a0<\/em><\/strong>Hier schreibst du die Nachricht selbst. Unter der Nachricht siehst du, wie viele Zeichen du eingegeben hast, wie viele SMS daraus entstehen und wie viel es kostet, die Nachricht zu versenden.<\/p>\n<h2>\n\t\t\tVorlagen verwenden\t<\/h2>\n\t<p>Es ist m\u00f6glich, Vorlagen im System zu erstellen. Vorlagen sind Standardnachrichten, die im System gespeichert sind und beim Senden einer Nachricht ausgew\u00e4hlt werden k\u00f6nnen. Sie k\u00f6nnte zum Beispiel lauten: \"Denk an deinen Termin morgen\". Du kannst dann einfach die richtige Vorlage ausw\u00e4hlen und auf Senden dr\u00fccken.<\/p>\n\t<p>Melde dich hier bei deinem SureSMS-Konto an: <a href=\"https:\/\/app.suresms.com\" target=\"_blank\" rel=\"noopener\">https:\/\/app.suresms.com<\/a><\/p>\n<p>W\u00e4hlen Sie im Men\u00fc <em>Neue Nachricht\u00a0<\/em><\/p>\n<p>Klicken Sie auf das <em>Auswahl<\/em> rechts \u00fcber dem eigentlichen Nachrichtenfeld<\/p>\n<p>Klicken Sie auf das <em>Vorlagen verwalten<\/em><\/p>\n<p>Jetzt kannst du die Vorlagen erstellen, bearbeiten und l\u00f6schen.<\/p>\n<p>Wenn du eine Vorlage brauchst, mach dasselbe, aber w\u00e4hle <em>Vorlage verwenden<\/em> im Men\u00fc. W\u00e4hle dann die Vorlage aus, die du verwenden m\u00f6chtest, und klicke auf ok.<\/p>\n\t\t\t\t\t<video src=\"https:\/\/suresms.com\/wp-content\/uploads\/2024\/10\/Dokumentation-Skabeloner-i-beskeder.mp4\" alt=\"hosted-video-thumbnail\"><\/video>\n\t\t<h2>\n\t\t\tInformationen in der Nachricht zusammenf\u00fchren\t<\/h2>\n\t<p>Melde dich hier bei deinem SureSMS-Konto an: <a href=\"https:\/\/app.suresms.com\" target=\"_blank\" rel=\"noopener\">https:\/\/app.suresms.com<\/a><\/p>\n<p>W\u00e4hlen Sie im Men\u00fc <em>Neue Nachricht\u00a0<\/em><\/p>\n<p>Klicken Sie auf das <em>Auswahl<\/em> rechts \u00fcber dem eigentlichen Nachrichtenfeld<\/p>\n<p>Klicken Sie auf das <em>Vorlagen verwalten<\/em><\/p>\n<p>Jetzt kannst du die Vorlagen erstellen, bearbeiten und l\u00f6schen.<\/p>\n<p>Wenn du eine Vorlage brauchst, mach dasselbe, aber w\u00e4hle <em>Vorlage verwenden<\/em> im Men\u00fc. W\u00e4hle dann die Vorlage aus, die du verwenden m\u00f6chtest, und klicke auf ok.<\/p>\n\t\t\t\t\t<video src=\"https:\/\/suresms.com\/wp-content\/uploads\/2024\/10\/Dokumentation-Skabeloner-i-beskeder.mp4\" alt=\"hosted-video-thumbnail\"><\/video>\n\t\t<h2>\n\t\t\tLinks zu Nachrichten hinzuf\u00fcgen\t<\/h2>\n\t<p>Es ist m\u00f6glich, Links zu Ihren Nachrichten hinzuzuf\u00fcgen. Sie k\u00f6nnen verschiedene Arten von Links hinzuf\u00fcgen:<\/p>\n<p>1. regul\u00e4re Links zu Websites, bei denen man aber messen kann, wie viele Leute auf den Link klicken.<\/p>\n<p>2. Link zu Dateien wie PDF-Dateien<\/p>\n<p>3. MobilePay-Links f\u00fcr die direkte Bezahlung in der SMS-Nachricht<\/p>\n<p>In diesem Video sehen Sie, wie Sie die verschiedenen Arten von Links hinzuf\u00fcgen k\u00f6nnen<\/p>\n\t\t\t\t\t<video src=\"https:\/\/suresms.com\/wp-content\/uploads\/2026\/02\/Dokumentation-Ny-besked-Tilfoejelse-af-Links-i-beskeder.mp4\" alt=\"hosted-video-thumbnail\"><\/video>\n\t\t<h2>\n\t\t\tEingehende Rufnummer erstellen\t<\/h2>\n\t<p>Wenn du Antwort-SMS direkt auf der SureSMS-Plattform oder per E-Mail erhalten m\u00f6chtest, brauchst du eine Zwei-Wege-SMS-L\u00f6sung. Der wichtigste Teil dieser L\u00f6sung ist, dass du eine Telefonnummer bei SureSMS haben musst, auf der du SMS-Nachrichten empfangen kannst. Das kostet 99,- DKK pro Monat. Es gibt keine K\u00fcndigungsm\u00f6glichkeit f\u00fcr eine Nummer.<\/p>\n\t<p>Melde dich hier bei deinem SureSMS-Konto an: <a href=\"https:\/\/app.suresms.com\" target=\"_blank\" rel=\"noopener\">https:\/\/app.suresms.com<\/a><\/p>\n<p>Vergewissere dich, dass du mehr als 99,- auf deinem Konto hast, ansonsten gehe zur Online-Zahlung<\/p>\n<p>W\u00e4hlen Sie im Men\u00fc <em>Einstellungen -&gt; Absendername<\/em> und dann\u00a0<em>Auswahl\u00a0<\/em>in der oberen rechten Ecke.<\/p>\n<p>W\u00e4hle <em>Eingehende SMS-Nummer <\/em>im Untermen\u00fc<\/p>\n<p>W\u00e4hle die gew\u00fcnschte eingehende Nummer aus der Liste der verf\u00fcgbaren Nummern aus<\/p>\n<p>Klicken Sie auf das <em>Bestellung<\/em><\/p>\n<p>Deine eingehende Nummer ist sofort aktiv.<\/p>\n\t\t\t\t\t<video src=\"https:\/\/suresms.com\/wp-content\/uploads\/2024\/07\/Dokumentation-Bestil-indgaaende-SMS-nummer.mp4\" alt=\"hosted-video-thumbnail\"><\/video>\n\t\t\t\t\t\t\t\t\t\tWenn du eingehende SMS per E-Mail empfangen m\u00f6chtest \n\t\t\t\t\t<p>Klicken Sie auf das\u00a0<em>Einstellungen und Vorlieben<\/em> im Men\u00fc<\/p>\n<p>Klicken Sie auf das\u00a0<em>Konto<\/em><\/p>\n<p>Klicken Sie auf das <em>Kontoeinstellungen<\/em><\/p>\n<p>Klick auf \"Bearbeiten\"<\/p>\n<p>Setze ein H\u00e4kchen in das K\u00e4stchen\u00a0<em>Eingehende SMS als E-Mail senden<\/em><\/p>\n<p>Vergewissere dich, dass die E-Mail Adresse korrekt ist<\/p>\n<p>Klicken Sie auf das <em>Gem<\/em><\/p>\n<h2>\n\t\t\tEingehende Rufnummer l\u00f6schen\t<\/h2>\n\t<p>Wenn du eine eingehende SMS-Nummer nicht mehr brauchst, ist es eine gute Idee, sie zu l\u00f6schen. So verhinderst du, dass deine Empf\u00e4nger versehentlich an dich senden und sparst Geld. Lies unten, wie du eine eingehende SMS-Nummer l\u00f6schen kannst.<\/p>\n\t<p>Melde dich hier bei deinem SureSMS-Konto an: <a href=\"https:\/\/app.suresms.com\" target=\"_blank\" rel=\"noopener\">https:\/\/app.suresms.com<\/a><\/p>\n<p>Vergewissere dich, dass du mehr als 99,- auf deinem Konto hast, ansonsten gehe zur Online-Zahlung<\/p>\n<p>W\u00e4hlen Sie im Men\u00fc <em>Einstellungen -&gt; Absendername<\/em><\/p>\n<p>Klicken Sie auf das <em>l\u00f6schen <\/em>neben der Nummer oder dem Namen, den du l\u00f6schen m\u00f6chtest<\/p>\n<p>Gib die Nummer oder den Namen erneut ein und klicke auf <em>OK<\/em><\/p>\n<p>Deine Nummer wird dann sofort gel\u00f6scht. Die Abrechnung f\u00fcr die Nummer erfolgt jeden 1. des Monats.<\/p>\n<p>Gezahlte Betr\u00e4ge werden dir nicht zur\u00fcckerstattet.\u00a0<\/p>\n\t\t\t\t\t<video src=\"https:\/\/suresms.com\/wp-content\/uploads\/2024\/07\/Dokumentation-Slet-afsendernavn-og-indgaaende-SMS-nummer.mp4\" alt=\"hosted-video-thumbnail\"><\/video>\n\t\t<h2>\n\t\t\tNachrichten aus Datei importieren\t<\/h2>\n\t<p>Sie k\u00f6nnen eine CSV-Datei mit allen Ihren Nachrichten erstellen, importieren und direkt von der Registerkarte Neue Nachricht aus versenden. So machen Sie es.<\/p>\n<p>Erstellen Sie zun\u00e4chst eine CSV-Datei mit den folgenden Spalten<\/p>\nSpalte 1: L\u00e4ndercode<br \/>\nSpalte 2: Telefonnummer<br \/>\nSpalte 3: Die zu sendende Nachricht<br \/>\nSpalte 4: Zeit f\u00fcr das Senden der Nachricht (fakultativ)\n<p>Klicken Sie oberhalb des Empf\u00e4ngerfeldes auf <em>Auswahl<\/em> und dr\u00fccken Sie dann <em>Aus Datei importieren.\u00a0<\/em><\/p>\n<p>Ziehen Sie Ihre Datei in das Upload-Feld und klicken Sie auf <em>Importieren.<\/em><\/p>\n<p>\u00dcberpr\u00fcfen Sie die zu versendenden Nachrichten. Wenn sie in Ordnung sind, klicken Sie auf Senden.<\/p>","protected":false},"excerpt":{"rendered":"<p>Neue Nachricht Im Folgenden findest du Informationen \u00fcber den Bildschirm Neue Nachricht. Jedes Feld wird erkl\u00e4rt und f\u00fcr einige Beschreibungen gibt es weiterf\u00fchrende Links. Neue Nachricht erstellen Schauen wir uns zun\u00e4chst den Bildschirm zum Senden einer neuen Nachricht an. Unten siehst du den vollst\u00e4ndigen Screenshot Neue Nachricht. Die folgenden Erl\u00e4uterungen beziehen sich auf diesen Screenshot und die verschiedenen ... <a title=\"Neue Nachricht\" class=\"read-more\" href=\"https:\/\/suresms.com\/de\/docs\/message\/newmessage\/\" aria-label=\"Mehr Informationen \u00fcber Ny besked\">Mehr lesen<\/a><\/p>","protected":false},"author":1,"featured_media":0,"parent":18168,"menu_order":0,"comment_status":"closed","ping_status":"closed","template":"","meta":{"_fl_builder_enabled":"1","_fl_builder_data":null,"_fl_builder_draft":null,"_fl_builder_data_settings":null,"_fl_builder_css":"","_fl_builder_css_version":"","_fl_builder_js":"","footnotes":""},"categories":[],"tags":[],"class_list":["post-18183","page","type-page","status-publish"],"yoast_head":"<!-- This site is optimized with the Yoast SEO Premium plugin v27.3 (Yoast SEO v27.3) - https:\/\/yoast.com\/product\/yoast-seo-premium-wordpress\/ -->\r\n<title>Ny besked -<\/title>\r\n<meta name=\"robots\" content=\"index, follow, max-snippet:-1, max-image-preview:large, max-video-preview:-1\" \/>\r\n<link rel=\"canonical\" href=\"https:\/\/suresms.com\/de\/docs\/docs-9\/docs-12\/\" \/>\r\n<meta property=\"og:locale\" content=\"de_DE\" \/>\r\n<meta property=\"og:type\" content=\"article\" \/>\r\n<meta property=\"og:title\" content=\"Ny besked\" \/>\r\n<meta property=\"og:description\" content=\"Ny besked Herunder kan du l\u00e6se om sk\u00e6rmbilledet\u00a0Ny besked. Hvert felt er forklaret og uddybende link er tilg\u00e6ngelige for nogle beskrivelser. Opret ny besked Lad os starte med at se sk\u00e6rmbilledet for afsendelse af ny besked. Herunder kan du se det fulde sk\u00e6rmbillede af\u00a0Ny besked.\u00a0I den efterf\u00f8lgende forklaring refereres til dette sk\u00e6rmbillede og de forskellige ... Weiterlesen\" \/>\r\n<meta property=\"og:url\" content=\"https:\/\/suresms.com\/de\/docs\/docs-9\/docs-12\/\" \/>\r\n<meta property=\"article:publisher\" content=\"https:\/\/www.facebook.com\/p\/SureSMS-100044607956149\/\" \/>\r\n<meta property=\"article:modified_time\" content=\"2026-02-17T05:14:01+00:00\" \/>\r\n<meta property=\"og:image\" content=\"https:\/\/suresms.com\/wp-content\/uploads\/2024\/07\/Ny-besked-skaermbillede-1.png\" \/>\r\n<meta name=\"twitter:card\" content=\"summary_large_image\" \/>\r\n<meta name=\"twitter:label1\" content=\"Gesch\u00e4tzte Lesezeit\" \/>\n\t<meta name=\"twitter:data1\" content=\"3\u00a0Minuten\" \/>\r\n<script type=\"application\/ld+json\" class=\"yoast-schema-graph\">{\"@context\":\"https:\\\/\\\/schema.org\",\"@graph\":[{\"@type\":\"WebPage\",\"@id\":\"https:\\\/\\\/suresms.com\\\/dk\\\/docs\\\/message\\\/newmessage\\\/\",\"url\":\"https:\\\/\\\/suresms.com\\\/dk\\\/docs\\\/message\\\/newmessage\\\/\",\"name\":\"Ny besked -\",\"isPartOf\":{\"@id\":\"https:\\\/\\\/suresms.com\\\/en\\\/#website\"},\"primaryImageOfPage\":{\"@id\":\"https:\\\/\\\/suresms.com\\\/dk\\\/docs\\\/message\\\/newmessage\\\/#primaryimage\"},\"image\":{\"@id\":\"https:\\\/\\\/suresms.com\\\/dk\\\/docs\\\/message\\\/newmessage\\\/#primaryimage\"},\"thumbnailUrl\":\"https:\\\/\\\/suresms.com\\\/wp-content\\\/uploads\\\/2024\\\/07\\\/Ny-besked-skaermbillede-1.png\",\"datePublished\":\"2024-07-10T16:12:05+00:00\",\"dateModified\":\"2026-02-17T05:14:01+00:00\",\"breadcrumb\":{\"@id\":\"https:\\\/\\\/suresms.com\\\/dk\\\/docs\\\/message\\\/newmessage\\\/#breadcrumb\"},\"inLanguage\":\"de\",\"potentialAction\":[{\"@type\":\"ReadAction\",\"target\":[\"https:\\\/\\\/suresms.com\\\/dk\\\/docs\\\/message\\\/newmessage\\\/\"]}]},{\"@type\":\"ImageObject\",\"inLanguage\":\"de\",\"@id\":\"https:\\\/\\\/suresms.com\\\/dk\\\/docs\\\/message\\\/newmessage\\\/#primaryimage\",\"url\":\"https:\\\/\\\/suresms.com\\\/wp-content\\\/uploads\\\/2024\\\/07\\\/Ny-besked-skaermbillede-1.png\",\"contentUrl\":\"https:\\\/\\\/suresms.com\\\/wp-content\\\/uploads\\\/2024\\\/07\\\/Ny-besked-skaermbillede-1.png\"},{\"@type\":\"BreadcrumbList\",\"@id\":\"https:\\\/\\\/suresms.com\\\/dk\\\/docs\\\/message\\\/newmessage\\\/#breadcrumb\",\"itemListElement\":[{\"@type\":\"ListItem\",\"position\":1,\"name\":\"Home\",\"item\":\"https:\\\/\\\/suresms.com\\\/dk\\\/\"},{\"@type\":\"ListItem\",\"position\":2,\"name\":\"Dokumentation\",\"item\":\"https:\\\/\\\/suresms.com\\\/dk\\\/docs\\\/\"},{\"@type\":\"ListItem\",\"position\":3,\"name\":\"Beskeder\",\"item\":\"https:\\\/\\\/suresms.com\\\/dk\\\/docs\\\/message\\\/\"},{\"@type\":\"ListItem\",\"position\":4,\"name\":\"Ny besked\"}]},{\"@type\":\"WebSite\",\"@id\":\"https:\\\/\\\/suresms.com\\\/en\\\/#website\",\"url\":\"https:\\\/\\\/suresms.com\\\/en\\\/\",\"name\":\"SureSMS\",\"description\":\"Professionel SMS Gateway\",\"publisher\":{\"@id\":\"https:\\\/\\\/suresms.com\\\/en\\\/#organization\"},\"potentialAction\":[{\"@type\":\"SearchAction\",\"target\":{\"@type\":\"EntryPoint\",\"urlTemplate\":\"https:\\\/\\\/suresms.com\\\/en\\\/?s={search_term_string}\"},\"query-input\":{\"@type\":\"PropertyValueSpecification\",\"valueRequired\":true,\"valueName\":\"search_term_string\"}}],\"inLanguage\":\"de\"},{\"@type\":\"Organization\",\"@id\":\"https:\\\/\\\/suresms.com\\\/en\\\/#organization\",\"name\":\"SureSMS\",\"url\":\"https:\\\/\\\/suresms.com\\\/en\\\/\",\"logo\":{\"@type\":\"ImageObject\",\"inLanguage\":\"de\",\"@id\":\"https:\\\/\\\/suresms.com\\\/en\\\/#\\\/schema\\\/logo\\\/image\\\/\",\"url\":\"https:\\\/\\\/suresms.com\\\/wp-content\\\/uploads\\\/2024\\\/11\\\/suresms-300x65-1.png\",\"contentUrl\":\"https:\\\/\\\/suresms.com\\\/wp-content\\\/uploads\\\/2024\\\/11\\\/suresms-300x65-1.png\",\"width\":300,\"height\":65,\"caption\":\"SureSMS\"},\"image\":{\"@id\":\"https:\\\/\\\/suresms.com\\\/en\\\/#\\\/schema\\\/logo\\\/image\\\/\"},\"sameAs\":[\"https:\\\/\\\/www.facebook.com\\\/p\\\/SureSMS-100044607956149\\\/\"]}]}<\/script>\r\n<!-- \/ Yoast SEO Premium plugin. -->","yoast_head_json":{"title":"Neue Nachricht","robots":{"index":"index","follow":"follow","max-snippet":"max-snippet:-1","max-image-preview":"max-image-preview:large","max-video-preview":"max-video-preview:-1"},"canonical":"https:\/\/suresms.com\/de\/docs\/docs-9\/docs-12\/","og_locale":"de_DE","og_type":"article","og_title":"Ny besked","og_description":"Ny besked Herunder kan du l\u00e6se om sk\u00e6rmbilledet\u00a0Ny besked. Hvert felt er forklaret og uddybende link er tilg\u00e6ngelige for nogle beskrivelser. Opret ny besked Lad os starte med at se sk\u00e6rmbilledet for afsendelse af ny besked. Herunder kan du se det fulde sk\u00e6rmbillede af\u00a0Ny besked.\u00a0I den efterf\u00f8lgende forklaring refereres til dette sk\u00e6rmbillede og de forskellige ... Weiterlesen","og_url":"https:\/\/suresms.com\/de\/docs\/docs-9\/docs-12\/","article_publisher":"https:\/\/www.facebook.com\/p\/SureSMS-100044607956149\/","article_modified_time":"2026-02-17T05:14:01+00:00","og_image":[{"url":"https:\/\/suresms.com\/wp-content\/uploads\/2024\/07\/Ny-besked-skaermbillede-1.png","type":"","width":"","height":""}],"twitter_card":"summary_large_image","twitter_misc":{"Gesch\u00e4tzte Lesezeit":"3\u00a0Minuten"},"schema":{"@context":"https:\/\/schema.org","@graph":[{"@type":"WebPage","@id":"https:\/\/suresms.com\/dk\/docs\/message\/newmessage\/","url":"https:\/\/suresms.com\/dk\/docs\/message\/newmessage\/","name":"Neue Nachricht","isPartOf":{"@id":"https:\/\/suresms.com\/en\/#website"},"primaryImageOfPage":{"@id":"https:\/\/suresms.com\/dk\/docs\/message\/newmessage\/#primaryimage"},"image":{"@id":"https:\/\/suresms.com\/dk\/docs\/message\/newmessage\/#primaryimage"},"thumbnailUrl":"https:\/\/suresms.com\/wp-content\/uploads\/2024\/07\/Ny-besked-skaermbillede-1.png","datePublished":"2024-07-10T16:12:05+00:00","dateModified":"2026-02-17T05:14:01+00:00","breadcrumb":{"@id":"https:\/\/suresms.com\/dk\/docs\/message\/newmessage\/#breadcrumb"},"inLanguage":"de","potentialAction":[{"@type":"ReadAction","target":["https:\/\/suresms.com\/dk\/docs\/message\/newmessage\/"]}]},{"@type":"ImageObject","inLanguage":"de","@id":"https:\/\/suresms.com\/dk\/docs\/message\/newmessage\/#primaryimage","url":"https:\/\/suresms.com\/wp-content\/uploads\/2024\/07\/Ny-besked-skaermbillede-1.png","contentUrl":"https:\/\/suresms.com\/wp-content\/uploads\/2024\/07\/Ny-besked-skaermbillede-1.png"},{"@type":"BreadcrumbList","@id":"https:\/\/suresms.com\/dk\/docs\/message\/newmessage\/#breadcrumb","itemListElement":[{"@type":"ListItem","position":1,"name":"Home","item":"https:\/\/suresms.com\/dk\/"},{"@type":"ListItem","position":2,"name":"Dokumentation","item":"https:\/\/suresms.com\/dk\/docs\/"},{"@type":"ListItem","position":3,"name":"Beskeder","item":"https:\/\/suresms.com\/dk\/docs\/message\/"},{"@type":"ListItem","position":4,"name":"Ny besked"}]},{"@type":"WebSite","@id":"https:\/\/suresms.com\/en\/#website","url":"https:\/\/suresms.com\/en\/","name":"SureSMS","description":"Professioneller SMS-Gateway","publisher":{"@id":"https:\/\/suresms.com\/en\/#organization"},"potentialAction":[{"@type":"SearchAction","target":{"@type":"EntryPoint","urlTemplate":"https:\/\/suresms.com\/en\/?s={search_term_string}"},"query-input":{"@type":"PropertyValueSpecification","valueRequired":true,"valueName":"search_term_string"}}],"inLanguage":"de"},{"@type":"Organization","@id":"https:\/\/suresms.com\/en\/#organization","name":"SureSMS","url":"https:\/\/suresms.com\/en\/","logo":{"@type":"ImageObject","inLanguage":"de","@id":"https:\/\/suresms.com\/en\/#\/schema\/logo\/image\/","url":"https:\/\/suresms.com\/wp-content\/uploads\/2024\/11\/suresms-300x65-1.png","contentUrl":"https:\/\/suresms.com\/wp-content\/uploads\/2024\/11\/suresms-300x65-1.png","width":300,"height":65,"caption":"SureSMS"},"image":{"@id":"https:\/\/suresms.com\/en\/#\/schema\/logo\/image\/"},"sameAs":["https:\/\/www.facebook.com\/p\/SureSMS-100044607956149\/"]}]}},"_links":{"self":[{"href":"https:\/\/suresms.com\/de\/wp-json\/wp\/v2\/pages\/18183","targetHints":{"allow":["GET"]}}],"collection":[{"href":"https:\/\/suresms.com\/de\/wp-json\/wp\/v2\/pages"}],"about":[{"href":"https:\/\/suresms.com\/de\/wp-json\/wp\/v2\/types\/page"}],"author":[{"embeddable":true,"href":"https:\/\/suresms.com\/de\/wp-json\/wp\/v2\/users\/1"}],"replies":[{"embeddable":true,"href":"https:\/\/suresms.com\/de\/wp-json\/wp\/v2\/comments?post=18183"}],"version-history":[{"count":5,"href":"https:\/\/suresms.com\/de\/wp-json\/wp\/v2\/pages\/18183\/revisions"}],"predecessor-version":[{"id":23828,"href":"https:\/\/suresms.com\/de\/wp-json\/wp\/v2\/pages\/18183\/revisions\/23828"}],"up":[{"embeddable":true,"href":"https:\/\/suresms.com\/de\/wp-json\/wp\/v2\/pages\/18168"}],"wp:attachment":[{"href":"https:\/\/suresms.com\/de\/wp-json\/wp\/v2\/media?parent=18183"}],"wp:term":[{"taxonomy":"category","embeddable":true,"href":"https:\/\/suresms.com\/de\/wp-json\/wp\/v2\/categories?post=18183"},{"taxonomy":"post_tag","embeddable":true,"href":"https:\/\/suresms.com\/de\/wp-json\/wp\/v2\/tags?post=18183"}],"curies":[{"name":"wp","href":"https:\/\/api.w.org\/{rel}","templated":true}]}}