{"id":18159,"date":"2024-07-05T10:02:03","date_gmt":"2024-07-05T08:02:03","guid":{"rendered":"https:\/\/www.suresms.com\/dk\/?page_id=18159"},"modified":"2025-07-31T10:42:20","modified_gmt":"2025-07-31T10:42:20","slug":"docs-8","status":"publish","type":"page","link":"https:\/\/suresms.com\/de\/docs\/account\/sendername\/","title":{"rendered":"Name des Absenders"},"content":{"rendered":"<!-- Flexy Breadcrumb -->\r\n\t\t\t<div class=\"fbc fbc-page\">\r\n\r\n\t\t\t\t<!-- Breadcrumb wrapper -->\r\n\t\t\t\t<div class=\"fbc-wrap\">\r\n\r\n\t\t\t\t\t<!-- Ordered list-->\r\n\t\t\t\t\t<ol class=\"fbc-items\" itemscope itemtype=\"https:\/\/schema.org\/BreadcrumbList\">\r\n\t\t\t\t\t\t            <li itemprop=\"itemListElement\" itemscope itemtype=\"https:\/\/schema.org\/ListItem\">\r\n                <span itemprop=\"name\">\r\n                    <!-- Home Link -->\r\n                    <a itemprop=\"item\" href=\"https:\/\/suresms.com\/de\/\">\r\n                    \r\n                                                    <i class=\"fa fa-home\" aria-hidden=\"true\"><\/i>Zuhause                    <\/a>\r\n                <\/span>\r\n                <meta itemprop=\"position\" content=\"1\" \/><!-- Meta Position-->\r\n             <\/li><li><span class=\"fbc-separator\">\/<\/span><\/li><li class=\"active\" itemprop=\"itemListElement\" itemscope itemtype=\"https:\/\/schema.org\/ListItem\"><span itemprop=\"name\" title=\"Name des Absenders\">Name des Absenders<\/span><meta itemprop=\"position\" content=\"2\" \/><\/li>\t\t\t\t\t<\/ol>\r\n\t\t\t\t\t<div class=\"clearfix\"><\/div>\r\n\t\t\t\t<\/div>\r\n\t\t\t<\/div>\r\n\t\t\t\n<h1>\n\t\t\tName des Absenders und eingehende Rufnummer\t<\/h1>\n\t<p>Du kannst eine andere Telefonnummer als Absendernamen bestellen oder einen Text als Absendernamen bestellen. Es ist auch m\u00f6glich, eine eingehende Rufnummer zu bestellen. Lies weiter unten, um zu erfahren, wie das geht.<\/p>\n<h2>\n\t\t\tAbsendernamen erstellen \t<\/h2>\n\t<p>Du kannst einen Absendernamen w\u00e4hlen, wenn du deine SMS versendest. Z.B. SMS-Service oder Meine Firma als Absender. Wenn du dies tust, kann der Empf\u00e4nger nicht auf deine SMS antworten. Du kannst auch eine Telefonnummer angeben. Dabei kann es sich um die Handynummer des Verbandes oder des Kundensupports des Unternehmens handeln. Wenn du dies tust und die Nummer eine Handynummer ist, kann der Empf\u00e4nger auf deine SMS antworten und die Antwort wird an dieses Telefon gesendet.<\/p>\n\t<p>Melde dich hier bei deinem SureSMS-Konto an: <a href=\"https:\/\/app.suresms.com\" target=\"_blank\" rel=\"noopener\">https:\/\/app.suresms.com<\/a><\/p>\n<p>W\u00e4hlen Sie im Men\u00fc <em>Einstellungen -&gt; Absendername<\/em><\/p>\nIm Men\u00fc k\u00f6nnen Sie nun w\u00e4hlen zwischen<br \/>\n<em>Neuer Absendername<br \/>\n<\/em>Wenn Sie zum Beispiel einen Absender w\u00fcnschen, der Ihr Firmenname oder Ihre Dienstleistung ist.\n<em>Registrieren Sie Ihre eigene Nummer<br \/>\n<\/em>Wenn Sie die M\u00f6glichkeit haben m\u00f6chten, von einer anderen Telefonnummer aus zu senden. Wenn Sie dies ausw\u00e4hlen, wird eine SMS an die Nummer gesendet und der Empf\u00e4nger muss best\u00e4tigen, dass Sie in seinem Namen senden k\u00f6nnen, bevor die Nummer aktiviert wird.\n<em>Rufnummer der eingehenden SMS<br \/>\n<\/em>Wenn Sie SMS-Nachrichten \u00fcber die SureSMS-Plattform empfangen m\u00f6chten, w\u00e4hlen Sie diese Option. Die Kosten f\u00fcr eine eingehende Nummer betragen 99,- pro Monat.\n<p>Klicken Sie auf das <em>Bestellung<\/em><\/p>\n\t\t\t\t\t<video src=\"https:\/\/suresms.com\/wp-content\/uploads\/2025\/07\/OK-Dokumentation-Opret-nyt-afsendernavn.mp4\" alt=\"hosted-video-thumbnail\"><\/video>\n\t\t<h2>\n\t\t\tAbsendernamen l\u00f6schen\t<\/h2>\n\t<p>Melde dich hier bei deinem SureSMS-Konto an: <a href=\"https:\/\/app.suresms.com\" target=\"_blank\" rel=\"noopener\">https:\/\/app.suresms.com<\/a><\/p>\n<p>W\u00e4hlen Sie im Men\u00fc <em>Einstellungen -&gt; Absendername<\/em><\/p>\n<p>Suchen Sie den Namen des Absenders, den Sie l\u00f6schen m\u00f6chten.<\/p>\n<p>Klicken Sie auf die M\u00fclltonne neben dem Namen.<\/p>\n<p>Geben Sie nun den Absendernamen erneut in das Feld ein und klicken Sie auf L\u00f6schen.<\/p>\n\t\t\t\t\t<video src=\"https:\/\/suresms.com\/wp-content\/uploads\/2025\/07\/OK-Dokumentation-Slet-afsendernavn.mp4\" alt=\"hosted-video-thumbnail\"><\/video>\n\t\t<h2>\n\t\t\tEingehende Rufnummer erstellen\t<\/h2>\n\t<p>Wenn du Antwort-SMS direkt auf der SureSMS-Plattform oder per E-Mail erhalten m\u00f6chtest, brauchst du eine Zwei-Wege-SMS-L\u00f6sung. Der wichtigste Teil dieser L\u00f6sung ist, dass du eine Telefonnummer bei SureSMS haben musst, auf der du SMS-Nachrichten empfangen kannst. Das kostet 99,- DKK pro Monat. Es gibt keine K\u00fcndigungsm\u00f6glichkeit f\u00fcr eine Nummer.<\/p>\n\t<p>Melde dich hier bei deinem SureSMS-Konto an: <a href=\"https:\/\/app.suresms.com\" target=\"_blank\" rel=\"noopener\">https:\/\/app.suresms.com<\/a><\/p>\n<p>Vergewissere dich, dass du mehr als 99,- auf deinem Konto hast, ansonsten gehe zur Online-Zahlung<\/p>\n<p>W\u00e4hlen Sie im Men\u00fc <em>Einstellungen -&gt; Absendername<\/em> und dann\u00a0<em>Auswahl\u00a0<\/em>in der oberen rechten Ecke.<\/p>\n<p>W\u00e4hle <em>Eingehende SMS-Nummer <\/em>im Untermen\u00fc<\/p>\n<p>W\u00e4hle die gew\u00fcnschte eingehende Nummer aus der Liste der verf\u00fcgbaren Nummern aus<\/p>\n<p>Klicken Sie auf das <em>Bestellung<\/em><\/p>\n<p>Deine eingehende Nummer ist sofort aktiv.<\/p>\n\t\t\t\t\t\t\t\t\t\tWenn du eingehende SMS per E-Mail empfangen m\u00f6chtest \n\t\t\t\t\t<p>Klicken Sie auf das\u00a0<em>Einstellungen und Vorlieben<\/em> im Men\u00fc<\/p>\n<p>Klicken Sie auf das\u00a0<em>Konto<\/em><\/p>\n<p>Klicken Sie auf das <em>Kontoeinstellungen<\/em><\/p>\n<p>Klick auf \"Bearbeiten\"<\/p>\n<p>Setze ein H\u00e4kchen in das K\u00e4stchen\u00a0<em>Eingehende SMS als E-Mail senden<\/em><\/p>\n<p>Vergewissere dich, dass die E-Mail Adresse korrekt ist<\/p>\n<p>Klicken Sie auf das <em>Gem<\/em><\/p>\n\t\t\t\t\t<video src=\"https:\/\/suresms.com\/wp-content\/uploads\/2024\/07\/Dokumentation-Bestil-indgaaende-SMS-nummer.mp4\" alt=\"hosted-video-thumbnail\"><\/video>\n\t\t<h2>\n\t\t\tEingehende Rufnummer l\u00f6schen\t<\/h2>\n\t<p>Wenn du eine eingehende SMS-Nummer nicht mehr brauchst, ist es eine gute Idee, sie zu l\u00f6schen. So verhinderst du, dass deine Empf\u00e4nger versehentlich an dich senden und sparst Geld. Lies unten, wie du eine eingehende SMS-Nummer l\u00f6schen kannst.<\/p>\n\t<p>Melde dich hier bei deinem SureSMS-Konto an: <a href=\"https:\/\/app.suresms.com\" target=\"_blank\" rel=\"noopener\">https:\/\/app.suresms.com<\/a><\/p>\n<p>Vergewissere dich, dass du mehr als 99,- auf deinem Konto hast, ansonsten gehe zur Online-Zahlung<\/p>\n<p>W\u00e4hlen Sie im Men\u00fc <em>Einstellungen -&gt; Absendername<\/em><\/p>\n<p>Klicken Sie auf das <em>l\u00f6schen <\/em>neben der Nummer oder dem Namen, den du l\u00f6schen m\u00f6chtest<\/p>\n<p>Gib die Nummer oder den Namen erneut ein und klicke auf <em>OK<\/em><\/p>\n<p>Deine Nummer wird dann sofort gel\u00f6scht. Die Abrechnung f\u00fcr die Nummer erfolgt jeden 1. des Monats.<\/p>\n<p>Gezahlte Betr\u00e4ge werden dir nicht zur\u00fcckerstattet.\u00a0<\/p>\n\t\t\t\t\t<video src=\"https:\/\/suresms.com\/wp-content\/uploads\/2024\/07\/Dokumentation-Slet-afsendernavn-og-indgaaende-SMS-nummer.mp4\" alt=\"hosted-video-thumbnail\"><\/video>","protected":false},"excerpt":{"rendered":"<p>Absendername und eingehende Rufnummer Du kannst eine andere Rufnummer als Absendernamen oder einen Text als Absendernamen bestellen. Es ist auch m\u00f6glich, eine eingehende Rufnummer zu bestellen. Im Folgenden erf\u00e4hrst du, wie das geht. Absendernamen erstellen Du kannst einen Absendernamen w\u00e4hlen, wenn du deine SMS versendest. Z.B. SMS-Service oder MeineFirma als Absender. Wenn du das tust, ... <a title=\"Name des Absenders\" class=\"read-more\" href=\"https:\/\/suresms.com\/de\/docs\/account\/sendername\/\" aria-label=\"Mehr Informationen \u00fcber Afsendernavn\">Mehr lesen<\/a><\/p>","protected":false},"author":1,"featured_media":0,"parent":18156,"menu_order":0,"comment_status":"closed","ping_status":"closed","template":"","meta":{"_fl_builder_enabled":"1","_fl_builder_data":null,"_fl_builder_draft":null,"_fl_builder_data_settings":null,"_fl_builder_css":"","_fl_builder_css_version":"","_fl_builder_js":"","footnotes":""},"categories":[],"tags":[],"class_list":["post-18159","page","type-page","status-publish"],"yoast_head":"<!-- This site is optimized with the Yoast SEO Premium plugin v27.3 (Yoast SEO v27.3) - https:\/\/yoast.com\/product\/yoast-seo-premium-wordpress\/ -->\r\n<title>Afsendernavn -<\/title>\r\n<meta name=\"robots\" content=\"index, follow, max-snippet:-1, max-image-preview:large, max-video-preview:-1\" \/>\r\n<link rel=\"canonical\" href=\"https:\/\/suresms.com\/de\/docs\/docs-7\/docs-8\/\" \/>\r\n<meta property=\"og:locale\" content=\"de_DE\" \/>\r\n<meta property=\"og:type\" content=\"article\" \/>\r\n<meta property=\"og:title\" content=\"Afsendernavn\" \/>\r\n<meta property=\"og:description\" content=\"Afsendernavn og indg\u00e5ende telefonnummer Du kan bestille et andet telefonnummer som afsendernavn eller du kan bestille en tekst som afsendernavn. Det er ogs\u00e5 muligt at bestille et indg\u00e5ende telefonnummer. L\u00e6s herunder hvordan. Opret afsendernavn Du kan v\u00e6lge at bruge et afsendernavn n\u00e5r du sender din SMS. F.eks. SMS-Service eller MitFirma som afsender. G\u00f8r du det, ... Weiterlesen\" \/>\r\n<meta property=\"og:url\" content=\"https:\/\/suresms.com\/de\/docs\/docs-7\/docs-8\/\" \/>\r\n<meta property=\"article:publisher\" content=\"https:\/\/www.facebook.com\/p\/SureSMS-100044607956149\/\" \/>\r\n<meta property=\"article:modified_time\" content=\"2025-07-31T10:42:20+00:00\" \/>\r\n<meta name=\"twitter:card\" content=\"summary_large_image\" \/>\r\n<meta name=\"twitter:label1\" content=\"Gesch\u00e4tzte Lesezeit\" \/>\n\t<meta name=\"twitter:data1\" content=\"1\u00a0Minute\" \/>\r\n<script type=\"application\/ld+json\" class=\"yoast-schema-graph\">{\"@context\":\"https:\\\/\\\/schema.org\",\"@graph\":[{\"@type\":\"WebPage\",\"@id\":\"https:\\\/\\\/suresms.com\\\/dk\\\/docs\\\/account\\\/sendername\\\/\",\"url\":\"https:\\\/\\\/suresms.com\\\/dk\\\/docs\\\/account\\\/sendername\\\/\",\"name\":\"Afsendernavn -\",\"isPartOf\":{\"@id\":\"https:\\\/\\\/suresms.com\\\/en\\\/#website\"},\"datePublished\":\"2024-07-05T08:02:03+00:00\",\"dateModified\":\"2025-07-31T10:42:20+00:00\",\"breadcrumb\":{\"@id\":\"https:\\\/\\\/suresms.com\\\/dk\\\/docs\\\/account\\\/sendername\\\/#breadcrumb\"},\"inLanguage\":\"de\",\"potentialAction\":[{\"@type\":\"ReadAction\",\"target\":[\"https:\\\/\\\/suresms.com\\\/dk\\\/docs\\\/account\\\/sendername\\\/\"]}]},{\"@type\":\"BreadcrumbList\",\"@id\":\"https:\\\/\\\/suresms.com\\\/dk\\\/docs\\\/account\\\/sendername\\\/#breadcrumb\",\"itemListElement\":[{\"@type\":\"ListItem\",\"position\":1,\"name\":\"Home\",\"item\":\"https:\\\/\\\/suresms.com\\\/dk\\\/\"},{\"@type\":\"ListItem\",\"position\":2,\"name\":\"Dokumentation\",\"item\":\"https:\\\/\\\/suresms.com\\\/dk\\\/docs\\\/\"},{\"@type\":\"ListItem\",\"position\":3,\"name\":\"Konto\",\"item\":\"https:\\\/\\\/suresms.com\\\/dk\\\/docs\\\/account\\\/\"},{\"@type\":\"ListItem\",\"position\":4,\"name\":\"Afsendernavn\"}]},{\"@type\":\"WebSite\",\"@id\":\"https:\\\/\\\/suresms.com\\\/en\\\/#website\",\"url\":\"https:\\\/\\\/suresms.com\\\/en\\\/\",\"name\":\"SureSMS\",\"description\":\"Professionel SMS Gateway\",\"publisher\":{\"@id\":\"https:\\\/\\\/suresms.com\\\/en\\\/#organization\"},\"potentialAction\":[{\"@type\":\"SearchAction\",\"target\":{\"@type\":\"EntryPoint\",\"urlTemplate\":\"https:\\\/\\\/suresms.com\\\/en\\\/?s={search_term_string}\"},\"query-input\":{\"@type\":\"PropertyValueSpecification\",\"valueRequired\":true,\"valueName\":\"search_term_string\"}}],\"inLanguage\":\"de\"},{\"@type\":\"Organization\",\"@id\":\"https:\\\/\\\/suresms.com\\\/en\\\/#organization\",\"name\":\"SureSMS\",\"url\":\"https:\\\/\\\/suresms.com\\\/en\\\/\",\"logo\":{\"@type\":\"ImageObject\",\"inLanguage\":\"de\",\"@id\":\"https:\\\/\\\/suresms.com\\\/en\\\/#\\\/schema\\\/logo\\\/image\\\/\",\"url\":\"https:\\\/\\\/suresms.com\\\/wp-content\\\/uploads\\\/2024\\\/11\\\/suresms-300x65-1.png\",\"contentUrl\":\"https:\\\/\\\/suresms.com\\\/wp-content\\\/uploads\\\/2024\\\/11\\\/suresms-300x65-1.png\",\"width\":300,\"height\":65,\"caption\":\"SureSMS\"},\"image\":{\"@id\":\"https:\\\/\\\/suresms.com\\\/en\\\/#\\\/schema\\\/logo\\\/image\\\/\"},\"sameAs\":[\"https:\\\/\\\/www.facebook.com\\\/p\\\/SureSMS-100044607956149\\\/\"]}]}<\/script>\r\n<!-- \/ Yoast SEO Premium plugin. -->","yoast_head_json":{"title":"Name des Absenders","robots":{"index":"index","follow":"follow","max-snippet":"max-snippet:-1","max-image-preview":"max-image-preview:large","max-video-preview":"max-video-preview:-1"},"canonical":"https:\/\/suresms.com\/de\/docs\/docs-7\/docs-8\/","og_locale":"de_DE","og_type":"article","og_title":"Afsendernavn","og_description":"Afsendernavn og indg\u00e5ende telefonnummer Du kan bestille et andet telefonnummer som afsendernavn eller du kan bestille en tekst som afsendernavn. Det er ogs\u00e5 muligt at bestille et indg\u00e5ende telefonnummer. L\u00e6s herunder hvordan. Opret afsendernavn Du kan v\u00e6lge at bruge et afsendernavn n\u00e5r du sender din SMS. F.eks. SMS-Service eller MitFirma som afsender. G\u00f8r du det, ... Weiterlesen","og_url":"https:\/\/suresms.com\/de\/docs\/docs-7\/docs-8\/","article_publisher":"https:\/\/www.facebook.com\/p\/SureSMS-100044607956149\/","article_modified_time":"2025-07-31T10:42:20+00:00","twitter_card":"summary_large_image","twitter_misc":{"Gesch\u00e4tzte Lesezeit":"1\u00a0Minute"},"schema":{"@context":"https:\/\/schema.org","@graph":[{"@type":"WebPage","@id":"https:\/\/suresms.com\/dk\/docs\/account\/sendername\/","url":"https:\/\/suresms.com\/dk\/docs\/account\/sendername\/","name":"Name des Absenders","isPartOf":{"@id":"https:\/\/suresms.com\/en\/#website"},"datePublished":"2024-07-05T08:02:03+00:00","dateModified":"2025-07-31T10:42:20+00:00","breadcrumb":{"@id":"https:\/\/suresms.com\/dk\/docs\/account\/sendername\/#breadcrumb"},"inLanguage":"de","potentialAction":[{"@type":"ReadAction","target":["https:\/\/suresms.com\/dk\/docs\/account\/sendername\/"]}]},{"@type":"BreadcrumbList","@id":"https:\/\/suresms.com\/dk\/docs\/account\/sendername\/#breadcrumb","itemListElement":[{"@type":"ListItem","position":1,"name":"Home","item":"https:\/\/suresms.com\/dk\/"},{"@type":"ListItem","position":2,"name":"Dokumentation","item":"https:\/\/suresms.com\/dk\/docs\/"},{"@type":"ListItem","position":3,"name":"Konto","item":"https:\/\/suresms.com\/dk\/docs\/account\/"},{"@type":"ListItem","position":4,"name":"Afsendernavn"}]},{"@type":"WebSite","@id":"https:\/\/suresms.com\/en\/#website","url":"https:\/\/suresms.com\/en\/","name":"SureSMS","description":"Professioneller SMS-Gateway","publisher":{"@id":"https:\/\/suresms.com\/en\/#organization"},"potentialAction":[{"@type":"SearchAction","target":{"@type":"EntryPoint","urlTemplate":"https:\/\/suresms.com\/en\/?s={search_term_string}"},"query-input":{"@type":"PropertyValueSpecification","valueRequired":true,"valueName":"search_term_string"}}],"inLanguage":"de"},{"@type":"Organization","@id":"https:\/\/suresms.com\/en\/#organization","name":"SureSMS","url":"https:\/\/suresms.com\/en\/","logo":{"@type":"ImageObject","inLanguage":"de","@id":"https:\/\/suresms.com\/en\/#\/schema\/logo\/image\/","url":"https:\/\/suresms.com\/wp-content\/uploads\/2024\/11\/suresms-300x65-1.png","contentUrl":"https:\/\/suresms.com\/wp-content\/uploads\/2024\/11\/suresms-300x65-1.png","width":300,"height":65,"caption":"SureSMS"},"image":{"@id":"https:\/\/suresms.com\/en\/#\/schema\/logo\/image\/"},"sameAs":["https:\/\/www.facebook.com\/p\/SureSMS-100044607956149\/"]}]}},"_links":{"self":[{"href":"https:\/\/suresms.com\/de\/wp-json\/wp\/v2\/pages\/18159","targetHints":{"allow":["GET"]}}],"collection":[{"href":"https:\/\/suresms.com\/de\/wp-json\/wp\/v2\/pages"}],"about":[{"href":"https:\/\/suresms.com\/de\/wp-json\/wp\/v2\/types\/page"}],"author":[{"embeddable":true,"href":"https:\/\/suresms.com\/de\/wp-json\/wp\/v2\/users\/1"}],"replies":[{"embeddable":true,"href":"https:\/\/suresms.com\/de\/wp-json\/wp\/v2\/comments?post=18159"}],"version-history":[{"count":1,"href":"https:\/\/suresms.com\/de\/wp-json\/wp\/v2\/pages\/18159\/revisions"}],"predecessor-version":[{"id":23457,"href":"https:\/\/suresms.com\/de\/wp-json\/wp\/v2\/pages\/18159\/revisions\/23457"}],"up":[{"embeddable":true,"href":"https:\/\/suresms.com\/de\/wp-json\/wp\/v2\/pages\/18156"}],"wp:attachment":[{"href":"https:\/\/suresms.com\/de\/wp-json\/wp\/v2\/media?parent=18159"}],"wp:term":[{"taxonomy":"category","embeddable":true,"href":"https:\/\/suresms.com\/de\/wp-json\/wp\/v2\/categories?post=18159"},{"taxonomy":"post_tag","embeddable":true,"href":"https:\/\/suresms.com\/de\/wp-json\/wp\/v2\/tags?post=18159"}],"curies":[{"name":"wp","href":"https:\/\/api.w.org\/{rel}","templated":true}]}}