{"id":18156,"date":"2024-07-05T09:27:51","date_gmt":"2024-07-05T07:27:51","guid":{"rendered":"https:\/\/www.suresms.com\/dk\/?page_id=18156"},"modified":"2025-11-14T14:49:46","modified_gmt":"2025-11-14T14:49:46","slug":"docs-7","status":"publish","type":"page","link":"https:\/\/suresms.com\/de\/docs\/account\/","title":{"rendered":"Konto"},"content":{"rendered":"<!-- Flexy Breadcrumb -->\r\n\t\t\t<div class=\"fbc fbc-page\">\r\n\r\n\t\t\t\t<!-- Breadcrumb wrapper -->\r\n\t\t\t\t<div class=\"fbc-wrap\">\r\n\r\n\t\t\t\t\t<!-- Ordered list-->\r\n\t\t\t\t\t<ol class=\"fbc-items\" itemscope itemtype=\"https:\/\/schema.org\/BreadcrumbList\">\r\n\t\t\t\t\t\t            <li itemprop=\"itemListElement\" itemscope itemtype=\"https:\/\/schema.org\/ListItem\">\r\n                <span itemprop=\"name\">\r\n                    <!-- Home Link -->\r\n                    <a itemprop=\"item\" href=\"https:\/\/suresms.com\/de\/\">\r\n                    \r\n                                                    <i class=\"fa fa-home\" aria-hidden=\"true\"><\/i>Zuhause                    <\/a>\r\n                <\/span>\r\n                <meta itemprop=\"position\" content=\"1\" \/><!-- Meta Position-->\r\n             <\/li><li><span class=\"fbc-separator\">\/<\/span><\/li><li class=\"active\" itemprop=\"itemListElement\" itemscope itemtype=\"https:\/\/schema.org\/ListItem\"><span itemprop=\"name\" title=\"Konto\">Konto<\/span><meta itemprop=\"position\" content=\"2\" \/><\/li>\t\t\t\t\t<\/ol>\r\n\t\t\t\t\t<div class=\"clearfix\"><\/div>\r\n\t\t\t\t<\/div>\r\n\t\t\t<\/div>\r\n\t\t\t\n<h1>\n\t\t\tKonto\t<\/h1>\n\t<p>Nachfolgend findest du eine Beschreibung, wie du dein SureSMS-Konto einrichtest und konfigurierst.<\/p>\n\t\t<h3>Stammdaten zu deinem Konto<\/h3>\t\t\t\n\t\t\t\t<p>Hier kannst du die grundlegenden Informationen zu deinem Konto nachlesen.\u00a0<\/p>\n\t<a href=\"https:\/\/suresms.com\/de\/docs\/docs-7\/docs-8\/\" target=\"_self\"  aria-label=\"Weiter zu https:\/\/www.suresms.com\/dk\/docs\/account\/sendername\/\"><\/a>\n\t\t<h3>Name des Absenders<\/h3>\t\t\t\n\t\t\t\t<p>Du kannst entscheiden, welchen Absendernamen du in deiner SMS haben m\u00f6chtest.\u00a0<\/p>\n\t<a href=\"https:\/\/suresms.com\/de\/docs\/docs-3\/docs-4\/\" target=\"_self\"  aria-label=\"Weiter zu https:\/\/www.suresms.com\/dk\/docs\/finance\/invoice-statement\/\"><\/a>\n\t\t<h3>Einrichtung der Abrechnung<\/h3>\t\t\t\n\t\t\t\t<p>Sieh dir dein Zahlungsverhalten an und rufe Rechnungen und Kontoausz\u00fcge ab.\u00a0<\/p>\n\t<a href=\"https:\/\/suresms.com\/de\/docs\/docs-7\/kontosicherheit\/\" target=\"_self\"  aria-label=\"Weiter zu https:\/\/suresms.com\/dk\/docs\/account\/kontosikkerhed\/\"><\/a>\n\t\t<h3>Sicherheit des Kontos<\/h3>\t\t\t\n\t\t\t\t<p>\u00dcberpr\u00fcfen Sie die verschiedenen Schutzmechanismen, die wir in SureSMS implementiert haben, um Ihr Konto bestm\u00f6glich zu sch\u00fctzen.\u00a0<\/p>\n\t\t<h3>Preisliste<\/h3>\t\t\t\n\t\t\t\t<p>Sieh dir deine aktuellen Preise f\u00fcr SMS in verschiedene L\u00e4nder an.\u00a0<\/p>","protected":false},"excerpt":{"rendered":"<p>Konto Nachfolgend finden Sie eine Beschreibung, wie Sie Ihr SureSMS-Konto einrichten und konfigurieren k\u00f6nnen. Kontostammdaten Hier k\u00f6nnen Sie die grundlegenden Informationen zu Ihrem Konto nachlesen.  Absendername Sie k\u00f6nnen entscheiden, welchen Absendernamen Sie f\u00fcr Ihre SMS verwenden m\u00f6chten.  Einrichtung der Abrechnung Zeigen Sie Ihr Zahlungsverhalten an und rufen Sie Rechnungen und Ausz\u00fcge ab.  Kontosicherheit \u00dcberpr\u00fcfen Sie... <a title=\"Konto\" class=\"read-more\" href=\"https:\/\/suresms.com\/de\/docs\/account\/\" aria-label=\"Mehr Informationen \u00fcber das Konto\">Mehr lesen<\/a><\/p>","protected":false},"author":1,"featured_media":0,"parent":18121,"menu_order":0,"comment_status":"closed","ping_status":"closed","template":"","meta":{"_fl_builder_enabled":"1","_fl_builder_data":null,"_fl_builder_draft":null,"_fl_builder_data_settings":null,"_fl_builder_css":"","_fl_builder_css_version":"","_fl_builder_js":"","footnotes":""},"categories":[],"tags":[],"class_list":["post-18156","page","type-page","status-publish"],"yoast_head":"<!-- This site is optimized with the Yoast SEO Premium plugin v27.3 (Yoast SEO v27.3) - https:\/\/yoast.com\/product\/yoast-seo-premium-wordpress\/ -->\r\n<title>Konto -<\/title>\r\n<meta name=\"robots\" content=\"index, follow, max-snippet:-1, max-image-preview:large, max-video-preview:-1\" \/>\r\n<link rel=\"canonical\" href=\"https:\/\/suresms.com\/de\/docs\/docs-7\/\" \/>\r\n<meta property=\"og:locale\" content=\"de_DE\" \/>\r\n<meta property=\"og:type\" content=\"article\" \/>\r\n<meta property=\"og:title\" content=\"Konto\" \/>\r\n<meta property=\"og:description\" content=\"Konto Herunder finder du beskrivelse af ops\u00e6tning og konfiguration af din SureSMS konto. Stamdata p\u00e5 din konto Her kan du l\u00e6se om de grundl\u00e6ggende oplysninger der er p\u00e5 din konto.\u00a0 Afsender navn Du kan selv bestemme hvilket afsender-navn der skal st\u00e5 p\u00e5 din SMS.\u00a0 Faktureringsops\u00e6tning Se din betalingshistorik og hente fakturaer og kontoudtog.\u00a0 Kontosikkerhed Gennemgang ... Weiterlesen\" \/>\r\n<meta property=\"og:url\" content=\"https:\/\/suresms.com\/de\/docs\/docs-7\/\" \/>\r\n<meta property=\"article:publisher\" content=\"https:\/\/www.facebook.com\/p\/SureSMS-100044607956149\/\" \/>\r\n<meta property=\"article:modified_time\" content=\"2025-11-14T14:49:46+00:00\" \/>\r\n<meta name=\"twitter:card\" content=\"summary_large_image\" \/>\r\n<meta name=\"twitter:label1\" content=\"Gesch\u00e4tzte Lesezeit\" \/>\n\t<meta name=\"twitter:data1\" content=\"1\u00a0Minute\" \/>\r\n<script type=\"application\/ld+json\" class=\"yoast-schema-graph\">{\"@context\":\"https:\\\/\\\/schema.org\",\"@graph\":[{\"@type\":\"WebPage\",\"@id\":\"https:\\\/\\\/suresms.com\\\/dk\\\/docs\\\/account\\\/\",\"url\":\"https:\\\/\\\/suresms.com\\\/dk\\\/docs\\\/account\\\/\",\"name\":\"Konto -\",\"isPartOf\":{\"@id\":\"https:\\\/\\\/suresms.com\\\/en\\\/#website\"},\"datePublished\":\"2024-07-05T07:27:51+00:00\",\"dateModified\":\"2025-11-14T14:49:46+00:00\",\"breadcrumb\":{\"@id\":\"https:\\\/\\\/suresms.com\\\/dk\\\/docs\\\/account\\\/#breadcrumb\"},\"inLanguage\":\"de\",\"potentialAction\":[{\"@type\":\"ReadAction\",\"target\":[\"https:\\\/\\\/suresms.com\\\/dk\\\/docs\\\/account\\\/\"]}]},{\"@type\":\"BreadcrumbList\",\"@id\":\"https:\\\/\\\/suresms.com\\\/dk\\\/docs\\\/account\\\/#breadcrumb\",\"itemListElement\":[{\"@type\":\"ListItem\",\"position\":1,\"name\":\"Home\",\"item\":\"https:\\\/\\\/suresms.com\\\/dk\\\/\"},{\"@type\":\"ListItem\",\"position\":2,\"name\":\"Dokumentation\",\"item\":\"https:\\\/\\\/suresms.com\\\/dk\\\/docs\\\/\"},{\"@type\":\"ListItem\",\"position\":3,\"name\":\"Konto\"}]},{\"@type\":\"WebSite\",\"@id\":\"https:\\\/\\\/suresms.com\\\/en\\\/#website\",\"url\":\"https:\\\/\\\/suresms.com\\\/en\\\/\",\"name\":\"SureSMS\",\"description\":\"Professionel SMS Gateway\",\"publisher\":{\"@id\":\"https:\\\/\\\/suresms.com\\\/en\\\/#organization\"},\"potentialAction\":[{\"@type\":\"SearchAction\",\"target\":{\"@type\":\"EntryPoint\",\"urlTemplate\":\"https:\\\/\\\/suresms.com\\\/en\\\/?s={search_term_string}\"},\"query-input\":{\"@type\":\"PropertyValueSpecification\",\"valueRequired\":true,\"valueName\":\"search_term_string\"}}],\"inLanguage\":\"de\"},{\"@type\":\"Organization\",\"@id\":\"https:\\\/\\\/suresms.com\\\/en\\\/#organization\",\"name\":\"SureSMS\",\"url\":\"https:\\\/\\\/suresms.com\\\/en\\\/\",\"logo\":{\"@type\":\"ImageObject\",\"inLanguage\":\"de\",\"@id\":\"https:\\\/\\\/suresms.com\\\/en\\\/#\\\/schema\\\/logo\\\/image\\\/\",\"url\":\"https:\\\/\\\/suresms.com\\\/wp-content\\\/uploads\\\/2024\\\/11\\\/suresms-300x65-1.png\",\"contentUrl\":\"https:\\\/\\\/suresms.com\\\/wp-content\\\/uploads\\\/2024\\\/11\\\/suresms-300x65-1.png\",\"width\":300,\"height\":65,\"caption\":\"SureSMS\"},\"image\":{\"@id\":\"https:\\\/\\\/suresms.com\\\/en\\\/#\\\/schema\\\/logo\\\/image\\\/\"},\"sameAs\":[\"https:\\\/\\\/www.facebook.com\\\/p\\\/SureSMS-100044607956149\\\/\"]}]}<\/script>\r\n<!-- \/ Yoast SEO Premium plugin. -->","yoast_head_json":{"title":"Konto -","robots":{"index":"index","follow":"follow","max-snippet":"max-snippet:-1","max-image-preview":"max-image-preview:large","max-video-preview":"max-video-preview:-1"},"canonical":"https:\/\/suresms.com\/de\/docs\/docs-7\/","og_locale":"de_DE","og_type":"article","og_title":"Konto","og_description":"Konto Herunder finder du beskrivelse af ops\u00e6tning og konfiguration af din SureSMS konto. Stamdata p\u00e5 din konto Her kan du l\u00e6se om de grundl\u00e6ggende oplysninger der er p\u00e5 din konto.\u00a0 Afsender navn Du kan selv bestemme hvilket afsender-navn der skal st\u00e5 p\u00e5 din SMS.\u00a0 Faktureringsops\u00e6tning Se din betalingshistorik og hente fakturaer og kontoudtog.\u00a0 Kontosikkerhed Gennemgang ... Weiterlesen","og_url":"https:\/\/suresms.com\/de\/docs\/docs-7\/","article_publisher":"https:\/\/www.facebook.com\/p\/SureSMS-100044607956149\/","article_modified_time":"2025-11-14T14:49:46+00:00","twitter_card":"summary_large_image","twitter_misc":{"Gesch\u00e4tzte Lesezeit":"1\u00a0Minute"},"schema":{"@context":"https:\/\/schema.org","@graph":[{"@type":"WebPage","@id":"https:\/\/suresms.com\/dk\/docs\/account\/","url":"https:\/\/suresms.com\/dk\/docs\/account\/","name":"Konto -","isPartOf":{"@id":"https:\/\/suresms.com\/en\/#website"},"datePublished":"2024-07-05T07:27:51+00:00","dateModified":"2025-11-14T14:49:46+00:00","breadcrumb":{"@id":"https:\/\/suresms.com\/dk\/docs\/account\/#breadcrumb"},"inLanguage":"de","potentialAction":[{"@type":"ReadAction","target":["https:\/\/suresms.com\/dk\/docs\/account\/"]}]},{"@type":"BreadcrumbList","@id":"https:\/\/suresms.com\/dk\/docs\/account\/#breadcrumb","itemListElement":[{"@type":"ListItem","position":1,"name":"Home","item":"https:\/\/suresms.com\/dk\/"},{"@type":"ListItem","position":2,"name":"Dokumentation","item":"https:\/\/suresms.com\/dk\/docs\/"},{"@type":"ListItem","position":3,"name":"Konto"}]},{"@type":"WebSite","@id":"https:\/\/suresms.com\/en\/#website","url":"https:\/\/suresms.com\/en\/","name":"SureSMS","description":"Professioneller SMS-Gateway","publisher":{"@id":"https:\/\/suresms.com\/en\/#organization"},"potentialAction":[{"@type":"SearchAction","target":{"@type":"EntryPoint","urlTemplate":"https:\/\/suresms.com\/en\/?s={search_term_string}"},"query-input":{"@type":"PropertyValueSpecification","valueRequired":true,"valueName":"search_term_string"}}],"inLanguage":"de"},{"@type":"Organization","@id":"https:\/\/suresms.com\/en\/#organization","name":"SureSMS","url":"https:\/\/suresms.com\/en\/","logo":{"@type":"ImageObject","inLanguage":"de","@id":"https:\/\/suresms.com\/en\/#\/schema\/logo\/image\/","url":"https:\/\/suresms.com\/wp-content\/uploads\/2024\/11\/suresms-300x65-1.png","contentUrl":"https:\/\/suresms.com\/wp-content\/uploads\/2024\/11\/suresms-300x65-1.png","width":300,"height":65,"caption":"SureSMS"},"image":{"@id":"https:\/\/suresms.com\/en\/#\/schema\/logo\/image\/"},"sameAs":["https:\/\/www.facebook.com\/p\/SureSMS-100044607956149\/"]}]}},"_links":{"self":[{"href":"https:\/\/suresms.com\/de\/wp-json\/wp\/v2\/pages\/18156","targetHints":{"allow":["GET"]}}],"collection":[{"href":"https:\/\/suresms.com\/de\/wp-json\/wp\/v2\/pages"}],"about":[{"href":"https:\/\/suresms.com\/de\/wp-json\/wp\/v2\/types\/page"}],"author":[{"embeddable":true,"href":"https:\/\/suresms.com\/de\/wp-json\/wp\/v2\/users\/1"}],"replies":[{"embeddable":true,"href":"https:\/\/suresms.com\/de\/wp-json\/wp\/v2\/comments?post=18156"}],"version-history":[{"count":1,"href":"https:\/\/suresms.com\/de\/wp-json\/wp\/v2\/pages\/18156\/revisions"}],"predecessor-version":[{"id":23551,"href":"https:\/\/suresms.com\/de\/wp-json\/wp\/v2\/pages\/18156\/revisions\/23551"}],"up":[{"embeddable":true,"href":"https:\/\/suresms.com\/de\/wp-json\/wp\/v2\/pages\/18121"}],"wp:attachment":[{"href":"https:\/\/suresms.com\/de\/wp-json\/wp\/v2\/media?parent=18156"}],"wp:term":[{"taxonomy":"category","embeddable":true,"href":"https:\/\/suresms.com\/de\/wp-json\/wp\/v2\/categories?post=18156"},{"taxonomy":"post_tag","embeddable":true,"href":"https:\/\/suresms.com\/de\/wp-json\/wp\/v2\/tags?post=18156"}],"curies":[{"name":"wp","href":"https:\/\/api.w.org\/{rel}","templated":true}]}}