{"id":18128,"date":"2024-07-04T15:17:39","date_gmt":"2024-07-04T13:17:39","guid":{"rendered":"https:\/\/www.suresms.com\/dk\/?page_id=18128"},"modified":"2024-07-04T15:17:39","modified_gmt":"2024-07-04T13:17:39","slug":"docs-3","status":"publish","type":"page","link":"https:\/\/suresms.com\/de\/docs\/finance\/","title":{"rendered":"Wirtschaft"},"content":{"rendered":"<!-- Flexy Breadcrumb -->\r\n\t\t\t<div class=\"fbc fbc-page\">\r\n\r\n\t\t\t\t<!-- Breadcrumb wrapper -->\r\n\t\t\t\t<div class=\"fbc-wrap\">\r\n\r\n\t\t\t\t\t<!-- Ordered list-->\r\n\t\t\t\t\t<ol class=\"fbc-items\" itemscope itemtype=\"https:\/\/schema.org\/BreadcrumbList\">\r\n\t\t\t\t\t\t            <li itemprop=\"itemListElement\" itemscope itemtype=\"https:\/\/schema.org\/ListItem\">\r\n                <span itemprop=\"name\">\r\n                    <!-- Home Link -->\r\n                    <a itemprop=\"item\" href=\"https:\/\/suresms.com\/de\/\">\r\n                    \r\n                                                    <i class=\"fa fa-home\" aria-hidden=\"true\"><\/i>Zuhause                    <\/a>\r\n                <\/span>\r\n                <meta itemprop=\"position\" content=\"1\" \/><!-- Meta Position-->\r\n             <\/li><li><span class=\"fbc-separator\">\/<\/span><\/li><li class=\"active\" itemprop=\"itemListElement\" itemscope itemtype=\"https:\/\/schema.org\/ListItem\"><span itemprop=\"name\" title=\"Wirtschaft\">Wirtschaft<\/span><meta itemprop=\"position\" content=\"2\" \/><\/li>\t\t\t\t\t<\/ol>\r\n\t\t\t\t\t<div class=\"clearfix\"><\/div>\r\n\t\t\t\t<\/div>\r\n\t\t\t<\/div>\r\n\t\t\t\n<h1>\n\t\tWirtschaft\n\t<\/h1>\n\t<p>Im Folgenden findest du eine Beschreibung der verschiedenen Optionen in Bezug auf die Wirtschaftlichkeit.<\/p>\n\t<a href=\"https:\/\/suresms.com\/de\/docs\/docs-3\/docs-16\/\" target=\"_self\" aria-label=\"Weiter zu https:\/\/www.suresms.com\/dk\/docs\/finance\/online-payment\/\" rel=\"noopener\"><\/a>\n\t\t<h3>Online-Zahlung<\/h3>\t\t\t\n\t\t\t\t<p>So finanzierst du dein SureSMS-Konto.<\/p>\n\t\t<h3>Automatische Betankung<\/h3>\t\t\t\n\t\t\t\t<p>Wenn du die automatische Aufladung einschaltest, heben wir bei Bedarf selbst Geld ab.\u00a0<\/p>\n\t<a href=\"https:\/\/suresms.com\/de\/docs\/docs-3\/docs-4\/\" target=\"_self\" aria-label=\"Weiter zu https:\/\/www.suresms.com\/dk\/docs\/finance\/invoice-statement\/\" rel=\"noopener\"><\/a>\n\t\t<h3>Zahlungsverhalten<\/h3>\t\t\t\n\t\t\t\t<p>Sieh dir dein Zahlungsverhalten an und rufe Rechnungen und Kontoausz\u00fcge ab.\u00a0<\/p>\n\t\t<h3>Preisliste<\/h3>\t\t\t\n\t\t\t\t<p>Sieh dir deine aktuellen Preise f\u00fcr SMS in verschiedene L\u00e4nder an.\u00a0<\/p>","protected":false},"excerpt":{"rendered":"<p>Finanzen Nachfolgend finden Sie eine Beschreibung der verschiedenen Optionen in Bezug auf die Finanzen. Online-Zahlung Wie Sie Ihr SureSMS-Konto aufladen. Automatische Aufladung Wenn Sie die automatische Aufladung aktivieren, buchen wir bei Bedarf Geld ab.  Zahlungsverlauf Zeigen Sie Ihren Zahlungsverlauf an und laden Sie Rechnungen und Ausz\u00fcge herunter.  Preisliste Sehen Sie Ihre aktuellen Preise auf ... <a title=\"Wirtschaft\" class=\"read-more\" href=\"https:\/\/suresms.com\/de\/docs\/finance\/\" aria-label=\"Mehr Informationen \u00fcber \u00d8konomi\">Mehr lesen<\/a><\/p>","protected":false},"author":1,"featured_media":0,"parent":18121,"menu_order":0,"comment_status":"closed","ping_status":"closed","template":"","meta":{"_fl_builder_enabled":"1","_fl_builder_data":null,"_fl_builder_draft":null,"_fl_builder_data_settings":null,"_fl_builder_css":"","_fl_builder_css_version":"","_fl_builder_js":"","footnotes":""},"categories":[],"tags":[],"class_list":["post-18128","page","type-page","status-publish"],"yoast_head":"<!-- This site is optimized with the Yoast SEO Premium plugin v27.3 (Yoast SEO v27.3) - https:\/\/yoast.com\/product\/yoast-seo-premium-wordpress\/ -->\r\n<title>\u00d8konomi -<\/title>\r\n<meta name=\"robots\" content=\"index, follow, max-snippet:-1, max-image-preview:large, max-video-preview:-1\" \/>\r\n<link rel=\"canonical\" href=\"https:\/\/suresms.com\/de\/docs\/docs-3\/\" \/>\r\n<meta property=\"og:locale\" content=\"de_DE\" \/>\r\n<meta property=\"og:type\" content=\"article\" \/>\r\n<meta property=\"og:title\" content=\"\u00d8konomi\" \/>\r\n<meta property=\"og:description\" content=\"\u00d8konomi Herunder finder du beskrivelse af de forskellige mulighed i forhold til \u00f8konomi. Betaling online Hvordan du s\u00e6tter penge ind p\u00e5 din SureSMS konto. Automatisk optankning Hvis du sl\u00e5r automatisk optankning, s\u00e5 tr\u00e6kker vi selv penge n\u00e5r det er n\u00f8dvendigt.\u00a0 Betalingshistorik Se din betalingshistorik og hente fakturaer og kontoudtog.\u00a0 Prisliste Se dine aktuelle priser p\u00e5 ... Weiterlesen\" \/>\r\n<meta property=\"og:url\" content=\"https:\/\/suresms.com\/de\/docs\/docs-3\/\" \/>\r\n<meta property=\"article:publisher\" content=\"https:\/\/www.facebook.com\/p\/SureSMS-100044607956149\/\" \/>\r\n<meta name=\"twitter:card\" content=\"summary_large_image\" \/>\r\n<meta name=\"twitter:label1\" content=\"Gesch\u00e4tzte Lesezeit\" \/>\n\t<meta name=\"twitter:data1\" content=\"1\u00a0Minute\" \/>\r\n<script type=\"application\/ld+json\" class=\"yoast-schema-graph\">{\"@context\":\"https:\\\/\\\/schema.org\",\"@graph\":[{\"@type\":\"WebPage\",\"@id\":\"https:\\\/\\\/suresms.com\\\/dk\\\/docs\\\/finance\\\/\",\"url\":\"https:\\\/\\\/suresms.com\\\/dk\\\/docs\\\/finance\\\/\",\"name\":\"\u00d8konomi -\",\"isPartOf\":{\"@id\":\"https:\\\/\\\/suresms.com\\\/en\\\/#website\"},\"datePublished\":\"2024-07-04T13:17:39+00:00\",\"breadcrumb\":{\"@id\":\"https:\\\/\\\/suresms.com\\\/dk\\\/docs\\\/finance\\\/#breadcrumb\"},\"inLanguage\":\"de\",\"potentialAction\":[{\"@type\":\"ReadAction\",\"target\":[\"https:\\\/\\\/suresms.com\\\/dk\\\/docs\\\/finance\\\/\"]}]},{\"@type\":\"BreadcrumbList\",\"@id\":\"https:\\\/\\\/suresms.com\\\/dk\\\/docs\\\/finance\\\/#breadcrumb\",\"itemListElement\":[{\"@type\":\"ListItem\",\"position\":1,\"name\":\"Home\",\"item\":\"https:\\\/\\\/suresms.com\\\/dk\\\/\"},{\"@type\":\"ListItem\",\"position\":2,\"name\":\"Dokumentation\",\"item\":\"https:\\\/\\\/suresms.com\\\/dk\\\/docs\\\/\"},{\"@type\":\"ListItem\",\"position\":3,\"name\":\"\u00d8konomi\"}]},{\"@type\":\"WebSite\",\"@id\":\"https:\\\/\\\/suresms.com\\\/en\\\/#website\",\"url\":\"https:\\\/\\\/suresms.com\\\/en\\\/\",\"name\":\"SureSMS\",\"description\":\"Professionel SMS Gateway\",\"publisher\":{\"@id\":\"https:\\\/\\\/suresms.com\\\/en\\\/#organization\"},\"potentialAction\":[{\"@type\":\"SearchAction\",\"target\":{\"@type\":\"EntryPoint\",\"urlTemplate\":\"https:\\\/\\\/suresms.com\\\/en\\\/?s={search_term_string}\"},\"query-input\":{\"@type\":\"PropertyValueSpecification\",\"valueRequired\":true,\"valueName\":\"search_term_string\"}}],\"inLanguage\":\"de\"},{\"@type\":\"Organization\",\"@id\":\"https:\\\/\\\/suresms.com\\\/en\\\/#organization\",\"name\":\"SureSMS\",\"url\":\"https:\\\/\\\/suresms.com\\\/en\\\/\",\"logo\":{\"@type\":\"ImageObject\",\"inLanguage\":\"de\",\"@id\":\"https:\\\/\\\/suresms.com\\\/en\\\/#\\\/schema\\\/logo\\\/image\\\/\",\"url\":\"https:\\\/\\\/suresms.com\\\/wp-content\\\/uploads\\\/2024\\\/11\\\/suresms-300x65-1.png\",\"contentUrl\":\"https:\\\/\\\/suresms.com\\\/wp-content\\\/uploads\\\/2024\\\/11\\\/suresms-300x65-1.png\",\"width\":300,\"height\":65,\"caption\":\"SureSMS\"},\"image\":{\"@id\":\"https:\\\/\\\/suresms.com\\\/en\\\/#\\\/schema\\\/logo\\\/image\\\/\"},\"sameAs\":[\"https:\\\/\\\/www.facebook.com\\\/p\\\/SureSMS-100044607956149\\\/\"]}]}<\/script>\r\n<!-- \/ Yoast SEO Premium plugin. -->","yoast_head_json":{"title":"Wirtschaft -","robots":{"index":"index","follow":"follow","max-snippet":"max-snippet:-1","max-image-preview":"max-image-preview:large","max-video-preview":"max-video-preview:-1"},"canonical":"https:\/\/suresms.com\/de\/docs\/docs-3\/","og_locale":"de_DE","og_type":"article","og_title":"\u00d8konomi","og_description":"\u00d8konomi Herunder finder du beskrivelse af de forskellige mulighed i forhold til \u00f8konomi. Betaling online Hvordan du s\u00e6tter penge ind p\u00e5 din SureSMS konto. Automatisk optankning Hvis du sl\u00e5r automatisk optankning, s\u00e5 tr\u00e6kker vi selv penge n\u00e5r det er n\u00f8dvendigt.\u00a0 Betalingshistorik Se din betalingshistorik og hente fakturaer og kontoudtog.\u00a0 Prisliste Se dine aktuelle priser p\u00e5 ... Weiterlesen","og_url":"https:\/\/suresms.com\/de\/docs\/docs-3\/","article_publisher":"https:\/\/www.facebook.com\/p\/SureSMS-100044607956149\/","twitter_card":"summary_large_image","twitter_misc":{"Gesch\u00e4tzte Lesezeit":"1\u00a0Minute"},"schema":{"@context":"https:\/\/schema.org","@graph":[{"@type":"WebPage","@id":"https:\/\/suresms.com\/dk\/docs\/finance\/","url":"https:\/\/suresms.com\/dk\/docs\/finance\/","name":"Wirtschaft -","isPartOf":{"@id":"https:\/\/suresms.com\/en\/#website"},"datePublished":"2024-07-04T13:17:39+00:00","breadcrumb":{"@id":"https:\/\/suresms.com\/dk\/docs\/finance\/#breadcrumb"},"inLanguage":"de","potentialAction":[{"@type":"ReadAction","target":["https:\/\/suresms.com\/dk\/docs\/finance\/"]}]},{"@type":"BreadcrumbList","@id":"https:\/\/suresms.com\/dk\/docs\/finance\/#breadcrumb","itemListElement":[{"@type":"ListItem","position":1,"name":"Home","item":"https:\/\/suresms.com\/dk\/"},{"@type":"ListItem","position":2,"name":"Dokumentation","item":"https:\/\/suresms.com\/dk\/docs\/"},{"@type":"ListItem","position":3,"name":"\u00d8konomi"}]},{"@type":"WebSite","@id":"https:\/\/suresms.com\/en\/#website","url":"https:\/\/suresms.com\/en\/","name":"SureSMS","description":"Professioneller SMS-Gateway","publisher":{"@id":"https:\/\/suresms.com\/en\/#organization"},"potentialAction":[{"@type":"SearchAction","target":{"@type":"EntryPoint","urlTemplate":"https:\/\/suresms.com\/en\/?s={search_term_string}"},"query-input":{"@type":"PropertyValueSpecification","valueRequired":true,"valueName":"search_term_string"}}],"inLanguage":"de"},{"@type":"Organization","@id":"https:\/\/suresms.com\/en\/#organization","name":"SureSMS","url":"https:\/\/suresms.com\/en\/","logo":{"@type":"ImageObject","inLanguage":"de","@id":"https:\/\/suresms.com\/en\/#\/schema\/logo\/image\/","url":"https:\/\/suresms.com\/wp-content\/uploads\/2024\/11\/suresms-300x65-1.png","contentUrl":"https:\/\/suresms.com\/wp-content\/uploads\/2024\/11\/suresms-300x65-1.png","width":300,"height":65,"caption":"SureSMS"},"image":{"@id":"https:\/\/suresms.com\/en\/#\/schema\/logo\/image\/"},"sameAs":["https:\/\/www.facebook.com\/p\/SureSMS-100044607956149\/"]}]}},"_links":{"self":[{"href":"https:\/\/suresms.com\/de\/wp-json\/wp\/v2\/pages\/18128","targetHints":{"allow":["GET"]}}],"collection":[{"href":"https:\/\/suresms.com\/de\/wp-json\/wp\/v2\/pages"}],"about":[{"href":"https:\/\/suresms.com\/de\/wp-json\/wp\/v2\/types\/page"}],"author":[{"embeddable":true,"href":"https:\/\/suresms.com\/de\/wp-json\/wp\/v2\/users\/1"}],"replies":[{"embeddable":true,"href":"https:\/\/suresms.com\/de\/wp-json\/wp\/v2\/comments?post=18128"}],"version-history":[{"count":0,"href":"https:\/\/suresms.com\/de\/wp-json\/wp\/v2\/pages\/18128\/revisions"}],"up":[{"embeddable":true,"href":"https:\/\/suresms.com\/de\/wp-json\/wp\/v2\/pages\/18121"}],"wp:attachment":[{"href":"https:\/\/suresms.com\/de\/wp-json\/wp\/v2\/media?parent=18128"}],"wp:term":[{"taxonomy":"category","embeddable":true,"href":"https:\/\/suresms.com\/de\/wp-json\/wp\/v2\/categories?post=18128"},{"taxonomy":"post_tag","embeddable":true,"href":"https:\/\/suresms.com\/de\/wp-json\/wp\/v2\/tags?post=18128"}],"curies":[{"name":"wp","href":"https:\/\/api.w.org\/{rel}","templated":true}]}}