{"id":18121,"date":"2024-07-04T14:34:42","date_gmt":"2024-07-04T12:34:42","guid":{"rendered":"https:\/\/www.suresms.com\/dk\/?page_id=18121"},"modified":"2025-11-11T10:39:49","modified_gmt":"2025-11-11T10:39:49","slug":"docs","status":"publish","type":"page","link":"https:\/\/suresms.com\/de\/docs\/","title":{"rendered":"Dokumentation"},"content":{"rendered":"<h1>\n\t\t\tSo verwendest du die SureSMS-Anwendung\t<\/h1>\n\t<p>Im Folgenden findest du Beschreibungen der verschiedenen Funktionen des Men\u00fcs. Au\u00dferdem findest du einen Abschnitt mit Anleitungen, wie du komplexere L\u00f6sungen einrichtest.<\/p>\n\t<a href=\"https:\/\/suresms.com\/de\/docs\/docs-9\/\" target=\"_self\"  aria-label=\"Gehe zu https:\/\/suresms.com\/dk\/docs\/message\/\"><\/a>\n\t\t<h3>Nachrichten\u00fcbermittlung<\/h3>\t\t\t\n\t\t\t\t<p>Erfahre, wie du eine neue Nachricht sendest. Wo du deine gesendeten und empfangenen Nachrichten siehst.\u00a0<\/p>\n\t<a href=\"https:\/\/suresms.com\/de\/docs\/docs-10\/\" target=\"_self\"  aria-label=\"Gehe zu https:\/\/suresms.com\/dk\/docs\/addressbook\/\"><\/a>\n\t\t<h3>Adressbuch<\/h3>\t\t\t\n\t\t\t\t<p>Lies \u00fcber Kontakte und das Importieren von Kontakten. Lies \u00fcber Gruppen und wie du deine Kontakte in Gruppen organisierst.\u00a0<\/p>\n\t<a href=\"https:\/\/suresms.com\/de\/docs\/docs-11\/\" target=\"_self\"  aria-label=\"Gehe zu https:\/\/suresms.com\/dk\/docs\/report\/\"><\/a>\n\t\t<h3>Berichte<\/h3>\t\t\t\n\t\t\t\t<p>Informiere dich \u00fcber die Berichte, die du aus dem System extrahieren kannst. Berichte exportieren.<\/p>\n\t<a href=\"https:\/\/suresms.com\/de\/docs\/docs-14\/\" target=\"_self\"  aria-label=\"Gehe zu https:\/\/suresms.com\/dk\/docs\/troubleshooting\/\"><\/a>\n\t\t<h3>Fehlersuche<\/h3>\t\t\t\n\t\t\t\t<p>Wenn du auf Fehler in den Systemen st\u00f6\u00dft, findest du hier eine Reihe von Anleitungen, um Fehler zu finden und zu beheben.<\/p>\n\t<a href=\"https:\/\/suresms.com\/de\/docs\/docs-3\/\" target=\"_self\"  aria-label=\"Gehe zu https:\/\/suresms.com\/dk\/docs\/finance\/\"><\/a>\n\t\t<h3>Wirtschaft<\/h3>\t\t\t\n\t\t\t\t<p>Erfahre, wie du deinen Verbrauch einsehen, deine Rechnungen herunterladen und einen Kontoauszug bestellen kannst.\u00a0<\/p>\n\t\t<h3>Integrationen<\/h3>\t\t\t\n\t\t\t\t<p>Lerne, wie du Integrationen mit anderen Systemen einrichtest.\u00a0<\/p>\n\t<a href=\"https:\/\/suresms.com\/de\/docs\/docs-7\/\" target=\"_self\"  aria-label=\"Gehe zu https:\/\/suresms.com\/dk\/docs\/account\/\"><\/a>\n\t\t<h3>Konto<\/h3>\t\t\t\n\t\t\t\t<p>Lies, wie du dein Konto einrichtest und welche Einstellungen du vornehmen kannst.<\/p>\n<h1>\n\t\t\tAnleitungen zur Einrichtung\t<\/h1>\n\t<p>Im Folgenden finden Sie Anleitungen, wie Sie SureSMS f\u00fcr verschiedene Aufgaben einrichten k\u00f6nnen.<\/p>\n\t<a href=\"https:\/\/suresms.com\/de\/docs\/leitfaden\/einige_boxen_und_codes\/\" target=\"_self\"  aria-label=\"Weiter zu https:\/\/suresms.com\/dk\/docs\/guides\/noglebokse_og_koder\/\"><\/a>\n\t\t<h3>Schl\u00fcsselk\u00e4sten und Codes<\/h3>\t\t\t\n\t\t\t\t<p>Sie k\u00f6nnen SureSMS so einrichten, dass es eine SMS mit einem Code an einen Schl\u00fcsselkasten oder ein Vorh\u00e4ngeschloss sendet. Auf diese Weise k\u00f6nnen Sie sehen, wer sich wann Zugang verschafft hat.\u00a0<\/p>\n\t<a href=\"https:\/\/suresms.com\/de\/docs\/leitfaden\/sms-2-sms-einrichten\/\" target=\"_self\"  aria-label=\"Weiter zu https:\/\/suresms.com\/dk\/docs\/guides\/sms-2-sms-opstning\/\"><\/a>\n\t\t<h3>SMS-2-SMS-Einrichtung<\/h3>\t\t\t\n\t\t\t\t<p>Wenn Sie SureSMS so einrichten m\u00f6chten, dass Sie eine SMS an SureSMS senden k\u00f6nnen, die an eine ganze Liste von Kontakten gesendet wird, finden Sie hier eine Anleitung zum Einrichten.\u00a0<\/p>\n\t<a href=\"https:\/\/suresms.com\/de\/docs\/leitfaden\/erhalten-sie-anmeldungen-fur-ihre-sms-liste\/\" target=\"_self\"  aria-label=\"Weiter zu https:\/\/suresms.com\/dk\/docs\/guides\/faa-tilmeldinger-til-din-sms-liste\/\"><\/a>\n\t\t<h3>Erhalten Sie Anmeldungen f\u00fcr Ihre SMS-Liste<\/h3>\t\t\t\n\t\t\t\t<p>Beschreibung, wie sich eine Person selbst in Ihre SMS-Liste eintragen kann. Durch Senden einer SMS, mit einem QR-Code oder durch Ausf\u00fcllen eines Formulars.\u00a0<\/p>","protected":false},"excerpt":{"rendered":"<p>Wie du die SureSMS-Anwendung verwendest Nachfolgend findest du Beschreibungen der verschiedenen Funktionen im Men\u00fc. Au\u00dferdem findest du einen Abschnitt mit Anleitungen, wie du komplexere L\u00f6sungen einrichtest. Nachrichten Lies, wie du eine neue Nachricht sendest. Wo du deine gesendeten und empfangenen Nachrichten siehst.  Adressbuch Lies \u00fcber Kontakte und das Importieren ... <a title=\"Dokumentation\" class=\"read-more\" href=\"https:\/\/suresms.com\/de\/docs\/\" aria-label=\"Lies mehr \u00fcber Dokumentation\">Mehr lesen<\/a><\/p>","protected":false},"author":1,"featured_media":0,"parent":0,"menu_order":0,"comment_status":"closed","ping_status":"closed","template":"","meta":{"_fl_builder_enabled":"1","_fl_builder_data":null,"_fl_builder_draft":null,"_fl_builder_data_settings":null,"_fl_builder_css":"","_fl_builder_css_version":"","_fl_builder_js":"","footnotes":""},"categories":[17],"tags":[],"class_list":{"0":"post-18121","1":"page","2":"type-page","3":"status-publish","5":"category-linkfracornorstone"},"yoast_head":"<!-- This site is optimized with the Yoast SEO Premium plugin v27.3 (Yoast SEO v27.3) - https:\/\/yoast.com\/product\/yoast-seo-premium-wordpress\/ -->\r\n<title>Dokumentation -<\/title>\r\n<meta name=\"robots\" content=\"index, follow, max-snippet:-1, max-image-preview:large, max-video-preview:-1\" \/>\r\n<link rel=\"canonical\" href=\"https:\/\/suresms.com\/de\/docs\/\" \/>\r\n<meta property=\"og:locale\" content=\"de_DE\" \/>\r\n<meta property=\"og:type\" content=\"article\" \/>\r\n<meta property=\"og:title\" content=\"Dokumentation\" \/>\r\n<meta property=\"og:description\" content=\"S\u00e5dan bruger du SureSMS applikationen Herunder finder du beskrivelse af de forskellige funktioner i menuen. Du finder ligeledes en sektion med guides der fort\u00e6ller hvordan man laver ops\u00e6tning af mere komplekse l\u00f8sninger. Beskeder L\u00e6s hvordan du sender en ny besked. Hvor du ser dine afsendte og modtaget beskeder.\u00a0 Adressebog L\u00e6s om kontakter og import af ... Weiterlesen\" \/>\r\n<meta property=\"og:url\" content=\"https:\/\/suresms.com\/de\/docs\/\" \/>\r\n<meta property=\"article:publisher\" content=\"https:\/\/www.facebook.com\/p\/SureSMS-100044607956149\/\" \/>\r\n<meta property=\"article:modified_time\" content=\"2025-11-11T10:39:49+00:00\" \/>\r\n<meta name=\"twitter:card\" content=\"summary_large_image\" \/>\r\n<meta name=\"twitter:label1\" content=\"Gesch\u00e4tzte Lesezeit\" \/>\n\t<meta name=\"twitter:data1\" content=\"1\u00a0Minute\" \/>\r\n<script type=\"application\/ld+json\" class=\"yoast-schema-graph\">{\"@context\":\"https:\\\/\\\/schema.org\",\"@graph\":[{\"@type\":\"WebPage\",\"@id\":\"https:\\\/\\\/suresms.com\\\/dk\\\/docs\\\/\",\"url\":\"https:\\\/\\\/suresms.com\\\/dk\\\/docs\\\/\",\"name\":\"Dokumentation -\",\"isPartOf\":{\"@id\":\"https:\\\/\\\/suresms.com\\\/en\\\/#website\"},\"datePublished\":\"2024-07-04T12:34:42+00:00\",\"dateModified\":\"2025-11-11T10:39:49+00:00\",\"breadcrumb\":{\"@id\":\"https:\\\/\\\/suresms.com\\\/dk\\\/docs\\\/#breadcrumb\"},\"inLanguage\":\"de\",\"potentialAction\":[{\"@type\":\"ReadAction\",\"target\":[\"https:\\\/\\\/suresms.com\\\/dk\\\/docs\\\/\"]}]},{\"@type\":\"BreadcrumbList\",\"@id\":\"https:\\\/\\\/suresms.com\\\/dk\\\/docs\\\/#breadcrumb\",\"itemListElement\":[{\"@type\":\"ListItem\",\"position\":1,\"name\":\"Home\",\"item\":\"https:\\\/\\\/suresms.com\\\/dk\\\/\"},{\"@type\":\"ListItem\",\"position\":2,\"name\":\"Dokumentation\"}]},{\"@type\":\"WebSite\",\"@id\":\"https:\\\/\\\/suresms.com\\\/en\\\/#website\",\"url\":\"https:\\\/\\\/suresms.com\\\/en\\\/\",\"name\":\"SureSMS\",\"description\":\"Professionel SMS Gateway\",\"publisher\":{\"@id\":\"https:\\\/\\\/suresms.com\\\/en\\\/#organization\"},\"potentialAction\":[{\"@type\":\"SearchAction\",\"target\":{\"@type\":\"EntryPoint\",\"urlTemplate\":\"https:\\\/\\\/suresms.com\\\/en\\\/?s={search_term_string}\"},\"query-input\":{\"@type\":\"PropertyValueSpecification\",\"valueRequired\":true,\"valueName\":\"search_term_string\"}}],\"inLanguage\":\"de\"},{\"@type\":\"Organization\",\"@id\":\"https:\\\/\\\/suresms.com\\\/en\\\/#organization\",\"name\":\"SureSMS\",\"url\":\"https:\\\/\\\/suresms.com\\\/en\\\/\",\"logo\":{\"@type\":\"ImageObject\",\"inLanguage\":\"de\",\"@id\":\"https:\\\/\\\/suresms.com\\\/en\\\/#\\\/schema\\\/logo\\\/image\\\/\",\"url\":\"https:\\\/\\\/suresms.com\\\/wp-content\\\/uploads\\\/2024\\\/11\\\/suresms-300x65-1.png\",\"contentUrl\":\"https:\\\/\\\/suresms.com\\\/wp-content\\\/uploads\\\/2024\\\/11\\\/suresms-300x65-1.png\",\"width\":300,\"height\":65,\"caption\":\"SureSMS\"},\"image\":{\"@id\":\"https:\\\/\\\/suresms.com\\\/en\\\/#\\\/schema\\\/logo\\\/image\\\/\"},\"sameAs\":[\"https:\\\/\\\/www.facebook.com\\\/p\\\/SureSMS-100044607956149\\\/\"]}]}<\/script>\r\n<!-- \/ Yoast SEO Premium plugin. -->","yoast_head_json":{"title":"Dokumentation","robots":{"index":"index","follow":"follow","max-snippet":"max-snippet:-1","max-image-preview":"max-image-preview:large","max-video-preview":"max-video-preview:-1"},"canonical":"https:\/\/suresms.com\/de\/docs\/","og_locale":"de_DE","og_type":"article","og_title":"Dokumentation","og_description":"S\u00e5dan bruger du SureSMS applikationen Herunder finder du beskrivelse af de forskellige funktioner i menuen. Du finder ligeledes en sektion med guides der fort\u00e6ller hvordan man laver ops\u00e6tning af mere komplekse l\u00f8sninger. Beskeder L\u00e6s hvordan du sender en ny besked. Hvor du ser dine afsendte og modtaget beskeder.\u00a0 Adressebog L\u00e6s om kontakter og import af ... Weiterlesen","og_url":"https:\/\/suresms.com\/de\/docs\/","article_publisher":"https:\/\/www.facebook.com\/p\/SureSMS-100044607956149\/","article_modified_time":"2025-11-11T10:39:49+00:00","twitter_card":"summary_large_image","twitter_misc":{"Gesch\u00e4tzte Lesezeit":"1\u00a0Minute"},"schema":{"@context":"https:\/\/schema.org","@graph":[{"@type":"WebPage","@id":"https:\/\/suresms.com\/dk\/docs\/","url":"https:\/\/suresms.com\/dk\/docs\/","name":"Dokumentation","isPartOf":{"@id":"https:\/\/suresms.com\/en\/#website"},"datePublished":"2024-07-04T12:34:42+00:00","dateModified":"2025-11-11T10:39:49+00:00","breadcrumb":{"@id":"https:\/\/suresms.com\/dk\/docs\/#breadcrumb"},"inLanguage":"de","potentialAction":[{"@type":"ReadAction","target":["https:\/\/suresms.com\/dk\/docs\/"]}]},{"@type":"BreadcrumbList","@id":"https:\/\/suresms.com\/dk\/docs\/#breadcrumb","itemListElement":[{"@type":"ListItem","position":1,"name":"Home","item":"https:\/\/suresms.com\/dk\/"},{"@type":"ListItem","position":2,"name":"Dokumentation"}]},{"@type":"WebSite","@id":"https:\/\/suresms.com\/en\/#website","url":"https:\/\/suresms.com\/en\/","name":"SureSMS","description":"Professioneller SMS-Gateway","publisher":{"@id":"https:\/\/suresms.com\/en\/#organization"},"potentialAction":[{"@type":"SearchAction","target":{"@type":"EntryPoint","urlTemplate":"https:\/\/suresms.com\/en\/?s={search_term_string}"},"query-input":{"@type":"PropertyValueSpecification","valueRequired":true,"valueName":"search_term_string"}}],"inLanguage":"de"},{"@type":"Organization","@id":"https:\/\/suresms.com\/en\/#organization","name":"SureSMS","url":"https:\/\/suresms.com\/en\/","logo":{"@type":"ImageObject","inLanguage":"de","@id":"https:\/\/suresms.com\/en\/#\/schema\/logo\/image\/","url":"https:\/\/suresms.com\/wp-content\/uploads\/2024\/11\/suresms-300x65-1.png","contentUrl":"https:\/\/suresms.com\/wp-content\/uploads\/2024\/11\/suresms-300x65-1.png","width":300,"height":65,"caption":"SureSMS"},"image":{"@id":"https:\/\/suresms.com\/en\/#\/schema\/logo\/image\/"},"sameAs":["https:\/\/www.facebook.com\/p\/SureSMS-100044607956149\/"]}]}},"_links":{"self":[{"href":"https:\/\/suresms.com\/de\/wp-json\/wp\/v2\/pages\/18121","targetHints":{"allow":["GET"]}}],"collection":[{"href":"https:\/\/suresms.com\/de\/wp-json\/wp\/v2\/pages"}],"about":[{"href":"https:\/\/suresms.com\/de\/wp-json\/wp\/v2\/types\/page"}],"author":[{"embeddable":true,"href":"https:\/\/suresms.com\/de\/wp-json\/wp\/v2\/users\/1"}],"replies":[{"embeddable":true,"href":"https:\/\/suresms.com\/de\/wp-json\/wp\/v2\/comments?post=18121"}],"version-history":[{"count":9,"href":"https:\/\/suresms.com\/de\/wp-json\/wp\/v2\/pages\/18121\/revisions"}],"predecessor-version":[{"id":23537,"href":"https:\/\/suresms.com\/de\/wp-json\/wp\/v2\/pages\/18121\/revisions\/23537"}],"wp:attachment":[{"href":"https:\/\/suresms.com\/de\/wp-json\/wp\/v2\/media?parent=18121"}],"wp:term":[{"taxonomy":"category","embeddable":true,"href":"https:\/\/suresms.com\/de\/wp-json\/wp\/v2\/categories?post=18121"},{"taxonomy":"post_tag","embeddable":true,"href":"https:\/\/suresms.com\/de\/wp-json\/wp\/v2\/tags?post=18121"}],"curies":[{"name":"wp","href":"https:\/\/api.w.org\/{rel}","templated":true}]}}