{"id":18069,"date":"2024-05-27T07:37:20","date_gmt":"2024-05-27T05:37:20","guid":{"rendered":"https:\/\/www.suresms.com\/dk\/?page_id=18069"},"modified":"2025-03-13T13:11:06","modified_gmt":"2025-03-13T13:11:06","slug":"cms-content-management-system-sms-integration-3","status":"publish","type":"page","link":"https:\/\/suresms.com\/de\/integrationer\/fagsystem-sms-integration\/","title":{"rendered":"SMS-Integration in spezialisierte Systeme"},"content":{"rendered":"<!-- Flexy Breadcrumb -->\r\n\t\t\t<div class=\"fbc fbc-page\">\r\n\r\n\t\t\t\t<!-- Breadcrumb wrapper -->\r\n\t\t\t\t<div class=\"fbc-wrap\">\r\n\r\n\t\t\t\t\t<!-- Ordered list-->\r\n\t\t\t\t\t<ol class=\"fbc-items\" itemscope itemtype=\"https:\/\/schema.org\/BreadcrumbList\">\r\n\t\t\t\t\t\t            <li itemprop=\"itemListElement\" itemscope itemtype=\"https:\/\/schema.org\/ListItem\">\r\n                <span itemprop=\"name\">\r\n                    <!-- Home Link -->\r\n                    <a itemprop=\"item\" href=\"https:\/\/suresms.com\/de\/\">\r\n                    \r\n                                                    <i class=\"fa fa-home\" aria-hidden=\"true\"><\/i>Zuhause                    <\/a>\r\n                <\/span>\r\n                <meta itemprop=\"position\" content=\"1\" \/><!-- Meta Position-->\r\n             <\/li><li><span class=\"fbc-separator\">\/<\/span><\/li><li class=\"active\" itemprop=\"itemListElement\" itemscope itemtype=\"https:\/\/schema.org\/ListItem\"><span itemprop=\"name\" title=\"SMS-Integration in spezialisierte Systeme\">SMS-Integration in spezialisierte Systeme<\/span><meta itemprop=\"position\" content=\"2\" \/><\/li>\t\t\t\t\t<\/ol>\r\n\t\t\t\t\t<div class=\"clearfix\"><\/div>\r\n\t\t\t\t<\/div>\r\n\t\t\t<\/div>\r\n\t\t\t\n\t\t<h1><strong>SMS-Integration in spezialisierte Systeme<\/strong><\/h1>\n\t<h3>Mit der SMS-Integration in dein Content Management System oder CMS-System kannst du schnell und effizient mit Kunden und Mitarbeitern kommunizieren.<\/h3>\n\t\t<h3>SMS in professionellen Systemen<\/h3><p>Wir bei SureSMS wissen, dass effektive Kommunikation der Schl\u00fcssel zum Erfolg in jeder Branche ist. Deshalb bieten wir ma\u00dfgeschneiderte SMS-Integrationsl\u00f6sungen an, die sich nahtlos in eine Reihe von Spezialsystemen integrieren lassen, ganz gleich, welche spezifischen Anforderungen dein Unternehmen hat.<\/p>\n<p>Unsere Plattform ist so konzipiert, dass sie Hand in Hand mit Systemen f\u00fcr Friseure, Autoh\u00e4ndler, das Gesundheitswesen (z.B. Redcap) und viele andere Branchen arbeitet, sodass du Erinnerungen, Best\u00e4tigungen und Angebote direkt an die Handys deiner Kunden senden kannst.<\/p>\n<p>SureSMS macht es einfacher, die Kundenzufriedenheit zu verbessern und die Effizienz deines Unternehmens zu steigern. Wir helfen dir, durch zuverl\u00e4ssige und zielgerichtete Kommunikation st\u00e4rkere Kundenbeziehungen aufzubauen.<\/p>\n\t<p>Unten siehst du einige der Integrationen, die bereits zwischen SureSMS und verschiedenen Spezialsystemen bestehen.<\/p>\n\t\t\t\t<a href=\"https:\/\/suresms.com\/de\/integrationen\/cms-content-management-system-sms-integration-3\/sms-integration-redcap\/\"  target=\"_self\" itemprop=\"url\">\n\t\t\t\t<img loading=\"lazy\" decoding=\"async\" src=\"https:\/\/suresms.com\/wp-content\/uploads\/2024\/05\/REDCapSureSMS-Integration-1.png\" alt=\"REDCap+SureSMS Integration\" itemprop=\"image\" height=\"460\" width=\"1281\" title=\"REDCap+SureSMS Integration\" onerror=\"this.style.display='none'\"  \/>\n\t\t\t\t<\/a>\n<h3><a href=\"https:\/\/suresms.com\/de\/integrationen\/cms-content-management-system-sms-integration-3\/sms-integration-redcap\/\" target=\"_self\">REDCap<\/a><\/h3><p>In REDCap k\u00f6nnen SMS \u00fcber die Funktionen \"Automatisierte Umfrageeinladungen\" und \"Alarme und Benachrichtigungen\" zur Optimierung der Kommunikation genutzt werden. Damit k\u00f6nnen Nutzer\/innen E-Mails einrichten, die automatisch in SMS-Nachrichten umgewandelt werden, um die Antwortquoten zu verbessern und rechtzeitige Informationen sicherzustellen. Diese Funktionen machen es einfach, die Teilnehmer\/innen auf dem Laufenden zu halten und in Forschungsprojekte einzubinden.<\/p>\n\t\t<h3><a href=\"https:\/\/suresms.com\/de\/integrationen\/cms-content-management-system-sms-integration-3\/sms-integration-lektio\/\" target=\"_self\">Lectio<\/a><\/h3><p>Lectio ist eine digitale Plattform, die von d\u00e4nischen Schulen f\u00fcr Stundenpl\u00e4ne, Hausaufgaben, Abwesenheitsmeldungen und Kommunikation genutzt wird. Mit SMS in Lectio k\u00f6nnen Nachrichten \u00fcber Stundenplan\u00e4nderungen, Aufgabenerinnerungen und Abwesenheitsbenachrichtigungen an Sch\u00fcler, Lehrer und Eltern gesendet werden, damit sie immer auf dem Laufenden sind.<\/p>","protected":false},"excerpt":{"rendered":"<p>SMS-Integration f\u00fcr Gesch\u00e4ftssysteme Mit der SMS-Integration in dein Content Management System oder CMS-System kannst du schnell und effizient mit Kunden und Mitarbeitern kommunizieren. SMS in Gesch\u00e4ftssystemen Wir bei SureSMS wissen, dass effektive Kommunikation in jeder Branche der Schl\u00fcssel zum Erfolg ist. Deshalb bieten wir ma\u00dfgeschneiderte SMS-Integrationsl\u00f6sungen an, die sich nahtlos in eine Reihe von Gesch\u00e4ftssystemen integrieren lassen, ... <a title=\"SMS-Integration in spezialisierte Systeme\" class=\"read-more\" href=\"https:\/\/suresms.com\/de\/integrationer\/fagsystem-sms-integration\/\" aria-label=\"Weitere Informationen zur SMS-Integration in Unternehmenssysteme\">Mehr lesen<\/a><\/p>","protected":false},"author":1,"featured_media":0,"parent":9400,"menu_order":1,"comment_status":"closed","ping_status":"closed","template":"","meta":{"_fl_builder_enabled":"1","_fl_builder_data":null,"_fl_builder_draft":null,"_fl_builder_data_settings":null,"_fl_builder_css":"","_fl_builder_css_version":"","_fl_builder_js":"","footnotes":""},"categories":[],"tags":[],"class_list":["post-18069","page","type-page","status-publish"],"yoast_head":"<!-- This site is optimized with the Yoast SEO Premium plugin v27.3 (Yoast SEO v27.3) - https:\/\/yoast.com\/product\/yoast-seo-premium-wordpress\/ -->\r\n<title>SMS integration til fagsystemer - SMS integrationer til 2000+ systemer<\/title>\r\n<meta name=\"description\" content=\"SMS integrationer med 2000+ systemer. Mange forskellige muligheder og gratis ops\u00e6tning. API, webservice, JSON og meget mere\" \/>\r\n<meta name=\"robots\" content=\"index, follow, max-snippet:-1, max-image-preview:large, max-video-preview:-1\" \/>\r\n<link rel=\"canonical\" href=\"https:\/\/suresms.com\/de\/integrationen\/cms-content-management-system-sms-integration-3\/\" \/>\r\n<meta property=\"og:locale\" content=\"de_DE\" \/>\r\n<meta property=\"og:type\" content=\"article\" \/>\r\n<meta property=\"og:title\" content=\"SMS integration til fagsystemer\" \/>\r\n<meta property=\"og:description\" content=\"SMS integrationer med 2000+ systemer. Mange forskellige muligheder og gratis ops\u00e6tning. API, webservice, JSON og meget mere\" \/>\r\n<meta property=\"og:url\" content=\"https:\/\/suresms.com\/de\/integrationen\/cms-content-management-system-sms-integration-3\/\" \/>\r\n<meta property=\"article:publisher\" content=\"https:\/\/www.facebook.com\/p\/SureSMS-100044607956149\/\" \/>\r\n<meta property=\"article:modified_time\" content=\"2025-03-13T13:11:06+00:00\" \/>\r\n<meta property=\"og:image\" content=\"https:\/\/suresms.com\/wp-content\/uploads\/2024\/05\/REDCapSureSMS-Integration-1.png\" \/>\r\n<meta name=\"twitter:card\" content=\"summary_large_image\" \/>\r\n<meta name=\"twitter:label1\" content=\"Gesch\u00e4tzte Lesezeit\" \/>\n\t<meta name=\"twitter:data1\" content=\"4\u00a0Minuten\" \/>\r\n<script type=\"application\/ld+json\" class=\"yoast-schema-graph\">{\"@context\":\"https:\\\/\\\/schema.org\",\"@graph\":[{\"@type\":\"WebPage\",\"@id\":\"https:\\\/\\\/suresms.com\\\/dk\\\/integrationer\\\/fagsystem-sms-integration\\\/\",\"url\":\"https:\\\/\\\/suresms.com\\\/dk\\\/integrationer\\\/fagsystem-sms-integration\\\/\",\"name\":\"SMS integration til fagsystemer - SMS integrationer til 2000+ systemer\",\"isPartOf\":{\"@id\":\"https:\\\/\\\/suresms.com\\\/en\\\/#website\"},\"primaryImageOfPage\":{\"@id\":\"https:\\\/\\\/suresms.com\\\/dk\\\/integrationer\\\/fagsystem-sms-integration\\\/#primaryimage\"},\"image\":{\"@id\":\"https:\\\/\\\/suresms.com\\\/dk\\\/integrationer\\\/fagsystem-sms-integration\\\/#primaryimage\"},\"thumbnailUrl\":\"https:\\\/\\\/suresms.com\\\/wp-content\\\/uploads\\\/2024\\\/05\\\/REDCapSureSMS-Integration-1.png\",\"datePublished\":\"2024-05-27T05:37:20+00:00\",\"dateModified\":\"2025-03-13T13:11:06+00:00\",\"description\":\"SMS integrationer med 2000+ systemer. Mange forskellige muligheder og gratis ops\u00e6tning. API, webservice, JSON og meget mere\",\"breadcrumb\":{\"@id\":\"https:\\\/\\\/suresms.com\\\/dk\\\/integrationer\\\/fagsystem-sms-integration\\\/#breadcrumb\"},\"inLanguage\":\"de\",\"potentialAction\":[{\"@type\":\"ReadAction\",\"target\":[\"https:\\\/\\\/suresms.com\\\/dk\\\/integrationer\\\/fagsystem-sms-integration\\\/\"]}]},{\"@type\":\"ImageObject\",\"inLanguage\":\"de\",\"@id\":\"https:\\\/\\\/suresms.com\\\/dk\\\/integrationer\\\/fagsystem-sms-integration\\\/#primaryimage\",\"url\":\"https:\\\/\\\/suresms.com\\\/wp-content\\\/uploads\\\/2024\\\/05\\\/REDCapSureSMS-Integration-1.png\",\"contentUrl\":\"https:\\\/\\\/suresms.com\\\/wp-content\\\/uploads\\\/2024\\\/05\\\/REDCapSureSMS-Integration-1.png\"},{\"@type\":\"BreadcrumbList\",\"@id\":\"https:\\\/\\\/suresms.com\\\/dk\\\/integrationer\\\/fagsystem-sms-integration\\\/#breadcrumb\",\"itemListElement\":[{\"@type\":\"ListItem\",\"position\":1,\"name\":\"Home\",\"item\":\"https:\\\/\\\/suresms.com\\\/dk\\\/\"},{\"@type\":\"ListItem\",\"position\":2,\"name\":\"Integrationer\",\"item\":\"https:\\\/\\\/suresms.com\\\/dk\\\/integrationer\\\/\"},{\"@type\":\"ListItem\",\"position\":3,\"name\":\"SMS integration til fagsystemer\"}]},{\"@type\":\"WebSite\",\"@id\":\"https:\\\/\\\/suresms.com\\\/en\\\/#website\",\"url\":\"https:\\\/\\\/suresms.com\\\/en\\\/\",\"name\":\"SureSMS\",\"description\":\"Professionel SMS Gateway\",\"publisher\":{\"@id\":\"https:\\\/\\\/suresms.com\\\/en\\\/#organization\"},\"potentialAction\":[{\"@type\":\"SearchAction\",\"target\":{\"@type\":\"EntryPoint\",\"urlTemplate\":\"https:\\\/\\\/suresms.com\\\/en\\\/?s={search_term_string}\"},\"query-input\":{\"@type\":\"PropertyValueSpecification\",\"valueRequired\":true,\"valueName\":\"search_term_string\"}}],\"inLanguage\":\"de\"},{\"@type\":\"Organization\",\"@id\":\"https:\\\/\\\/suresms.com\\\/en\\\/#organization\",\"name\":\"SureSMS\",\"url\":\"https:\\\/\\\/suresms.com\\\/en\\\/\",\"logo\":{\"@type\":\"ImageObject\",\"inLanguage\":\"de\",\"@id\":\"https:\\\/\\\/suresms.com\\\/en\\\/#\\\/schema\\\/logo\\\/image\\\/\",\"url\":\"https:\\\/\\\/suresms.com\\\/wp-content\\\/uploads\\\/2024\\\/11\\\/suresms-300x65-1.png\",\"contentUrl\":\"https:\\\/\\\/suresms.com\\\/wp-content\\\/uploads\\\/2024\\\/11\\\/suresms-300x65-1.png\",\"width\":300,\"height\":65,\"caption\":\"SureSMS\"},\"image\":{\"@id\":\"https:\\\/\\\/suresms.com\\\/en\\\/#\\\/schema\\\/logo\\\/image\\\/\"},\"sameAs\":[\"https:\\\/\\\/www.facebook.com\\\/p\\\/SureSMS-100044607956149\\\/\"]}]}<\/script>\r\n<!-- \/ Yoast SEO Premium plugin. -->","yoast_head_json":{"title":"SMS-Integration f\u00fcr spezialisierte Systeme - SMS-Integrationen f\u00fcr 2000+ Systeme","description":"SMS-Integrationen mit \u00fcber 2000 Systemen. Viele verschiedene Optionen und kostenlose Einrichtung. API, Webservice, JSON und vieles mehr","robots":{"index":"index","follow":"follow","max-snippet":"max-snippet:-1","max-image-preview":"max-image-preview:large","max-video-preview":"max-video-preview:-1"},"canonical":"https:\/\/suresms.com\/de\/integrationen\/cms-content-management-system-sms-integration-3\/","og_locale":"de_DE","og_type":"article","og_title":"SMS integration til fagsystemer","og_description":"SMS integrationer med 2000+ systemer. Mange forskellige muligheder og gratis ops\u00e6tning. API, webservice, JSON og meget mere","og_url":"https:\/\/suresms.com\/de\/integrationen\/cms-content-management-system-sms-integration-3\/","article_publisher":"https:\/\/www.facebook.com\/p\/SureSMS-100044607956149\/","article_modified_time":"2025-03-13T13:11:06+00:00","og_image":[{"url":"https:\/\/suresms.com\/wp-content\/uploads\/2024\/05\/REDCapSureSMS-Integration-1.png","type":"","width":"","height":""}],"twitter_card":"summary_large_image","twitter_misc":{"Gesch\u00e4tzte Lesezeit":"4\u00a0Minuten"},"schema":{"@context":"https:\/\/schema.org","@graph":[{"@type":"WebPage","@id":"https:\/\/suresms.com\/dk\/integrationer\/fagsystem-sms-integration\/","url":"https:\/\/suresms.com\/dk\/integrationer\/fagsystem-sms-integration\/","name":"SMS-Integration f\u00fcr spezialisierte Systeme - SMS-Integrationen f\u00fcr 2000+ Systeme","isPartOf":{"@id":"https:\/\/suresms.com\/en\/#website"},"primaryImageOfPage":{"@id":"https:\/\/suresms.com\/dk\/integrationer\/fagsystem-sms-integration\/#primaryimage"},"image":{"@id":"https:\/\/suresms.com\/dk\/integrationer\/fagsystem-sms-integration\/#primaryimage"},"thumbnailUrl":"https:\/\/suresms.com\/wp-content\/uploads\/2024\/05\/REDCapSureSMS-Integration-1.png","datePublished":"2024-05-27T05:37:20+00:00","dateModified":"2025-03-13T13:11:06+00:00","description":"SMS-Integrationen mit \u00fcber 2000 Systemen. Viele verschiedene Optionen und kostenlose Einrichtung. API, Webservice, JSON und vieles mehr","breadcrumb":{"@id":"https:\/\/suresms.com\/dk\/integrationer\/fagsystem-sms-integration\/#breadcrumb"},"inLanguage":"de","potentialAction":[{"@type":"ReadAction","target":["https:\/\/suresms.com\/dk\/integrationer\/fagsystem-sms-integration\/"]}]},{"@type":"ImageObject","inLanguage":"de","@id":"https:\/\/suresms.com\/dk\/integrationer\/fagsystem-sms-integration\/#primaryimage","url":"https:\/\/suresms.com\/wp-content\/uploads\/2024\/05\/REDCapSureSMS-Integration-1.png","contentUrl":"https:\/\/suresms.com\/wp-content\/uploads\/2024\/05\/REDCapSureSMS-Integration-1.png"},{"@type":"BreadcrumbList","@id":"https:\/\/suresms.com\/dk\/integrationer\/fagsystem-sms-integration\/#breadcrumb","itemListElement":[{"@type":"ListItem","position":1,"name":"Home","item":"https:\/\/suresms.com\/dk\/"},{"@type":"ListItem","position":2,"name":"Integrationer","item":"https:\/\/suresms.com\/dk\/integrationer\/"},{"@type":"ListItem","position":3,"name":"SMS integration til fagsystemer"}]},{"@type":"WebSite","@id":"https:\/\/suresms.com\/en\/#website","url":"https:\/\/suresms.com\/en\/","name":"SureSMS","description":"Professioneller SMS-Gateway","publisher":{"@id":"https:\/\/suresms.com\/en\/#organization"},"potentialAction":[{"@type":"SearchAction","target":{"@type":"EntryPoint","urlTemplate":"https:\/\/suresms.com\/en\/?s={search_term_string}"},"query-input":{"@type":"PropertyValueSpecification","valueRequired":true,"valueName":"search_term_string"}}],"inLanguage":"de"},{"@type":"Organization","@id":"https:\/\/suresms.com\/en\/#organization","name":"SureSMS","url":"https:\/\/suresms.com\/en\/","logo":{"@type":"ImageObject","inLanguage":"de","@id":"https:\/\/suresms.com\/en\/#\/schema\/logo\/image\/","url":"https:\/\/suresms.com\/wp-content\/uploads\/2024\/11\/suresms-300x65-1.png","contentUrl":"https:\/\/suresms.com\/wp-content\/uploads\/2024\/11\/suresms-300x65-1.png","width":300,"height":65,"caption":"SureSMS"},"image":{"@id":"https:\/\/suresms.com\/en\/#\/schema\/logo\/image\/"},"sameAs":["https:\/\/www.facebook.com\/p\/SureSMS-100044607956149\/"]}]}},"_links":{"self":[{"href":"https:\/\/suresms.com\/de\/wp-json\/wp\/v2\/pages\/18069","targetHints":{"allow":["GET"]}}],"collection":[{"href":"https:\/\/suresms.com\/de\/wp-json\/wp\/v2\/pages"}],"about":[{"href":"https:\/\/suresms.com\/de\/wp-json\/wp\/v2\/types\/page"}],"author":[{"embeddable":true,"href":"https:\/\/suresms.com\/de\/wp-json\/wp\/v2\/users\/1"}],"replies":[{"embeddable":true,"href":"https:\/\/suresms.com\/de\/wp-json\/wp\/v2\/comments?post=18069"}],"version-history":[{"count":5,"href":"https:\/\/suresms.com\/de\/wp-json\/wp\/v2\/pages\/18069\/revisions"}],"predecessor-version":[{"id":22362,"href":"https:\/\/suresms.com\/de\/wp-json\/wp\/v2\/pages\/18069\/revisions\/22362"}],"up":[{"embeddable":true,"href":"https:\/\/suresms.com\/de\/wp-json\/wp\/v2\/pages\/9400"}],"wp:attachment":[{"href":"https:\/\/suresms.com\/de\/wp-json\/wp\/v2\/media?parent=18069"}],"wp:term":[{"taxonomy":"category","embeddable":true,"href":"https:\/\/suresms.com\/de\/wp-json\/wp\/v2\/categories?post=18069"},{"taxonomy":"post_tag","embeddable":true,"href":"https:\/\/suresms.com\/de\/wp-json\/wp\/v2\/tags?post=18069"}],"curies":[{"name":"wp","href":"https:\/\/api.w.org\/{rel}","templated":true}]}}