{"id":17217,"date":"2024-05-18T11:31:03","date_gmt":"2024-05-18T09:31:03","guid":{"rendered":"https:\/\/www.suresms.com\/dk\/?page_id=17217"},"modified":"2024-05-18T11:31:03","modified_gmt":"2024-05-18T09:31:03","slug":"sms-link-4","status":"publish","type":"page","link":"https:\/\/suresms.com\/de\/integrationer\/cms-content-management-system-sms-integration\/sms-integration-wordpress-wp-sms\/","title":{"rendered":"SMS-Integration f\u00fcr WordPress mit WP-SMS"},"content":{"rendered":"<!-- Flexy Breadcrumb -->\r\n\t\t\t<div class=\"fbc fbc-page\">\r\n\r\n\t\t\t\t<!-- Breadcrumb wrapper -->\r\n\t\t\t\t<div class=\"fbc-wrap\">\r\n\r\n\t\t\t\t\t<!-- Ordered list-->\r\n\t\t\t\t\t<ol class=\"fbc-items\" itemscope itemtype=\"https:\/\/schema.org\/BreadcrumbList\">\r\n\t\t\t\t\t\t            <li itemprop=\"itemListElement\" itemscope itemtype=\"https:\/\/schema.org\/ListItem\">\r\n                <span itemprop=\"name\">\r\n                    <!-- Home Link -->\r\n                    <a itemprop=\"item\" href=\"https:\/\/suresms.com\/de\/\">\r\n                    \r\n                                                    <i class=\"fa fa-home\" aria-hidden=\"true\"><\/i>Zuhause                    <\/a>\r\n                <\/span>\r\n                <meta itemprop=\"position\" content=\"1\" \/><!-- Meta Position-->\r\n             <\/li><li><span class=\"fbc-separator\">\/<\/span><\/li><li class=\"active\" itemprop=\"itemListElement\" itemscope itemtype=\"https:\/\/schema.org\/ListItem\"><span itemprop=\"name\" title=\"SMS-Integration f\u00fcr WordPress mit WP-SMS\">SMS-Integration f\u00fcr WordPress...<\/span><meta itemprop=\"position\" content=\"2\" \/><\/li>\t\t\t\t\t<\/ol>\r\n\t\t\t\t\t<div class=\"clearfix\"><\/div>\r\n\t\t\t\t<\/div>\r\n\t\t\t<\/div>\r\n\t\t\t\n\t<h1><strong>SMS-Integration f\u00fcr WordPress mit WP-SMS<\/strong><\/h1>\n\t\t\t\t<img loading=\"lazy\" decoding=\"async\" src=\"https:\/\/www.suresms.com\/dk\/wp-content\/uploads\/2022\/02\/WpSMS-SureSMS-1.png\" alt=\"SMS WordPress mit WP-SMS\" itemprop=\"image\" height=\"460\" width=\"1281\" title=\"WpSMS-SureSMS\" onerror=\"this.style.display='none'\"  \/>\n<h2>\n\t\tWas ist WP-SMS (und WordPress)?\n\t<\/h2>\n\t<p>WP-SMS ist das f\u00fchrende SMS-Plugin f\u00fcr WordPress, und das aus gutem Grund. Mit einer benutzerfreundlichen Oberfl\u00e4che, einer Reihe von leistungsstarken Funktionen und hervorragendem Support bietet WP-SMS alles, was du brauchst, um deine SMS-Kommunikation zu optimieren. Und das Beste von allem? Die Basisversion ist v\u00f6llig kostenlos! F\u00fcr erweiterte Funktionen, die deine SMS-Strategie auf die n\u00e4chste Stufe heben, kannst du auf unsere Pro-Version upgraden. Teste WP-SMS noch heute und entdecke, wie wir deine Unternehmenskommunikation verbessern k\u00f6nnen.<\/p>\n\t<p><strong>Ohne Marken-URL-Verk\u00fcrzer<\/strong><\/p>\n\t\t\t\t<img loading=\"lazy\" decoding=\"async\" src=\"https:\/\/www.suresms.com\/wp-content\/uploads\/2024\/05\/Uden-url-shortner.png\" alt=\"Ohne URL-Verk\u00fcrzer\" itemprop=\"image\" height=\"614\" width=\"720\" title=\"Ohne Url-Verk\u00fcrzer\" onerror=\"this.style.display='none'\"  \/>\n\t<p><strong>Senden von SMS aus WP-SMS<\/strong><\/p>\n\t\t\t\t<img loading=\"lazy\" decoding=\"async\" src=\"https:\/\/www.suresms.com\/dk\/wp-content\/uploads\/2022\/02\/Wp_SMS-send.png\" alt=\"Screenshot\" itemprop=\"image\" height=\"1185\" width=\"1359\" title=\"Wp_SMS senden\" onerror=\"this.style.display='none'\"  \/>\n<h2>\n\t\tWP-SMS und SureSMS\n\t<\/h2>\n\t<p>Das WordPress-Plugin WP-SMS (<a href=\"https:\/\/wp-sms-pro.com\/\">https:\/\/wp-sms-pro.com\/)<\/a> kann selbst keine SMS-Nachrichten versenden. Um SMS-Nachrichten zu versenden, muss das Plugin mit einem SMS-Gateway wie SureSMS verbunden sein. WP-SMS nutzt die vielen M\u00f6glichkeiten von WordPress und erm\u00f6glicht es dir, von vielen verschiedenen Orten und Plugins aus zu versenden. Das SMS-Gateway sorgt daf\u00fcr, dass die Nachricht an den Empf\u00e4nger zugestellt wird.<\/p>\n<p>&nbsp;<\/p>\n<h2>\n\t\tWP-SMS und andere Plugins\n\t<\/h2>\n\t<p>Einer der gro\u00dfen Vorteile von WP-SMS sind die vielen Integrationen in andere WordPress-Plugins. Unten kannst du die vielen verschiedenen Integrationen sehen.<\/p>\n\t\t\t\t\t<a href=\"javascript:void(0);\" id=\"fl-accordion--label-0\" tabindex=\"0\" aria-controls=\"fl-accordion--panel-0\">WooCommerce<\/a>\n\t\t\t\t\t\t\t\t\t\t\t<a href=\"#\" id=\"fl-accordion--icon-0\" tabindex=\"-1\" aria-controls=\"fl-accordion--panel-0\"><i>Erweitern<\/i><\/a>\n\t\t\t\t\t<ul role=\"list\">\n<li>Telefonnummer auf der Check-out-Seite hinzuf\u00fcgen<\/li>\n<li>OTP (One Time Password) verifiziert die Handynummer des Kunden<\/li>\n<li>\u00dcber neue Produkte benachrichtigen<\/li>\n<li>Admin \u00fcber neue Bestellungen benachrichtigen<\/li>\n<li>Kunden benachrichtigen, wenn sie ihre Bestellung aufgeben<\/li>\n<li>Kunden benachrichtigen, wenn \u00c4nderungen an ihrer Bestellung auftreten<\/li>\n<\/ul>\n\t\t\t\t\t<a href=\"javascript:void(0);\" id=\"fl-accordion--label-1\" tabindex=\"0\" aria-controls=\"fl-accordion--panel-1\">BuddyPress<\/a>\n\t\t\t\t\t\t\t\t\t\t\t<a href=\"#\" id=\"fl-accordion--icon-1\" tabindex=\"-1\" aria-controls=\"fl-accordion--panel-1\"><i>Erweitern<\/i><\/a>\n\t\t\t\t\t<ul>\n<li>F\u00fcge das vorhandene Telefonnummernfeld hinzu\/verwende es.<\/li>\n<li>SMS an Nutzer senden, wenn jemand sie in Beitr\u00e4gen erw\u00e4hnt<\/li>\n<li>Sende SMS an Nutzer, wenn sie eine Antwort auf eine Aktivit\u00e4t oder einen Kommentar erhalten<\/li>\n<li>Willkommens-SMS an neue Nutzer senden<\/li>\n<li>Private SMS-Benachrichtigungen<\/li>\n<\/ul>\n\t\t\t\t\t<a href=\"javascript:void(0);\" id=\"fl-accordion--label-2\" tabindex=\"0\" aria-controls=\"fl-accordion--panel-2\">GravityForms<\/a>\n\t\t\t\t\t\t\t\t\t\t\t<a href=\"#\" id=\"fl-accordion--icon-2\" tabindex=\"-1\" aria-controls=\"fl-accordion--panel-2\"><i>Erweitern<\/i><\/a>\n\t\t\t\t\t<ul>\n<li>SMS an den Administrator senden, wenn jemand ein Formular ausf\u00fcllt<\/li>\n<li>SMS an einen Feldwert senden, wenn jemand ein Formular ausf\u00fcllt<br \/>\n(Du kannst zum Beispiel nach einer Telefonnummer fragen und eine SMS senden, wenn sie das Formular best\u00e4tigen)<\/li>\n<\/ul>\n\t\t\t\t\t<a href=\"javascript:void(0);\" id=\"fl-accordion--label-3\" tabindex=\"0\" aria-controls=\"fl-accordion--panel-3\">Kontakt-Formular 7<\/a>\n\t\t\t\t\t\t\t\t\t\t\t<a href=\"#\" id=\"fl-accordion--icon-3\" tabindex=\"-1\" aria-controls=\"fl-accordion--panel-3\"><i>Erweitern<\/i><\/a>\n\t\t\t\t\t<ul>\n<li>SMS an den Administrator senden, wenn jemand ein Formular ausf\u00fcllt<\/li>\n<li>SMS an einen Feldwert senden, wenn jemand ein Formular ausf\u00fcllt<br \/>\n(Du kannst zum Beispiel nach einer Telefonnummer fragen und eine SMS senden, wenn sie das Formular best\u00e4tigen)<\/li>\n<\/ul>\n\t\t\t\t\t<a href=\"javascript:void(0);\" id=\"fl-accordion--label-4\" tabindex=\"0\" aria-controls=\"fl-accordion--panel-4\">BookingPress<\/a>\n\t\t\t\t\t\t\t\t\t\t\t<a href=\"#\" id=\"fl-accordion--icon-4\" tabindex=\"-1\" aria-controls=\"fl-accordion--panel-4\"><i>Erweitern<\/i><\/a>\n\t\t\t\t\t<ul data-sourcepos=\"5:1-11:0\">\n<li data-sourcepos=\"5:1-5:18\">Neue Termine<\/li>\n<li data-sourcepos=\"6:1-6:23\">Genehmigte Termine<\/li>\n<li data-sourcepos=\"7:1-7:23\">Abgesagte Termine<\/li>\n<li data-sourcepos=\"8:1-8:26\">Verschobene Termine<\/li>\n<li data-sourcepos=\"9:1-9:23\">Bevorstehende Termine<\/li>\n<li data-sourcepos=\"10:1-11:0\">Verpasste Termine<\/li>\n<\/ul>\n\t\t\t\t\t<a href=\"javascript:void(0);\" id=\"fl-accordion--label-5\" tabindex=\"0\" aria-controls=\"fl-accordion--panel-5\">WooCommerce Verabredungen<\/a>\n\t\t\t\t\t\t\t\t\t\t\t<a href=\"#\" id=\"fl-accordion--icon-5\" tabindex=\"-1\" aria-controls=\"fl-accordion--panel-5\"><i>Erweitern<\/i><\/a>\n\t\t\t\t\t<ul data-sourcepos=\"5:1-11:0\">\n<li data-sourcepos=\"5:1-5:18\">Neue Termine<\/li>\n<li data-sourcepos=\"6:1-6:23\">Genehmigte Termine<\/li>\n<li data-sourcepos=\"7:1-7:23\">Abgesagte Termine<\/li>\n<li data-sourcepos=\"8:1-8:26\">Verschobene Termine<\/li>\n<li data-sourcepos=\"9:1-9:23\">Bevorstehende Termine<\/li>\n<li data-sourcepos=\"10:1-11:0\">Verpasste Termine<\/li>\n<\/ul>\n\t\t\t\t\t<a href=\"javascript:void(0);\" id=\"fl-accordion--label-6\" tabindex=\"0\" aria-controls=\"fl-accordion--panel-6\">Buchungskalender<\/a>\n\t\t\t\t\t\t\t\t\t\t\t<a href=\"#\" id=\"fl-accordion--icon-6\" tabindex=\"-1\" aria-controls=\"fl-accordion--panel-6\"><i>Erweitern<\/i><\/a>\n\t\t\t\t\t<ul data-sourcepos=\"5:1-11:0\">\n<li data-sourcepos=\"5:1-5:18\">Neue Termine<\/li>\n<li data-sourcepos=\"6:1-6:23\">Genehmigte Termine<\/li>\n<li data-sourcepos=\"7:1-7:23\">Abgesagte Termine<\/li>\n<li data-sourcepos=\"8:1-8:26\">Verschobene Termine<\/li>\n<li data-sourcepos=\"9:1-9:23\">Bevorstehende Termine<\/li>\n<li data-sourcepos=\"10:1-11:0\">Verpasste Termine<\/li>\n<\/ul>\n\t\t\t\t\t<a href=\"javascript:void(0);\" id=\"fl-accordion--label-7\" tabindex=\"0\" aria-controls=\"fl-accordion--panel-7\">Siehe alle Integrationen hier<\/a>\n\t\t\t\t\t\t\t\t\t\t\t<a href=\"#\" id=\"fl-accordion--icon-7\" tabindex=\"-1\" aria-controls=\"fl-accordion--panel-7\"><i>Erweitern<\/i><\/a>\n\t\t\t\t\t<p><a href=\"https:\/\/wp-sms-pro.com\/product-category\/add-ons\/\" target=\"_blank\" rel=\"noopener\">https:\/\/wp-sms-pro.com\/product-category\/add-ons\/<\/a><\/p>\n<h2>\n\t\tWP-SMS einrichten\n\t<\/h2>\n\t<p>Um WP-SMS in WordPress zu nutzen, musst du WP-SMS in deiner WordPress-Installation installieren und dann mit deinem SureSMS-Konto verkn\u00fcpfen. Unten kannst du lesen, wie du<\/p>\n<ol>\n<li>Einrichten in SureSMS<\/li>\n<li>Installiere WP-SMS und richte es ein<\/li>\n<\/ol>\n<h3>\n\t\tEinrichtung in SureSMS\n\t<\/h3>\n\t<p>Um SureSMS von WP-SMS aus zu nutzen, brauchst du ein SureSMS-Konto und einen API-Schl\u00fcssel von SureSMS.<\/p>\n<ol>\n<li>Melde dich hier bei deinem SureSMS-Konto an <a href=\"https:\/\/app.suresms.com\" target=\"_blank\" rel=\"noopener\">https:\/\/app.suresms.com<\/a><br \/>\nWenn du noch kein Konto hast, kannst du es hier erstellen <a href=\"https:\/\/suresms.com\/de\/kostenloses-sms-testkonto\/\" target=\"_blank\" rel=\"noopener\">SMS-Gateway-Konto erstellen<\/a><\/li>\n<li>W\u00e4hle API-Schl\u00fcssel im Men\u00fc<\/li>\n<li>Klicke oben rechts auf Optionen und w\u00e4hle \"SureSMS API Schl\u00fcssel\" aus dem Men\u00fc.<\/li>\n<li>Im Namen kannst du z.B. WP-SMS\/WooCommerce schreiben, wenn du WP-SMS von WooCommerce aus nutzen willst.<\/li>\n<li>Klicken Sie auf Speichern<\/li>\n<\/ol>\n\t\t\t\t<img loading=\"lazy\" decoding=\"async\" src=\"https:\/\/www.suresms.com\/wp-content\/uploads\/2024\/05\/SPIKey.png\" alt=\"APIKey\" itemprop=\"image\" height=\"216\" width=\"1045\" title=\"SPIKey\" onerror=\"this.style.display='none'\"  \/>\n\t<p>Kopiere den API-Schl\u00fcssel, damit du ihn sp\u00e4ter zur Hand hast.<\/p>\n<p>Wir sind jetzt mit SureSMS fertig.<\/p>\n<h3>\n\t\tWP-SMS einrichten\n\t<\/h3>\n\t<h3>Installiere und aktiviere das WP-SMS-Plugin auf deiner WordPress-Seite<\/h3>\n<p>Gehe zum WordPress Dashboard, suche den Bereich \"Plugins\", klicke auf \"Neu hinzuf\u00fcgen\" und suche nach WP-SMS. Installiere und aktiviere das Plugin.<\/p>\n\t<h3>Konfiguriere WP-SMS mit deinem SMS-Gateway<\/h3>\n<p>In den WP-SMS-Einstellungen gibst du die notwendigen Informationen f\u00fcr die Integration mit dem von dir gew\u00e4hlten SMS-Gateway ein:<\/p>\n<p><strong>Gateway-Name:<\/strong> W\u00e4hle SureSMS aus der Liste der unterst\u00fctzten Gateways<\/p>\n\t\t\t\t<img loading=\"lazy\" decoding=\"async\" src=\"https:\/\/www.suresms.com\/wp-content\/uploads\/2024\/05\/WP-SMS-opsaetning.jpg\" alt=\"WP-SMS Einrichtung\" itemprop=\"image\" height=\"1173\" width=\"1615\" title=\"WP-SMS Einrichtung\" onerror=\"this.style.display='none'\"  \/>\n\t<strong>API-Benutzername<\/strong> Hier gibst du \"APIkey\" ohne Anf\u00fchrungszeichen ein<br \/>\n<strong>API-Passwort<\/strong>Hier f\u00fcgst du den API-Key ein, den du von SureSMS kopiert hast.<br \/>\n<strong>Absendernummer<\/strong>Lege deine eigene Nummer oder eine der autorisierten Absender-IDs fest, die du in deinem SureSMS-Konto hast (kannst du hier sehen <a href=\"https:\/\/app.suresms.com\/Message\/SenderData\" target=\"_blank\" rel=\"noopener\">https:\/\/app.suresms.com\/Message\/SenderData<\/a>)<br \/>\n<strong>API-Schl\u00fcssel<\/strong> Hier f\u00fcgst du den API-Key ein, den du von SureSMS kopiert hast.\n<h3>\n\t\tTesten der Einrichtung\n\t<\/h3>\n\t<p>Jetzt kannst du deine Integration testen. Wie du sie testest, h\u00e4ngt davon ab, welche Integrationen und Funktionen du von WP-SMS nutzen m\u00f6chtest. Sobald du jedoch eine Test-SMS mit der von dir gew\u00e4hlten Methode versendet hast, kannst du den Status deiner Nachricht auf SureSMS unter folgendem Link einsehen <a href=\"https:\/\/app.suresms.com\/Message\/OutBoundSMS\" target=\"_blank\" rel=\"noopener\">Seite f\u00fcr ausgehende Nachrichten in SureSMS<\/a>.<\/p>\n\t\t\t\t<img decoding=\"async\" src=\"https:\/\/www.suresms.com\/dk\/wp-content\/plugins\/bb-plugin\/img\/pixel.png\" alt=\"\" itemprop=\"image\" onerror=\"this.style.display='none'\"  \/>","protected":false},"excerpt":{"rendered":"<p>SMS-Integration f\u00fcr WordPress mit WP-SMS Was ist WP-SMS (und WordPress) WP-SMS ist das f\u00fchrende SMS-Plugin f\u00fcr WordPress, und das aus gutem Grund. Mit einer benutzerfreundlichen Oberfl\u00e4che, einer Reihe von leistungsstarken Funktionen und hervorragendem Support bietet WP-SMS alles, was du brauchst, um deine SMS-Kommunikation zu optimieren. Und das Beste daran? Die Basisversion ist komplett... <a title=\"SMS-Integration f\u00fcr WordPress mit WP-SMS\" class=\"read-more\" href=\"https:\/\/suresms.com\/de\/integrationer\/cms-content-management-system-sms-integration\/sms-integration-wordpress-wp-sms\/\" aria-label=\"Mehr Informationen zur SMS-Integration f\u00fcr WordPress mit WP-SMS\">Mehr lesen<\/a><\/p>","protected":false},"author":1,"featured_media":0,"parent":14437,"menu_order":12,"comment_status":"closed","ping_status":"closed","template":"","meta":{"_fl_builder_enabled":"1","_fl_builder_data":null,"_fl_builder_draft":null,"_fl_builder_data_settings":null,"_fl_builder_css":"","_fl_builder_css_version":"","_fl_builder_js":"","footnotes":""},"categories":[],"tags":[],"class_list":["post-17217","page","type-page","status-publish"],"yoast_head":"<!-- This site is optimized with the Yoast SEO Premium plugin v27.3 (Yoast SEO v27.3) - https:\/\/yoast.com\/product\/yoast-seo-premium-wordpress\/ -->\r\n<title>SMS integration til WordPress med WP-SMS - gratis konto<\/title>\r\n<meta name=\"description\" content=\"Du kan sende b\u00e5de sms links, billeder, videoer og lydfiler med vores SMS gateway. Uanede muligheder for rigt indhold.\" \/>\r\n<meta name=\"robots\" content=\"index, follow, max-snippet:-1, max-image-preview:large, max-video-preview:-1\" \/>\r\n<link rel=\"canonical\" href=\"https:\/\/suresms.com\/de\/integrationen\/cms-content-management-system-sms-integration\/sms-link-4\/\" \/>\r\n<meta property=\"og:locale\" content=\"de_DE\" \/>\r\n<meta property=\"og:type\" content=\"article\" \/>\r\n<meta property=\"og:title\" content=\"SMS integration til WordPress med WP-SMS\" \/>\r\n<meta property=\"og:description\" content=\"Du kan sende b\u00e5de sms links, billeder, videoer og lydfiler med vores SMS gateway. Uanede muligheder for rigt indhold.\" \/>\r\n<meta property=\"og:url\" content=\"https:\/\/suresms.com\/de\/integrationen\/cms-content-management-system-sms-integration\/sms-link-4\/\" \/>\r\n<meta property=\"article:publisher\" content=\"https:\/\/www.facebook.com\/p\/SureSMS-100044607956149\/\" \/>\r\n<meta property=\"og:image\" content=\"https:\/\/www.suresms.com\/dk\/wp-content\/uploads\/2022\/02\/WpSMS-SureSMS-1.png\" \/>\r\n<meta name=\"twitter:card\" content=\"summary_large_image\" \/>\r\n<meta name=\"twitter:label1\" content=\"Gesch\u00e4tzte Lesezeit\" \/>\n\t<meta name=\"twitter:data1\" content=\"10\u00a0Minuten\" \/>\r\n<script type=\"application\/ld+json\" class=\"yoast-schema-graph\">{\"@context\":\"https:\\\/\\\/schema.org\",\"@graph\":[{\"@type\":\"WebPage\",\"@id\":\"https:\\\/\\\/suresms.com\\\/dk\\\/integrationer\\\/cms-content-management-system-sms-integration\\\/sms-integration-wordpress-wp-sms\\\/\",\"url\":\"https:\\\/\\\/suresms.com\\\/dk\\\/integrationer\\\/cms-content-management-system-sms-integration\\\/sms-integration-wordpress-wp-sms\\\/\",\"name\":\"SMS integration til WordPress med WP-SMS - gratis konto\",\"isPartOf\":{\"@id\":\"https:\\\/\\\/suresms.com\\\/en\\\/#website\"},\"primaryImageOfPage\":{\"@id\":\"https:\\\/\\\/suresms.com\\\/dk\\\/integrationer\\\/cms-content-management-system-sms-integration\\\/sms-integration-wordpress-wp-sms\\\/#primaryimage\"},\"image\":{\"@id\":\"https:\\\/\\\/suresms.com\\\/dk\\\/integrationer\\\/cms-content-management-system-sms-integration\\\/sms-integration-wordpress-wp-sms\\\/#primaryimage\"},\"thumbnailUrl\":\"https:\\\/\\\/www.suresms.com\\\/dk\\\/wp-content\\\/uploads\\\/2022\\\/02\\\/WpSMS-SureSMS-1.png\",\"datePublished\":\"2024-05-18T09:31:03+00:00\",\"description\":\"Du kan sende b\u00e5de sms links, billeder, videoer og lydfiler med vores SMS gateway. Uanede muligheder for rigt indhold.\",\"breadcrumb\":{\"@id\":\"https:\\\/\\\/suresms.com\\\/dk\\\/integrationer\\\/cms-content-management-system-sms-integration\\\/sms-integration-wordpress-wp-sms\\\/#breadcrumb\"},\"inLanguage\":\"de\",\"potentialAction\":[{\"@type\":\"ReadAction\",\"target\":[\"https:\\\/\\\/suresms.com\\\/dk\\\/integrationer\\\/cms-content-management-system-sms-integration\\\/sms-integration-wordpress-wp-sms\\\/\"]}]},{\"@type\":\"ImageObject\",\"inLanguage\":\"de\",\"@id\":\"https:\\\/\\\/suresms.com\\\/dk\\\/integrationer\\\/cms-content-management-system-sms-integration\\\/sms-integration-wordpress-wp-sms\\\/#primaryimage\",\"url\":\"https:\\\/\\\/www.suresms.com\\\/dk\\\/wp-content\\\/uploads\\\/2022\\\/02\\\/WpSMS-SureSMS-1.png\",\"contentUrl\":\"https:\\\/\\\/www.suresms.com\\\/dk\\\/wp-content\\\/uploads\\\/2022\\\/02\\\/WpSMS-SureSMS-1.png\"},{\"@type\":\"BreadcrumbList\",\"@id\":\"https:\\\/\\\/suresms.com\\\/dk\\\/integrationer\\\/cms-content-management-system-sms-integration\\\/sms-integration-wordpress-wp-sms\\\/#breadcrumb\",\"itemListElement\":[{\"@type\":\"ListItem\",\"position\":1,\"name\":\"Home\",\"item\":\"https:\\\/\\\/suresms.com\\\/dk\\\/\"},{\"@type\":\"ListItem\",\"position\":2,\"name\":\"Integrationer\",\"item\":\"https:\\\/\\\/suresms.com\\\/dk\\\/integrationer\\\/\"},{\"@type\":\"ListItem\",\"position\":3,\"name\":\"SMS integration til Content Management Systemer (CMS systemer)\",\"item\":\"https:\\\/\\\/suresms.com\\\/dk\\\/integrationer\\\/cms-content-management-system-sms-integration\\\/\"},{\"@type\":\"ListItem\",\"position\":4,\"name\":\"SMS integration til WordPress med WP-SMS\"}]},{\"@type\":\"WebSite\",\"@id\":\"https:\\\/\\\/suresms.com\\\/en\\\/#website\",\"url\":\"https:\\\/\\\/suresms.com\\\/en\\\/\",\"name\":\"SureSMS\",\"description\":\"Professionel SMS Gateway\",\"publisher\":{\"@id\":\"https:\\\/\\\/suresms.com\\\/en\\\/#organization\"},\"potentialAction\":[{\"@type\":\"SearchAction\",\"target\":{\"@type\":\"EntryPoint\",\"urlTemplate\":\"https:\\\/\\\/suresms.com\\\/en\\\/?s={search_term_string}\"},\"query-input\":{\"@type\":\"PropertyValueSpecification\",\"valueRequired\":true,\"valueName\":\"search_term_string\"}}],\"inLanguage\":\"de\"},{\"@type\":\"Organization\",\"@id\":\"https:\\\/\\\/suresms.com\\\/en\\\/#organization\",\"name\":\"SureSMS\",\"url\":\"https:\\\/\\\/suresms.com\\\/en\\\/\",\"logo\":{\"@type\":\"ImageObject\",\"inLanguage\":\"de\",\"@id\":\"https:\\\/\\\/suresms.com\\\/en\\\/#\\\/schema\\\/logo\\\/image\\\/\",\"url\":\"https:\\\/\\\/suresms.com\\\/wp-content\\\/uploads\\\/2024\\\/11\\\/suresms-300x65-1.png\",\"contentUrl\":\"https:\\\/\\\/suresms.com\\\/wp-content\\\/uploads\\\/2024\\\/11\\\/suresms-300x65-1.png\",\"width\":300,\"height\":65,\"caption\":\"SureSMS\"},\"image\":{\"@id\":\"https:\\\/\\\/suresms.com\\\/en\\\/#\\\/schema\\\/logo\\\/image\\\/\"},\"sameAs\":[\"https:\\\/\\\/www.facebook.com\\\/p\\\/SureSMS-100044607956149\\\/\"]}]}<\/script>\r\n<!-- \/ Yoast SEO Premium plugin. -->","yoast_head_json":{"title":"SMS-Integration f\u00fcr WordPress mit WP-SMS - kostenloses Konto","description":"Mit unserem SMS-Gateway kannst du SMS-Links, Bilder, Videos und Audiodateien versenden. Unendliche M\u00f6glichkeiten f\u00fcr vielf\u00e4ltige Inhalte.","robots":{"index":"index","follow":"follow","max-snippet":"max-snippet:-1","max-image-preview":"max-image-preview:large","max-video-preview":"max-video-preview:-1"},"canonical":"https:\/\/suresms.com\/de\/integrationen\/cms-content-management-system-sms-integration\/sms-link-4\/","og_locale":"de_DE","og_type":"article","og_title":"SMS integration til WordPress med WP-SMS","og_description":"Du kan sende b\u00e5de sms links, billeder, videoer og lydfiler med vores SMS gateway. Uanede muligheder for rigt indhold.","og_url":"https:\/\/suresms.com\/de\/integrationen\/cms-content-management-system-sms-integration\/sms-link-4\/","article_publisher":"https:\/\/www.facebook.com\/p\/SureSMS-100044607956149\/","og_image":[{"url":"https:\/\/www.suresms.com\/dk\/wp-content\/uploads\/2022\/02\/WpSMS-SureSMS-1.png","type":"","width":"","height":""}],"twitter_card":"summary_large_image","twitter_misc":{"Gesch\u00e4tzte Lesezeit":"10\u00a0Minuten"},"schema":{"@context":"https:\/\/schema.org","@graph":[{"@type":"WebPage","@id":"https:\/\/suresms.com\/dk\/integrationer\/cms-content-management-system-sms-integration\/sms-integration-wordpress-wp-sms\/","url":"https:\/\/suresms.com\/dk\/integrationer\/cms-content-management-system-sms-integration\/sms-integration-wordpress-wp-sms\/","name":"SMS-Integration f\u00fcr WordPress mit WP-SMS - kostenloses Konto","isPartOf":{"@id":"https:\/\/suresms.com\/en\/#website"},"primaryImageOfPage":{"@id":"https:\/\/suresms.com\/dk\/integrationer\/cms-content-management-system-sms-integration\/sms-integration-wordpress-wp-sms\/#primaryimage"},"image":{"@id":"https:\/\/suresms.com\/dk\/integrationer\/cms-content-management-system-sms-integration\/sms-integration-wordpress-wp-sms\/#primaryimage"},"thumbnailUrl":"https:\/\/www.suresms.com\/dk\/wp-content\/uploads\/2022\/02\/WpSMS-SureSMS-1.png","datePublished":"2024-05-18T09:31:03+00:00","description":"Mit unserem SMS-Gateway kannst du SMS-Links, Bilder, Videos und Audiodateien versenden. Unendliche M\u00f6glichkeiten f\u00fcr vielf\u00e4ltige Inhalte.","breadcrumb":{"@id":"https:\/\/suresms.com\/dk\/integrationer\/cms-content-management-system-sms-integration\/sms-integration-wordpress-wp-sms\/#breadcrumb"},"inLanguage":"de","potentialAction":[{"@type":"ReadAction","target":["https:\/\/suresms.com\/dk\/integrationer\/cms-content-management-system-sms-integration\/sms-integration-wordpress-wp-sms\/"]}]},{"@type":"ImageObject","inLanguage":"de","@id":"https:\/\/suresms.com\/dk\/integrationer\/cms-content-management-system-sms-integration\/sms-integration-wordpress-wp-sms\/#primaryimage","url":"https:\/\/www.suresms.com\/dk\/wp-content\/uploads\/2022\/02\/WpSMS-SureSMS-1.png","contentUrl":"https:\/\/www.suresms.com\/dk\/wp-content\/uploads\/2022\/02\/WpSMS-SureSMS-1.png"},{"@type":"BreadcrumbList","@id":"https:\/\/suresms.com\/dk\/integrationer\/cms-content-management-system-sms-integration\/sms-integration-wordpress-wp-sms\/#breadcrumb","itemListElement":[{"@type":"ListItem","position":1,"name":"Home","item":"https:\/\/suresms.com\/dk\/"},{"@type":"ListItem","position":2,"name":"Integrationer","item":"https:\/\/suresms.com\/dk\/integrationer\/"},{"@type":"ListItem","position":3,"name":"SMS integration til Content Management Systemer (CMS systemer)","item":"https:\/\/suresms.com\/dk\/integrationer\/cms-content-management-system-sms-integration\/"},{"@type":"ListItem","position":4,"name":"SMS integration til WordPress med WP-SMS"}]},{"@type":"WebSite","@id":"https:\/\/suresms.com\/en\/#website","url":"https:\/\/suresms.com\/en\/","name":"SureSMS","description":"Professioneller SMS-Gateway","publisher":{"@id":"https:\/\/suresms.com\/en\/#organization"},"potentialAction":[{"@type":"SearchAction","target":{"@type":"EntryPoint","urlTemplate":"https:\/\/suresms.com\/en\/?s={search_term_string}"},"query-input":{"@type":"PropertyValueSpecification","valueRequired":true,"valueName":"search_term_string"}}],"inLanguage":"de"},{"@type":"Organization","@id":"https:\/\/suresms.com\/en\/#organization","name":"SureSMS","url":"https:\/\/suresms.com\/en\/","logo":{"@type":"ImageObject","inLanguage":"de","@id":"https:\/\/suresms.com\/en\/#\/schema\/logo\/image\/","url":"https:\/\/suresms.com\/wp-content\/uploads\/2024\/11\/suresms-300x65-1.png","contentUrl":"https:\/\/suresms.com\/wp-content\/uploads\/2024\/11\/suresms-300x65-1.png","width":300,"height":65,"caption":"SureSMS"},"image":{"@id":"https:\/\/suresms.com\/en\/#\/schema\/logo\/image\/"},"sameAs":["https:\/\/www.facebook.com\/p\/SureSMS-100044607956149\/"]}]}},"_links":{"self":[{"href":"https:\/\/suresms.com\/de\/wp-json\/wp\/v2\/pages\/17217","targetHints":{"allow":["GET"]}}],"collection":[{"href":"https:\/\/suresms.com\/de\/wp-json\/wp\/v2\/pages"}],"about":[{"href":"https:\/\/suresms.com\/de\/wp-json\/wp\/v2\/types\/page"}],"author":[{"embeddable":true,"href":"https:\/\/suresms.com\/de\/wp-json\/wp\/v2\/users\/1"}],"replies":[{"embeddable":true,"href":"https:\/\/suresms.com\/de\/wp-json\/wp\/v2\/comments?post=17217"}],"version-history":[{"count":0,"href":"https:\/\/suresms.com\/de\/wp-json\/wp\/v2\/pages\/17217\/revisions"}],"up":[{"embeddable":true,"href":"https:\/\/suresms.com\/de\/wp-json\/wp\/v2\/pages\/14437"}],"wp:attachment":[{"href":"https:\/\/suresms.com\/de\/wp-json\/wp\/v2\/media?parent=17217"}],"wp:term":[{"taxonomy":"category","embeddable":true,"href":"https:\/\/suresms.com\/de\/wp-json\/wp\/v2\/categories?post=17217"},{"taxonomy":"post_tag","embeddable":true,"href":"https:\/\/suresms.com\/de\/wp-json\/wp\/v2\/tags?post=17217"}],"curies":[{"name":"wp","href":"https:\/\/api.w.org\/{rel}","templated":true}]}}