{"id":16816,"date":"2023-03-28T12:23:14","date_gmt":"2023-03-28T10:23:14","guid":{"rendered":"https:\/\/www.suresms.com\/dk\/?page_id=16816"},"modified":"2026-03-25T15:43:19","modified_gmt":"2026-03-25T15:43:19","slug":"klaviyo-sms","status":"publish","type":"page","link":"https:\/\/suresms.com\/de\/integrationer\/marketing-automation\/klaviyo-sms\/","title":{"rendered":"SMS-Integration f\u00fcr Klaviyo"},"content":{"rendered":"<!-- Flexy Breadcrumb -->\r\n\t\t\t<div class=\"fbc fbc-page\">\r\n\r\n\t\t\t\t<!-- Breadcrumb wrapper -->\r\n\t\t\t\t<div class=\"fbc-wrap\">\r\n\r\n\t\t\t\t\t<!-- Ordered list-->\r\n\t\t\t\t\t<ol class=\"fbc-items\" itemscope itemtype=\"https:\/\/schema.org\/BreadcrumbList\">\r\n\t\t\t\t\t\t            <li itemprop=\"itemListElement\" itemscope itemtype=\"https:\/\/schema.org\/ListItem\">\r\n                <span itemprop=\"name\">\r\n                    <!-- Home Link -->\r\n                    <a itemprop=\"item\" href=\"https:\/\/suresms.com\/de\/\">\r\n                    \r\n                                                    <i class=\"fa fa-home\" aria-hidden=\"true\"><\/i>Zuhause                    <\/a>\r\n                <\/span>\r\n                <meta itemprop=\"position\" content=\"1\" \/><!-- Meta Position-->\r\n             <\/li><li><span class=\"fbc-separator\">\/<\/span><\/li><li class=\"active\" itemprop=\"itemListElement\" itemscope itemtype=\"https:\/\/schema.org\/ListItem\"><span itemprop=\"name\" title=\"SMS-Integration f\u00fcr Klaviyo\">SMS-Integration f\u00fcr Klaviyo<\/span><meta itemprop=\"position\" content=\"2\" \/><\/li>\t\t\t\t\t<\/ol>\r\n\t\t\t\t\t<div class=\"clearfix\"><\/div>\r\n\t\t\t\t<\/div>\r\n\t\t\t<\/div>\r\n\t\t\t\n<figure itemscope itemtype=\"https:\/\/schema.org\/ImageObject\">\n\t\t\t\t<img decoding=\"async\" src=\"https:\/\/suresms.com\/wp-content\/uploads\/2023\/03\/Klaviyo_SureSMS-1-1.png\" alt=\"Klaviyo SMS Integration\" height=\"200\" width=\"980\" title=\"Klaviyo_SureSMS\" onerror=\"this.style.display='none'\" loading=\"lazy\" \/>\n\t<\/figure>\n\t<h1>Optimiere das E-Mail-Marketing in Klaviyo mit SMS-Marketing<\/h1>\n\t<p>SMS-Marketing ist ein effektives Add-on zu Newslettern, weil die Leser\/innen mehrfach erreicht werden - und zwar auf unterschiedliche Weise. Und da 90 % aller SMS-Nachrichten innerhalb von 3 Minuten gelesen werden, ist die Aufwertung mit SMS-Marketing besonders effektiv.<\/p>\n<p>Auch wenn die Leser\/innen dem SMS-Marketing nicht zugestimmt haben, kannst du - unter bestimmten Bedingungen - SMS \u00fcber Produkte versenden, die zu fr\u00fcheren K\u00e4ufen passen. Wenn sie ihr Einverst\u00e4ndnis gegeben haben, hast du noch mehr M\u00f6glichkeiten. Du kannst zum Beispiel SMS-Remarketing einsetzen oder SMS als Teil einer Willkommensaktion an neue Leser\/innen senden.<\/p>\n<p>SMS-Marketing in Klaviyo ist besonders beliebt, weil Klaviyo so gut f\u00fcr Online-Shops geeignet ist und es einfach ist, physische Produkte per SMS zu verkaufen. F\u00fcr den Versand von SMS an d\u00e4nische oder europ\u00e4ische Kunden wird jedoch ein Gateway ben\u00f6tigt. Gl\u00fccklicherweise kannst du SureSMS zu diesem Zweck in nur einer Stunde einrichten.<\/p>\n<h2>\n\t\t\tViele Vorteile mit SureSMS\t<\/h2>\n\t<p>Du kannst SureSMS entweder direkt in Klaviyo integrieren, damit du in Zukunft alles zusammen hast, oder du kannst Klaviyo und SureSMS synchronisieren, damit du mit dem SMS-Teil deines Marketings in SureSMS arbeitest. Letzteres bietet mehrere Funktionen, die in Klaviyo nicht verf\u00fcgbar sind.<\/p>\n<p>Du kannst zum Beispiel<\/p>\n<ul> \t\n<li>\u00d6ffnungs- und Durchklickraten sehen<\/li>\n\n<li>Dateien anh\u00e4ngen<\/li>\n\n<li>MobilePay-Link in Nachrichten einf\u00fcgen, da die Nachricht direkt auf dem Telefon landet<\/li>\n<\/ul>\n<p>Au\u00dferdem ist SureSMS das einzige d\u00e4nische SMS-Gateway, das Links so k\u00fcrzen kann, dass der Shopname des Absenders in der neuen URL enthalten ist. Dies f\u00fchrt zu einer 35 % h\u00f6heren Klickrate aufgrund des Markenwerts.<\/p>\n<p>Wenn du Shopify oder Idealshop nutzt, kannst du sogar den tats\u00e4chlichen Nutzen einer Kampagne sehen, denn SureSMS zeigt sowohl die reinen Verkaufszahlen - als auch die Verkaufszahlen abz\u00fcglich der Bezahlung f\u00fcr die SMS.<\/p>\n<p>Nat\u00fcrlich hat SureSMS auch die \u00fcblichen Funktionen der konkurrierenden Technologien:<\/p>\n<p>M\u00f6glichkeit zur<\/p>\n<ul> \t\n<li>Firmenname als Absender<\/li>\n\n<li>Emojis verwenden<\/li>\n\n<li>Automatisieren, wann die SMS verschickt wird<\/li>\n<\/ul>\n<h2>\n\t\t\tRegeln und Gesetze\t<\/h2>\n\t<p>Die Einhaltung der GDPR ist ein Muss, und SureSMS hilft dir dabei. Wir haben die gesetzlich vorgeschriebene Option eingebaut, sich vom SMS-Marketing abzumelden, und machen die Einrichtung f\u00fcr dich extrem einfach.<\/p>\n<h2>\n\t\t\tPreise\t<\/h2>\n\t<p>Der d\u00e4nische Support ist in den unten stehenden Preisen enthalten:<\/p>\nPreis pro SMS in D\u00e4nemark:<br \/>\n0-9.999 SMS-Nachrichten pro Monat: 28 \u00f6re<br \/>\n10.000 bis 100.000 SMS-Nachrichten pro Monat: 25 \u00d6re<br \/>\n100.001 und mehr SMS-Nachrichten pro Monat: 22 \u00f6re\n<p>Du kannst sehen <a href=\"https:\/\/suresms.com\/de\/uber-suresms\/preise-und-bezahlung\/\">internationale Preise hier<\/a>.<\/p>\n\t\t<h2>Wie SMS in Klaviyo funktioniert<\/h2><p>Wenn du dich entscheidest, SureSMS in dein Klaviyo-Konto zu integrieren, kannst du dies auf zwei verschiedene Arten tun:<br \/>1) Du kannst SMS-Nachrichten direkt von deinem Klaviyo-Konto aus versenden.<br \/>2) Du kannst deine Kontakte von Klaviyo mit SureSMS synchronisieren oder<\/p>\n\t\t<h3>SMS direkt aus den Klaviyo-Flows senden<\/h3><p>Es ist m\u00f6glich, eine SMS-Integration zwischen Klaviyo SMS und SureSMS zu erstellen, so dass du deine SMS direkt von Klaviyo aus versendest, aber trotzdem \u00fcber unsere SMS-API. Mit dieser L\u00f6sung hast du alle Berichtsfunktionen in SureSMS, aber du musst in das Klaviyo-System gehen, um das Ergebnis deines Versands zu sehen.<\/p>\n<p><strong>Die Vorteile<\/strong> dieser L\u00f6sung ist, dass du nur auf einer Plattform arbeiten musst. Diese L\u00f6sung ist also gut, wenn du viel mit SMS als Teil deiner Automatisierungen arbeitest.<\/p>\n<p><strong>Benachteiligungen <\/strong>ist, dass du einige Funktionen verlierst, die in Klaviyo nicht m\u00f6glich sind. Diese L\u00f6sung ist zum Beispiel nicht ideal, wenn du viel mit Massenversand arbeitest - also viele SMS-Nachrichten an viele Kontakte auf einmal sendest. Wenn du Dateien anh\u00e4ngen oder MobilePay-Links direkt in deinen Nachrichten versenden m\u00f6chtest.<\/p>\n\t\t<h3>Synchronisierung von Kontakten<\/h3><p>Die Synchronisierung der Kontakte erfolgt von Klaviyo aus \u00fcber die direkte Klaviyo-&gt;SureSMS-Integration. Das bedeutet, dass SureSMS in regelm\u00e4\u00dfigen Abst\u00e4nden neue Kontakte aus Klaviyo abruft und sie in eine Gruppe in SureSMS einf\u00fcgt.<\/p>\n<p><strong>Die Vorteile <\/strong>Das Tolle an dieser L\u00f6sung ist, dass du deine M\u00f6glichkeiten bei der SMS-Kommunikation erweiterst. In SureSMS gibt es eine Reihe von Optionen, die in Klaviyo nicht verf\u00fcgbar sind. Zum Beispiel kannst du Daten \u00fcber \u00d6ffnungs- und Klickraten einsehen und du hast die M\u00f6glichkeit, Anh\u00e4nge zu versenden. Du hast auch die M\u00f6glichkeit, MobilePay-Links in die Nachrichten einzubauen.<\/p>\n<p><strong>Benachteiligungen<\/strong> Das Problem bei dieser L\u00f6sung ist nat\u00fcrlich, dass du zwei verschiedene Systeme mit der gleichen Liste hast und deshalb auf zwei verschiedenen Plattformen arbeiten musst. Das kann l\u00e4stig sein, aber wir stellen nur selten fest, dass dies ein Problem f\u00fcr unsere Kunden ist.<\/p>\n\t<strong>Anleitung zum Einrichten bestellen<br \/>\n<\/strong>Hier findest du eine ausf\u00fchrliche Anleitung f\u00fcr die Einrichtung mit SureSMS\n\n<div class=\"wpcf7 no-js\" id=\"wpcf7-f13762-o1\" lang=\"en-GB\" dir=\"ltr\" data-wpcf7-id=\"13762\">\n<div class=\"screen-reader-response\"><p role=\"status\" aria-live=\"polite\" aria-atomic=\"true\"><\/p> <ul><\/ul><\/div>\n<form action=\"\/de\/wp-json\/wp\/v2\/pages\/16816#wpcf7-f13762-o1\" method=\"post\" class=\"wpcf7-form init\" aria-label=\"Kontakt-Formular\" novalidate=\"novalidate\" data-status=\"init\" data-trp-original-action=\"\/de\/wp-json\/wp\/v2\/pages\/16816#wpcf7-f13762-o1\">\n<fieldset class=\"hidden-fields-container\"><input type=\"hidden\" name=\"_wpcf7\" value=\"13762\" \/><input type=\"hidden\" name=\"_wpcf7_version\" value=\"6.1.5\" \/><input type=\"hidden\" name=\"_wpcf7_locale\" value=\"en_GB\" \/><input type=\"hidden\" name=\"_wpcf7_unit_tag\" value=\"wpcf7-f13762-o1\" \/><input type=\"hidden\" name=\"_wpcf7_container_post\" value=\"0\" \/><input type=\"hidden\" name=\"_wpcf7_posted_data_hash\" value=\"\" \/>\n<\/fieldset>\n<p><label><span class=\"wpcf7-form-control-wrap\" data-name=\"your-name\"><input size=\"40\" maxlength=\"400\" class=\"wpcf7-form-control wpcf7-text wpcf7-validates-as-required wpctf7-my-custom-class\" aria-required=\"true\" aria-invalid=\"false\" placeholder=\"Dein Name\" value=\"\" type=\"text\" name=\"your-name\" \/><\/span><\/label>\n<\/p>\n<p><span class=\"wpcf7-form-control-wrap\" data-name=\"email\"><input size=\"40\" maxlength=\"400\" class=\"wpcf7-form-control wpcf7-email wpcf7-validates-as-required wpcf7-text wpcf7-validates-as-email wpctf7-my-custom-class\" aria-required=\"true\" aria-invalid=\"false\" placeholder=\"E-Mail*.\" value=\"\" type=\"email\" name=\"email\" \/><\/span>\n<\/p>\n<p><div class=\"cf7-cf-turnstile\" style=\"margin-top: 0px; margin-bottom: -15px;\"> <div id=\"cf-turnstile-cf7-3894499351\" class=\"cf-turnstile\" data-sitekey=\"0x4AAAAAAB8YGArd9ML-HbMW\" data-theme=\"light\" data-language=\"auto\" data-size=\"normal\" data-retry=\"auto\" data-retry-interval=\"1000\" data-refresh-expired=\"auto\" data-action=\"contact-form-7\" data-appearance=\"always\"><\/div> <script>document.addEventListener(\"DOMContentLoaded\", function() { setTimeout(function(){ var e=document.getElementById(\"cf-turnstile-cf7-3894499351\"); e&&!e.innerHTML.trim()&&(turnstile.remove(\"#cf-turnstile-cf7-3894499351\"), turnstile.render(\"#cf-turnstile-cf7-3894499351\", {sitekey:\"0x4AAAAAAB8YGArd9ML-HbMW\"})); }, 100); });<\/script> <br class=\"cf-turnstile-br cf-turnstile-br-cf7-3894499351\"> <style>#cf-turnstile-cf7-3894499351 { margin-left: -15px; }<\/style> <script>document.addEventListener(\"DOMContentLoaded\",function(){document.querySelectorAll('.wpcf7-form').forEach(function(e){e.addEventListener('submit',function(){if(document.getElementById('cf-turnstile-cf7-3894499351')){setTimeout(function(){turnstile.reset('#cf-turnstile-cf7-3894499351');},1000)}})})});<\/script> <\/div><br\/><input class=\"wpcf7-form-control wpcf7-submit has-spinner\" type=\"submit\" value=\"Anleitung bestellen\" \/>\n<\/p><div class=\"wpcf7-response-output\" aria-hidden=\"true\"><\/div>\n<input type=\"hidden\" name=\"trp-form-language\" value=\"de\"\/><\/form>\n<\/div>\n\n\t\t\t<a href=\"https:\/\/calendly.com\/gm--nzwp\/30min\"  target=\"_blank\" rel=\"noopener\">\n\t\t\t\t\t\t\tDemo buchen\n\t\t\t\t\t<\/a>\n\t<p>mit Glen<\/p>\n\t<p>Bist du bereit, eine Klaviyo-Integration auszuprobieren? Mit einem Testkonto kannst du es kostenlos ausprobieren, es kostenlos einrichten und du bekommst 50 kostenlose SMS zum Start. Entscheide dich entweder f\u00fcr die ausf\u00fchrliche Anleitung oder buche ein Treffen, bei dem wir die Einrichtung durchgehen.<\/p>\n\t<p><strong>Anleitung zum Einrichten bestellen<br \/><\/strong>Hier findest du eine detaillierte Anleitung zur Einrichtung von Klaviyo mit SureSMS<\/p>\n\n<div class=\"wpcf7 no-js\" id=\"wpcf7-f13762-o2\" lang=\"en-GB\" dir=\"ltr\" data-wpcf7-id=\"13762\">\n<div class=\"screen-reader-response\"><p role=\"status\" aria-live=\"polite\" aria-atomic=\"true\"><\/p> <ul><\/ul><\/div>\n<form action=\"\/de\/wp-json\/wp\/v2\/pages\/16816#wpcf7-f13762-o2\" method=\"post\" class=\"wpcf7-form init\" aria-label=\"Kontakt-Formular\" novalidate=\"novalidate\" data-status=\"init\" data-trp-original-action=\"\/de\/wp-json\/wp\/v2\/pages\/16816#wpcf7-f13762-o2\">\n<fieldset class=\"hidden-fields-container\"><input type=\"hidden\" name=\"_wpcf7\" value=\"13762\" \/><input type=\"hidden\" name=\"_wpcf7_version\" value=\"6.1.5\" \/><input type=\"hidden\" name=\"_wpcf7_locale\" value=\"en_GB\" \/><input type=\"hidden\" name=\"_wpcf7_unit_tag\" value=\"wpcf7-f13762-o2\" \/><input type=\"hidden\" name=\"_wpcf7_container_post\" value=\"0\" \/><input type=\"hidden\" name=\"_wpcf7_posted_data_hash\" value=\"\" \/>\n<\/fieldset>\n<p><label><span class=\"wpcf7-form-control-wrap\" data-name=\"your-name\"><input size=\"40\" maxlength=\"400\" class=\"wpcf7-form-control wpcf7-text wpcf7-validates-as-required wpctf7-my-custom-class\" aria-required=\"true\" aria-invalid=\"false\" placeholder=\"Dein Name\" value=\"\" type=\"text\" name=\"your-name\" \/><\/span><\/label>\n<\/p>\n<p><span class=\"wpcf7-form-control-wrap\" data-name=\"email\"><input size=\"40\" maxlength=\"400\" class=\"wpcf7-form-control wpcf7-email wpcf7-validates-as-required wpcf7-text wpcf7-validates-as-email wpctf7-my-custom-class\" aria-required=\"true\" aria-invalid=\"false\" placeholder=\"E-Mail*.\" value=\"\" type=\"email\" name=\"email\" \/><\/span>\n<\/p>\n<p><div class=\"cf7-cf-turnstile\" style=\"margin-top: 0px; margin-bottom: -15px;\"> <div id=\"cf-turnstile-cf7-1414423438\" class=\"cf-turnstile\" data-sitekey=\"0x4AAAAAAB8YGArd9ML-HbMW\" data-theme=\"light\" data-language=\"auto\" data-size=\"normal\" data-retry=\"auto\" data-retry-interval=\"1000\" data-refresh-expired=\"auto\" data-action=\"contact-form-7\" data-appearance=\"always\"><\/div> <script>document.addEventListener(\"DOMContentLoaded\", function() { setTimeout(function(){ var e=document.getElementById(\"cf-turnstile-cf7-1414423438\"); e&&!e.innerHTML.trim()&&(turnstile.remove(\"#cf-turnstile-cf7-1414423438\"), turnstile.render(\"#cf-turnstile-cf7-1414423438\", {sitekey:\"0x4AAAAAAB8YGArd9ML-HbMW\"})); }, 100); });<\/script> <br class=\"cf-turnstile-br cf-turnstile-br-cf7-1414423438\"> <style>#cf-turnstile-cf7-1414423438 { margin-left: -15px; }<\/style> <script>document.addEventListener(\"DOMContentLoaded\",function(){document.querySelectorAll('.wpcf7-form').forEach(function(e){e.addEventListener('submit',function(){if(document.getElementById('cf-turnstile-cf7-1414423438')){setTimeout(function(){turnstile.reset('#cf-turnstile-cf7-1414423438');},1000)}})})});<\/script> <\/div><br\/><input class=\"wpcf7-form-control wpcf7-submit has-spinner\" type=\"submit\" value=\"Anleitung bestellen\" \/>\n<\/p><div class=\"wpcf7-response-output\" aria-hidden=\"true\"><\/div>\n<input type=\"hidden\" name=\"trp-form-language\" value=\"de\"\/><\/form>\n<\/div>\n\n<figure itemscope itemtype=\"https:\/\/schema.org\/ImageObject\">\n\t\t\t\t<img decoding=\"async\" src=\"https:\/\/suresms.com\/wp-content\/uploads\/2024\/09\/Glen100x118.png\" alt=\"Glen100x118\" title=\"Glen100x118\" onerror=\"this.style.display='none'\" loading=\"lazy\" \/>\n\t<\/figure>\n\t\t\t<a href=\"https:\/\/calendly.com\/gm--nzwp\/30min\"  target=\"_self\">\n\t\t\t\t\t\t\tDemo buchen\n\t\t\t\t\t<\/a>\n\t<p>mit Glen<\/p>","protected":false},"excerpt":{"rendered":"<p>Optimiere das E-Mail-Marketing in Klaviyo mit SMS-Marketing SMS-Marketing ist eine effektive Erg\u00e4nzung zu Newslettern, weil die Leser\/innen mehrfach erreicht werden - und zwar auf unterschiedliche Weise. Und da 90 % aller SMS-Nachrichten innerhalb von 3 Minuten gelesen werden, ist die Aufwertung mit SMS-Marketing besonders effektiv. Auch wenn die Leser\/innen dem SMS-Marketing nicht zugestimmt haben, kannst du... <a title=\"SMS-Integration f\u00fcr Klaviyo\" class=\"read-more\" href=\"https:\/\/suresms.com\/de\/integrationer\/marketing-automation\/klaviyo-sms\/\" aria-label=\"Mehr Informationen zur SMS-Integration f\u00fcr Klaviyo\">Mehr lesen<\/a><\/p>","protected":false},"author":1,"featured_media":0,"parent":13367,"menu_order":1,"comment_status":"closed","ping_status":"closed","template":"","meta":{"_fl_builder_enabled":"1","_fl_builder_data":null,"_fl_builder_draft":null,"_fl_builder_data_settings":null,"_fl_builder_css":"","_fl_builder_css_version":"","_fl_builder_js":"","footnotes":""},"categories":[],"tags":[],"class_list":["post-16816","page","type-page","status-publish"],"yoast_head":"<!-- This site is optimized with the Yoast SEO Premium plugin v27.3 (Yoast SEO v27.3) - https:\/\/yoast.com\/product\/yoast-seo-premium-wordpress\/ -->\r\n<title>Klaviyo SMS l\u00f8sning til danske og nordiske kunder<\/title>\r\n<meta name=\"description\" content=\"Integrer SMS i Klaviyo i dag, og kom i gang med at skabe v\u00e6rdifulde automations og kampagner! En \u00e5bningsrate p\u00e5 98 %.\" \/>\r\n<meta name=\"robots\" content=\"index, follow, max-snippet:-1, max-image-preview:large, max-video-preview:-1\" \/>\r\n<link rel=\"canonical\" href=\"https:\/\/suresms.com\/de\/integrationen\/marketing-automatisierung\/klaviyo-sms\/\" \/>\r\n<meta property=\"og:locale\" content=\"de_DE\" \/>\r\n<meta property=\"og:type\" content=\"article\" \/>\r\n<meta property=\"og:title\" content=\"SMS integration til Klaviyo\" \/>\r\n<meta property=\"og:description\" content=\"Integrer SMS i Klaviyo i dag, og kom i gang med at skabe v\u00e6rdifulde automations og kampagner! En \u00e5bningsrate p\u00e5 98 %.\" \/>\r\n<meta property=\"og:url\" content=\"https:\/\/suresms.com\/de\/integrationen\/marketing-automatisierung\/klaviyo-sms\/\" \/>\r\n<meta property=\"article:publisher\" content=\"https:\/\/www.facebook.com\/p\/SureSMS-100044607956149\/\" \/>\r\n<meta property=\"article:modified_time\" content=\"2026-03-25T15:43:19+00:00\" \/>\r\n<meta property=\"og:image\" content=\"https:\/\/suresms.com\/wp-content\/uploads\/2023\/03\/Klaviyo_SureSMS-1-1.png\" \/>\r\n<meta name=\"twitter:card\" content=\"summary_large_image\" \/>\r\n<meta name=\"twitter:label1\" content=\"Gesch\u00e4tzte Lesezeit\" \/>\n\t<meta name=\"twitter:data1\" content=\"12\u00a0Minuten\" \/>\r\n<script type=\"application\/ld+json\" class=\"yoast-schema-graph\">{\"@context\":\"https:\\\/\\\/schema.org\",\"@graph\":[{\"@type\":\"WebPage\",\"@id\":\"https:\\\/\\\/suresms.com\\\/dk\\\/integrationer\\\/marketing-automation\\\/klaviyo-sms\\\/\",\"url\":\"https:\\\/\\\/suresms.com\\\/dk\\\/integrationer\\\/marketing-automation\\\/klaviyo-sms\\\/\",\"name\":\"Klaviyo SMS l\u00f8sning til danske og nordiske kunder\",\"isPartOf\":{\"@id\":\"https:\\\/\\\/suresms.com\\\/en\\\/#website\"},\"primaryImageOfPage\":{\"@id\":\"https:\\\/\\\/suresms.com\\\/dk\\\/integrationer\\\/marketing-automation\\\/klaviyo-sms\\\/#primaryimage\"},\"image\":{\"@id\":\"https:\\\/\\\/suresms.com\\\/dk\\\/integrationer\\\/marketing-automation\\\/klaviyo-sms\\\/#primaryimage\"},\"thumbnailUrl\":\"https:\\\/\\\/suresms.com\\\/wp-content\\\/uploads\\\/2023\\\/03\\\/Klaviyo_SureSMS-1-1.png\",\"datePublished\":\"2023-03-28T10:23:14+00:00\",\"dateModified\":\"2026-03-25T15:43:19+00:00\",\"description\":\"Integrer SMS i Klaviyo i dag, og kom i gang med at skabe v\u00e6rdifulde automations og kampagner! En \u00e5bningsrate p\u00e5 98 %.\",\"breadcrumb\":{\"@id\":\"https:\\\/\\\/suresms.com\\\/dk\\\/integrationer\\\/marketing-automation\\\/klaviyo-sms\\\/#breadcrumb\"},\"inLanguage\":\"de\",\"potentialAction\":[{\"@type\":\"ReadAction\",\"target\":[\"https:\\\/\\\/suresms.com\\\/dk\\\/integrationer\\\/marketing-automation\\\/klaviyo-sms\\\/\"]}]},{\"@type\":\"ImageObject\",\"inLanguage\":\"de\",\"@id\":\"https:\\\/\\\/suresms.com\\\/dk\\\/integrationer\\\/marketing-automation\\\/klaviyo-sms\\\/#primaryimage\",\"url\":\"https:\\\/\\\/suresms.com\\\/wp-content\\\/uploads\\\/2023\\\/03\\\/Klaviyo_SureSMS-1-1.png\",\"contentUrl\":\"https:\\\/\\\/suresms.com\\\/wp-content\\\/uploads\\\/2023\\\/03\\\/Klaviyo_SureSMS-1-1.png\"},{\"@type\":\"BreadcrumbList\",\"@id\":\"https:\\\/\\\/suresms.com\\\/dk\\\/integrationer\\\/marketing-automation\\\/klaviyo-sms\\\/#breadcrumb\",\"itemListElement\":[{\"@type\":\"ListItem\",\"position\":1,\"name\":\"Home\",\"item\":\"https:\\\/\\\/suresms.com\\\/dk\\\/\"},{\"@type\":\"ListItem\",\"position\":2,\"name\":\"Integrationer\",\"item\":\"https:\\\/\\\/suresms.com\\\/dk\\\/integrationer\\\/\"},{\"@type\":\"ListItem\",\"position\":3,\"name\":\"SMS integration til Marketing Automation\",\"item\":\"https:\\\/\\\/suresms.com\\\/dk\\\/integrationer\\\/marketing-automation\\\/\"},{\"@type\":\"ListItem\",\"position\":4,\"name\":\"SMS integration til Klaviyo\"}]},{\"@type\":\"WebSite\",\"@id\":\"https:\\\/\\\/suresms.com\\\/en\\\/#website\",\"url\":\"https:\\\/\\\/suresms.com\\\/en\\\/\",\"name\":\"SureSMS\",\"description\":\"Professionel SMS Gateway\",\"publisher\":{\"@id\":\"https:\\\/\\\/suresms.com\\\/en\\\/#organization\"},\"potentialAction\":[{\"@type\":\"SearchAction\",\"target\":{\"@type\":\"EntryPoint\",\"urlTemplate\":\"https:\\\/\\\/suresms.com\\\/en\\\/?s={search_term_string}\"},\"query-input\":{\"@type\":\"PropertyValueSpecification\",\"valueRequired\":true,\"valueName\":\"search_term_string\"}}],\"inLanguage\":\"de\"},{\"@type\":\"Organization\",\"@id\":\"https:\\\/\\\/suresms.com\\\/en\\\/#organization\",\"name\":\"SureSMS\",\"url\":\"https:\\\/\\\/suresms.com\\\/en\\\/\",\"logo\":{\"@type\":\"ImageObject\",\"inLanguage\":\"de\",\"@id\":\"https:\\\/\\\/suresms.com\\\/en\\\/#\\\/schema\\\/logo\\\/image\\\/\",\"url\":\"https:\\\/\\\/suresms.com\\\/wp-content\\\/uploads\\\/2024\\\/11\\\/suresms-300x65-1.png\",\"contentUrl\":\"https:\\\/\\\/suresms.com\\\/wp-content\\\/uploads\\\/2024\\\/11\\\/suresms-300x65-1.png\",\"width\":300,\"height\":65,\"caption\":\"SureSMS\"},\"image\":{\"@id\":\"https:\\\/\\\/suresms.com\\\/en\\\/#\\\/schema\\\/logo\\\/image\\\/\"},\"sameAs\":[\"https:\\\/\\\/www.facebook.com\\\/p\\\/SureSMS-100044607956149\\\/\"]}]}<\/script>\r\n<!-- \/ Yoast SEO Premium plugin. -->","yoast_head_json":{"title":"Klaviyo SMS-L\u00f6sung f\u00fcr d\u00e4nische und nordische Kunden","description":"Integriere SMS noch heute in Klaviyo und beginne damit, wertvolle Automatisierungen und Kampagnen zu erstellen! Eine \u00d6ffnungsrate von 98 %.","robots":{"index":"index","follow":"follow","max-snippet":"max-snippet:-1","max-image-preview":"max-image-preview:large","max-video-preview":"max-video-preview:-1"},"canonical":"https:\/\/suresms.com\/de\/integrationen\/marketing-automatisierung\/klaviyo-sms\/","og_locale":"de_DE","og_type":"article","og_title":"SMS integration til Klaviyo","og_description":"Integrer SMS i Klaviyo i dag, og kom i gang med at skabe v\u00e6rdifulde automations og kampagner! En \u00e5bningsrate p\u00e5 98 %.","og_url":"https:\/\/suresms.com\/de\/integrationen\/marketing-automatisierung\/klaviyo-sms\/","article_publisher":"https:\/\/www.facebook.com\/p\/SureSMS-100044607956149\/","article_modified_time":"2026-03-25T15:43:19+00:00","og_image":[{"url":"https:\/\/suresms.com\/wp-content\/uploads\/2023\/03\/Klaviyo_SureSMS-1-1.png","type":"","width":"","height":""}],"twitter_card":"summary_large_image","twitter_misc":{"Gesch\u00e4tzte Lesezeit":"12\u00a0Minuten"},"schema":{"@context":"https:\/\/schema.org","@graph":[{"@type":"WebPage","@id":"https:\/\/suresms.com\/dk\/integrationer\/marketing-automation\/klaviyo-sms\/","url":"https:\/\/suresms.com\/dk\/integrationer\/marketing-automation\/klaviyo-sms\/","name":"Klaviyo SMS-L\u00f6sung f\u00fcr d\u00e4nische und nordische Kunden","isPartOf":{"@id":"https:\/\/suresms.com\/en\/#website"},"primaryImageOfPage":{"@id":"https:\/\/suresms.com\/dk\/integrationer\/marketing-automation\/klaviyo-sms\/#primaryimage"},"image":{"@id":"https:\/\/suresms.com\/dk\/integrationer\/marketing-automation\/klaviyo-sms\/#primaryimage"},"thumbnailUrl":"https:\/\/suresms.com\/wp-content\/uploads\/2023\/03\/Klaviyo_SureSMS-1-1.png","datePublished":"2023-03-28T10:23:14+00:00","dateModified":"2026-03-25T15:43:19+00:00","description":"Integriere SMS noch heute in Klaviyo und beginne damit, wertvolle Automatisierungen und Kampagnen zu erstellen! Eine \u00d6ffnungsrate von 98 %.","breadcrumb":{"@id":"https:\/\/suresms.com\/dk\/integrationer\/marketing-automation\/klaviyo-sms\/#breadcrumb"},"inLanguage":"de","potentialAction":[{"@type":"ReadAction","target":["https:\/\/suresms.com\/dk\/integrationer\/marketing-automation\/klaviyo-sms\/"]}]},{"@type":"ImageObject","inLanguage":"de","@id":"https:\/\/suresms.com\/dk\/integrationer\/marketing-automation\/klaviyo-sms\/#primaryimage","url":"https:\/\/suresms.com\/wp-content\/uploads\/2023\/03\/Klaviyo_SureSMS-1-1.png","contentUrl":"https:\/\/suresms.com\/wp-content\/uploads\/2023\/03\/Klaviyo_SureSMS-1-1.png"},{"@type":"BreadcrumbList","@id":"https:\/\/suresms.com\/dk\/integrationer\/marketing-automation\/klaviyo-sms\/#breadcrumb","itemListElement":[{"@type":"ListItem","position":1,"name":"Home","item":"https:\/\/suresms.com\/dk\/"},{"@type":"ListItem","position":2,"name":"Integrationer","item":"https:\/\/suresms.com\/dk\/integrationer\/"},{"@type":"ListItem","position":3,"name":"SMS integration til Marketing Automation","item":"https:\/\/suresms.com\/dk\/integrationer\/marketing-automation\/"},{"@type":"ListItem","position":4,"name":"SMS integration til Klaviyo"}]},{"@type":"WebSite","@id":"https:\/\/suresms.com\/en\/#website","url":"https:\/\/suresms.com\/en\/","name":"SureSMS","description":"Professioneller SMS-Gateway","publisher":{"@id":"https:\/\/suresms.com\/en\/#organization"},"potentialAction":[{"@type":"SearchAction","target":{"@type":"EntryPoint","urlTemplate":"https:\/\/suresms.com\/en\/?s={search_term_string}"},"query-input":{"@type":"PropertyValueSpecification","valueRequired":true,"valueName":"search_term_string"}}],"inLanguage":"de"},{"@type":"Organization","@id":"https:\/\/suresms.com\/en\/#organization","name":"SureSMS","url":"https:\/\/suresms.com\/en\/","logo":{"@type":"ImageObject","inLanguage":"de","@id":"https:\/\/suresms.com\/en\/#\/schema\/logo\/image\/","url":"https:\/\/suresms.com\/wp-content\/uploads\/2024\/11\/suresms-300x65-1.png","contentUrl":"https:\/\/suresms.com\/wp-content\/uploads\/2024\/11\/suresms-300x65-1.png","width":300,"height":65,"caption":"SureSMS"},"image":{"@id":"https:\/\/suresms.com\/en\/#\/schema\/logo\/image\/"},"sameAs":["https:\/\/www.facebook.com\/p\/SureSMS-100044607956149\/"]}]}},"_links":{"self":[{"href":"https:\/\/suresms.com\/de\/wp-json\/wp\/v2\/pages\/16816","targetHints":{"allow":["GET"]}}],"collection":[{"href":"https:\/\/suresms.com\/de\/wp-json\/wp\/v2\/pages"}],"about":[{"href":"https:\/\/suresms.com\/de\/wp-json\/wp\/v2\/types\/page"}],"author":[{"embeddable":true,"href":"https:\/\/suresms.com\/de\/wp-json\/wp\/v2\/users\/1"}],"replies":[{"embeddable":true,"href":"https:\/\/suresms.com\/de\/wp-json\/wp\/v2\/comments?post=16816"}],"version-history":[{"count":5,"href":"https:\/\/suresms.com\/de\/wp-json\/wp\/v2\/pages\/16816\/revisions"}],"predecessor-version":[{"id":23854,"href":"https:\/\/suresms.com\/de\/wp-json\/wp\/v2\/pages\/16816\/revisions\/23854"}],"up":[{"embeddable":true,"href":"https:\/\/suresms.com\/de\/wp-json\/wp\/v2\/pages\/13367"}],"wp:attachment":[{"href":"https:\/\/suresms.com\/de\/wp-json\/wp\/v2\/media?parent=16816"}],"wp:term":[{"taxonomy":"category","embeddable":true,"href":"https:\/\/suresms.com\/de\/wp-json\/wp\/v2\/categories?post=16816"},{"taxonomy":"post_tag","embeddable":true,"href":"https:\/\/suresms.com\/de\/wp-json\/wp\/v2\/tags?post=16816"}],"curies":[{"name":"wp","href":"https:\/\/api.w.org\/{rel}","templated":true}]}}