{"id":16543,"date":"2023-01-25T10:38:05","date_gmt":"2023-01-25T08:38:05","guid":{"rendered":"https:\/\/www.suresms.com\/dk\/?page_id=16543"},"modified":"2024-12-06T13:05:55","modified_gmt":"2024-12-06T13:05:55","slug":"sms-link","status":"publish","type":"page","link":"https:\/\/suresms.com\/de\/funktioner\/sms-link\/","title":{"rendered":"SMS-Link"},"content":{"rendered":"<!-- Flexy Breadcrumb -->\r\n\t\t\t<div class=\"fbc fbc-page\">\r\n\r\n\t\t\t\t<!-- Breadcrumb wrapper -->\r\n\t\t\t\t<div class=\"fbc-wrap\">\r\n\r\n\t\t\t\t\t<!-- Ordered list-->\r\n\t\t\t\t\t<ol class=\"fbc-items\" itemscope itemtype=\"https:\/\/schema.org\/BreadcrumbList\">\r\n\t\t\t\t\t\t            <li itemprop=\"itemListElement\" itemscope itemtype=\"https:\/\/schema.org\/ListItem\">\r\n                <span itemprop=\"name\">\r\n                    <!-- Home Link -->\r\n                    <a itemprop=\"item\" href=\"https:\/\/suresms.com\/de\/\">\r\n                    \r\n                                                    <i class=\"fa fa-home\" aria-hidden=\"true\"><\/i>Zuhause                    <\/a>\r\n                <\/span>\r\n                <meta itemprop=\"position\" content=\"1\" \/><!-- Meta Position-->\r\n             <\/li><li><span class=\"fbc-separator\">\/<\/span><\/li><li class=\"active\" itemprop=\"itemListElement\" itemscope itemtype=\"https:\/\/schema.org\/ListItem\"><span itemprop=\"name\" title=\"SMS-Link\">SMS-Link<\/span><meta itemprop=\"position\" content=\"2\" \/><\/li>\t\t\t\t\t<\/ol>\r\n\t\t\t\t\t<div class=\"clearfix\"><\/div>\r\n\t\t\t\t<\/div>\r\n\t\t\t<\/div>\r\n\t\t\t\n<h1>\n\t\tSMS-Link\n\t<\/h1>\n\t<h4>Videos, PDF-Dateien, Bilder und Links k\u00f6nnen in eine SMS-Nachricht eingef\u00fcgt werden. Es ist so einfach wie das Anh\u00e4ngen einer Datei beim Versenden einer E-Mail.<\/h4>\n<p>Mit SureSMS bekommst du die einzigartige M\u00f6glichkeit, Links in deiner SMS zu versenden. Wir haben unseren eigenen URL-Verk\u00fcrzer entwickelt, der es erm\u00f6glicht, Videos, PDF-Dateien, Bilder und vieles mehr in SMS-Nachrichten anzuzeigen.<\/p>\n\t<ul>\n\t\t<li>\t\t\t\t\n\t\t<h3>Link in Nachrichten einf\u00fcgen<\/h3><p>Mit unserem speziellen Linkmodul hast du die M\u00f6glichkeit, einen Link in deine Nachricht einzuf\u00fcgen. Wenn du unseren URL-Verk\u00fcrzer verwendest, kannst du einen sehr kurzen Link erstellen und viele Zeichen sparen.<\/p><\/li><li>\t\t\t\t\n\t\t<h3>Verwende deinen eigenen Domainnamen<\/h3><p>Mit unserem speziellen Branded-Url-Modul hast du die M\u00f6glichkeit, einen kurzen Link in deinen Nachrichten zu erstellen, der deinen eigenen Domainnamen enth\u00e4lt. Das f\u00fchrt in der Regel zu einer 30% h\u00f6heren Klickrate, weil dein Link vertrauensw\u00fcrdiger ist.\u00a0<\/p><\/li><li>\t\t\t\t\n\t\t<h3>Dateien anh\u00e4ngen<\/h3><p>Als einziges d\u00e4nisches SMS-Gateway erm\u00f6glicht es dir SureSMS, Dateien einzuf\u00fcgen, wenn du eine SMS versendest. Das kann zum Beispiel eine PDF-Datei oder ein Video sein.\u00a0<\/p><\/li><li>\t\t\t\t\n\t\t<h3>MobilePay Link<\/h3><p>Wenn du Zahlungen von deinen Empf\u00e4ngern erh\u00e4ltst, hast du auch die M\u00f6glichkeit, einen MobilePay-Link in die Nachricht einzuf\u00fcgen. Der Nutzer braucht nur zu wischen und die Zahlung wird ausgef\u00fchrt.<\/p><\/li><li>\t\t\t\t\n\t\t<h3>Link herunterladen<\/h3><p>Wenn du SMS-Marketing versendest, ist es eine Voraussetzung, dass sich die Leute aus deiner Liste austragen k\u00f6nnen. Das ist mit Links in der SMS-Nachricht ganz einfach.<\/p><\/li>\t<\/ul>\n\t<p>Auf dem Screenshot unten siehst du, wie einfach es ist, einen Link mit deiner eigenen URL in die Nachricht einzuf\u00fcgen.<\/p>\n\t\t\t\t<img loading=\"lazy\" decoding=\"async\" src=\"https:\/\/suresms.com\/wp-content\/uploads\/2023\/01\/Tilfoej-link-1.png\" alt=\"Link zur Nachricht hinzuf\u00fcgen\" itemprop=\"image\" height=\"498\" width=\"1416\" title=\"Link hinzuf\u00fcgen\" onerror=\"this.style.display='none'\"  \/>\n\t<p>Wenn du einen Link erstellen m\u00f6chtest, kannst du das auf zwei Arten tun.<\/p>\nEntweder schreibst du den Link direkt in die Nachricht, z.B.: https:\/\/mitdomain.dk\/kampagne1.<br \/>\nDu kannst auch einen normalen Link einf\u00fcgen. Hier gibst du https:\/\/mitdomain.dk\/kampagne1 in das Link-Feld ein, aber wenn der Empf\u00e4nger die Nachricht erh\u00e4lt, steht dort https:\/\/a-l.ink\/HdB6sg.\n<p>Lesen Sie \u00fcber <a href=\"https:\/\/suresms.com\/de\/eigenschaften\/sms-link-3\/\">Marken-URLs hier<\/a>wo du einen Link verwendest, der wie folgt aussieht: https:\/\/m.mitfomain.dk\/fhdcd<\/p>\n<p>Wenn sie auf den Link klicken, \u00f6ffnet sich eine Seite auf unserem Server, auf der wir \u00fcberpr\u00fcfen, wer geklickt hat, von welchem Telefon aus er geklickt hat, wie sp\u00e4t es ist und vieles mehr. Der Nutzer wird dann an die endg\u00fcltige Adresse weitergeleitet. So k\u00f6nnen wir messen, wer geklickt hat, und dies an dich weitergeben.<\/p>\n\t<h2>Link-Tracking im SMS-Marketing<\/h2>\n<p>Mit der speziellen Link-Funktion in unserem SMS-Sender kannst du auch nachverfolgen. Du kannst sehen, wer auf einen Link geklickt hat, wie lange sie sich ein Video angesehen haben, wie oft sie geklickt haben und wann. Alles wertvolle Informationen, wenn du Marketing betreibst.<\/p>\n<ol> \t\n<li>K\u00fcrzere und klarere Links f\u00fchren zu einer h\u00f6heren Klickrate: Wenn Ihre Links k\u00fcrzer und \"h\u00fcbscher\" sind, wirken sie glaubw\u00fcrdiger und transparenter. Dies kann zu einer h\u00f6heren durchschnittlichen Klickrate f\u00fchren, da die Empf\u00e4nger eher bereit sind, auf den Link zu klicken.<\/li>\n\n<li>Liefert wertvolle Kampagnendaten wie Klickraten und Konversionen: Wenn du Link-Tracking in deinen SMS-Kampagnen einsetzt, erh\u00e4ltst du wertvolle Einblicke in die Leistung der Kampagnen in Bezug auf Klickraten und Konversionen. Dieses Wissen kannst du nutzen, um zuk\u00fcnftige Kampagnen zu planen und zu optimieren.<\/li>\n\n<li>Bietet einen \u00dcberblick \u00fcber die Absprungraten von Kampagnen: Durch die Verwendung von Abmeldelinks kannst du schnell erkennen, welche Kampagnen deinen Empf\u00e4ngern nicht gefallen. Dieses Wissen kannst du nutzen, um zuk\u00fcnftige Kampagnen zu optimieren oder solche, die nicht gut laufen, abzubrechen. Anhand der Linkverfolgung kannst du sehen, welche deiner SMS-Kampagnen gut laufen und an welchen du in Zukunft vielleicht noch arbeiten musst.<\/li>\n<\/ol>\n\t<h2>SMS abbestellen \u00fcber Link<\/h2>\n<p>Der Link in der SMS kann auch verwendet werden, wenn sich die Empf\u00e4nger von deinem Newsletter abmelden wollen. Dieser Link wird automatisch eingef\u00fcgt, wenn du beim Versenden das entsprechende H\u00e4kchen setzt. Der Empf\u00e4nger muss dann nur noch auf den Link klicken, um sich abzumelden.<\/p>\n\t<h4><strong>\u00a0Hier k\u00f6nnen Sie einige Beispiele lesen, wie unsere Kunden die Funktion \"Group SMS\" heute nutzen<\/strong><\/h4>\n\n<ul> \t\n<li>Ein mittelst\u00e4ndisches Transportunternehmen in J\u00fctland verwendet Gruppen-SMS, um Arbeitsauftr\u00e4ge an seine Fahrer zu senden. Die versendeten SMS-Nachrichten enthalten logistische Informationen \u00fcber Waren, Standort und Abholung.<\/li>\n\n<li>Ein Anbieter von Online-Spielen gewinnt neue Kunden, indem er Gruppentextnachrichten mit Links zu m\u00f6glichen Online-Spielen an seine Nutzer verschickt.<\/li>\n\n<li>In einem d\u00e4nischen Krankenhaus verschickt der Kantinenleiter regelm\u00e4\u00dfig Gruppentextnachrichten an die gl\u00fccklichen Mitarbeiter \u00fcber soziale Ereignisse und wichtige Ereignisse: \"Heute gibt es Kuchen in der Kantine!\" oder \"Morgen feiern wir den Sommer mit einem Freitagsgrillen im Innenhof!\"<\/li>\n<\/ul>","protected":false},"excerpt":{"rendered":"<p>SMS-Link Videos, PDF-Dateien, Bilder und Links k\u00f6nnen in eine SMS-Nachricht eingef\u00fcgt werden. Es ist so einfach wie das Anh\u00e4ngen einer Datei beim Senden einer E-Mail. Mit SureSMS haben Sie die einzigartige M\u00f6glichkeit, Links in Ihrer SMS-Nachricht zu versenden. Wir haben unseren eigenen URL-Verk\u00fcrzer entwickelt... <a title=\"SMS-Link\" class=\"read-more\" href=\"https:\/\/suresms.com\/de\/funktioner\/sms-link\/\" aria-label=\"Mehr Informationen \u00fcber SMS-Link\">Mehr lesen<\/a><\/p>","protected":false},"author":1,"featured_media":0,"parent":958,"menu_order":12,"comment_status":"closed","ping_status":"closed","template":"","meta":{"_fl_builder_enabled":"1","_fl_builder_data":null,"_fl_builder_draft":null,"_fl_builder_data_settings":null,"_fl_builder_css":"","_fl_builder_css_version":"","_fl_builder_js":"","footnotes":""},"categories":[17],"tags":[],"class_list":{"0":"post-16543","1":"page","2":"type-page","3":"status-publish","5":"category-linkfracornorstone"},"yoast_head":"<!-- This site is optimized with the Yoast SEO Premium plugin v27.3 (Yoast SEO v27.3) - https:\/\/yoast.com\/product\/yoast-seo-premium-wordpress\/ -->\r\n<title>SMS link - gratis konto<\/title>\r\n<meta name=\"description\" content=\"Du kan sende b\u00e5de sms links, billeder, videoer og lydfiler med vores SMS gateway. Uanede muligheder for rigt indhold.\" \/>\r\n<meta name=\"robots\" content=\"index, follow, max-snippet:-1, max-image-preview:large, max-video-preview:-1\" \/>\r\n<link rel=\"canonical\" href=\"https:\/\/suresms.com\/de\/eigenschaften\/sms-link\/\" \/>\r\n<meta property=\"og:locale\" content=\"de_DE\" \/>\r\n<meta property=\"og:type\" content=\"article\" \/>\r\n<meta property=\"og:title\" content=\"SMS link\" \/>\r\n<meta property=\"og:description\" content=\"Du kan sende b\u00e5de sms links, billeder, videoer og lydfiler med vores SMS gateway. Uanede muligheder for rigt indhold.\" \/>\r\n<meta property=\"og:url\" content=\"https:\/\/suresms.com\/de\/eigenschaften\/sms-link\/\" \/>\r\n<meta property=\"article:publisher\" content=\"https:\/\/www.facebook.com\/p\/SureSMS-100044607956149\/\" \/>\r\n<meta property=\"article:modified_time\" content=\"2024-12-06T13:05:55+00:00\" \/>\r\n<meta property=\"og:image\" content=\"https:\/\/suresms.com\/wp-content\/uploads\/2023\/01\/Tilfoej-link-1.png\" \/>\r\n<meta name=\"twitter:card\" content=\"summary_large_image\" \/>\r\n<meta name=\"twitter:label1\" content=\"Gesch\u00e4tzte Lesezeit\" \/>\n\t<meta name=\"twitter:data1\" content=\"5\u00a0Minuten\" \/>\r\n<script type=\"application\/ld+json\" class=\"yoast-schema-graph\">{\"@context\":\"https:\\\/\\\/schema.org\",\"@graph\":[{\"@type\":\"WebPage\",\"@id\":\"https:\\\/\\\/suresms.com\\\/dk\\\/funktioner\\\/sms-link\\\/\",\"url\":\"https:\\\/\\\/suresms.com\\\/dk\\\/funktioner\\\/sms-link\\\/\",\"name\":\"SMS link - gratis konto\",\"isPartOf\":{\"@id\":\"https:\\\/\\\/suresms.com\\\/en\\\/#website\"},\"primaryImageOfPage\":{\"@id\":\"https:\\\/\\\/suresms.com\\\/dk\\\/funktioner\\\/sms-link\\\/#primaryimage\"},\"image\":{\"@id\":\"https:\\\/\\\/suresms.com\\\/dk\\\/funktioner\\\/sms-link\\\/#primaryimage\"},\"thumbnailUrl\":\"https:\\\/\\\/suresms.com\\\/wp-content\\\/uploads\\\/2023\\\/01\\\/Tilfoej-link-1.png\",\"datePublished\":\"2023-01-25T08:38:05+00:00\",\"dateModified\":\"2024-12-06T13:05:55+00:00\",\"description\":\"Du kan sende b\u00e5de sms links, billeder, videoer og lydfiler med vores SMS gateway. Uanede muligheder for rigt indhold.\",\"breadcrumb\":{\"@id\":\"https:\\\/\\\/suresms.com\\\/dk\\\/funktioner\\\/sms-link\\\/#breadcrumb\"},\"inLanguage\":\"de\",\"potentialAction\":[{\"@type\":\"ReadAction\",\"target\":[\"https:\\\/\\\/suresms.com\\\/dk\\\/funktioner\\\/sms-link\\\/\"]}]},{\"@type\":\"ImageObject\",\"inLanguage\":\"de\",\"@id\":\"https:\\\/\\\/suresms.com\\\/dk\\\/funktioner\\\/sms-link\\\/#primaryimage\",\"url\":\"https:\\\/\\\/suresms.com\\\/wp-content\\\/uploads\\\/2023\\\/01\\\/Tilfoej-link-1.png\",\"contentUrl\":\"https:\\\/\\\/suresms.com\\\/wp-content\\\/uploads\\\/2023\\\/01\\\/Tilfoej-link-1.png\"},{\"@type\":\"BreadcrumbList\",\"@id\":\"https:\\\/\\\/suresms.com\\\/dk\\\/funktioner\\\/sms-link\\\/#breadcrumb\",\"itemListElement\":[{\"@type\":\"ListItem\",\"position\":1,\"name\":\"Home\",\"item\":\"https:\\\/\\\/suresms.com\\\/dk\\\/\"},{\"@type\":\"ListItem\",\"position\":2,\"name\":\"Funktioner\",\"item\":\"https:\\\/\\\/suresms.com\\\/dk\\\/funktioner\\\/\"},{\"@type\":\"ListItem\",\"position\":3,\"name\":\"SMS link\"}]},{\"@type\":\"WebSite\",\"@id\":\"https:\\\/\\\/suresms.com\\\/en\\\/#website\",\"url\":\"https:\\\/\\\/suresms.com\\\/en\\\/\",\"name\":\"SureSMS\",\"description\":\"Professionel SMS Gateway\",\"publisher\":{\"@id\":\"https:\\\/\\\/suresms.com\\\/en\\\/#organization\"},\"potentialAction\":[{\"@type\":\"SearchAction\",\"target\":{\"@type\":\"EntryPoint\",\"urlTemplate\":\"https:\\\/\\\/suresms.com\\\/en\\\/?s={search_term_string}\"},\"query-input\":{\"@type\":\"PropertyValueSpecification\",\"valueRequired\":true,\"valueName\":\"search_term_string\"}}],\"inLanguage\":\"de\"},{\"@type\":\"Organization\",\"@id\":\"https:\\\/\\\/suresms.com\\\/en\\\/#organization\",\"name\":\"SureSMS\",\"url\":\"https:\\\/\\\/suresms.com\\\/en\\\/\",\"logo\":{\"@type\":\"ImageObject\",\"inLanguage\":\"de\",\"@id\":\"https:\\\/\\\/suresms.com\\\/en\\\/#\\\/schema\\\/logo\\\/image\\\/\",\"url\":\"https:\\\/\\\/suresms.com\\\/wp-content\\\/uploads\\\/2024\\\/11\\\/suresms-300x65-1.png\",\"contentUrl\":\"https:\\\/\\\/suresms.com\\\/wp-content\\\/uploads\\\/2024\\\/11\\\/suresms-300x65-1.png\",\"width\":300,\"height\":65,\"caption\":\"SureSMS\"},\"image\":{\"@id\":\"https:\\\/\\\/suresms.com\\\/en\\\/#\\\/schema\\\/logo\\\/image\\\/\"},\"sameAs\":[\"https:\\\/\\\/www.facebook.com\\\/p\\\/SureSMS-100044607956149\\\/\"]}]}<\/script>\r\n<!-- \/ Yoast SEO Premium plugin. -->","yoast_head_json":{"title":"SMS-Link - kostenloses Konto","description":"Mit unserem SMS-Gateway kannst du SMS-Links, Bilder, Videos und Audiodateien versenden. Unendliche M\u00f6glichkeiten f\u00fcr vielf\u00e4ltige Inhalte.","robots":{"index":"index","follow":"follow","max-snippet":"max-snippet:-1","max-image-preview":"max-image-preview:large","max-video-preview":"max-video-preview:-1"},"canonical":"https:\/\/suresms.com\/de\/eigenschaften\/sms-link\/","og_locale":"de_DE","og_type":"article","og_title":"SMS link","og_description":"Du kan sende b\u00e5de sms links, billeder, videoer og lydfiler med vores SMS gateway. Uanede muligheder for rigt indhold.","og_url":"https:\/\/suresms.com\/de\/eigenschaften\/sms-link\/","article_publisher":"https:\/\/www.facebook.com\/p\/SureSMS-100044607956149\/","article_modified_time":"2024-12-06T13:05:55+00:00","og_image":[{"url":"https:\/\/suresms.com\/wp-content\/uploads\/2023\/01\/Tilfoej-link-1.png","type":"","width":"","height":""}],"twitter_card":"summary_large_image","twitter_misc":{"Gesch\u00e4tzte Lesezeit":"5\u00a0Minuten"},"schema":{"@context":"https:\/\/schema.org","@graph":[{"@type":"WebPage","@id":"https:\/\/suresms.com\/dk\/funktioner\/sms-link\/","url":"https:\/\/suresms.com\/dk\/funktioner\/sms-link\/","name":"SMS-Link - kostenloses Konto","isPartOf":{"@id":"https:\/\/suresms.com\/en\/#website"},"primaryImageOfPage":{"@id":"https:\/\/suresms.com\/dk\/funktioner\/sms-link\/#primaryimage"},"image":{"@id":"https:\/\/suresms.com\/dk\/funktioner\/sms-link\/#primaryimage"},"thumbnailUrl":"https:\/\/suresms.com\/wp-content\/uploads\/2023\/01\/Tilfoej-link-1.png","datePublished":"2023-01-25T08:38:05+00:00","dateModified":"2024-12-06T13:05:55+00:00","description":"Mit unserem SMS-Gateway kannst du SMS-Links, Bilder, Videos und Audiodateien versenden. Unendliche M\u00f6glichkeiten f\u00fcr vielf\u00e4ltige Inhalte.","breadcrumb":{"@id":"https:\/\/suresms.com\/dk\/funktioner\/sms-link\/#breadcrumb"},"inLanguage":"de","potentialAction":[{"@type":"ReadAction","target":["https:\/\/suresms.com\/dk\/funktioner\/sms-link\/"]}]},{"@type":"ImageObject","inLanguage":"de","@id":"https:\/\/suresms.com\/dk\/funktioner\/sms-link\/#primaryimage","url":"https:\/\/suresms.com\/wp-content\/uploads\/2023\/01\/Tilfoej-link-1.png","contentUrl":"https:\/\/suresms.com\/wp-content\/uploads\/2023\/01\/Tilfoej-link-1.png"},{"@type":"BreadcrumbList","@id":"https:\/\/suresms.com\/dk\/funktioner\/sms-link\/#breadcrumb","itemListElement":[{"@type":"ListItem","position":1,"name":"Home","item":"https:\/\/suresms.com\/dk\/"},{"@type":"ListItem","position":2,"name":"Funktioner","item":"https:\/\/suresms.com\/dk\/funktioner\/"},{"@type":"ListItem","position":3,"name":"SMS link"}]},{"@type":"WebSite","@id":"https:\/\/suresms.com\/en\/#website","url":"https:\/\/suresms.com\/en\/","name":"SureSMS","description":"Professioneller SMS-Gateway","publisher":{"@id":"https:\/\/suresms.com\/en\/#organization"},"potentialAction":[{"@type":"SearchAction","target":{"@type":"EntryPoint","urlTemplate":"https:\/\/suresms.com\/en\/?s={search_term_string}"},"query-input":{"@type":"PropertyValueSpecification","valueRequired":true,"valueName":"search_term_string"}}],"inLanguage":"de"},{"@type":"Organization","@id":"https:\/\/suresms.com\/en\/#organization","name":"SureSMS","url":"https:\/\/suresms.com\/en\/","logo":{"@type":"ImageObject","inLanguage":"de","@id":"https:\/\/suresms.com\/en\/#\/schema\/logo\/image\/","url":"https:\/\/suresms.com\/wp-content\/uploads\/2024\/11\/suresms-300x65-1.png","contentUrl":"https:\/\/suresms.com\/wp-content\/uploads\/2024\/11\/suresms-300x65-1.png","width":300,"height":65,"caption":"SureSMS"},"image":{"@id":"https:\/\/suresms.com\/en\/#\/schema\/logo\/image\/"},"sameAs":["https:\/\/www.facebook.com\/p\/SureSMS-100044607956149\/"]}]}},"_links":{"self":[{"href":"https:\/\/suresms.com\/de\/wp-json\/wp\/v2\/pages\/16543","targetHints":{"allow":["GET"]}}],"collection":[{"href":"https:\/\/suresms.com\/de\/wp-json\/wp\/v2\/pages"}],"about":[{"href":"https:\/\/suresms.com\/de\/wp-json\/wp\/v2\/types\/page"}],"author":[{"embeddable":true,"href":"https:\/\/suresms.com\/de\/wp-json\/wp\/v2\/users\/1"}],"replies":[{"embeddable":true,"href":"https:\/\/suresms.com\/de\/wp-json\/wp\/v2\/comments?post=16543"}],"version-history":[{"count":2,"href":"https:\/\/suresms.com\/de\/wp-json\/wp\/v2\/pages\/16543\/revisions"}],"predecessor-version":[{"id":19497,"href":"https:\/\/suresms.com\/de\/wp-json\/wp\/v2\/pages\/16543\/revisions\/19497"}],"up":[{"embeddable":true,"href":"https:\/\/suresms.com\/de\/wp-json\/wp\/v2\/pages\/958"}],"wp:attachment":[{"href":"https:\/\/suresms.com\/de\/wp-json\/wp\/v2\/media?parent=16543"}],"wp:term":[{"taxonomy":"category","embeddable":true,"href":"https:\/\/suresms.com\/de\/wp-json\/wp\/v2\/categories?post=16543"},{"taxonomy":"post_tag","embeddable":true,"href":"https:\/\/suresms.com\/de\/wp-json\/wp\/v2\/tags?post=16543"}],"curies":[{"name":"wp","href":"https:\/\/api.w.org\/{rel}","templated":true}]}}