{"id":1654,"date":"2016-02-01T18:43:38","date_gmt":"2016-02-01T16:43:38","guid":{"rendered":"https:\/\/www.suresms.com\/dk\/?page_id=1654"},"modified":"2025-01-22T16:11:08","modified_gmt":"2025-01-22T16:11:08","slug":"filialentladungen","status":"publish","type":"page","link":"https:\/\/suresms.com\/de\/branchelosninger\/","title":{"rendered":"L\u00f6sungen f\u00fcr die Industrie"},"content":{"rendered":"<h1>Branchenl\u00f6sungen - Premium SMS-L\u00f6sung f\u00fcr dein Unternehmen<\/h1>\n<p>Wir bei SureSMS bieten flexible und stabile SMS-L\u00f6sungen f\u00fcr viele Branchen und Organisationen. F\u00fcr uns ist die Zusammenarbeit mit unseren Kunden eine Partnerschaft, bei der wir Produkte und Dienstleistungen an ihre Bed\u00fcrfnisse anpassen, damit wir gemeinsam ihre Kommunikation und Wettbewerbsf\u00e4higkeit verbessern k\u00f6nnen.<\/p>\n<p>Auf dieser Seite haben wir einige der Branchen und Berufsgruppen zusammengestellt, die unsere Online-SMS-Dienste nutzen. Lass dich inspirieren, wie wir deinem Unternehmen helfen k\u00f6nnen.<\/p>\n<p>Lies mehr \u00fcber die Vorteile und Funktionen auf den einzelnen Seiten.<\/p>\n\t\t<h3><a href=\"https:\/\/suresms.com\/de\/filialentladungen\/sms-fur-dienstleistungsunternehmen\/\" target=\"_self\">Dienstleistungsunternehmen<\/a><\/h3>\n\t\t\t\t<a href=\"https:\/\/suresms.com\/de\/filialentladungen\/sms-fur-dienstleistungsunternehmen\/\"  target=\"_self\" itemprop=\"url\">\n\t\t\t\t<img loading=\"lazy\" decoding=\"async\" src=\"https:\/\/suresms.com\/wp-content\/uploads\/2016\/06\/sms-til-service-snippet.jpg\" alt=\"SMS f\u00fcr Dienstleistungsunternehmen, Autoservice, Friseure und Zahn\u00e4rzte\" itemprop=\"image\" height=\"266\" width=\"400\" title=\"SMS f\u00fcr Service\" onerror=\"this.style.display='none'\"  \/>\n\t\t\t\t<\/a>\n<a href=\"https:\/\/suresms.com\/de\/filialentladungen\/sms-fur-dienstleistungsunternehmen\/\"  target=\"_self\">\u00dcber SMS f\u00fcr Dienstleistungsunternehmen<\/a>\t\n\t\t<h3><a href=\"https:\/\/suresms.com\/de\/filialentladungen\/sms-fur-transport-und-logistikunternehmen\/\" target=\"_self\">Die Transportindustrie<\/a><\/h3>\n\t\t\t\t<a href=\"https:\/\/suresms.com\/de\/filialentladungen\/sms-fur-transport-und-logistikunternehmen\/\"  target=\"_self\" itemprop=\"url\">\n\t\t\t\t<img loading=\"lazy\" decoding=\"async\" src=\"https:\/\/suresms.com\/wp-content\/uploads\/2016\/02\/SMS-til-Transport-snippet.jpg\" alt=\"SMS f\u00fcr Transport- und Logistikunternehmen\" itemprop=\"image\" height=\"266\" width=\"400\" title=\"SMS an Transportunternehmen\" onerror=\"this.style.display='none'\"  \/>\n\t\t\t\t<\/a>\n<a href=\"https:\/\/suresms.com\/de\/filialentladungen\/sms-fur-transport-und-logistikunternehmen\/\"  target=\"_self\">Lies mehr \u00fcber SMS f\u00fcr die Transportbranche<\/a>\t\n\t\t<h3><a href=\"https:\/\/suresms.com\/de\/filialentladungen\/sms-fur-unternehmen\/\" target=\"_self\">Gesch\u00e4fte und Unternehmen<\/a><\/h3>\n\t\t\t\t<a href=\"https:\/\/suresms.com\/de\/filialentladungen\/sms-fur-unternehmen\/\"  target=\"_self\" itemprop=\"url\">\n\t\t\t\t<img loading=\"lazy\" decoding=\"async\" src=\"https:\/\/suresms.com\/wp-content\/uploads\/2015\/02\/sms-til-butikker-snippet.jpg\" alt=\"SMS-Kunden online an Gesch\u00e4fte und L\u00e4den\" itemprop=\"image\" height=\"267\" width=\"400\" title=\"SMS an Stores Schnipsel\" onerror=\"this.style.display='none'\"  \/>\n\t\t\t\t<\/a>\n<a href=\"https:\/\/suresms.com\/de\/filialentladungen\/sms-fur-unternehmen\/\"  target=\"_self\">Lies \u00fcber SMS an Gesch\u00e4fte und L\u00e4den<\/a>\t\n\t\t<h3><a href=\"https:\/\/suresms.com\/de\/filialentladungen\/sms-fur-offentliche-einrichtungen\/\" target=\"_self\">\u00d6ffentliche Einrichtungen<\/a><\/h3>\n\t\t\t\t<a href=\"https:\/\/suresms.com\/de\/filialentladungen\/sms-fur-offentliche-einrichtungen\/\"  target=\"_self\" itemprop=\"url\">\n\t\t\t\t<img loading=\"lazy\" decoding=\"async\" src=\"https:\/\/suresms.com\/wp-content\/uploads\/2016\/02\/sms-til-offentlige-snippet.jpg\" alt=\"SMS an \u00f6ffentliche Einrichtungen in Staat und Gemeinde\" itemprop=\"image\" height=\"266\" width=\"400\" title=\"SMS f\u00fcr \u00f6ffentliche Einrichtungen\" onerror=\"this.style.display='none'\"  \/>\n\t\t\t\t<\/a>\n<a href=\"https:\/\/suresms.com\/de\/filialentladungen\/sms-fur-offentliche-einrichtungen\/\"  target=\"_self\">Lies \u00fcber SMS f\u00fcr \u00f6ffentliche Einrichtungen<\/a>\t\n\t\t<h3><a href=\"https:\/\/suresms.com\/de\/filialentladungen\/sms-fur-online-unternehmen-und-webdienste-2\/\" target=\"_self\">Online-Gesch\u00e4fte<\/a><\/h3>\n\t\t\t\t<a href=\"https:\/\/suresms.com\/de\/filialentladungen\/sms-fur-online-unternehmen-und-webdienste-2\/\"  target=\"_self\" itemprop=\"url\">\n\t\t\t\t<img loading=\"lazy\" decoding=\"async\" src=\"https:\/\/suresms.com\/wp-content\/uploads\/2016\/06\/SMS-til-butikker.jpg\" alt=\"SMS f\u00fcr Online-Unternehmen und Webdienste\" itemprop=\"image\" height=\"266\" width=\"400\" title=\"SMS f\u00fcr Online-Unternehmen und Webdienste\" onerror=\"this.style.display='none'\"  \/>\n\t\t\t\t<\/a>\n<a href=\"https:\/\/suresms.com\/de\/filialentladungen\/sms-fur-online-unternehmen-und-webdienste-2\/\"  target=\"_self\">Lies \u00fcber SMS f\u00fcr Online-Dienste<\/a>\t\n\t\t<h3><a href=\"https:\/\/suresms.com\/de\/filialentladungen\/sms-fur-produzierende-unternehmen\/\" target=\"_self\">Produktion &amp; Gesch\u00e4ft<\/a><\/h3>\n\t\t\t\t<a href=\"https:\/\/suresms.com\/de\/filialentladungen\/sms-fur-produzierende-unternehmen\/\"  target=\"_self\" itemprop=\"url\">\n\t\t\t\t<img loading=\"lazy\" decoding=\"async\" src=\"https:\/\/suresms.com\/wp-content\/uploads\/2016\/06\/sms-til-produktionsvirksomheder-snippet.jpg\" alt=\"SMS f\u00fcr Produktions- und Unternehmensorganisationen\" itemprop=\"image\" height=\"266\" width=\"400\" title=\"SMS f\u00fcr produzierende Unternehmen\" onerror=\"this.style.display='none'\"  \/>\n\t\t\t\t<\/a>\n<a href=\"https:\/\/suresms.com\/de\/filialentladungen\/sms-fur-produzierende-unternehmen\/\"  target=\"_self\">\u00dcber SMS for Business &amp; Enterprise<\/a>\t\n\t\t<h3><a href=\"https:\/\/suresms.com\/de\/filialentladungen\/sms-clubs\/\" target=\"_self\">Vereine &amp; Verb\u00e4nde<\/a><\/h3>\n\t\t\t\t<a href=\"https:\/\/suresms.com\/de\/filialentladungen\/sms-clubs\/\"  target=\"_self\" itemprop=\"url\">\n\t\t\t\t<img loading=\"lazy\" decoding=\"async\" src=\"https:\/\/suresms.com\/wp-content\/uploads\/2015\/02\/sms-til-klubber-snippet.jpg\" alt=\"sms online versenden Vereine und Verb\u00e4nde\" itemprop=\"image\" height=\"266\" width=\"400\" title=\"SMS an Vereine\" onerror=\"this.style.display='none'\"  \/>\n\t\t\t\t<\/a>\n<a href=\"https:\/\/suresms.com\/de\/filialentladungen\/sms-clubs\/\"  target=\"_self\">Lies mehr \u00fcber SMS f\u00fcr Vereine und Verb\u00e4nde <\/a>\t\n\t\t<h3><a href=\"https:\/\/suresms.com\/de\/filialentladungen\/notfall-sms\/\" target=\"_self\">Notfall-SMS f\u00fcr alle<\/a><\/h3>\n\t\t\t\t<a href=\"https:\/\/suresms.com\/de\/filialentladungen\/notfall-sms\/\"  target=\"_self\" itemprop=\"url\">\n\t\t\t\t<img loading=\"lazy\" decoding=\"async\" src=\"https:\/\/suresms.com\/wp-content\/uploads\/2023\/07\/Emergency-BW-1.png\" alt=\"Notfall-SMS\" itemprop=\"image\" height=\"333\" width=\"500\" title=\"Notfall BW\" onerror=\"this.style.display='none'\"  \/>\n\t\t\t\t<\/a>\n<a href=\"https:\/\/suresms.com\/de\/filialentladungen\/notfall-sms\/\"  target=\"_self\">Lies \u00fcber unsere Notfall-SMS<\/a>\t\n\t<h3>Sende eine SMS, wenn es NEWS auf deiner Website gibt<\/h3>\n<p>Das ist eine n\u00fctzliche Funktion f\u00fcr Verb\u00e4nde, Unternehmen und Gewerbetreibende, die einfach und kosteng\u00fcnstig einzurichten ist. Mit unserem SMS Gateway kannst du w\u00e4hlen, ob du eine SMS an alle Kunden oder nur an Gruppen von Nutzern senden m\u00f6chtest. \u00dcber unsere SureSMS API wird die SMS automatisch verschickt, wenn du deine Website aktualisierst. Wenn du bereits einen Newsletter oder ein Modul zum Versenden von Newslettern hast, kannst du unser email2sms-Modul verwenden, um es so einzurichten, dass deine Nutzer\/innen die SMS von deinem Nachrichtenmodul erhalten.<\/p>\n<p><a href=\"https:\/\/suresms.com\/de\/uber-suresms\/suresms-unterstutzung\/\">Ruf das Support-Team an<\/a> f\u00fcr ein Gespr\u00e4ch. Wir helfen dir gerne dabei, eine L\u00f6sung zu finden, die deinen Bed\u00fcrfnissen entspricht.<\/p>\n\t\t\t\t<a href=\"https:\/\/suresms.com\/de\/uber-suresms\/suresms-unterstutzung\/\"  target=\"_self\" itemprop=\"url\">\n\t\t\t\t<img loading=\"lazy\" decoding=\"async\" src=\"https:\/\/suresms.com\/wp-content\/uploads\/bb-plugin\/cache\/Not-there1-panorama-46ce722cf3951d9002e2059616f3f7fe-.jpg\" alt=\"Welche Online-SMS-L\u00f6sung\" itemprop=\"image\" height=\"266\" width=\"500\" title=\"Online-SMS-L\u00f6sung im Zweifel\" onerror=\"this.style.display='none'\"  \/>\n\t\t\t\t<\/a>\n<h3><a href=\"https:\/\/suresms.com\/de\/uber-suresms\/suresms-unterstutzung\/\" target=\"_self\">Ich bin nicht da<\/a><\/h3>Ich kann mich nicht wirklich in deinen Kisten sehen.<br \/>\nIch brauche eine SMS-L\u00f6sung, von der ich nicht wei\u00df, ob du sie anbietest.\n<p>&nbsp;<\/p>\n<a title=\"SureSMS 24\/7 Unterst\u00fctzung\" href=\"https:\/\/suresms.com\/de\/uber-suresms\/suresms-unterstutzung\/\">Kontaktiere unser Support-Team.<\/a> Wir haben bestimmt eine L\u00f6sung f\u00fcr dich, und wir lieben Herausforderungen.<br \/>\nWir stehen sieben Tage die Woche mit Wissen, Hilfe und kostenloser professioneller Beratung zur Verf\u00fcgung.\n\t\t\t\t<a href=\"https:\/\/suresms.com\/de\/bestellung\/kostenloses-sms-testkonto\/\"  target=\"_self\" itemprop=\"url\">\n\t\t\t\t<img loading=\"lazy\" decoding=\"async\" src=\"https:\/\/suresms.com\/wp-content\/uploads\/bb-plugin\/cache\/test-stor-panorama-de3cf342ba8c1b45016354f59526e95d-.jpg\" alt=\"Kostenloses Sure SMS Testkonto\" itemprop=\"image\" height=\"266\" width=\"500\" title=\"Erstelle ein kostenloses Sure SMS Testkonto\" onerror=\"this.style.display='none'\"  \/>\n\t\t\t\t<\/a>\n<h3><a href=\"https:\/\/suresms.com\/de\/bestellung\/kostenloses-sms-testkonto\/\" target=\"_self\">Erstelle JETZT ein kostenloses Testkonto!<\/a><\/h3>Du kannst ein kostenloses Konto erstellen und unser System ausprobieren. Folge dem Link und erhalte sofort ein Testkonto inklusive 50 Gratis-SMS. Dies ist ein Service von SureSMS f\u00fcr dich, ohne finanzielle Kosten oder Verpflichtungen.<br \/>\nAus Sicherheitsgr\u00fcnden \u00fcberpr\u00fcfen wir jedes Konto manuell und es kann manchmal eine kurze Wartezeit geben. Wir bitten daf\u00fcr um dein Verst\u00e4ndnis.","protected":false},"excerpt":{"rendered":"<p>Branchenl\u00f6sungen - Premium-SMS-L\u00f6sungen f\u00fcr dein Unternehmen Wir von SureSMS bieten flexible und stabile SMS-L\u00f6sungen f\u00fcr viele Branchen und Organisationen. F\u00fcr uns ist die Zusammenarbeit mit unseren Kunden eine Partnerschaft, in der wir Produkte und Dienstleistungen an ihre Bed\u00fcrfnisse anpassen, damit wir gemeinsam ihre Kommunikation und Wettbewerbsf\u00e4higkeit verbessern k\u00f6nnen. Auf dieser Seite haben wir einige der ... <a title=\"L\u00f6sungen f\u00fcr die Industrie\" class=\"read-more\" href=\"https:\/\/suresms.com\/de\/branchelosninger\/\" aria-label=\"Mehr Informationen \u00fcber Industriel\u00f6sungen\">Mehr lesen<\/a><\/p>","protected":false},"author":1,"featured_media":0,"parent":0,"menu_order":7,"comment_status":"closed","ping_status":"closed","template":"","meta":{"_fl_builder_enabled":"1","_fl_builder_data":null,"_fl_builder_draft":null,"_fl_builder_data_settings":null,"_fl_builder_css":"","_fl_builder_css_version":"","_fl_builder_js":"","footnotes":""},"categories":[],"tags":[],"class_list":["post-1654","page","type-page","status-publish"],"yoast_head":"<!-- This site is optimized with the Yoast SEO Premium plugin v27.3 (Yoast SEO v27.3) - https:\/\/yoast.com\/product\/yoast-seo-premium-wordpress\/ -->\r\n<title>En SMS-l\u00f8sning til dig! SureSMS - Find din SMS-l\u00f8sning her<\/title>\r\n<meta name=\"description\" content=\"Find din SMS l\u00f8sning her! Hos SureSMS tager vi udgangspunkt i kunden. Bedste SMS l\u00f8sning til Transport virksomheder, offentlige institutioner og klubber.\" \/>\r\n<meta name=\"robots\" content=\"index, follow, max-snippet:-1, max-image-preview:large, max-video-preview:-1\" \/>\r\n<link rel=\"canonical\" href=\"https:\/\/suresms.com\/de\/filialentladungen\/\" \/>\r\n<meta property=\"og:locale\" content=\"de_DE\" \/>\r\n<meta property=\"og:type\" content=\"article\" \/>\r\n<meta property=\"og:title\" content=\"Branchel\u00f8sninger\" \/>\r\n<meta property=\"og:description\" content=\"Find din SMS l\u00f8sning her! Hos SureSMS tager vi udgangspunkt i kunden. Bedste SMS l\u00f8sning til Transport virksomheder, offentlige institutioner og klubber.\" \/>\r\n<meta property=\"og:url\" content=\"https:\/\/suresms.com\/de\/filialentladungen\/\" \/>\r\n<meta property=\"article:publisher\" content=\"https:\/\/www.facebook.com\/p\/SureSMS-100044607956149\/\" \/>\r\n<meta property=\"article:modified_time\" content=\"2025-01-22T16:11:08+00:00\" \/>\r\n<meta property=\"og:image\" content=\"https:\/\/suresms.com\/wp-content\/uploads\/2016\/06\/sms-til-service-snippet.jpg\" \/>\r\n\t<meta property=\"og:image:width\" content=\"400\" \/>\r\n\t<meta property=\"og:image:height\" content=\"266\" \/>\r\n\t<meta property=\"og:image:type\" content=\"image\/jpeg\" \/>\r\n<meta name=\"twitter:card\" content=\"summary_large_image\" \/>\r\n<meta name=\"twitter:label1\" content=\"Gesch\u00e4tzte Lesezeit\" \/>\n\t<meta name=\"twitter:data1\" content=\"9\u00a0Minuten\" \/>\r\n<script type=\"application\/ld+json\" class=\"yoast-schema-graph\">{\"@context\":\"https:\\\/\\\/schema.org\",\"@graph\":[{\"@type\":\"WebPage\",\"@id\":\"https:\\\/\\\/suresms.com\\\/dk\\\/branchelosninger\\\/\",\"url\":\"https:\\\/\\\/suresms.com\\\/dk\\\/branchelosninger\\\/\",\"name\":\"En SMS-l\u00f8sning til dig! SureSMS - Find din SMS-l\u00f8sning her\",\"isPartOf\":{\"@id\":\"https:\\\/\\\/suresms.com\\\/en\\\/#website\"},\"primaryImageOfPage\":{\"@id\":\"https:\\\/\\\/suresms.com\\\/dk\\\/branchelosninger\\\/#primaryimage\"},\"image\":{\"@id\":\"https:\\\/\\\/suresms.com\\\/dk\\\/branchelosninger\\\/#primaryimage\"},\"thumbnailUrl\":\"https:\\\/\\\/suresms.com\\\/wp-content\\\/uploads\\\/2016\\\/06\\\/sms-til-service-snippet.jpg\",\"datePublished\":\"2016-02-01T16:43:38+00:00\",\"dateModified\":\"2025-01-22T16:11:08+00:00\",\"description\":\"Find din SMS l\u00f8sning her! Hos SureSMS tager vi udgangspunkt i kunden. Bedste SMS l\u00f8sning til Transport virksomheder, offentlige institutioner og klubber.\",\"breadcrumb\":{\"@id\":\"https:\\\/\\\/suresms.com\\\/dk\\\/branchelosninger\\\/#breadcrumb\"},\"inLanguage\":\"de\",\"potentialAction\":[{\"@type\":\"ReadAction\",\"target\":[\"https:\\\/\\\/suresms.com\\\/dk\\\/branchelosninger\\\/\"]}]},{\"@type\":\"ImageObject\",\"inLanguage\":\"de\",\"@id\":\"https:\\\/\\\/suresms.com\\\/dk\\\/branchelosninger\\\/#primaryimage\",\"url\":\"https:\\\/\\\/suresms.com\\\/wp-content\\\/uploads\\\/2016\\\/06\\\/sms-til-service-snippet.jpg\",\"contentUrl\":\"https:\\\/\\\/suresms.com\\\/wp-content\\\/uploads\\\/2016\\\/06\\\/sms-til-service-snippet.jpg\"},{\"@type\":\"BreadcrumbList\",\"@id\":\"https:\\\/\\\/suresms.com\\\/dk\\\/branchelosninger\\\/#breadcrumb\",\"itemListElement\":[{\"@type\":\"ListItem\",\"position\":1,\"name\":\"Home\",\"item\":\"https:\\\/\\\/suresms.com\\\/dk\\\/\"},{\"@type\":\"ListItem\",\"position\":2,\"name\":\"Branchel\u00f8sninger\"}]},{\"@type\":\"WebSite\",\"@id\":\"https:\\\/\\\/suresms.com\\\/en\\\/#website\",\"url\":\"https:\\\/\\\/suresms.com\\\/en\\\/\",\"name\":\"SureSMS\",\"description\":\"Professionel SMS Gateway\",\"publisher\":{\"@id\":\"https:\\\/\\\/suresms.com\\\/en\\\/#organization\"},\"potentialAction\":[{\"@type\":\"SearchAction\",\"target\":{\"@type\":\"EntryPoint\",\"urlTemplate\":\"https:\\\/\\\/suresms.com\\\/en\\\/?s={search_term_string}\"},\"query-input\":{\"@type\":\"PropertyValueSpecification\",\"valueRequired\":true,\"valueName\":\"search_term_string\"}}],\"inLanguage\":\"de\"},{\"@type\":\"Organization\",\"@id\":\"https:\\\/\\\/suresms.com\\\/en\\\/#organization\",\"name\":\"SureSMS\",\"url\":\"https:\\\/\\\/suresms.com\\\/en\\\/\",\"logo\":{\"@type\":\"ImageObject\",\"inLanguage\":\"de\",\"@id\":\"https:\\\/\\\/suresms.com\\\/en\\\/#\\\/schema\\\/logo\\\/image\\\/\",\"url\":\"https:\\\/\\\/suresms.com\\\/wp-content\\\/uploads\\\/2024\\\/11\\\/suresms-300x65-1.png\",\"contentUrl\":\"https:\\\/\\\/suresms.com\\\/wp-content\\\/uploads\\\/2024\\\/11\\\/suresms-300x65-1.png\",\"width\":300,\"height\":65,\"caption\":\"SureSMS\"},\"image\":{\"@id\":\"https:\\\/\\\/suresms.com\\\/en\\\/#\\\/schema\\\/logo\\\/image\\\/\"},\"sameAs\":[\"https:\\\/\\\/www.facebook.com\\\/p\\\/SureSMS-100044607956149\\\/\"]}]}<\/script>\r\n<!-- \/ Yoast SEO Premium plugin. -->","yoast_head_json":{"title":"Eine SMS-L\u00f6sung f\u00fcr dich! SureSMS - Finde deine SMS-L\u00f6sung hier","description":"Finde deine SMS-L\u00f6sung hier! Bei SureSMS steht der Kunde im Mittelpunkt. Die beste SMS-L\u00f6sung f\u00fcr Verkehrsunternehmen, \u00f6ffentliche Einrichtungen und Vereine.","robots":{"index":"index","follow":"follow","max-snippet":"max-snippet:-1","max-image-preview":"max-image-preview:large","max-video-preview":"max-video-preview:-1"},"canonical":"https:\/\/suresms.com\/de\/filialentladungen\/","og_locale":"de_DE","og_type":"article","og_title":"Branchel\u00f8sninger","og_description":"Find din SMS l\u00f8sning her! Hos SureSMS tager vi udgangspunkt i kunden. Bedste SMS l\u00f8sning til Transport virksomheder, offentlige institutioner og klubber.","og_url":"https:\/\/suresms.com\/de\/filialentladungen\/","article_publisher":"https:\/\/www.facebook.com\/p\/SureSMS-100044607956149\/","article_modified_time":"2025-01-22T16:11:08+00:00","og_image":[{"width":400,"height":266,"url":"https:\/\/suresms.com\/wp-content\/uploads\/2016\/06\/sms-til-service-snippet.jpg","type":"image\/jpeg"}],"twitter_card":"summary_large_image","twitter_misc":{"Gesch\u00e4tzte Lesezeit":"9\u00a0Minuten"},"schema":{"@context":"https:\/\/schema.org","@graph":[{"@type":"WebPage","@id":"https:\/\/suresms.com\/dk\/branchelosninger\/","url":"https:\/\/suresms.com\/dk\/branchelosninger\/","name":"Eine SMS-L\u00f6sung f\u00fcr dich! SureSMS - Finde deine SMS-L\u00f6sung hier","isPartOf":{"@id":"https:\/\/suresms.com\/en\/#website"},"primaryImageOfPage":{"@id":"https:\/\/suresms.com\/dk\/branchelosninger\/#primaryimage"},"image":{"@id":"https:\/\/suresms.com\/dk\/branchelosninger\/#primaryimage"},"thumbnailUrl":"https:\/\/suresms.com\/wp-content\/uploads\/2016\/06\/sms-til-service-snippet.jpg","datePublished":"2016-02-01T16:43:38+00:00","dateModified":"2025-01-22T16:11:08+00:00","description":"Finde deine SMS-L\u00f6sung hier! Bei SureSMS steht der Kunde im Mittelpunkt. Die beste SMS-L\u00f6sung f\u00fcr Verkehrsunternehmen, \u00f6ffentliche Einrichtungen und Vereine.","breadcrumb":{"@id":"https:\/\/suresms.com\/dk\/branchelosninger\/#breadcrumb"},"inLanguage":"de","potentialAction":[{"@type":"ReadAction","target":["https:\/\/suresms.com\/dk\/branchelosninger\/"]}]},{"@type":"ImageObject","inLanguage":"de","@id":"https:\/\/suresms.com\/dk\/branchelosninger\/#primaryimage","url":"https:\/\/suresms.com\/wp-content\/uploads\/2016\/06\/sms-til-service-snippet.jpg","contentUrl":"https:\/\/suresms.com\/wp-content\/uploads\/2016\/06\/sms-til-service-snippet.jpg"},{"@type":"BreadcrumbList","@id":"https:\/\/suresms.com\/dk\/branchelosninger\/#breadcrumb","itemListElement":[{"@type":"ListItem","position":1,"name":"Home","item":"https:\/\/suresms.com\/dk\/"},{"@type":"ListItem","position":2,"name":"Branchel\u00f8sninger"}]},{"@type":"WebSite","@id":"https:\/\/suresms.com\/en\/#website","url":"https:\/\/suresms.com\/en\/","name":"SureSMS","description":"Professioneller SMS-Gateway","publisher":{"@id":"https:\/\/suresms.com\/en\/#organization"},"potentialAction":[{"@type":"SearchAction","target":{"@type":"EntryPoint","urlTemplate":"https:\/\/suresms.com\/en\/?s={search_term_string}"},"query-input":{"@type":"PropertyValueSpecification","valueRequired":true,"valueName":"search_term_string"}}],"inLanguage":"de"},{"@type":"Organization","@id":"https:\/\/suresms.com\/en\/#organization","name":"SureSMS","url":"https:\/\/suresms.com\/en\/","logo":{"@type":"ImageObject","inLanguage":"de","@id":"https:\/\/suresms.com\/en\/#\/schema\/logo\/image\/","url":"https:\/\/suresms.com\/wp-content\/uploads\/2024\/11\/suresms-300x65-1.png","contentUrl":"https:\/\/suresms.com\/wp-content\/uploads\/2024\/11\/suresms-300x65-1.png","width":300,"height":65,"caption":"SureSMS"},"image":{"@id":"https:\/\/suresms.com\/en\/#\/schema\/logo\/image\/"},"sameAs":["https:\/\/www.facebook.com\/p\/SureSMS-100044607956149\/"]}]}},"_links":{"self":[{"href":"https:\/\/suresms.com\/de\/wp-json\/wp\/v2\/pages\/1654","targetHints":{"allow":["GET"]}}],"collection":[{"href":"https:\/\/suresms.com\/de\/wp-json\/wp\/v2\/pages"}],"about":[{"href":"https:\/\/suresms.com\/de\/wp-json\/wp\/v2\/types\/page"}],"author":[{"embeddable":true,"href":"https:\/\/suresms.com\/de\/wp-json\/wp\/v2\/users\/1"}],"replies":[{"embeddable":true,"href":"https:\/\/suresms.com\/de\/wp-json\/wp\/v2\/comments?post=1654"}],"version-history":[{"count":11,"href":"https:\/\/suresms.com\/de\/wp-json\/wp\/v2\/pages\/1654\/revisions"}],"predecessor-version":[{"id":21943,"href":"https:\/\/suresms.com\/de\/wp-json\/wp\/v2\/pages\/1654\/revisions\/21943"}],"wp:attachment":[{"href":"https:\/\/suresms.com\/de\/wp-json\/wp\/v2\/media?parent=1654"}],"wp:term":[{"taxonomy":"category","embeddable":true,"href":"https:\/\/suresms.com\/de\/wp-json\/wp\/v2\/categories?post=1654"},{"taxonomy":"post_tag","embeddable":true,"href":"https:\/\/suresms.com\/de\/wp-json\/wp\/v2\/tags?post=1654"}],"curies":[{"name":"wp","href":"https:\/\/api.w.org\/{rel}","templated":true}]}}