{"id":16156,"date":"2022-11-08T11:17:17","date_gmt":"2022-11-08T09:17:17","guid":{"rendered":"https:\/\/www.suresms.com\/dk\/?page_id=16156"},"modified":"2024-12-18T13:12:44","modified_gmt":"2024-12-18T13:12:44","slug":"protokollierung-von-textnachrichten","status":"publish","type":"page","link":"https:\/\/suresms.com\/de\/funktioner\/journalisering-af-sms\/","title":{"rendered":"Protokollierung von SMS"},"content":{"rendered":"<!-- Flexy Breadcrumb -->\r\n\t\t\t<div class=\"fbc fbc-page\">\r\n\r\n\t\t\t\t<!-- Breadcrumb wrapper -->\r\n\t\t\t\t<div class=\"fbc-wrap\">\r\n\r\n\t\t\t\t\t<!-- Ordered list-->\r\n\t\t\t\t\t<ol class=\"fbc-items\" itemscope itemtype=\"https:\/\/schema.org\/BreadcrumbList\">\r\n\t\t\t\t\t\t            <li itemprop=\"itemListElement\" itemscope itemtype=\"https:\/\/schema.org\/ListItem\">\r\n                <span itemprop=\"name\">\r\n                    <!-- Home Link -->\r\n                    <a itemprop=\"item\" href=\"https:\/\/suresms.com\/de\/\">\r\n                    \r\n                                                    <i class=\"fa fa-home\" aria-hidden=\"true\"><\/i>Zuhause                    <\/a>\r\n                <\/span>\r\n                <meta itemprop=\"position\" content=\"1\" \/><!-- Meta Position-->\r\n             <\/li><li><span class=\"fbc-separator\">\/<\/span><\/li><li class=\"active\" itemprop=\"itemListElement\" itemscope itemtype=\"https:\/\/schema.org\/ListItem\"><span itemprop=\"name\" title=\"Protokollierung von SMS\">Protokollierung von SMS<\/span><meta itemprop=\"position\" content=\"2\" \/><\/li>\t\t\t\t\t<\/ol>\r\n\t\t\t\t\t<div class=\"clearfix\"><\/div>\r\n\t\t\t\t<\/div>\r\n\t\t\t<\/div>\r\n\t\t\t\n\t<h1>Protokollierung von SMS-Nachrichten<\/h1>\n<p>Verwaltungsbeh\u00f6rden sind verpflichtet, Dokumente, die im Zusammenhang mit der Bearbeitung von F\u00e4llen im Betrieb der Beh\u00f6rde versandt oder empfangen werden, zu protokollieren.<\/p>\n<p>Die Verpflichtung gilt nur f\u00fcr Dokumente, die f\u00fcr einen Fall oder die Fallbearbeitung im Allgemeinen relevant sind. Sowohl interne als auch externe Dokumente in endg\u00fcltiger Form fallen unter die Verpflichtung.<\/p>\n<p>Das hei\u00dft, wenn ein\/e Mitarbeiter\/in einer Beh\u00f6rde eine SMS sendet oder empf\u00e4ngt, die f\u00fcr einen Fall relevant ist, muss sie protokolliert werden. Es kann Herausforderungen und verschiedene L\u00f6sungen geben, um der Protokollierungspflicht nachzukommen. Diese k\u00f6nnen auf den entsprechenden \u00f6ffentlichen Websites gefunden werden, wie zum Beispiel <a href=\"https:\/\/www.ombudsmanden.dk\/myndighedsguiden\/generel-forvaltningsret\/journaliseringspligt\/\" target=\"_blank\" rel=\"noopener\">Der Ombudsmann \u00fcber die Pflicht, Aufzeichnungen zu f\u00fchren.\u00a0<\/a><\/p>\n\t<h2>Die Herausforderungen<\/h2>\n<p>Die Herausforderungen beim Versand von SMS bestehen darin, dass es einige Besonderheiten des Mediums gibt. Die gr\u00f6\u00dfte Herausforderung besteht darin, dass die SMS-Nachrichten \u00fcber eine Plattform \u00fcbermittelt werden, auf die die lokale IT-Abteilung kaum Einfluss hat. Sie wird \u00fcber ein autonomes Netzwerk zugestellt, in dem die IT-Abteilung die Nachrichten nicht abfangen kann.<\/p>\n<p>Auf dem Telefon selbst steht der Verbraucherschutz an erster Stelle, deshalb ist es nicht m\u00f6glich, Software zu installieren, die die Kommunikation abf\u00e4ngt.<\/p>\n<p>Konkret geht es um folgende Herausforderungen:<\/p>\n<ul> \t\n<li>Keine Kontrolle \u00fcber das Ger\u00e4t<\/li>\n\n<li>Keine Kontrolle \u00fcber das Netzwerk<\/li>\n\n<li>Keine Option f\u00fcr automatisches Journalling<\/li>\n<\/ul>\n<p>Wenn es um E-Mails oder Dialoge in Kontaktforen geht, haben sowohl die Nutzer\/innen als auch die IT-Abteilung eine bessere M\u00f6glichkeit, die Nachricht zu markieren und zu protokollieren.<\/p>\n\t\t\t\t<img loading=\"lazy\" decoding=\"async\" src=\"https:\/\/suresms.com\/wp-content\/uploads\/2022\/11\/os0004_53-1.jpg\" alt=\"Zu bew\u00e4ltigende Herausforderungen\" itemprop=\"image\" height=\"417\" width=\"500\" title=\"Herausforderungen beim SMS-Journalismus\" onerror=\"this.style.display='none'\"  \/>\n\t<h2>Bestehende L\u00f6sungen<\/h2>\n<p>Unserer Erfahrung nach l\u00f6sen die Beh\u00f6rden das Problem am h\u00e4ufigsten, indem sie die Besch\u00e4ftigten bitten, einen Screenshot der Nachrichten zu machen, den Screenshot per E-Mail an sich selbst zu schicken und von der E-Mail aus die Aufzeichnungen zu erstellen. Dadurch wird die Verantwortung auf den Mitarbeiter \u00fcbertragen, der daf\u00fcr Zeit aufwenden muss, es vielleicht nicht schafft und m\u00f6glicherweise <a href=\"https:\/\/nyheder.tv2.dk\/politik\/2021-10-27-mette-frederiksen-slettede-smser-ministerie-afviser-maalrettet-sletning\" target=\"_blank\" rel=\"noopener\">L\u00f6scht die Nachrichten<\/a>\u00a0 Aus Versehen.<\/p>\n<p>Eine andere L\u00f6sung, die wir geh\u00f6rt haben, ist, dass der Mitarbeiter angewiesen wird, keine Textnachrichten zu senden, die die Fallbearbeitung beeinflussen k\u00f6nnten. Das ist nicht m\u00f6glich, weil sowohl gesendete als auch empfangene Nachrichten protokolliert werden m\u00fcssen und der\/die Besch\u00e4ftigte keine Kontrolle dar\u00fcber hat, was B\u00fcrger\/innen ihm\/ihr schicken. Zweitens kann es f\u00fcr manche Besch\u00e4ftigtengruppen geradezu schwierig sein, ihre Arbeit zu erledigen, zum Beispiel, wenn sie mit gef\u00e4hrdeten Jugendlichen arbeiten.<\/p>\n<p>Einige Beh\u00f6rden haben SMS in ihre Fallmanagementsysteme integriert. Wenn die Systeme sowohl senden als auch empfangen k\u00f6nnen, kann das eine gute und praktikable L\u00f6sung sein. Wir sehen jedoch, dass es in der Praxis oft notwendig ist, SMS-Nachrichten zu senden, wenn du deine E-Mail nicht ge\u00f6ffnet hast. <a href=\"https:\/\/www.retsinformation.dk\/eli\/fob\/2015\/30\" target=\"_blank\" rel=\"noopener\">Fallverwaltungssystem<\/a>..<\/p>\n<p>&nbsp;<\/p>\n\t<h2>Unsere L\u00f6sung - SMS von deinem Telefon protokollieren<\/h2>\n<p>SureSMS ist in der einzigartigen Lage, Zugang zu unserem eigenen SMS-Zentrum zu haben. Das bedeutet, dass wir die gesendeten und empfangenen SMS-Nachrichten erfassen k\u00f6nnen, bevor sie an das Telefon \u00fcbermittelt werden. Das bedeutet, dass wir in der Lage sind, die Nachrichten zu protokollieren, ohne dass die Besch\u00e4ftigten etwas tun m\u00fcssen, sowohl eingehende als auch ausgehende SMS-Nachrichten.<\/p>\n<p>Die Funktionsweise besteht darin, dass der Arbeitnehmer eine zus\u00e4tzliche E-SIM-Nummer auf seinem Telefon installiert bekommt. Diese Nummer wird zum Senden und Empfangen von SMS-Nachrichten verwendet. Es handelt sich dabei um eine SureSMS-Nummer, und dank unserer tiefgreifenden Integrationen k\u00f6nnen wir die SMS-Nachrichten erfassen. Diese Nachrichten werden normalerweise an das Journalsystem der Beh\u00f6rde weitergeleitet. Im Journalsystem k\u00f6nnen Regeln festgelegt werden, wann eine SMS protokolliert werden soll.<\/p>\n<p>In der Regel wirst du dich jedoch daf\u00fcr entscheiden, alle SMS-Nachrichten zu protokollieren, da sie in Bezug auf die Datenmenge sehr klein sind. Der Preis f\u00fcr eine Komplettl\u00f6sung beginnt bei etwa 40.000 DKK inklusive 100 Nummern.<\/p>\n\t<h4><strong>Willst du mehr wissen?<\/strong><\/h4>\n<p>F\u00fclle das untenstehende Formular aus und wir werden uns mit dir in Verbindung setzen.<\/p>\n\n<div class=\"wpcf7 no-js\" id=\"wpcf7-f13762-o1\" lang=\"en-GB\" dir=\"ltr\" data-wpcf7-id=\"13762\">\n<div class=\"screen-reader-response\"><p role=\"status\" aria-live=\"polite\" aria-atomic=\"true\"><\/p> <ul><\/ul><\/div>\n<form action=\"\/de\/wp-json\/wp\/v2\/pages\/16156#wpcf7-f13762-o1\" method=\"post\" class=\"wpcf7-form init\" aria-label=\"Kontakt-Formular\" novalidate=\"novalidate\" data-status=\"init\" data-trp-original-action=\"\/de\/wp-json\/wp\/v2\/pages\/16156#wpcf7-f13762-o1\">\n<fieldset class=\"hidden-fields-container\"><input type=\"hidden\" name=\"_wpcf7\" value=\"13762\" \/><input type=\"hidden\" name=\"_wpcf7_version\" value=\"6.1.5\" \/><input type=\"hidden\" name=\"_wpcf7_locale\" value=\"en_GB\" \/><input type=\"hidden\" name=\"_wpcf7_unit_tag\" value=\"wpcf7-f13762-o1\" \/><input type=\"hidden\" name=\"_wpcf7_container_post\" value=\"0\" \/><input type=\"hidden\" name=\"_wpcf7_posted_data_hash\" value=\"\" \/>\n<\/fieldset>\n<p><label><span class=\"wpcf7-form-control-wrap\" data-name=\"your-name\"><input size=\"40\" maxlength=\"400\" class=\"wpcf7-form-control wpcf7-text wpcf7-validates-as-required wpctf7-my-custom-class\" aria-required=\"true\" aria-invalid=\"false\" placeholder=\"Dein Name\" value=\"\" type=\"text\" name=\"your-name\" \/><\/span><\/label>\n<\/p>\n<p><span class=\"wpcf7-form-control-wrap\" data-name=\"email\"><input size=\"40\" maxlength=\"400\" class=\"wpcf7-form-control wpcf7-email wpcf7-validates-as-required wpcf7-text wpcf7-validates-as-email wpctf7-my-custom-class\" aria-required=\"true\" aria-invalid=\"false\" placeholder=\"E-Mail*.\" value=\"\" type=\"email\" name=\"email\" \/><\/span>\n<\/p>\n<p><div class=\"cf7-cf-turnstile\" style=\"margin-top: 0px; margin-bottom: -15px;\"> <div id=\"cf-turnstile-cf7-250766839\" class=\"cf-turnstile\" data-sitekey=\"0x4AAAAAAB8YGArd9ML-HbMW\" data-theme=\"light\" data-language=\"auto\" data-size=\"normal\" data-retry=\"auto\" data-retry-interval=\"1000\" data-refresh-expired=\"auto\" data-action=\"contact-form-7\" data-appearance=\"always\"><\/div> <script>document.addEventListener(\"DOMContentLoaded\", function() { setTimeout(function(){ var e=document.getElementById(\"cf-turnstile-cf7-250766839\"); e&&!e.innerHTML.trim()&&(turnstile.remove(\"#cf-turnstile-cf7-250766839\"), turnstile.render(\"#cf-turnstile-cf7-250766839\", {sitekey:\"0x4AAAAAAB8YGArd9ML-HbMW\"})); }, 100); });<\/script> <br class=\"cf-turnstile-br cf-turnstile-br-cf7-250766839\"> <style>#cf-turnstile-cf7-250766839 { margin-left: -15px; }<\/style> <script>document.addEventListener(\"DOMContentLoaded\",function(){document.querySelectorAll('.wpcf7-form').forEach(function(e){e.addEventListener('submit',function(){if(document.getElementById('cf-turnstile-cf7-250766839')){setTimeout(function(){turnstile.reset('#cf-turnstile-cf7-250766839');},1000)}})})});<\/script> <\/div><br\/><input class=\"wpcf7-form-control wpcf7-submit has-spinner\" type=\"submit\" value=\"Anleitung bestellen\" \/>\n<\/p><div class=\"wpcf7-response-output\" aria-hidden=\"true\"><\/div>\n<input type=\"hidden\" name=\"trp-form-language\" value=\"de\"\/><\/form>\n<\/div>\n\n\t\t\t\t<img loading=\"lazy\" decoding=\"async\" src=\"https:\/\/suresms.com\/wp-content\/uploads\/2022\/06\/API-connection-1.png\" alt=\"SMS senden mit API\" itemprop=\"image\" height=\"528\" width=\"960\" title=\"API-Verbindung\" onerror=\"this.style.display='none'\"  \/>\n\t<h2>Unsere L\u00f6sung - SMS-Journaling auf dem PC<\/h2>\n<p>Damit die Kommunikation zwischen Gemeinden, Institutionen, Beh\u00f6rden und B\u00fcrgern funktioniert, ist es entscheidend, dass Nachrichten und Informationen sowohl empfangen UND gelesen werden! Studien zeigen, dass die \u00fcberwiegende Mehrheit der SMS-Nachrichten vom Empf\u00e4nger gelesen wird, was SMS-Nachrichten zu einer schnellen und zuverl\u00e4ssigen Form der Kommunikation macht.<\/p>\n<p>Mit einem SMS-Gateway k\u00f6nnen \u00f6ffentliche Einrichtungen den \u00dcberblick behalten und die Aufzeichnungspflichten erf\u00fcllen.<\/p>\n<p><strong>Nutzen und Vorteile<\/strong><\/p>\n<ul>\n<li>\n<ul>\n<li><strong>Integrierte Protokollierung. \u00dcber unser Webportal hast du immer eine Dokumentation f\u00fcr alle Nachrichten, die an B\u00fcrger oder Mitarbeiter gesendet werden.<\/strong><\/li>\n<\/ul>\n<\/li>\n<\/ul>\n<p>&nbsp;<\/p>\n<ul>\n<li>\n<ul>\n<li><strong>Servicenachrichten und Terminerinnerungen per SMS sind ein toller Service f\u00fcr B\u00fcrger und Nutzer und sorgen f\u00fcr weniger Absagen und weniger Ressourcenverschwendung. Nutze automatisch generierte SMS-Nachrichten oder steuere den Versand selbst \u00fcber unser Webinterface.<\/strong><\/li>\n<\/ul>\n<\/li>\n<\/ul>\n<p>&nbsp;<\/p>\n<ul>\n<li>\n<ul>\n<li><strong>Die gesamte Kommunikation zwischen dem Kunden und unseren Servern wird mit der neuesten SSL-Verschl\u00fcsselung verschl\u00fcsselt. Das macht es sicher, sensible pers\u00f6nliche Informationen \u00fcber SureSMS zu versenden.<\/strong><\/li>\n<\/ul>\n<\/li>\n<\/ul>\n<p>&nbsp;<\/p>\n<ul>\n<li>\n<ul>\n<li><strong>Keine teuren Abonnements. Wir berechnen nur die SMS-Tarife f\u00fcr die Anzahl der Nachrichten, die du tats\u00e4chlich versendest. Die Abrechnung ist kostenlos und du kannst ganz einfach per EAN-Nummer bezahlen.<\/strong><\/li>\n<\/ul>\n<\/li>\n<\/ul>\n<p>&nbsp;<\/p>\n<p>Das ist nur eine Auswahl unserer Funktionen. Aber es gibt noch viel mehr. Wirf einen Blick auf unsere\u00a0<a href=\"https:\/\/suresms.com\/de\/eigenschaften\/\">Feuilleton<\/a>\u00a0auf suresms.com f\u00fcr Inspiration.<\/p>\n<p><strong>Vollst\u00e4ndige \u00dcbersicht und Dokumentation \u00fcber das SureSMS Webportal<\/strong><\/p>\n<p>Von unserem Webportal aus kannst du dich ganz einfach einloggen und \u00fcber deinen Computer SMS-Nachrichten an Nutzer senden. Von hier aus ist es ganz einfach, Nachrichten an Gruppen zu senden, Sendungen zu planen und Namen in die Nachrichten einzubinden.<\/p>\n<p>Hier hast du auch einen vollst\u00e4ndigen \u00dcberblick \u00fcber die gesendeten Nachrichten und die Nachrichten werden hier zu Protokollierungs- oder Dokumentationszwecken gespeichert. Du hast immer einen \u00dcberblick \u00fcber den Inhalt und den Zeitpunkt des Versendens und Empfangens von Nachrichten.<\/p>\n<p><strong>Belieferung von staatlichen Institutionen und Gemeinden<\/strong><\/p>\n<p>Im Laufe der Jahre haben wir viele \u00f6ffentliche Einrichtungen mit SMS beliefert und verf\u00fcgen \u00fcber umfangreiche Erfahrungen in der Zusammenarbeit mit ihnen: Bibliotheken, staatliche Gef\u00e4ngnisse, Hilfsmittelzentren, Regierungsbeh\u00f6rden und vieles mehr. \u00d6ffentliche Einrichtungen m\u00fcssen mit einem breiten Querschnitt der Bev\u00f6lkerung kommunizieren, wobei Preis, Qualit\u00e4t und Sicherheit erstklassig sein M\u00dcSSEN. Wir haben das Know-how, um ein solides und flexibles Gateway zu liefern, das einfach zu bedienen ist.<\/p>\n<p><strong>Von mehreren Nummern senden<\/strong><\/p>\n<p>Muss dein Unternehmen von mehreren Telefonnummern aus senden oder brauchst du einen flexiblen Login, damit mehrere Mitarbeiter von einem bestimmten Benutzer aus senden k\u00f6nnen? Das kannst du ganz einfach \u00fcber unser Online-Portal erledigen.<\/p>\n\t<h4><strong>Hier findest du einige Beispiele daf\u00fcr, wie unsere Kunden unseren Online-SMS-Service heute nutzen:<\/strong><\/h4>\n<ul>\n<li>Eine d\u00e4nische Gewerkschaftsorganisation nutzt unseren Online-SMS-Service, um Newsletter an Kunden zu verschicken. Es ist nat\u00fcrlich einfacher, lange Newsletter \u00fcber die gr\u00f6\u00dfere Tastatur eines Computers zu verschicken, und es erm\u00f6glicht auch, Links mit relevanten Artikeln an die Mitglieder der Organisation anzuh\u00e4ngen.<\/li>\n<li>Eine Jagdorganisation in Neuseeland hat ein Konto auf unserem Gateway eingerichtet. Da die Mitglieder der Vereinigung abwechselnd die Jagden organisieren, haben sie alle ein Login f\u00fcr das Konto der Vereinigung, von dem aus sie Nachrichten \u00fcber bevorstehende Jagden an die anderen Mitglieder senden.<\/li>\n<li>Ein Heizungsunternehmen nutzt unser Gateway, um die Bewohner \u00fcber Versorgungsunterbrechungen zu informieren. Wenn z.B. die Heizung wegen Reparaturen in einem bestimmten Gebiet abgestellt wird, werden die Telefonnummern aus dem System des Heizungsunternehmens herausgezogen und auf unserer Website eingef\u00fcgt, wo sie einfach eine Nachricht an alle betroffenen Haushalte schicken k\u00f6nnen.<\/li>\n<\/ul>","protected":false},"excerpt":{"rendered":"<p>Protokollierung von SMS-Nachrichten Verwaltungsbeh\u00f6rden sind verpflichtet, Dokumente zu protokollieren, die im Zusammenhang mit der Fallbearbeitung im Rahmen der Beh\u00f6rdent\u00e4tigkeit gesendet oder empfangen werden. Die Verpflichtung gilt nur f\u00fcr Dokumente, die f\u00fcr einen Fall oder die Fallbearbeitung im Allgemeinen relevant sind. Sowohl interne als auch externe Dokumente in endg\u00fcltiger Form sind von der Verpflichtung betroffen. Das bedeutet, dass wenn ... <a title=\"Protokollierung von SMS\" class=\"read-more\" href=\"https:\/\/suresms.com\/de\/funktioner\/journalisering-af-sms\/\" aria-label=\"Mehr Informationen \u00fcber Journalling SMS\">Mehr lesen<\/a><\/p>","protected":false},"author":1,"featured_media":0,"parent":958,"menu_order":1,"comment_status":"closed","ping_status":"closed","template":"","meta":{"_fl_builder_enabled":"1","_fl_builder_data":null,"_fl_builder_draft":null,"_fl_builder_data_settings":null,"_fl_builder_css":"","_fl_builder_css_version":"","_fl_builder_js":"","footnotes":""},"categories":[17],"tags":[],"class_list":{"0":"post-16156","1":"page","2":"type-page","3":"status-publish","5":"category-linkfracornorstone"},"yoast_head":"<!-- This site is optimized with the Yoast SEO Premium plugin v27.3 (Yoast SEO v27.3) - https:\/\/yoast.com\/product\/yoast-seo-premium-wordpress\/ -->\r\n<title>Journalisering af SMS - den rigtige l\u00f8sning for myndigheder<\/title>\r\n<meta name=\"description\" content=\"Journalisering af SMS uden at afsender eller modtager skal g\u00f8re noget, kr\u00e6ver ikke installation p\u00e5 telefonen. Teknisk helt korrekte l\u00f8sning.\" \/>\r\n<meta name=\"robots\" content=\"index, follow, max-snippet:-1, max-image-preview:large, max-video-preview:-1\" \/>\r\n<link rel=\"canonical\" href=\"https:\/\/suresms.com\/de\/eigenschaften\/protokollierung-von-textnachrichten\/\" \/>\r\n<meta property=\"og:locale\" content=\"de_DE\" \/>\r\n<meta property=\"og:type\" content=\"article\" \/>\r\n<meta property=\"og:title\" content=\"Journalisering af SMS\" \/>\r\n<meta property=\"og:description\" content=\"Journalisering af SMS uden at afsender eller modtager skal g\u00f8re noget, kr\u00e6ver ikke installation p\u00e5 telefonen. Teknisk helt korrekte l\u00f8sning.\" \/>\r\n<meta property=\"og:url\" content=\"https:\/\/suresms.com\/de\/eigenschaften\/protokollierung-von-textnachrichten\/\" \/>\r\n<meta property=\"article:publisher\" content=\"https:\/\/www.facebook.com\/p\/SureSMS-100044607956149\/\" \/>\r\n<meta property=\"article:modified_time\" content=\"2024-12-18T13:12:44+00:00\" \/>\r\n<meta property=\"og:image\" content=\"https:\/\/suresms.com\/wp-content\/uploads\/2022\/11\/os0004_53-1.jpg\" \/>\r\n<meta name=\"twitter:card\" content=\"summary_large_image\" \/>\r\n<meta name=\"twitter:label1\" content=\"Gesch\u00e4tzte Lesezeit\" \/>\n\t<meta name=\"twitter:data1\" content=\"11\u00a0Minuten\" \/>\r\n<script type=\"application\/ld+json\" class=\"yoast-schema-graph\">{\"@context\":\"https:\\\/\\\/schema.org\",\"@graph\":[{\"@type\":\"WebPage\",\"@id\":\"https:\\\/\\\/suresms.com\\\/dk\\\/funktioner\\\/journalisering-af-sms\\\/\",\"url\":\"https:\\\/\\\/suresms.com\\\/dk\\\/funktioner\\\/journalisering-af-sms\\\/\",\"name\":\"Journalisering af SMS - den rigtige l\u00f8sning for myndigheder\",\"isPartOf\":{\"@id\":\"https:\\\/\\\/suresms.com\\\/en\\\/#website\"},\"primaryImageOfPage\":{\"@id\":\"https:\\\/\\\/suresms.com\\\/dk\\\/funktioner\\\/journalisering-af-sms\\\/#primaryimage\"},\"image\":{\"@id\":\"https:\\\/\\\/suresms.com\\\/dk\\\/funktioner\\\/journalisering-af-sms\\\/#primaryimage\"},\"thumbnailUrl\":\"https:\\\/\\\/suresms.com\\\/wp-content\\\/uploads\\\/2022\\\/11\\\/os0004_53-1.jpg\",\"datePublished\":\"2022-11-08T09:17:17+00:00\",\"dateModified\":\"2024-12-18T13:12:44+00:00\",\"description\":\"Journalisering af SMS uden at afsender eller modtager skal g\u00f8re noget, kr\u00e6ver ikke installation p\u00e5 telefonen. Teknisk helt korrekte l\u00f8sning.\",\"breadcrumb\":{\"@id\":\"https:\\\/\\\/suresms.com\\\/dk\\\/funktioner\\\/journalisering-af-sms\\\/#breadcrumb\"},\"inLanguage\":\"de\",\"potentialAction\":[{\"@type\":\"ReadAction\",\"target\":[\"https:\\\/\\\/suresms.com\\\/dk\\\/funktioner\\\/journalisering-af-sms\\\/\"]}]},{\"@type\":\"ImageObject\",\"inLanguage\":\"de\",\"@id\":\"https:\\\/\\\/suresms.com\\\/dk\\\/funktioner\\\/journalisering-af-sms\\\/#primaryimage\",\"url\":\"https:\\\/\\\/suresms.com\\\/wp-content\\\/uploads\\\/2022\\\/11\\\/os0004_53-1.jpg\",\"contentUrl\":\"https:\\\/\\\/suresms.com\\\/wp-content\\\/uploads\\\/2022\\\/11\\\/os0004_53-1.jpg\"},{\"@type\":\"BreadcrumbList\",\"@id\":\"https:\\\/\\\/suresms.com\\\/dk\\\/funktioner\\\/journalisering-af-sms\\\/#breadcrumb\",\"itemListElement\":[{\"@type\":\"ListItem\",\"position\":1,\"name\":\"Home\",\"item\":\"https:\\\/\\\/suresms.com\\\/dk\\\/\"},{\"@type\":\"ListItem\",\"position\":2,\"name\":\"Funktioner\",\"item\":\"https:\\\/\\\/suresms.com\\\/dk\\\/funktioner\\\/\"},{\"@type\":\"ListItem\",\"position\":3,\"name\":\"Journalisering af SMS\"}]},{\"@type\":\"WebSite\",\"@id\":\"https:\\\/\\\/suresms.com\\\/en\\\/#website\",\"url\":\"https:\\\/\\\/suresms.com\\\/en\\\/\",\"name\":\"SureSMS\",\"description\":\"Professionel SMS Gateway\",\"publisher\":{\"@id\":\"https:\\\/\\\/suresms.com\\\/en\\\/#organization\"},\"potentialAction\":[{\"@type\":\"SearchAction\",\"target\":{\"@type\":\"EntryPoint\",\"urlTemplate\":\"https:\\\/\\\/suresms.com\\\/en\\\/?s={search_term_string}\"},\"query-input\":{\"@type\":\"PropertyValueSpecification\",\"valueRequired\":true,\"valueName\":\"search_term_string\"}}],\"inLanguage\":\"de\"},{\"@type\":\"Organization\",\"@id\":\"https:\\\/\\\/suresms.com\\\/en\\\/#organization\",\"name\":\"SureSMS\",\"url\":\"https:\\\/\\\/suresms.com\\\/en\\\/\",\"logo\":{\"@type\":\"ImageObject\",\"inLanguage\":\"de\",\"@id\":\"https:\\\/\\\/suresms.com\\\/en\\\/#\\\/schema\\\/logo\\\/image\\\/\",\"url\":\"https:\\\/\\\/suresms.com\\\/wp-content\\\/uploads\\\/2024\\\/11\\\/suresms-300x65-1.png\",\"contentUrl\":\"https:\\\/\\\/suresms.com\\\/wp-content\\\/uploads\\\/2024\\\/11\\\/suresms-300x65-1.png\",\"width\":300,\"height\":65,\"caption\":\"SureSMS\"},\"image\":{\"@id\":\"https:\\\/\\\/suresms.com\\\/en\\\/#\\\/schema\\\/logo\\\/image\\\/\"},\"sameAs\":[\"https:\\\/\\\/www.facebook.com\\\/p\\\/SureSMS-100044607956149\\\/\"]}]}<\/script>\r\n<!-- \/ Yoast SEO Premium plugin. -->","yoast_head_json":{"title":"SMS-Journaling - die richtige L\u00f6sung f\u00fcr Beh\u00f6rden","description":"Journalling SMS, ohne dass der Absender oder Empf\u00e4nger etwas tun muss, keine Installation auf dem Telefon erforderlich. Technisch korrekte L\u00f6sung.","robots":{"index":"index","follow":"follow","max-snippet":"max-snippet:-1","max-image-preview":"max-image-preview:large","max-video-preview":"max-video-preview:-1"},"canonical":"https:\/\/suresms.com\/de\/eigenschaften\/protokollierung-von-textnachrichten\/","og_locale":"de_DE","og_type":"article","og_title":"Journalisering af SMS","og_description":"Journalisering af SMS uden at afsender eller modtager skal g\u00f8re noget, kr\u00e6ver ikke installation p\u00e5 telefonen. Teknisk helt korrekte l\u00f8sning.","og_url":"https:\/\/suresms.com\/de\/eigenschaften\/protokollierung-von-textnachrichten\/","article_publisher":"https:\/\/www.facebook.com\/p\/SureSMS-100044607956149\/","article_modified_time":"2024-12-18T13:12:44+00:00","og_image":[{"url":"https:\/\/suresms.com\/wp-content\/uploads\/2022\/11\/os0004_53-1.jpg","type":"","width":"","height":""}],"twitter_card":"summary_large_image","twitter_misc":{"Gesch\u00e4tzte Lesezeit":"11\u00a0Minuten"},"schema":{"@context":"https:\/\/schema.org","@graph":[{"@type":"WebPage","@id":"https:\/\/suresms.com\/dk\/funktioner\/journalisering-af-sms\/","url":"https:\/\/suresms.com\/dk\/funktioner\/journalisering-af-sms\/","name":"SMS-Journaling - die richtige L\u00f6sung f\u00fcr Beh\u00f6rden","isPartOf":{"@id":"https:\/\/suresms.com\/en\/#website"},"primaryImageOfPage":{"@id":"https:\/\/suresms.com\/dk\/funktioner\/journalisering-af-sms\/#primaryimage"},"image":{"@id":"https:\/\/suresms.com\/dk\/funktioner\/journalisering-af-sms\/#primaryimage"},"thumbnailUrl":"https:\/\/suresms.com\/wp-content\/uploads\/2022\/11\/os0004_53-1.jpg","datePublished":"2022-11-08T09:17:17+00:00","dateModified":"2024-12-18T13:12:44+00:00","description":"Journalling SMS, ohne dass der Absender oder Empf\u00e4nger etwas tun muss, keine Installation auf dem Telefon erforderlich. Technisch korrekte L\u00f6sung.","breadcrumb":{"@id":"https:\/\/suresms.com\/dk\/funktioner\/journalisering-af-sms\/#breadcrumb"},"inLanguage":"de","potentialAction":[{"@type":"ReadAction","target":["https:\/\/suresms.com\/dk\/funktioner\/journalisering-af-sms\/"]}]},{"@type":"ImageObject","inLanguage":"de","@id":"https:\/\/suresms.com\/dk\/funktioner\/journalisering-af-sms\/#primaryimage","url":"https:\/\/suresms.com\/wp-content\/uploads\/2022\/11\/os0004_53-1.jpg","contentUrl":"https:\/\/suresms.com\/wp-content\/uploads\/2022\/11\/os0004_53-1.jpg"},{"@type":"BreadcrumbList","@id":"https:\/\/suresms.com\/dk\/funktioner\/journalisering-af-sms\/#breadcrumb","itemListElement":[{"@type":"ListItem","position":1,"name":"Home","item":"https:\/\/suresms.com\/dk\/"},{"@type":"ListItem","position":2,"name":"Funktioner","item":"https:\/\/suresms.com\/dk\/funktioner\/"},{"@type":"ListItem","position":3,"name":"Journalisering af SMS"}]},{"@type":"WebSite","@id":"https:\/\/suresms.com\/en\/#website","url":"https:\/\/suresms.com\/en\/","name":"SureSMS","description":"Professioneller SMS-Gateway","publisher":{"@id":"https:\/\/suresms.com\/en\/#organization"},"potentialAction":[{"@type":"SearchAction","target":{"@type":"EntryPoint","urlTemplate":"https:\/\/suresms.com\/en\/?s={search_term_string}"},"query-input":{"@type":"PropertyValueSpecification","valueRequired":true,"valueName":"search_term_string"}}],"inLanguage":"de"},{"@type":"Organization","@id":"https:\/\/suresms.com\/en\/#organization","name":"SureSMS","url":"https:\/\/suresms.com\/en\/","logo":{"@type":"ImageObject","inLanguage":"de","@id":"https:\/\/suresms.com\/en\/#\/schema\/logo\/image\/","url":"https:\/\/suresms.com\/wp-content\/uploads\/2024\/11\/suresms-300x65-1.png","contentUrl":"https:\/\/suresms.com\/wp-content\/uploads\/2024\/11\/suresms-300x65-1.png","width":300,"height":65,"caption":"SureSMS"},"image":{"@id":"https:\/\/suresms.com\/en\/#\/schema\/logo\/image\/"},"sameAs":["https:\/\/www.facebook.com\/p\/SureSMS-100044607956149\/"]}]}},"_links":{"self":[{"href":"https:\/\/suresms.com\/de\/wp-json\/wp\/v2\/pages\/16156","targetHints":{"allow":["GET"]}}],"collection":[{"href":"https:\/\/suresms.com\/de\/wp-json\/wp\/v2\/pages"}],"about":[{"href":"https:\/\/suresms.com\/de\/wp-json\/wp\/v2\/types\/page"}],"author":[{"embeddable":true,"href":"https:\/\/suresms.com\/de\/wp-json\/wp\/v2\/users\/1"}],"replies":[{"embeddable":true,"href":"https:\/\/suresms.com\/de\/wp-json\/wp\/v2\/comments?post=16156"}],"version-history":[{"count":4,"href":"https:\/\/suresms.com\/de\/wp-json\/wp\/v2\/pages\/16156\/revisions"}],"predecessor-version":[{"id":19537,"href":"https:\/\/suresms.com\/de\/wp-json\/wp\/v2\/pages\/16156\/revisions\/19537"}],"up":[{"embeddable":true,"href":"https:\/\/suresms.com\/de\/wp-json\/wp\/v2\/pages\/958"}],"wp:attachment":[{"href":"https:\/\/suresms.com\/de\/wp-json\/wp\/v2\/media?parent=16156"}],"wp:term":[{"taxonomy":"category","embeddable":true,"href":"https:\/\/suresms.com\/de\/wp-json\/wp\/v2\/categories?post=16156"},{"taxonomy":"post_tag","embeddable":true,"href":"https:\/\/suresms.com\/de\/wp-json\/wp\/v2\/tags?post=16156"}],"curies":[{"name":"wp","href":"https:\/\/api.w.org\/{rel}","templated":true}]}}