{"id":15995,"date":"2022-09-20T09:49:55","date_gmt":"2022-09-20T07:49:55","guid":{"rendered":"https:\/\/www.suresms.com\/dk\/?page_id=15995"},"modified":"2025-03-16T07:31:55","modified_gmt":"2025-03-16T07:31:55","slug":"prosate","status":"publish","type":"page","link":"https:\/\/suresms.com\/de\/integrationer\/booking-vikar-systemer\/prosat\/","title":{"rendered":"SMS-Integration f\u00fcr Prosat"},"content":{"rendered":"\n\n\t\t\t\t<!-- Flexy Breadcrumb -->\r\n\t\t\t<div class=\"fbc fbc-page\">\r\n\r\n\t\t\t\t<!-- Breadcrumb wrapper -->\r\n\t\t\t\t<div class=\"fbc-wrap\">\r\n\r\n\t\t\t\t\t<!-- Ordered list-->\r\n\t\t\t\t\t<ol class=\"fbc-items\" itemscope itemtype=\"https:\/\/schema.org\/BreadcrumbList\">\r\n\t\t\t\t\t\t            <li itemprop=\"itemListElement\" itemscope itemtype=\"https:\/\/schema.org\/ListItem\">\r\n                <span itemprop=\"name\">\r\n                    <!-- Home Link -->\r\n                    <a itemprop=\"item\" href=\"https:\/\/suresms.com\">\r\n                    \r\n                                                    <i class=\"fa fa-home\" aria-hidden=\"true\"><\/i>Home                    <\/a>\r\n                <\/span>\r\n                <meta itemprop=\"position\" content=\"1\" \/><!-- Meta Position-->\r\n             <\/li><li><span class=\"fbc-separator\">\/<\/span><\/li><li class=\"active\" itemprop=\"itemListElement\" itemscope itemtype=\"https:\/\/schema.org\/ListItem\"><span itemprop=\"name\" title=\"SMS integration til Prosat\">SMS integration til Prosat<\/span><meta itemprop=\"position\" content=\"2\" \/><\/li>\t\t\t\t\t<\/ol>\r\n\t\t\t\t\t<div class=\"clearfix\"><\/div>\r\n\t\t\t\t<\/div>\r\n\t\t\t<\/div>\r\n\t\t\t\n\t\t<h1><strong>SMS integration til Prosat Planner<br \/><\/strong><\/h1>\n\t\t\t\t<img loading=\"lazy\" decoding=\"async\" src=\"https:\/\/suresms.com\/wp-content\/uploads\/2022\/09\/Prosat-SureSMS-1.png\" alt=\"Prosat SureSMS\" itemprop=\"image\" height=\"91\" width=\"500\" title=\"Prosat-SureSMS\" onerror=\"this.style.display='none'\"  \/>\n\t\t<h3>SMS i Prosat Planner<\/h3><p><a href=\"http:\/\/prosatplan.dk\">Prosat Planner<\/a> er web-baseret ruteoptimeringsv\u00e6rkt\u00f8j.<\/p>\n<p>Ruteplanl\u00e6gning tilbyder en direkte og omg\u00e5ende besparelse p\u00e5 k\u00f8rselsudgifterne ved at nedbringe b\u00e5de Km-forbruget og den tid der bruges i selve planl\u00e6gningsfasen. Det har aldrig v\u00e6ret nemmere at komme i gang med ruteplanl\u00e6gning. Prosat ruteplanner et nemt og overskueligt v\u00e6rkt\u00f8j, der opretter en optimal fordeling af alle opgaver i \u00e9n og samme arbejdsgang. F\u00e6rdig k\u00f8replan p\u00e5 f\u00e5 minutter.<\/p>\nMobilPlan er en app. til Android, der samler og str\u00f8mliner hele opgaveprocessen fra kontoret og ud til bilen.<br \/>\nMobilplan samler alle aktiviteter og giver b\u00e5de overblik og fuld dokumentation for arbejdet.<br \/>\nMobilplan kan frit v\u00e6lges til eller fra.\n<p>SureSMS integreres nemt og hurtigt fra Prosat Planner.<\/p>\n\t\t\t\t<img loading=\"lazy\" decoding=\"async\" src=\"https:\/\/suresms.com\/wp-content\/uploads\/2022\/09\/Ruteplanlaegning-1.png\" alt=\"Prosat-ruteplanl\u00e6gning\" itemprop=\"image\" height=\"579\" width=\"679\" title=\"Ruteplanl\u00e6gning\" onerror=\"this.style.display='none'\"  \/>\n\t\n<div class=\"wpcf7 no-js\" id=\"wpcf7-f3509-o1\" lang=\"en-US\" dir=\"ltr\" data-wpcf7-id=\"3509\">\n<div class=\"screen-reader-response\"><p role=\"status\" aria-live=\"polite\" aria-atomic=\"true\"><\/p> <ul><\/ul><\/div>\n<form action=\"\/de\/wp-json\/wp\/v2\/pages\/15995#wpcf7-f3509-o1\" method=\"post\" class=\"wpcf7-form init\" aria-label=\"Contact form\" novalidate=\"novalidate\" data-status=\"init\">\n<fieldset class=\"hidden-fields-container\"><input type=\"hidden\" name=\"_wpcf7\" value=\"3509\" \/><input type=\"hidden\" name=\"_wpcf7_version\" value=\"6.1.5\" \/><input type=\"hidden\" name=\"_wpcf7_locale\" value=\"en_US\" \/><input type=\"hidden\" name=\"_wpcf7_unit_tag\" value=\"wpcf7-f3509-o1\" \/><input type=\"hidden\" name=\"_wpcf7_container_post\" value=\"0\" \/><input type=\"hidden\" name=\"_wpcf7_posted_data_hash\" value=\"\" \/>\n<\/fieldset>\n<p>Bestil en gratis test-konto nu!!\n<\/p>\n<p><span class=\"wpcf7-form-control-wrap\" data-name=\"your-name\"><input size=\"40\" maxlength=\"400\" class=\"wpcf7-form-control wpcf7-text wpcf7-validates-as-required\" aria-required=\"true\" aria-invalid=\"false\" placeholder=\"Firmanavn*\" value=\"\" type=\"text\" name=\"your-name\" \/><\/span>\n<\/p>\n<p><span class=\"wpcf7-form-control-wrap\" data-name=\"dit-navn\"><input size=\"40\" maxlength=\"400\" class=\"wpcf7-form-control wpcf7-text wpcf7-validates-as-required\" aria-required=\"true\" aria-invalid=\"false\" placeholder=\"Dit navn*\" value=\"\" type=\"text\" name=\"dit-navn\" \/><\/span>\n<\/p>\n<p><span class=\"wpcf7-form-control-wrap\" data-name=\"emailaddress\"><input size=\"40\" maxlength=\"400\" class=\"wpcf7-form-control wpcf7-email wpcf7-validates-as-required wpcf7-text wpcf7-validates-as-email\" aria-required=\"true\" aria-invalid=\"false\" placeholder=\"E-mail*\" value=\"\" type=\"email\" name=\"emailaddress\" \/><\/span>\n<\/p>\n<div style=\"display:flex;\">\n\t<p><span class=\"wpcf7-form-control-wrap\" data-name=\"CountryCode\"><select class=\"wpcf7-form-control wpcf7-select wpcf7-validates-as-required\" aria-required=\"true\" aria-invalid=\"false\" name=\"CountryCode\"><option value=\"DK (+45)\">DK (+45)<\/option><option value=\"SE (+46)\">SE (+46)<\/option><option value=\"NO (+47)\">NO (+47)<\/option><option value=\"DE (+49)\">DE (+49)<\/option><option value=\"KN (+299)\">KN (+299)<\/option><option value=\"FO (+298)\">FO (+298)<\/option><\/select><\/span> &nbsp;&nbsp; <span class=\"wpcf7-form-control-wrap\" data-name=\"Phonenumber\"><input size=\"14\" maxlength=\"400\" class=\"wpcf7-form-control wpcf7-tel wpcf7-validates-as-required wpcf7-text wpcf7-validates-as-tel\" aria-required=\"true\" aria-invalid=\"false\" placeholder=\"Mobil nummer*\" value=\"\" type=\"tel\" name=\"Phonenumber\" \/><\/span>\n\t<\/p>\n<\/div>\n<p>Password sendes med SMS til dette nummer.\n<\/p>\n<p> Anvendelse:&nbsp;&nbsp;&nbsp;&nbsp;&nbsp;&nbsp;&nbsp;&nbsp;&nbsp;&nbsp; <span class=\"wpcf7-form-control-wrap\" data-name=\"Anvendelse\"><select class=\"wpcf7-form-control wpcf7-select wpcf7-validates-as-required\" id=\"Anvendelse\" aria-required=\"true\" aria-invalid=\"false\" name=\"Anvendelse\"><option value=\"\">&#8212;Please choose an option&#8212;<\/option><option value=\"Forening\">Forening<\/option><option value=\"Virksomhed\">Virksomhed<\/option><option value=\"Myndighed\">Myndighed<\/option><option value=\"Andet\">Andet<\/option><\/select><\/span>\n<\/p>\n<p><span class=\"wpcf7-form-control-wrap\" data-name=\"api\"><span class=\"wpcf7-form-control wpcf7-checkbox\"><span class=\"wpcf7-list-item first last\"><label><input type=\"checkbox\" name=\"api[]\" value=\"Jeg er softwareudvikler\" \/><span class=\"wpcf7-list-item-label\">Jeg er softwareudvikler<\/span><\/label><\/span><\/span><\/span>\n<\/p>\n<input class=\"wpcf7-form-control wpcf7-hidden\" value=\"\" type=\"hidden\" name=\"text\" \/>\n<p><div class=\"cf7-cf-turnstile\" style=\"margin-top: 0px; margin-bottom: -15px;\"> <div id=\"cf-turnstile-cf7-1923314920\" class=\"cf-turnstile\" data-sitekey=\"0x4AAAAAAB8YGArd9ML-HbMW\" data-theme=\"light\" data-language=\"auto\" data-size=\"normal\" data-retry=\"auto\" data-retry-interval=\"1000\" data-refresh-expired=\"auto\" data-action=\"contact-form-7\" data-appearance=\"always\"><\/div> <script>document.addEventListener(\"DOMContentLoaded\", function() { setTimeout(function(){ var e=document.getElementById(\"cf-turnstile-cf7-1923314920\"); e&&!e.innerHTML.trim()&&(turnstile.remove(\"#cf-turnstile-cf7-1923314920\"), turnstile.render(\"#cf-turnstile-cf7-1923314920\", {sitekey:\"0x4AAAAAAB8YGArd9ML-HbMW\"})); }, 100); });<\/script> <br class=\"cf-turnstile-br cf-turnstile-br-cf7-1923314920\"> <style>#cf-turnstile-cf7-1923314920 { margin-left: -15px; }<\/style> <script>document.addEventListener(\"DOMContentLoaded\",function(){document.querySelectorAll('.wpcf7-form').forEach(function(e){e.addEventListener('submit',function(){if(document.getElementById('cf-turnstile-cf7-1923314920')){setTimeout(function(){turnstile.reset('#cf-turnstile-cf7-1923314920');},1000)}})})});<\/script> <\/div><br\/><input class=\"wpcf7-form-control wpcf7-submit has-spinner submit\" type=\"submit\" value=\"Send\" \/><span class=\"send_arrow\"><\/span>\n<\/p>\n<p>[cf7sr-recaptcha]\n<\/p><div class=\"wpcf7-response-output\" aria-hidden=\"true\"><\/div>\n<\/form>\n<\/div>\n\n\t<p>Herunder kan du bestille en vejledning i ops\u00e6tning af SMS i dit Prosat Planner.<\/p>\n\n<div class=\"wpcf7 no-js\" id=\"wpcf7-f13762-o2\" lang=\"en-GB\" dir=\"ltr\" data-wpcf7-id=\"13762\">\n<div class=\"screen-reader-response\"><p role=\"status\" aria-live=\"polite\" aria-atomic=\"true\"><\/p> <ul><\/ul><\/div>\n<form action=\"\/de\/wp-json\/wp\/v2\/pages\/15995#wpcf7-f13762-o2\" method=\"post\" class=\"wpcf7-form init\" aria-label=\"Kontaktformular\" novalidate=\"novalidate\" data-status=\"init\">\n<fieldset class=\"hidden-fields-container\"><input type=\"hidden\" name=\"_wpcf7\" value=\"13762\" \/><input type=\"hidden\" name=\"_wpcf7_version\" value=\"6.1.5\" \/><input type=\"hidden\" name=\"_wpcf7_locale\" value=\"en_GB\" \/><input type=\"hidden\" name=\"_wpcf7_unit_tag\" value=\"wpcf7-f13762-o2\" \/><input type=\"hidden\" name=\"_wpcf7_container_post\" value=\"0\" \/><input type=\"hidden\" name=\"_wpcf7_posted_data_hash\" value=\"\" \/>\n<\/fieldset>\n<p><label><span class=\"wpcf7-form-control-wrap\" data-name=\"your-name\"><input size=\"40\" maxlength=\"400\" class=\"wpcf7-form-control wpcf7-text wpcf7-validates-as-required wpctf7-my-custom-class\" aria-required=\"true\" aria-invalid=\"false\" placeholder=\"Dit navn\" value=\"\" type=\"text\" name=\"your-name\" \/><\/span><\/label>\n<\/p>\n<p><span class=\"wpcf7-form-control-wrap\" data-name=\"email\"><input size=\"40\" maxlength=\"400\" class=\"wpcf7-form-control wpcf7-email wpcf7-validates-as-required wpcf7-text wpcf7-validates-as-email wpctf7-my-custom-class\" aria-required=\"true\" aria-invalid=\"false\" placeholder=\"E-mail*\" value=\"\" type=\"email\" name=\"email\" \/><\/span>\n<\/p>\n<p><div class=\"cf7-cf-turnstile\" style=\"margin-top: 0px; margin-bottom: -15px;\"> <div id=\"cf-turnstile-cf7-2659964311\" class=\"cf-turnstile\" data-sitekey=\"0x4AAAAAAB8YGArd9ML-HbMW\" data-theme=\"light\" data-language=\"auto\" data-size=\"normal\" data-retry=\"auto\" data-retry-interval=\"1000\" data-refresh-expired=\"auto\" data-action=\"contact-form-7\" data-appearance=\"always\"><\/div> <script>document.addEventListener(\"DOMContentLoaded\", function() { setTimeout(function(){ var e=document.getElementById(\"cf-turnstile-cf7-2659964311\"); e&&!e.innerHTML.trim()&&(turnstile.remove(\"#cf-turnstile-cf7-2659964311\"), turnstile.render(\"#cf-turnstile-cf7-2659964311\", {sitekey:\"0x4AAAAAAB8YGArd9ML-HbMW\"})); }, 100); });<\/script> <br class=\"cf-turnstile-br cf-turnstile-br-cf7-2659964311\"> <style>#cf-turnstile-cf7-2659964311 { margin-left: -15px; }<\/style> <script>document.addEventListener(\"DOMContentLoaded\",function(){document.querySelectorAll('.wpcf7-form').forEach(function(e){e.addEventListener('submit',function(){if(document.getElementById('cf-turnstile-cf7-2659964311')){setTimeout(function(){turnstile.reset('#cf-turnstile-cf7-2659964311');},1000)}})})});<\/script> <\/div><br\/><input class=\"wpcf7-form-control wpcf7-submit has-spinner\" type=\"submit\" value=\"Bestil vejledning\" \/>\n<\/p><div class=\"wpcf7-response-output\" aria-hidden=\"true\"><\/div>\n<\/form>\n<\/div>\n\n\n","protected":false},"excerpt":{"rendered":"<p>SMS-Integration f\u00fcr Prosat Planner SMS in Prosat Planner Prosat Planner ist ein webbasiertes Routenoptimierungstool. Die Routenplanung bietet direkte und unmittelbare Einsparungen bei den Fahrkosten, da sowohl die Kilometerzahl als auch die Zeit f\u00fcr die Planung reduziert werden. Der Einstieg in die Routenplanung war noch nie so einfach. Der Prosat Routenplaner ist ein einfaches und \u00fcbersichtliches Tool, das ... <a title=\"SMS-Integration f\u00fcr Prosat\" class=\"read-more\" href=\"https:\/\/suresms.com\/de\/integrationer\/booking-vikar-systemer\/prosat\/\" aria-label=\"Weitere Informationen zur SMS-Integration f\u00fcr Prosat\">Mehr lesen<\/a><\/p>","protected":false},"author":1,"featured_media":0,"parent":13739,"menu_order":1,"comment_status":"closed","ping_status":"closed","template":"","meta":{"_fl_builder_enabled":"1","_fl_builder_data":null,"_fl_builder_draft":null,"_fl_builder_data_settings":null,"_fl_builder_css":"","_fl_builder_css_version":"","_fl_builder_js":"","footnotes":""},"class_list":["post-15995","page","type-page","status-publish"],"yoast_head":"<!-- This site is optimized with the Yoast SEO Premium plugin v27.3 (Yoast SEO v27.3) - https:\/\/yoast.com\/product\/yoast-seo-premium-wordpress\/ -->\r\n<title>SMS integration til Prosat -<\/title>\r\n<meta name=\"description\" content=\"SMS integration til ruteplanl\u00e6gningen PROSAT. ProSat og SureSMS har i sarbejdet lavet en perfekt SMS integration. L\u00e6s om den her.\" \/>\r\n<meta name=\"robots\" content=\"index, follow, max-snippet:-1, max-image-preview:large, max-video-preview:-1\" \/>\r\n<link rel=\"canonical\" href=\"https:\/\/suresms.com\/de\/integrationen\/buchung-von-zeitarbeitssystemen\/prosate\/\" \/>\r\n<meta property=\"og:locale\" content=\"de_DE\" \/>\r\n<meta property=\"og:type\" content=\"article\" \/>\r\n<meta property=\"og:title\" content=\"SMS integration til Prosat\" \/>\r\n<meta property=\"og:description\" content=\"SMS integration til ruteplanl\u00e6gningen PROSAT. ProSat og SureSMS har i sarbejdet lavet en perfekt SMS integration. L\u00e6s om den her.\" \/>\r\n<meta property=\"og:url\" content=\"https:\/\/suresms.com\/de\/integrationen\/buchung-von-zeitarbeitssystemen\/prosate\/\" \/>\r\n<meta property=\"article:publisher\" content=\"https:\/\/www.facebook.com\/p\/SureSMS-100044607956149\/\" \/>\r\n<meta property=\"article:modified_time\" content=\"2025-03-16T07:31:55+00:00\" \/>\r\n<meta property=\"og:image\" content=\"https:\/\/suresms.com\/wp-content\/uploads\/2022\/09\/Prosat-SureSMS-1.png\" \/>\r\n<meta name=\"twitter:card\" content=\"summary_large_image\" \/>\r\n<meta name=\"twitter:label1\" content=\"Gesch\u00e4tzte Lesezeit\" \/>\n\t<meta name=\"twitter:data1\" content=\"3\u00a0Minuten\" \/>\r\n<script type=\"application\/ld+json\" class=\"yoast-schema-graph\">{\"@context\":\"https:\\\/\\\/schema.org\",\"@graph\":[{\"@type\":\"WebPage\",\"@id\":\"https:\\\/\\\/suresms.com\\\/dk\\\/integrationer\\\/booking-vikar-systemer\\\/prosat\\\/\",\"url\":\"https:\\\/\\\/suresms.com\\\/dk\\\/integrationer\\\/booking-vikar-systemer\\\/prosat\\\/\",\"name\":\"SMS integration til Prosat -\",\"isPartOf\":{\"@id\":\"https:\\\/\\\/suresms.com\\\/en\\\/#website\"},\"primaryImageOfPage\":{\"@id\":\"https:\\\/\\\/suresms.com\\\/dk\\\/integrationer\\\/booking-vikar-systemer\\\/prosat\\\/#primaryimage\"},\"image\":{\"@id\":\"https:\\\/\\\/suresms.com\\\/dk\\\/integrationer\\\/booking-vikar-systemer\\\/prosat\\\/#primaryimage\"},\"thumbnailUrl\":\"https:\\\/\\\/suresms.com\\\/wp-content\\\/uploads\\\/2022\\\/09\\\/Prosat-SureSMS-1.png\",\"datePublished\":\"2022-09-20T07:49:55+00:00\",\"dateModified\":\"2025-03-16T07:31:55+00:00\",\"description\":\"SMS integration til ruteplanl\u00e6gningen PROSAT. ProSat og SureSMS har i sarbejdet lavet en perfekt SMS integration. L\u00e6s om den her.\",\"breadcrumb\":{\"@id\":\"https:\\\/\\\/suresms.com\\\/dk\\\/integrationer\\\/booking-vikar-systemer\\\/prosat\\\/#breadcrumb\"},\"inLanguage\":\"de\",\"potentialAction\":[{\"@type\":\"ReadAction\",\"target\":[\"https:\\\/\\\/suresms.com\\\/dk\\\/integrationer\\\/booking-vikar-systemer\\\/prosat\\\/\"]}]},{\"@type\":\"ImageObject\",\"inLanguage\":\"de\",\"@id\":\"https:\\\/\\\/suresms.com\\\/dk\\\/integrationer\\\/booking-vikar-systemer\\\/prosat\\\/#primaryimage\",\"url\":\"https:\\\/\\\/suresms.com\\\/wp-content\\\/uploads\\\/2022\\\/09\\\/Prosat-SureSMS-1.png\",\"contentUrl\":\"https:\\\/\\\/suresms.com\\\/wp-content\\\/uploads\\\/2022\\\/09\\\/Prosat-SureSMS-1.png\"},{\"@type\":\"BreadcrumbList\",\"@id\":\"https:\\\/\\\/suresms.com\\\/dk\\\/integrationer\\\/booking-vikar-systemer\\\/prosat\\\/#breadcrumb\",\"itemListElement\":[{\"@type\":\"ListItem\",\"position\":1,\"name\":\"Home\",\"item\":\"https:\\\/\\\/suresms.com\\\/dk\\\/\"},{\"@type\":\"ListItem\",\"position\":2,\"name\":\"Integrationer\",\"item\":\"https:\\\/\\\/suresms.com\\\/dk\\\/integrationer\\\/\"},{\"@type\":\"ListItem\",\"position\":3,\"name\":\"SMS integration til Booking- og vikar systemer\",\"item\":\"https:\\\/\\\/suresms.com\\\/dk\\\/integrationer\\\/booking-vikar-systemer\\\/\"},{\"@type\":\"ListItem\",\"position\":4,\"name\":\"SMS integration til Prosat\"}]},{\"@type\":\"WebSite\",\"@id\":\"https:\\\/\\\/suresms.com\\\/en\\\/#website\",\"url\":\"https:\\\/\\\/suresms.com\\\/en\\\/\",\"name\":\"SureSMS\",\"description\":\"Professionel SMS Gateway\",\"publisher\":{\"@id\":\"https:\\\/\\\/suresms.com\\\/en\\\/#organization\"},\"potentialAction\":[{\"@type\":\"SearchAction\",\"target\":{\"@type\":\"EntryPoint\",\"urlTemplate\":\"https:\\\/\\\/suresms.com\\\/en\\\/?s={search_term_string}\"},\"query-input\":{\"@type\":\"PropertyValueSpecification\",\"valueRequired\":true,\"valueName\":\"search_term_string\"}}],\"inLanguage\":\"de\"},{\"@type\":\"Organization\",\"@id\":\"https:\\\/\\\/suresms.com\\\/en\\\/#organization\",\"name\":\"SureSMS\",\"url\":\"https:\\\/\\\/suresms.com\\\/en\\\/\",\"logo\":{\"@type\":\"ImageObject\",\"inLanguage\":\"de\",\"@id\":\"https:\\\/\\\/suresms.com\\\/en\\\/#\\\/schema\\\/logo\\\/image\\\/\",\"url\":\"https:\\\/\\\/suresms.com\\\/wp-content\\\/uploads\\\/2024\\\/11\\\/suresms-300x65-1.png\",\"contentUrl\":\"https:\\\/\\\/suresms.com\\\/wp-content\\\/uploads\\\/2024\\\/11\\\/suresms-300x65-1.png\",\"width\":300,\"height\":65,\"caption\":\"SureSMS\"},\"image\":{\"@id\":\"https:\\\/\\\/suresms.com\\\/en\\\/#\\\/schema\\\/logo\\\/image\\\/\"},\"sameAs\":[\"https:\\\/\\\/www.facebook.com\\\/p\\\/SureSMS-100044607956149\\\/\"]}]}<\/script>\r\n<!-- \/ Yoast SEO Premium plugin. -->","yoast_head_json":{"title":"SMS-Integration f\u00fcr Prosat","description":"SMS-Integration f\u00fcr die Routenplanung PROSAT. ProSat und SureSMS haben zusammen gearbeitet, um eine perfekte SMS-Integration zu schaffen. Lies hier dar\u00fcber.","robots":{"index":"index","follow":"follow","max-snippet":"max-snippet:-1","max-image-preview":"max-image-preview:large","max-video-preview":"max-video-preview:-1"},"canonical":"https:\/\/suresms.com\/de\/integrationen\/buchung-von-zeitarbeitssystemen\/prosate\/","og_locale":"de_DE","og_type":"article","og_title":"SMS integration til Prosat","og_description":"SMS integration til ruteplanl\u00e6gningen PROSAT. ProSat og SureSMS har i sarbejdet lavet en perfekt SMS integration. L\u00e6s om den her.","og_url":"https:\/\/suresms.com\/de\/integrationen\/buchung-von-zeitarbeitssystemen\/prosate\/","article_publisher":"https:\/\/www.facebook.com\/p\/SureSMS-100044607956149\/","article_modified_time":"2025-03-16T07:31:55+00:00","og_image":[{"url":"https:\/\/suresms.com\/wp-content\/uploads\/2022\/09\/Prosat-SureSMS-1.png","type":"","width":"","height":""}],"twitter_card":"summary_large_image","twitter_misc":{"Gesch\u00e4tzte Lesezeit":"3\u00a0Minuten"},"schema":{"@context":"https:\/\/schema.org","@graph":[{"@type":"WebPage","@id":"https:\/\/suresms.com\/dk\/integrationer\/booking-vikar-systemer\/prosat\/","url":"https:\/\/suresms.com\/dk\/integrationer\/booking-vikar-systemer\/prosat\/","name":"SMS-Integration f\u00fcr Prosat","isPartOf":{"@id":"https:\/\/suresms.com\/en\/#website"},"primaryImageOfPage":{"@id":"https:\/\/suresms.com\/dk\/integrationer\/booking-vikar-systemer\/prosat\/#primaryimage"},"image":{"@id":"https:\/\/suresms.com\/dk\/integrationer\/booking-vikar-systemer\/prosat\/#primaryimage"},"thumbnailUrl":"https:\/\/suresms.com\/wp-content\/uploads\/2022\/09\/Prosat-SureSMS-1.png","datePublished":"2022-09-20T07:49:55+00:00","dateModified":"2025-03-16T07:31:55+00:00","description":"SMS-Integration f\u00fcr die Routenplanung PROSAT. ProSat und SureSMS haben zusammen gearbeitet, um eine perfekte SMS-Integration zu schaffen. Lies hier dar\u00fcber.","breadcrumb":{"@id":"https:\/\/suresms.com\/dk\/integrationer\/booking-vikar-systemer\/prosat\/#breadcrumb"},"inLanguage":"de","potentialAction":[{"@type":"ReadAction","target":["https:\/\/suresms.com\/dk\/integrationer\/booking-vikar-systemer\/prosat\/"]}]},{"@type":"ImageObject","inLanguage":"de","@id":"https:\/\/suresms.com\/dk\/integrationer\/booking-vikar-systemer\/prosat\/#primaryimage","url":"https:\/\/suresms.com\/wp-content\/uploads\/2022\/09\/Prosat-SureSMS-1.png","contentUrl":"https:\/\/suresms.com\/wp-content\/uploads\/2022\/09\/Prosat-SureSMS-1.png"},{"@type":"BreadcrumbList","@id":"https:\/\/suresms.com\/dk\/integrationer\/booking-vikar-systemer\/prosat\/#breadcrumb","itemListElement":[{"@type":"ListItem","position":1,"name":"Home","item":"https:\/\/suresms.com\/dk\/"},{"@type":"ListItem","position":2,"name":"Integrationer","item":"https:\/\/suresms.com\/dk\/integrationer\/"},{"@type":"ListItem","position":3,"name":"SMS integration til Booking- og vikar systemer","item":"https:\/\/suresms.com\/dk\/integrationer\/booking-vikar-systemer\/"},{"@type":"ListItem","position":4,"name":"SMS integration til Prosat"}]},{"@type":"WebSite","@id":"https:\/\/suresms.com\/en\/#website","url":"https:\/\/suresms.com\/en\/","name":"SureSMS","description":"Professioneller SMS-Gateway","publisher":{"@id":"https:\/\/suresms.com\/en\/#organization"},"potentialAction":[{"@type":"SearchAction","target":{"@type":"EntryPoint","urlTemplate":"https:\/\/suresms.com\/en\/?s={search_term_string}"},"query-input":{"@type":"PropertyValueSpecification","valueRequired":true,"valueName":"search_term_string"}}],"inLanguage":"de"},{"@type":"Organization","@id":"https:\/\/suresms.com\/en\/#organization","name":"SureSMS","url":"https:\/\/suresms.com\/en\/","logo":{"@type":"ImageObject","inLanguage":"de","@id":"https:\/\/suresms.com\/en\/#\/schema\/logo\/image\/","url":"https:\/\/suresms.com\/wp-content\/uploads\/2024\/11\/suresms-300x65-1.png","contentUrl":"https:\/\/suresms.com\/wp-content\/uploads\/2024\/11\/suresms-300x65-1.png","width":300,"height":65,"caption":"SureSMS"},"image":{"@id":"https:\/\/suresms.com\/en\/#\/schema\/logo\/image\/"},"sameAs":["https:\/\/www.facebook.com\/p\/SureSMS-100044607956149\/"]}]}},"_links":{"self":[{"href":"https:\/\/suresms.com\/de\/wp-json\/wp\/v2\/pages\/15995","targetHints":{"allow":["GET"]}}],"collection":[{"href":"https:\/\/suresms.com\/de\/wp-json\/wp\/v2\/pages"}],"about":[{"href":"https:\/\/suresms.com\/de\/wp-json\/wp\/v2\/types\/page"}],"author":[{"embeddable":true,"href":"https:\/\/suresms.com\/de\/wp-json\/wp\/v2\/users\/1"}],"replies":[{"embeddable":true,"href":"https:\/\/suresms.com\/de\/wp-json\/wp\/v2\/comments?post=15995"}],"version-history":[{"count":5,"href":"https:\/\/suresms.com\/de\/wp-json\/wp\/v2\/pages\/15995\/revisions"}],"predecessor-version":[{"id":22698,"href":"https:\/\/suresms.com\/de\/wp-json\/wp\/v2\/pages\/15995\/revisions\/22698"}],"up":[{"embeddable":true,"href":"https:\/\/suresms.com\/de\/wp-json\/wp\/v2\/pages\/13739"}],"wp:attachment":[{"href":"https:\/\/suresms.com\/de\/wp-json\/wp\/v2\/media?parent=15995"}],"curies":[{"name":"wp","href":"https:\/\/api.w.org\/{rel}","templated":true}]}}